{"id":13556,"date":"2024-02-17T16:11:18","date_gmt":"2024-02-17T16:11:18","guid":{"rendered":"https:\/\/seldacenter.com\/yeniyapi\/?page_id=13556"},"modified":"2024-02-17T16:11:19","modified_gmt":"2024-02-17T16:11:19","slug":"otoplasti-tedavisi","status":"publish","type":"page","link":"https:\/\/seldacenter.com\/ro\/otoplasti-tedavisi\/","title":{"rendered":"Tratamentul de otoplastie"},"content":{"rendered":"<p>Otoplastia este o procedur\u0103 chirurgical\u0103 definit\u0103 literalmente ca \u201eestetica urechii\u201d. Aceast\u0103 opera\u021bie estetic\u0103 este procesul de rearanjare a formei auriculei, sau a pavilionului urechii, pentru a-i oferi un aspect mai natural \u0219i estetic. Exist\u0103 multe tehnici \u0219i metode chirurgicale diferite pentru otoplastie, iar aceste tehnici pot fi aplicate cu succes de c\u0103tre c\u00e2\u021biva chirurgi.<\/p>\n<p>Otoplastia ofer\u0103, \u00een general, o solu\u021bie pentru persoanele care sunt nemul\u021bumite de forma urechilor lor. Afec\u021biuni patologice precum urechile proeminente sau mari, absen\u021ba sau sl\u0103biciunea antihelixului \u0219i hipertrofia cavului concha pot fi corectate folosind diverse tehnici de otoplastie pentru a ob\u021bine rezultate naturale \u0219i satisf\u0103c\u0103toare pentru pacient. Aceast\u0103 opera\u021bie estetic\u0103 se efectueaz\u0103 \u00een special la copiii pre\u0219colari, de obicei \u00een jurul v\u00e2rstei de 5 ani, la momentul cel mai potrivit. Deoarece a te ironiza pe seama urechilor proeminente la v\u00e2rsta \u0219colar\u0103 poate afecta negativ psihologia copilului.<\/p>\n<p>Opera\u021bia de otoplastie se efectueaz\u0103 de obicei sub anestezie general\u0103 \u0219i poate dura \u00een medie 1-2 ore. Forma dorit\u0103 a urechii se determin\u0103 printr-o incizie f\u0103cut\u0103 \u00een spatele urechii, iar interven\u021bia chirurgical\u0103 se realizeaz\u0103 folosind tehnici de sutur\u0103. \u00cen timpul interven\u021biei chirurgicale, se efectueaz\u0103 excizia cartilajului, dac\u0103 este necesar, \u0219i se \u00eencearc\u0103 ob\u021binerea unei urechi estetice naturale. Dup\u0103 opera\u021bie, incizia din spatele urechii se \u00eenchide cu suturi \u0219i, prin urmare, se formeaz\u0103 o cicatrice \u00een general discret\u0103 \u0219i discret\u0103.<\/p>\n<p>Atunci c\u00e2nd se asigur\u0103 o igien\u0103 \u0219i o sterilizare adecvate \u00een timpul \u0219i dup\u0103 opera\u021bie, riscul de infec\u021bie este redus la minimum. Calitatea \u0219i adecvarea suturilor utilizate previn probleme precum deschiderea urechii, re-protruzia sau deformarea. Pansamentele postoperatorii, controlul adecvat al s\u00e2nger\u0103rii \u0219i monitorizarea postoperatorie previn formarea hematomelor. Pansamentele \u0219i controalele postoperatorii dureaz\u0103 de obicei 10 zile, iar pacientul se poate \u00eentoarce la via\u021ba social\u0103 zilnic\u0103 dup\u0103 ce suturile sunt \u00eendep\u0103rtate \u00een a zecea zi. Utilizarea unui bandaj elastic pentru cap doar noaptea poate fi recomandat\u0103 pentru a ob\u021bine rezultate mai bune.<\/p>\n<p>Otoplastia este o procedur\u0103 chirurgical\u0103 cosmetic\u0103 eficient\u0103 care ajut\u0103 pacien\u021bii s\u0103 se simt\u0103 mai bine \u00een pielea lor \u0219i s\u0103 ob\u021bin\u0103 un aspect tineresc \u0219i natural. O examinare detaliat\u0103 \u0219i o planificare chirurgical\u0103 \u00eenainte de opera\u021bie sunt importante pentru a \u00eendeplini a\u0219tept\u0103rile pacien\u021bilor.<\/p>\n<p>Partea de sus a formularului<\/p>","protected":false},"excerpt":{"rendered":"<p>Otoplasti, kelime anlam\u0131yla &#8220;kulak esteti\u011fi&#8221; olarak ifade edilen bir cerrahi i\u015flemdir. Bu estetik operasyon, kulak kep\u00e7esinin, yani aurikulan\u0131n \u015feklinin yeniden d\u00fczenlenerek daha do\u011fal ve estetik bir g\u00f6r\u00fcn\u00fcm kazand\u0131r\u0131lmas\u0131 i\u015flemidir. Otoplasti i\u00e7in bir\u00e7ok farkl\u0131 ameliyat tekni\u011fi ve y\u00f6ntemi bulunmaktad\u0131r, ve bu teknikler say\u0131l\u0131 cerrahlar taraf\u0131ndan ba\u015far\u0131yla uygulanabilmektedir. Otoplasti, genellikle kulak \u015feklinden memnun olmayan bireylere y\u00f6nelik bir [&hellip;]<\/p>\n","protected":false},"author":2,"featured_media":0,"parent":0,"menu_order":0,"comment_status":"closed","ping_status":"closed","template":"","meta":{"postBodyMargin":[],"postBodyPadding":[],"postBodyBackground":{"backgroundType":"classic","gradient":""},"footnotes":""},"class_list":["post-13556","page","type-page","status-publish","hentry"],"_links":{"self":[{"href":"https:\/\/seldacenter.com\/ro\/wp-json\/wp\/v2\/pages\/13556","targetHints":{"allow":["GET"]}}],"collection":[{"href":"https:\/\/seldacenter.com\/ro\/wp-json\/wp\/v2\/pages"}],"about":[{"href":"https:\/\/seldacenter.com\/ro\/wp-json\/wp\/v2\/types\/page"}],"author":[{"embeddable":true,"href":"https:\/\/seldacenter.com\/ro\/wp-json\/wp\/v2\/users\/2"}],"replies":[{"embeddable":true,"href":"https:\/\/seldacenter.com\/ro\/wp-json\/wp\/v2\/comments?post=13556"}],"version-history":[{"count":1,"href":"https:\/\/seldacenter.com\/ro\/wp-json\/wp\/v2\/pages\/13556\/revisions"}],"predecessor-version":[{"id":13557,"href":"https:\/\/seldacenter.com\/ro\/wp-json\/wp\/v2\/pages\/13556\/revisions\/13557"}],"wp:attachment":[{"href":"https:\/\/seldacenter.com\/ro\/wp-json\/wp\/v2\/media?parent=13556"}],"curies":[{"name":"wp","href":"https:\/\/api.w.org\/{rel}","templated":true}]}}