{"id":13554,"date":"2024-02-17T16:10:37","date_gmt":"2024-02-17T16:10:37","guid":{"rendered":"https:\/\/seldacenter.com\/yeniyapi\/?page_id=13554"},"modified":"2024-03-02T00:46:57","modified_gmt":"2024-03-02T00:46:57","slug":"temporal-lift","status":"publish","type":"page","link":"https:\/\/seldacenter.com\/ro\/temporal-lift\/","title":{"rendered":"Ridicare temporal\u0103"},"content":{"rendered":"<div data-elementor-type=\"wp-page\" data-elementor-id=\"13554\" class=\"elementor elementor-13554\" data-elementor-post-type=\"page\">\n\t\t\t\t<section class=\"elementor-section elementor-top-section elementor-element elementor-element-e5fbbe8 elementor-section-boxed elementor-section-height-default elementor-section-height-default\" data-id=\"e5fbbe8\" data-element_type=\"section\">\n\t\t\t\t\t\t<div class=\"elementor-container elementor-column-gap-default\">\n\t\t\t\t\t<div class=\"elementor-column elementor-col-50 elementor-top-column elementor-element elementor-element-46ffecc\" data-id=\"46ffecc\" data-element_type=\"column\" data-settings=\"{&quot;background_background&quot;:&quot;classic&quot;}\">\n\t\t\t<div class=\"elementor-widget-wrap elementor-element-populated\">\n\t\t\t\t\t\t<div class=\"elementor-element elementor-element-10b54b6 elementor-widget elementor-widget-image\" data-id=\"10b54b6\" data-element_type=\"widget\" data-widget_type=\"image.default\">\n\t\t\t\t<div class=\"elementor-widget-container\">\n\t\t\t\t\t\t\t\t\t\t\t\t\t\t\t<img fetchpriority=\"high\" decoding=\"async\" width=\"935\" height=\"642\" src=\"https:\/\/seldacenter.com\/wp-content\/uploads\/2024\/03\/woman-with-perfect-clean-skin-lifting-arrows_114963-15977-1.jpg\" class=\"attachment-full size-full wp-image-14153\" alt=\"\" srcset=\"https:\/\/seldacenter.com\/wp-content\/uploads\/2024\/03\/woman-with-perfect-clean-skin-lifting-arrows_114963-15977-1.jpg 935w, https:\/\/seldacenter.com\/wp-content\/uploads\/2024\/03\/woman-with-perfect-clean-skin-lifting-arrows_114963-15977-1-600x412.jpg 600w, https:\/\/seldacenter.com\/wp-content\/uploads\/2024\/03\/woman-with-perfect-clean-skin-lifting-arrows_114963-15977-1-300x206.jpg 300w, https:\/\/seldacenter.com\/wp-content\/uploads\/2024\/03\/woman-with-perfect-clean-skin-lifting-arrows_114963-15977-1-768x527.jpg 768w\" sizes=\"(max-width: 935px) 100vw, 935px\" \/>\t\t\t\t\t\t\t\t\t\t\t\t\t\t\t<\/div>\n\t\t\t\t<\/div>\n\t\t\t\t\t<\/div>\n\t\t<\/div>\n\t\t\t\t<div class=\"elementor-column elementor-col-50 elementor-top-column elementor-element elementor-element-b54c75c\" data-id=\"b54c75c\" data-element_type=\"column\">\n\t\t\t<div class=\"elementor-widget-wrap elementor-element-populated\">\n\t\t\t\t\t\t<div class=\"elementor-element elementor-element-28b68f1 elementor-widget-divider--view-line_text elementor-widget-divider--element-align-left elementor-widget elementor-widget-divider\" data-id=\"28b68f1\" data-element_type=\"widget\" data-widget_type=\"divider.default\">\n\t\t\t\t<div class=\"elementor-widget-container\">\n\t\t\t\t\t\t\t<div class=\"elementor-divider\">\n\t\t\t<span class=\"elementor-divider-separator\">\n\t\t\t\t\t\t\t<h3 class=\"elementor-divider__text elementor-divider__element\">\n\t\t\t\tRidicare temporal\u0103\t\t\t\t<\/h3>\n\t\t\t\t\t\t<\/span>\n\t\t<\/div>\n\t\t\t\t\t\t<\/div>\n\t\t\t\t<\/div>\n\t\t\t\t<div class=\"elementor-element elementor-element-1754f51 elementor-align-left elementor-icon-list--layout-traditional elementor-list-item-link-full_width elementor-widget elementor-widget-icon-list\" data-id=\"1754f51\" data-element_type=\"widget\" data-widget_type=\"icon-list.default\">\n\t\t\t\t<div class=\"elementor-widget-container\">\n\t\t\t\t\t\t\t<ul class=\"elementor-icon-list-items\">\n\t\t\t\t\t\t\t<li class=\"elementor-icon-list-item\">\n\t\t\t\t\t\t\t\t\t\t\t<span class=\"elementor-icon-list-icon\">\n\t\t\t\t\t\t\t<svg aria-hidden=\"true\" class=\"e-font-icon-svg e-far-hospital\" viewbox=\"0 0 448 512\" xmlns=\"http:\/\/www.w3.org\/2000\/svg\"><path d=\"M128 244v-40c0-6.627 5.373-12 12-12h40c6.627 0 12 5.373 12 12v40c0 6.627-5.373 12-12 12h-40c-6.627 0-12-5.373-12-12zm140 12h40c6.627 0 12-5.373 12-12v-40c0-6.627-5.373-12-12-12h-40c-6.627 0-12 5.373-12 12v40c0 6.627 5.373 12 12 12zm-76 84v-40c0-6.627-5.373-12-12-12h-40c-6.627 0-12 5.373-12 12v40c0 6.627 5.373 12 12 12h40c6.627 0 12-5.373 12-12zm76 12h40c6.627 0 12-5.373 12-12v-40c0-6.627-5.373-12-12-12h-40c-6.627 0-12 5.373-12 12v40c0 6.627 5.373 12 12 12zm180 124v36H0v-36c0-6.627 5.373-12 12-12h19.5V85.035C31.5 73.418 42.245 64 55.5 64H144V24c0-13.255 10.745-24 24-24h112c13.255 0 24 10.745 24 24v40h88.5c13.255 0 24 9.418 24 21.035V464H436c6.627 0 12 5.373 12 12zM79.5 463H192v-67c0-6.627 5.373-12 12-12h40c6.627 0 12 5.373 12 12v67h112.5V112H304v24c0 13.255-10.745 24-24 24H168c-13.255 0-24-10.745-24-24v-24H79.5v351zM266 64h-26V38a6 6 0 0 0-6-6h-20a6 6 0 0 0-6 6v26h-26a6 6 0 0 0-6 6v20a6 6 0 0 0 6 6h26v26a6 6 0 0 0 6 6h20a6 6 0 0 0 6-6V96h26a6 6 0 0 0 6-6V70a6 6 0 0 0-6-6z\"><\/path><\/svg>\t\t\t\t\t\t<\/span>\n\t\t\t\t\t\t\t\t\t\t<span class=\"elementor-icon-list-text\">Starea \u00een spital: 2 zile<\/span>\n\t\t\t\t\t\t\t\t\t<\/li>\n\t\t\t\t\t\t\t\t<li class=\"elementor-icon-list-item\">\n\t\t\t\t\t\t\t\t\t\t\t<span class=\"elementor-icon-list-icon\">\n\t\t\t\t\t\t\t<svg aria-hidden=\"true\" class=\"e-font-icon-svg e-far-clock\" viewbox=\"0 0 512 512\" xmlns=\"http:\/\/www.w3.org\/2000\/svg\"><path d=\"M256 8C119 8 8 119 8 256s111 248 248 248 248-111 248-248S393 8 256 8zm0 448c-110.5 0-200-89.5-200-200S145.5 56 256 56s200 89.5 200 200-89.5 200-200 200zm61.8-104.4l-84.9-61.7c-3.1-2.3-4.9-5.9-4.9-9.7V116c0-6.6 5.4-12 12-12h32c6.6 0 12 5.4 12 12v141.7l66.8 48.6c5.4 3.9 6.5 11.4 2.6 16.8L334.6 349c-3.9 5.3-11.4 6.5-16.8 2.6z\"><\/path><\/svg>\t\t\t\t\t\t<\/span>\n\t\t\t\t\t\t\t\t\t\t<span class=\"elementor-icon-list-text\">Timp de func\u021bionare: 6-8 ore<\/span>\n\t\t\t\t\t\t\t\t\t<\/li>\n\t\t\t\t\t\t\t\t<li class=\"elementor-icon-list-item\">\n\t\t\t\t\t\t\t\t\t\t\t<span class=\"elementor-icon-list-icon\">\n\t\t\t\t\t\t\t<svg aria-hidden=\"true\" class=\"e-font-icon-svg e-fas-syringe\" viewbox=\"0 0 512 512\" xmlns=\"http:\/\/www.w3.org\/2000\/svg\"><path d=\"M201.5 174.8l55.7 55.8c3.1 3.1 3.1 8.2 0 11.3l-11.3 11.3c-3.1 3.1-8.2 3.1-11.3 0l-55.7-55.8-45.3 45.3 55.8 55.8c3.1 3.1 3.1 8.2 0 11.3l-11.3 11.3c-3.1 3.1-8.2 3.1-11.3 0L111 265.2l-26.4 26.4c-17.3 17.3-25.6 41.1-23 65.4l7.1 63.6L2.3 487c-3.1 3.1-3.1 8.2 0 11.3l11.3 11.3c3.1 3.1 8.2 3.1 11.3 0l66.3-66.3 63.6 7.1c23.9 2.6 47.9-5.4 65.4-23l181.9-181.9-135.7-135.7-64.9 65zm308.2-93.3L430.5 2.3c-3.1-3.1-8.2-3.1-11.3 0l-11.3 11.3c-3.1 3.1-3.1 8.2 0 11.3l28.3 28.3-45.3 45.3-56.6-56.6-17-17c-3.1-3.1-8.2-3.1-11.3 0l-33.9 33.9c-3.1 3.1-3.1 8.2 0 11.3l17 17L424.8 223l17 17c3.1 3.1 8.2 3.1 11.3 0l33.9-34c3.1-3.1 3.1-8.2 0-11.3l-73.5-73.5 45.3-45.3 28.3 28.3c3.1 3.1 8.2 3.1 11.3 0l11.3-11.3c3.1-3.2 3.1-8.2 0-11.4z\"><\/path><\/svg>\t\t\t\t\t\t<\/span>\n\t\t\t\t\t\t\t\t\t\t<span class=\"elementor-icon-list-text\">Anestezie: general\u0103<\/span>\n\t\t\t\t\t\t\t\t\t<\/li>\n\t\t\t\t\t\t\t\t<li class=\"elementor-icon-list-item\">\n\t\t\t\t\t\t\t\t\t\t\t<span class=\"elementor-icon-list-icon\">\n\t\t\t\t\t\t\t<svg aria-hidden=\"true\" class=\"e-font-icon-svg e-far-heart\" viewbox=\"0 0 512 512\" xmlns=\"http:\/\/www.w3.org\/2000\/svg\"><path d=\"M458.4 64.3C400.6 15.7 311.3 23 256 79.3 200.7 23 111.4 15.6 53.6 64.3-21.6 127.6-10.6 230.8 43 285.5l175.4 178.7c10 10.2 23.4 15.9 37.6 15.9 14.3 0 27.6-5.6 37.6-15.8L469 285.6c53.5-54.7 64.7-157.9-10.6-221.3zm-23.6 187.5L259.4 430.5c-2.4 2.4-4.4 2.4-6.8 0L77.2 251.8c-36.5-37.2-43.9-107.6 7.3-150.7 38.9-32.7 98.9-27.8 136.5 10.5l35 35.7 35-35.7c37.8-38.5 97.8-43.2 136.5-10.6 51.1 43.1 43.5 113.9 7.3 150.8z\"><\/path><\/svg>\t\t\t\t\t\t<\/span>\n\t\t\t\t\t\t\t\t\t\t<span class=\"elementor-icon-list-text\">Timp de recuperare: 6-12 luni<\/span>\n\t\t\t\t\t\t\t\t\t<\/li>\n\t\t\t\t\t\t<\/ul>\n\t\t\t\t\t\t<\/div>\n\t\t\t\t<\/div>\n\t\t\t\t<div class=\"elementor-element elementor-element-dde327c elementor-align-justify elementor-widget elementor-widget-button\" data-id=\"dde327c\" data-element_type=\"widget\" data-widget_type=\"button.default\">\n\t\t\t\t<div class=\"elementor-widget-container\">\n\t\t\t\t\t\t\t\t\t<div class=\"elementor-button-wrapper\">\n\t\t\t\t\t<a class=\"elementor-button elementor-button-link elementor-size-sm elementor-animation-buzz\" href=\"https:\/\/seldacenter.com\/ro\/\">\n\t\t\t\t\t\t<span class=\"elementor-button-content-wrapper\">\n\t\t\t\t\t\t\t\t\t<span class=\"elementor-button-text\">Face\u021bi o programare acum<\/span>\n\t\t\t\t\t<\/span>\n\t\t\t\t\t<\/a>\n\t\t\t\t<\/div>\n\t\t\t\t\t\t\t\t<\/div>\n\t\t\t\t<\/div>\n\t\t\t\t\t<\/div>\n\t\t<\/div>\n\t\t\t\t\t<\/div>\n\t\t<\/section>\n\t\t\t\t<section class=\"elementor-section elementor-top-section elementor-element elementor-element-182e7b40 elementor-section-boxed elementor-section-height-default elementor-section-height-default\" data-id=\"182e7b40\" data-element_type=\"section\">\n\t\t\t\t\t\t<div class=\"elementor-container elementor-column-gap-default\">\n\t\t\t\t\t<div class=\"elementor-column elementor-col-100 elementor-top-column elementor-element elementor-element-4b06e4dd\" data-id=\"4b06e4dd\" data-element_type=\"column\">\n\t\t\t<div class=\"elementor-widget-wrap elementor-element-populated\">\n\t\t\t\t\t\t<div class=\"elementor-element elementor-element-bd8f6c6 elementor-widget elementor-widget-text-editor\" data-id=\"bd8f6c6\" data-element_type=\"widget\" data-widget_type=\"text-editor.default\">\n\t\t\t\t<div class=\"elementor-widget-container\"><p>\n  Estetica t\u00e2mplei este o opera\u021bie estetic\u0103 eficient\u0103 care are ca scop corectarea deform\u0103rilor din zona t\u00e2mplei care apar odat\u0103 cu procesul de \u00eemb\u0103tr\u00e2nire \u0219i de a conferi un aspect t\u00e2n\u0103r \u0219i ferm. Aceast\u0103 procedur\u0103, cunoscut\u0103 \u0219i sub numele de ridicare temporal\u0103, este potrivit\u0103 nu numai pentru persoanele \u00een v\u00e2rst\u0103, ci \u0219i pentru oricine are pl\u00e2ngeri cu privire la zona templului. Factori precum dieta nes\u0103n\u0103toas\u0103, fumatul, consumul sc\u0103zut de ap\u0103, inactivitatea, stresul, \u00eemb\u0103tr\u00e2nirea \u0219i expresiile faciale frecvente pot duce la deform\u0103ri \u00een zona t\u00e2mplei. Cu toate acestea, datorit\u0103 tehnologiei medicale avansate de ast\u0103zi, estetica templului ofer\u0103 o solu\u021bie care red\u0103 tinere\u021bea \u0219i vitalitatea persoanelor care sufer\u0103 de astfel de probleme.\n<\/p><p><strong>Cum se face Ridicarea temporal\u0103 (estetica templului)?<\/strong>\n<\/p><p>\n  Liftarea temporal\u0103 este o procedur\u0103 u\u0219oar\u0103 \u0219i sigur\u0103 \u0219i nu prezint\u0103 niciun risc pentru pacien\u021bi. Estetica templului se realizeaza prin incizii facute in zona parului sub anestezie locala. Excesul de piele din zona t\u00e2mplei este t\u0103iat chirurgical \u0219i cusut cu cus\u0103turi care se autodizolv\u0103. Opera\u021bia se finalizeaz\u0103 de obicei \u00een jum\u0103tate de or\u0103 p\u00e2n\u0103 la o or\u0103 \u0219i se ob\u021bin rezultate pozitive \u00een perioada de recuperare a pacien\u021bilor.\n<\/p><p><strong>C\u00e2t dureaz\u0103 procesul de recuperare a esteticii templului?<\/strong>\n<\/p><p>\n  Mul\u021bi pacien\u021bi care iau \u00een considerare estetica templului sunt \u00eengrijora\u021bi de c\u00e2t timp va dura s\u0103 se recupereze dup\u0103 opera\u021bie. Procesul de recuperare estetic\u0103 a templului dureaz\u0103 de obicei \u00een medie dou\u0103 s\u0103pt\u0103m\u00e2ni. Umflarea \u0219i v\u00e2n\u0103t\u0103ile care apar dup\u0103 opera\u021bie vor sc\u0103dea \u00een c\u00e2teva zile. \u00cen plus, nu exist\u0103 cicatrici chirurgicale din cauza cus\u0103turilor care se autodizolv\u0103 folosite \u0219i care sunt ascunse \u00een scalp.\n<\/p><p><strong>Care sunt avantajele Temple Aesthetics?<\/strong>\n<\/p><p>\n  Estetica templului, ca \u0219i alte opera\u021bii estetice, ofer\u0103 o serie de avantaje:\n<\/p><ol class=\"wp-block-list\"><li>\n  Procesul este finalizat \u00eentr-un timp scurt.\n<\/li>\n\n<li>\n  Deoarece cus\u0103turile sunt ascunse \u00een scalp, nu se observ\u0103 cicatrici chirurgicale.\n<\/li>\n\n<li>\n  La sf\u00e2r\u0219itul procesului de vindecare se ob\u021bine o zon\u0103 natural\u0103 \u0219i estetic\u0103 a templului.\n<\/li>\n\n<li>\n  \u00cen locul zonei t\u00e2mplelor l\u0103sate \u0219i deformate, se ob\u021bine un aspect t\u00e2n\u0103r, plin de via\u021b\u0103 \u0219i estetic.\n<\/li><\/ol><p><strong>Este estetica templului d\u0103un\u0103toare?<\/strong>\n<\/p><p>\n  Estetica templului nu este o opera\u021bie estetic\u0103 d\u0103un\u0103toare atunci c\u00e2nd este efectuat\u0103 sub supravegherea medicilor speciali\u0219ti. Aceast\u0103 opera\u021bie nu prezint\u0103 niciun risc de v\u0103t\u0103mare sau complica\u021bii atunci c\u00e2nd este efectuat\u0103 \u00een conformitate cu aspectul \u0219i structura anatomic\u0103 a persoanei.\n<\/p><p><strong>C\u00e2t sunt pre\u021burile pentru estetica templului?<\/strong>\n<\/p><p>\n  Pre\u021burile estetice ale templului variaz\u0103 \u00een func\u021bie de starea medical\u0103 a persoanei, de spitalul \u00een care se va efectua \u0219i de tehnicile care vor fi utilizate. Pute\u021bi contacta Selda Center pentru a ob\u021bine informa\u021bii detaliate despre pre\u021burile de ridicare temporal\u0103 \u0219i pentru a suna numerele de contact pentru mai multe.\n<\/p><p>\n  Ob\u021binerea unui aspect t\u00e2n\u0103r \u0219i energic cu estetica templului nu mai este un vis! Cu tehnologie avansat\u0103 \u0219i m\u00e2ini experte, pute\u021bi l\u0103sa \u00een urm\u0103 efectele \u00eemb\u0103tr\u00e2nirii \u0219i v\u0103 pute\u021bi rec\u0103p\u0103ta tinere\u021bea datorit\u0103 esteticii templului. Aminti\u021bi-v\u0103, nu trebuie s\u0103 v\u0103 \u00eemp\u0103ca\u021bi cu semnele \u00eemb\u0103tr\u00e2nirii pentru a v\u0103 sim\u021bi bine!\n<\/p><\/div>\n\t\t\t\t<\/div>\n\t\t\t\t\t<\/div>\n\t\t<\/div>\n\t\t\t\t\t<\/div>\n\t\t<\/section>\t\t<\/div>","protected":false},"excerpt":{"rendered":"<p>Temporal Lift Hastanede Kal\u0131\u015f S\u00fcresi: 2 G\u00fcn Operasyon S\u00fcresi: 6-8 Saat Anestezi: Genel \u0130yile\u015fme S\u00fcresi: 6-12 Ay Hemen Randevu Al\u0131n \u015eakak esteti\u011fi, ya\u015flanma s\u00fcreciyle birlikte ortaya \u00e7\u0131kan \u015fakak b\u00f6lgesindeki deformiteleri d\u00fczelten, gen\u00e7 ve s\u0131k\u0131 bir g\u00f6r\u00fcn\u00fcm kazand\u0131rmay\u0131 ama\u00e7layan etkili bir estetik operasyondur. Temporal lift ad\u0131yla da bilinen bu i\u015flem, sadece ya\u015fl\u0131 bireyler i\u00e7in de\u011fil, \u015fakak [&hellip;]<\/p>\n","protected":false},"author":2,"featured_media":0,"parent":0,"menu_order":0,"comment_status":"closed","ping_status":"closed","template":"","meta":{"postBodyMargin":[],"postBodyPadding":[],"postBodyBackground":{"backgroundType":"classic","gradient":""},"footnotes":""},"class_list":["post-13554","page","type-page","status-publish","hentry"],"_links":{"self":[{"href":"https:\/\/seldacenter.com\/ro\/wp-json\/wp\/v2\/pages\/13554","targetHints":{"allow":["GET"]}}],"collection":[{"href":"https:\/\/seldacenter.com\/ro\/wp-json\/wp\/v2\/pages"}],"about":[{"href":"https:\/\/seldacenter.com\/ro\/wp-json\/wp\/v2\/types\/page"}],"author":[{"embeddable":true,"href":"https:\/\/seldacenter.com\/ro\/wp-json\/wp\/v2\/users\/2"}],"replies":[{"embeddable":true,"href":"https:\/\/seldacenter.com\/ro\/wp-json\/wp\/v2\/comments?post=13554"}],"version-history":[{"count":10,"href":"https:\/\/seldacenter.com\/ro\/wp-json\/wp\/v2\/pages\/13554\/revisions"}],"predecessor-version":[{"id":14157,"href":"https:\/\/seldacenter.com\/ro\/wp-json\/wp\/v2\/pages\/13554\/revisions\/14157"}],"wp:attachment":[{"href":"https:\/\/seldacenter.com\/ro\/wp-json\/wp\/v2\/media?parent=13554"}],"curies":[{"name":"wp","href":"https:\/\/api.w.org\/{rel}","templated":true}]}}