{"id":13552,"date":"2024-02-17T16:06:11","date_gmt":"2024-02-17T16:06:11","guid":{"rendered":"https:\/\/seldacenter.com\/yeniyapi\/?page_id=13552"},"modified":"2024-02-25T05:59:40","modified_gmt":"2024-02-25T05:59:40","slug":"kok-hucre-ile-dokulme-tedavisi","status":"publish","type":"page","link":"https:\/\/seldacenter.com\/ro\/kok-hucre-ile-dokulme-tedavisi\/","title":{"rendered":"Tratament pentru c\u0103derea p\u0103rului cu celule stem"},"content":{"rendered":"<div data-elementor-type=\"wp-page\" data-elementor-id=\"13552\" class=\"elementor elementor-13552\" data-elementor-post-type=\"page\">\n\t\t\t\t<section class=\"elementor-section elementor-top-section elementor-element elementor-element-d02dd83 elementor-section-boxed elementor-section-height-default elementor-section-height-default\" data-id=\"d02dd83\" data-element_type=\"section\">\n\t\t\t\t\t\t<div class=\"elementor-container elementor-column-gap-default\">\n\t\t\t\t\t<div class=\"elementor-column elementor-col-50 elementor-top-column elementor-element elementor-element-c7a3943\" data-id=\"c7a3943\" data-element_type=\"column\" data-settings=\"{&quot;background_background&quot;:&quot;classic&quot;}\">\n\t\t\t<div class=\"elementor-widget-wrap elementor-element-populated\">\n\t\t\t\t\t\t<div class=\"elementor-element elementor-element-f164b3c elementor-widget elementor-widget-image\" data-id=\"f164b3c\" data-element_type=\"widget\" data-widget_type=\"image.default\">\n\t\t\t\t<div class=\"elementor-widget-container\">\n\t\t\t\t\t\t\t\t\t\t\t\t\t\t\t<img decoding=\"async\" src=\"https:\/\/seldacenter.com\/wp-content\/uploads\/2022\/08\/sac-ekimi-scaled.jpg\" title=\"\" alt=\"sa\u00e7 ekimi\" loading=\"lazy\" \/>\t\t\t\t\t\t\t\t\t\t\t\t\t\t\t<\/div>\n\t\t\t\t<\/div>\n\t\t\t\t\t<\/div>\n\t\t<\/div>\n\t\t\t\t<div class=\"elementor-column elementor-col-50 elementor-top-column elementor-element elementor-element-86b0416\" data-id=\"86b0416\" data-element_type=\"column\">\n\t\t\t<div class=\"elementor-widget-wrap elementor-element-populated\">\n\t\t\t\t\t\t<div class=\"elementor-element elementor-element-f0c7d10 elementor-widget-divider--view-line_text elementor-widget-divider--element-align-left elementor-widget elementor-widget-divider\" data-id=\"f0c7d10\" data-element_type=\"widget\" data-widget_type=\"divider.default\">\n\t\t\t\t<div class=\"elementor-widget-container\">\n\t\t\t\t\t\t\t<div class=\"elementor-divider\">\n\t\t\t<span class=\"elementor-divider-separator\">\n\t\t\t\t\t\t\t<h3 class=\"elementor-divider__text elementor-divider__element\">\n\t\t\t\tTratamentul cu celule stem\t\t\t\t<\/h3>\n\t\t\t\t\t\t<\/span>\n\t\t<\/div>\n\t\t\t\t\t\t<\/div>\n\t\t\t\t<\/div>\n\t\t\t\t<div class=\"elementor-element elementor-element-27adeea elementor-align-left elementor-icon-list--layout-traditional elementor-list-item-link-full_width elementor-widget elementor-widget-icon-list\" data-id=\"27adeea\" data-element_type=\"widget\" data-widget_type=\"icon-list.default\">\n\t\t\t\t<div class=\"elementor-widget-container\">\n\t\t\t\t\t\t\t<ul class=\"elementor-icon-list-items\">\n\t\t\t\t\t\t\t<li class=\"elementor-icon-list-item\">\n\t\t\t\t\t\t\t\t\t\t\t<span class=\"elementor-icon-list-icon\">\n\t\t\t\t\t\t\t<svg aria-hidden=\"true\" class=\"e-font-icon-svg e-far-hospital\" viewbox=\"0 0 448 512\" xmlns=\"http:\/\/www.w3.org\/2000\/svg\"><path d=\"M128 244v-40c0-6.627 5.373-12 12-12h40c6.627 0 12 5.373 12 12v40c0 6.627-5.373 12-12 12h-40c-6.627 0-12-5.373-12-12zm140 12h40c6.627 0 12-5.373 12-12v-40c0-6.627-5.373-12-12-12h-40c-6.627 0-12 5.373-12 12v40c0 6.627 5.373 12 12 12zm-76 84v-40c0-6.627-5.373-12-12-12h-40c-6.627 0-12 5.373-12 12v40c0 6.627 5.373 12 12 12h40c6.627 0 12-5.373 12-12zm76 12h40c6.627 0 12-5.373 12-12v-40c0-6.627-5.373-12-12-12h-40c-6.627 0-12 5.373-12 12v40c0 6.627 5.373 12 12 12zm180 124v36H0v-36c0-6.627 5.373-12 12-12h19.5V85.035C31.5 73.418 42.245 64 55.5 64H144V24c0-13.255 10.745-24 24-24h112c13.255 0 24 10.745 24 24v40h88.5c13.255 0 24 9.418 24 21.035V464H436c6.627 0 12 5.373 12 12zM79.5 463H192v-67c0-6.627 5.373-12 12-12h40c6.627 0 12 5.373 12 12v67h112.5V112H304v24c0 13.255-10.745 24-24 24H168c-13.255 0-24-10.745-24-24v-24H79.5v351zM266 64h-26V38a6 6 0 0 0-6-6h-20a6 6 0 0 0-6 6v26h-26a6 6 0 0 0-6 6v20a6 6 0 0 0 6 6h26v26a6 6 0 0 0 6 6h20a6 6 0 0 0 6-6V96h26a6 6 0 0 0 6-6V70a6 6 0 0 0-6-6z\"><\/path><\/svg>\t\t\t\t\t\t<\/span>\n\t\t\t\t\t\t\t\t\t\t<span class=\"elementor-icon-list-text\">Durata \u0219ederii \u00een spital: Nu este necesar\u0103<\/span>\n\t\t\t\t\t\t\t\t\t<\/li>\n\t\t\t\t\t\t\t\t<li class=\"elementor-icon-list-item\">\n\t\t\t\t\t\t\t\t\t\t\t<span class=\"elementor-icon-list-icon\">\n\t\t\t\t\t\t\t<svg aria-hidden=\"true\" class=\"e-font-icon-svg e-far-clock\" viewbox=\"0 0 512 512\" xmlns=\"http:\/\/www.w3.org\/2000\/svg\"><path d=\"M256 8C119 8 8 119 8 256s111 248 248 248 248-111 248-248S393 8 256 8zm0 448c-110.5 0-200-89.5-200-200S145.5 56 256 56s200 89.5 200 200-89.5 200-200 200zm61.8-104.4l-84.9-61.7c-3.1-2.3-4.9-5.9-4.9-9.7V116c0-6.6 5.4-12 12-12h32c6.6 0 12 5.4 12 12v141.7l66.8 48.6c5.4 3.9 6.5 11.4 2.6 16.8L334.6 349c-3.9 5.3-11.4 6.5-16.8 2.6z\"><\/path><\/svg>\t\t\t\t\t\t<\/span>\n\t\t\t\t\t\t\t\t\t\t<span class=\"elementor-icon-list-text\">Timp de func\u021bionare: 6-8 ore<\/span>\n\t\t\t\t\t\t\t\t\t<\/li>\n\t\t\t\t\t\t\t\t<li class=\"elementor-icon-list-item\">\n\t\t\t\t\t\t\t\t\t\t\t<span class=\"elementor-icon-list-icon\">\n\t\t\t\t\t\t\t<svg aria-hidden=\"true\" class=\"e-font-icon-svg e-fas-syringe\" viewbox=\"0 0 512 512\" xmlns=\"http:\/\/www.w3.org\/2000\/svg\"><path d=\"M201.5 174.8l55.7 55.8c3.1 3.1 3.1 8.2 0 11.3l-11.3 11.3c-3.1 3.1-8.2 3.1-11.3 0l-55.7-55.8-45.3 45.3 55.8 55.8c3.1 3.1 3.1 8.2 0 11.3l-11.3 11.3c-3.1 3.1-8.2 3.1-11.3 0L111 265.2l-26.4 26.4c-17.3 17.3-25.6 41.1-23 65.4l7.1 63.6L2.3 487c-3.1 3.1-3.1 8.2 0 11.3l11.3 11.3c3.1 3.1 8.2 3.1 11.3 0l66.3-66.3 63.6 7.1c23.9 2.6 47.9-5.4 65.4-23l181.9-181.9-135.7-135.7-64.9 65zm308.2-93.3L430.5 2.3c-3.1-3.1-8.2-3.1-11.3 0l-11.3 11.3c-3.1 3.1-3.1 8.2 0 11.3l28.3 28.3-45.3 45.3-56.6-56.6-17-17c-3.1-3.1-8.2-3.1-11.3 0l-33.9 33.9c-3.1 3.1-3.1 8.2 0 11.3l17 17L424.8 223l17 17c3.1 3.1 8.2 3.1 11.3 0l33.9-34c3.1-3.1 3.1-8.2 0-11.3l-73.5-73.5 45.3-45.3 28.3 28.3c3.1 3.1 8.2 3.1 11.3 0l11.3-11.3c3.1-3.2 3.1-8.2 0-11.4z\"><\/path><\/svg>\t\t\t\t\t\t<\/span>\n\t\t\t\t\t\t\t\t\t\t<span class=\"elementor-icon-list-text\">Anestezie: Local\u0103<\/span>\n\t\t\t\t\t\t\t\t\t<\/li>\n\t\t\t\t\t\t\t\t<li class=\"elementor-icon-list-item\">\n\t\t\t\t\t\t\t\t\t\t\t<span class=\"elementor-icon-list-icon\">\n\t\t\t\t\t\t\t<svg aria-hidden=\"true\" class=\"e-font-icon-svg e-far-heart\" viewbox=\"0 0 512 512\" xmlns=\"http:\/\/www.w3.org\/2000\/svg\"><path d=\"M458.4 64.3C400.6 15.7 311.3 23 256 79.3 200.7 23 111.4 15.6 53.6 64.3-21.6 127.6-10.6 230.8 43 285.5l175.4 178.7c10 10.2 23.4 15.9 37.6 15.9 14.3 0 27.6-5.6 37.6-15.8L469 285.6c53.5-54.7 64.7-157.9-10.6-221.3zm-23.6 187.5L259.4 430.5c-2.4 2.4-4.4 2.4-6.8 0L77.2 251.8c-36.5-37.2-43.9-107.6 7.3-150.7 38.9-32.7 98.9-27.8 136.5 10.5l35 35.7 35-35.7c37.8-38.5 97.8-43.2 136.5-10.6 51.1 43.1 43.5 113.9 7.3 150.8z\"><\/path><\/svg>\t\t\t\t\t\t<\/span>\n\t\t\t\t\t\t\t\t\t\t<span class=\"elementor-icon-list-text\">Timp de recuperare: 6-12 luni<\/span>\n\t\t\t\t\t\t\t\t\t<\/li>\n\t\t\t\t\t\t<\/ul>\n\t\t\t\t\t\t<\/div>\n\t\t\t\t<\/div>\n\t\t\t\t<div class=\"elementor-element elementor-element-cea7303 elementor-align-justify elementor-widget elementor-widget-button\" data-id=\"cea7303\" data-element_type=\"widget\" data-widget_type=\"button.default\">\n\t\t\t\t<div class=\"elementor-widget-container\">\n\t\t\t\t\t\t\t\t\t<div class=\"elementor-button-wrapper\">\n\t\t\t\t\t<a class=\"elementor-button elementor-button-link elementor-size-sm elementor-animation-buzz\" href=\"https:\/\/seldacenter.com\/ro\/\">\n\t\t\t\t\t\t<span class=\"elementor-button-content-wrapper\">\n\t\t\t\t\t\t\t\t\t<span class=\"elementor-button-text\">Face\u021bi o programare acum<\/span>\n\t\t\t\t\t<\/span>\n\t\t\t\t\t<\/a>\n\t\t\t\t<\/div>\n\t\t\t\t\t\t\t\t<\/div>\n\t\t\t\t<\/div>\n\t\t\t\t\t<\/div>\n\t\t<\/div>\n\t\t\t\t\t<\/div>\n\t\t<\/section>\n\t\t\t\t<section class=\"elementor-section elementor-top-section elementor-element elementor-element-1a496e9c elementor-section-boxed elementor-section-height-default elementor-section-height-default\" data-id=\"1a496e9c\" data-element_type=\"section\">\n\t\t\t\t\t\t<div class=\"elementor-container elementor-column-gap-default\">\n\t\t\t\t\t<div class=\"elementor-column elementor-col-100 elementor-top-column elementor-element elementor-element-7bc8b677\" data-id=\"7bc8b677\" data-element_type=\"column\">\n\t\t\t<div class=\"elementor-widget-wrap elementor-element-populated\">\n\t\t\t\t\t\t<div class=\"elementor-element elementor-element-54cf6add elementor-widget elementor-widget-text-editor\" data-id=\"54cf6add\" data-element_type=\"widget\" data-widget_type=\"text-editor.default\">\n\t\t\t\t<div class=\"elementor-widget-container\"><p>C\u0103derea p\u0103rului este o problem\u0103 estetic\u0103 cu care se confrunt\u0103 multe persoane, iar aceast\u0103 afec\u021biune poate fi declan\u0219at\u0103 de factori genetici, modific\u0103ri hormonale sau factori de mediu. Cu inova\u021bii \u00een domeniul medicinei \u00een curs de dezvoltare, tratamentele \u00eempotriva c\u0103derii p\u0103rului folosind tehnologia celulelor stem ofer\u0103 o solu\u021bie promi\u021b\u0103toare pentru refacerea s\u0103n\u0103t\u0103\u021bii p\u0103rului. <\/p><p><strong>Ce este tratamentul pentru c\u0103derea p\u0103rului cu celule stem?<\/strong> Tratamentul \u00eempotriva c\u0103derii p\u0103rului cu celule stem are ca scop revitalizarea scalpului prin utilizarea celulelor stem proprii persoanei. Acest tratament are ca scop stimularea cresterii parului prin injectarea de celule stem, de obicei luate din zonele in care se afla foliculii de par ai persoanei, in scalp.\n<\/p><p><strong>Avantajele terapiei cu celule stem:<\/strong>\n<\/p><ul class=\"wp-block-list\"><li><strong>Un proces natural:<\/strong> Tratamentul adopt\u0103 un proces natural folosind celulele proprii ale corpului.\n  <\/li>\n\n<li><strong>Repara\u021bii celulare:<\/strong> Celulele stem sus\u021bin s\u0103n\u0103tatea p\u0103rului prin revitalizarea foliculilor de p\u0103r \u0219i ajut\u00e2nd la reparare.\n  <\/li>\n\n<li><strong>Solu\u021bie permanent\u0103:<\/strong> Terapia cu celule stem are ca scop reducerea permanenta a caderii parului.\n  <\/li><\/ul><p><strong>Cum se efectueaz\u0103 un tratament \u00eempotriva c\u0103derii p\u0103rului cu celule stem?<\/strong> Tratamentul \u00eempotriva c\u0103derii p\u0103rului cu celule stem include urm\u0103torii pa\u0219i:\n<\/p><ol class=\"wp-block-list\"><li><strong>Colec\u021bia de celule stem:<\/strong> Celulele stem sunt de obicei prelevate din zonele persoanei \u00een care sunt localiza\u021bi foliculii de p\u0103r.\n<\/li>\n\n<li><strong>Izolarea \u0219i prepararea celulelor:<\/strong> Celulele stem colectate sunt izolate \u00een condi\u021bii de laborator \u0219i preparate \u00eentr-un ser special.\n<\/li>\n\n<li><strong>Injectare:<\/strong> Serul de celule stem preparat este injectat \u00een scalp prin ace sub\u021biri.\n<\/li><\/ol><p><strong>Tratament pentru c\u0103derea p\u0103rului cu celule stem \u0219i \u00eentreb\u0103ri frecvente:<\/strong>\n<\/p><p><strong>1. Este dureros tratamentul cu celule stem?<\/strong>\n<\/p><ul class=\"wp-block-list\"><li>\n    Deoarece tratamentul se efectueaz\u0103 de obicei sub anestezie local\u0103, durerea este minim\u0103.\n  <\/li><\/ul><p><strong>2. C\u00e2nd vor fi v\u0103zute rezultatele?<\/strong>\n<\/p><ul class=\"wp-block-list\"><li>\n    Rezultatele pot varia de la o persoan\u0103 la alta, dar sunt de obicei vizibile \u00een c\u00e2teva luni.\n  <\/li><\/ul><p><strong>3. Pentru cine este potrivit?<\/strong>\n<\/p><ul class=\"wp-block-list\"><li>\n    Este potrivit pentru persoanele care sufer\u0103 de c\u0103derea p\u0103rului \u0219i au foliculi de p\u0103r s\u0103n\u0103to\u0219i.\n  <\/li><\/ul><p><strong>4. Este suficient\u0103 o singur\u0103 sesiune?<\/strong>\n<\/p><ul class=\"wp-block-list\"><li>\n    Planul de tratament este determinat \u00een func\u021bie de nevoile persoanei \u0219i de starea p\u0103rului. De obicei se recomand\u0103 o serie de \u0219edin\u021be.\n  <\/li><\/ul><p><strong>5. Care sunt efectele secundare?<\/strong>\n<\/p><ul class=\"wp-block-list\"><li>\n    \u00cen general, are efecte secundare minime. La locul inject\u0103rii pot ap\u0103rea u\u0219oare umfl\u0103turi sau ro\u0219ea\u021b\u0103, dar aceasta este temporar\u0103.\n  <\/li><\/ul><p><strong>Concluzie:<\/strong> Tratamentul \u00eempotriva c\u0103derii p\u0103rului cu celule stem este o solu\u021bie inovatoare care are ca scop refacerea s\u0103n\u0103t\u0103\u021bii p\u0103rului. Un proces natural, acest tratament poate ajuta la reducerea c\u0103derii p\u0103rului \u0219i la promovarea cre\u0219terii s\u0103n\u0103toase a p\u0103rului prin revitalizarea foliculilor de p\u0103r.\n<\/p><\/div>\n\t\t\t\t<\/div>\n\t\t\t\t\t<\/div>\n\t\t<\/div>\n\t\t\t\t\t<\/div>\n\t\t<\/section>\t\t<\/div>","protected":false},"excerpt":{"rendered":"<p>K\u00f6k H\u00fccre Tedavisi Hastanede Kal\u0131\u015f S\u00fcresi: Gerekli De\u011fil Operasyon S\u00fcresi: 6-8 Saat Anestezi: Lokal \u0130yile\u015fme S\u00fcresi: 6-12 Ay Hemen Randevu Al\u0131n Sa\u00e7 d\u00f6k\u00fclmesi, bir\u00e7ok ki\u015finin kar\u015f\u0131la\u015ft\u0131\u011f\u0131 estetik bir sorundur ve bu durum, genetik fakt\u00f6rler, hormonal de\u011fi\u015fiklikler veya \u00e7evresel etkenlerle tetiklenebilir. Geli\u015fen t\u0131p alan\u0131ndaki inovasyonlarla birlikte, k\u00f6k h\u00fccre teknolojisinin kullan\u0131ld\u0131\u011f\u0131 sa\u00e7 d\u00f6k\u00fclme tedavileri, sa\u00e7 sa\u011fl\u0131\u011f\u0131n\u0131 yeniden [&hellip;]<\/p>\n","protected":false},"author":2,"featured_media":0,"parent":0,"menu_order":0,"comment_status":"closed","ping_status":"closed","template":"","meta":{"postBodyMargin":[],"postBodyPadding":[],"postBodyBackground":{"backgroundType":"classic","gradient":""},"footnotes":""},"class_list":["post-13552","page","type-page","status-publish","hentry"],"_links":{"self":[{"href":"https:\/\/seldacenter.com\/ro\/wp-json\/wp\/v2\/pages\/13552","targetHints":{"allow":["GET"]}}],"collection":[{"href":"https:\/\/seldacenter.com\/ro\/wp-json\/wp\/v2\/pages"}],"about":[{"href":"https:\/\/seldacenter.com\/ro\/wp-json\/wp\/v2\/types\/page"}],"author":[{"embeddable":true,"href":"https:\/\/seldacenter.com\/ro\/wp-json\/wp\/v2\/users\/2"}],"replies":[{"embeddable":true,"href":"https:\/\/seldacenter.com\/ro\/wp-json\/wp\/v2\/comments?post=13552"}],"version-history":[{"count":4,"href":"https:\/\/seldacenter.com\/ro\/wp-json\/wp\/v2\/pages\/13552\/revisions"}],"predecessor-version":[{"id":13844,"href":"https:\/\/seldacenter.com\/ro\/wp-json\/wp\/v2\/pages\/13552\/revisions\/13844"}],"wp:attachment":[{"href":"https:\/\/seldacenter.com\/ro\/wp-json\/wp\/v2\/media?parent=13552"}],"curies":[{"name":"wp","href":"https:\/\/api.w.org\/{rel}","templated":true}]}}