{"id":13548,"date":"2024-02-17T16:03:02","date_gmt":"2024-02-17T16:03:02","guid":{"rendered":"https:\/\/seldacenter.com\/yeniyapi\/?page_id=13548"},"modified":"2024-03-01T20:59:57","modified_gmt":"2024-03-01T20:59:57","slug":"prp-ile-sac-dokulmesi-tedavisi","status":"publish","type":"page","link":"https:\/\/seldacenter.com\/ro\/prp-ile-sac-dokulmesi-tedavisi\/","title":{"rendered":"Tratament pentru c\u0103derea p\u0103rului cu PRP"},"content":{"rendered":"<div data-elementor-type=\"wp-page\" data-elementor-id=\"13548\" class=\"elementor elementor-13548\" data-elementor-post-type=\"page\">\n\t\t\t\t\t\t<section class=\"elementor-section elementor-top-section elementor-element elementor-element-ccbdd62 elementor-section-boxed elementor-section-height-default elementor-section-height-default\" data-id=\"ccbdd62\" data-element_type=\"section\">\n\t\t\t\t\t\t<div class=\"elementor-container elementor-column-gap-default\">\n\t\t\t\t\t<div class=\"elementor-column elementor-col-50 elementor-top-column elementor-element elementor-element-72c04d4\" data-id=\"72c04d4\" data-element_type=\"column\" data-settings=\"{&quot;background_background&quot;:&quot;classic&quot;}\">\n\t\t\t<div class=\"elementor-widget-wrap elementor-element-populated\">\n\t\t\t\t\t\t<div class=\"elementor-element elementor-element-a154103 elementor-widget elementor-widget-image\" data-id=\"a154103\" data-element_type=\"widget\" data-widget_type=\"image.default\">\n\t\t\t\t<div class=\"elementor-widget-container\">\n\t\t\t\t\t\t\t\t\t\t\t\t\t\t\t<img fetchpriority=\"high\" decoding=\"async\" width=\"1000\" height=\"667\" src=\"https:\/\/seldacenter.com\/wp-content\/uploads\/2024\/03\/2608654.jpg\" class=\"attachment-full size-full wp-image-14124\" alt=\"\" srcset=\"https:\/\/seldacenter.com\/wp-content\/uploads\/2024\/03\/2608654.jpg 1000w, https:\/\/seldacenter.com\/wp-content\/uploads\/2024\/03\/2608654-600x400.jpg 600w, https:\/\/seldacenter.com\/wp-content\/uploads\/2024\/03\/2608654-300x200.jpg 300w, https:\/\/seldacenter.com\/wp-content\/uploads\/2024\/03\/2608654-768x512.jpg 768w\" sizes=\"(max-width: 1000px) 100vw, 1000px\" \/>\t\t\t\t\t\t\t\t\t\t\t\t\t\t\t<\/div>\n\t\t\t\t<\/div>\n\t\t\t\t\t<\/div>\n\t\t<\/div>\n\t\t\t\t<div class=\"elementor-column elementor-col-50 elementor-top-column elementor-element elementor-element-60a5e96\" data-id=\"60a5e96\" data-element_type=\"column\">\n\t\t\t<div class=\"elementor-widget-wrap elementor-element-populated\">\n\t\t\t\t\t\t<div class=\"elementor-element elementor-element-5423c32 elementor-widget-divider--view-line_text elementor-widget-divider--element-align-left elementor-widget elementor-widget-divider\" data-id=\"5423c32\" data-element_type=\"widget\" data-widget_type=\"divider.default\">\n\t\t\t\t<div class=\"elementor-widget-container\">\n\t\t\t\t\t\t\t<div class=\"elementor-divider\">\n\t\t\t<span class=\"elementor-divider-separator\">\n\t\t\t\t\t\t\t<h3 class=\"elementor-divider__text elementor-divider__element\">\n\t\t\t\tTratament PRP\t\t\t\t<\/h3>\n\t\t\t\t\t\t<\/span>\n\t\t<\/div>\n\t\t\t\t\t\t<\/div>\n\t\t\t\t<\/div>\n\t\t\t\t<div class=\"elementor-element elementor-element-c36589e elementor-align-left elementor-icon-list--layout-traditional elementor-list-item-link-full_width elementor-widget elementor-widget-icon-list\" data-id=\"c36589e\" data-element_type=\"widget\" data-widget_type=\"icon-list.default\">\n\t\t\t\t<div class=\"elementor-widget-container\">\n\t\t\t\t\t\t\t<ul class=\"elementor-icon-list-items\">\n\t\t\t\t\t\t\t<li class=\"elementor-icon-list-item\">\n\t\t\t\t\t\t\t\t\t\t\t<span class=\"elementor-icon-list-icon\">\n\t\t\t\t\t\t\t<svg aria-hidden=\"true\" class=\"e-font-icon-svg e-far-hospital\" viewbox=\"0 0 448 512\" xmlns=\"http:\/\/www.w3.org\/2000\/svg\"><path d=\"M128 244v-40c0-6.627 5.373-12 12-12h40c6.627 0 12 5.373 12 12v40c0 6.627-5.373 12-12 12h-40c-6.627 0-12-5.373-12-12zm140 12h40c6.627 0 12-5.373 12-12v-40c0-6.627-5.373-12-12-12h-40c-6.627 0-12 5.373-12 12v40c0 6.627 5.373 12 12 12zm-76 84v-40c0-6.627-5.373-12-12-12h-40c-6.627 0-12 5.373-12 12v40c0 6.627 5.373 12 12 12h40c6.627 0 12-5.373 12-12zm76 12h40c6.627 0 12-5.373 12-12v-40c0-6.627-5.373-12-12-12h-40c-6.627 0-12 5.373-12 12v40c0 6.627 5.373 12 12 12zm180 124v36H0v-36c0-6.627 5.373-12 12-12h19.5V85.035C31.5 73.418 42.245 64 55.5 64H144V24c0-13.255 10.745-24 24-24h112c13.255 0 24 10.745 24 24v40h88.5c13.255 0 24 9.418 24 21.035V464H436c6.627 0 12 5.373 12 12zM79.5 463H192v-67c0-6.627 5.373-12 12-12h40c6.627 0 12 5.373 12 12v67h112.5V112H304v24c0 13.255-10.745 24-24 24H168c-13.255 0-24-10.745-24-24v-24H79.5v351zM266 64h-26V38a6 6 0 0 0-6-6h-20a6 6 0 0 0-6 6v26h-26a6 6 0 0 0-6 6v20a6 6 0 0 0 6 6h26v26a6 6 0 0 0 6 6h20a6 6 0 0 0 6-6V96h26a6 6 0 0 0 6-6V70a6 6 0 0 0-6-6z\"><\/path><\/svg>\t\t\t\t\t\t<\/span>\n\t\t\t\t\t\t\t\t\t\t<span class=\"elementor-icon-list-text\">Durata \u0219ederii \u00een spital: Nu este necesar\u0103<\/span>\n\t\t\t\t\t\t\t\t\t<\/li>\n\t\t\t\t\t\t\t\t<li class=\"elementor-icon-list-item\">\n\t\t\t\t\t\t\t\t\t\t\t<span class=\"elementor-icon-list-icon\">\n\t\t\t\t\t\t\t<svg aria-hidden=\"true\" class=\"e-font-icon-svg e-far-clock\" viewbox=\"0 0 512 512\" xmlns=\"http:\/\/www.w3.org\/2000\/svg\"><path d=\"M256 8C119 8 8 119 8 256s111 248 248 248 248-111 248-248S393 8 256 8zm0 448c-110.5 0-200-89.5-200-200S145.5 56 256 56s200 89.5 200 200-89.5 200-200 200zm61.8-104.4l-84.9-61.7c-3.1-2.3-4.9-5.9-4.9-9.7V116c0-6.6 5.4-12 12-12h32c6.6 0 12 5.4 12 12v141.7l66.8 48.6c5.4 3.9 6.5 11.4 2.6 16.8L334.6 349c-3.9 5.3-11.4 6.5-16.8 2.6z\"><\/path><\/svg>\t\t\t\t\t\t<\/span>\n\t\t\t\t\t\t\t\t\t\t<span class=\"elementor-icon-list-text\">Timp de func\u021bionare: 6-8 ore<\/span>\n\t\t\t\t\t\t\t\t\t<\/li>\n\t\t\t\t\t\t\t\t<li class=\"elementor-icon-list-item\">\n\t\t\t\t\t\t\t\t\t\t\t<span class=\"elementor-icon-list-icon\">\n\t\t\t\t\t\t\t<svg aria-hidden=\"true\" class=\"e-font-icon-svg e-fas-syringe\" viewbox=\"0 0 512 512\" xmlns=\"http:\/\/www.w3.org\/2000\/svg\"><path d=\"M201.5 174.8l55.7 55.8c3.1 3.1 3.1 8.2 0 11.3l-11.3 11.3c-3.1 3.1-8.2 3.1-11.3 0l-55.7-55.8-45.3 45.3 55.8 55.8c3.1 3.1 3.1 8.2 0 11.3l-11.3 11.3c-3.1 3.1-8.2 3.1-11.3 0L111 265.2l-26.4 26.4c-17.3 17.3-25.6 41.1-23 65.4l7.1 63.6L2.3 487c-3.1 3.1-3.1 8.2 0 11.3l11.3 11.3c3.1 3.1 8.2 3.1 11.3 0l66.3-66.3 63.6 7.1c23.9 2.6 47.9-5.4 65.4-23l181.9-181.9-135.7-135.7-64.9 65zm308.2-93.3L430.5 2.3c-3.1-3.1-8.2-3.1-11.3 0l-11.3 11.3c-3.1 3.1-3.1 8.2 0 11.3l28.3 28.3-45.3 45.3-56.6-56.6-17-17c-3.1-3.1-8.2-3.1-11.3 0l-33.9 33.9c-3.1 3.1-3.1 8.2 0 11.3l17 17L424.8 223l17 17c3.1 3.1 8.2 3.1 11.3 0l33.9-34c3.1-3.1 3.1-8.2 0-11.3l-73.5-73.5 45.3-45.3 28.3 28.3c3.1 3.1 8.2 3.1 11.3 0l11.3-11.3c3.1-3.2 3.1-8.2 0-11.4z\"><\/path><\/svg>\t\t\t\t\t\t<\/span>\n\t\t\t\t\t\t\t\t\t\t<span class=\"elementor-icon-list-text\">Anestezie: Local\u0103<\/span>\n\t\t\t\t\t\t\t\t\t<\/li>\n\t\t\t\t\t\t\t\t<li class=\"elementor-icon-list-item\">\n\t\t\t\t\t\t\t\t\t\t\t<span class=\"elementor-icon-list-icon\">\n\t\t\t\t\t\t\t<svg aria-hidden=\"true\" class=\"e-font-icon-svg e-far-heart\" viewbox=\"0 0 512 512\" xmlns=\"http:\/\/www.w3.org\/2000\/svg\"><path d=\"M458.4 64.3C400.6 15.7 311.3 23 256 79.3 200.7 23 111.4 15.6 53.6 64.3-21.6 127.6-10.6 230.8 43 285.5l175.4 178.7c10 10.2 23.4 15.9 37.6 15.9 14.3 0 27.6-5.6 37.6-15.8L469 285.6c53.5-54.7 64.7-157.9-10.6-221.3zm-23.6 187.5L259.4 430.5c-2.4 2.4-4.4 2.4-6.8 0L77.2 251.8c-36.5-37.2-43.9-107.6 7.3-150.7 38.9-32.7 98.9-27.8 136.5 10.5l35 35.7 35-35.7c37.8-38.5 97.8-43.2 136.5-10.6 51.1 43.1 43.5 113.9 7.3 150.8z\"><\/path><\/svg>\t\t\t\t\t\t<\/span>\n\t\t\t\t\t\t\t\t\t\t<span class=\"elementor-icon-list-text\">Timp de recuperare: 6-12 luni<\/span>\n\t\t\t\t\t\t\t\t\t<\/li>\n\t\t\t\t\t\t<\/ul>\n\t\t\t\t\t\t<\/div>\n\t\t\t\t<\/div>\n\t\t\t\t<div class=\"elementor-element elementor-element-e69646e elementor-align-justify elementor-widget elementor-widget-button\" data-id=\"e69646e\" data-element_type=\"widget\" data-widget_type=\"button.default\">\n\t\t\t\t<div class=\"elementor-widget-container\">\n\t\t\t\t\t\t\t\t\t<div class=\"elementor-button-wrapper\">\n\t\t\t\t\t<a class=\"elementor-button elementor-button-link elementor-size-sm elementor-animation-buzz\" href=\"https:\/\/seldacenter.com\/ro\/\">\n\t\t\t\t\t\t<span class=\"elementor-button-content-wrapper\">\n\t\t\t\t\t\t\t\t\t<span class=\"elementor-button-text\">Face\u021bi o programare acum<\/span>\n\t\t\t\t\t<\/span>\n\t\t\t\t\t<\/a>\n\t\t\t\t<\/div>\n\t\t\t\t\t\t\t\t<\/div>\n\t\t\t\t<\/div>\n\t\t\t\t\t<\/div>\n\t\t<\/div>\n\t\t\t\t\t<\/div>\n\t\t<\/section>\n\t\t\t\t<section class=\"elementor-section elementor-top-section elementor-element elementor-element-2b0931b4 elementor-section-boxed elementor-section-height-default elementor-section-height-default\" data-id=\"2b0931b4\" data-element_type=\"section\">\n\t\t\t\t\t\t<div class=\"elementor-container elementor-column-gap-default\">\n\t\t\t\t\t<div class=\"elementor-column elementor-col-100 elementor-top-column elementor-element elementor-element-37dc612e\" data-id=\"37dc612e\" data-element_type=\"column\">\n\t\t\t<div class=\"elementor-widget-wrap elementor-element-populated\">\n\t\t\t\t\t\t<div class=\"elementor-element elementor-element-782fb63 elementor-widget elementor-widget-text-editor\" data-id=\"782fb63\" data-element_type=\"widget\" data-widget_type=\"text-editor.default\">\n\t\t\t\t<div class=\"elementor-widget-container\">\n\t\t\t\t\t\t\t\t\tP\u0103rul gros, s\u0103n\u0103tos \u0219i str\u0103lucitor este o caracteristic\u0103 important\u0103 care \u00eenfrumuse\u021beaz\u0103 aspectul indivizilor. Cu toate acestea, multe persoane care se confrunt\u0103 cu c\u0103derea sau raritatea p\u0103rului din diverse motive recurg la diverse metode pentru a-\u0219i revitaliza frumuse\u021bea p\u0103rului \u0219i a rec\u0103p\u0103ta aspectul s\u0103n\u0103tos pe care l-au pierdut. Una dintre aceste metode este tratamentul cu plasm\u0103 bogat\u0103 \u00een trombocite (PRP).\n\n<strong>Ce este PRP-ul?<\/strong> Plasma \u00eembog\u0103\u021bit\u0103 cu trombocite (PRP) este o metod\u0103 de tratament care implic\u0103 injectarea \u00een scalp a unui ser ob\u021binut din propriul s\u00e2nge al persoanei. Acest ser \u00ee\u0219i propune s\u0103 revitalizeze foliculii de p\u0103r \u0219i s\u0103 sus\u021bin\u0103 cre\u0219terea p\u0103rului datorit\u0103 nivelului ridicat de trombocite pe care \u00eel con\u021bine.\n\n<strong>Avantajele tratamentului PRP:<\/strong>\n<ul>\n \t<li><strong>O abordare natural\u0103:<\/strong> Tratamentul PRP este o metod\u0103 natural\u0103 deoarece folose\u0219te propriul s\u00e2nge al persoanei. \u00cen general, este bine tolerat\u0103 de organism.<\/li>\n \t<li><strong>Revitalizarea foliculului de p\u0103r:<\/strong> Con\u021binutul ridicat de trombocite stimuleaz\u0103 foliculii de p\u0103r, promov\u00e2nd cre\u0219terea p\u0103rului.<\/li>\n \t<li><strong>Efecte secundare minime:<\/strong> De obicei, implic\u0103 efecte secundare minime \u0219i ofer\u0103 un proces rapid de recuperare dup\u0103 procedur\u0103.<\/li>\n<\/ul>\n<strong>Cum se aplic\u0103 tratamentul PRP?<\/strong> Tratamentul PRP include urm\u0103torii pa\u0219i:\n<ol>\n \t<li><strong>Colectarea s\u00e2ngelui:<\/strong> Pacientului i se ia o cantitate mic\u0103 de s\u00e2nge.<\/li>\n \t<li><strong>Prelucrarea s\u00e2ngelui:<\/strong> S\u00e2ngele colectat este procesat \u00eentr-o centrifug\u0103 special\u0103, iar rata trombocitelor este crescut\u0103.<\/li>\n \t<li><strong>Injec\u021bie cu PRP:<\/strong> Serul PRP rezultat este injectat \u00een scalp folosind un ac sub\u021bire.<\/li>\n<\/ol>\n<strong>Pentru cine este potrivit?<\/strong> Tratamentul PRP poate fi o op\u021biune pentru persoanele care:\n<ul>\n \t<li>Cei care se confrunt\u0103 cu c\u0103derea sau sub\u021bierea p\u0103rului.<\/li>\n \t<li>Cei care \u00ee\u0219i pierd calitatea p\u0103rului din cauza factorilor genetici.<\/li>\n \t<li>Cei care doresc s\u0103 previn\u0103 sau s\u0103 opreasc\u0103 c\u0103derea p\u0103rului.<\/li>\n<\/ul>\n<strong>Tratament PRP \u0219i \u00eentreb\u0103ri frecvente:<\/strong>\n\n<strong>1. Este tratamentul PRP dureros?<\/strong>\n<ul>\n \t<li>Este posibil s\u0103 existe un u\u0219or disconfort \u00een timpul procedurii, dar, \u00een general, este o experien\u021b\u0103 tolerabil\u0103.<\/li>\n<\/ul>\n<strong>2. C\u00e2te sesiuni sunt necesare?<\/strong>\n<ul>\n \t<li>Planul de tratament depinde de nevoile individuale. De obicei, se recomand\u0103 o serie de \u0219edin\u021be.<\/li>\n<\/ul>\n<strong>3. Cum este procesul de recuperare?<\/strong>\n<ul>\n \t<li>Procesul de recuperare este de obicei rapid. Dup\u0103 procedur\u0103, o persoan\u0103 se poate \u00eentoarce imediat la activit\u0103\u021bile zilnice normale.<\/li>\n<\/ul>\n<strong>4. C\u00e2nd voi primi rezultate?<\/strong>\n<ul>\n \t<li>Rezultatele pot varia de la o persoan\u0103 la alta, dar sunt de obicei vizibile \u00een c\u00e2teva luni.<\/li>\n<\/ul>\n<strong>5. Cine nu este potrivit pentru tratamentul PRP?<\/strong>\n<ul>\n \t<li>Tratamentul cu PRP poate s\u0103 nu fie potrivit pentru femeile \u00eens\u0103rcinate, persoanele cu probleme de coagulare a s\u00e2ngelui \u0219i persoanele cu anumite boli de piele.<\/li>\n<\/ul>\n<strong>Concluzie:<\/strong> Tratamentul PRP ofer\u0103 o solu\u021bie inovatoare pentru cei care doresc s\u0103-\u0219i revitalizeze frumuse\u021bea p\u0103rului \u0219i s\u0103-i sus\u021bin\u0103 s\u0103n\u0103tatea. Aceast\u0103 metod\u0103 natural\u0103, cu riscuri minime \u0219i eficient\u0103 \u00ee\u0219i propune s\u0103 produc\u0103 schimb\u0103ri pozitive \u00een estetica p\u0103rului.\t\t\t\t\t\t\t\t<\/div>\n\t\t\t\t<\/div>\n\t\t\t\t\t<\/div>\n\t\t<\/div>\n\t\t\t\t\t<\/div>\n\t\t<\/section>\n\t\t\t\t<\/div>","protected":false},"excerpt":{"rendered":"<p>PRP Tedavisi Hastanede Kal\u0131\u015f S\u00fcresi: Gerekli De\u011fil Operasyon S\u00fcresi: 6-8 Saat Anestezi: Lokal \u0130yile\u015fme S\u00fcresi: 6-12 Ay Hemen Randevu Al\u0131n G\u00fcr, sa\u011fl\u0131kl\u0131 ve parlak sa\u00e7lar, bireylerin d\u0131\u015f g\u00f6r\u00fcn\u00fc\u015flerini g\u00fczelle\u015ftiren \u00f6nemli bir \u00f6zelliktir. Ancak \u00e7e\u015fitli nedenlerle sa\u00e7 d\u00f6k\u00fclmesi veya seyreklik ya\u015fayan bir\u00e7ok ki\u015fi, sa\u00e7 g\u00fczelliklerini canland\u0131rmak ve kaybettikleri sa\u011fl\u0131kl\u0131 g\u00f6r\u00fcn\u00fcm\u00fc geri kazanmak i\u00e7in \u00e7e\u015fitli y\u00f6ntemlere ba\u015fvurur. [&hellip;]<\/p>\n","protected":false},"author":2,"featured_media":0,"parent":0,"menu_order":0,"comment_status":"closed","ping_status":"closed","template":"","meta":{"postBodyMargin":[],"postBodyPadding":[],"postBodyBackground":{"backgroundType":"classic","gradient":""},"footnotes":""},"class_list":["post-13548","page","type-page","status-publish","hentry"],"_links":{"self":[{"href":"https:\/\/seldacenter.com\/ro\/wp-json\/wp\/v2\/pages\/13548","targetHints":{"allow":["GET"]}}],"collection":[{"href":"https:\/\/seldacenter.com\/ro\/wp-json\/wp\/v2\/pages"}],"about":[{"href":"https:\/\/seldacenter.com\/ro\/wp-json\/wp\/v2\/types\/page"}],"author":[{"embeddable":true,"href":"https:\/\/seldacenter.com\/ro\/wp-json\/wp\/v2\/users\/2"}],"replies":[{"embeddable":true,"href":"https:\/\/seldacenter.com\/ro\/wp-json\/wp\/v2\/comments?post=13548"}],"version-history":[{"count":13,"href":"https:\/\/seldacenter.com\/ro\/wp-json\/wp\/v2\/pages\/13548\/revisions"}],"predecessor-version":[{"id":14127,"href":"https:\/\/seldacenter.com\/ro\/wp-json\/wp\/v2\/pages\/13548\/revisions\/14127"}],"wp:attachment":[{"href":"https:\/\/seldacenter.com\/ro\/wp-json\/wp\/v2\/media?parent=13548"}],"curies":[{"name":"wp","href":"https:\/\/api.w.org\/{rel}","templated":true}]}}