{"id":13546,"date":"2024-02-17T16:02:26","date_gmt":"2024-02-17T16:02:26","guid":{"rendered":"https:\/\/seldacenter.com\/yeniyapi\/?page_id=13546"},"modified":"2024-02-17T16:02:27","modified_gmt":"2024-02-17T16:02:27","slug":"sac-lazeri-nedir","status":"publish","type":"page","link":"https:\/\/seldacenter.com\/ro\/sac-lazeri-nedir\/","title":{"rendered":"Ce este Hair Laser?"},"content":{"rendered":"<p>P\u0103rul este un element important care determin\u0103 aspectul estetic at\u00e2t al femeilor, c\u00e2t \u0219i al b\u0103rba\u021bilor. Cu toate acestea, condi\u021biile nes\u0103n\u0103toase aduse de via\u021ba modern\u0103, stresul, factorii genetici \u0219i diverse probleme de s\u0103n\u0103tate pot provoca c\u0103derea p\u0103rului. C\u0103derea p\u0103rului poate reduce calitatea vie\u021bii oamenilor, afect\u00e2ndu-le motiva\u021bia \u0219i \u00eencrederea \u00een sine. \u00cen acest moment, tratamentul cu laser pentru p\u0103r ofer\u0103 o solu\u021bie eficient\u0103 pentru cei care doresc s\u0103 \u00eent\u0103reasc\u0103 p\u0103rul \u0219i s\u0103 opreasc\u0103 c\u0103derea p\u0103rului.<\/p>\n<p><strong>Ce este Hair Laser?<\/strong><\/p>\n<p>Laserul pentru p\u0103r este o metod\u0103 de tratament care cre\u0219te circula\u021bia s\u00e2ngelui \u00een zona p\u0103rului folosind dispozitive laser, care sunt produsul tehnologiei moderne, \u0219i permite p\u0103rului s\u0103 creasc\u0103 mai puternic \u0219i mai s\u0103n\u0103tos. Aceast\u0103 metod\u0103 ofer\u0103 o solu\u021bie eficient\u0103 la c\u0103derea p\u0103rului prin declan\u0219area cre\u0219terii de fire noi \u00een zonele cu chelie.<\/p>\n<p>Tratamentul cu laser pentru epilare stimuleaz\u0103 foliculii de p\u0103r prin aplicarea de lumin\u0103 laser de intensitate redus\u0103 sau lumin\u0103 LED pe scalp. Aceast\u0103 stimulare cre\u0219te activitatea celular\u0103, accelereaz\u0103 circula\u021bia s\u00e2ngelui \u0219i revitalizeaz\u0103 foliculii de p\u0103r, reduc\u00e2nd c\u0103derea p\u0103rului. De asemenea, \u00eengroa\u0219\u0103 firele de p\u0103r sub\u021biri \u0219i promoveaz\u0103 un aspect s\u0103n\u0103tos.<\/p>\n<p><strong>Cum se aplic\u0103 tratamentul cu laser pentru p\u0103r?<\/strong><\/p>\n<p>Tratamentul cu laser pentru p\u0103r include urm\u0103torii pa\u0219i:<\/p>\n<ol>\n<li><strong>Consultatie si analiza parului:<\/strong> Structura p\u0103rului \u0219i gradul de c\u0103dere ale persoanei sunt evaluate de un dermatolog specialist.<\/li>\n<li><strong>Planificarea tratamentului:<\/strong> Pe baza analizei p\u0103rului se stabile\u0219te un plan de tratament personalizat. Num\u0103rul \u0219i frecven\u021ba sesiunilor sunt determinate.<\/li>\n<li><strong>Preparare:<\/strong> Se cur\u0103\u021b\u0103 zona p\u0103rului \u0219i se aplic\u0103 un ser care accelereaz\u0103 nutri\u021bia p\u0103rului prin deschiderea unor canale minuscule cu un dermapen.<\/li>\n<li><strong>Aplica\u021bie cu laser:<\/strong> Circula\u021bia s\u00e2ngelui este crescut\u0103 prin aplicarea de fascicule laser pe capilarele disfunc\u021bionale de sub scalp.<\/li>\n<li><strong>Finalizare \u0219i \u00eentre\u021binere:<\/strong> Dup\u0103 aplicare, dermapenul \u0219i serul sunt folosite pentru a cre\u0219te eficacitatea aplic\u0103rii cu laser.<\/li>\n<li><strong>Durata \u0219i frecven\u021ba \u0219edin\u021belor:<\/strong> \u00cen prima etap\u0103, se aplic\u0103 \u00een \u0219edin\u021be de 20 de minute de dou\u0103 ori pe s\u0103pt\u0103m\u00e2n\u0103. Rezultate vizibile pot fi ob\u021binute dup\u0103 10 \u0219edin\u021be \u00een total.<\/li>\n<\/ol>\n<p><strong>Tratamentul cu laser pentru p\u0103r \u0219i avantaje:<\/strong><\/p>\n<ul>\n<li><strong>Nedureros \u0219i sigur:<\/strong> Tratamentul cu laser pentru p\u0103r este o procedur\u0103 nedureroas\u0103 \u0219i are \u00een general efecte secundare minime.<\/li>\n<li><strong>P\u0103r gros \u0219i str\u0103lucitor:<\/strong> Tratamentul sprijin\u0103 formarea p\u0103rului gros \u0219i str\u0103lucitor prin \u00eent\u0103rirea foliculilor de p\u0103r.<\/li>\n<li><strong>Utilizare combinat\u0103 cu transplantul de p\u0103r:<\/strong> Tratamentul cu laser pentru p\u0103r poate ajuta la ob\u021binerea unor rezultate mai eficiente prin utilizarea acestuia \u00eenainte \u0219i dup\u0103 transplantul de p\u0103r.<\/li>\n<\/ul>\n<p><strong>Tratamentul cu laser pentru p\u0103r \u0219i femei:<\/strong><\/p>\n<p>C\u0103derea p\u0103rului la femei este de obicei cauzat\u0103 de genetic\u0103, hormoni \u0219i nutri\u021bie. Tratamentul cu laser pentru p\u0103r ofer\u0103 o solu\u021bie eficient\u0103 pentru c\u0103derea p\u0103rului la femei. Tratamentul este utilizat pentru a opri c\u0103derea p\u0103rului, a-l \u00eent\u0103ri \u0219i a-l revitaliza. Poate fi combinat cu alte tratamente utilizate \u00eempotriva c\u0103derii p\u0103rului \u0219i este potrivit pentru restabilirea s\u0103n\u0103t\u0103\u021bii p\u0103rului la femei.<\/p>\n<p>\u00cen concluzie, tratamentul cu laser pentru p\u0103r este o metod\u0103 inovatoare adus\u0103 de tehnologia modern\u0103 \u0219i poate ajuta la combaterea c\u0103derii p\u0103rului \u00eentr-un mod s\u0103n\u0103tos, sigur \u0219i eficient. Dup\u0103 aplicare, se poate ob\u021bine o \u00eembun\u0103t\u0103\u021bire vizibil\u0103 \u0219i o \u00eent\u0103rire a p\u0103rului persoanei respective. Nu trebuie uitat c\u0103 este important s\u0103 consulta\u021bi un medic dermatolog specialist \u00eenainte de tratament.<\/p>","protected":false},"excerpt":{"rendered":"<p>Sa\u00e7lar, hem kad\u0131nlar\u0131n hem de erkeklerin estetik g\u00f6r\u00fcn\u00fcmlerini belirleyen \u00f6nemli bir unsurdur. Ancak modern ya\u015fam\u0131n getirdi\u011fi sa\u011fl\u0131ks\u0131z ko\u015fullar, stres, genetik fakt\u00f6rler ve \u00e7e\u015fitli sa\u011fl\u0131k sorunlar\u0131, sa\u00e7 d\u00f6k\u00fclmesine neden olabilmektedir. Sa\u00e7 kayb\u0131, insanlar\u0131n motivasyon ve \u00f6zg\u00fcvenini etkileyerek ya\u015fam kalitelerini d\u00fc\u015f\u00fcrebilir. Bu noktada sa\u00e7 lazeri tedavisi, sa\u00e7lar\u0131 g\u00fc\u00e7lendirmek ve d\u00f6k\u00fclmeyi durdurmak isteyenler i\u00e7in etkili bir \u00e7\u00f6z\u00fcm sunmaktad\u0131r. [&hellip;]<\/p>\n","protected":false},"author":2,"featured_media":0,"parent":0,"menu_order":0,"comment_status":"closed","ping_status":"closed","template":"","meta":{"postBodyMargin":[],"postBodyPadding":[],"postBodyBackground":{"backgroundType":"classic","gradient":""},"footnotes":""},"class_list":["post-13546","page","type-page","status-publish","hentry"],"_links":{"self":[{"href":"https:\/\/seldacenter.com\/ro\/wp-json\/wp\/v2\/pages\/13546","targetHints":{"allow":["GET"]}}],"collection":[{"href":"https:\/\/seldacenter.com\/ro\/wp-json\/wp\/v2\/pages"}],"about":[{"href":"https:\/\/seldacenter.com\/ro\/wp-json\/wp\/v2\/types\/page"}],"author":[{"embeddable":true,"href":"https:\/\/seldacenter.com\/ro\/wp-json\/wp\/v2\/users\/2"}],"replies":[{"embeddable":true,"href":"https:\/\/seldacenter.com\/ro\/wp-json\/wp\/v2\/comments?post=13546"}],"version-history":[{"count":1,"href":"https:\/\/seldacenter.com\/ro\/wp-json\/wp\/v2\/pages\/13546\/revisions"}],"predecessor-version":[{"id":13547,"href":"https:\/\/seldacenter.com\/ro\/wp-json\/wp\/v2\/pages\/13546\/revisions\/13547"}],"wp:attachment":[{"href":"https:\/\/seldacenter.com\/ro\/wp-json\/wp\/v2\/media?parent=13546"}],"curies":[{"name":"wp","href":"https:\/\/api.w.org\/{rel}","templated":true}]}}