{"id":12979,"date":"2023-10-18T20:34:40","date_gmt":"2023-10-18T17:34:40","guid":{"rendered":"https:\/\/seldacenter.com\/?page_id=12979"},"modified":"2023-10-18T20:34:40","modified_gmt":"2023-10-18T17:34:40","slug":"gizlilik-politikasi","status":"publish","type":"page","link":"https:\/\/seldacenter.com\/ro\/gizlilik-politikasi\/","title":{"rendered":"Politica de confiden\u021bialitate"},"content":{"rendered":"<p>Securitatea dumneavoastr\u0103 este important\u0103 pentru noi. Din acest motiv, datele personale pe care le partaja\u021bi cu noi sunt protejate cu grij\u0103.<\/p><p>Noi, Selda Hair Center, \u00een calitate de operator de date, ne propunem s\u0103 v\u0103 inform\u0103m cu privire la aceast\u0103 politic\u0103 de confiden\u021bialitate \u0219i protec\u021bie a datelor cu caracter personal, cu privire la ce date cu caracter personal vor fi prelucrate \u0219i \u00een ce scop, cu cine \u0219i de ce pot fi partajate datele prelucrate, metoda noastr\u0103 de prelucrare a datelor \u0219i temeiurile legale, precum \u0219i care sunt drepturile dumneavoastr\u0103 cu privire la datele dumneavoastr\u0103 prelucrate.<\/p><h2 class=\"wp-block-heading\" id=\"toplanan-kisisel-verileriniz-toplanma-yoentemi-ve-hukuki-sebebi\">Datele dumneavoastr\u0103 personale colectate, metoda de colectare \u0219i motivul legal<\/h2><p>Adresa dumneavoastr\u0103 IP \u0219i informa\u021biile despre agentul utilizator vor fi prelucrate exclusiv \u00een scopuri de analiz\u0103 \u0219i prin intermediul unor tehnologii precum cookie-urile, prin mijloace automate sau neautomate \u0219i, uneori, ob\u021binute de la ter\u021bi, cum ar fi furnizori de analiz\u0103, re\u021bele de publicitate, furnizori de informa\u021bii de c\u0103utare, furnizori de tehnologie, \u00eenregistrate, stocate \u0219i actualizate, \u00een cadrul \u0219i pe durata rela\u021biei de serviciu \u0219i contractuale dintre noi, pe baza cerin\u021bei de prelucrare a interesului legitim.<\/p><h2 class=\"wp-block-heading\" id=\"kisisel-verilerinizin-islenme-amaci\">Scopul prelucr\u0103rii datelor dumneavoastr\u0103 cu caracter personal<\/h2><p>Datele dumneavoastr\u0103 cu caracter personal pe care le partaja\u021bi cu noi vor fi prelucrate \u0219i actualizate exclusiv prin analiz\u0103; \u00eentr-un mod inten\u021bionat \u0219i moderat pe durata contractului \u0219i a perioadei de prestare a serviciilor, pentru a \u00eendeplini cerin\u021bele serviciilor pe care le oferim \u00een cel mai bun mod, pentru a ne asigura c\u0103 pute\u021bi accesa \u0219i beneficia de aceste servicii la nivel maxim, pentru a dezvolta serviciile noastre \u00een conformitate cu nevoile dumneavoastr\u0103 \u0219i pentru a v\u0103 pune \u00een leg\u0103tur\u0103 cu furnizori de servicii mai largi \u00een cadrul legal \u0219i pentru a \u00eendeplini obliga\u021biile care decurg din lege (partajarea datelor cu caracter personal cu autorit\u0103\u021bile judiciare \u0219i administrative, la cerere).<\/p><h2 class=\"wp-block-heading\" id=\"toplanan-kisisel-verilerin-kimlere-ve-hangi-amaclarla-aktarilabilecegi\">C\u0103tre cine \u0219i \u00een ce scopuri pot fi transferate datele cu caracter personal colectate?<\/h2><p>Datele dumneavoastr\u0103 cu caracter personal pe care le partaja\u021bi cu noi pot fi transferate c\u0103tre ter\u021bi, institu\u021bii \u0219i organiza\u021bii interne \u0219i str\u0103ine de la care primim \u0219i\/sau prest\u0103m servicii, cu care avem rela\u021bii contractuale, cu care cooper\u0103m, \u00een vederea desf\u0103\u0219ur\u0103rii activit\u0103\u021bilor noastre, precum \u0219i c\u0103tre autorit\u0103\u021bi judiciare \u0219i administrative, la cerere, cu condi\u021bia lu\u0103rii m\u0103surilor tehnice \u0219i administrative necesare.<\/p><h2 class=\"wp-block-heading\" id=\"kisisel-verileri-islenen-kisi-olarak-haklariniz\">Drepturile dumneavoastr\u0103 \u00een calitate de persoan\u0103 ale c\u0103rei date cu caracter personal sunt prelucrate<\/h2><p>\u00cen conformitate cu articolul 11 din KVKK, orice persoan\u0103 \u00ee\u0219i poate exercita urm\u0103toarele drepturi adres\u00e2ndu-se operatorului de date:<\/p><ol class=\"wp-block-list\" type=\"a\"><li>Aflarea dac\u0103 se prelucreaz\u0103 date cu caracter personal,<\/li>\n\n<li>Pentru a solicita informa\u021bii privind prelucrarea datelor cu caracter personal,<\/li>\n\n<li>Pentru a afla scopul prelucr\u0103rii datelor cu caracter personal \u0219i dac\u0103 acestea sunt utilizate \u00een conformitate cu scopul lor,<\/li>\n\n<li>Pentru a cunoa\u0219te ter\u021bii c\u0103rora le sunt transferate date cu caracter personal, fie \u00een \u021bar\u0103, fie \u00een str\u0103in\u0103tate,<\/li>\n\n<li>Pentru a solicita corectarea datelor cu caracter personal dac\u0103 acestea sunt prelucrate incomplet sau incorect,<\/li>\n\n<li>Solicitarea \u0219tergerii sau distrugerii datelor cu caracter personal,<\/li>\n\n<li>S\u0103 solicite ca opera\u021biunile efectuate \u00een conformitate cu clauzele (e) \u0219i (f) s\u0103 fie notificate ter\u021bilor c\u0103rora le-au fost transferate date cu caracter personal,<\/li>\n\n<li>S\u0103 se opun\u0103 unui rezultat care este \u00een detrimentul persoanei \u00eensele, ca urmare a analizei datelor prelucrate exclusiv prin sisteme automate,<\/li>\n\n<li>\u00cen cazul prejudiciului cauzat de prelucrarea ilegal\u0103 a datelor cu caracter personal, persoana are dreptul s\u0103 solicite desp\u0103gubiri pentru prejudiciul suferit.<\/li><\/ol><p>Ne pute\u021bi contacta prin intermediul adresei info@seldacenter.com pentru a v\u0103 exercita drepturile enumerate mai sus.<\/p><h2 class=\"wp-block-heading\" id=\"iletisim\">Comunicare<\/h2><p>Pentru a putea efectua analize \u00een scopul furniz\u0103rii de servicii, sunte\u021bi complet liber s\u0103 accepta\u021bi sau nu prelucrarea datelor dumneavoastr\u0103 cu caracter personal, care este necesar\u0103 doar \u00een conformitate cu aceast\u0103 politic\u0103 de confiden\u021bialitate \u0219i prelucrare a datelor cu caracter personal. Dac\u0103 ve\u021bi continua s\u0103 utiliza\u021bi site-ul, vom presupune c\u0103 a\u021bi acceptat-o. V\u0103 rug\u0103m s\u0103 nu ezita\u021bi s\u0103 ne contacta\u021bi prin intermediul adresei info@seldacenter.com pentru informa\u021bii mai detaliate.<\/p>","protected":false},"excerpt":{"rendered":"<p>G\u00fcvenli\u011finiz bizim i\u00e7in \u00f6nemli. Bu sebeple bizimle payla\u015faca\u011f\u0131n\u0131z ki\u015fisel verileriz hassasiyetle korunmaktad\u0131r. Biz, Selda Hair Center, veri sorumlusu olarak, bu gizlilik ve ki\u015fisel verilerin korunmas\u0131 politikas\u0131 ile, hangi ki\u015fisel verilerinizin hangi ama\u00e7la i\u015flenece\u011fi, i\u015flenen verilerin kimlerle ve neden payla\u015f\u0131labilece\u011fi, veri i\u015fleme y\u00f6ntemimiz ve hukuki sebeplerimiz ile; i\u015flenen verilerinize ili\u015fkin haklar\u0131n\u0131z\u0131n neler oldu\u011fu hususunda sizleri ayd\u0131nlatmay\u0131 [&hellip;]<\/p>\n","protected":false},"author":2,"featured_media":0,"parent":0,"menu_order":0,"comment_status":"closed","ping_status":"closed","template":"","meta":{"postBodyMargin":[],"postBodyPadding":[],"postBodyBackground":{"backgroundType":"classic","gradient":""},"footnotes":""},"class_list":["post-12979","page","type-page","status-publish","hentry"],"_links":{"self":[{"href":"https:\/\/seldacenter.com\/ro\/wp-json\/wp\/v2\/pages\/12979","targetHints":{"allow":["GET"]}}],"collection":[{"href":"https:\/\/seldacenter.com\/ro\/wp-json\/wp\/v2\/pages"}],"about":[{"href":"https:\/\/seldacenter.com\/ro\/wp-json\/wp\/v2\/types\/page"}],"author":[{"embeddable":true,"href":"https:\/\/seldacenter.com\/ro\/wp-json\/wp\/v2\/users\/2"}],"replies":[{"embeddable":true,"href":"https:\/\/seldacenter.com\/ro\/wp-json\/wp\/v2\/comments?post=12979"}],"version-history":[{"count":0,"href":"https:\/\/seldacenter.com\/ro\/wp-json\/wp\/v2\/pages\/12979\/revisions"}],"wp:attachment":[{"href":"https:\/\/seldacenter.com\/ro\/wp-json\/wp\/v2\/media?parent=12979"}],"curies":[{"name":"wp","href":"https:\/\/api.w.org\/{rel}","templated":true}]}}