{"id":138,"date":"2023-11-27T11:31:15","date_gmt":"2023-11-27T11:31:15","guid":{"rendered":"https:\/\/seldacenter.com\/yeniyapi\/?page_id=138"},"modified":"2024-12-10T11:28:54","modified_gmt":"2024-12-10T11:28:54","slug":"hakkimizda","status":"publish","type":"page","link":"https:\/\/seldacenter.com\/it\/hakkimizda\/","title":{"rendered":"chi siamo"},"content":{"rendered":"<div data-elementor-type=\"wp-page\" data-elementor-id=\"138\" class=\"elementor elementor-138\" data-elementor-post-type=\"page\">\n\t\t\t\t\t\t<section class=\"elementor-section elementor-top-section elementor-element elementor-element-b586a58 elementor-section-content-middle elementor-section-boxed elementor-section-height-default elementor-section-height-default\" data-id=\"b586a58\" data-element_type=\"section\">\n\t\t\t\t\t\t<div class=\"elementor-container elementor-column-gap-default\">\n\t\t\t\t\t<div class=\"elementor-column elementor-col-50 elementor-top-column elementor-element elementor-element-2d761f6\" data-id=\"2d761f6\" data-element_type=\"column\">\n\t\t\t<div class=\"elementor-widget-wrap elementor-element-populated\">\n\t\t\t\t\t\t<div class=\"elementor-element elementor-element-6c78ddee elementor-widget elementor-widget-text-editor\" data-id=\"6c78ddee\" data-element_type=\"widget\" data-widget_type=\"text-editor.default\">\n\t\t\t\t<div class=\"elementor-widget-container\">\n\t\t\t\t\t\t\t\t\t<h2><span style=\"color: #0170b9;\">Con Fiducia ed Esperienza<\/span><\/h2><p>Dal 2010, come SELDA CENTER, operiamo nei settori dell&#039;estetica medica, della chirurgia estetica, dei trattamenti odontoiatrici e della chirurgia dell&#039;obesit\u00e0, con particolare attenzione al trapianto di capelli e ai trattamenti per i capelli.<\/p>\t\t\t\t\t\t\t\t<\/div>\n\t\t\t\t<\/div>\n\t\t\t\t\t<\/div>\n\t\t<\/div>\n\t\t\t\t<div class=\"elementor-column elementor-col-50 elementor-top-column elementor-element elementor-element-4a5514b\" data-id=\"4a5514b\" data-element_type=\"column\">\n\t\t\t<div class=\"elementor-widget-wrap elementor-element-populated\">\n\t\t\t\t\t\t<div class=\"elementor-element elementor-element-57eeb59 elementor-animation-grow elementor-widget elementor-widget-video\" data-id=\"57eeb59\" data-element_type=\"widget\" data-settings=\"{&quot;youtube_url&quot;:&quot;https:\\\/\\\/youtu.be\\\/-2aMRAVT3Ik&quot;,&quot;video_type&quot;:&quot;youtube&quot;,&quot;controls&quot;:&quot;yes&quot;}\" data-widget_type=\"video.default\">\n\t\t\t\t<div class=\"elementor-widget-container\">\n\t\t\t\t\t\t\t<div class=\"elementor-wrapper elementor-open-inline\">\n\t\t\t<div class=\"elementor-video\"><\/div>\t\t<\/div>\n\t\t\t\t\t\t<\/div>\n\t\t\t\t<\/div>\n\t\t\t\t\t<\/div>\n\t\t<\/div>\n\t\t\t\t\t<\/div>\n\t\t<\/section>\n\t\t\t\t<section class=\"elementor-section elementor-top-section elementor-element elementor-element-4655b4a elementor-section-content-middle elementor-section-boxed elementor-section-height-default elementor-section-height-default\" data-id=\"4655b4a\" data-element_type=\"section\">\n\t\t\t\t\t\t<div class=\"elementor-container elementor-column-gap-default\">\n\t\t\t\t\t<div class=\"elementor-column elementor-col-50 elementor-top-column elementor-element elementor-element-6d14ba2\" data-id=\"6d14ba2\" data-element_type=\"column\">\n\t\t\t<div class=\"elementor-widget-wrap elementor-element-populated\">\n\t\t\t\t\t\t<div class=\"elementor-element elementor-element-37b05903 elementor-widget elementor-widget-image\" data-id=\"37b05903\" data-element_type=\"widget\" data-widget_type=\"image.default\">\n\t\t\t\t<div class=\"elementor-widget-container\">\n\t\t\t\t\t\t\t\t\t\t\t\t\t\t\t<img fetchpriority=\"high\" decoding=\"async\" width=\"1024\" height=\"449\" src=\"https:\/\/seldacenter.com\/wp-content\/uploads\/2023\/11\/seldacenter_banner_golgeli-1-1024x449.png.webp\" class=\"elementor-animation-grow attachment-full size-full wp-image-146\" alt=\"\" srcset=\"https:\/\/seldacenter.com\/wp-content\/uploads\/2023\/11\/seldacenter_banner_golgeli-1-1024x449.png.webp 1024w, https:\/\/seldacenter.com\/wp-content\/uploads\/2023\/11\/seldacenter_banner_golgeli-1-1024x449.png-600x263.webp 600w, https:\/\/seldacenter.com\/wp-content\/uploads\/2023\/11\/seldacenter_banner_golgeli-1-1024x449.png-300x132.webp 300w, https:\/\/seldacenter.com\/wp-content\/uploads\/2023\/11\/seldacenter_banner_golgeli-1-1024x449.png-768x337.webp 768w\" sizes=\"(max-width: 1024px) 100vw, 1024px\" \/>\t\t\t\t\t\t\t\t\t\t\t\t\t\t\t<\/div>\n\t\t\t\t<\/div>\n\t\t\t\t\t<\/div>\n\t\t<\/div>\n\t\t\t\t<div class=\"elementor-column elementor-col-50 elementor-top-column elementor-element elementor-element-b8c7b94\" data-id=\"b8c7b94\" data-element_type=\"column\">\n\t\t\t<div class=\"elementor-widget-wrap elementor-element-populated\">\n\t\t\t\t\t\t<div class=\"elementor-element elementor-element-2df9a5a elementor-widget elementor-widget-text-editor\" data-id=\"2df9a5a\" data-element_type=\"widget\" data-widget_type=\"text-editor.default\">\n\t\t\t\t<div class=\"elementor-widget-container\">\n\t\t\t\t\t\t\t\t\t<h2><span style=\"color: #0170b9;\">Servizio all&#039;estero<\/span><\/h2><p>Come Centro Selda, a differenza di molte aziende di turismo sanitario nel nostro paese, con il potere che riceviamo da voi, abbiamo adottato il principio di fornirvi il servizio sanitario pi\u00f9 affidabile riunendo le aspettative realistiche dei nostri clienti con i nostri preziosi medici e ospedali nel nostro Paese. Siamo qui per guidarti dal momento in cui entri nel nostro paese e per farti sentire in un ambiente sicuro e amichevole.<\/p>\t\t\t\t\t\t\t\t<\/div>\n\t\t\t\t<\/div>\n\t\t\t\t<div class=\"elementor-element elementor-element-47db1e2 elementor-align-justify elementor-widget elementor-widget-button\" data-id=\"47db1e2\" data-element_type=\"widget\" data-widget_type=\"button.default\">\n\t\t\t\t<div class=\"elementor-widget-container\">\n\t\t\t\t\t\t\t\t\t<div class=\"elementor-button-wrapper\">\n\t\t\t\t\t<a class=\"elementor-button elementor-button-link elementor-size-sm elementor-animation-grow\" href=\"https:\/\/api.whatsapp.com\/send\/?phone=905535899189&#038;text=www.seldacenter.com&#038;type=phone_number&#038;app_absent=0\">\n\t\t\t\t\t\t<span class=\"elementor-button-content-wrapper\">\n\t\t\t\t\t\t\t\t\t<span class=\"elementor-button-text\">Contattaci<\/span>\n\t\t\t\t\t<\/span>\n\t\t\t\t\t<\/a>\n\t\t\t\t<\/div>\n\t\t\t\t\t\t\t\t<\/div>\n\t\t\t\t<\/div>\n\t\t\t\t\t<\/div>\n\t\t<\/div>\n\t\t\t\t\t<\/div>\n\t\t<\/section>\n\t\t\t\t<\/div>","protected":false},"excerpt":{"rendered":"<p>G\u00fcven ve Tecr\u00fcbesi ile 2010 y\u0131l\u0131ndan bu yana SELDA CENTER olarak sa\u00e7 ekimi ve sa\u00e7 tedavileri a\u011f\u0131rl\u0131kl\u0131 olmak \u00fczere, medikal estetik, estetik cerrahi, di\u015f tedavileri ve obezite cerrahisi alan\u0131nda arac\u0131l\u0131k etmekteyiz. https:\/\/youtu.be\/-2aMRAVT3Ik Yurtd\u0131\u015f\u0131na Hizmet Selda Center olarak \u00fclkemizdeki bir \u00e7ok sa\u011fl\u0131k turizm firmas\u0131na nazaran sizlerden ald\u0131\u011f\u0131m\u0131z g\u00fc\u00e7 ile dan\u0131\u015fanlar\u0131m\u0131z\u0131n ger\u00e7ek\u00e7i beklentilerini \u00fclkemizdeki bir birinden de\u011ferli [&hellip;]<\/p>\n","protected":false},"author":2,"featured_media":0,"parent":0,"menu_order":0,"comment_status":"closed","ping_status":"closed","template":"","meta":{"postBodyMargin":[],"postBodyPadding":[],"postBodyBackground":{"backgroundType":"classic","gradient":""},"footnotes":""},"class_list":["post-138","page","type-page","status-publish","hentry"],"_links":{"self":[{"href":"https:\/\/seldacenter.com\/it\/wp-json\/wp\/v2\/pages\/138","targetHints":{"allow":["GET"]}}],"collection":[{"href":"https:\/\/seldacenter.com\/it\/wp-json\/wp\/v2\/pages"}],"about":[{"href":"https:\/\/seldacenter.com\/it\/wp-json\/wp\/v2\/types\/page"}],"author":[{"embeddable":true,"href":"https:\/\/seldacenter.com\/it\/wp-json\/wp\/v2\/users\/2"}],"replies":[{"embeddable":true,"href":"https:\/\/seldacenter.com\/it\/wp-json\/wp\/v2\/comments?post=138"}],"version-history":[{"count":34,"href":"https:\/\/seldacenter.com\/it\/wp-json\/wp\/v2\/pages\/138\/revisions"}],"predecessor-version":[{"id":15497,"href":"https:\/\/seldacenter.com\/it\/wp-json\/wp\/v2\/pages\/138\/revisions\/15497"}],"wp:attachment":[{"href":"https:\/\/seldacenter.com\/it\/wp-json\/wp\/v2\/media?parent=138"}],"curies":[{"name":"wp","href":"https:\/\/api.w.org\/{rel}","templated":true}]}}