{"id":13673,"date":"2024-02-21T23:16:31","date_gmt":"2024-02-21T23:16:31","guid":{"rendered":"https:\/\/seldacenter.com\/?page_id=13673"},"modified":"2024-03-02T02:02:56","modified_gmt":"2024-03-02T02:02:56","slug":"mide-botoksu","status":"publish","type":"page","link":"https:\/\/seldacenter.com\/it\/mide-botoksu\/","title":{"rendered":"Botox per lo stomaco"},"content":{"rendered":"<div data-elementor-type=\"wp-page\" data-elementor-id=\"13673\" class=\"elementor elementor-13673\" data-elementor-post-type=\"page\">\n\t\t\t\t\t\t<section class=\"elementor-section elementor-top-section elementor-element elementor-element-558abf0 elementor-section-boxed elementor-section-height-default elementor-section-height-default\" data-id=\"558abf0\" data-element_type=\"section\">\n\t\t\t\t\t\t<div class=\"elementor-container elementor-column-gap-default\">\n\t\t\t\t\t<div class=\"elementor-column elementor-col-50 elementor-top-column elementor-element elementor-element-a01a32c\" data-id=\"a01a32c\" data-element_type=\"column\" data-settings=\"{&quot;background_background&quot;:&quot;classic&quot;}\">\n\t\t\t<div class=\"elementor-widget-wrap elementor-element-populated\">\n\t\t\t\t\t\t<div class=\"elementor-element elementor-element-aa191ab elementor-widget elementor-widget-image\" data-id=\"aa191ab\" data-element_type=\"widget\" data-widget_type=\"image.default\">\n\t\t\t\t<div class=\"elementor-widget-container\">\n\t\t\t\t\t\t\t\t\t\t\t\t\t\t\t<img fetchpriority=\"high\" decoding=\"async\" width=\"996\" height=\"664\" src=\"https:\/\/seldacenter.com\/wp-content\/uploads\/2024\/03\/front-view-young-female-with-fit-body-shirt-jeans-white-wall_140725-59187.jpg\" class=\"attachment-full size-full wp-image-14232\" alt=\"\" srcset=\"https:\/\/seldacenter.com\/wp-content\/uploads\/2024\/03\/front-view-young-female-with-fit-body-shirt-jeans-white-wall_140725-59187.jpg 996w, https:\/\/seldacenter.com\/wp-content\/uploads\/2024\/03\/front-view-young-female-with-fit-body-shirt-jeans-white-wall_140725-59187-600x400.jpg 600w, https:\/\/seldacenter.com\/wp-content\/uploads\/2024\/03\/front-view-young-female-with-fit-body-shirt-jeans-white-wall_140725-59187-300x200.jpg 300w, https:\/\/seldacenter.com\/wp-content\/uploads\/2024\/03\/front-view-young-female-with-fit-body-shirt-jeans-white-wall_140725-59187-768x512.jpg 768w\" sizes=\"(max-width: 996px) 100vw, 996px\" \/>\t\t\t\t\t\t\t\t\t\t\t\t\t\t\t<\/div>\n\t\t\t\t<\/div>\n\t\t\t\t\t<\/div>\n\t\t<\/div>\n\t\t\t\t<div class=\"elementor-column elementor-col-50 elementor-top-column elementor-element elementor-element-c5a75b9\" data-id=\"c5a75b9\" data-element_type=\"column\">\n\t\t\t<div class=\"elementor-widget-wrap elementor-element-populated\">\n\t\t\t\t\t\t<div class=\"elementor-element elementor-element-da53756 elementor-widget-divider--view-line_text elementor-widget-divider--element-align-left elementor-widget elementor-widget-divider\" data-id=\"da53756\" data-element_type=\"widget\" data-widget_type=\"divider.default\">\n\t\t\t\t<div class=\"elementor-widget-container\">\n\t\t\t\t\t\t\t<div class=\"elementor-divider\">\n\t\t\t<span class=\"elementor-divider-separator\">\n\t\t\t\t\t\t\t<h3 class=\"elementor-divider__text elementor-divider__element\">\n\t\t\t\tBotox per lo stomaco\t\t\t\t<\/h3>\n\t\t\t\t\t\t<\/span>\n\t\t<\/div>\n\t\t\t\t\t\t<\/div>\n\t\t\t\t<\/div>\n\t\t\t\t<div class=\"elementor-element elementor-element-667c74f elementor-align-left elementor-icon-list--layout-traditional elementor-list-item-link-full_width elementor-widget elementor-widget-icon-list\" data-id=\"667c74f\" data-element_type=\"widget\" data-widget_type=\"icon-list.default\">\n\t\t\t\t<div class=\"elementor-widget-container\">\n\t\t\t\t\t\t\t<ul class=\"elementor-icon-list-items\">\n\t\t\t\t\t\t\t<li class=\"elementor-icon-list-item\">\n\t\t\t\t\t\t\t\t\t\t\t<span class=\"elementor-icon-list-icon\">\n\t\t\t\t\t\t\t<svg aria-hidden=\"true\" class=\"e-font-icon-svg e-far-hospital\" viewbox=\"0 0 448 512\" xmlns=\"http:\/\/www.w3.org\/2000\/svg\"><path d=\"M128 244v-40c0-6.627 5.373-12 12-12h40c6.627 0 12 5.373 12 12v40c0 6.627-5.373 12-12 12h-40c-6.627 0-12-5.373-12-12zm140 12h40c6.627 0 12-5.373 12-12v-40c0-6.627-5.373-12-12-12h-40c-6.627 0-12 5.373-12 12v40c0 6.627 5.373 12 12 12zm-76 84v-40c0-6.627-5.373-12-12-12h-40c-6.627 0-12 5.373-12 12v40c0 6.627 5.373 12 12 12h40c6.627 0 12-5.373 12-12zm76 12h40c6.627 0 12-5.373 12-12v-40c0-6.627-5.373-12-12-12h-40c-6.627 0-12 5.373-12 12v40c0 6.627 5.373 12 12 12zm180 124v36H0v-36c0-6.627 5.373-12 12-12h19.5V85.035C31.5 73.418 42.245 64 55.5 64H144V24c0-13.255 10.745-24 24-24h112c13.255 0 24 10.745 24 24v40h88.5c13.255 0 24 9.418 24 21.035V464H436c6.627 0 12 5.373 12 12zM79.5 463H192v-67c0-6.627 5.373-12 12-12h40c6.627 0 12 5.373 12 12v67h112.5V112H304v24c0 13.255-10.745 24-24 24H168c-13.255 0-24-10.745-24-24v-24H79.5v351zM266 64h-26V38a6 6 0 0 0-6-6h-20a6 6 0 0 0-6 6v26h-26a6 6 0 0 0-6 6v20a6 6 0 0 0 6 6h26v26a6 6 0 0 0 6 6h20a6 6 0 0 0 6-6V96h26a6 6 0 0 0 6-6V70a6 6 0 0 0-6-6z\"><\/path><\/svg>\t\t\t\t\t\t<\/span>\n\t\t\t\t\t\t\t\t\t\t<span class=\"elementor-icon-list-text\">Durata della degenza ospedaliera: non richiesta<\/span>\n\t\t\t\t\t\t\t\t\t<\/li>\n\t\t\t\t\t\t\t\t<li class=\"elementor-icon-list-item\">\n\t\t\t\t\t\t\t\t\t\t\t<span class=\"elementor-icon-list-icon\">\n\t\t\t\t\t\t\t<svg aria-hidden=\"true\" class=\"e-font-icon-svg e-far-clock\" viewbox=\"0 0 512 512\" xmlns=\"http:\/\/www.w3.org\/2000\/svg\"><path d=\"M256 8C119 8 8 119 8 256s111 248 248 248 248-111 248-248S393 8 256 8zm0 448c-110.5 0-200-89.5-200-200S145.5 56 256 56s200 89.5 200 200-89.5 200-200 200zm61.8-104.4l-84.9-61.7c-3.1-2.3-4.9-5.9-4.9-9.7V116c0-6.6 5.4-12 12-12h32c6.6 0 12 5.4 12 12v141.7l66.8 48.6c5.4 3.9 6.5 11.4 2.6 16.8L334.6 349c-3.9 5.3-11.4 6.5-16.8 2.6z\"><\/path><\/svg>\t\t\t\t\t\t<\/span>\n\t\t\t\t\t\t\t\t\t\t<span class=\"elementor-icon-list-text\">Tempo di funzionamento: 6-8 ore<\/span>\n\t\t\t\t\t\t\t\t\t<\/li>\n\t\t\t\t\t\t\t\t<li class=\"elementor-icon-list-item\">\n\t\t\t\t\t\t\t\t\t\t\t<span class=\"elementor-icon-list-icon\">\n\t\t\t\t\t\t\t<svg aria-hidden=\"true\" class=\"e-font-icon-svg e-fas-syringe\" viewbox=\"0 0 512 512\" xmlns=\"http:\/\/www.w3.org\/2000\/svg\"><path d=\"M201.5 174.8l55.7 55.8c3.1 3.1 3.1 8.2 0 11.3l-11.3 11.3c-3.1 3.1-8.2 3.1-11.3 0l-55.7-55.8-45.3 45.3 55.8 55.8c3.1 3.1 3.1 8.2 0 11.3l-11.3 11.3c-3.1 3.1-8.2 3.1-11.3 0L111 265.2l-26.4 26.4c-17.3 17.3-25.6 41.1-23 65.4l7.1 63.6L2.3 487c-3.1 3.1-3.1 8.2 0 11.3l11.3 11.3c3.1 3.1 8.2 3.1 11.3 0l66.3-66.3 63.6 7.1c23.9 2.6 47.9-5.4 65.4-23l181.9-181.9-135.7-135.7-64.9 65zm308.2-93.3L430.5 2.3c-3.1-3.1-8.2-3.1-11.3 0l-11.3 11.3c-3.1 3.1-3.1 8.2 0 11.3l28.3 28.3-45.3 45.3-56.6-56.6-17-17c-3.1-3.1-8.2-3.1-11.3 0l-33.9 33.9c-3.1 3.1-3.1 8.2 0 11.3l17 17L424.8 223l17 17c3.1 3.1 8.2 3.1 11.3 0l33.9-34c3.1-3.1 3.1-8.2 0-11.3l-73.5-73.5 45.3-45.3 28.3 28.3c3.1 3.1 8.2 3.1 11.3 0l11.3-11.3c3.1-3.2 3.1-8.2 0-11.4z\"><\/path><\/svg>\t\t\t\t\t\t<\/span>\n\t\t\t\t\t\t\t\t\t\t<span class=\"elementor-icon-list-text\">Anestesia: generale<\/span>\n\t\t\t\t\t\t\t\t\t<\/li>\n\t\t\t\t\t\t\t\t<li class=\"elementor-icon-list-item\">\n\t\t\t\t\t\t\t\t\t\t\t<span class=\"elementor-icon-list-icon\">\n\t\t\t\t\t\t\t<svg aria-hidden=\"true\" class=\"e-font-icon-svg e-far-heart\" viewbox=\"0 0 512 512\" xmlns=\"http:\/\/www.w3.org\/2000\/svg\"><path d=\"M458.4 64.3C400.6 15.7 311.3 23 256 79.3 200.7 23 111.4 15.6 53.6 64.3-21.6 127.6-10.6 230.8 43 285.5l175.4 178.7c10 10.2 23.4 15.9 37.6 15.9 14.3 0 27.6-5.6 37.6-15.8L469 285.6c53.5-54.7 64.7-157.9-10.6-221.3zm-23.6 187.5L259.4 430.5c-2.4 2.4-4.4 2.4-6.8 0L77.2 251.8c-36.5-37.2-43.9-107.6 7.3-150.7 38.9-32.7 98.9-27.8 136.5 10.5l35 35.7 35-35.7c37.8-38.5 97.8-43.2 136.5-10.6 51.1 43.1 43.5 113.9 7.3 150.8z\"><\/path><\/svg>\t\t\t\t\t\t<\/span>\n\t\t\t\t\t\t\t\t\t\t<span class=\"elementor-icon-list-text\">Tempo di recupero: immediato<\/span>\n\t\t\t\t\t\t\t\t\t<\/li>\n\t\t\t\t\t\t<\/ul>\n\t\t\t\t\t\t<\/div>\n\t\t\t\t<\/div>\n\t\t\t\t<div class=\"elementor-element elementor-element-d046e2d elementor-align-justify elementor-widget elementor-widget-button\" data-id=\"d046e2d\" data-element_type=\"widget\" data-widget_type=\"button.default\">\n\t\t\t\t<div class=\"elementor-widget-container\">\n\t\t\t\t\t\t\t\t\t<div class=\"elementor-button-wrapper\">\n\t\t\t\t\t<a class=\"elementor-button elementor-button-link elementor-size-sm elementor-animation-buzz\" href=\"https:\/\/seldacenter.com\/it\/\">\n\t\t\t\t\t\t<span class=\"elementor-button-content-wrapper\">\n\t\t\t\t\t\t\t\t\t<span class=\"elementor-button-text\">Prendi un appuntamento adesso<\/span>\n\t\t\t\t\t<\/span>\n\t\t\t\t\t<\/a>\n\t\t\t\t<\/div>\n\t\t\t\t\t\t\t\t<\/div>\n\t\t\t\t<\/div>\n\t\t\t\t\t<\/div>\n\t\t<\/div>\n\t\t\t\t\t<\/div>\n\t\t<\/section>\n\t\t\t\t<section class=\"elementor-section elementor-top-section elementor-element elementor-element-37c65ca8 elementor-section-boxed elementor-section-height-default elementor-section-height-default\" data-id=\"37c65ca8\" data-element_type=\"section\">\n\t\t\t\t\t\t<div class=\"elementor-container elementor-column-gap-default\">\n\t\t\t\t\t<div class=\"elementor-column elementor-col-100 elementor-top-column elementor-element elementor-element-4591fc18\" data-id=\"4591fc18\" data-element_type=\"column\">\n\t\t\t<div class=\"elementor-widget-wrap elementor-element-populated\">\n\t\t\t\t\t\t<div class=\"elementor-element elementor-element-799723e2 elementor-widget elementor-widget-text-editor\" data-id=\"799723e2\" data-element_type=\"widget\" data-widget_type=\"text-editor.default\">\n\t\t\t\t<div class=\"elementor-widget-container\">\n\t\t\t\t\t\t\t\t\tAl giorno d\u2019oggi, l\u2019obesit\u00e0 \u00e8 diventata un problema sanitario comune in tutto il mondo. Molti problemi di salute affrontati dalle persone in sovrappeso hanno aumentato la domanda di metodi di perdita di peso. Il botox nello stomaco si distingue come una soluzione innovativa ed efficace in questo campo. In questo articolo ci concentreremo su argomenti come cos\u2019\u00e8 il metodo del botox gastrico, come viene applicato, i suoi vantaggi e i suoi rischi.\n\n<strong>Cos&#039;\u00e8 il Botox per lo stomaco?<\/strong>\n\nIl botox nello stomaco \u00e8 una procedura eseguita con iniezioni di tossina botulinica. La tossina botulinica \u00e8 nota come una sostanza che paralizza temporaneamente i muscoli del corpo. Il botox dello stomaco mira a fornire il controllo dell&#039;appetito riducendo temporaneamente la motilit\u00e0 dello stomaco utilizzando questa tossina iniettata nei muscoli dello stomaco.\n\n<strong>Come si applica il Botox allo stomaco?<\/strong>\n\nL&#039;applicazione di botox allo stomaco di solito include i seguenti passaggi:\n<ol>\n \t<li><strong>Revisione della premessa:<\/strong> Prima della candidatura viene valutato lo stato di salute generale del paziente e si determina se \u00e8 un candidato idoneo.<\/li>\n \t<li><strong>Anestesia:<\/strong> La procedura viene solitamente eseguita in anestesia locale. Ci\u00f2 garantisce che il paziente non senta dolore.<\/li>\n \t<li><strong>Iniezione:<\/strong> La tossina botulinica viene iniettata nei muscoli dello stomaco attraverso aghi sottili. Le iniezioni vengono solitamente effettuate tramite un metodo endoscopico.<\/li>\n \t<li><strong>Monitoraggio e valutazione:<\/strong> Dopo l&#039;applicazione, il paziente viene monitorato per un po&#039; e vengono valutati gli effetti.<\/li>\n<\/ol>\n<strong>Come funziona il Botox per lo stomaco?<\/strong>\n\nLa tossina botulinica, quando iniettata nei muscoli dello stomaco, riduce temporaneamente la motilit\u00e0 dello stomaco. Ci\u00f2 pu\u00f2 rallentare il processo di svuotamento gastrico, creando una sensazione di pienezza. C&#039;\u00e8 il desiderio di mangiare piccole quantit\u00e0 di cibo, il che pu\u00f2 favorire la perdita di peso.\n\n<strong>Quali sono i vantaggi?<\/strong>\n<ol>\n \t<li><strong>Un&#039;opzione non chirurgica:<\/strong> Il botox nello stomaco offre un\u2019opzione non chirurgica per la perdita di peso. Riduce al minimo i rischi dell\u2019intervento chirurgico e del processo di recupero.<\/li>\n \t<li><strong>Effetto a breve termine:<\/strong> L&#039;effetto della tossina botulinica \u00e8 temporaneo, il che aiuta a ridurre al minimo le conseguenze indesiderate del trattamento.<\/li>\n \t<li><strong>Controllo dell&#039;appetito:<\/strong> Il botox dello stomaco pu\u00f2 aiutare una persona a mangiare meno controllando l\u2019appetito.<\/li>\n<\/ol>\n<strong>Rischi e cose da considerare<\/strong>\n<ol>\n \t<li><strong>Effetto temporaneo:<\/strong> L&#039;effetto della tossina botulinica \u00e8 limitato, pertanto il trattamento deve essere ripetuto ad intervalli regolari.<\/li>\n \t<li><strong>Effetti collaterali:<\/strong> Possono verificarsi effetti collaterali come dolore nel sito di iniezione, nausea e vomito.<\/li>\n \t<li><strong>Candidati idonei:<\/strong> Il botox gastrico \u00e8 adatto a soggetti che non considerano un intervento chirurgico per la perdita di peso e che soddisfano determinati criteri.<\/li>\n<\/ol>\n<strong>Insomma<\/strong>\n\nIl botox nello stomaco attira l\u2019attenzione come opzione non chirurgica per la perdita di peso. Tuttavia, come per qualsiasi metodo di trattamento, \u00e8 importante consultare un operatore sanitario specializzato in base alle condizioni di salute e alle esigenze della persona. Sebbene il botox gastrico sia ancora una nuova area per la gestione del peso, potrebbe attirare maggiore attenzione in futuro grazie ai suoi potenziali vantaggi.\t\t\t\t\t\t\t\t<\/div>\n\t\t\t\t<\/div>\n\t\t\t\t\t<\/div>\n\t\t<\/div>\n\t\t\t\t\t<\/div>\n\t\t<\/section>\n\t\t\t\t<\/div>","protected":false},"excerpt":{"rendered":"<p>Mide Botoksu Hastanede Kal\u0131\u015f S\u00fcresi: Gerekli De\u011fil Operasyon S\u00fcresi: 6-8 Saat Anestezi: Genel \u0130yile\u015fme S\u00fcresi: Hemen Hemen Randevu Al\u0131n G\u00fcn\u00fcm\u00fczde obezite, d\u00fcnya genelinde yayg\u0131n bir sa\u011fl\u0131k sorunu haline gelmi\u015ftir. Kilolu bireylerin kar\u015f\u0131la\u015ft\u0131\u011f\u0131 pek \u00e7ok sa\u011fl\u0131k problemi, kilo kayb\u0131 y\u00f6ntemlerine olan talebi art\u0131rm\u0131\u015ft\u0131r. Mide botoksu, bu alanda yenilik\u00e7i ve etkili bir \u00e7\u00f6z\u00fcm olarak \u00f6ne \u00e7\u0131kmaktad\u0131r. Bu [&hellip;]<\/p>\n","protected":false},"author":2,"featured_media":0,"parent":0,"menu_order":0,"comment_status":"closed","ping_status":"closed","template":"","meta":{"postBodyMargin":[],"postBodyPadding":[],"postBodyBackground":{"backgroundType":"classic","gradient":""},"footnotes":""},"class_list":["post-13673","page","type-page","status-publish","hentry"],"_links":{"self":[{"href":"https:\/\/seldacenter.com\/it\/wp-json\/wp\/v2\/pages\/13673","targetHints":{"allow":["GET"]}}],"collection":[{"href":"https:\/\/seldacenter.com\/it\/wp-json\/wp\/v2\/pages"}],"about":[{"href":"https:\/\/seldacenter.com\/it\/wp-json\/wp\/v2\/types\/page"}],"author":[{"embeddable":true,"href":"https:\/\/seldacenter.com\/it\/wp-json\/wp\/v2\/users\/2"}],"replies":[{"embeddable":true,"href":"https:\/\/seldacenter.com\/it\/wp-json\/wp\/v2\/comments?post=13673"}],"version-history":[{"count":10,"href":"https:\/\/seldacenter.com\/it\/wp-json\/wp\/v2\/pages\/13673\/revisions"}],"predecessor-version":[{"id":14235,"href":"https:\/\/seldacenter.com\/it\/wp-json\/wp\/v2\/pages\/13673\/revisions\/14235"}],"wp:attachment":[{"href":"https:\/\/seldacenter.com\/it\/wp-json\/wp\/v2\/media?parent=13673"}],"curies":[{"name":"wp","href":"https:\/\/api.w.org\/{rel}","templated":true}]}}