{"id":13671,"date":"2024-02-21T23:16:09","date_gmt":"2024-02-21T23:16:09","guid":{"rendered":"https:\/\/seldacenter.com\/?page_id=13671"},"modified":"2024-02-25T06:23:57","modified_gmt":"2024-02-25T06:23:57","slug":"mide-balonu-2","status":"publish","type":"page","link":"https:\/\/seldacenter.com\/it\/mide-balonu-2\/","title":{"rendered":"Pallone gastrico"},"content":{"rendered":"<div data-elementor-type=\"wp-page\" data-elementor-id=\"13671\" class=\"elementor elementor-13671\" data-elementor-post-type=\"page\">\n\t\t\t\t\t\t<section class=\"elementor-section elementor-top-section elementor-element elementor-element-ea12260 elementor-section-boxed elementor-section-height-default elementor-section-height-default\" data-id=\"ea12260\" data-element_type=\"section\">\n\t\t\t\t\t\t<div class=\"elementor-container elementor-column-gap-default\">\n\t\t\t\t\t<div class=\"elementor-column elementor-col-50 elementor-top-column elementor-element elementor-element-05e5b31\" data-id=\"05e5b31\" data-element_type=\"column\" data-settings=\"{&quot;background_background&quot;:&quot;classic&quot;}\">\n\t\t\t<div class=\"elementor-widget-wrap elementor-element-populated\">\n\t\t\t\t\t\t\t<\/div>\n\t\t<\/div>\n\t\t\t\t<div class=\"elementor-column elementor-col-50 elementor-top-column elementor-element elementor-element-a531ee9\" data-id=\"a531ee9\" data-element_type=\"column\">\n\t\t\t<div class=\"elementor-widget-wrap elementor-element-populated\">\n\t\t\t\t\t\t<div class=\"elementor-element elementor-element-f8fbcf6 elementor-widget-divider--view-line_text elementor-widget-divider--element-align-left elementor-widget elementor-widget-divider\" data-id=\"f8fbcf6\" data-element_type=\"widget\" data-widget_type=\"divider.default\">\n\t\t\t\t<div class=\"elementor-widget-container\">\n\t\t\t\t\t\t\t<div class=\"elementor-divider\">\n\t\t\t<span class=\"elementor-divider-separator\">\n\t\t\t\t\t\t\t<h3 class=\"elementor-divider__text elementor-divider__element\">\n\t\t\t\tPallone gastrico\t\t\t\t<\/h3>\n\t\t\t\t\t\t<\/span>\n\t\t<\/div>\n\t\t\t\t\t\t<\/div>\n\t\t\t\t<\/div>\n\t\t\t\t<div class=\"elementor-element elementor-element-1bbe128 elementor-align-left elementor-icon-list--layout-traditional elementor-list-item-link-full_width elementor-widget elementor-widget-icon-list\" data-id=\"1bbe128\" data-element_type=\"widget\" data-widget_type=\"icon-list.default\">\n\t\t\t\t<div class=\"elementor-widget-container\">\n\t\t\t\t\t\t\t<ul class=\"elementor-icon-list-items\">\n\t\t\t\t\t\t\t<li class=\"elementor-icon-list-item\">\n\t\t\t\t\t\t\t\t\t\t\t<span class=\"elementor-icon-list-icon\">\n\t\t\t\t\t\t\t<svg aria-hidden=\"true\" class=\"e-font-icon-svg e-far-hospital\" viewbox=\"0 0 448 512\" xmlns=\"http:\/\/www.w3.org\/2000\/svg\"><path d=\"M128 244v-40c0-6.627 5.373-12 12-12h40c6.627 0 12 5.373 12 12v40c0 6.627-5.373 12-12 12h-40c-6.627 0-12-5.373-12-12zm140 12h40c6.627 0 12-5.373 12-12v-40c0-6.627-5.373-12-12-12h-40c-6.627 0-12 5.373-12 12v40c0 6.627 5.373 12 12 12zm-76 84v-40c0-6.627-5.373-12-12-12h-40c-6.627 0-12 5.373-12 12v40c0 6.627 5.373 12 12 12h40c6.627 0 12-5.373 12-12zm76 12h40c6.627 0 12-5.373 12-12v-40c0-6.627-5.373-12-12-12h-40c-6.627 0-12 5.373-12 12v40c0 6.627 5.373 12 12 12zm180 124v36H0v-36c0-6.627 5.373-12 12-12h19.5V85.035C31.5 73.418 42.245 64 55.5 64H144V24c0-13.255 10.745-24 24-24h112c13.255 0 24 10.745 24 24v40h88.5c13.255 0 24 9.418 24 21.035V464H436c6.627 0 12 5.373 12 12zM79.5 463H192v-67c0-6.627 5.373-12 12-12h40c6.627 0 12 5.373 12 12v67h112.5V112H304v24c0 13.255-10.745 24-24 24H168c-13.255 0-24-10.745-24-24v-24H79.5v351zM266 64h-26V38a6 6 0 0 0-6-6h-20a6 6 0 0 0-6 6v26h-26a6 6 0 0 0-6 6v20a6 6 0 0 0 6 6h26v26a6 6 0 0 0 6 6h20a6 6 0 0 0 6-6V96h26a6 6 0 0 0 6-6V70a6 6 0 0 0-6-6z\"><\/path><\/svg>\t\t\t\t\t\t<\/span>\n\t\t\t\t\t\t\t\t\t\t<span class=\"elementor-icon-list-text\">Durata della degenza ospedaliera: non richiesta<\/span>\n\t\t\t\t\t\t\t\t\t<\/li>\n\t\t\t\t\t\t\t\t<li class=\"elementor-icon-list-item\">\n\t\t\t\t\t\t\t\t\t\t\t<span class=\"elementor-icon-list-icon\">\n\t\t\t\t\t\t\t<svg aria-hidden=\"true\" class=\"e-font-icon-svg e-far-clock\" viewbox=\"0 0 512 512\" xmlns=\"http:\/\/www.w3.org\/2000\/svg\"><path d=\"M256 8C119 8 8 119 8 256s111 248 248 248 248-111 248-248S393 8 256 8zm0 448c-110.5 0-200-89.5-200-200S145.5 56 256 56s200 89.5 200 200-89.5 200-200 200zm61.8-104.4l-84.9-61.7c-3.1-2.3-4.9-5.9-4.9-9.7V116c0-6.6 5.4-12 12-12h32c6.6 0 12 5.4 12 12v141.7l66.8 48.6c5.4 3.9 6.5 11.4 2.6 16.8L334.6 349c-3.9 5.3-11.4 6.5-16.8 2.6z\"><\/path><\/svg>\t\t\t\t\t\t<\/span>\n\t\t\t\t\t\t\t\t\t\t<span class=\"elementor-icon-list-text\">Tempo di funzionamento: 6-8 ore<\/span>\n\t\t\t\t\t\t\t\t\t<\/li>\n\t\t\t\t\t\t\t\t<li class=\"elementor-icon-list-item\">\n\t\t\t\t\t\t\t\t\t\t\t<span class=\"elementor-icon-list-icon\">\n\t\t\t\t\t\t\t<svg aria-hidden=\"true\" class=\"e-font-icon-svg e-fas-syringe\" viewbox=\"0 0 512 512\" xmlns=\"http:\/\/www.w3.org\/2000\/svg\"><path d=\"M201.5 174.8l55.7 55.8c3.1 3.1 3.1 8.2 0 11.3l-11.3 11.3c-3.1 3.1-8.2 3.1-11.3 0l-55.7-55.8-45.3 45.3 55.8 55.8c3.1 3.1 3.1 8.2 0 11.3l-11.3 11.3c-3.1 3.1-8.2 3.1-11.3 0L111 265.2l-26.4 26.4c-17.3 17.3-25.6 41.1-23 65.4l7.1 63.6L2.3 487c-3.1 3.1-3.1 8.2 0 11.3l11.3 11.3c3.1 3.1 8.2 3.1 11.3 0l66.3-66.3 63.6 7.1c23.9 2.6 47.9-5.4 65.4-23l181.9-181.9-135.7-135.7-64.9 65zm308.2-93.3L430.5 2.3c-3.1-3.1-8.2-3.1-11.3 0l-11.3 11.3c-3.1 3.1-3.1 8.2 0 11.3l28.3 28.3-45.3 45.3-56.6-56.6-17-17c-3.1-3.1-8.2-3.1-11.3 0l-33.9 33.9c-3.1 3.1-3.1 8.2 0 11.3l17 17L424.8 223l17 17c3.1 3.1 8.2 3.1 11.3 0l33.9-34c3.1-3.1 3.1-8.2 0-11.3l-73.5-73.5 45.3-45.3 28.3 28.3c3.1 3.1 8.2 3.1 11.3 0l11.3-11.3c3.1-3.2 3.1-8.2 0-11.4z\"><\/path><\/svg>\t\t\t\t\t\t<\/span>\n\t\t\t\t\t\t\t\t\t\t<span class=\"elementor-icon-list-text\">Anestesia: locale<\/span>\n\t\t\t\t\t\t\t\t\t<\/li>\n\t\t\t\t\t\t\t\t<li class=\"elementor-icon-list-item\">\n\t\t\t\t\t\t\t\t\t\t\t<span class=\"elementor-icon-list-icon\">\n\t\t\t\t\t\t\t<svg aria-hidden=\"true\" class=\"e-font-icon-svg e-far-heart\" viewbox=\"0 0 512 512\" xmlns=\"http:\/\/www.w3.org\/2000\/svg\"><path d=\"M458.4 64.3C400.6 15.7 311.3 23 256 79.3 200.7 23 111.4 15.6 53.6 64.3-21.6 127.6-10.6 230.8 43 285.5l175.4 178.7c10 10.2 23.4 15.9 37.6 15.9 14.3 0 27.6-5.6 37.6-15.8L469 285.6c53.5-54.7 64.7-157.9-10.6-221.3zm-23.6 187.5L259.4 430.5c-2.4 2.4-4.4 2.4-6.8 0L77.2 251.8c-36.5-37.2-43.9-107.6 7.3-150.7 38.9-32.7 98.9-27.8 136.5 10.5l35 35.7 35-35.7c37.8-38.5 97.8-43.2 136.5-10.6 51.1 43.1 43.5 113.9 7.3 150.8z\"><\/path><\/svg>\t\t\t\t\t\t<\/span>\n\t\t\t\t\t\t\t\t\t\t<span class=\"elementor-icon-list-text\">Tempo di recupero: 6-12 mesi<\/span>\n\t\t\t\t\t\t\t\t\t<\/li>\n\t\t\t\t\t\t<\/ul>\n\t\t\t\t\t\t<\/div>\n\t\t\t\t<\/div>\n\t\t\t\t<div class=\"elementor-element elementor-element-f650fc2 elementor-align-justify elementor-widget elementor-widget-button\" data-id=\"f650fc2\" data-element_type=\"widget\" data-widget_type=\"button.default\">\n\t\t\t\t<div class=\"elementor-widget-container\">\n\t\t\t\t\t\t\t\t\t<div class=\"elementor-button-wrapper\">\n\t\t\t\t\t<a class=\"elementor-button elementor-button-link elementor-size-sm elementor-animation-buzz\" href=\"https:\/\/seldacenter.com\/it\/\">\n\t\t\t\t\t\t<span class=\"elementor-button-content-wrapper\">\n\t\t\t\t\t\t\t\t\t<span class=\"elementor-button-text\">Prendi un appuntamento adesso<\/span>\n\t\t\t\t\t<\/span>\n\t\t\t\t\t<\/a>\n\t\t\t\t<\/div>\n\t\t\t\t\t\t\t\t<\/div>\n\t\t\t\t<\/div>\n\t\t\t\t\t<\/div>\n\t\t<\/div>\n\t\t\t\t\t<\/div>\n\t\t<\/section>\n\t\t\t\t<section class=\"elementor-section elementor-top-section elementor-element elementor-element-1f155491 elementor-section-boxed elementor-section-height-default elementor-section-height-default\" data-id=\"1f155491\" data-element_type=\"section\">\n\t\t\t\t\t\t<div class=\"elementor-container elementor-column-gap-default\">\n\t\t\t\t\t<div class=\"elementor-column elementor-col-100 elementor-top-column elementor-element elementor-element-69a5267f\" data-id=\"69a5267f\" data-element_type=\"column\">\n\t\t\t<div class=\"elementor-widget-wrap elementor-element-populated\">\n\t\t\t\t\t\t<div class=\"elementor-element elementor-element-5e128659 elementor-widget elementor-widget-text-editor\" data-id=\"5e128659\" data-element_type=\"widget\" data-widget_type=\"text-editor.default\">\n\t\t\t\t<div class=\"elementor-widget-container\">\n\t\t\t\t\t\t\t\t\tOggi, il controllo del peso \u00e8 un problema importante che influisce sulla qualit\u00e0 della vita di molte persone. In questo contesto, il palloncino gastrico \u00e8 una soluzione non chirurgica che sta diventando sempre pi\u00f9 popolare nella gestione della perdita di peso e dell&#039;obesit\u00e0. In questo articolo, discuteremo cos&#039;\u00e8 un palloncino gastrico, come viene inserito, a chi \u00e8 adatto, i suoi vantaggi e i punti da considerare.\n\n<strong>Che cosa \u00e8 un palloncino gastrico?<\/strong>\n\nIl palloncino gastrico \u00e8 un palloncino che viene inserito nello stomaco per via endoscopica, senza intervento chirurgico o punti di sutura, occupando spazio e facilitando il senso di saziet\u00e0 precoce e l&#039;aderenza alla dieta. Questo metodo \u00e8 un&#039;opzione terapeutica efficace che favorisce la perdita di peso e aiuta le persone che lottano contro l&#039;obesit\u00e0.\n\n<strong>Come viene inserito il palloncino gastrico?<\/strong>\n\nIl palloncino gastrico viene solitamente inserito in due modi: per via endoscopica e sotto forma di capsula deglutibile. I palloncini gastrici inseriti per via endoscopica vengono inseriti nello stomaco del paziente presso l&#039;unit\u00e0 di endoscopia. Questa procedura richiede solitamente 15 minuti e i pazienti vengono tenuti sotto sedazione durante la procedura, in modo da non avvertire alcun dolore o fastidio. Un altro metodo prevede l&#039;utilizzo di palloncini gastrici deglutibili. Questi palloncini vengono deglutiti con acqua e gonfiati con un liquido speciale dopo averne determinato la posizione mediante radiografia.\n\n<strong>Per chi \u00e8 adatto?<\/strong>\n\nIl palloncino gastrico \u00e8 adatto a chi non ha ottenuto risultati con dieta ed esercizio fisico per perdere peso, ha un&#039;et\u00e0 compresa tra 18 e 55 anni e un indice di massa corporea superiore a 27. Tuttavia, questo metodo non \u00e8 raccomandato per chi soffre di ulcere gastriche gravi, patologie che richiedono l&#039;asportazione parziale o totale dello stomaco e ernie gastriche importanti.\n\n<strong>Vantaggi e punti da considerare<\/strong>\n\nVantaggi:\n<ol>\n \t<li><strong>Un&#039;opzione non chirurgica:<\/strong> Il palloncino gastrico \u00e8 un metodo di controllo del peso non chirurgico che non richiede alcun intervento chirurgico.<\/li>\n \t<li><strong>Risultati rapidi:<\/strong> Dopo l&#039;applicazione del palloncino gastrico, la perdita di peso pu\u00f2 iniziare rapidamente e aumentare la motivazione.<\/li>\n \t<li><strong>Un processo reversibile:<\/strong> Il palloncino gastrico pu\u00f2 essere rimosso in qualsiasi momento, il che significa che la procedura \u00e8 reversibile.<\/li>\n<\/ol>\nPunti da considerare:\n<ol>\n \t<li><strong>Supervisione di esperti:<\/strong> L&#039;applicazione del palloncino gastrico deve essere eseguita da un professionista sanitario qualificato, tenendo in considerazione lo stato di salute generale del paziente.<\/li>\n \t<li><strong>Una soluzione temporanea:<\/strong> L&#039;effetto del palloncino gastrico \u00e8 temporaneo e dopo un certo periodo di tempo deve essere rimosso.<\/li>\n \t<li><strong>Effetti collaterali e rischi:<\/strong> Dopo l&#039;applicazione possono verificarsi alcuni effetti collaterali, come nausea e vomito. Tuttavia, questi rischi sono generalmente bassi.<\/li>\n<\/ol>\n<strong>Palloncino gastrico e controllo del peso<\/strong>\n\nIl palloncino gastrico crea una sensazione di saziet\u00e0 aumentando il volume dello stomaco. In questo modo, l&#039;individuo mangia meno e inizia il processo di perdita di peso. Tuttavia, il palloncino gastrico non \u00e8 di per s\u00e9 una soluzione miracolosa. Per mantenere la perdita di peso, \u00e8 importante adottare un&#039;alimentazione equilibrata e praticare regolarmente attivit\u00e0 fisica.\n\n<strong>Insomma<\/strong>\n\nIl palloncino gastrico si distingue come un&#039;opzione efficace e sicura per il controllo del peso. Tuttavia, poich\u00e9 le condizioni di salute di ogni individuo sono diverse, \u00e8 importante consultare uno specialista prima dell&#039;applicazione del palloncino gastrico. Chi desidera perdere peso con un palloncino gastrico pu\u00f2 contattare uno specialista e creare una valutazione e un piano di trattamento dettagliati.\t\t\t\t\t\t\t\t<\/div>\n\t\t\t\t<\/div>\n\t\t\t\t\t<\/div>\n\t\t<\/div>\n\t\t\t\t\t<\/div>\n\t\t<\/section>\n\t\t\t\t<\/div>","protected":false},"excerpt":{"rendered":"<p>Mide Balonu Hastanede Kal\u0131\u015f S\u00fcresi: Gerekli De\u011fil Operasyon S\u00fcresi: 6-8 Saat Anestezi: Lokal \u0130yile\u015fme S\u00fcresi: 6-12 Ay Hemen Randevu Al\u0131n G\u00fcn\u00fcm\u00fczde kilo kontrol\u00fc, pek \u00e7ok bireyin ya\u015fam kalitesini etkileyen \u00f6nemli bir konudur. Bu ba\u011flamda, mide balonu, kilo kayb\u0131 ve obezite y\u00f6netimi konusunda giderek daha pop\u00fcler hale gelen ameliyats\u0131z bir \u00e7\u00f6z\u00fcmd\u00fcr. Bu makalede, mide balonunun nedir, [&hellip;]<\/p>\n","protected":false},"author":2,"featured_media":0,"parent":0,"menu_order":0,"comment_status":"closed","ping_status":"closed","template":"","meta":{"postBodyMargin":[],"postBodyPadding":[],"postBodyBackground":{"backgroundType":"classic","gradient":""},"footnotes":""},"class_list":["post-13671","page","type-page","status-publish","hentry"],"_links":{"self":[{"href":"https:\/\/seldacenter.com\/it\/wp-json\/wp\/v2\/pages\/13671","targetHints":{"allow":["GET"]}}],"collection":[{"href":"https:\/\/seldacenter.com\/it\/wp-json\/wp\/v2\/pages"}],"about":[{"href":"https:\/\/seldacenter.com\/it\/wp-json\/wp\/v2\/types\/page"}],"author":[{"embeddable":true,"href":"https:\/\/seldacenter.com\/it\/wp-json\/wp\/v2\/users\/2"}],"replies":[{"embeddable":true,"href":"https:\/\/seldacenter.com\/it\/wp-json\/wp\/v2\/comments?post=13671"}],"version-history":[{"count":4,"href":"https:\/\/seldacenter.com\/it\/wp-json\/wp\/v2\/pages\/13671\/revisions"}],"predecessor-version":[{"id":13928,"href":"https:\/\/seldacenter.com\/it\/wp-json\/wp\/v2\/pages\/13671\/revisions\/13928"}],"wp:attachment":[{"href":"https:\/\/seldacenter.com\/it\/wp-json\/wp\/v2\/media?parent=13671"}],"curies":[{"name":"wp","href":"https:\/\/api.w.org\/{rel}","templated":true}]}}