{"id":13660,"date":"2024-02-21T23:09:35","date_gmt":"2024-02-21T23:09:35","guid":{"rendered":"https:\/\/seldacenter.com\/?page_id=13660"},"modified":"2024-02-21T23:09:36","modified_gmt":"2024-02-21T23:09:36","slug":"dhi-kas-ekimi-2","status":"publish","type":"page","link":"https:\/\/seldacenter.com\/it\/dhi-kas-ekimi-2\/","title":{"rendered":"Trapianto di sopracciglia DHI"},"content":{"rendered":"<p>Le sopracciglia sono un elemento estetico importante che definisce la cornice del viso e ne completa l&#039;espressione. Tuttavia, a causa di fattori genetici, cambiamenti ormonali o altre cause, sopracciglia rade o assenti possono influire negativamente sull&#039;autostima di molte persone. Il trapianto di sopracciglia DHI (Direct Hair Implantation) \u00e8 una soluzione moderna ed efficace sviluppata per risolvere questi problemi.<\/p><p><strong>Che cos&#039;\u00e8 il trapianto di sopracciglia DHI?<\/strong> Il trapianto di sopracciglia DHI \u00e8 una tecnica basata sul principio di prelevare direttamente i follicoli piliferi e trapiantarli nella zona delle sopracciglia utilizzando aghi a punta sottile inseriti in una penna speciale. Questo metodo promette un processo di guarigione pi\u00f9 rapido e risultati pi\u00f9 naturali, a differenza del trapianto di sopracciglia tradizionale.<\/p><p><strong>Vantaggi della tecnica DHI:<\/strong><\/p><ul class=\"wp-block-list\"><li><strong>Risultati naturali e delicati:<\/strong> La tecnica DHI preleva direttamente i follicoli piliferi e li trapianta, garantendo un risultato dall&#039;aspetto naturale. Lo speciale sistema a penna consente tagli pi\u00f9 precisi e una definizione accurata della forma e della densit\u00e0 delle sopracciglia.<\/li>\n\n<li><strong>Dolore e disagio minimi:<\/strong> Poich\u00e9 viene utilizzata l&#039;anestesia locale, i pazienti solitamente avvertono un dolore e un fastidio minimi.<\/li>\n\n<li><strong>Recupero rapido:<\/strong> La tecnica DHI consente incisioni pi\u00f9 piccole e tempi di recupero pi\u00f9 rapidi. I pazienti possono generalmente riprendere le loro attivit\u00e0 quotidiane in breve tempo.<\/li><\/ul><p><strong>Intervento di trapianto di sopracciglia DHI:<\/strong> L&#039;operazione di trapianto di sopracciglia DHI viene eseguita in anestesia locale. Gli aghi contenuti in una speciale penna prelevano i follicoli piliferi uno a uno e li inseriscono nella zona delle sopracciglia. Durante l&#039;operazione si avverte un dolore e un fastidio minimi.<\/p><p><strong>Domande frequenti:<\/strong><\/p><p><strong>1. Il trapianto di sopracciglia DHI \u00e8 doloroso?<\/strong><\/p><ul class=\"wp-block-list\"><li>No, poich\u00e9 l&#039;operazione viene eseguita in anestesia locale, i pazienti solitamente avvertono un dolore e un fastidio minimi.<\/li><\/ul><p><strong>2. Come avviene il processo di recupero dopo il trapianto di sopracciglia?<\/strong><\/p><ul class=\"wp-block-list\"><li>La tecnica DHI prevede piccole incisioni, consentendo una guarigione pi\u00f9 rapida. Il processo di guarigione si completa solitamente entro pochi giorni.<\/li><\/ul><p><strong>3. Quando si possono vedere i risultati del trapianto di sopracciglia?<\/strong><\/p><ul class=\"wp-block-list\"><li>I capelli trapiantati potrebbero cadere nelle prime settimane, ma \u00e8 un processo normale. I nuovi capelli iniziano a crescere entro pochi mesi dall&#039;operazione.<\/li><\/ul><p><strong>4. Il trapianto di sopracciglia \u00e8 permanente?<\/strong><\/p><ul class=\"wp-block-list\"><li>S\u00ec, il trapianto di sopracciglia DHI \u00e8 permanente. Poich\u00e9 i follicoli piliferi vengono trapiantati cos\u00ec come sono stati prelevati, continuano a crescere naturalmente.<\/li><\/ul><p><strong>5. Chi \u00e8 adatto al trapianto di sopracciglia?<\/strong><\/p><ul class=\"wp-block-list\"><li>Chiunque abbia una zona delle sopracciglia rada o carente e, in genere, le persone sane possono prendere in considerazione il trapianto di sopracciglia DHI.<\/li><\/ul><p><strong>Conclusione:<\/strong> Il trapianto di sopracciglia DHI \u00e8 una soluzione moderna ed efficace per chi desidera risolvere la diradazione o l&#039;insufficienza nella zona delle sopracciglia. Risultati naturali, dolore minimo e un rapido recupero rendono la tecnica DHI un&#039;opzione preferibile per l&#039;estetica delle sopracciglia.<\/p>","protected":false},"excerpt":{"rendered":"<p>Ka\u015flar, y\u00fcz\u00fcn \u00e7er\u00e7evesini belirleyen ve ifadeyi tamamlayan \u00f6nemli bir estetik \u00f6\u011fedir. Ancak, genetik fakt\u00f6rler, hormonal de\u011fi\u015fiklikler veya di\u011fer nedenlerle seyrek veya eksik ka\u015flar, bir\u00e7ok ki\u015finin \u00f6zg\u00fcvenini olumsuz etkileyebilir. DHI (Direct Hair Implantation) ka\u015f ekimi, bu sorunlar\u0131 \u00e7\u00f6zmek i\u00e7in geli\u015ftirilen modern ve etkili bir \u00e7\u00f6z\u00fcmd\u00fcr. DHI Ka\u015f Ekimi Nedir? DHI ka\u015f ekimi, \u00f6zel bir kalem i\u00e7indeki [&hellip;]<\/p>\n","protected":false},"author":2,"featured_media":0,"parent":0,"menu_order":0,"comment_status":"closed","ping_status":"closed","template":"","meta":{"postBodyMargin":[],"postBodyPadding":[],"postBodyBackground":{"backgroundType":"classic","gradient":""},"footnotes":""},"class_list":["post-13660","page","type-page","status-publish","hentry"],"_links":{"self":[{"href":"https:\/\/seldacenter.com\/it\/wp-json\/wp\/v2\/pages\/13660","targetHints":{"allow":["GET"]}}],"collection":[{"href":"https:\/\/seldacenter.com\/it\/wp-json\/wp\/v2\/pages"}],"about":[{"href":"https:\/\/seldacenter.com\/it\/wp-json\/wp\/v2\/types\/page"}],"author":[{"embeddable":true,"href":"https:\/\/seldacenter.com\/it\/wp-json\/wp\/v2\/users\/2"}],"replies":[{"embeddable":true,"href":"https:\/\/seldacenter.com\/it\/wp-json\/wp\/v2\/comments?post=13660"}],"version-history":[{"count":1,"href":"https:\/\/seldacenter.com\/it\/wp-json\/wp\/v2\/pages\/13660\/revisions"}],"predecessor-version":[{"id":13661,"href":"https:\/\/seldacenter.com\/it\/wp-json\/wp\/v2\/pages\/13660\/revisions\/13661"}],"wp:attachment":[{"href":"https:\/\/seldacenter.com\/it\/wp-json\/wp\/v2\/media?parent=13660"}],"curies":[{"name":"wp","href":"https:\/\/api.w.org\/{rel}","templated":true}]}}