{"id":13613,"date":"2024-02-17T19:00:31","date_gmt":"2024-02-17T19:00:31","guid":{"rendered":"https:\/\/seldacenter.com\/yeniyapi\/?page_id=13613"},"modified":"2024-03-02T00:36:01","modified_gmt":"2024-03-02T00:36:01","slug":"alt-goz-kapagi-ameliyati","status":"publish","type":"page","link":"https:\/\/seldacenter.com\/it\/alt-goz-kapagi-ameliyati\/","title":{"rendered":"Chirurgia della palpebra inferiore"},"content":{"rendered":"<div data-elementor-type=\"wp-page\" data-elementor-id=\"13613\" class=\"elementor elementor-13613\" data-elementor-post-type=\"page\">\n\t\t\t\t\t\t<section class=\"elementor-section elementor-top-section elementor-element elementor-element-fc9c5f8 elementor-section-boxed elementor-section-height-default elementor-section-height-default\" data-id=\"fc9c5f8\" data-element_type=\"section\">\n\t\t\t\t\t\t<div class=\"elementor-container elementor-column-gap-default\">\n\t\t\t\t\t<div class=\"elementor-column elementor-col-50 elementor-top-column elementor-element elementor-element-b99204d\" data-id=\"b99204d\" data-element_type=\"column\" data-settings=\"{&quot;background_background&quot;:&quot;classic&quot;}\">\n\t\t\t<div class=\"elementor-widget-wrap elementor-element-populated\">\n\t\t\t\t\t\t<div class=\"elementor-element elementor-element-4c622c1 elementor-widget elementor-widget-image\" data-id=\"4c622c1\" data-element_type=\"widget\" data-widget_type=\"image.default\">\n\t\t\t\t<div class=\"elementor-widget-container\">\n\t\t\t\t\t\t\t\t\t\t\t\t\t\t\t<img fetchpriority=\"high\" decoding=\"async\" width=\"996\" height=\"664\" src=\"https:\/\/seldacenter.com\/wp-content\/uploads\/2024\/03\/woman-with-marks-cosmetic-treatment-wearing-surgical-cap_107420-74117.jpg\" class=\"attachment-full size-full wp-image-14148\" alt=\"\" srcset=\"https:\/\/seldacenter.com\/wp-content\/uploads\/2024\/03\/woman-with-marks-cosmetic-treatment-wearing-surgical-cap_107420-74117.jpg 996w, https:\/\/seldacenter.com\/wp-content\/uploads\/2024\/03\/woman-with-marks-cosmetic-treatment-wearing-surgical-cap_107420-74117-600x400.jpg 600w, https:\/\/seldacenter.com\/wp-content\/uploads\/2024\/03\/woman-with-marks-cosmetic-treatment-wearing-surgical-cap_107420-74117-300x200.jpg 300w, https:\/\/seldacenter.com\/wp-content\/uploads\/2024\/03\/woman-with-marks-cosmetic-treatment-wearing-surgical-cap_107420-74117-768x512.jpg 768w\" sizes=\"(max-width: 996px) 100vw, 996px\" \/>\t\t\t\t\t\t\t\t\t\t\t\t\t\t\t<\/div>\n\t\t\t\t<\/div>\n\t\t\t\t\t<\/div>\n\t\t<\/div>\n\t\t\t\t<div class=\"elementor-column elementor-col-50 elementor-top-column elementor-element elementor-element-4df5137\" data-id=\"4df5137\" data-element_type=\"column\">\n\t\t\t<div class=\"elementor-widget-wrap elementor-element-populated\">\n\t\t\t\t\t\t<div class=\"elementor-element elementor-element-f7b567e elementor-widget-divider--view-line_text elementor-widget-divider--element-align-left elementor-widget elementor-widget-divider\" data-id=\"f7b567e\" data-element_type=\"widget\" data-widget_type=\"divider.default\">\n\t\t\t\t<div class=\"elementor-widget-container\">\n\t\t\t\t\t\t\t<div class=\"elementor-divider\">\n\t\t\t<span class=\"elementor-divider-separator\">\n\t\t\t\t\t\t\t<h3 class=\"elementor-divider__text elementor-divider__element\">\n\t\t\t\tPalpebra inferiore\t\t\t\t<\/h3>\n\t\t\t\t\t\t<\/span>\n\t\t<\/div>\n\t\t\t\t\t\t<\/div>\n\t\t\t\t<\/div>\n\t\t\t\t<div class=\"elementor-element elementor-element-b6fc3c1 elementor-align-left elementor-icon-list--layout-traditional elementor-list-item-link-full_width elementor-widget elementor-widget-icon-list\" data-id=\"b6fc3c1\" data-element_type=\"widget\" data-widget_type=\"icon-list.default\">\n\t\t\t\t<div class=\"elementor-widget-container\">\n\t\t\t\t\t\t\t<ul class=\"elementor-icon-list-items\">\n\t\t\t\t\t\t\t<li class=\"elementor-icon-list-item\">\n\t\t\t\t\t\t\t\t\t\t\t<span class=\"elementor-icon-list-icon\">\n\t\t\t\t\t\t\t<svg aria-hidden=\"true\" class=\"e-font-icon-svg e-far-hospital\" viewbox=\"0 0 448 512\" xmlns=\"http:\/\/www.w3.org\/2000\/svg\"><path d=\"M128 244v-40c0-6.627 5.373-12 12-12h40c6.627 0 12 5.373 12 12v40c0 6.627-5.373 12-12 12h-40c-6.627 0-12-5.373-12-12zm140 12h40c6.627 0 12-5.373 12-12v-40c0-6.627-5.373-12-12-12h-40c-6.627 0-12 5.373-12 12v40c0 6.627 5.373 12 12 12zm-76 84v-40c0-6.627-5.373-12-12-12h-40c-6.627 0-12 5.373-12 12v40c0 6.627 5.373 12 12 12h40c6.627 0 12-5.373 12-12zm76 12h40c6.627 0 12-5.373 12-12v-40c0-6.627-5.373-12-12-12h-40c-6.627 0-12 5.373-12 12v40c0 6.627 5.373 12 12 12zm180 124v36H0v-36c0-6.627 5.373-12 12-12h19.5V85.035C31.5 73.418 42.245 64 55.5 64H144V24c0-13.255 10.745-24 24-24h112c13.255 0 24 10.745 24 24v40h88.5c13.255 0 24 9.418 24 21.035V464H436c6.627 0 12 5.373 12 12zM79.5 463H192v-67c0-6.627 5.373-12 12-12h40c6.627 0 12 5.373 12 12v67h112.5V112H304v24c0 13.255-10.745 24-24 24H168c-13.255 0-24-10.745-24-24v-24H79.5v351zM266 64h-26V38a6 6 0 0 0-6-6h-20a6 6 0 0 0-6 6v26h-26a6 6 0 0 0-6 6v20a6 6 0 0 0 6 6h26v26a6 6 0 0 0 6 6h20a6 6 0 0 0 6-6V96h26a6 6 0 0 0 6-6V70a6 6 0 0 0-6-6z\"><\/path><\/svg>\t\t\t\t\t\t<\/span>\n\t\t\t\t\t\t\t\t\t\t<span class=\"elementor-icon-list-text\">Degenza ospedaliera: 1 giorno<\/span>\n\t\t\t\t\t\t\t\t\t<\/li>\n\t\t\t\t\t\t\t\t<li class=\"elementor-icon-list-item\">\n\t\t\t\t\t\t\t\t\t\t\t<span class=\"elementor-icon-list-icon\">\n\t\t\t\t\t\t\t<svg aria-hidden=\"true\" class=\"e-font-icon-svg e-far-clock\" viewbox=\"0 0 512 512\" xmlns=\"http:\/\/www.w3.org\/2000\/svg\"><path d=\"M256 8C119 8 8 119 8 256s111 248 248 248 248-111 248-248S393 8 256 8zm0 448c-110.5 0-200-89.5-200-200S145.5 56 256 56s200 89.5 200 200-89.5 200-200 200zm61.8-104.4l-84.9-61.7c-3.1-2.3-4.9-5.9-4.9-9.7V116c0-6.6 5.4-12 12-12h32c6.6 0 12 5.4 12 12v141.7l66.8 48.6c5.4 3.9 6.5 11.4 2.6 16.8L334.6 349c-3.9 5.3-11.4 6.5-16.8 2.6z\"><\/path><\/svg>\t\t\t\t\t\t<\/span>\n\t\t\t\t\t\t\t\t\t\t<span class=\"elementor-icon-list-text\">Tempo di funzionamento: 6-8 ore<\/span>\n\t\t\t\t\t\t\t\t\t<\/li>\n\t\t\t\t\t\t\t\t<li class=\"elementor-icon-list-item\">\n\t\t\t\t\t\t\t\t\t\t\t<span class=\"elementor-icon-list-icon\">\n\t\t\t\t\t\t\t<svg aria-hidden=\"true\" class=\"e-font-icon-svg e-fas-syringe\" viewbox=\"0 0 512 512\" xmlns=\"http:\/\/www.w3.org\/2000\/svg\"><path d=\"M201.5 174.8l55.7 55.8c3.1 3.1 3.1 8.2 0 11.3l-11.3 11.3c-3.1 3.1-8.2 3.1-11.3 0l-55.7-55.8-45.3 45.3 55.8 55.8c3.1 3.1 3.1 8.2 0 11.3l-11.3 11.3c-3.1 3.1-8.2 3.1-11.3 0L111 265.2l-26.4 26.4c-17.3 17.3-25.6 41.1-23 65.4l7.1 63.6L2.3 487c-3.1 3.1-3.1 8.2 0 11.3l11.3 11.3c3.1 3.1 8.2 3.1 11.3 0l66.3-66.3 63.6 7.1c23.9 2.6 47.9-5.4 65.4-23l181.9-181.9-135.7-135.7-64.9 65zm308.2-93.3L430.5 2.3c-3.1-3.1-8.2-3.1-11.3 0l-11.3 11.3c-3.1 3.1-3.1 8.2 0 11.3l28.3 28.3-45.3 45.3-56.6-56.6-17-17c-3.1-3.1-8.2-3.1-11.3 0l-33.9 33.9c-3.1 3.1-3.1 8.2 0 11.3l17 17L424.8 223l17 17c3.1 3.1 8.2 3.1 11.3 0l33.9-34c3.1-3.1 3.1-8.2 0-11.3l-73.5-73.5 45.3-45.3 28.3 28.3c3.1 3.1 8.2 3.1 11.3 0l11.3-11.3c3.1-3.2 3.1-8.2 0-11.4z\"><\/path><\/svg>\t\t\t\t\t\t<\/span>\n\t\t\t\t\t\t\t\t\t\t<span class=\"elementor-icon-list-text\">Anestesia: generale<\/span>\n\t\t\t\t\t\t\t\t\t<\/li>\n\t\t\t\t\t\t\t\t<li class=\"elementor-icon-list-item\">\n\t\t\t\t\t\t\t\t\t\t\t<span class=\"elementor-icon-list-icon\">\n\t\t\t\t\t\t\t<svg aria-hidden=\"true\" class=\"e-font-icon-svg e-far-heart\" viewbox=\"0 0 512 512\" xmlns=\"http:\/\/www.w3.org\/2000\/svg\"><path d=\"M458.4 64.3C400.6 15.7 311.3 23 256 79.3 200.7 23 111.4 15.6 53.6 64.3-21.6 127.6-10.6 230.8 43 285.5l175.4 178.7c10 10.2 23.4 15.9 37.6 15.9 14.3 0 27.6-5.6 37.6-15.8L469 285.6c53.5-54.7 64.7-157.9-10.6-221.3zm-23.6 187.5L259.4 430.5c-2.4 2.4-4.4 2.4-6.8 0L77.2 251.8c-36.5-37.2-43.9-107.6 7.3-150.7 38.9-32.7 98.9-27.8 136.5 10.5l35 35.7 35-35.7c37.8-38.5 97.8-43.2 136.5-10.6 51.1 43.1 43.5 113.9 7.3 150.8z\"><\/path><\/svg>\t\t\t\t\t\t<\/span>\n\t\t\t\t\t\t\t\t\t\t<span class=\"elementor-icon-list-text\">Tempo di recupero: 6-12 mesi<\/span>\n\t\t\t\t\t\t\t\t\t<\/li>\n\t\t\t\t\t\t<\/ul>\n\t\t\t\t\t\t<\/div>\n\t\t\t\t<\/div>\n\t\t\t\t<div class=\"elementor-element elementor-element-5e596e3 elementor-align-justify elementor-widget elementor-widget-button\" data-id=\"5e596e3\" data-element_type=\"widget\" data-widget_type=\"button.default\">\n\t\t\t\t<div class=\"elementor-widget-container\">\n\t\t\t\t\t\t\t\t\t<div class=\"elementor-button-wrapper\">\n\t\t\t\t\t<a class=\"elementor-button elementor-button-link elementor-size-sm elementor-animation-buzz\" href=\"https:\/\/seldacenter.com\/it\/\">\n\t\t\t\t\t\t<span class=\"elementor-button-content-wrapper\">\n\t\t\t\t\t\t\t\t\t<span class=\"elementor-button-text\">Prendi un appuntamento adesso<\/span>\n\t\t\t\t\t<\/span>\n\t\t\t\t\t<\/a>\n\t\t\t\t<\/div>\n\t\t\t\t\t\t\t\t<\/div>\n\t\t\t\t<\/div>\n\t\t\t\t\t<\/div>\n\t\t<\/div>\n\t\t\t\t\t<\/div>\n\t\t<\/section>\n\t\t\t\t<section class=\"elementor-section elementor-top-section elementor-element elementor-element-2fbc577f elementor-section-boxed elementor-section-height-default elementor-section-height-default\" data-id=\"2fbc577f\" data-element_type=\"section\">\n\t\t\t\t\t\t<div class=\"elementor-container elementor-column-gap-default\">\n\t\t\t\t\t<div class=\"elementor-column elementor-col-100 elementor-top-column elementor-element elementor-element-20a25bb0\" data-id=\"20a25bb0\" data-element_type=\"column\">\n\t\t\t<div class=\"elementor-widget-wrap elementor-element-populated\">\n\t\t\t\t\t\t<div class=\"elementor-element elementor-element-258b3b6c elementor-widget elementor-widget-text-editor\" data-id=\"258b3b6c\" data-element_type=\"widget\" data-widget_type=\"text-editor.default\">\n\t\t\t\t<div class=\"elementor-widget-container\">\n\t\t\t\t\t\t\t\t\tCon l\u2019avanzare dell\u2019et\u00e0, nel nostro corpo si verificano molti cambiamenti. Una delle zone in cui questi cambiamenti sono pi\u00f9 evidenti \u00e8 il viso e il contorno occhi. Borse, cedimenti, rughe e spostamenti del tessuto adiposo, soprattutto nella palpebra inferiore, possono causare un aspetto invecchiato. Tuttavia, oggi, \u00e8 possibile correggere questi sintomi con interventi di chirurgia plastica. L&#039;estetica della palpebra inferiore \u00e8 una soluzione efficace che dona giovinezza e vitalit\u00e0 ai tuoi occhi.\n\n<strong>Sintomi dell&#039;invecchiamento della palpebra inferiore:<\/strong>\n\nI segni dell&#039;invecchiamento nella palpebra inferiore si verificano solitamente a causa dell&#039;et\u00e0 combinata con fattori genetici. I seguenti sintomi possono essere segni di invecchiamento della palpebra inferiore:\n<ol>\n \t<li><strong>Insaccamento e allentamento:<\/strong> Le borse sotto gli occhi fanno perdere alla palpebra inferiore il suo aspetto giovane e fresco.<\/li>\n \t<li><strong>Scanalature formate:<\/strong> La formazione di solchi che limitano le borse sotto gli occhi indica l&#039;indebolimento delle strutture attorno agli occhi.<\/li>\n \t<li><strong>Depressioni delle guance:<\/strong> Le depressioni nella zona delle guance causate dalla gravit\u00e0 possono richiedere l\u2019estetica della palpebra inferiore.<\/li>\n \t<li><strong>Dimagrimento e Rughe:<\/strong> L&#039;assottigliamento della pelle intorno agli occhi e le rughe sono segni evidenti dell&#039;invecchiamento.<\/li>\n \t<li><strong>Linee zampe di gallina:<\/strong> Le rughe delle zampe di gallina che appaiono intorno agli occhi possono diventare pi\u00f9 evidenti nel tempo.<\/li>\n \t<li><strong>Indebolimento dei muscoli palpebrali:<\/strong> L\u2019indebolimento dei muscoli palpebrali pu\u00f2 aumentare i problemi estetici intorno agli occhi.<\/li>\n<\/ol>\n<strong>Decisione sull\u2019estetica della palpebra inferiore:<\/strong>\n\nQuando si decide l&#039;estetica della palpebra inferiore, \u00e8 importante valutare il viso del paziente nel suo complesso. Un esame fisico gioca un ruolo chiave nel determinare le predisposizioni genetiche e il modo in cui il processo di invecchiamento le influenza. L&#039;invecchiamento della palpebra inferiore dovrebbe essere generalmente considerato insieme ai segni dell&#039;invecchiamento nella zona delle guance. Per questo motivo, l\u2019estetica della palpebra inferiore viene spesso eseguita insieme all\u2019intervento di lifting del viso.\n\n<strong>Procedura estetica della palpebra inferiore:<\/strong>\n\nGli interventi estetici sulla palpebra inferiore generalmente iniziano con un\u2019incisione praticata sotto la palpebra inferiore. La pelle e il muscolo della palpebra vengono sollevati attraverso questa incisione e i cuscinetti di grasso vengono corretti. Questa procedura mira ad eliminare borse e depressioni sotto gli occhi. La chirurgia endoscopica pu\u00f2 essere eseguita anche per correggere il tessuto adiposo nella zona delle guance. La procedura viene solitamente eseguita in anestesia generale e pu\u00f2 richiedere 2-4 ore.\n\n<strong>Processo dopo l&#039;intervento chirurgico alla palpebra inferiore:<\/strong>\n\nIl processo di recupero del paziente \u00e8 generalmente rapido dopo l&#039;estetica della palpebra inferiore. Nelle prime settimane i gonfiori e i lividi diminuiscono e le cicatrici diventano pi\u00f9 visibili. Sebbene il processo di recupero vari da persona a persona, i pazienti solitamente possono tornare alle normali attivit\u00e0 quotidiane dopo un intervento chirurgico che dura circa 2-4 ore.\n\n<strong>Conclusione:<\/strong>\n\nL\u2019estetica della palpebra inferiore \u00e8 un\u2019opzione efficace per ridurre gli effetti dell\u2019invecchiamento e ottenere un aspetto giovanile. La procedura ringiovanisce l&#039;intero viso correggendo borse, depressioni e rughe nella palpebra inferiore. Un esame e una valutazione dettagliati prima dell\u2019intervento chirurgico sono un passaggio fondamentale per ottenere i migliori risultati.\t\t\t\t\t\t\t\t<\/div>\n\t\t\t\t<\/div>\n\t\t\t\t\t<\/div>\n\t\t<\/div>\n\t\t\t\t\t<\/div>\n\t\t<\/section>\n\t\t\t\t<\/div>","protected":false},"excerpt":{"rendered":"<p>Alt G\u00f6z Kapa\u011f\u0131 Hastanede Kal\u0131\u015f S\u00fcresi: 1 G\u00fcn Operasyon S\u00fcresi: 6-8 Saat Anestezi: Genel \u0130yile\u015fme S\u00fcresi: 6-12 Ay Hemen Randevu Al\u0131n Ya\u015f\u0131n ilerlemesiyle birlikte, v\u00fccudumuzda pek \u00e7ok de\u011fi\u015fiklik meydana gelir. Bu de\u011fi\u015fikliklerin en belirgin oldu\u011fu b\u00f6lgelerden biri de y\u00fcz ve g\u00f6z \u00e7evresidir. \u00d6zellikle alt g\u00f6z kapa\u011f\u0131nda ortaya \u00e7\u0131kan torbalanma, sarkma, k\u0131r\u0131\u015f\u0131kl\u0131klar ve ya\u011f dokusundaki kaymalar, [&hellip;]<\/p>\n","protected":false},"author":2,"featured_media":0,"parent":0,"menu_order":0,"comment_status":"closed","ping_status":"closed","template":"","meta":{"postBodyMargin":[],"postBodyPadding":[],"postBodyBackground":{"backgroundType":"classic","gradient":""},"footnotes":""},"class_list":["post-13613","page","type-page","status-publish","hentry"],"_links":{"self":[{"href":"https:\/\/seldacenter.com\/it\/wp-json\/wp\/v2\/pages\/13613","targetHints":{"allow":["GET"]}}],"collection":[{"href":"https:\/\/seldacenter.com\/it\/wp-json\/wp\/v2\/pages"}],"about":[{"href":"https:\/\/seldacenter.com\/it\/wp-json\/wp\/v2\/types\/page"}],"author":[{"embeddable":true,"href":"https:\/\/seldacenter.com\/it\/wp-json\/wp\/v2\/users\/2"}],"replies":[{"embeddable":true,"href":"https:\/\/seldacenter.com\/it\/wp-json\/wp\/v2\/comments?post=13613"}],"version-history":[{"count":10,"href":"https:\/\/seldacenter.com\/it\/wp-json\/wp\/v2\/pages\/13613\/revisions"}],"predecessor-version":[{"id":14151,"href":"https:\/\/seldacenter.com\/it\/wp-json\/wp\/v2\/pages\/13613\/revisions\/14151"}],"wp:attachment":[{"href":"https:\/\/seldacenter.com\/it\/wp-json\/wp\/v2\/media?parent=13613"}],"curies":[{"name":"wp","href":"https:\/\/api.w.org\/{rel}","templated":true}]}}