{"id":13609,"date":"2024-02-17T18:58:49","date_gmt":"2024-02-17T18:58:49","guid":{"rendered":"https:\/\/seldacenter.com\/yeniyapi\/?page_id=13609"},"modified":"2024-02-17T18:58:50","modified_gmt":"2024-02-17T18:58:50","slug":"uyluk-germe-ameliyati-nedir","status":"publish","type":"page","link":"https:\/\/seldacenter.com\/it\/uyluk-germe-ameliyati-nedir\/","title":{"rendered":"In cosa consiste l&#039;intervento di lifting delle cosce?"},"content":{"rendered":"<p>Il lifting delle cosce \u00e8 un intervento di chirurgia estetica eseguito per eliminare il rilassamento cutaneo nella zona delle cosce causato da fattori come l&#039;eccessivo aumento o perdita di peso o il processo di invecchiamento. Questo intervento corregge l&#039;eccesso di pelle e grasso nella zona dell&#039;interno coscia, conferendo un aspetto pi\u00f9 tonico, giovane ed estetico.<\/p>\n<p><strong>Cos&#039;\u00e8 il rilassamento delle cosce? Quali sono le cause?<\/strong><\/p>\n<p>Il rilassamento cutaneo delle cosce \u00e8 dovuto a cause quali l&#039;invecchiamento, la perdita di elasticit\u00e0 cutanea e la perdita di tonicit\u00e0 cutanea a seguito di un eccessivo aumento o perdita di peso. Il rilassamento cutaneo e la lassit\u00e0 si verificano nella parte interna della coscia. Questa condizione si concentra solitamente nella parte centrale della coscia e a volte pu\u00f2 estendersi fino alla zona del ginocchio.<\/p>\n<p><strong>Come si esegue il lifting delle cosce?<\/strong><\/p>\n<p>L&#039;intervento di lifting delle cosce viene eseguito per correggere l&#039;eccesso di pelle e grasso nella parte superiore e interna delle gambe. Si possono utilizzare due metodi diversi:<\/p>\n<ol>\n<li><strong>Rimozione della pelle in eccesso:<\/strong> Nei pazienti magri con poca lassit\u00e0 cutanea, la pelle in eccesso viene rimossa, tirata e suturata, lasciando una cicatrice orizzontale nella parte interna dell&#039;inguine.<\/li>\n<li><strong>Metodo combinato con liposuzione:<\/strong> Viene applicato ai pazienti con eccesso di pelle e grasso tramite liposuzione. Con questo metodo, la pelle acquisisce un aspetto pi\u00f9 giovane e tonico.<\/li>\n<\/ol>\n<p><strong>Durata e dolore dell&#039;intervento di lifting delle cosce<\/strong><\/p>\n<p>A seconda delle condizioni fisiche del paziente, l&#039;intervento di lifting delle cosce dura in genere dalle 2 alle 3 ore. Il livello di dolore \u00e8 minimo e l&#039;eventuale dolore che pu\u00f2 manifestarsi nei primi giorni pu\u00f2 essere controllato con semplici antidolorifici.<\/p>\n<p><strong>Tipo di anestesia<\/strong><\/p>\n<p>Negli interventi di lifting delle cosce, il paziente viene solitamente sottoposto ad anestesia generale. Questo gli consente di affrontare l&#039;operazione in modo indolore e confortevole.<\/p>\n<p>Il lifting delle cosce rimodella la pelle rilassata con una soluzione estetica, donando al paziente un aspetto pi\u00f9 giovane, tonico e armonioso. Il lifting delle cosce, eseguito con un&#039;attenta consulenza preoperatoria, una tecnica adeguata e l&#039;intervento di mani esperte, \u00e8 una soluzione estetica di successo che mira ad aumentare la soddisfazione del paziente.<\/p>","protected":false},"excerpt":{"rendered":"<p>Uyluk germe ameliyat\u0131, a\u015f\u0131r\u0131 kilo al\u0131p verme veya ya\u015flanma s\u00fcreci gibi fakt\u00f6rler nedeniyle olu\u015fan uyluk b\u00f6lgesindeki cilt sarkmalar\u0131n\u0131 gidermek amac\u0131yla ger\u00e7ekle\u015ftirilen estetik bir operasyondur. Bu ameliyat, uyluk i\u00e7 k\u0131sm\u0131ndaki deri bollu\u011funu ve ya\u011flanmay\u0131 d\u00fczelterek daha s\u0131k\u0131, gen\u00e7 ve estetik bir g\u00f6r\u00fcn\u00fcm sa\u011flar. Uyluk Sarkmas\u0131 Nedir? Neden Olur? Uyluk sarkmas\u0131, ya\u015flanma s\u00fcreci ve cilt esnekli\u011fini kaybetme, [&hellip;]<\/p>\n","protected":false},"author":2,"featured_media":0,"parent":0,"menu_order":0,"comment_status":"closed","ping_status":"closed","template":"","meta":{"postBodyMargin":[],"postBodyPadding":[],"postBodyBackground":{"backgroundType":"classic","gradient":""},"footnotes":""},"class_list":["post-13609","page","type-page","status-publish","hentry"],"_links":{"self":[{"href":"https:\/\/seldacenter.com\/it\/wp-json\/wp\/v2\/pages\/13609","targetHints":{"allow":["GET"]}}],"collection":[{"href":"https:\/\/seldacenter.com\/it\/wp-json\/wp\/v2\/pages"}],"about":[{"href":"https:\/\/seldacenter.com\/it\/wp-json\/wp\/v2\/types\/page"}],"author":[{"embeddable":true,"href":"https:\/\/seldacenter.com\/it\/wp-json\/wp\/v2\/users\/2"}],"replies":[{"embeddable":true,"href":"https:\/\/seldacenter.com\/it\/wp-json\/wp\/v2\/comments?post=13609"}],"version-history":[{"count":1,"href":"https:\/\/seldacenter.com\/it\/wp-json\/wp\/v2\/pages\/13609\/revisions"}],"predecessor-version":[{"id":13610,"href":"https:\/\/seldacenter.com\/it\/wp-json\/wp\/v2\/pages\/13609\/revisions\/13610"}],"wp:attachment":[{"href":"https:\/\/seldacenter.com\/it\/wp-json\/wp\/v2\/media?parent=13609"}],"curies":[{"name":"wp","href":"https:\/\/api.w.org\/{rel}","templated":true}]}}