{"id":13605,"date":"2024-02-17T18:57:23","date_gmt":"2024-02-17T18:57:23","guid":{"rendered":"https:\/\/seldacenter.com\/yeniyapi\/?page_id=13605"},"modified":"2024-02-17T18:57:24","modified_gmt":"2024-02-17T18:57:24","slug":"brazilian-butt-lift","status":"publish","type":"page","link":"https:\/\/seldacenter.com\/it\/brazilian-butt-lift\/","title":{"rendered":"Lifting brasiliano dei glutei"},"content":{"rendered":"<p>Il lifting brasiliano dei glutei (BBL), popolarmente noto come estetica dell&#039;anca, \u00e8 un intervento di modellamento del corpo eseguito per correggere la forma nell&#039;area dei glutei e rivitalizzare un aspetto cadente o appiattito. Questa chirurgia plastica prevede la lavorazione del grasso prelevato da altre parti del corpo e l&#039;iniezione nella zona dei glutei. In questo articolo esamineremo in dettaglio le fasi, i vantaggi e la cura postoperatoria dell&#039;operazione BBL.<\/p>\n<p><strong>Fasi della chirurgia BBL<\/strong><\/p>\n<p><strong>1. Liposuzione \u2013 Intervento chirurgico per la rimozione del grasso<\/strong><\/p>\n<p>Nella prima parte dell\u2019intervento, il grasso viene rimosso dalle zone indesiderate del paziente mediante liposuzione vaser. Questa fase viene eseguita per snellire la vita, ridurre il grasso in eccesso sui fianchi e correggere i contorni generali del corpo.<\/p>\n<p><strong>2. Iniezione e modellatura del grasso sui glutei<\/strong><\/p>\n<p>Il grasso estratto viene iniettato nelle zone deformate o mancanti della zona del sedere, garantendo che il sedere diventi pi\u00f9 pieno, eretto ed esteticamente gradevole. Questa fase viene appositamente pianificata e realizzata in base alla forma corporea del paziente.<\/p>\n<p><strong>3. Pianificazione dell&#039;intervento chirurgico<\/strong><\/p>\n<p>Per l\u2019iniezione di grasso nei glutei, il paziente deve avere una quantit\u00e0 sufficiente di grasso nel corpo. Pertanto, dopo la visita medica, viene valutato il potenziale delle cellule adipose del paziente e viene elaborato un piano chirurgico.<\/p>\n<p><strong>Assistenza postoperatoria<\/strong><\/p>\n<p>\u00c8 necessario adottare alcune precauzioni per garantire un recupero efficace e senza problemi dall&#039;intervento BBL.<\/p>\n<ul>\n<li><strong>Utilizzo del corsetto:<\/strong> Si consiglia di utilizzare un corsetto per il primo mese. Questo supporta il corpo dopo l&#039;intervento chirurgico e aiuta nel processo di modellatura.<\/li>\n<li><strong>Riposo:<\/strong> Si consiglia riposo per circa 10 giorni. Durante questo periodo si dovrebbe evitare di sdraiarsi a faccia in gi\u00f9 e sedersi su superfici morbide.<\/li>\n<li><strong>Vestirsi e fare il bagno:<\/strong> 4\u00b0-5\u00b0 giorno di intervento. Il primo giorno, la vestizione \u00e8 terminata e inizia il processo di balneazione. Ci\u00f2 aiuta a mantenere l\u2019igiene e a garantire che il sito chirurgico subisca un sano processo di guarigione.<\/li>\n<li><strong>Gonfiore e lividi:<\/strong> Il gonfiore e i lividi osservati nella prima settimana di solito scompaiono entro una settimana. Tuttavia, il processo di recupero completo potrebbe richiedere diverse settimane.<\/li>\n<\/ul>\n<p><strong>Conclusione<\/strong><\/p>\n<p>Il brasiliano Butt Lift, come operazione estetica e modellante dei glutei, \u00e8 un&#039;opzione richiesta nel modellamento del corpo. Questo intervento offre la possibilit\u00e0 di ottenere risultati naturali e permanenti grazie all&#039;utilizzo del grasso del paziente. Tuttavia, come qualsiasi intervento chirurgico, deve essere eseguito da un chirurgo specialista e le istruzioni per la cura postoperatoria devono essere seguite meticolosamente.<\/p>","protected":false},"excerpt":{"rendered":"<p>Brazilian Butt Lift (BBL), pop\u00fcler ad\u0131yla bilinen kal\u00e7a esteti\u011fi, popo b\u00f6lgesindeki formu d\u00fczeltmek, sarkm\u0131\u015f veya d\u00fczle\u015fmi\u015f bir g\u00f6r\u00fcn\u00fcm\u00fc canland\u0131rmak i\u00e7in uygulanan bir v\u00fccut \u015fekillendirme ameliyat\u0131d\u0131r. Bu estetik cerrahi, v\u00fccuttaki di\u011fer b\u00f6lgelerden al\u0131nan ya\u011f\u0131n i\u015flenip popo b\u00f6lgesine enjekte edilmesini i\u00e7erir. Bu makalede, BBL operasyonunun a\u015famalar\u0131n\u0131, avantajlar\u0131n\u0131 ve ameliyat sonras\u0131 bak\u0131m\u0131 detayl\u0131 bir \u015fekilde inceleyece\u011fiz. BBL Ameliyat\u0131n\u0131n [&hellip;]<\/p>\n","protected":false},"author":2,"featured_media":0,"parent":0,"menu_order":0,"comment_status":"closed","ping_status":"closed","template":"","meta":{"postBodyMargin":[],"postBodyPadding":[],"postBodyBackground":{"backgroundType":"classic","gradient":""},"footnotes":""},"class_list":["post-13605","page","type-page","status-publish","hentry"],"_links":{"self":[{"href":"https:\/\/seldacenter.com\/it\/wp-json\/wp\/v2\/pages\/13605","targetHints":{"allow":["GET"]}}],"collection":[{"href":"https:\/\/seldacenter.com\/it\/wp-json\/wp\/v2\/pages"}],"about":[{"href":"https:\/\/seldacenter.com\/it\/wp-json\/wp\/v2\/types\/page"}],"author":[{"embeddable":true,"href":"https:\/\/seldacenter.com\/it\/wp-json\/wp\/v2\/users\/2"}],"replies":[{"embeddable":true,"href":"https:\/\/seldacenter.com\/it\/wp-json\/wp\/v2\/comments?post=13605"}],"version-history":[{"count":1,"href":"https:\/\/seldacenter.com\/it\/wp-json\/wp\/v2\/pages\/13605\/revisions"}],"predecessor-version":[{"id":13606,"href":"https:\/\/seldacenter.com\/it\/wp-json\/wp\/v2\/pages\/13605\/revisions\/13606"}],"wp:attachment":[{"href":"https:\/\/seldacenter.com\/it\/wp-json\/wp\/v2\/media?parent=13605"}],"curies":[{"name":"wp","href":"https:\/\/api.w.org\/{rel}","templated":true}]}}