{"id":13601,"date":"2024-02-17T18:55:02","date_gmt":"2024-02-17T18:55:02","guid":{"rendered":"https:\/\/seldacenter.com\/yeniyapi\/?page_id=13601"},"modified":"2024-02-17T18:55:04","modified_gmt":"2024-02-17T18:55:04","slug":"kol-germe-ameliyati-nedir","status":"publish","type":"page","link":"https:\/\/seldacenter.com\/it\/kol-germe-ameliyati-nedir\/","title":{"rendered":"Che cos&#039;\u00e8 l&#039;intervento di lifting delle braccia?"},"content":{"rendered":"<p>Il lifting delle braccia \u00e8 un intervento di chirurgia plastica eseguito per rimuovere il tessuto adiposo sottocutaneo indesiderato e la pelle cadente. Questo intervento viene eseguito per correggere il rilassamento cutaneo nella zona del braccio e ripristinare la tonicit\u00e0 della pelle.<\/p>\n<p><strong>Perch\u00e9 si esegue la brachioplastica?<\/strong><\/p>\n<p>La pelle flaccida e cadente delle braccia \u00e8 una condizione che provoca disagio fisico ed emotivo. Soprattutto negli abiti senza maniche, il cedimento che si verifica quando le braccia vengono sollevate ai lati diventa una delle fonti di infelicit\u00e0 per le persone. L&#039;intervento di brachioplastica elimina questo inconveniente estetico e apporta sollievo sia fisico che emotivo.<\/p>\n<p><strong>Perch\u00e9 la pelle del braccio si affloscia?<\/strong><\/p>\n<p>Il rilassamento cutaneo delle braccia \u00e8 solitamente dovuto a fattori quali l&#039;invecchiamento, fattori genetici, eccessivo aumento o perdita di peso, eccessiva esposizione al sole ed effetti della gravit\u00e0. La combinazione di questi fattori crea un accumulo di pelle e grasso flaccidi sulla schiena e sulla parte interna del braccio.<\/p>\n<p><strong>Come si esegue il lifting delle braccia?<\/strong><\/p>\n<p>Nell&#039;intervento di lifting delle braccia, la pelle in eccesso viene rimossa attraverso incisioni effettuate nell&#039;ascella o all&#039;interno del gomito e il braccio viene rimodellato. Se \u00e8 presente grasso in eccesso, questo viene rimosso tramite liposuzione o incisioni dirette. Le incisioni vengono chiuse con punti di sutura estetici, ottenendo cos\u00ec un aspetto estetico con cicatrici minime dopo l&#039;operazione.<\/p>\n<p><strong>Durata e dolore dell&#039;intervento di lifting delle braccia<\/strong><\/p>\n<p>L&#039;intervento di lifting delle braccia \u00e8 un intervento che solitamente dura da 1 a 3 ore, a seconda delle condizioni della zona. Il dolore e l&#039;indolenzimento avvertiti dopo l&#039;operazione scompariranno gradualmente con gli antidolorifici prescritti dal medico.<\/p>\n<p><strong>Tipo di anestesia<\/strong><\/p>\n<p>Gli interventi di lifting delle braccia vengono solitamente eseguiti in regime ospedaliero, sottoponendo il paziente ad anestesia generale o a sedazione e anestesia locale. In questo modo il paziente si sottopone all&#039;operazione in modo indolore e confortevole.<\/p>\n<p>L&#039;intervento di lifting delle braccia \u00e8 una soluzione efficace per correggere il cedimento della pelle delle braccia con un tocco estetico e donare al paziente un aspetto pi\u00f9 in forma, giovane e rilassato. Una consulenza dettagliata prima dell&#039;operazione, se eseguita sotto la supervisione di un chirurgo specialista e con una tecnica appropriata, pu\u00f2 aumentare la soddisfazione del paziente e aiutarlo a ritrovare la fiducia in se stesso.<\/p>","protected":false},"excerpt":{"rendered":"<p>Kol germe ameliyat\u0131, istenmeyen deri alt\u0131 ya\u011f dokusunun ve sarkan derinin giderilmesi amac\u0131yla uygulanan bir plastik cerrahi operasyondur. Bu operasyon, kol b\u00f6lgesindeki sarkmalar\u0131n d\u00fczeltilmesi ve cildin gerginli\u011finin yeniden sa\u011flanmas\u0131 i\u00e7in ger\u00e7ekle\u015ftirilir. Brakioplasti Neden Yap\u0131l\u0131r? Gev\u015femi\u015f ve sarkm\u0131\u015f kol derisi, bireylerin fiziksel ve duygusal rahats\u0131zl\u0131k ya\u015fad\u0131\u011f\u0131 bir durumdur. \u00d6zellikle kolsuz giysilerde, kollar iki yana kald\u0131r\u0131ld\u0131\u011f\u0131nda ortaya [&hellip;]<\/p>\n","protected":false},"author":2,"featured_media":0,"parent":0,"menu_order":0,"comment_status":"closed","ping_status":"closed","template":"","meta":{"postBodyMargin":[],"postBodyPadding":[],"postBodyBackground":{"backgroundType":"classic","gradient":""},"footnotes":""},"class_list":["post-13601","page","type-page","status-publish","hentry"],"_links":{"self":[{"href":"https:\/\/seldacenter.com\/it\/wp-json\/wp\/v2\/pages\/13601","targetHints":{"allow":["GET"]}}],"collection":[{"href":"https:\/\/seldacenter.com\/it\/wp-json\/wp\/v2\/pages"}],"about":[{"href":"https:\/\/seldacenter.com\/it\/wp-json\/wp\/v2\/types\/page"}],"author":[{"embeddable":true,"href":"https:\/\/seldacenter.com\/it\/wp-json\/wp\/v2\/users\/2"}],"replies":[{"embeddable":true,"href":"https:\/\/seldacenter.com\/it\/wp-json\/wp\/v2\/comments?post=13601"}],"version-history":[{"count":1,"href":"https:\/\/seldacenter.com\/it\/wp-json\/wp\/v2\/pages\/13601\/revisions"}],"predecessor-version":[{"id":13602,"href":"https:\/\/seldacenter.com\/it\/wp-json\/wp\/v2\/pages\/13601\/revisions\/13602"}],"wp:attachment":[{"href":"https:\/\/seldacenter.com\/it\/wp-json\/wp\/v2\/media?parent=13601"}],"curies":[{"name":"wp","href":"https:\/\/api.w.org\/{rel}","templated":true}]}}