{"id":13598,"date":"2024-02-17T18:53:27","date_gmt":"2024-02-17T18:53:27","guid":{"rendered":"https:\/\/seldacenter.com\/yeniyapi\/?page_id=13598"},"modified":"2024-02-17T18:53:47","modified_gmt":"2024-02-17T18:53:47","slug":"sakal-ekimi-hakkinda","status":"publish","type":"page","link":"https:\/\/seldacenter.com\/it\/sakal-ekimi-hakkinda\/","title":{"rendered":"Informazioni sul trapianto di barba"},"content":{"rendered":"<p><strong>Trapianto di barba<\/strong>, \u00e8 una procedura estetica che \u00e8 diventata popolare tra gli uomini oggi. Molte persone che desiderano una barba pi\u00f9 folta e folta ricorrono al trapianto di barba. In questa guida, spiegher\u00f2 tutto ci\u00f2 che c&#039;\u00e8 da sapere sul trapianto di barba. Parler\u00f2 della procedura di trapianto di barba, perch\u00e9 \u00e8 preferibile, delle diverse tecniche, del processo di preparazione, di cosa aspettarsi durante e dopo la procedura, del periodo di recupero, delle domande frequenti e dei costi. Sottolineer\u00f2 anche l&#039;importanza di scegliere il chirurgo giusto per il trapianto di barba.<\/p>\n<p><strong>Cos&#039;\u00e8 il trapianto di barba?<\/strong><\/p>\n<p>Il trapianto di barba \u00e8 una procedura chirurgica eseguita per donare agli uomini con barba rada o assente un aspetto pi\u00f9 folto. In questa procedura, i follicoli piliferi vengono prelevati dalla zona donatrice, solitamente la nuca, e trapiantati nella zona della barba. Il trapianto di barba \u00e8 una procedura in cui vengono inseriti singoli follicoli piliferi per ottenere un aspetto naturale.<\/p>\n<p><strong>Perch\u00e9 \u00e8 preferibile il trapianto di barba?<\/strong><\/p>\n<p>Le ragioni per cui si sceglie un trapianto di barba possono variare da persona a persona. Alcuni uomini hanno geneticamente una barba rada o addirittura assente. Questo pu\u00f2 portare a problemi psicologici come insicurezza e bassa autostima. Il trapianto di barba pu\u00f2 aumentare l&#039;autostima di queste persone, donando loro un aspetto pi\u00f9 folto.<\/p>\n<p>Inoltre, alcuni uomini potrebbero desiderare di ottenere un aspetto pi\u00f9 maschile con il trapianto di barba. La barba \u00e8 considerata un simbolo di mascolinit\u00e0, e avere una barba pi\u00f9 folta pu\u00f2 significare ottenere un aspetto pi\u00f9 attraente per alcuni uomini.<\/p>\n<p><strong>Processo di trapianto di barba<\/strong><\/p>\n<p>Il trapianto di barba prevede diverse fasi. Innanzitutto, \u00e8 importante fissare un appuntamento con un chirurgo. Il chirurgo esaminer\u00e0 la zona della barba e decider\u00e0 come verr\u00e0 eseguito il trapianto. Successivamente, i follicoli piliferi vengono prelevati dalla zona donatrice e trapiantati nella zona della barba. Durante questa procedura viene utilizzata l&#039;anestesia locale, quindi non sentirete alcun dolore o fastidio.<\/p>\n<p>La procedura di trapianto di barba richiede solitamente alcune ore, ma la durata pu\u00f2 variare a seconda del numero di follicoli piliferi e delle dimensioni dell&#039;area da trapiantare. Dopo la procedura, la zona verr\u00e0 medicata e potrebbe essere necessario indossare una cuffia speciale. Il chirurgo fornir\u00e0 istruzioni per la cura post-intervento.<\/p>\n<p><strong>Diverse tecniche utilizzate nel trapianto di barba<\/strong><\/p>\n<p>Esistono diverse tecniche utilizzate per il trapianto di barba. I metodi pi\u00f9 comunemente utilizzati sono:<\/p>\n<ol>\n<li>FUE (Estrazione di Unit\u00e0 Follicolari): con questo metodo, i follicoli piliferi vengono prelevati uno ad uno dalla zona donatrice e trapiantati nella zona della barba. Questo metodo offre un aspetto pi\u00f9 naturale e un processo di guarigione pi\u00f9 rapido.<\/li>\n<li>DHI (Trapianto Diretto di Capelli): con questo metodo, i follicoli piliferi, inseriti in una penna speciale, vengono inseriti direttamente nella zona della barba. Questo metodo offre tempi di recupero pi\u00f9 brevi ed \u00e8 ideale per ottenere una barba pi\u00f9 folta.<\/li>\n<\/ol>\n<p><strong>Processo di preparazione per il trapianto di barba<\/strong><\/p>\n<p>La preparazione per un trapianto di barba \u00e8 fondamentale per ottenere un risultato ottimale. Innanzitutto, \u00e8 fondamentale fissare un appuntamento con un chirurgo. Durante questo appuntamento, il chirurgo vi parler\u00e0 in dettaglio del trapianto di barba e comprender\u00e0 le vostre aspettative.<\/p>\n<p>Potrebbe anche essere necessario adottare alcune precauzioni prima del trapianto di barba. Ad esempio, potrebbe essere necessario smettere di fumare o ridurre il consumo di alcol. Potrebbe anche essere necessario interrompere l&#039;assunzione di alcuni farmaci. Il chirurgo vi fornir\u00e0 informazioni dettagliate a riguardo.<\/p>\n<p>\u00c8 inoltre importante adottare uno stile di vita sano prima della procedura. Fare regolarmente esercizio fisico, seguire una dieta equilibrata ed evitare lo stress possono influire positivamente sul processo di guarigione.<\/p>\n<p><strong>Cosa aspettarsi durante e dopo la procedura?<\/strong><\/p>\n<p>Di solito, non si avverte alcun dolore o fastidio durante la procedura di trapianto di barba, poich\u00e9 viene utilizzata l&#039;anestesia locale. Durante la procedura, il chirurgo lavora meticolosamente, posizionando i follicoli piliferi uno per uno.<\/p>\n<p>Dopo la procedura, potresti riscontrare un leggero gonfiore, arrossamento e formazione di croste nella zona. Si tratta di un normale effetto collaterale che scomparir\u00e0 nel tempo. Nei primi giorni, potrebbe essere necessario indossare una medicazione speciale per proteggere la zona. Il chirurgo ti fornir\u00e0 anche istruzioni per la cura post-procedura. Seguire attentamente queste istruzioni accelerer\u00e0 il processo di guarigione.<\/p>\n<p>La guarigione completa di un trapianto di barba pu\u00f2 richiedere alcune settimane. Durante questo periodo, i follicoli piliferi appena trapiantati si assesteranno e la nuova barba inizier\u00e0 a crescere nella zona. Una volta completato il processo di guarigione, la barba apparir\u00e0 pi\u00f9 folta e folta.<\/p>\n<p><strong>Domande frequenti sul trapianto di barba<\/strong><\/p>\n<ol>\n<li>Il trapianto di barba \u00e8 una procedura dolorosa? Poich\u00e9 durante la procedura di trapianto di barba viene utilizzata l&#039;anestesia locale, non sentirai alcun dolore. Potresti avvertire un leggero fastidio o una sensazione di tensione dopo la procedura, ma di solito \u00e8 temporanea.<\/li>\n<li>Quanto tempo ci vuole per riprendersi dopo un trapianto di barba? Il processo di recupero dopo un trapianto di barba pu\u00f2 variare da persona a persona, ma di solito richiede alcune settimane. \u00c8 importante seguire attentamente le istruzioni del chirurgo per accelerare il processo di guarigione.<\/li>\n<li>Il trapianto di barba offre risultati permanenti? S\u00ec, il trapianto di barba offre risultati permanenti. I follicoli piliferi trapiantati stimolano la crescita di una nuova barba nella zona interessata, e questa crescita \u00e8 permanente.<\/li>\n<\/ol>\n<p><strong>Costo del trapianto di barba<\/strong><\/p>\n<p>Il costo del trapianto di barba varia a seconda di molti fattori. Fattori come il numero di follicoli piliferi nell&#039;area donatrice, l&#039;estensione dell&#039;area da trapiantare, la tecnica utilizzata e l&#039;esperienza del chirurgo incidono sul costo. Il costo del trapianto di barba \u00e8 solitamente calcolato per una singola sessione o per pi\u00f9 sessioni. Potete contattarci per ottenere informazioni sui prezzi.<\/p>\n<p><strong>Conclusione<\/strong><\/p>\n<p>Il Centro Selda, che offre servizi di trapianto di barba, assiste i suoi pazienti in Turchia e all&#039;estero da molti anni. Potete contattarci per informazioni dettagliate.<\/p>","protected":false},"excerpt":{"rendered":"<p>Sakal ekimi, g\u00fcn\u00fcm\u00fczde erkekler aras\u0131nda pop\u00fcler hale gelen bir estetik prosed\u00fcrd\u00fcr. Daha yo\u011fun ve dolgun bir sakala sahip olmak isteyen bir\u00e7ok insan, sakal ekimi y\u00f6ntemine ba\u015fvurmaktad\u0131r. Bu rehberde, sakal ekimi hakk\u0131nda bilmeniz gereken her \u015feyi ele alaca\u011f\u0131m. Sakal ekimi prosed\u00fcr\u00fcn\u00fc, neden tercih edildi\u011fini, farkl\u0131 teknikleri, haz\u0131rl\u0131k s\u00fcrecini, prosed\u00fcr s\u0131ras\u0131nda ve sonras\u0131nda ne beklemeniz gerekti\u011fini, iyile\u015fme [&hellip;]<\/p>\n","protected":false},"author":2,"featured_media":0,"parent":0,"menu_order":0,"comment_status":"closed","ping_status":"closed","template":"","meta":{"postBodyMargin":[],"postBodyPadding":[],"postBodyBackground":{"backgroundType":"classic","gradient":""},"footnotes":""},"class_list":["post-13598","page","type-page","status-publish","hentry"],"_links":{"self":[{"href":"https:\/\/seldacenter.com\/it\/wp-json\/wp\/v2\/pages\/13598","targetHints":{"allow":["GET"]}}],"collection":[{"href":"https:\/\/seldacenter.com\/it\/wp-json\/wp\/v2\/pages"}],"about":[{"href":"https:\/\/seldacenter.com\/it\/wp-json\/wp\/v2\/types\/page"}],"author":[{"embeddable":true,"href":"https:\/\/seldacenter.com\/it\/wp-json\/wp\/v2\/users\/2"}],"replies":[{"embeddable":true,"href":"https:\/\/seldacenter.com\/it\/wp-json\/wp\/v2\/comments?post=13598"}],"version-history":[{"count":2,"href":"https:\/\/seldacenter.com\/it\/wp-json\/wp\/v2\/pages\/13598\/revisions"}],"predecessor-version":[{"id":13600,"href":"https:\/\/seldacenter.com\/it\/wp-json\/wp\/v2\/pages\/13598\/revisions\/13600"}],"wp:attachment":[{"href":"https:\/\/seldacenter.com\/it\/wp-json\/wp\/v2\/media?parent=13598"}],"curies":[{"name":"wp","href":"https:\/\/api.w.org\/{rel}","templated":true}]}}