{"id":13590,"date":"2024-02-17T18:49:52","date_gmt":"2024-02-17T18:49:52","guid":{"rendered":"https:\/\/seldacenter.com\/yeniyapi\/?page_id=13590"},"modified":"2024-03-02T02:30:14","modified_gmt":"2024-03-02T02:30:14","slug":"yuz-prp","status":"publish","type":"page","link":"https:\/\/seldacenter.com\/it\/yuz-prp\/","title":{"rendered":"PRP facciale"},"content":{"rendered":"<div data-elementor-type=\"wp-page\" data-elementor-id=\"13590\" class=\"elementor elementor-13590\" data-elementor-post-type=\"page\">\n\t\t\t\t\t\t<section class=\"elementor-section elementor-top-section elementor-element elementor-element-a323fd0 elementor-section-boxed elementor-section-height-default elementor-section-height-default\" data-id=\"a323fd0\" data-element_type=\"section\">\n\t\t\t\t\t\t<div class=\"elementor-container elementor-column-gap-default\">\n\t\t\t\t\t<div class=\"elementor-column elementor-col-50 elementor-top-column elementor-element elementor-element-0f16831\" data-id=\"0f16831\" data-element_type=\"column\" data-settings=\"{&quot;background_background&quot;:&quot;classic&quot;}\">\n\t\t\t<div class=\"elementor-widget-wrap elementor-element-populated\">\n\t\t\t\t\t\t<div class=\"elementor-element elementor-element-a3d2a81 elementor-widget elementor-widget-image\" data-id=\"a3d2a81\" data-element_type=\"widget\" data-widget_type=\"image.default\">\n\t\t\t\t<div class=\"elementor-widget-container\">\n\t\t\t\t\t\t\t\t\t\t\t\t\t\t\t<img fetchpriority=\"high\" decoding=\"async\" width=\"996\" height=\"664\" src=\"https:\/\/seldacenter.com\/wp-content\/uploads\/2024\/03\/close-up-doctor-checking-patient_23-2149103552.jpg\" class=\"attachment-full size-full wp-image-14264\" alt=\"\" srcset=\"https:\/\/seldacenter.com\/wp-content\/uploads\/2024\/03\/close-up-doctor-checking-patient_23-2149103552.jpg 996w, https:\/\/seldacenter.com\/wp-content\/uploads\/2024\/03\/close-up-doctor-checking-patient_23-2149103552-600x400.jpg 600w, https:\/\/seldacenter.com\/wp-content\/uploads\/2024\/03\/close-up-doctor-checking-patient_23-2149103552-300x200.jpg 300w, https:\/\/seldacenter.com\/wp-content\/uploads\/2024\/03\/close-up-doctor-checking-patient_23-2149103552-768x512.jpg 768w\" sizes=\"(max-width: 996px) 100vw, 996px\" \/>\t\t\t\t\t\t\t\t\t\t\t\t\t\t\t<\/div>\n\t\t\t\t<\/div>\n\t\t\t\t\t<\/div>\n\t\t<\/div>\n\t\t\t\t<div class=\"elementor-column elementor-col-50 elementor-top-column elementor-element elementor-element-99dcb46\" data-id=\"99dcb46\" data-element_type=\"column\">\n\t\t\t<div class=\"elementor-widget-wrap elementor-element-populated\">\n\t\t\t\t\t\t<div class=\"elementor-element elementor-element-dace4bc elementor-widget-divider--view-line_text elementor-widget-divider--element-align-left elementor-widget elementor-widget-divider\" data-id=\"dace4bc\" data-element_type=\"widget\" data-widget_type=\"divider.default\">\n\t\t\t\t<div class=\"elementor-widget-container\">\n\t\t\t\t\t\t\t<div class=\"elementor-divider\">\n\t\t\t<span class=\"elementor-divider-separator\">\n\t\t\t\t\t\t\t<h3 class=\"elementor-divider__text elementor-divider__element\">\n\t\t\t\tTrattamento PRP viso\t\t\t\t<\/h3>\n\t\t\t\t\t\t<\/span>\n\t\t<\/div>\n\t\t\t\t\t\t<\/div>\n\t\t\t\t<\/div>\n\t\t\t\t<div class=\"elementor-element elementor-element-a21051c elementor-align-left elementor-icon-list--layout-traditional elementor-list-item-link-full_width elementor-widget elementor-widget-icon-list\" data-id=\"a21051c\" data-element_type=\"widget\" data-widget_type=\"icon-list.default\">\n\t\t\t\t<div class=\"elementor-widget-container\">\n\t\t\t\t\t\t\t<ul class=\"elementor-icon-list-items\">\n\t\t\t\t\t\t\t<li class=\"elementor-icon-list-item\">\n\t\t\t\t\t\t\t\t\t\t\t<span class=\"elementor-icon-list-icon\">\n\t\t\t\t\t\t\t<svg aria-hidden=\"true\" class=\"e-font-icon-svg e-far-hospital\" viewbox=\"0 0 448 512\" xmlns=\"http:\/\/www.w3.org\/2000\/svg\"><path d=\"M128 244v-40c0-6.627 5.373-12 12-12h40c6.627 0 12 5.373 12 12v40c0 6.627-5.373 12-12 12h-40c-6.627 0-12-5.373-12-12zm140 12h40c6.627 0 12-5.373 12-12v-40c0-6.627-5.373-12-12-12h-40c-6.627 0-12 5.373-12 12v40c0 6.627 5.373 12 12 12zm-76 84v-40c0-6.627-5.373-12-12-12h-40c-6.627 0-12 5.373-12 12v40c0 6.627 5.373 12 12 12h40c6.627 0 12-5.373 12-12zm76 12h40c6.627 0 12-5.373 12-12v-40c0-6.627-5.373-12-12-12h-40c-6.627 0-12 5.373-12 12v40c0 6.627 5.373 12 12 12zm180 124v36H0v-36c0-6.627 5.373-12 12-12h19.5V85.035C31.5 73.418 42.245 64 55.5 64H144V24c0-13.255 10.745-24 24-24h112c13.255 0 24 10.745 24 24v40h88.5c13.255 0 24 9.418 24 21.035V464H436c6.627 0 12 5.373 12 12zM79.5 463H192v-67c0-6.627 5.373-12 12-12h40c6.627 0 12 5.373 12 12v67h112.5V112H304v24c0 13.255-10.745 24-24 24H168c-13.255 0-24-10.745-24-24v-24H79.5v351zM266 64h-26V38a6 6 0 0 0-6-6h-20a6 6 0 0 0-6 6v26h-26a6 6 0 0 0-6 6v20a6 6 0 0 0 6 6h26v26a6 6 0 0 0 6 6h20a6 6 0 0 0 6-6V96h26a6 6 0 0 0 6-6V70a6 6 0 0 0-6-6z\"><\/path><\/svg>\t\t\t\t\t\t<\/span>\n\t\t\t\t\t\t\t\t\t\t<span class=\"elementor-icon-list-text\">Durata della degenza ospedaliera: non richiesta<\/span>\n\t\t\t\t\t\t\t\t\t<\/li>\n\t\t\t\t\t\t\t\t<li class=\"elementor-icon-list-item\">\n\t\t\t\t\t\t\t\t\t\t\t<span class=\"elementor-icon-list-icon\">\n\t\t\t\t\t\t\t<svg aria-hidden=\"true\" class=\"e-font-icon-svg e-far-clock\" viewbox=\"0 0 512 512\" xmlns=\"http:\/\/www.w3.org\/2000\/svg\"><path d=\"M256 8C119 8 8 119 8 256s111 248 248 248 248-111 248-248S393 8 256 8zm0 448c-110.5 0-200-89.5-200-200S145.5 56 256 56s200 89.5 200 200-89.5 200-200 200zm61.8-104.4l-84.9-61.7c-3.1-2.3-4.9-5.9-4.9-9.7V116c0-6.6 5.4-12 12-12h32c6.6 0 12 5.4 12 12v141.7l66.8 48.6c5.4 3.9 6.5 11.4 2.6 16.8L334.6 349c-3.9 5.3-11.4 6.5-16.8 2.6z\"><\/path><\/svg>\t\t\t\t\t\t<\/span>\n\t\t\t\t\t\t\t\t\t\t<span class=\"elementor-icon-list-text\">Tempo di funzionamento: 40 minuti<\/span>\n\t\t\t\t\t\t\t\t\t<\/li>\n\t\t\t\t\t\t\t\t<li class=\"elementor-icon-list-item\">\n\t\t\t\t\t\t\t\t\t\t\t<span class=\"elementor-icon-list-icon\">\n\t\t\t\t\t\t\t<svg aria-hidden=\"true\" class=\"e-font-icon-svg e-fas-syringe\" viewbox=\"0 0 512 512\" xmlns=\"http:\/\/www.w3.org\/2000\/svg\"><path d=\"M201.5 174.8l55.7 55.8c3.1 3.1 3.1 8.2 0 11.3l-11.3 11.3c-3.1 3.1-8.2 3.1-11.3 0l-55.7-55.8-45.3 45.3 55.8 55.8c3.1 3.1 3.1 8.2 0 11.3l-11.3 11.3c-3.1 3.1-8.2 3.1-11.3 0L111 265.2l-26.4 26.4c-17.3 17.3-25.6 41.1-23 65.4l7.1 63.6L2.3 487c-3.1 3.1-3.1 8.2 0 11.3l11.3 11.3c3.1 3.1 8.2 3.1 11.3 0l66.3-66.3 63.6 7.1c23.9 2.6 47.9-5.4 65.4-23l181.9-181.9-135.7-135.7-64.9 65zm308.2-93.3L430.5 2.3c-3.1-3.1-8.2-3.1-11.3 0l-11.3 11.3c-3.1 3.1-3.1 8.2 0 11.3l28.3 28.3-45.3 45.3-56.6-56.6-17-17c-3.1-3.1-8.2-3.1-11.3 0l-33.9 33.9c-3.1 3.1-3.1 8.2 0 11.3l17 17L424.8 223l17 17c3.1 3.1 8.2 3.1 11.3 0l33.9-34c3.1-3.1 3.1-8.2 0-11.3l-73.5-73.5 45.3-45.3 28.3 28.3c3.1 3.1 8.2 3.1 11.3 0l11.3-11.3c3.1-3.2 3.1-8.2 0-11.4z\"><\/path><\/svg>\t\t\t\t\t\t<\/span>\n\t\t\t\t\t\t\t\t\t\t<span class=\"elementor-icon-list-text\">Anestesia: non richiesta<\/span>\n\t\t\t\t\t\t\t\t\t<\/li>\n\t\t\t\t\t\t\t\t<li class=\"elementor-icon-list-item\">\n\t\t\t\t\t\t\t\t\t\t\t<span class=\"elementor-icon-list-icon\">\n\t\t\t\t\t\t\t<svg aria-hidden=\"true\" class=\"e-font-icon-svg e-far-heart\" viewbox=\"0 0 512 512\" xmlns=\"http:\/\/www.w3.org\/2000\/svg\"><path d=\"M458.4 64.3C400.6 15.7 311.3 23 256 79.3 200.7 23 111.4 15.6 53.6 64.3-21.6 127.6-10.6 230.8 43 285.5l175.4 178.7c10 10.2 23.4 15.9 37.6 15.9 14.3 0 27.6-5.6 37.6-15.8L469 285.6c53.5-54.7 64.7-157.9-10.6-221.3zm-23.6 187.5L259.4 430.5c-2.4 2.4-4.4 2.4-6.8 0L77.2 251.8c-36.5-37.2-43.9-107.6 7.3-150.7 38.9-32.7 98.9-27.8 136.5 10.5l35 35.7 35-35.7c37.8-38.5 97.8-43.2 136.5-10.6 51.1 43.1 43.5 113.9 7.3 150.8z\"><\/path><\/svg>\t\t\t\t\t\t<\/span>\n\t\t\t\t\t\t\t\t\t\t<span class=\"elementor-icon-list-text\">Tempo di recupero: immediato<\/span>\n\t\t\t\t\t\t\t\t\t<\/li>\n\t\t\t\t\t\t<\/ul>\n\t\t\t\t\t\t<\/div>\n\t\t\t\t<\/div>\n\t\t\t\t<div class=\"elementor-element elementor-element-6510383 elementor-align-justify elementor-widget elementor-widget-button\" data-id=\"6510383\" data-element_type=\"widget\" data-widget_type=\"button.default\">\n\t\t\t\t<div class=\"elementor-widget-container\">\n\t\t\t\t\t\t\t\t\t<div class=\"elementor-button-wrapper\">\n\t\t\t\t\t<a class=\"elementor-button elementor-button-link elementor-size-sm elementor-animation-buzz\" href=\"https:\/\/seldacenter.com\/it\/\">\n\t\t\t\t\t\t<span class=\"elementor-button-content-wrapper\">\n\t\t\t\t\t\t\t\t\t<span class=\"elementor-button-text\">Prendi un appuntamento adesso<\/span>\n\t\t\t\t\t<\/span>\n\t\t\t\t\t<\/a>\n\t\t\t\t<\/div>\n\t\t\t\t\t\t\t\t<\/div>\n\t\t\t\t<\/div>\n\t\t\t\t\t<\/div>\n\t\t<\/div>\n\t\t\t\t\t<\/div>\n\t\t<\/section>\n\t\t\t\t<section class=\"elementor-section elementor-top-section elementor-element elementor-element-4d0e101e elementor-section-boxed elementor-section-height-default elementor-section-height-default\" data-id=\"4d0e101e\" data-element_type=\"section\">\n\t\t\t\t\t\t<div class=\"elementor-container elementor-column-gap-default\">\n\t\t\t\t\t<div class=\"elementor-column elementor-col-100 elementor-top-column elementor-element elementor-element-2d3505f0\" data-id=\"2d3505f0\" data-element_type=\"column\">\n\t\t\t<div class=\"elementor-widget-wrap elementor-element-populated\">\n\t\t\t\t\t\t<div class=\"elementor-element elementor-element-434aac17 elementor-widget elementor-widget-text-editor\" data-id=\"434aac17\" data-element_type=\"widget\" data-widget_type=\"text-editor.default\">\n\t\t\t\t<div class=\"elementor-widget-container\">\n\t\t\t\t\t\t\t\t\tOggi, le tecnologie in rapido sviluppo nel campo dell\u2019estetica e della bellezza offrono molte opzioni alle persone che desiderano ottenere una pelle dall\u2019aspetto giovane e sano. Una di queste opzioni \u00e8 il trattamento con plasma ricco di piastrine (PRP). Il trattamento PRP viso \u00e8 un metodo di bellezza e ringiovanimento che prevede l&#039;iniezione nella pelle di plasma ricco di piastrine ottenuto dal sangue della persona. In questo articolo ci concentreremo sui dettagli del trattamento PRP viso e sugli effetti di questo trattamento sul ringiovanimento della pelle.\n\n<strong>Cos\u2019\u00e8 il PRP facciale?<\/strong>\n\nIl PRP \u00e8 un tipo di plasma che contiene un&#039;alta concentrazione di piastrine nel sangue di una persona. Le piastrine sono cellule che consentono la coagulazione del sangue e innescano la guarigione dopo un infortunio nel corpo. Nel trattamento PRP del viso, questo plasma ricco di piastrine viene ottenuto attraverso un processo speciale. Viene quindi iniettato nella pelle, con l&#039;obiettivo di ringiovanire la pelle.\n\n<strong>Come applicare il PRP facciale?<\/strong>\n\nIl trattamento PRP facciale solitamente comprende i seguenti passaggi:\n\n<strong>Passaggio 1: raccolta del sangue<\/strong>\n\nInnanzitutto, viene prelevato un piccolo campione di sangue dal paziente, solitamente dalla zona del braccio o del gomito.\n\n<strong>Passaggio 2: preparazione del PRP<\/strong>\n\nIl campione di sangue prelevato viene elaborato in un processo chiamato centrifugazione. In questo processo vengono separati i diversi componenti del sangue e si ottiene il plasma ricco di piastrine.\n\n<strong>Passaggio 3: iniezione<\/strong>\n\nIl PRP preparato viene iniettato nel viso attraverso speciali aghi sottili. I punti di iniezione sono solitamente focalizzati su aree in cui la pelle necessita di ringiovanimento o in cui aree specifiche devono essere migliorate.\n\n<strong>Passaggio 4: processo di guarigione<\/strong>\n\nIl trattamento PRP facciale offre generalmente un processo di recupero rapido. Dopo il trattamento pu\u00f2 verificarsi un leggero gonfiore o arrossamento, che per\u00f2 generalmente scompare in breve tempo.\n\n<strong>Vantaggi del PRP facciale<\/strong>\n\n<strong>1. Ringiovanimento della pelle<\/strong>\n\nIl trattamento PRP viso pu\u00f2 aumentare l&#039;elasticit\u00e0 della pelle e aiutare a ridurre le linee sottili e le rughe stimolando la produzione di collagene.\n\n<strong>2. Migliorare il tono e la consistenza della pelle<\/strong>\n\nIl PRP pu\u00f2 uniformare il tono della pelle e aiutarla ad avere una consistenza pi\u00f9 liscia.\n\n<strong>3. Ridurre imperfezioni e imperfezioni<\/strong>\n\nLe iniezioni di PRP possono essere efficaci contro le macchie solari o i problemi di pigmentazione, contribuendo a un tono pi\u00f9 uniforme della pelle.\n\n<strong>4. Un metodo naturale e sicuro<\/strong>\n\nIl trattamento PRP viso \u00e8 generalmente considerato un metodo naturale e sicuro grazie all&#039;utilizzo di prodotti ottenuti dal sangue della persona.\n\n<strong>5. Guarigione rapida<\/strong>\n\nRichiede un tempo di recupero minimo dopo il trattamento e le persone di solito possono tornare immediatamente alle loro attivit\u00e0 quotidiane.\n\n<strong>A chi \u00e8 adatto il trattamento PRP viso?<\/strong>\n\nIl trattamento PRP viso \u00e8 generalmente adatto alle seguenti condizioni:\n<ul>\n \t<li>\n    Desiderio di ridurre le linee sottili e le rughe<\/li>\n \t<li>\n    Irregolarit\u00e0 del tono della pelle o problemi di pigmentazione<\/li>\n \t<li>\n    Desiderio di una pelle dall&#039;aspetto ringiovanito<\/li>\n \t<li>\n    Perdita di elasticit\u00e0 o problemi di cedimento<\/li>\n<\/ul>\nTuttavia, potrebbe non essere adatto a tutti e occorre tenere in considerazione l&#039;anamnesi sanitaria e il tipo di pelle di una persona.\n\n<strong>Insomma<\/strong>\n\nIl trattamento PRP viso si distingue come metodo di ringiovanimento naturale. Tuttavia, come per qualsiasi intervento estetico, \u00e8 importante che le persone che considerano questo trattamento si consultino con un operatore sanitario qualificato. La struttura della pelle di ogni individuo \u00e8 diversa, quindi creare un piano di trattamento personalizzato \u00e8 importante per ottenere i risultati pi\u00f9 efficaci.\t\t\t\t\t\t\t\t<\/div>\n\t\t\t\t<\/div>\n\t\t\t\t\t<\/div>\n\t\t<\/div>\n\t\t\t\t\t<\/div>\n\t\t<\/section>\n\t\t\t\t<\/div>","protected":false},"excerpt":{"rendered":"<p>Y\u00fcz PRP Tedavisi Hastanede Kal\u0131\u015f S\u00fcresi: Gerekli De\u011fil Operasyon S\u00fcresi: 40 Dakika Anestezi: Gerekli De\u011fil \u0130yile\u015fme S\u00fcresi: Hemen Hemen Randevu Al\u0131n G\u00fcn\u00fcm\u00fczde, estetik ve g\u00fczellik alan\u0131nda h\u0131zla geli\u015fen teknolojiler, gen\u00e7 ve sa\u011fl\u0131kl\u0131 bir cilt g\u00f6r\u00fcn\u00fcm\u00fc elde etmek isteyen ki\u015filere bir\u00e7ok se\u00e7enek sunmaktad\u0131r. Bu se\u00e7eneklerden biri de Platelet-Rich Plasma (PRP) tedavisidir. Y\u00fcz PRP tedavisi, ki\u015finin kendi [&hellip;]<\/p>\n","protected":false},"author":2,"featured_media":0,"parent":0,"menu_order":0,"comment_status":"closed","ping_status":"closed","template":"","meta":{"postBodyMargin":[],"postBodyPadding":[],"postBodyBackground":{"backgroundType":"classic","gradient":""},"footnotes":""},"class_list":["post-13590","page","type-page","status-publish","hentry"],"_links":{"self":[{"href":"https:\/\/seldacenter.com\/it\/wp-json\/wp\/v2\/pages\/13590","targetHints":{"allow":["GET"]}}],"collection":[{"href":"https:\/\/seldacenter.com\/it\/wp-json\/wp\/v2\/pages"}],"about":[{"href":"https:\/\/seldacenter.com\/it\/wp-json\/wp\/v2\/types\/page"}],"author":[{"embeddable":true,"href":"https:\/\/seldacenter.com\/it\/wp-json\/wp\/v2\/users\/2"}],"replies":[{"embeddable":true,"href":"https:\/\/seldacenter.com\/it\/wp-json\/wp\/v2\/comments?post=13590"}],"version-history":[{"count":10,"href":"https:\/\/seldacenter.com\/it\/wp-json\/wp\/v2\/pages\/13590\/revisions"}],"predecessor-version":[{"id":14267,"href":"https:\/\/seldacenter.com\/it\/wp-json\/wp\/v2\/pages\/13590\/revisions\/14267"}],"wp:attachment":[{"href":"https:\/\/seldacenter.com\/it\/wp-json\/wp\/v2\/media?parent=13590"}],"curies":[{"name":"wp","href":"https:\/\/api.w.org\/{rel}","templated":true}]}}