{"id":13588,"date":"2024-02-17T18:49:20","date_gmt":"2024-02-17T18:49:20","guid":{"rendered":"https:\/\/seldacenter.com\/yeniyapi\/?page_id=13588"},"modified":"2024-02-17T18:49:21","modified_gmt":"2024-02-17T18:49:21","slug":"yuz-germe-ameliyati","status":"publish","type":"page","link":"https:\/\/seldacenter.com\/it\/yuz-germe-ameliyati\/","title":{"rendered":"Chirurgia del lifting del viso"},"content":{"rendered":"<p><strong>Lifting del viso: una soluzione efficace per un aspetto giovane e vibrante<\/strong><\/p>\n<p>Il lifting del viso \u00e8 una procedura chirurgica che offre una soluzione efficace per chi desidera contrastare i segni dell&#039;invecchiamento e ottenere un aspetto pi\u00f9 giovane e radioso. Ecco alcune curiosit\u00e0 sul lifting del viso:<\/p>\n<p>Come viene eseguito l&#039;intervento di lifting del viso?<\/p>\n<p>L&#039;intervento di lifting facciale viene eseguito secondo un piano basato sulle esigenze del paziente e sulle aree in cui si riscontrano deformit\u00e0. Oltre al rilassamento cutaneo, si interviene anche sui muscoli facciali e sui tessuti connettivi. La modellazione tridimensionale dei tessuti profondi garantisce risultati naturali e permanenti. Le incisioni vengono solitamente praticate all&#039;attaccatura dei capelli e davanti all&#039;orecchio, il che consente alle cicatrici di diventare invisibili nel tempo.<\/p>\n<p>Vantaggi della chirurgia del lifting del viso<\/p>\n<ul>\n<li>Colpisce tutti gli strati della pelle e raggiunge i tessuti profondi.<\/li>\n<li>Il processo di ringiovanimento pu\u00f2 durare dai 5 ai 10 anni.<\/li>\n<li>Pu\u00f2 essere eseguito con metodi endoscopici con cicatrici minime.<\/li>\n<li>Guarigione rapida e lividi minimi.<\/li>\n<\/ul>\n<p>Periodo di permanenza dell&#039;intervento di lifting del viso<\/p>\n<p>A seconda della corretta pianificazione e dello stile di vita del paziente, gli effetti di un intervento di lifting facciale possono durare in genere dai 5 ai 10 anni. Tuttavia, fattori come fumo, consumo di alcol, stress e cattiva alimentazione possono influenzare la durata dell&#039;intervento. I risultati dell&#039;intervento, supportati da uno stile di vita sano, possono essere mantenuti per un periodo pi\u00f9 lungo.<\/p>\n<p>Processo post-intervento di lifting facciale<\/p>\n<ul>\n<li>La durata della degenza in ospedale \u00e8 solitamente di uno o due giorni.<\/li>\n<li>I lividi e il gonfiore cominciano a scomparire entro 48-72 ore.<\/li>\n<li>Il paziente pu\u00f2 tornare al lavoro dopo 7-10 giorni.<\/li>\n<li>Il processo di recupero completo potrebbe richiedere da 1,5 a 2 mesi.<\/li>\n<\/ul>\n<p>Prezzi della chirurgia del lifting del viso<\/p>\n<p>I prezzi degli interventi di lifting possono variare a seconda della procedura da eseguire e dei materiali utilizzati.<\/p>","protected":false},"excerpt":{"rendered":"<p>Y\u00fcz Germe Ameliyat\u0131: Gen\u00e7 ve Canl\u0131 Bir G\u00f6r\u00fcn\u00fcm \u0130\u00e7in Etkili \u00c7\u00f6z\u00fcm Y\u00fcz germe ameliyat\u0131, ya\u015fl\u0131l\u0131k belirtileriyle ba\u015fa \u00e7\u0131kmak ve daha gen\u00e7, canl\u0131 bir g\u00f6r\u00fcn\u00fcm elde etmek isteyenler i\u00e7in etkili bir \u00e7\u00f6z\u00fcm sunan bir cerrahi i\u015flemdir. \u0130\u015fte y\u00fcz germe ameliyat\u0131 hakk\u0131nda merak edilenler: Y\u00fcz Germe Ameliyat\u0131 Nas\u0131l Yap\u0131l\u0131r? Y\u00fcz germe ameliyat\u0131, ki\u015finin ihtiya\u00e7lar\u0131na ve deformasyonun tespit [&hellip;]<\/p>\n","protected":false},"author":2,"featured_media":0,"parent":0,"menu_order":0,"comment_status":"closed","ping_status":"closed","template":"","meta":{"postBodyMargin":[],"postBodyPadding":[],"postBodyBackground":{"backgroundType":"classic","gradient":""},"footnotes":""},"class_list":["post-13588","page","type-page","status-publish","hentry"],"_links":{"self":[{"href":"https:\/\/seldacenter.com\/it\/wp-json\/wp\/v2\/pages\/13588","targetHints":{"allow":["GET"]}}],"collection":[{"href":"https:\/\/seldacenter.com\/it\/wp-json\/wp\/v2\/pages"}],"about":[{"href":"https:\/\/seldacenter.com\/it\/wp-json\/wp\/v2\/types\/page"}],"author":[{"embeddable":true,"href":"https:\/\/seldacenter.com\/it\/wp-json\/wp\/v2\/users\/2"}],"replies":[{"embeddable":true,"href":"https:\/\/seldacenter.com\/it\/wp-json\/wp\/v2\/comments?post=13588"}],"version-history":[{"count":1,"href":"https:\/\/seldacenter.com\/it\/wp-json\/wp\/v2\/pages\/13588\/revisions"}],"predecessor-version":[{"id":13589,"href":"https:\/\/seldacenter.com\/it\/wp-json\/wp\/v2\/pages\/13588\/revisions\/13589"}],"wp:attachment":[{"href":"https:\/\/seldacenter.com\/it\/wp-json\/wp\/v2\/media?parent=13588"}],"curies":[{"name":"wp","href":"https:\/\/api.w.org\/{rel}","templated":true}]}}