{"id":13586,"date":"2024-02-17T18:48:13","date_gmt":"2024-02-17T18:48:13","guid":{"rendered":"https:\/\/seldacenter.com\/yeniyapi\/?page_id=13586"},"modified":"2024-03-02T02:11:53","modified_gmt":"2024-03-02T02:11:53","slug":"ip-aski","status":"publish","type":"page","link":"https:\/\/seldacenter.com\/it\/ip-aski\/","title":{"rendered":"Appendiabiti per corda"},"content":{"rendered":"<div data-elementor-type=\"wp-page\" data-elementor-id=\"13586\" class=\"elementor elementor-13586\" data-elementor-post-type=\"page\">\n\t\t\t\t\t\t<section class=\"elementor-section elementor-top-section elementor-element elementor-element-fb7f8d7 elementor-section-boxed elementor-section-height-default elementor-section-height-default\" data-id=\"fb7f8d7\" data-element_type=\"section\">\n\t\t\t\t\t\t<div class=\"elementor-container elementor-column-gap-default\">\n\t\t\t\t\t<div class=\"elementor-column elementor-col-50 elementor-top-column elementor-element elementor-element-6a8adaa\" data-id=\"6a8adaa\" data-element_type=\"column\" data-settings=\"{&quot;background_background&quot;:&quot;classic&quot;}\">\n\t\t\t<div class=\"elementor-widget-wrap elementor-element-populated\">\n\t\t\t\t\t\t<div class=\"elementor-element elementor-element-6dd491f elementor-widget elementor-widget-image\" data-id=\"6dd491f\" data-element_type=\"widget\" data-widget_type=\"image.default\">\n\t\t\t\t<div class=\"elementor-widget-container\">\n\t\t\t\t\t\t\t\t\t\t\t\t\t\t\t<img fetchpriority=\"high\" decoding=\"async\" width=\"935\" height=\"642\" src=\"https:\/\/seldacenter.com\/wp-content\/uploads\/2024\/03\/woman-with-perfect-clean-skin-lifting-arrows_114963-15977-1.jpg\" class=\"attachment-full size-full wp-image-14153\" alt=\"\" srcset=\"https:\/\/seldacenter.com\/wp-content\/uploads\/2024\/03\/woman-with-perfect-clean-skin-lifting-arrows_114963-15977-1.jpg 935w, https:\/\/seldacenter.com\/wp-content\/uploads\/2024\/03\/woman-with-perfect-clean-skin-lifting-arrows_114963-15977-1-600x412.jpg 600w, https:\/\/seldacenter.com\/wp-content\/uploads\/2024\/03\/woman-with-perfect-clean-skin-lifting-arrows_114963-15977-1-300x206.jpg 300w, https:\/\/seldacenter.com\/wp-content\/uploads\/2024\/03\/woman-with-perfect-clean-skin-lifting-arrows_114963-15977-1-768x527.jpg 768w\" sizes=\"(max-width: 935px) 100vw, 935px\" \/>\t\t\t\t\t\t\t\t\t\t\t\t\t\t\t<\/div>\n\t\t\t\t<\/div>\n\t\t\t\t\t<\/div>\n\t\t<\/div>\n\t\t\t\t<div class=\"elementor-column elementor-col-50 elementor-top-column elementor-element elementor-element-3a3dba7\" data-id=\"3a3dba7\" data-element_type=\"column\">\n\t\t\t<div class=\"elementor-widget-wrap elementor-element-populated\">\n\t\t\t\t\t\t<div class=\"elementor-element elementor-element-f69e554 elementor-widget-divider--view-line_text elementor-widget-divider--element-align-left elementor-widget elementor-widget-divider\" data-id=\"f69e554\" data-element_type=\"widget\" data-widget_type=\"divider.default\">\n\t\t\t\t<div class=\"elementor-widget-container\">\n\t\t\t\t\t\t\t<div class=\"elementor-divider\">\n\t\t\t<span class=\"elementor-divider-separator\">\n\t\t\t\t\t\t\t<h3 class=\"elementor-divider__text elementor-divider__element\">\n\t\t\t\tAppendiabiti per corda\t\t\t\t<\/h3>\n\t\t\t\t\t\t<\/span>\n\t\t<\/div>\n\t\t\t\t\t\t<\/div>\n\t\t\t\t<\/div>\n\t\t\t\t<div class=\"elementor-element elementor-element-6fd4f14 elementor-align-left elementor-icon-list--layout-traditional elementor-list-item-link-full_width elementor-widget elementor-widget-icon-list\" data-id=\"6fd4f14\" data-element_type=\"widget\" data-widget_type=\"icon-list.default\">\n\t\t\t\t<div class=\"elementor-widget-container\">\n\t\t\t\t\t\t\t<ul class=\"elementor-icon-list-items\">\n\t\t\t\t\t\t\t<li class=\"elementor-icon-list-item\">\n\t\t\t\t\t\t\t\t\t\t\t<span class=\"elementor-icon-list-icon\">\n\t\t\t\t\t\t\t<svg aria-hidden=\"true\" class=\"e-font-icon-svg e-far-hospital\" viewbox=\"0 0 448 512\" xmlns=\"http:\/\/www.w3.org\/2000\/svg\"><path d=\"M128 244v-40c0-6.627 5.373-12 12-12h40c6.627 0 12 5.373 12 12v40c0 6.627-5.373 12-12 12h-40c-6.627 0-12-5.373-12-12zm140 12h40c6.627 0 12-5.373 12-12v-40c0-6.627-5.373-12-12-12h-40c-6.627 0-12 5.373-12 12v40c0 6.627 5.373 12 12 12zm-76 84v-40c0-6.627-5.373-12-12-12h-40c-6.627 0-12 5.373-12 12v40c0 6.627 5.373 12 12 12h40c6.627 0 12-5.373 12-12zm76 12h40c6.627 0 12-5.373 12-12v-40c0-6.627-5.373-12-12-12h-40c-6.627 0-12 5.373-12 12v40c0 6.627 5.373 12 12 12zm180 124v36H0v-36c0-6.627 5.373-12 12-12h19.5V85.035C31.5 73.418 42.245 64 55.5 64H144V24c0-13.255 10.745-24 24-24h112c13.255 0 24 10.745 24 24v40h88.5c13.255 0 24 9.418 24 21.035V464H436c6.627 0 12 5.373 12 12zM79.5 463H192v-67c0-6.627 5.373-12 12-12h40c6.627 0 12 5.373 12 12v67h112.5V112H304v24c0 13.255-10.745 24-24 24H168c-13.255 0-24-10.745-24-24v-24H79.5v351zM266 64h-26V38a6 6 0 0 0-6-6h-20a6 6 0 0 0-6 6v26h-26a6 6 0 0 0-6 6v20a6 6 0 0 0 6 6h26v26a6 6 0 0 0 6 6h20a6 6 0 0 0 6-6V96h26a6 6 0 0 0 6-6V70a6 6 0 0 0-6-6z\"><\/path><\/svg>\t\t\t\t\t\t<\/span>\n\t\t\t\t\t\t\t\t\t\t<span class=\"elementor-icon-list-text\">Durata della degenza ospedaliera: non richiesta<\/span>\n\t\t\t\t\t\t\t\t\t<\/li>\n\t\t\t\t\t\t\t\t<li class=\"elementor-icon-list-item\">\n\t\t\t\t\t\t\t\t\t\t\t<span class=\"elementor-icon-list-icon\">\n\t\t\t\t\t\t\t<svg aria-hidden=\"true\" class=\"e-font-icon-svg e-far-clock\" viewbox=\"0 0 512 512\" xmlns=\"http:\/\/www.w3.org\/2000\/svg\"><path d=\"M256 8C119 8 8 119 8 256s111 248 248 248 248-111 248-248S393 8 256 8zm0 448c-110.5 0-200-89.5-200-200S145.5 56 256 56s200 89.5 200 200-89.5 200-200 200zm61.8-104.4l-84.9-61.7c-3.1-2.3-4.9-5.9-4.9-9.7V116c0-6.6 5.4-12 12-12h32c6.6 0 12 5.4 12 12v141.7l66.8 48.6c5.4 3.9 6.5 11.4 2.6 16.8L334.6 349c-3.9 5.3-11.4 6.5-16.8 2.6z\"><\/path><\/svg>\t\t\t\t\t\t<\/span>\n\t\t\t\t\t\t\t\t\t\t<span class=\"elementor-icon-list-text\">Tempo di funzionamento: 40 minuti<\/span>\n\t\t\t\t\t\t\t\t\t<\/li>\n\t\t\t\t\t\t\t\t<li class=\"elementor-icon-list-item\">\n\t\t\t\t\t\t\t\t\t\t\t<span class=\"elementor-icon-list-icon\">\n\t\t\t\t\t\t\t<svg aria-hidden=\"true\" class=\"e-font-icon-svg e-fas-syringe\" viewbox=\"0 0 512 512\" xmlns=\"http:\/\/www.w3.org\/2000\/svg\"><path d=\"M201.5 174.8l55.7 55.8c3.1 3.1 3.1 8.2 0 11.3l-11.3 11.3c-3.1 3.1-8.2 3.1-11.3 0l-55.7-55.8-45.3 45.3 55.8 55.8c3.1 3.1 3.1 8.2 0 11.3l-11.3 11.3c-3.1 3.1-8.2 3.1-11.3 0L111 265.2l-26.4 26.4c-17.3 17.3-25.6 41.1-23 65.4l7.1 63.6L2.3 487c-3.1 3.1-3.1 8.2 0 11.3l11.3 11.3c3.1 3.1 8.2 3.1 11.3 0l66.3-66.3 63.6 7.1c23.9 2.6 47.9-5.4 65.4-23l181.9-181.9-135.7-135.7-64.9 65zm308.2-93.3L430.5 2.3c-3.1-3.1-8.2-3.1-11.3 0l-11.3 11.3c-3.1 3.1-3.1 8.2 0 11.3l28.3 28.3-45.3 45.3-56.6-56.6-17-17c-3.1-3.1-8.2-3.1-11.3 0l-33.9 33.9c-3.1 3.1-3.1 8.2 0 11.3l17 17L424.8 223l17 17c3.1 3.1 8.2 3.1 11.3 0l33.9-34c3.1-3.1 3.1-8.2 0-11.3l-73.5-73.5 45.3-45.3 28.3 28.3c3.1 3.1 8.2 3.1 11.3 0l11.3-11.3c3.1-3.2 3.1-8.2 0-11.4z\"><\/path><\/svg>\t\t\t\t\t\t<\/span>\n\t\t\t\t\t\t\t\t\t\t<span class=\"elementor-icon-list-text\">Anestesia: locale<\/span>\n\t\t\t\t\t\t\t\t\t<\/li>\n\t\t\t\t\t\t\t\t<li class=\"elementor-icon-list-item\">\n\t\t\t\t\t\t\t\t\t\t\t<span class=\"elementor-icon-list-icon\">\n\t\t\t\t\t\t\t<svg aria-hidden=\"true\" class=\"e-font-icon-svg e-far-heart\" viewbox=\"0 0 512 512\" xmlns=\"http:\/\/www.w3.org\/2000\/svg\"><path d=\"M458.4 64.3C400.6 15.7 311.3 23 256 79.3 200.7 23 111.4 15.6 53.6 64.3-21.6 127.6-10.6 230.8 43 285.5l175.4 178.7c10 10.2 23.4 15.9 37.6 15.9 14.3 0 27.6-5.6 37.6-15.8L469 285.6c53.5-54.7 64.7-157.9-10.6-221.3zm-23.6 187.5L259.4 430.5c-2.4 2.4-4.4 2.4-6.8 0L77.2 251.8c-36.5-37.2-43.9-107.6 7.3-150.7 38.9-32.7 98.9-27.8 136.5 10.5l35 35.7 35-35.7c37.8-38.5 97.8-43.2 136.5-10.6 51.1 43.1 43.5 113.9 7.3 150.8z\"><\/path><\/svg>\t\t\t\t\t\t<\/span>\n\t\t\t\t\t\t\t\t\t\t<span class=\"elementor-icon-list-text\">Tempo di recupero: immediato<\/span>\n\t\t\t\t\t\t\t\t\t<\/li>\n\t\t\t\t\t\t<\/ul>\n\t\t\t\t\t\t<\/div>\n\t\t\t\t<\/div>\n\t\t\t\t<div class=\"elementor-element elementor-element-1423351 elementor-align-justify elementor-widget elementor-widget-button\" data-id=\"1423351\" data-element_type=\"widget\" data-widget_type=\"button.default\">\n\t\t\t\t<div class=\"elementor-widget-container\">\n\t\t\t\t\t\t\t\t\t<div class=\"elementor-button-wrapper\">\n\t\t\t\t\t<a class=\"elementor-button elementor-button-link elementor-size-sm elementor-animation-buzz\" href=\"https:\/\/seldacenter.com\/it\/\">\n\t\t\t\t\t\t<span class=\"elementor-button-content-wrapper\">\n\t\t\t\t\t\t\t\t\t<span class=\"elementor-button-text\">Prendi un appuntamento adesso<\/span>\n\t\t\t\t\t<\/span>\n\t\t\t\t\t<\/a>\n\t\t\t\t<\/div>\n\t\t\t\t\t\t\t\t<\/div>\n\t\t\t\t<\/div>\n\t\t\t\t\t<\/div>\n\t\t<\/div>\n\t\t\t\t\t<\/div>\n\t\t<\/section>\n\t\t\t\t<section class=\"elementor-section elementor-top-section elementor-element elementor-element-4d002184 elementor-section-boxed elementor-section-height-default elementor-section-height-default\" data-id=\"4d002184\" data-element_type=\"section\">\n\t\t\t\t\t\t<div class=\"elementor-container elementor-column-gap-default\">\n\t\t\t\t\t<div class=\"elementor-column elementor-col-100 elementor-top-column elementor-element elementor-element-59cfe99e\" data-id=\"59cfe99e\" data-element_type=\"column\">\n\t\t\t<div class=\"elementor-widget-wrap elementor-element-populated\">\n\t\t\t\t\t\t<div class=\"elementor-element elementor-element-e4423cf elementor-widget elementor-widget-text-editor\" data-id=\"e4423cf\" data-element_type=\"widget\" data-widget_type=\"text-editor.default\">\n\t\t\t\t<div class=\"elementor-widget-container\">\n\t\t\t\t\t\t\t\t\tOggi il mondo dell\u2019estetica \u00e8 in continua evoluzione e ricco di soluzioni innovative. Una di queste innovazioni \u00e8 un procedimento estetico chiamato &quot;sospensione a corda&quot;, che viene utilizzato per ottenere un aspetto giovane e vivace. Il metodo di sospensione con filo offre un&#039;opzione efficace per sollevare i tessuti cadenti e rassodare la pelle senza la necessit\u00e0 di un intervento chirurgico.\n\n<strong>Cos&#039;\u00e8 un gancio per corda?<\/strong>\n\nIl lifting del filo \u00e8 una procedura estetica che mira a correggere cedimenti e linee sulla superficie posizionando fili sottili sotto la pelle. Questi fili sono solitamente prodotti con materiali biocompatibili come polipropilene, acido polilattico o PDO (polidiossanone). Dopo che i fili sono stati posizionati sotto la pelle, vengono allungati per sollevare e stringere la pelle. In questo modo, le linee del viso diventano chiare, i tessuti cadenti vengono rassodati e si ottiene un aspetto pi\u00f9 giovane.\n\n<strong>Come applicare il gancio per corda?<\/strong>\n<ol>\n \t<li><strong>Ispezione e pianificazione:<\/strong> Nella prima fase, un medico estetico specialista visita il paziente e valuta i suoi desideri. Si decider\u00e0 a quali regioni verr\u00e0 applicato.<\/li>\n \t<li><strong>Anestesia:<\/strong> L&#039;applicazione della sospensione tramite corda viene solitamente eseguita in anestesia locale. Ci\u00f2 garantisce un&#039;esperienza confortevole per il paziente.<\/li>\n \t<li><strong>Posizionamento della corda:<\/strong> I fili vengono posizionati sotto la pelle utilizzando un ago o una cannula a punta fine. La posizione dei fili \u00e8 determinata attentamente in aree strategiche che stringeranno la pelle.<\/li>\n \t<li><strong>Allungamento e modellamento:<\/strong> I fili tirano la pelle verso l&#039;alto e la stringono. Questo passaggio crea un effetto lifting istantaneo e definisce i tratti del viso.<\/li>\n \t<li><strong>Taglio e ambientazione:<\/strong> Dopo che i fili sono stati posizionati sulla pelle, la lunghezza in eccesso viene tagliata e vengono apportate modifiche per consentire ai tessuti sotto la pelle di sistemarsi naturalmente.<\/li>\n \t<li><strong>Guarigione e risultati:<\/strong> Il paziente pu\u00f2 tornare alla vita quotidiana subito dopo l&#039;applicazione della sospensione tramite corda. Il processo di recupero \u00e8 generalmente breve e confortevole. I risultati sono immediati e diventano pi\u00f9 evidenti nel tempo.<\/li>\n<\/ol>\n<strong>Vantaggi e cose da considerare<\/strong>\n\n<strong>Vantaggi:<\/strong>\n<ul>\n \t<li>Una procedura rapida ed efficace.<\/li>\n \t<li>Meno invasivo della chirurgia.<\/li>\n \t<li>Breve periodo di recupero.<\/li>\n<\/ul>\n<strong>Cose a cui prestare attenzione:<\/strong>\n<ul>\n \t<li>L&#039;applicazione va affidata a mani esperte.<\/li>\n \t<li>La selezione del materiale della corda deve essere effettuata correttamente.<\/li>\n \t<li>La sospensione della fune viene assorbita dopo un certo periodo di tempo, quindi potrebbe richiedere continuit\u00e0.<\/li>\n<\/ul>\n<strong>Insomma\u2026<\/strong>\n\nLe grucce in corda offrono una soluzione estetica efficace per chi desidera ottenere un aspetto giovane e vivace. Tuttavia, come ogni intervento estetico, anche questo metodo va eseguito in mani esperte, con i materiali giusti e con una valutazione personale.\t\t\t\t\t\t\t\t<\/div>\n\t\t\t\t<\/div>\n\t\t\t\t\t<\/div>\n\t\t<\/div>\n\t\t\t\t\t<\/div>\n\t\t<\/section>\n\t\t\t\t<\/div>","protected":false},"excerpt":{"rendered":"<p>\u0130p Ask\u0131 Hastanede Kal\u0131\u015f S\u00fcresi: Gerekli De\u011fil Operasyon S\u00fcresi: 40 Dakika Anestezi: Lokal \u0130yile\u015fme S\u00fcresi: Hemen Hemen Randevu Al\u0131n G\u00fcn\u00fcm\u00fczde estetik d\u00fcnyas\u0131 s\u00fcrekli olarak geli\u015fmekte ve yenilik\u00e7i \u00e7\u00f6z\u00fcmlerle dolup ta\u015fmaktad\u0131r. Bu yeniliklerden biri de &#8220;ip ask\u0131&#8221; olarak adland\u0131r\u0131lan, gen\u00e7 ve canl\u0131 bir g\u00f6r\u00fcn\u00fcm elde etmek amac\u0131yla kullan\u0131lan estetik bir prosed\u00fcrd\u00fcr. \u0130p ask\u0131 y\u00f6ntemi, cerrahi m\u00fcdahaleye [&hellip;]<\/p>\n","protected":false},"author":2,"featured_media":0,"parent":0,"menu_order":0,"comment_status":"closed","ping_status":"closed","template":"","meta":{"postBodyMargin":[],"postBodyPadding":[],"postBodyBackground":{"backgroundType":"classic","gradient":""},"footnotes":""},"class_list":["post-13586","page","type-page","status-publish","hentry"],"_links":{"self":[{"href":"https:\/\/seldacenter.com\/it\/wp-json\/wp\/v2\/pages\/13586","targetHints":{"allow":["GET"]}}],"collection":[{"href":"https:\/\/seldacenter.com\/it\/wp-json\/wp\/v2\/pages"}],"about":[{"href":"https:\/\/seldacenter.com\/it\/wp-json\/wp\/v2\/types\/page"}],"author":[{"embeddable":true,"href":"https:\/\/seldacenter.com\/it\/wp-json\/wp\/v2\/users\/2"}],"replies":[{"embeddable":true,"href":"https:\/\/seldacenter.com\/it\/wp-json\/wp\/v2\/comments?post=13586"}],"version-history":[{"count":10,"href":"https:\/\/seldacenter.com\/it\/wp-json\/wp\/v2\/pages\/13586\/revisions"}],"predecessor-version":[{"id":14248,"href":"https:\/\/seldacenter.com\/it\/wp-json\/wp\/v2\/pages\/13586\/revisions\/14248"}],"wp:attachment":[{"href":"https:\/\/seldacenter.com\/it\/wp-json\/wp\/v2\/media?parent=13586"}],"curies":[{"name":"wp","href":"https:\/\/api.w.org\/{rel}","templated":true}]}}