{"id":13582,"date":"2024-02-17T18:44:51","date_gmt":"2024-02-17T18:44:51","guid":{"rendered":"https:\/\/seldacenter.com\/yeniyapi\/?page_id=13582"},"modified":"2024-02-25T05:51:17","modified_gmt":"2024-02-25T05:51:17","slug":"sapphire-kas-ekimi","status":"publish","type":"page","link":"https:\/\/seldacenter.com\/it\/sapphire-kas-ekimi\/","title":{"rendered":"Trapianto di sopracciglia con zaffiro"},"content":{"rendered":"<div data-elementor-type=\"wp-page\" data-elementor-id=\"13582\" class=\"elementor elementor-13582\" data-elementor-post-type=\"page\">\n\t\t\t\t\t\t<section class=\"elementor-section elementor-top-section elementor-element elementor-element-5ce851c elementor-section-boxed elementor-section-height-default elementor-section-height-default\" data-id=\"5ce851c\" data-element_type=\"section\">\n\t\t\t\t\t\t<div class=\"elementor-container elementor-column-gap-default\">\n\t\t\t\t\t<div class=\"elementor-column elementor-col-50 elementor-top-column elementor-element elementor-element-ddc6ae6\" data-id=\"ddc6ae6\" data-element_type=\"column\" data-settings=\"{&quot;background_background&quot;:&quot;classic&quot;}\">\n\t\t\t<div class=\"elementor-widget-wrap elementor-element-populated\">\n\t\t\t\t\t\t<div class=\"elementor-element elementor-element-1a32a93 elementor-widget elementor-widget-image\" data-id=\"1a32a93\" data-element_type=\"widget\" data-widget_type=\"image.default\">\n\t\t\t\t<div class=\"elementor-widget-container\">\n\t\t\t\t\t\t\t\t\t\t\t\t\t\t\t<img fetchpriority=\"high\" decoding=\"async\" width=\"900\" height=\"400\" src=\"https:\/\/seldacenter.com\/wp-content\/uploads\/2023\/11\/kas_ekimi.jpg\" class=\"attachment-full size-full wp-image-13193\" alt=\"\" srcset=\"https:\/\/seldacenter.com\/wp-content\/uploads\/2023\/11\/kas_ekimi.jpg 900w, https:\/\/seldacenter.com\/wp-content\/uploads\/2023\/11\/kas_ekimi-600x267.jpg 600w, https:\/\/seldacenter.com\/wp-content\/uploads\/2023\/11\/kas_ekimi-300x133.jpg 300w, https:\/\/seldacenter.com\/wp-content\/uploads\/2023\/11\/kas_ekimi-768x341.jpg 768w\" sizes=\"(max-width: 900px) 100vw, 900px\" \/>\t\t\t\t\t\t\t\t\t\t\t\t\t\t\t<\/div>\n\t\t\t\t<\/div>\n\t\t\t\t\t<\/div>\n\t\t<\/div>\n\t\t\t\t<div class=\"elementor-column elementor-col-50 elementor-top-column elementor-element elementor-element-9b1e40b\" data-id=\"9b1e40b\" data-element_type=\"column\">\n\t\t\t<div class=\"elementor-widget-wrap elementor-element-populated\">\n\t\t\t\t\t\t<div class=\"elementor-element elementor-element-ec0c5cd elementor-widget-divider--view-line_text elementor-widget-divider--element-align-left elementor-widget elementor-widget-divider\" data-id=\"ec0c5cd\" data-element_type=\"widget\" data-widget_type=\"divider.default\">\n\t\t\t\t<div class=\"elementor-widget-container\">\n\t\t\t\t\t\t\t<div class=\"elementor-divider\">\n\t\t\t<span class=\"elementor-divider-separator\">\n\t\t\t\t\t\t\t<h3 class=\"elementor-divider__text elementor-divider__element\">\n\t\t\t\tTrapianto di sopracciglia con zaffiro\t\t\t\t<\/h3>\n\t\t\t\t\t\t<\/span>\n\t\t<\/div>\n\t\t\t\t\t\t<\/div>\n\t\t\t\t<\/div>\n\t\t\t\t<div class=\"elementor-element elementor-element-98f349d elementor-align-left elementor-icon-list--layout-traditional elementor-list-item-link-full_width elementor-widget elementor-widget-icon-list\" data-id=\"98f349d\" data-element_type=\"widget\" data-widget_type=\"icon-list.default\">\n\t\t\t\t<div class=\"elementor-widget-container\">\n\t\t\t\t\t\t\t<ul class=\"elementor-icon-list-items\">\n\t\t\t\t\t\t\t<li class=\"elementor-icon-list-item\">\n\t\t\t\t\t\t\t\t\t\t\t<span class=\"elementor-icon-list-icon\">\n\t\t\t\t\t\t\t<svg aria-hidden=\"true\" class=\"e-font-icon-svg e-far-hospital\" viewbox=\"0 0 448 512\" xmlns=\"http:\/\/www.w3.org\/2000\/svg\"><path d=\"M128 244v-40c0-6.627 5.373-12 12-12h40c6.627 0 12 5.373 12 12v40c0 6.627-5.373 12-12 12h-40c-6.627 0-12-5.373-12-12zm140 12h40c6.627 0 12-5.373 12-12v-40c0-6.627-5.373-12-12-12h-40c-6.627 0-12 5.373-12 12v40c0 6.627 5.373 12 12 12zm-76 84v-40c0-6.627-5.373-12-12-12h-40c-6.627 0-12 5.373-12 12v40c0 6.627 5.373 12 12 12h40c6.627 0 12-5.373 12-12zm76 12h40c6.627 0 12-5.373 12-12v-40c0-6.627-5.373-12-12-12h-40c-6.627 0-12 5.373-12 12v40c0 6.627 5.373 12 12 12zm180 124v36H0v-36c0-6.627 5.373-12 12-12h19.5V85.035C31.5 73.418 42.245 64 55.5 64H144V24c0-13.255 10.745-24 24-24h112c13.255 0 24 10.745 24 24v40h88.5c13.255 0 24 9.418 24 21.035V464H436c6.627 0 12 5.373 12 12zM79.5 463H192v-67c0-6.627 5.373-12 12-12h40c6.627 0 12 5.373 12 12v67h112.5V112H304v24c0 13.255-10.745 24-24 24H168c-13.255 0-24-10.745-24-24v-24H79.5v351zM266 64h-26V38a6 6 0 0 0-6-6h-20a6 6 0 0 0-6 6v26h-26a6 6 0 0 0-6 6v20a6 6 0 0 0 6 6h26v26a6 6 0 0 0 6 6h20a6 6 0 0 0 6-6V96h26a6 6 0 0 0 6-6V70a6 6 0 0 0-6-6z\"><\/path><\/svg>\t\t\t\t\t\t<\/span>\n\t\t\t\t\t\t\t\t\t\t<span class=\"elementor-icon-list-text\">Durata della degenza ospedaliera: non richiesta<\/span>\n\t\t\t\t\t\t\t\t\t<\/li>\n\t\t\t\t\t\t\t\t<li class=\"elementor-icon-list-item\">\n\t\t\t\t\t\t\t\t\t\t\t<span class=\"elementor-icon-list-icon\">\n\t\t\t\t\t\t\t<svg aria-hidden=\"true\" class=\"e-font-icon-svg e-far-clock\" viewbox=\"0 0 512 512\" xmlns=\"http:\/\/www.w3.org\/2000\/svg\"><path d=\"M256 8C119 8 8 119 8 256s111 248 248 248 248-111 248-248S393 8 256 8zm0 448c-110.5 0-200-89.5-200-200S145.5 56 256 56s200 89.5 200 200-89.5 200-200 200zm61.8-104.4l-84.9-61.7c-3.1-2.3-4.9-5.9-4.9-9.7V116c0-6.6 5.4-12 12-12h32c6.6 0 12 5.4 12 12v141.7l66.8 48.6c5.4 3.9 6.5 11.4 2.6 16.8L334.6 349c-3.9 5.3-11.4 6.5-16.8 2.6z\"><\/path><\/svg>\t\t\t\t\t\t<\/span>\n\t\t\t\t\t\t\t\t\t\t<span class=\"elementor-icon-list-text\">Tempo di funzionamento: 6-8 ore<\/span>\n\t\t\t\t\t\t\t\t\t<\/li>\n\t\t\t\t\t\t\t\t<li class=\"elementor-icon-list-item\">\n\t\t\t\t\t\t\t\t\t\t\t<span class=\"elementor-icon-list-icon\">\n\t\t\t\t\t\t\t<svg aria-hidden=\"true\" class=\"e-font-icon-svg e-fas-syringe\" viewbox=\"0 0 512 512\" xmlns=\"http:\/\/www.w3.org\/2000\/svg\"><path d=\"M201.5 174.8l55.7 55.8c3.1 3.1 3.1 8.2 0 11.3l-11.3 11.3c-3.1 3.1-8.2 3.1-11.3 0l-55.7-55.8-45.3 45.3 55.8 55.8c3.1 3.1 3.1 8.2 0 11.3l-11.3 11.3c-3.1 3.1-8.2 3.1-11.3 0L111 265.2l-26.4 26.4c-17.3 17.3-25.6 41.1-23 65.4l7.1 63.6L2.3 487c-3.1 3.1-3.1 8.2 0 11.3l11.3 11.3c3.1 3.1 8.2 3.1 11.3 0l66.3-66.3 63.6 7.1c23.9 2.6 47.9-5.4 65.4-23l181.9-181.9-135.7-135.7-64.9 65zm308.2-93.3L430.5 2.3c-3.1-3.1-8.2-3.1-11.3 0l-11.3 11.3c-3.1 3.1-3.1 8.2 0 11.3l28.3 28.3-45.3 45.3-56.6-56.6-17-17c-3.1-3.1-8.2-3.1-11.3 0l-33.9 33.9c-3.1 3.1-3.1 8.2 0 11.3l17 17L424.8 223l17 17c3.1 3.1 8.2 3.1 11.3 0l33.9-34c3.1-3.1 3.1-8.2 0-11.3l-73.5-73.5 45.3-45.3 28.3 28.3c3.1 3.1 8.2 3.1 11.3 0l11.3-11.3c3.1-3.2 3.1-8.2 0-11.4z\"><\/path><\/svg>\t\t\t\t\t\t<\/span>\n\t\t\t\t\t\t\t\t\t\t<span class=\"elementor-icon-list-text\">Anestesia: locale<\/span>\n\t\t\t\t\t\t\t\t\t<\/li>\n\t\t\t\t\t\t\t\t<li class=\"elementor-icon-list-item\">\n\t\t\t\t\t\t\t\t\t\t\t<span class=\"elementor-icon-list-icon\">\n\t\t\t\t\t\t\t<svg aria-hidden=\"true\" class=\"e-font-icon-svg e-far-heart\" viewbox=\"0 0 512 512\" xmlns=\"http:\/\/www.w3.org\/2000\/svg\"><path d=\"M458.4 64.3C400.6 15.7 311.3 23 256 79.3 200.7 23 111.4 15.6 53.6 64.3-21.6 127.6-10.6 230.8 43 285.5l175.4 178.7c10 10.2 23.4 15.9 37.6 15.9 14.3 0 27.6-5.6 37.6-15.8L469 285.6c53.5-54.7 64.7-157.9-10.6-221.3zm-23.6 187.5L259.4 430.5c-2.4 2.4-4.4 2.4-6.8 0L77.2 251.8c-36.5-37.2-43.9-107.6 7.3-150.7 38.9-32.7 98.9-27.8 136.5 10.5l35 35.7 35-35.7c37.8-38.5 97.8-43.2 136.5-10.6 51.1 43.1 43.5 113.9 7.3 150.8z\"><\/path><\/svg>\t\t\t\t\t\t<\/span>\n\t\t\t\t\t\t\t\t\t\t<span class=\"elementor-icon-list-text\">Tempo di recupero: 6-12 mesi<\/span>\n\t\t\t\t\t\t\t\t\t<\/li>\n\t\t\t\t\t\t<\/ul>\n\t\t\t\t\t\t<\/div>\n\t\t\t\t<\/div>\n\t\t\t\t<div class=\"elementor-element elementor-element-37a2ca8 elementor-align-justify elementor-widget elementor-widget-button\" data-id=\"37a2ca8\" data-element_type=\"widget\" data-widget_type=\"button.default\">\n\t\t\t\t<div class=\"elementor-widget-container\">\n\t\t\t\t\t\t\t\t\t<div class=\"elementor-button-wrapper\">\n\t\t\t\t\t<a class=\"elementor-button elementor-button-link elementor-size-sm elementor-animation-buzz\" href=\"https:\/\/seldacenter.com\/it\/\">\n\t\t\t\t\t\t<span class=\"elementor-button-content-wrapper\">\n\t\t\t\t\t\t\t\t\t<span class=\"elementor-button-text\">Prendi un appuntamento adesso<\/span>\n\t\t\t\t\t<\/span>\n\t\t\t\t\t<\/a>\n\t\t\t\t<\/div>\n\t\t\t\t\t\t\t\t<\/div>\n\t\t\t\t<\/div>\n\t\t\t\t\t<\/div>\n\t\t<\/div>\n\t\t\t\t\t<\/div>\n\t\t<\/section>\n\t\t\t\t<section class=\"elementor-section elementor-top-section elementor-element elementor-element-3c2fc51c elementor-section-boxed elementor-section-height-default elementor-section-height-default\" data-id=\"3c2fc51c\" data-element_type=\"section\">\n\t\t\t\t\t\t<div class=\"elementor-container elementor-column-gap-default\">\n\t\t\t\t\t<div class=\"elementor-column elementor-col-100 elementor-top-column elementor-element elementor-element-369c09\" data-id=\"369c09\" data-element_type=\"column\">\n\t\t\t<div class=\"elementor-widget-wrap elementor-element-populated\">\n\t\t\t\t\t\t<div class=\"elementor-element elementor-element-7ef52623 elementor-widget elementor-widget-text-editor\" data-id=\"7ef52623\" data-element_type=\"widget\" data-widget_type=\"text-editor.default\">\n\t\t\t\t<div class=\"elementor-widget-container\">\n\t\t\t\t\t\t\t\t\tLe sopracciglia sono una parte importante della bellezza del viso e il mondo dell&#039;estetica \u00e8 entrato in una nuova era in questo campo con l&#039;innovazione portata dalla tecnologia SAPPHIRE. Le lame con punta in zaffiro uniscono naturalezza e perfezione aggiungendo un tocco estetico alle operazioni di trapianto di sopracciglia.\n\n<strong>Tecnologia SAPPHIRE e trapianto di sopracciglia:<\/strong> La tecnologia SAPPHIRE offre un approccio innovativo alle operazioni di trapianto di sopracciglia utilizzando punte in zaffiro appositamente progettate. Questa tecnologia fornisce risultati naturali ed estetici nella zona delle sopracciglia con la possibilit\u00e0 di effettuare tagli pi\u00f9 sottili e precisi.\n\n<strong>Vantaggi estetici delle punte in zaffiro:<\/strong>\n<ul>\n \t<li><strong>Tagli naturali:<\/strong> Le punte in zaffiro forniscono angoli e tagli pi\u00f9 naturali durante il trapianto di sopracciglia. Ci\u00f2 consente ai capelli trapiantati di avere un aspetto naturale.<\/li>\n \t<li><strong>Durabilit\u00e0:<\/strong> Poich\u00e9 lo zaffiro \u00e8 un materiale durevole, offre prestazioni pi\u00f9 efficaci e durature durante il funzionamento.<\/li>\n \t<li><strong>Trasporto di precisione:<\/strong> Le punte in zaffiro utilizzate durante il trapianto di sopracciglia consentono di rimuovere e trapiantare i follicoli piliferi in modo pi\u00f9 preciso.<\/li>\n<\/ul>\n<strong>Operazione di trapianto di sopracciglia SAPPHIRE:<\/strong> L\u2019operazione di trapianto di sopracciglia SAPPHIRE viene eseguita in anestesia locale. Le punte in zaffiro vengono utilizzate per creare la linea delle sopracciglia e posizionare accuratamente i follicoli. Il dolore minimo e il rapido recupero dopo l&#039;operazione offrono ai pazienti un&#039;esperienza confortevole.\n\n<strong>Domande frequenti:<\/strong>\n\n<strong>1. Cos&#039;\u00e8 la tecnologia SAPPHIRE?<\/strong>\n<ul>\n \t<li>ZAFFIRO si riferisce al materiale della lama con punta in zaffiro utilizzata nelle operazioni di trapianto di sopracciglia. Questo materiale \u00e8 noto per la sua capacit\u00e0 di realizzare tagli pi\u00f9 sottili e precisi.<\/li>\n<\/ul>\n<strong>2. Come procede il processo di guarigione dopo il trapianto di sopracciglia SAPPHIRE?<\/strong>\n<ul>\n \t<li>L\u2019operazione di trapianto di sopracciglia SAPPHIRE offre un rapido processo di recupero grazie a piccoli tagli e procedure delicate. Il processo di recupero pu\u00f2 variare da persona a persona, ma i pazienti solitamente possono tornare alle loro attivit\u00e0 quotidiane entro pochi giorni.<\/li>\n<\/ul>\n<strong>3. Perch\u00e9 le punte in zaffiro sono migliori di altri materiali?<\/strong>\n<ul>\n \t<li>Le punte in zaffiro si distinguono perch\u00e9 sono pi\u00f9 affilate e pi\u00f9 durevoli. Queste caratteristiche forniscono prestazioni pi\u00f9 precise ed efficaci negli interventi di chirurgia plastica.<\/li>\n<\/ul>\n<strong>4. Il trapianto di sopracciglia SAPPHIRE \u00e8 permanente?<\/strong>\n<ul>\n \t<li>S\u00ec, il trapianto di sopracciglia SAPPHIRE \u00e8 permanente. I follicoli piliferi trapiantati continuano a crescere naturalmente, proprio come hanno fatto da dove sono stati prelevati.<\/li>\n<\/ul>\n<strong>5. Chi \u00e8 adatto al trapianto di sopracciglia SAPPHIRE?<\/strong>\n<ul>\n \t<li>Chiunque soffra di radi o carenze nell\u2019area delle sopracciglia, e in generale gli individui sani, possono prendere in considerazione il trapianto di sopracciglia SAPPHIRE.<\/li>\n<\/ul>\n<strong>Conclusione:<\/strong> Il trapianto di sopracciglia eseguito con la tecnologia SAPPHIRE offre una soluzione innovativa al mondo dell\u2019estetica che unisce naturalezza e perfezione. Le punte in zaffiro segnano una nuova era nella bellezza portando l&#039;estetica delle sopracciglia a un livello pi\u00f9 sottile, pi\u00f9 naturale e pi\u00f9 estetico.\t\t\t\t\t\t\t\t<\/div>\n\t\t\t\t<\/div>\n\t\t\t\t\t<\/div>\n\t\t<\/div>\n\t\t\t\t\t<\/div>\n\t\t<\/section>\n\t\t\t\t<\/div>","protected":false},"excerpt":{"rendered":"<p>Sapphire Ka\u015f Ekimi Hastanede Kal\u0131\u015f S\u00fcresi: Gerekli De\u011fil Operasyon S\u00fcresi: 6-8 Saat Anestezi: Lokal \u0130yile\u015fme S\u00fcresi: 6-12 Ay Hemen Randevu Al\u0131n Ka\u015flar, y\u00fcz g\u00fczelli\u011finin \u00f6nemli bir par\u00e7as\u0131d\u0131r ve estetik d\u00fcnyas\u0131, SAPPHIRE teknolojisinin getirdi\u011fi inovasyon ile bu alanda yeni bir d\u00f6neme girmi\u015ftir. Safir u\u00e7lu b\u0131\u00e7aklar, ka\u015f ekimi operasyonlar\u0131na estetik bir dokunu\u015f katarken do\u011fall\u0131\u011f\u0131 ve m\u00fckemmelli\u011fi bir [&hellip;]<\/p>\n","protected":false},"author":2,"featured_media":0,"parent":0,"menu_order":0,"comment_status":"closed","ping_status":"closed","template":"","meta":{"postBodyMargin":[],"postBodyPadding":[],"postBodyBackground":{"backgroundType":"classic","gradient":""},"footnotes":""},"class_list":["post-13582","page","type-page","status-publish","hentry"],"_links":{"self":[{"href":"https:\/\/seldacenter.com\/it\/wp-json\/wp\/v2\/pages\/13582","targetHints":{"allow":["GET"]}}],"collection":[{"href":"https:\/\/seldacenter.com\/it\/wp-json\/wp\/v2\/pages"}],"about":[{"href":"https:\/\/seldacenter.com\/it\/wp-json\/wp\/v2\/types\/page"}],"author":[{"embeddable":true,"href":"https:\/\/seldacenter.com\/it\/wp-json\/wp\/v2\/users\/2"}],"replies":[{"embeddable":true,"href":"https:\/\/seldacenter.com\/it\/wp-json\/wp\/v2\/comments?post=13582"}],"version-history":[{"count":13,"href":"https:\/\/seldacenter.com\/it\/wp-json\/wp\/v2\/pages\/13582\/revisions"}],"predecessor-version":[{"id":13826,"href":"https:\/\/seldacenter.com\/it\/wp-json\/wp\/v2\/pages\/13582\/revisions\/13826"}],"wp:attachment":[{"href":"https:\/\/seldacenter.com\/it\/wp-json\/wp\/v2\/media?parent=13582"}],"curies":[{"name":"wp","href":"https:\/\/api.w.org\/{rel}","templated":true}]}}