{"id":13571,"date":"2024-02-17T18:40:32","date_gmt":"2024-02-17T18:40:32","guid":{"rendered":"https:\/\/seldacenter.com\/yeniyapi\/?page_id=13571"},"modified":"2024-03-02T01:53:23","modified_gmt":"2024-03-02T01:53:23","slug":"porselen-dis-kaplamalari","status":"publish","type":"page","link":"https:\/\/seldacenter.com\/it\/porselen-dis-kaplamalari\/","title":{"rendered":"Faccette dentali in porcellana"},"content":{"rendered":"<div data-elementor-type=\"wp-page\" data-elementor-id=\"13571\" class=\"elementor elementor-13571\" data-elementor-post-type=\"page\">\n\t\t\t\t<section class=\"elementor-section elementor-top-section elementor-element elementor-element-45ea38d elementor-section-boxed elementor-section-height-default elementor-section-height-default\" data-id=\"45ea38d\" data-element_type=\"section\">\n\t\t\t\t\t\t<div class=\"elementor-container elementor-column-gap-default\">\n\t\t\t\t\t<div class=\"elementor-column elementor-col-50 elementor-top-column elementor-element elementor-element-0f334da\" data-id=\"0f334da\" data-element_type=\"column\" data-settings=\"{&quot;background_background&quot;:&quot;classic&quot;}\">\n\t\t\t<div class=\"elementor-widget-wrap elementor-element-populated\">\n\t\t\t\t\t\t<div class=\"elementor-element elementor-element-c92d870 elementor-widget elementor-widget-image\" data-id=\"c92d870\" data-element_type=\"widget\" data-widget_type=\"image.default\">\n\t\t\t\t<div class=\"elementor-widget-container\">\n\t\t\t\t\t\t\t\t\t\t\t\t\t\t\t<img fetchpriority=\"high\" decoding=\"async\" width=\"996\" height=\"664\" src=\"https:\/\/seldacenter.com\/wp-content\/uploads\/2024\/03\/close-up-dentist-instruments_23-2151042896.jpg\" class=\"attachment-full size-full wp-image-14201\" alt=\"\" srcset=\"https:\/\/seldacenter.com\/wp-content\/uploads\/2024\/03\/close-up-dentist-instruments_23-2151042896.jpg 996w, https:\/\/seldacenter.com\/wp-content\/uploads\/2024\/03\/close-up-dentist-instruments_23-2151042896-600x400.jpg 600w, https:\/\/seldacenter.com\/wp-content\/uploads\/2024\/03\/close-up-dentist-instruments_23-2151042896-300x200.jpg 300w, https:\/\/seldacenter.com\/wp-content\/uploads\/2024\/03\/close-up-dentist-instruments_23-2151042896-768x512.jpg 768w\" sizes=\"(max-width: 996px) 100vw, 996px\" \/>\t\t\t\t\t\t\t\t\t\t\t\t\t\t\t<\/div>\n\t\t\t\t<\/div>\n\t\t\t\t\t<\/div>\n\t\t<\/div>\n\t\t\t\t<div class=\"elementor-column elementor-col-50 elementor-top-column elementor-element elementor-element-0694818\" data-id=\"0694818\" data-element_type=\"column\">\n\t\t\t<div class=\"elementor-widget-wrap elementor-element-populated\">\n\t\t\t\t\t\t<div class=\"elementor-element elementor-element-8288989 elementor-widget-divider--view-line_text elementor-widget-divider--element-align-left elementor-widget elementor-widget-divider\" data-id=\"8288989\" data-element_type=\"widget\" data-widget_type=\"divider.default\">\n\t\t\t\t<div class=\"elementor-widget-container\">\n\t\t\t\t\t\t\t<div class=\"elementor-divider\">\n\t\t\t<span class=\"elementor-divider-separator\">\n\t\t\t\t\t\t\t<h3 class=\"elementor-divider__text elementor-divider__element\">\n\t\t\t\tFaccette dentali in porcellana\t\t\t\t<\/h3>\n\t\t\t\t\t\t<\/span>\n\t\t<\/div>\n\t\t\t\t\t\t<\/div>\n\t\t\t\t<\/div>\n\t\t\t\t<div class=\"elementor-element elementor-element-c5e6148 elementor-align-left elementor-icon-list--layout-traditional elementor-list-item-link-full_width elementor-widget elementor-widget-icon-list\" data-id=\"c5e6148\" data-element_type=\"widget\" data-widget_type=\"icon-list.default\">\n\t\t\t\t<div class=\"elementor-widget-container\">\n\t\t\t\t\t\t\t<ul class=\"elementor-icon-list-items\">\n\t\t\t\t\t\t\t<li class=\"elementor-icon-list-item\">\n\t\t\t\t\t\t\t\t\t\t\t<span class=\"elementor-icon-list-icon\">\n\t\t\t\t\t\t\t<svg aria-hidden=\"true\" class=\"e-font-icon-svg e-far-hospital\" viewbox=\"0 0 448 512\" xmlns=\"http:\/\/www.w3.org\/2000\/svg\"><path d=\"M128 244v-40c0-6.627 5.373-12 12-12h40c6.627 0 12 5.373 12 12v40c0 6.627-5.373 12-12 12h-40c-6.627 0-12-5.373-12-12zm140 12h40c6.627 0 12-5.373 12-12v-40c0-6.627-5.373-12-12-12h-40c-6.627 0-12 5.373-12 12v40c0 6.627 5.373 12 12 12zm-76 84v-40c0-6.627-5.373-12-12-12h-40c-6.627 0-12 5.373-12 12v40c0 6.627 5.373 12 12 12h40c6.627 0 12-5.373 12-12zm76 12h40c6.627 0 12-5.373 12-12v-40c0-6.627-5.373-12-12-12h-40c-6.627 0-12 5.373-12 12v40c0 6.627 5.373 12 12 12zm180 124v36H0v-36c0-6.627 5.373-12 12-12h19.5V85.035C31.5 73.418 42.245 64 55.5 64H144V24c0-13.255 10.745-24 24-24h112c13.255 0 24 10.745 24 24v40h88.5c13.255 0 24 9.418 24 21.035V464H436c6.627 0 12 5.373 12 12zM79.5 463H192v-67c0-6.627 5.373-12 12-12h40c6.627 0 12 5.373 12 12v67h112.5V112H304v24c0 13.255-10.745 24-24 24H168c-13.255 0-24-10.745-24-24v-24H79.5v351zM266 64h-26V38a6 6 0 0 0-6-6h-20a6 6 0 0 0-6 6v26h-26a6 6 0 0 0-6 6v20a6 6 0 0 0 6 6h26v26a6 6 0 0 0 6 6h20a6 6 0 0 0 6-6V96h26a6 6 0 0 0 6-6V70a6 6 0 0 0-6-6z\"><\/path><\/svg>\t\t\t\t\t\t<\/span>\n\t\t\t\t\t\t\t\t\t\t<span class=\"elementor-icon-list-text\">Durata della degenza ospedaliera: non richiesta<\/span>\n\t\t\t\t\t\t\t\t\t<\/li>\n\t\t\t\t\t\t\t\t<li class=\"elementor-icon-list-item\">\n\t\t\t\t\t\t\t\t\t\t\t<span class=\"elementor-icon-list-icon\">\n\t\t\t\t\t\t\t<svg aria-hidden=\"true\" class=\"e-font-icon-svg e-far-clock\" viewbox=\"0 0 512 512\" xmlns=\"http:\/\/www.w3.org\/2000\/svg\"><path d=\"M256 8C119 8 8 119 8 256s111 248 248 248 248-111 248-248S393 8 256 8zm0 448c-110.5 0-200-89.5-200-200S145.5 56 256 56s200 89.5 200 200-89.5 200-200 200zm61.8-104.4l-84.9-61.7c-3.1-2.3-4.9-5.9-4.9-9.7V116c0-6.6 5.4-12 12-12h32c6.6 0 12 5.4 12 12v141.7l66.8 48.6c5.4 3.9 6.5 11.4 2.6 16.8L334.6 349c-3.9 5.3-11.4 6.5-16.8 2.6z\"><\/path><\/svg>\t\t\t\t\t\t<\/span>\n\t\t\t\t\t\t\t\t\t\t<span class=\"elementor-icon-list-text\">Tempo di funzionamento: 6-8 ore<\/span>\n\t\t\t\t\t\t\t\t\t<\/li>\n\t\t\t\t\t\t\t\t<li class=\"elementor-icon-list-item\">\n\t\t\t\t\t\t\t\t\t\t\t<span class=\"elementor-icon-list-icon\">\n\t\t\t\t\t\t\t<svg aria-hidden=\"true\" class=\"e-font-icon-svg e-fas-syringe\" viewbox=\"0 0 512 512\" xmlns=\"http:\/\/www.w3.org\/2000\/svg\"><path d=\"M201.5 174.8l55.7 55.8c3.1 3.1 3.1 8.2 0 11.3l-11.3 11.3c-3.1 3.1-8.2 3.1-11.3 0l-55.7-55.8-45.3 45.3 55.8 55.8c3.1 3.1 3.1 8.2 0 11.3l-11.3 11.3c-3.1 3.1-8.2 3.1-11.3 0L111 265.2l-26.4 26.4c-17.3 17.3-25.6 41.1-23 65.4l7.1 63.6L2.3 487c-3.1 3.1-3.1 8.2 0 11.3l11.3 11.3c3.1 3.1 8.2 3.1 11.3 0l66.3-66.3 63.6 7.1c23.9 2.6 47.9-5.4 65.4-23l181.9-181.9-135.7-135.7-64.9 65zm308.2-93.3L430.5 2.3c-3.1-3.1-8.2-3.1-11.3 0l-11.3 11.3c-3.1 3.1-3.1 8.2 0 11.3l28.3 28.3-45.3 45.3-56.6-56.6-17-17c-3.1-3.1-8.2-3.1-11.3 0l-33.9 33.9c-3.1 3.1-3.1 8.2 0 11.3l17 17L424.8 223l17 17c3.1 3.1 8.2 3.1 11.3 0l33.9-34c3.1-3.1 3.1-8.2 0-11.3l-73.5-73.5 45.3-45.3 28.3 28.3c3.1 3.1 8.2 3.1 11.3 0l11.3-11.3c3.1-3.2 3.1-8.2 0-11.4z\"><\/path><\/svg>\t\t\t\t\t\t<\/span>\n\t\t\t\t\t\t\t\t\t\t<span class=\"elementor-icon-list-text\">Anestesia: locale<\/span>\n\t\t\t\t\t\t\t\t\t<\/li>\n\t\t\t\t\t\t\t\t<li class=\"elementor-icon-list-item\">\n\t\t\t\t\t\t\t\t\t\t\t<span class=\"elementor-icon-list-icon\">\n\t\t\t\t\t\t\t<svg aria-hidden=\"true\" class=\"e-font-icon-svg e-far-heart\" viewbox=\"0 0 512 512\" xmlns=\"http:\/\/www.w3.org\/2000\/svg\"><path d=\"M458.4 64.3C400.6 15.7 311.3 23 256 79.3 200.7 23 111.4 15.6 53.6 64.3-21.6 127.6-10.6 230.8 43 285.5l175.4 178.7c10 10.2 23.4 15.9 37.6 15.9 14.3 0 27.6-5.6 37.6-15.8L469 285.6c53.5-54.7 64.7-157.9-10.6-221.3zm-23.6 187.5L259.4 430.5c-2.4 2.4-4.4 2.4-6.8 0L77.2 251.8c-36.5-37.2-43.9-107.6 7.3-150.7 38.9-32.7 98.9-27.8 136.5 10.5l35 35.7 35-35.7c37.8-38.5 97.8-43.2 136.5-10.6 51.1 43.1 43.5 113.9 7.3 150.8z\"><\/path><\/svg>\t\t\t\t\t\t<\/span>\n\t\t\t\t\t\t\t\t\t\t<span class=\"elementor-icon-list-text\">Tempo di recupero: immediato<\/span>\n\t\t\t\t\t\t\t\t\t<\/li>\n\t\t\t\t\t\t<\/ul>\n\t\t\t\t\t\t<\/div>\n\t\t\t\t<\/div>\n\t\t\t\t<div class=\"elementor-element elementor-element-0c6a3c9 elementor-align-justify elementor-widget elementor-widget-button\" data-id=\"0c6a3c9\" data-element_type=\"widget\" data-widget_type=\"button.default\">\n\t\t\t\t<div class=\"elementor-widget-container\">\n\t\t\t\t\t\t\t\t\t<div class=\"elementor-button-wrapper\">\n\t\t\t\t\t<a class=\"elementor-button elementor-button-link elementor-size-sm elementor-animation-buzz\" href=\"https:\/\/seldacenter.com\/it\/\">\n\t\t\t\t\t\t<span class=\"elementor-button-content-wrapper\">\n\t\t\t\t\t\t\t\t\t<span class=\"elementor-button-text\">Prendi un appuntamento adesso<\/span>\n\t\t\t\t\t<\/span>\n\t\t\t\t\t<\/a>\n\t\t\t\t<\/div>\n\t\t\t\t\t\t\t\t<\/div>\n\t\t\t\t<\/div>\n\t\t\t\t\t<\/div>\n\t\t<\/div>\n\t\t\t\t\t<\/div>\n\t\t<\/section>\n\t\t\t\t<section class=\"elementor-section elementor-top-section elementor-element elementor-element-5e911a2b elementor-section-boxed elementor-section-height-default elementor-section-height-default\" data-id=\"5e911a2b\" data-element_type=\"section\">\n\t\t\t\t\t\t<div class=\"elementor-container elementor-column-gap-default\">\n\t\t\t\t\t<div class=\"elementor-column elementor-col-100 elementor-top-column elementor-element elementor-element-3517bbe0\" data-id=\"3517bbe0\" data-element_type=\"column\">\n\t\t\t<div class=\"elementor-widget-wrap elementor-element-populated\">\n\t\t\t\t\t\t<div class=\"elementor-element elementor-element-3be0b85f elementor-widget elementor-widget-text-editor\" data-id=\"3be0b85f\" data-element_type=\"widget\" data-widget_type=\"text-editor.default\">\n\t\t\t\t<div class=\"elementor-widget-container\"><p><strong>Faccette dentali in porcellana: una soluzione estetica e funzionale<\/strong><\/p><p>Le faccette dentali in porcellana, utilizzate per proteggere la salute dentale e migliorare l&#039;aspetto estetico, sono un metodo efficace applicato dai dentisti per trattare vari problemi dentali. In questo articolo puoi trovare informazioni importanti su cosa sono le faccette dentali in porcellana, i loro vantaggi, il processo e la manutenzione.<\/p><p><strong>Cosa sono le faccette dentali in porcellana?<\/strong><\/p><p>Le faccette dentali in porcellana sono faccette sottili posizionate sulla superficie anteriore dei denti e sono solitamente prodotte in porcellana o materiali compositi. Queste faccette vengono utilizzate per correggere problemi estetici, proteggere i denti e ottenere un sorriso naturale.<\/p><p><strong>Vantaggi delle faccette dentali in porcellana:<\/strong><\/p><ol class=\"wp-block-list\"><li><strong>Aspetto estetico:<\/strong> Le faccette in porcellana forniscono un aspetto estetico grazie alla loro capacit\u00e0 di riflettere la luce simile ai denti naturali.<\/li>\n\n<li><strong>Durabilit\u00e0:<\/strong> Le faccette in porcellana sono resistenti alla rottura, alle screpolature e all&#039;usura e offrono una soluzione duratura.<\/li>\n\n<li><strong>Stabilit\u00e0 del colore:<\/strong> Non vi \u00e8 alcun cambiamento di colore e preserva a lungo il colore naturale dei denti.<\/li>\n\n<li><strong>Biocompatibilit\u00e0:<\/strong> La porcellana \u00e8 un materiale compatibile con il corpo e non presenta alcun rischio di allergie.<\/li>\n\n<li><strong>Trasmissione della luce:<\/strong> Trasmette la luce come lo smalto naturale dei denti e dona un aspetto naturale.<\/li><\/ol><p><strong>Processo di rivestimento dei denti in porcellana:<\/strong><\/p><ol class=\"wp-block-list\"><li><strong>Ispezione e pianificazione:<\/strong> Il dentista valuta le condizioni del paziente, crea il piano di trattamento e determina il colore delle faccette.<\/li>\n\n<li><strong>Fase di preparazione:<\/strong> La superficie anteriore dei denti viene limata in base allo spessore delle faccette in porcellana. Viene presa un&#039;impronta dal dente e vengono posizionate le corone temporanee.<\/li>\n\n<li><strong>Preparazione di laboratorio:<\/strong> Le misurazioni effettuate dal dentista vengono inviate ad un laboratorio odontotecnico. Tecnici esperti preparano speciali faccette in porcellana.<\/li>\n\n<li><strong>Posizionamento:<\/strong> Dopo la preparazione, il dentista applica le faccette in porcellana sui denti del paziente. Colore e vestibilit\u00e0 vengono controllati.<\/li>\n\n<li><strong>Correzione e incollaggio:<\/strong> Se necessario si apportano correzioni e le faccette vengono fissate permanentemente sui denti con adesivi speciali.<\/li><\/ol><p><strong>Cura dopo le faccette dentali in porcellana:<\/strong><\/p><ol class=\"wp-block-list\"><li><strong>Igiene orale:<\/strong> \u00c8 necessario prestare attenzione ai denti e all&#039;area gengivale attorno alle faccette e si dovrebbe continuare a usare regolarmente lo spazzolino da denti e il filo interdentale.<\/li>\n\n<li><strong>Controlli regolari:<\/strong> \u00c8 importante recarsi dal dentista per controlli a intervalli regolari per monitorare lo stato delle faccette ed eventualmente eseguire la manutenzione.<\/li>\n\n<li><strong>Stringere e digrignare i denti:<\/strong> Se c&#039;\u00e8 l&#039;abitudine di stringere o digrignare i denti, \u00e8 necessario prendere le opportune precauzioni consultando un dentista.<\/li>\n\n<li><strong>Evitare cibi duri:<\/strong> Affinch\u00e9 le faccette durino a lungo, \u00e8 necessario evitare cibi duri e caldi.<\/li>\n\n<li><strong>Utilizzo della protezione per la bocca:<\/strong> Quando si pratica sport, indossare un paradenti pu\u00f2 aiutare a proteggere le coperture.<\/li><\/ol><p><strong>Svantaggi e cose da considerare:<\/strong><\/p><ul class=\"wp-block-list\"><li>Va notato che le faccette in porcellana sono irreversibili. Una volta danneggiati, di solito non possono essere riparati.<\/li>\n\n<li>Pu\u00f2 verificarsi sensibilit\u00e0 dei denti; ma questa \u00e8 solitamente una situazione temporanea.<\/li>\n\n<li>Non \u00e8 possibile garantire che le faccette siano completamente compatibili con i denti naturali, ma i dentisti esperti nella selezione e compatibilit\u00e0 del colore gestiscono questo processo.<\/li><\/ul><p>Le faccette dentali in porcellana offrono un&#039;opzione affidabile per risolvere i problemi dentali con i loro vantaggi estetici e funzionali. Tuttavia, i casi individuali variano, quindi \u00e8 importante consultare un dentista per determinare il piano di trattamento pi\u00f9 appropriato.<\/p><p>Parte superiore del modulo<\/p><\/div>\n\t\t\t\t<\/div>\n\t\t\t\t\t<\/div>\n\t\t<\/div>\n\t\t\t\t\t<\/div>\n\t\t<\/section>\t\t<\/div>","protected":false},"excerpt":{"rendered":"<p>Porselen Di\u015f Kaplamalar\u0131 Hastanede Kal\u0131\u015f S\u00fcresi: Gerekli De\u011fil Operasyon S\u00fcresi: 6-8 Saat Anestezi: Lokal \u0130yile\u015fme S\u00fcresi: Hemen Hemen Randevu Al\u0131n Porselen Di\u015f Kaplamalar\u0131: Estetik ve Fonksiyonel Bir \u00c7\u00f6z\u00fcm Di\u015f sa\u011fl\u0131\u011f\u0131n\u0131 korumak ve estetik g\u00f6r\u00fcn\u00fcm\u00fc iyile\u015ftirmek i\u00e7in kullan\u0131lan porselen di\u015f kaplamalar\u0131, \u00e7e\u015fitli di\u015f problemlerini tedavi etmek amac\u0131yla di\u015f hekimleri taraf\u0131ndan uygulanan etkili bir y\u00f6ntemdir. Bu makalede, [&hellip;]<\/p>\n","protected":false},"author":2,"featured_media":0,"parent":0,"menu_order":0,"comment_status":"closed","ping_status":"closed","template":"","meta":{"postBodyMargin":[],"postBodyPadding":[],"postBodyBackground":{"backgroundType":"classic","gradient":""},"footnotes":""},"class_list":["post-13571","page","type-page","status-publish","hentry"],"_links":{"self":[{"href":"https:\/\/seldacenter.com\/it\/wp-json\/wp\/v2\/pages\/13571","targetHints":{"allow":["GET"]}}],"collection":[{"href":"https:\/\/seldacenter.com\/it\/wp-json\/wp\/v2\/pages"}],"about":[{"href":"https:\/\/seldacenter.com\/it\/wp-json\/wp\/v2\/types\/page"}],"author":[{"embeddable":true,"href":"https:\/\/seldacenter.com\/it\/wp-json\/wp\/v2\/users\/2"}],"replies":[{"embeddable":true,"href":"https:\/\/seldacenter.com\/it\/wp-json\/wp\/v2\/comments?post=13571"}],"version-history":[{"count":13,"href":"https:\/\/seldacenter.com\/it\/wp-json\/wp\/v2\/pages\/13571\/revisions"}],"predecessor-version":[{"id":14204,"href":"https:\/\/seldacenter.com\/it\/wp-json\/wp\/v2\/pages\/13571\/revisions\/14204"}],"wp:attachment":[{"href":"https:\/\/seldacenter.com\/it\/wp-json\/wp\/v2\/media?parent=13571"}],"curies":[{"name":"wp","href":"https:\/\/api.w.org\/{rel}","templated":true}]}}