{"id":13560,"date":"2024-02-17T18:31:03","date_gmt":"2024-02-17T18:31:03","guid":{"rendered":"https:\/\/seldacenter.com\/yeniyapi\/?page_id=13560"},"modified":"2024-03-02T01:43:05","modified_gmt":"2024-03-02T01:43:05","slug":"dis-beyazlatma-operasyonu","status":"publish","type":"page","link":"https:\/\/seldacenter.com\/it\/dis-beyazlatma-operasyonu\/","title":{"rendered":"Operazione di sbiancamento dei denti"},"content":{"rendered":"<div data-elementor-type=\"wp-page\" data-elementor-id=\"13560\" class=\"elementor elementor-13560\" data-elementor-post-type=\"page\">\n\t\t\t\t\t\t<section class=\"elementor-section elementor-top-section elementor-element elementor-element-1b90146 elementor-section-boxed elementor-section-height-default elementor-section-height-default\" data-id=\"1b90146\" data-element_type=\"section\">\n\t\t\t\t\t\t<div class=\"elementor-container elementor-column-gap-default\">\n\t\t\t\t\t<div class=\"elementor-column elementor-col-50 elementor-top-column elementor-element elementor-element-08b4e71\" data-id=\"08b4e71\" data-element_type=\"column\" data-settings=\"{&quot;background_background&quot;:&quot;classic&quot;}\">\n\t\t\t<div class=\"elementor-widget-wrap elementor-element-populated\">\n\t\t\t\t\t\t<div class=\"elementor-element elementor-element-d121118 elementor-widget elementor-widget-image\" data-id=\"d121118\" data-element_type=\"widget\" data-widget_type=\"image.default\">\n\t\t\t\t<div class=\"elementor-widget-container\">\n\t\t\t\t\t\t\t\t\t\t\t\t\t\t\t<img fetchpriority=\"high\" decoding=\"async\" width=\"740\" height=\"493\" src=\"https:\/\/seldacenter.com\/wp-content\/uploads\/2024\/03\/woman-holding-tablet_144627-597-1.jpg\" class=\"attachment-full size-full wp-image-14189\" alt=\"\" srcset=\"https:\/\/seldacenter.com\/wp-content\/uploads\/2024\/03\/woman-holding-tablet_144627-597-1.jpg 740w, https:\/\/seldacenter.com\/wp-content\/uploads\/2024\/03\/woman-holding-tablet_144627-597-1-600x400.jpg 600w, https:\/\/seldacenter.com\/wp-content\/uploads\/2024\/03\/woman-holding-tablet_144627-597-1-300x200.jpg 300w\" sizes=\"(max-width: 740px) 100vw, 740px\" \/>\t\t\t\t\t\t\t\t\t\t\t\t\t\t\t<\/div>\n\t\t\t\t<\/div>\n\t\t\t\t\t<\/div>\n\t\t<\/div>\n\t\t\t\t<div class=\"elementor-column elementor-col-50 elementor-top-column elementor-element elementor-element-7d01ef4\" data-id=\"7d01ef4\" data-element_type=\"column\">\n\t\t\t<div class=\"elementor-widget-wrap elementor-element-populated\">\n\t\t\t\t\t\t<div class=\"elementor-element elementor-element-5b057be elementor-widget-divider--view-line_text elementor-widget-divider--element-align-left elementor-widget elementor-widget-divider\" data-id=\"5b057be\" data-element_type=\"widget\" data-widget_type=\"divider.default\">\n\t\t\t\t<div class=\"elementor-widget-container\">\n\t\t\t\t\t\t\t<div class=\"elementor-divider\">\n\t\t\t<span class=\"elementor-divider-separator\">\n\t\t\t\t\t\t\t<h3 class=\"elementor-divider__text elementor-divider__element\">\n\t\t\t\tSbiancamento dei denti\t\t\t\t<\/h3>\n\t\t\t\t\t\t<\/span>\n\t\t<\/div>\n\t\t\t\t\t\t<\/div>\n\t\t\t\t<\/div>\n\t\t\t\t<div class=\"elementor-element elementor-element-3c2da23 elementor-align-left elementor-icon-list--layout-traditional elementor-list-item-link-full_width elementor-widget elementor-widget-icon-list\" data-id=\"3c2da23\" data-element_type=\"widget\" data-widget_type=\"icon-list.default\">\n\t\t\t\t<div class=\"elementor-widget-container\">\n\t\t\t\t\t\t\t<ul class=\"elementor-icon-list-items\">\n\t\t\t\t\t\t\t<li class=\"elementor-icon-list-item\">\n\t\t\t\t\t\t\t\t\t\t\t<span class=\"elementor-icon-list-icon\">\n\t\t\t\t\t\t\t<svg aria-hidden=\"true\" class=\"e-font-icon-svg e-far-hospital\" viewbox=\"0 0 448 512\" xmlns=\"http:\/\/www.w3.org\/2000\/svg\"><path d=\"M128 244v-40c0-6.627 5.373-12 12-12h40c6.627 0 12 5.373 12 12v40c0 6.627-5.373 12-12 12h-40c-6.627 0-12-5.373-12-12zm140 12h40c6.627 0 12-5.373 12-12v-40c0-6.627-5.373-12-12-12h-40c-6.627 0-12 5.373-12 12v40c0 6.627 5.373 12 12 12zm-76 84v-40c0-6.627-5.373-12-12-12h-40c-6.627 0-12 5.373-12 12v40c0 6.627 5.373 12 12 12h40c6.627 0 12-5.373 12-12zm76 12h40c6.627 0 12-5.373 12-12v-40c0-6.627-5.373-12-12-12h-40c-6.627 0-12 5.373-12 12v40c0 6.627 5.373 12 12 12zm180 124v36H0v-36c0-6.627 5.373-12 12-12h19.5V85.035C31.5 73.418 42.245 64 55.5 64H144V24c0-13.255 10.745-24 24-24h112c13.255 0 24 10.745 24 24v40h88.5c13.255 0 24 9.418 24 21.035V464H436c6.627 0 12 5.373 12 12zM79.5 463H192v-67c0-6.627 5.373-12 12-12h40c6.627 0 12 5.373 12 12v67h112.5V112H304v24c0 13.255-10.745 24-24 24H168c-13.255 0-24-10.745-24-24v-24H79.5v351zM266 64h-26V38a6 6 0 0 0-6-6h-20a6 6 0 0 0-6 6v26h-26a6 6 0 0 0-6 6v20a6 6 0 0 0 6 6h26v26a6 6 0 0 0 6 6h20a6 6 0 0 0 6-6V96h26a6 6 0 0 0 6-6V70a6 6 0 0 0-6-6z\"><\/path><\/svg>\t\t\t\t\t\t<\/span>\n\t\t\t\t\t\t\t\t\t\t<span class=\"elementor-icon-list-text\">Durata della degenza ospedaliera: non richiesta<\/span>\n\t\t\t\t\t\t\t\t\t<\/li>\n\t\t\t\t\t\t\t\t<li class=\"elementor-icon-list-item\">\n\t\t\t\t\t\t\t\t\t\t\t<span class=\"elementor-icon-list-icon\">\n\t\t\t\t\t\t\t<svg aria-hidden=\"true\" class=\"e-font-icon-svg e-far-clock\" viewbox=\"0 0 512 512\" xmlns=\"http:\/\/www.w3.org\/2000\/svg\"><path d=\"M256 8C119 8 8 119 8 256s111 248 248 248 248-111 248-248S393 8 256 8zm0 448c-110.5 0-200-89.5-200-200S145.5 56 256 56s200 89.5 200 200-89.5 200-200 200zm61.8-104.4l-84.9-61.7c-3.1-2.3-4.9-5.9-4.9-9.7V116c0-6.6 5.4-12 12-12h32c6.6 0 12 5.4 12 12v141.7l66.8 48.6c5.4 3.9 6.5 11.4 2.6 16.8L334.6 349c-3.9 5.3-11.4 6.5-16.8 2.6z\"><\/path><\/svg>\t\t\t\t\t\t<\/span>\n\t\t\t\t\t\t\t\t\t\t<span class=\"elementor-icon-list-text\">Tempo di funzionamento: 6-8 ore<\/span>\n\t\t\t\t\t\t\t\t\t<\/li>\n\t\t\t\t\t\t\t\t<li class=\"elementor-icon-list-item\">\n\t\t\t\t\t\t\t\t\t\t\t<span class=\"elementor-icon-list-icon\">\n\t\t\t\t\t\t\t<svg aria-hidden=\"true\" class=\"e-font-icon-svg e-fas-syringe\" viewbox=\"0 0 512 512\" xmlns=\"http:\/\/www.w3.org\/2000\/svg\"><path d=\"M201.5 174.8l55.7 55.8c3.1 3.1 3.1 8.2 0 11.3l-11.3 11.3c-3.1 3.1-8.2 3.1-11.3 0l-55.7-55.8-45.3 45.3 55.8 55.8c3.1 3.1 3.1 8.2 0 11.3l-11.3 11.3c-3.1 3.1-8.2 3.1-11.3 0L111 265.2l-26.4 26.4c-17.3 17.3-25.6 41.1-23 65.4l7.1 63.6L2.3 487c-3.1 3.1-3.1 8.2 0 11.3l11.3 11.3c3.1 3.1 8.2 3.1 11.3 0l66.3-66.3 63.6 7.1c23.9 2.6 47.9-5.4 65.4-23l181.9-181.9-135.7-135.7-64.9 65zm308.2-93.3L430.5 2.3c-3.1-3.1-8.2-3.1-11.3 0l-11.3 11.3c-3.1 3.1-3.1 8.2 0 11.3l28.3 28.3-45.3 45.3-56.6-56.6-17-17c-3.1-3.1-8.2-3.1-11.3 0l-33.9 33.9c-3.1 3.1-3.1 8.2 0 11.3l17 17L424.8 223l17 17c3.1 3.1 8.2 3.1 11.3 0l33.9-34c3.1-3.1 3.1-8.2 0-11.3l-73.5-73.5 45.3-45.3 28.3 28.3c3.1 3.1 8.2 3.1 11.3 0l11.3-11.3c3.1-3.2 3.1-8.2 0-11.4z\"><\/path><\/svg>\t\t\t\t\t\t<\/span>\n\t\t\t\t\t\t\t\t\t\t<span class=\"elementor-icon-list-text\">Anestesia: locale<\/span>\n\t\t\t\t\t\t\t\t\t<\/li>\n\t\t\t\t\t\t\t\t<li class=\"elementor-icon-list-item\">\n\t\t\t\t\t\t\t\t\t\t\t<span class=\"elementor-icon-list-icon\">\n\t\t\t\t\t\t\t<svg aria-hidden=\"true\" class=\"e-font-icon-svg e-far-heart\" viewbox=\"0 0 512 512\" xmlns=\"http:\/\/www.w3.org\/2000\/svg\"><path d=\"M458.4 64.3C400.6 15.7 311.3 23 256 79.3 200.7 23 111.4 15.6 53.6 64.3-21.6 127.6-10.6 230.8 43 285.5l175.4 178.7c10 10.2 23.4 15.9 37.6 15.9 14.3 0 27.6-5.6 37.6-15.8L469 285.6c53.5-54.7 64.7-157.9-10.6-221.3zm-23.6 187.5L259.4 430.5c-2.4 2.4-4.4 2.4-6.8 0L77.2 251.8c-36.5-37.2-43.9-107.6 7.3-150.7 38.9-32.7 98.9-27.8 136.5 10.5l35 35.7 35-35.7c37.8-38.5 97.8-43.2 136.5-10.6 51.1 43.1 43.5 113.9 7.3 150.8z\"><\/path><\/svg>\t\t\t\t\t\t<\/span>\n\t\t\t\t\t\t\t\t\t\t<span class=\"elementor-icon-list-text\">Tempo di recupero: 6-12 mesi<\/span>\n\t\t\t\t\t\t\t\t\t<\/li>\n\t\t\t\t\t\t<\/ul>\n\t\t\t\t\t\t<\/div>\n\t\t\t\t<\/div>\n\t\t\t\t<div class=\"elementor-element elementor-element-1dcd38f elementor-align-justify elementor-widget elementor-widget-button\" data-id=\"1dcd38f\" data-element_type=\"widget\" data-widget_type=\"button.default\">\n\t\t\t\t<div class=\"elementor-widget-container\">\n\t\t\t\t\t\t\t\t\t<div class=\"elementor-button-wrapper\">\n\t\t\t\t\t<a class=\"elementor-button elementor-button-link elementor-size-sm elementor-animation-buzz\" href=\"https:\/\/seldacenter.com\/it\/\">\n\t\t\t\t\t\t<span class=\"elementor-button-content-wrapper\">\n\t\t\t\t\t\t\t\t\t<span class=\"elementor-button-text\">Prendi un appuntamento adesso<\/span>\n\t\t\t\t\t<\/span>\n\t\t\t\t\t<\/a>\n\t\t\t\t<\/div>\n\t\t\t\t\t\t\t\t<\/div>\n\t\t\t\t<\/div>\n\t\t\t\t\t<\/div>\n\t\t<\/div>\n\t\t\t\t\t<\/div>\n\t\t<\/section>\n\t\t\t\t<section class=\"elementor-section elementor-top-section elementor-element elementor-element-ea82de2 elementor-section-boxed elementor-section-height-default elementor-section-height-default\" data-id=\"ea82de2\" data-element_type=\"section\">\n\t\t\t\t\t\t<div class=\"elementor-container elementor-column-gap-default\">\n\t\t\t\t\t<div class=\"elementor-column elementor-col-100 elementor-top-column elementor-element elementor-element-32e93321\" data-id=\"32e93321\" data-element_type=\"column\">\n\t\t\t<div class=\"elementor-widget-wrap elementor-element-populated\">\n\t\t\t\t\t\t<div class=\"elementor-element elementor-element-2bcec536 elementor-widget elementor-widget-text-editor\" data-id=\"2bcec536\" data-element_type=\"widget\" data-widget_type=\"text-editor.default\">\n\t\t\t\t<div class=\"elementor-widget-container\">\n\t\t\t\t\t\t\t\t\t<strong>Operazione di sbiancamento dei denti: entra in un sorriso sano<\/strong>\n\nI denti sani sono uno dei pilastri della bellezza e della fiducia in se stessi. Tuttavia, nel tempo, fattori come il fumo, il consumo di caff\u00e8 e t\u00e8 possono causare l\u2019ingiallimento e la macchiatura dei denti. Questa situazione pu\u00f2 influire negativamente sulla fiducia in se stessi dell&#039;individuo e sulle preoccupazioni estetiche. L\u2019operazione di sbiancamento dei denti si distingue come un metodo efficace che fornisce soluzioni a questi problemi estetici.\n\n<strong>Cos\u2019\u00e8 l\u2019operazione di sbiancamento dei denti?<\/strong>\n\nL&#039;operazione di sbiancamento dei denti \u00e8 una procedura dentale estetica eseguita per rimuovere lo scolorimento dei denti e ottenere un sorriso pi\u00f9 bianco. Questa operazione viene solitamente eseguita sotto la supervisione e la competenza del dentista. Esistono due metodi fondamentali di sbiancamento dei denti:\n<ol>\n \t<li><strong>Tipo di studio Sbiancamento dei denti:<\/strong>\n<ul>\n \t<li>Viene eseguito nella clinica del dentista.<\/li>\n \t<li>Viene utilizzato un forte gel sbiancante per i denti.<\/li>\n \t<li>L&#039;interazione pu\u00f2 essere ottenuta con un laser o una sorgente luminosa speciale.<\/li>\n \t<li>Si possono ottenere risultati rapidi ed efficaci.<\/li>\n<\/ul>\n<\/li>\n \t<li><strong>Sbiancamento dei denti domiciliare:<\/strong>\n<ul>\n \t<li>Vengono utilizzate piastre preparate appositamente per l&#039;individuo dal dentista.<\/li>\n \t<li>Il paziente utilizza queste piastre a casa per un certo periodo di tempo.<\/li>\n \t<li>\u00c8 un processo pi\u00f9 lungo, ma fornisce uno sbiancamento graduale.<\/li>\n<\/ul>\n<\/li>\n<\/ol>\n<strong>Come viene eseguita l&#039;operazione di sbiancamento dei denti?<\/strong>\n<ol>\n \t<li><strong>Ispezione e pianificazione:<\/strong>\n<ul>\n \t<li>Il dentista valuta la salute dentale generale del paziente.<\/li>\n \t<li>Viene determinato il colore attuale dei denti e viene deciso il colore target.<\/li>\n<\/ul>\n<\/li>\n \t<li><strong>Pulizia dei denti:<\/strong>\n<ul>\n \t<li>La superficie del dente viene preparata pulendo placca e tartaro.<\/li>\n<\/ul>\n<\/li>\n \t<li><strong>Applicazione del gel:<\/strong>\n<ul>\n \t<li>Sui denti viene applicato uno speciale gel sbiancante.<\/li>\n \t<li>Questi gel contengono spesso perossido di idrogeno.<\/li>\n<\/ul>\n<\/li>\n \t<li><strong>Attivazione della luce o del laser:<\/strong>\n<ul>\n \t<li>Il gel interagisce con una speciale fonte di luce.<\/li>\n \t<li>Ci\u00f2 accelera il processo di sbiancamento.<\/li>\n<\/ul>\n<\/li>\n \t<li><strong>Controllo e Seconda Sessione (Opzionale):<\/strong>\n<ul>\n \t<li>Viene controllato il colore dei denti e, se necessario, pu\u00f2 essere applicata una seconda sessione.<\/li>\n<\/ul>\n<\/li>\n<\/ol>\n<strong>Vantaggi:<\/strong>\n<ol>\n \t<li><strong>Sviluppo estetico:<\/strong> Rimuovere le macchie sui denti e ottenere un sorriso pi\u00f9 bianco.<\/li>\n \t<li><strong>Risultati rapidi:<\/strong> Risultati immediati possono essere ottenuti con lo sbiancamento dei denti in studio.<\/li>\n \t<li><strong>Sicuro e controllato:<\/strong> Viene eseguito sotto il controllo di dentisti specializzati.<\/li>\n<\/ol>\n<strong>Cose da considerare:<\/strong>\n<ol>\n \t<li><strong>Sensibilit\u00e0:<\/strong> Dopo la procedura pu\u00f2 verificarsi una sensibilit\u00e0 temporanea dei denti.<\/li>\n \t<li><strong>Ripetibilit\u00e0:<\/strong> Le procedure di sbiancamento dei denti possono essere ripetute nel tempo.<\/li>\n \t<li><strong>Manutenzione a lungo termine:<\/strong> \u00c8 importante continuare l&#039;igiene orale regolare e le visite dal dentista per ottenere risultati permanenti.<\/li>\n<\/ol>\n<strong>Conclusione:<\/strong>\n\nL\u2019intervento di sbiancamento dei denti offre un\u2019opzione efficace per donare alle persone un sorriso sano ed estetico. \u00c8 possibile ottenere risultati sicuri e di successo quando questa operazione viene eseguita da dentisti esperti. Ricorda che un sorriso sano pu\u00f2 aumentare la tua autostima generale e avere un impatto positivo sulle tue relazioni sociali.\t\t\t\t\t\t\t\t<\/div>\n\t\t\t\t<\/div>\n\t\t\t\t\t<\/div>\n\t\t<\/div>\n\t\t\t\t\t<\/div>\n\t\t<\/section>\n\t\t\t\t<\/div>","protected":false},"excerpt":{"rendered":"<p>Di\u015f Beyazlatma Hastanede Kal\u0131\u015f S\u00fcresi: Gerekli De\u011fil Operasyon S\u00fcresi: 6-8 Saat Anestezi: Lokal \u0130yile\u015fme S\u00fcresi: 6-12 Ay Hemen Randevu Al\u0131n Di\u015f Beyazlatma Operasyonu: Sa\u011fl\u0131kl\u0131 G\u00fcl\u00fc\u015fe Ad\u0131m At\u0131n Sa\u011fl\u0131kl\u0131 di\u015fler, g\u00fczellik ve \u00f6zg\u00fcvenin temel ta\u015flar\u0131ndan biridir. Ancak zamanla, sigara i\u00e7me, kahve ve \u00e7ay t\u00fcketimi gibi etkenler, di\u015flerin sararmas\u0131na ve lekelenmesine neden olabilir. Bu durum, estetik kayg\u0131lar\u0131n [&hellip;]<\/p>\n","protected":false},"author":2,"featured_media":0,"parent":0,"menu_order":0,"comment_status":"closed","ping_status":"closed","template":"","meta":{"postBodyMargin":[],"postBodyPadding":[],"postBodyBackground":{"backgroundType":"classic","gradient":""},"footnotes":""},"class_list":["post-13560","page","type-page","status-publish","hentry"],"_links":{"self":[{"href":"https:\/\/seldacenter.com\/it\/wp-json\/wp\/v2\/pages\/13560","targetHints":{"allow":["GET"]}}],"collection":[{"href":"https:\/\/seldacenter.com\/it\/wp-json\/wp\/v2\/pages"}],"about":[{"href":"https:\/\/seldacenter.com\/it\/wp-json\/wp\/v2\/types\/page"}],"author":[{"embeddable":true,"href":"https:\/\/seldacenter.com\/it\/wp-json\/wp\/v2\/users\/2"}],"replies":[{"embeddable":true,"href":"https:\/\/seldacenter.com\/it\/wp-json\/wp\/v2\/comments?post=13560"}],"version-history":[{"count":8,"href":"https:\/\/seldacenter.com\/it\/wp-json\/wp\/v2\/pages\/13560\/revisions"}],"predecessor-version":[{"id":14192,"href":"https:\/\/seldacenter.com\/it\/wp-json\/wp\/v2\/pages\/13560\/revisions\/14192"}],"wp:attachment":[{"href":"https:\/\/seldacenter.com\/it\/wp-json\/wp\/v2\/media?parent=13560"}],"curies":[{"name":"wp","href":"https:\/\/api.w.org\/{rel}","templated":true}]}}