{"id":13556,"date":"2024-02-17T16:11:18","date_gmt":"2024-02-17T16:11:18","guid":{"rendered":"https:\/\/seldacenter.com\/yeniyapi\/?page_id=13556"},"modified":"2024-02-17T16:11:19","modified_gmt":"2024-02-17T16:11:19","slug":"otoplasti-tedavisi","status":"publish","type":"page","link":"https:\/\/seldacenter.com\/it\/otoplasti-tedavisi\/","title":{"rendered":"Trattamento di otoplastica"},"content":{"rendered":"<p>L&#039;otoplastica \u00e8 un intervento chirurgico che viene letteralmente definito &quot;estetica delle orecchie&quot;. Questo intervento estetico consiste nel rimodellare la forma del padiglione auricolare, o padiglione auricolare, per conferirgli un aspetto pi\u00f9 naturale ed estetico. Esistono numerose tecniche e metodi chirurgici per l&#039;otoplastica, e solo pochi chirurghi possono applicarli con successo.<\/p>\n<p>L&#039;otoplastica offre generalmente una soluzione per chi non \u00e8 soddisfatto della forma delle proprie orecchie. Condizioni patologiche come orecchie a sventola o grandi, assenza o debolezza dell&#039;antielice e ipertrofia del cono cavo possono essere corrette utilizzando diverse tecniche di otoplastica per ottenere risultati naturali e soddisfacenti per il paziente. Questo intervento estetico viene eseguito soprattutto sui bambini in et\u00e0 prescolare, di solito intorno ai 5 anni, al momento pi\u00f9 opportuno. Perch\u00e9 deridere le orecchie a sventola in et\u00e0 scolare pu\u00f2 influire negativamente sulla psicologia del bambino.<\/p>\n<p>L&#039;otoplastica viene solitamente eseguita in anestesia generale e pu\u00f2 durare in media 1-2 ore. La forma desiderata dell&#039;orecchio viene determinata tramite un&#039;incisione dietro l&#039;orecchio e l&#039;intervento viene eseguito con tecniche di sutura. Durante l&#039;intervento, se necessario, viene escissa la cartilagine e si cerca di ottenere un orecchio dall&#039;aspetto naturale. Dopo l&#039;intervento, l&#039;incisione dietro l&#039;orecchio viene chiusa con punti di sutura, lasciando una cicatrice generalmente discreta e poco visibile.<\/p>\n<p>Un&#039;igiene e una sterilizzazione adeguate durante e dopo l&#039;intervento chirurgico riducono al minimo il rischio di infezioni. La qualit\u00e0 e l&#039;idoneit\u00e0 delle suture utilizzate prevengono problemi come l&#039;apertura delle orecchie, la protrusione o la deformit\u00e0. Le medicazioni postoperatorie, un adeguato controllo delle emorragie e il follow-up postoperatorio prevengono la formazione di ematomi. Le medicazioni e i controlli postoperatori durano solitamente 10 giorni e il paziente pu\u00f2 tornare alla vita sociale quotidiana dopo la rimozione delle suture, avvenuta il decimo giorno. Per ottenere risultati migliori, si consiglia di utilizzare una fasciatura elastica per la testa solo di notte.<\/p>\n<p>L&#039;otoplastica \u00e8 un intervento di chirurgia estetica efficace che aiuta i pazienti a sentirsi meglio con se stessi e a ottenere un aspetto giovane e naturale. Una visita medica dettagliata e una pianificazione chirurgica accurata prima dell&#039;intervento sono fondamentali per soddisfare le aspettative dei pazienti.<\/p>\n<p>Parte superiore del modulo<\/p>","protected":false},"excerpt":{"rendered":"<p>Otoplasti, kelime anlam\u0131yla &#8220;kulak esteti\u011fi&#8221; olarak ifade edilen bir cerrahi i\u015flemdir. Bu estetik operasyon, kulak kep\u00e7esinin, yani aurikulan\u0131n \u015feklinin yeniden d\u00fczenlenerek daha do\u011fal ve estetik bir g\u00f6r\u00fcn\u00fcm kazand\u0131r\u0131lmas\u0131 i\u015flemidir. Otoplasti i\u00e7in bir\u00e7ok farkl\u0131 ameliyat tekni\u011fi ve y\u00f6ntemi bulunmaktad\u0131r, ve bu teknikler say\u0131l\u0131 cerrahlar taraf\u0131ndan ba\u015far\u0131yla uygulanabilmektedir. Otoplasti, genellikle kulak \u015feklinden memnun olmayan bireylere y\u00f6nelik bir [&hellip;]<\/p>\n","protected":false},"author":2,"featured_media":0,"parent":0,"menu_order":0,"comment_status":"closed","ping_status":"closed","template":"","meta":{"postBodyMargin":[],"postBodyPadding":[],"postBodyBackground":{"backgroundType":"classic","gradient":""},"footnotes":""},"class_list":["post-13556","page","type-page","status-publish","hentry"],"_links":{"self":[{"href":"https:\/\/seldacenter.com\/it\/wp-json\/wp\/v2\/pages\/13556","targetHints":{"allow":["GET"]}}],"collection":[{"href":"https:\/\/seldacenter.com\/it\/wp-json\/wp\/v2\/pages"}],"about":[{"href":"https:\/\/seldacenter.com\/it\/wp-json\/wp\/v2\/types\/page"}],"author":[{"embeddable":true,"href":"https:\/\/seldacenter.com\/it\/wp-json\/wp\/v2\/users\/2"}],"replies":[{"embeddable":true,"href":"https:\/\/seldacenter.com\/it\/wp-json\/wp\/v2\/comments?post=13556"}],"version-history":[{"count":1,"href":"https:\/\/seldacenter.com\/it\/wp-json\/wp\/v2\/pages\/13556\/revisions"}],"predecessor-version":[{"id":13557,"href":"https:\/\/seldacenter.com\/it\/wp-json\/wp\/v2\/pages\/13556\/revisions\/13557"}],"wp:attachment":[{"href":"https:\/\/seldacenter.com\/it\/wp-json\/wp\/v2\/media?parent=13556"}],"curies":[{"name":"wp","href":"https:\/\/api.w.org\/{rel}","templated":true}]}}