{"id":13548,"date":"2024-02-17T16:03:02","date_gmt":"2024-02-17T16:03:02","guid":{"rendered":"https:\/\/seldacenter.com\/yeniyapi\/?page_id=13548"},"modified":"2024-03-01T20:59:57","modified_gmt":"2024-03-01T20:59:57","slug":"prp-ile-sac-dokulmesi-tedavisi","status":"publish","type":"page","link":"https:\/\/seldacenter.com\/it\/prp-ile-sac-dokulmesi-tedavisi\/","title":{"rendered":"Trattamento della caduta dei capelli con PRP"},"content":{"rendered":"<div data-elementor-type=\"wp-page\" data-elementor-id=\"13548\" class=\"elementor elementor-13548\" data-elementor-post-type=\"page\">\n\t\t\t\t\t\t<section class=\"elementor-section elementor-top-section elementor-element elementor-element-ccbdd62 elementor-section-boxed elementor-section-height-default elementor-section-height-default\" data-id=\"ccbdd62\" data-element_type=\"section\">\n\t\t\t\t\t\t<div class=\"elementor-container elementor-column-gap-default\">\n\t\t\t\t\t<div class=\"elementor-column elementor-col-50 elementor-top-column elementor-element elementor-element-72c04d4\" data-id=\"72c04d4\" data-element_type=\"column\" data-settings=\"{&quot;background_background&quot;:&quot;classic&quot;}\">\n\t\t\t<div class=\"elementor-widget-wrap elementor-element-populated\">\n\t\t\t\t\t\t<div class=\"elementor-element elementor-element-a154103 elementor-widget elementor-widget-image\" data-id=\"a154103\" data-element_type=\"widget\" data-widget_type=\"image.default\">\n\t\t\t\t<div class=\"elementor-widget-container\">\n\t\t\t\t\t\t\t\t\t\t\t\t\t\t\t<img fetchpriority=\"high\" decoding=\"async\" width=\"1000\" height=\"667\" src=\"https:\/\/seldacenter.com\/wp-content\/uploads\/2024\/03\/2608654.jpg\" class=\"attachment-full size-full wp-image-14124\" alt=\"\" srcset=\"https:\/\/seldacenter.com\/wp-content\/uploads\/2024\/03\/2608654.jpg 1000w, https:\/\/seldacenter.com\/wp-content\/uploads\/2024\/03\/2608654-600x400.jpg 600w, https:\/\/seldacenter.com\/wp-content\/uploads\/2024\/03\/2608654-300x200.jpg 300w, https:\/\/seldacenter.com\/wp-content\/uploads\/2024\/03\/2608654-768x512.jpg 768w\" sizes=\"(max-width: 1000px) 100vw, 1000px\" \/>\t\t\t\t\t\t\t\t\t\t\t\t\t\t\t<\/div>\n\t\t\t\t<\/div>\n\t\t\t\t\t<\/div>\n\t\t<\/div>\n\t\t\t\t<div class=\"elementor-column elementor-col-50 elementor-top-column elementor-element elementor-element-60a5e96\" data-id=\"60a5e96\" data-element_type=\"column\">\n\t\t\t<div class=\"elementor-widget-wrap elementor-element-populated\">\n\t\t\t\t\t\t<div class=\"elementor-element elementor-element-5423c32 elementor-widget-divider--view-line_text elementor-widget-divider--element-align-left elementor-widget elementor-widget-divider\" data-id=\"5423c32\" data-element_type=\"widget\" data-widget_type=\"divider.default\">\n\t\t\t\t<div class=\"elementor-widget-container\">\n\t\t\t\t\t\t\t<div class=\"elementor-divider\">\n\t\t\t<span class=\"elementor-divider-separator\">\n\t\t\t\t\t\t\t<h3 class=\"elementor-divider__text elementor-divider__element\">\n\t\t\t\tTrattamento PRP\t\t\t\t<\/h3>\n\t\t\t\t\t\t<\/span>\n\t\t<\/div>\n\t\t\t\t\t\t<\/div>\n\t\t\t\t<\/div>\n\t\t\t\t<div class=\"elementor-element elementor-element-c36589e elementor-align-left elementor-icon-list--layout-traditional elementor-list-item-link-full_width elementor-widget elementor-widget-icon-list\" data-id=\"c36589e\" data-element_type=\"widget\" data-widget_type=\"icon-list.default\">\n\t\t\t\t<div class=\"elementor-widget-container\">\n\t\t\t\t\t\t\t<ul class=\"elementor-icon-list-items\">\n\t\t\t\t\t\t\t<li class=\"elementor-icon-list-item\">\n\t\t\t\t\t\t\t\t\t\t\t<span class=\"elementor-icon-list-icon\">\n\t\t\t\t\t\t\t<svg aria-hidden=\"true\" class=\"e-font-icon-svg e-far-hospital\" viewbox=\"0 0 448 512\" xmlns=\"http:\/\/www.w3.org\/2000\/svg\"><path d=\"M128 244v-40c0-6.627 5.373-12 12-12h40c6.627 0 12 5.373 12 12v40c0 6.627-5.373 12-12 12h-40c-6.627 0-12-5.373-12-12zm140 12h40c6.627 0 12-5.373 12-12v-40c0-6.627-5.373-12-12-12h-40c-6.627 0-12 5.373-12 12v40c0 6.627 5.373 12 12 12zm-76 84v-40c0-6.627-5.373-12-12-12h-40c-6.627 0-12 5.373-12 12v40c0 6.627 5.373 12 12 12h40c6.627 0 12-5.373 12-12zm76 12h40c6.627 0 12-5.373 12-12v-40c0-6.627-5.373-12-12-12h-40c-6.627 0-12 5.373-12 12v40c0 6.627 5.373 12 12 12zm180 124v36H0v-36c0-6.627 5.373-12 12-12h19.5V85.035C31.5 73.418 42.245 64 55.5 64H144V24c0-13.255 10.745-24 24-24h112c13.255 0 24 10.745 24 24v40h88.5c13.255 0 24 9.418 24 21.035V464H436c6.627 0 12 5.373 12 12zM79.5 463H192v-67c0-6.627 5.373-12 12-12h40c6.627 0 12 5.373 12 12v67h112.5V112H304v24c0 13.255-10.745 24-24 24H168c-13.255 0-24-10.745-24-24v-24H79.5v351zM266 64h-26V38a6 6 0 0 0-6-6h-20a6 6 0 0 0-6 6v26h-26a6 6 0 0 0-6 6v20a6 6 0 0 0 6 6h26v26a6 6 0 0 0 6 6h20a6 6 0 0 0 6-6V96h26a6 6 0 0 0 6-6V70a6 6 0 0 0-6-6z\"><\/path><\/svg>\t\t\t\t\t\t<\/span>\n\t\t\t\t\t\t\t\t\t\t<span class=\"elementor-icon-list-text\">Durata della degenza ospedaliera: non richiesta<\/span>\n\t\t\t\t\t\t\t\t\t<\/li>\n\t\t\t\t\t\t\t\t<li class=\"elementor-icon-list-item\">\n\t\t\t\t\t\t\t\t\t\t\t<span class=\"elementor-icon-list-icon\">\n\t\t\t\t\t\t\t<svg aria-hidden=\"true\" class=\"e-font-icon-svg e-far-clock\" viewbox=\"0 0 512 512\" xmlns=\"http:\/\/www.w3.org\/2000\/svg\"><path d=\"M256 8C119 8 8 119 8 256s111 248 248 248 248-111 248-248S393 8 256 8zm0 448c-110.5 0-200-89.5-200-200S145.5 56 256 56s200 89.5 200 200-89.5 200-200 200zm61.8-104.4l-84.9-61.7c-3.1-2.3-4.9-5.9-4.9-9.7V116c0-6.6 5.4-12 12-12h32c6.6 0 12 5.4 12 12v141.7l66.8 48.6c5.4 3.9 6.5 11.4 2.6 16.8L334.6 349c-3.9 5.3-11.4 6.5-16.8 2.6z\"><\/path><\/svg>\t\t\t\t\t\t<\/span>\n\t\t\t\t\t\t\t\t\t\t<span class=\"elementor-icon-list-text\">Tempo di funzionamento: 6-8 ore<\/span>\n\t\t\t\t\t\t\t\t\t<\/li>\n\t\t\t\t\t\t\t\t<li class=\"elementor-icon-list-item\">\n\t\t\t\t\t\t\t\t\t\t\t<span class=\"elementor-icon-list-icon\">\n\t\t\t\t\t\t\t<svg aria-hidden=\"true\" class=\"e-font-icon-svg e-fas-syringe\" viewbox=\"0 0 512 512\" xmlns=\"http:\/\/www.w3.org\/2000\/svg\"><path d=\"M201.5 174.8l55.7 55.8c3.1 3.1 3.1 8.2 0 11.3l-11.3 11.3c-3.1 3.1-8.2 3.1-11.3 0l-55.7-55.8-45.3 45.3 55.8 55.8c3.1 3.1 3.1 8.2 0 11.3l-11.3 11.3c-3.1 3.1-8.2 3.1-11.3 0L111 265.2l-26.4 26.4c-17.3 17.3-25.6 41.1-23 65.4l7.1 63.6L2.3 487c-3.1 3.1-3.1 8.2 0 11.3l11.3 11.3c3.1 3.1 8.2 3.1 11.3 0l66.3-66.3 63.6 7.1c23.9 2.6 47.9-5.4 65.4-23l181.9-181.9-135.7-135.7-64.9 65zm308.2-93.3L430.5 2.3c-3.1-3.1-8.2-3.1-11.3 0l-11.3 11.3c-3.1 3.1-3.1 8.2 0 11.3l28.3 28.3-45.3 45.3-56.6-56.6-17-17c-3.1-3.1-8.2-3.1-11.3 0l-33.9 33.9c-3.1 3.1-3.1 8.2 0 11.3l17 17L424.8 223l17 17c3.1 3.1 8.2 3.1 11.3 0l33.9-34c3.1-3.1 3.1-8.2 0-11.3l-73.5-73.5 45.3-45.3 28.3 28.3c3.1 3.1 8.2 3.1 11.3 0l11.3-11.3c3.1-3.2 3.1-8.2 0-11.4z\"><\/path><\/svg>\t\t\t\t\t\t<\/span>\n\t\t\t\t\t\t\t\t\t\t<span class=\"elementor-icon-list-text\">Anestesia: locale<\/span>\n\t\t\t\t\t\t\t\t\t<\/li>\n\t\t\t\t\t\t\t\t<li class=\"elementor-icon-list-item\">\n\t\t\t\t\t\t\t\t\t\t\t<span class=\"elementor-icon-list-icon\">\n\t\t\t\t\t\t\t<svg aria-hidden=\"true\" class=\"e-font-icon-svg e-far-heart\" viewbox=\"0 0 512 512\" xmlns=\"http:\/\/www.w3.org\/2000\/svg\"><path d=\"M458.4 64.3C400.6 15.7 311.3 23 256 79.3 200.7 23 111.4 15.6 53.6 64.3-21.6 127.6-10.6 230.8 43 285.5l175.4 178.7c10 10.2 23.4 15.9 37.6 15.9 14.3 0 27.6-5.6 37.6-15.8L469 285.6c53.5-54.7 64.7-157.9-10.6-221.3zm-23.6 187.5L259.4 430.5c-2.4 2.4-4.4 2.4-6.8 0L77.2 251.8c-36.5-37.2-43.9-107.6 7.3-150.7 38.9-32.7 98.9-27.8 136.5 10.5l35 35.7 35-35.7c37.8-38.5 97.8-43.2 136.5-10.6 51.1 43.1 43.5 113.9 7.3 150.8z\"><\/path><\/svg>\t\t\t\t\t\t<\/span>\n\t\t\t\t\t\t\t\t\t\t<span class=\"elementor-icon-list-text\">Tempo di recupero: 6-12 mesi<\/span>\n\t\t\t\t\t\t\t\t\t<\/li>\n\t\t\t\t\t\t<\/ul>\n\t\t\t\t\t\t<\/div>\n\t\t\t\t<\/div>\n\t\t\t\t<div class=\"elementor-element elementor-element-e69646e elementor-align-justify elementor-widget elementor-widget-button\" data-id=\"e69646e\" data-element_type=\"widget\" data-widget_type=\"button.default\">\n\t\t\t\t<div class=\"elementor-widget-container\">\n\t\t\t\t\t\t\t\t\t<div class=\"elementor-button-wrapper\">\n\t\t\t\t\t<a class=\"elementor-button elementor-button-link elementor-size-sm elementor-animation-buzz\" href=\"https:\/\/seldacenter.com\/it\/\">\n\t\t\t\t\t\t<span class=\"elementor-button-content-wrapper\">\n\t\t\t\t\t\t\t\t\t<span class=\"elementor-button-text\">Prendi un appuntamento adesso<\/span>\n\t\t\t\t\t<\/span>\n\t\t\t\t\t<\/a>\n\t\t\t\t<\/div>\n\t\t\t\t\t\t\t\t<\/div>\n\t\t\t\t<\/div>\n\t\t\t\t\t<\/div>\n\t\t<\/div>\n\t\t\t\t\t<\/div>\n\t\t<\/section>\n\t\t\t\t<section class=\"elementor-section elementor-top-section elementor-element elementor-element-2b0931b4 elementor-section-boxed elementor-section-height-default elementor-section-height-default\" data-id=\"2b0931b4\" data-element_type=\"section\">\n\t\t\t\t\t\t<div class=\"elementor-container elementor-column-gap-default\">\n\t\t\t\t\t<div class=\"elementor-column elementor-col-100 elementor-top-column elementor-element elementor-element-37dc612e\" data-id=\"37dc612e\" data-element_type=\"column\">\n\t\t\t<div class=\"elementor-widget-wrap elementor-element-populated\">\n\t\t\t\t\t\t<div class=\"elementor-element elementor-element-782fb63 elementor-widget elementor-widget-text-editor\" data-id=\"782fb63\" data-element_type=\"widget\" data-widget_type=\"text-editor.default\">\n\t\t\t\t<div class=\"elementor-widget-container\">\n\t\t\t\t\t\t\t\t\tCapelli folti, sani e lucenti sono una caratteristica importante che abbellisce l&#039;aspetto di una persona. Tuttavia, molte persone che per vari motivi soffrono di perdita o diradamento dei capelli ricorrono a vari metodi per rivitalizzare la bellezza dei propri capelli e ritrovare l&#039;aspetto sano che hanno perso. Uno di questi metodi \u00e8 il trattamento con plasma ricco di piastrine (PRP).\n\n<strong>Che cosa \u00e8 il PRP?<\/strong> Il plasma ricco di piastrine (PRP) \u00e8 un metodo di trattamento che prevede l&#039;iniezione nel cuoio capelluto di un siero ottenuto dal sangue del paziente stesso. Questo siero ha lo scopo di rivitalizzare i follicoli piliferi e favorire la crescita dei capelli grazie agli alti livelli di piastrine in esso contenuti.\n\n<strong>Vantaggi del trattamento PRP:<\/strong>\n<ul>\n \t<li><strong>Un approccio naturale:<\/strong> Il trattamento PRP \u00e8 un metodo naturale perch\u00e9 utilizza il sangue del paziente. Questo \u00e8 generalmente ben tollerato dall&#039;organismo.<\/li>\n \t<li><strong>Rivitalizzazione del follicolo pilifero:<\/strong> L&#039;elevato contenuto di piastrine stimola i follicoli piliferi, favorendo la crescita dei capelli.<\/li>\n \t<li><strong>Effetti collaterali minimi:<\/strong> Solitamente comporta effetti collaterali minimi e garantisce un rapido recupero dopo la procedura.<\/li>\n<\/ul>\n<strong>Come viene applicato il trattamento PRP?<\/strong> Il trattamento PRP comprende i seguenti passaggi:\n<ol>\n \t<li><strong>Raccolta del sangue:<\/strong> Viene prelevata una piccola quantit\u00e0 di sangue dal paziente.<\/li>\n \t<li><strong>Elaborazione del sangue:<\/strong> Il sangue raccolto viene elaborato in una speciale centrifuga e la conta piastrinica viene aumentata.<\/li>\n \t<li><strong>Iniezione di PRP:<\/strong> Il siero PRP risultante viene iniettato nel cuoio capelluto utilizzando un ago sottile.<\/li>\n<\/ol>\n<strong>A chi \u00e8 adatto?<\/strong> Il trattamento PRP pu\u00f2 essere un&#039;opzione per le persone che soffrono di:\n<ul>\n \t<li>Pazienti con perdita o diradamento dei capelli.<\/li>\n \t<li>Coloro che perdono la qualit\u00e0 dei capelli a causa di fattori genetici.<\/li>\n \t<li>Chi vuole prevenire o arrestare la caduta dei capelli.<\/li>\n<\/ul>\n<strong>Trattamento PRP e domande frequenti:<\/strong>\n\n<strong>1. Il trattamento PRP \u00e8 doloroso?<\/strong>\n<ul>\n \t<li>Durante la procedura potrebbe verificarsi un leggero fastidio, ma si tratta generalmente di un&#039;esperienza tollerabile.<\/li>\n<\/ul>\n<strong>2. Quante sessioni sono necessarie?<\/strong>\n<ul>\n \t<li>Il piano di trattamento dipende dalle esigenze individuali. Di solito si consiglia una serie di sedute.<\/li>\n<\/ul>\n<strong>3. Come avviene il processo di recupero?<\/strong>\n<ul>\n \t<li>Il processo di recupero \u00e8 solitamente rapido. Dopo la procedura, la persona pu\u00f2 tornare immediatamente alle normali attivit\u00e0 quotidiane.<\/li>\n<\/ul>\n<strong>4. Quando otterr\u00f2 i risultati?<\/strong>\n<ul>\n \t<li>I risultati possono variare da persona a persona, ma di solito sono visibili entro pochi mesi.<\/li>\n<\/ul>\n<strong>5. Chi non \u00e8 idoneo al trattamento PRP?<\/strong>\n<ul>\n \t<li>Il trattamento PRP potrebbe non essere adatto alle donne incinte, a chi ha problemi di coagulazione del sangue e a chi soffre di alcune malattie della pelle.<\/li>\n<\/ul>\n<strong>Conclusione:<\/strong> Il trattamento PRP offre una soluzione innovativa per chi desidera rivitalizzare la bellezza dei capelli e sostenerne la salute. Questo metodo, naturale, poco rischioso ed efficace, mira ad apportare cambiamenti positivi nell&#039;estetica dei capelli.\t\t\t\t\t\t\t\t<\/div>\n\t\t\t\t<\/div>\n\t\t\t\t\t<\/div>\n\t\t<\/div>\n\t\t\t\t\t<\/div>\n\t\t<\/section>\n\t\t\t\t<\/div>","protected":false},"excerpt":{"rendered":"<p>PRP Tedavisi Hastanede Kal\u0131\u015f S\u00fcresi: Gerekli De\u011fil Operasyon S\u00fcresi: 6-8 Saat Anestezi: Lokal \u0130yile\u015fme S\u00fcresi: 6-12 Ay Hemen Randevu Al\u0131n G\u00fcr, sa\u011fl\u0131kl\u0131 ve parlak sa\u00e7lar, bireylerin d\u0131\u015f g\u00f6r\u00fcn\u00fc\u015flerini g\u00fczelle\u015ftiren \u00f6nemli bir \u00f6zelliktir. Ancak \u00e7e\u015fitli nedenlerle sa\u00e7 d\u00f6k\u00fclmesi veya seyreklik ya\u015fayan bir\u00e7ok ki\u015fi, sa\u00e7 g\u00fczelliklerini canland\u0131rmak ve kaybettikleri sa\u011fl\u0131kl\u0131 g\u00f6r\u00fcn\u00fcm\u00fc geri kazanmak i\u00e7in \u00e7e\u015fitli y\u00f6ntemlere ba\u015fvurur. [&hellip;]<\/p>\n","protected":false},"author":2,"featured_media":0,"parent":0,"menu_order":0,"comment_status":"closed","ping_status":"closed","template":"","meta":{"postBodyMargin":[],"postBodyPadding":[],"postBodyBackground":{"backgroundType":"classic","gradient":""},"footnotes":""},"class_list":["post-13548","page","type-page","status-publish","hentry"],"_links":{"self":[{"href":"https:\/\/seldacenter.com\/it\/wp-json\/wp\/v2\/pages\/13548","targetHints":{"allow":["GET"]}}],"collection":[{"href":"https:\/\/seldacenter.com\/it\/wp-json\/wp\/v2\/pages"}],"about":[{"href":"https:\/\/seldacenter.com\/it\/wp-json\/wp\/v2\/types\/page"}],"author":[{"embeddable":true,"href":"https:\/\/seldacenter.com\/it\/wp-json\/wp\/v2\/users\/2"}],"replies":[{"embeddable":true,"href":"https:\/\/seldacenter.com\/it\/wp-json\/wp\/v2\/comments?post=13548"}],"version-history":[{"count":13,"href":"https:\/\/seldacenter.com\/it\/wp-json\/wp\/v2\/pages\/13548\/revisions"}],"predecessor-version":[{"id":14127,"href":"https:\/\/seldacenter.com\/it\/wp-json\/wp\/v2\/pages\/13548\/revisions\/14127"}],"wp:attachment":[{"href":"https:\/\/seldacenter.com\/it\/wp-json\/wp\/v2\/media?parent=13548"}],"curies":[{"name":"wp","href":"https:\/\/api.w.org\/{rel}","templated":true}]}}