{"id":13546,"date":"2024-02-17T16:02:26","date_gmt":"2024-02-17T16:02:26","guid":{"rendered":"https:\/\/seldacenter.com\/yeniyapi\/?page_id=13546"},"modified":"2024-02-17T16:02:27","modified_gmt":"2024-02-17T16:02:27","slug":"sac-lazeri-nedir","status":"publish","type":"page","link":"https:\/\/seldacenter.com\/it\/sac-lazeri-nedir\/","title":{"rendered":"Cos&#039;\u00e8 il laser per capelli?"},"content":{"rendered":"<p>I capelli sono un elemento importante che determina l\u2019aspetto estetico sia delle donne che degli uomini. Tuttavia, le condizioni malsane portate dalla vita moderna, lo stress, i fattori genetici e vari problemi di salute possono causare la caduta dei capelli. La caduta dei capelli pu\u00f2 ridurre la qualit\u00e0 della vita delle persone influenzandone la motivazione e la fiducia in se stessi. A questo punto, il trattamento laser per capelli offre una soluzione efficace per chi vuole rinforzare i capelli e arrestarne la caduta.<\/p>\n<p><strong>Cos&#039;\u00e8 il laser per capelli?<\/strong><\/p>\n<p>Il laser per capelli \u00e8 un metodo di trattamento che aumenta la circolazione sanguigna nella zona dei capelli utilizzando dispositivi laser, frutto della tecnologia moderna, e permette ai capelli di crescere pi\u00f9 forti e sani. Questo metodo offre una soluzione efficace alla caduta dei capelli, stimolando la crescita di nuovi capelli nelle zone calve.<\/p>\n<p>Il trattamento laser per capelli stimola i follicoli piliferi applicando una luce laser a bassa intensit\u00e0 o una luce LED sul cuoio capelluto. Questa stimolazione aumenta l&#039;attivit\u00e0 cellulare, accelera la circolazione sanguigna e rivitalizza i follicoli piliferi, riducendo la caduta dei capelli. Inoltre, ispessisce i capelli diradati e favorisce un aspetto sano.<\/p>\n<p><strong>Come viene applicato il trattamento laser sui capelli?<\/strong><\/p>\n<p>Il trattamento laser dei capelli comprende i seguenti passaggi:<\/p>\n<ol>\n<li><strong>Consultazione e analisi dei capelli:<\/strong> La struttura dei capelli e il grado di caduta della persona vengono valutati da un dermatologo specialista.<\/li>\n<li><strong>Pianificazione del trattamento:<\/strong> Sulla base dell&#039;analisi dei capelli viene stabilito un piano di trattamento personalizzato. Il numero e la frequenza delle sessioni sono determinati.<\/li>\n<li><strong>Preparazione:<\/strong> La zona dei capelli viene pulita e viene applicato un siero che accelera la nutrizione dei capelli aprendo minuscoli canali con un dermapen.<\/li>\n<li><strong>Applicazione laser:<\/strong> La circolazione sanguigna viene aumentata applicando raggi laser sui capillari disfunzionali sotto il cuoio capelluto.<\/li>\n<li><strong>Completamento e manutenzione:<\/strong> Dopo l&#039;applicazione vengono utilizzati dermapen e siero per aumentare l&#039;efficacia dell&#039;applicazione laser.<\/li>\n<li><strong>Durata e frequenza delle sessioni:<\/strong> Nella prima fase, viene applicato in sessioni di 20 minuti due volte a settimana. Risultati visibili possono essere ottenuti dopo 10 sessioni in totale.<\/li>\n<\/ol>\n<p><strong>Trattamento laser per capelli e vantaggi:<\/strong><\/p>\n<ul>\n<li><strong>Indolore e sicuro:<\/strong> Il trattamento laser dei capelli \u00e8 una procedura indolore e generalmente ha effetti collaterali minimi.<\/li>\n<li><strong>Capelli Spessi e Lucenti:<\/strong> Il trattamento favorisce la formazione di capelli spessi e lucenti rafforzando i follicoli piliferi.<\/li>\n<li><strong>Uso combinato con il trapianto di capelli:<\/strong> Il trattamento laser dei capelli pu\u00f2 aiutare a ottenere risultati pi\u00f9 efficaci utilizzandolo prima e dopo il trapianto di capelli.<\/li>\n<\/ul>\n<p><strong>Trattamento laser per capelli e donne:<\/strong><\/p>\n<p>La caduta dei capelli nelle donne \u00e8 solitamente causata da fattori genetici, ormonali e nutrizionali. Il trattamento laser per capelli offre una soluzione efficace contro la caduta dei capelli nelle donne. Il trattamento viene utilizzato per arrestare la caduta, rinforzare e rivitalizzare i capelli. Pu\u00f2 essere abbinato ad altri trattamenti contro la caduta dei capelli ed \u00e8 indicato per ripristinare la salute dei capelli nelle donne.<\/p>\n<p>In conclusione, il trattamento laser per capelli \u00e8 un metodo innovativo offerto dalla tecnologia moderna e pu\u00f2 aiutare a combattere la caduta dei capelli in modo sano, sicuro ed efficace. Dopo l&#039;applicazione, si pu\u00f2 ottenere un miglioramento e un rafforzamento visibili dei capelli. \u00c8 importante ricordare che \u00e8 importante consultare un dermatologo specialista prima del trattamento.<\/p>","protected":false},"excerpt":{"rendered":"<p>Sa\u00e7lar, hem kad\u0131nlar\u0131n hem de erkeklerin estetik g\u00f6r\u00fcn\u00fcmlerini belirleyen \u00f6nemli bir unsurdur. Ancak modern ya\u015fam\u0131n getirdi\u011fi sa\u011fl\u0131ks\u0131z ko\u015fullar, stres, genetik fakt\u00f6rler ve \u00e7e\u015fitli sa\u011fl\u0131k sorunlar\u0131, sa\u00e7 d\u00f6k\u00fclmesine neden olabilmektedir. Sa\u00e7 kayb\u0131, insanlar\u0131n motivasyon ve \u00f6zg\u00fcvenini etkileyerek ya\u015fam kalitelerini d\u00fc\u015f\u00fcrebilir. Bu noktada sa\u00e7 lazeri tedavisi, sa\u00e7lar\u0131 g\u00fc\u00e7lendirmek ve d\u00f6k\u00fclmeyi durdurmak isteyenler i\u00e7in etkili bir \u00e7\u00f6z\u00fcm sunmaktad\u0131r. [&hellip;]<\/p>\n","protected":false},"author":2,"featured_media":0,"parent":0,"menu_order":0,"comment_status":"closed","ping_status":"closed","template":"","meta":{"postBodyMargin":[],"postBodyPadding":[],"postBodyBackground":{"backgroundType":"classic","gradient":""},"footnotes":""},"class_list":["post-13546","page","type-page","status-publish","hentry"],"_links":{"self":[{"href":"https:\/\/seldacenter.com\/it\/wp-json\/wp\/v2\/pages\/13546","targetHints":{"allow":["GET"]}}],"collection":[{"href":"https:\/\/seldacenter.com\/it\/wp-json\/wp\/v2\/pages"}],"about":[{"href":"https:\/\/seldacenter.com\/it\/wp-json\/wp\/v2\/types\/page"}],"author":[{"embeddable":true,"href":"https:\/\/seldacenter.com\/it\/wp-json\/wp\/v2\/users\/2"}],"replies":[{"embeddable":true,"href":"https:\/\/seldacenter.com\/it\/wp-json\/wp\/v2\/comments?post=13546"}],"version-history":[{"count":1,"href":"https:\/\/seldacenter.com\/it\/wp-json\/wp\/v2\/pages\/13546\/revisions"}],"predecessor-version":[{"id":13547,"href":"https:\/\/seldacenter.com\/it\/wp-json\/wp\/v2\/pages\/13546\/revisions\/13547"}],"wp:attachment":[{"href":"https:\/\/seldacenter.com\/it\/wp-json\/wp\/v2\/media?parent=13546"}],"curies":[{"name":"wp","href":"https:\/\/api.w.org\/{rel}","templated":true}]}}