{"id":12979,"date":"2023-10-18T20:34:40","date_gmt":"2023-10-18T17:34:40","guid":{"rendered":"https:\/\/seldacenter.com\/?page_id=12979"},"modified":"2023-10-18T20:34:40","modified_gmt":"2023-10-18T17:34:40","slug":"gizlilik-politikasi","status":"publish","type":"page","link":"https:\/\/seldacenter.com\/it\/gizlilik-politikasi\/","title":{"rendered":"politica sulla riservatezza"},"content":{"rendered":"<p>La tua sicurezza \u00e8 importante per noi. Per questo motivo, i dati personali che condividi con noi sono protetti con cura.<\/p><p>Noi, Selda Hair Center, in qualit\u00e0 di titolare del trattamento dei dati, intendiamo illustrarti questa politica sulla privacy e sulla protezione dei dati personali, su quali dati personali verranno trattati, per quale scopo, con chi e perch\u00e9 i dati trattati possono essere condivisi, il nostro metodo di elaborazione dei dati e le motivazioni legali, e quali sono i tuoi diritti in merito ai tuoi dati trattati.<\/p><h2 class=\"wp-block-heading\" id=\"toplanan-kisisel-verileriniz-toplanma-yoentemi-ve-hukuki-sebebi\">I tuoi dati personali raccolti, metodo di raccolta e motivo legale<\/h2><p>Il tuo indirizzo IP e le informazioni sullo user agent saranno trattati esclusivamente per scopi di analisi e tramite tecnologie quali i cookie, con mezzi automatici o non automatici, e talvolta ottenuti da terze parti quali fornitori di analisi, reti pubblicitarie, fornitori di informazioni di ricerca, fornitori di tecnologia, registrati, archiviati e aggiornati, nell&#039;ambito e per la durata del servizio e del rapporto contrattuale tra noi, sulla base del legittimo requisito di elaborazione degli interessi.<\/p><h2 class=\"wp-block-heading\" id=\"kisisel-verilerinizin-islenme-amaci\">Finalit\u00e0 del trattamento dei tuoi dati personali<\/h2><p>I dati personali che condividi con noi saranno trattati e aggiornati esclusivamente mediante analisi mirate e moderate durante il periodo contrattuale e di servizio, al fine di soddisfare al meglio i requisiti dei servizi che offriamo, per garantire che tu possa accedere e beneficiare di tali servizi al massimo livello, per sviluppare i nostri servizi in base alle tue esigenze e per metterti in contatto con fornitori di servizi pi\u00f9 ampi nel rispetto della legge e per adempiere agli obblighi derivanti dalla legge (condivisione dei dati personali con autorit\u00e0 giudiziarie e amministrative su richiesta).<\/p><h2 class=\"wp-block-heading\" id=\"toplanan-kisisel-verilerin-kimlere-ve-hangi-amaclarla-aktarilabilecegi\">A chi e per quali finalit\u00e0 possono essere trasferiti i dati personali raccolti?<\/h2><p>I dati personali che condividi con noi potranno essere trasferiti a terze parti, istituzioni e organizzazioni, nazionali ed estere, dalle quali riceviamo e\/o forniamo servizi, con le quali abbiamo rapporti contrattuali, con le quali collaboriamo, al fine di svolgere le nostre attivit\u00e0, nonch\u00e9 ad autorit\u00e0 giudiziarie e amministrative su richiesta, a condizione che vengano adottate le misure tecniche e amministrative necessarie.<\/p><h2 class=\"wp-block-heading\" id=\"kisisel-verileri-islenen-kisi-olarak-haklariniz\">I tuoi diritti in quanto persona i cui dati personali vengono elaborati<\/h2><p>Ai sensi dell&#039;articolo 11 del KVKK, chiunque pu\u00f2 esercitare i seguenti diritti rivolgendosi al titolare del trattamento:<\/p><ol class=\"wp-block-list\" type=\"a\"><li>Sapere se i dati personali sono oggetto di trattamento,<\/li>\n\n<li>Per richiedere informazioni in merito al trattamento dei dati personali,<\/li>\n\n<li>Per conoscere le finalit\u00e0 del trattamento dei dati personali e se gli stessi vengono utilizzati conformemente alle finalit\u00e0 stesse,<\/li>\n\n<li>Per conoscere i terzi a cui vengono trasferiti i dati personali, sia in ambito nazionale che all&#039;estero,<\/li>\n\n<li>Richiedere la rettifica dei dati personali qualora siano trattati in modo incompleto o non corretto,<\/li>\n\n<li>Richiedere la cancellazione o la distruzione dei dati personali,<\/li>\n\n<li>Di richiedere che le operazioni effettuate ai sensi delle clausole (e) e (f) siano comunicate ai terzi cui sono stati trasferiti i dati personali,<\/li>\n\n<li>Di opporsi ad un risultato che sia a suo danno, derivante dall&#039;analisi dei dati trattati esclusivamente attraverso sistemi automatizzati,<\/li>\n\n<li>In caso di danno causato dal trattamento illecito dei dati personali, la persona ha il diritto di chiedere il risarcimento del danno.<\/li><\/ol><p>Puoi contattarci tramite info@seldacenter.com per esercitare i tuoi diritti sopra elencati.<\/p><h2 class=\"wp-block-heading\" id=\"iletisim\">Comunicazione<\/h2><p>Per poter effettuare analisi ai fini della fornitura dei servizi, sei completamente libero di accettare o meno il trattamento dei tuoi dati personali, laddove necessario, in conformit\u00e0 con la presente informativa sulla privacy e sul trattamento dei dati personali. Se continui a utilizzare il sito, daremo per scontato che tu abbia accettato. Non esitare a contattarci all&#039;indirizzo info@seldacenter.com per informazioni pi\u00f9 dettagliate.<\/p>","protected":false},"excerpt":{"rendered":"<p>G\u00fcvenli\u011finiz bizim i\u00e7in \u00f6nemli. Bu sebeple bizimle payla\u015faca\u011f\u0131n\u0131z ki\u015fisel verileriz hassasiyetle korunmaktad\u0131r. Biz, Selda Hair Center, veri sorumlusu olarak, bu gizlilik ve ki\u015fisel verilerin korunmas\u0131 politikas\u0131 ile, hangi ki\u015fisel verilerinizin hangi ama\u00e7la i\u015flenece\u011fi, i\u015flenen verilerin kimlerle ve neden payla\u015f\u0131labilece\u011fi, veri i\u015fleme y\u00f6ntemimiz ve hukuki sebeplerimiz ile; i\u015flenen verilerinize ili\u015fkin haklar\u0131n\u0131z\u0131n neler oldu\u011fu hususunda sizleri ayd\u0131nlatmay\u0131 [&hellip;]<\/p>\n","protected":false},"author":2,"featured_media":0,"parent":0,"menu_order":0,"comment_status":"closed","ping_status":"closed","template":"","meta":{"postBodyMargin":[],"postBodyPadding":[],"postBodyBackground":{"backgroundType":"classic","gradient":""},"footnotes":""},"class_list":["post-12979","page","type-page","status-publish","hentry"],"_links":{"self":[{"href":"https:\/\/seldacenter.com\/it\/wp-json\/wp\/v2\/pages\/12979","targetHints":{"allow":["GET"]}}],"collection":[{"href":"https:\/\/seldacenter.com\/it\/wp-json\/wp\/v2\/pages"}],"about":[{"href":"https:\/\/seldacenter.com\/it\/wp-json\/wp\/v2\/types\/page"}],"author":[{"embeddable":true,"href":"https:\/\/seldacenter.com\/it\/wp-json\/wp\/v2\/users\/2"}],"replies":[{"embeddable":true,"href":"https:\/\/seldacenter.com\/it\/wp-json\/wp\/v2\/comments?post=12979"}],"version-history":[{"count":0,"href":"https:\/\/seldacenter.com\/it\/wp-json\/wp\/v2\/pages\/12979\/revisions"}],"wp:attachment":[{"href":"https:\/\/seldacenter.com\/it\/wp-json\/wp\/v2\/media?parent=12979"}],"curies":[{"name":"wp","href":"https:\/\/api.w.org\/{rel}","templated":true}]}}