{"id":13950,"date":"2024-02-28T18:50:29","date_gmt":"2024-02-28T18:50:29","guid":{"rendered":"https:\/\/seldacenter.com\/?page_id=13950"},"modified":"2024-03-02T01:57:01","modified_gmt":"2024-03-02T01:57:01","slug":"e-max-crowns","status":"publish","type":"page","link":"https:\/\/seldacenter.com\/fr\/e-max-crowns\/","title":{"rendered":"Couronnes E-Max"},"content":{"rendered":"<div data-elementor-type=\"wp-page\" data-elementor-id=\"13950\" class=\"elementor elementor-13950\" data-elementor-post-type=\"page\">\n\t\t\t\t\t\t<section class=\"elementor-section elementor-top-section elementor-element elementor-element-d678c3c elementor-section-boxed elementor-section-height-default elementor-section-height-default\" data-id=\"d678c3c\" data-element_type=\"section\">\n\t\t\t\t\t\t<div class=\"elementor-container elementor-column-gap-default\">\n\t\t\t\t\t<div class=\"elementor-column elementor-col-50 elementor-top-column elementor-element elementor-element-f36996b\" data-id=\"f36996b\" data-element_type=\"column\" data-settings=\"{&quot;background_background&quot;:&quot;classic&quot;}\">\n\t\t\t<div class=\"elementor-widget-wrap elementor-element-populated\">\n\t\t\t\t\t\t<div class=\"elementor-element elementor-element-b877bd3 elementor-widget elementor-widget-image\" data-id=\"b877bd3\" data-element_type=\"widget\" data-widget_type=\"image.default\">\n\t\t\t\t<div class=\"elementor-widget-container\">\n\t\t\t\t\t\t\t\t\t\t\t\t\t\t\t<img fetchpriority=\"high\" decoding=\"async\" width=\"996\" height=\"664\" src=\"https:\/\/seldacenter.com\/wp-content\/uploads\/2024\/03\/dentist-with-smile_144627-891.jpg\" class=\"attachment-full size-full wp-image-14211\" alt=\"\" srcset=\"https:\/\/seldacenter.com\/wp-content\/uploads\/2024\/03\/dentist-with-smile_144627-891.jpg 996w, https:\/\/seldacenter.com\/wp-content\/uploads\/2024\/03\/dentist-with-smile_144627-891-600x400.jpg 600w, https:\/\/seldacenter.com\/wp-content\/uploads\/2024\/03\/dentist-with-smile_144627-891-300x200.jpg 300w, https:\/\/seldacenter.com\/wp-content\/uploads\/2024\/03\/dentist-with-smile_144627-891-768x512.jpg 768w\" sizes=\"(max-width: 996px) 100vw, 996px\" \/>\t\t\t\t\t\t\t\t\t\t\t\t\t\t\t<\/div>\n\t\t\t\t<\/div>\n\t\t\t\t\t<\/div>\n\t\t<\/div>\n\t\t\t\t<div class=\"elementor-column elementor-col-50 elementor-top-column elementor-element elementor-element-ae8111c\" data-id=\"ae8111c\" data-element_type=\"column\">\n\t\t\t<div class=\"elementor-widget-wrap elementor-element-populated\">\n\t\t\t\t\t\t<div class=\"elementor-element elementor-element-7475c8c elementor-widget-divider--view-line_text elementor-widget-divider--element-align-left elementor-widget elementor-widget-divider\" data-id=\"7475c8c\" data-element_type=\"widget\" data-widget_type=\"divider.default\">\n\t\t\t\t<div class=\"elementor-widget-container\">\n\t\t\t\t\t\t\t<div class=\"elementor-divider\">\n\t\t\t<span class=\"elementor-divider-separator\">\n\t\t\t\t\t\t\t<h3 class=\"elementor-divider__text elementor-divider__element\">\n\t\t\t\tCouronnes E-Max\t\t\t\t<\/h3>\n\t\t\t\t\t\t<\/span>\n\t\t<\/div>\n\t\t\t\t\t\t<\/div>\n\t\t\t\t<\/div>\n\t\t\t\t<div class=\"elementor-element elementor-element-0d9a67a elementor-align-left elementor-icon-list--layout-traditional elementor-list-item-link-full_width elementor-widget elementor-widget-icon-list\" data-id=\"0d9a67a\" data-element_type=\"widget\" data-widget_type=\"icon-list.default\">\n\t\t\t\t<div class=\"elementor-widget-container\">\n\t\t\t\t\t\t\t<ul class=\"elementor-icon-list-items\">\n\t\t\t\t\t\t\t<li class=\"elementor-icon-list-item\">\n\t\t\t\t\t\t\t\t\t\t\t<span class=\"elementor-icon-list-icon\">\n\t\t\t\t\t\t\t<svg aria-hidden=\"true\" class=\"e-font-icon-svg e-far-hospital\" viewbox=\"0 0 448 512\" xmlns=\"http:\/\/www.w3.org\/2000\/svg\"><path d=\"M128 244v-40c0-6.627 5.373-12 12-12h40c6.627 0 12 5.373 12 12v40c0 6.627-5.373 12-12 12h-40c-6.627 0-12-5.373-12-12zm140 12h40c6.627 0 12-5.373 12-12v-40c0-6.627-5.373-12-12-12h-40c-6.627 0-12 5.373-12 12v40c0 6.627 5.373 12 12 12zm-76 84v-40c0-6.627-5.373-12-12-12h-40c-6.627 0-12 5.373-12 12v40c0 6.627 5.373 12 12 12h40c6.627 0 12-5.373 12-12zm76 12h40c6.627 0 12-5.373 12-12v-40c0-6.627-5.373-12-12-12h-40c-6.627 0-12 5.373-12 12v40c0 6.627 5.373 12 12 12zm180 124v36H0v-36c0-6.627 5.373-12 12-12h19.5V85.035C31.5 73.418 42.245 64 55.5 64H144V24c0-13.255 10.745-24 24-24h112c13.255 0 24 10.745 24 24v40h88.5c13.255 0 24 9.418 24 21.035V464H436c6.627 0 12 5.373 12 12zM79.5 463H192v-67c0-6.627 5.373-12 12-12h40c6.627 0 12 5.373 12 12v67h112.5V112H304v24c0 13.255-10.745 24-24 24H168c-13.255 0-24-10.745-24-24v-24H79.5v351zM266 64h-26V38a6 6 0 0 0-6-6h-20a6 6 0 0 0-6 6v26h-26a6 6 0 0 0-6 6v20a6 6 0 0 0 6 6h26v26a6 6 0 0 0 6 6h20a6 6 0 0 0 6-6V96h26a6 6 0 0 0 6-6V70a6 6 0 0 0-6-6z\"><\/path><\/svg>\t\t\t\t\t\t<\/span>\n\t\t\t\t\t\t\t\t\t\t<span class=\"elementor-icon-list-text\">Dur\u00e9e du s\u00e9jour \u00e0 l&#039;h\u00f4pital\u00a0:\u00a0non obligatoire<\/span>\n\t\t\t\t\t\t\t\t\t<\/li>\n\t\t\t\t\t\t\t\t<li class=\"elementor-icon-list-item\">\n\t\t\t\t\t\t\t\t\t\t\t<span class=\"elementor-icon-list-icon\">\n\t\t\t\t\t\t\t<svg aria-hidden=\"true\" class=\"e-font-icon-svg e-far-clock\" viewbox=\"0 0 512 512\" xmlns=\"http:\/\/www.w3.org\/2000\/svg\"><path d=\"M256 8C119 8 8 119 8 256s111 248 248 248 248-111 248-248S393 8 256 8zm0 448c-110.5 0-200-89.5-200-200S145.5 56 256 56s200 89.5 200 200-89.5 200-200 200zm61.8-104.4l-84.9-61.7c-3.1-2.3-4.9-5.9-4.9-9.7V116c0-6.6 5.4-12 12-12h32c6.6 0 12 5.4 12 12v141.7l66.8 48.6c5.4 3.9 6.5 11.4 2.6 16.8L334.6 349c-3.9 5.3-11.4 6.5-16.8 2.6z\"><\/path><\/svg>\t\t\t\t\t\t<\/span>\n\t\t\t\t\t\t\t\t\t\t<span class=\"elementor-icon-list-text\">Dur\u00e9e de fonctionnement\u00a0: 6 \u00e0 8 heures<\/span>\n\t\t\t\t\t\t\t\t\t<\/li>\n\t\t\t\t\t\t\t\t<li class=\"elementor-icon-list-item\">\n\t\t\t\t\t\t\t\t\t\t\t<span class=\"elementor-icon-list-icon\">\n\t\t\t\t\t\t\t<svg aria-hidden=\"true\" class=\"e-font-icon-svg e-fas-syringe\" viewbox=\"0 0 512 512\" xmlns=\"http:\/\/www.w3.org\/2000\/svg\"><path d=\"M201.5 174.8l55.7 55.8c3.1 3.1 3.1 8.2 0 11.3l-11.3 11.3c-3.1 3.1-8.2 3.1-11.3 0l-55.7-55.8-45.3 45.3 55.8 55.8c3.1 3.1 3.1 8.2 0 11.3l-11.3 11.3c-3.1 3.1-8.2 3.1-11.3 0L111 265.2l-26.4 26.4c-17.3 17.3-25.6 41.1-23 65.4l7.1 63.6L2.3 487c-3.1 3.1-3.1 8.2 0 11.3l11.3 11.3c3.1 3.1 8.2 3.1 11.3 0l66.3-66.3 63.6 7.1c23.9 2.6 47.9-5.4 65.4-23l181.9-181.9-135.7-135.7-64.9 65zm308.2-93.3L430.5 2.3c-3.1-3.1-8.2-3.1-11.3 0l-11.3 11.3c-3.1 3.1-3.1 8.2 0 11.3l28.3 28.3-45.3 45.3-56.6-56.6-17-17c-3.1-3.1-8.2-3.1-11.3 0l-33.9 33.9c-3.1 3.1-3.1 8.2 0 11.3l17 17L424.8 223l17 17c3.1 3.1 8.2 3.1 11.3 0l33.9-34c3.1-3.1 3.1-8.2 0-11.3l-73.5-73.5 45.3-45.3 28.3 28.3c3.1 3.1 8.2 3.1 11.3 0l11.3-11.3c3.1-3.2 3.1-8.2 0-11.4z\"><\/path><\/svg>\t\t\t\t\t\t<\/span>\n\t\t\t\t\t\t\t\t\t\t<span class=\"elementor-icon-list-text\">Anesth\u00e9sie\u00a0: Locale<\/span>\n\t\t\t\t\t\t\t\t\t<\/li>\n\t\t\t\t\t\t\t\t<li class=\"elementor-icon-list-item\">\n\t\t\t\t\t\t\t\t\t\t\t<span class=\"elementor-icon-list-icon\">\n\t\t\t\t\t\t\t<svg aria-hidden=\"true\" class=\"e-font-icon-svg e-far-heart\" viewbox=\"0 0 512 512\" xmlns=\"http:\/\/www.w3.org\/2000\/svg\"><path d=\"M458.4 64.3C400.6 15.7 311.3 23 256 79.3 200.7 23 111.4 15.6 53.6 64.3-21.6 127.6-10.6 230.8 43 285.5l175.4 178.7c10 10.2 23.4 15.9 37.6 15.9 14.3 0 27.6-5.6 37.6-15.8L469 285.6c53.5-54.7 64.7-157.9-10.6-221.3zm-23.6 187.5L259.4 430.5c-2.4 2.4-4.4 2.4-6.8 0L77.2 251.8c-36.5-37.2-43.9-107.6 7.3-150.7 38.9-32.7 98.9-27.8 136.5 10.5l35 35.7 35-35.7c37.8-38.5 97.8-43.2 136.5-10.6 51.1 43.1 43.5 113.9 7.3 150.8z\"><\/path><\/svg>\t\t\t\t\t\t<\/span>\n\t\t\t\t\t\t\t\t\t\t<span class=\"elementor-icon-list-text\">Temps de r\u00e9cup\u00e9ration\u00a0: imm\u00e9diat<\/span>\n\t\t\t\t\t\t\t\t\t<\/li>\n\t\t\t\t\t\t<\/ul>\n\t\t\t\t\t\t<\/div>\n\t\t\t\t<\/div>\n\t\t\t\t<div class=\"elementor-element elementor-element-73efc41 elementor-align-justify elementor-widget elementor-widget-button\" data-id=\"73efc41\" data-element_type=\"widget\" data-widget_type=\"button.default\">\n\t\t\t\t<div class=\"elementor-widget-container\">\n\t\t\t\t\t\t\t\t\t<div class=\"elementor-button-wrapper\">\n\t\t\t\t\t<a class=\"elementor-button elementor-button-link elementor-size-sm elementor-animation-buzz\" href=\"https:\/\/seldacenter.com\/fr\/\">\n\t\t\t\t\t\t<span class=\"elementor-button-content-wrapper\">\n\t\t\t\t\t\t\t\t\t<span class=\"elementor-button-text\">Prenez rendez-vous maintenant<\/span>\n\t\t\t\t\t<\/span>\n\t\t\t\t\t<\/a>\n\t\t\t\t<\/div>\n\t\t\t\t\t\t\t\t<\/div>\n\t\t\t\t<\/div>\n\t\t\t\t\t<\/div>\n\t\t<\/div>\n\t\t\t\t\t<\/div>\n\t\t<\/section>\n\t\t\t\t<section class=\"elementor-section elementor-top-section elementor-element elementor-element-6f03656e elementor-section-boxed elementor-section-height-default elementor-section-height-default\" data-id=\"6f03656e\" data-element_type=\"section\">\n\t\t\t\t\t\t<div class=\"elementor-container elementor-column-gap-default\">\n\t\t\t\t\t<div class=\"elementor-column elementor-col-100 elementor-top-column elementor-element elementor-element-78bf85d4\" data-id=\"78bf85d4\" data-element_type=\"column\">\n\t\t\t<div class=\"elementor-widget-wrap elementor-element-populated\">\n\t\t\t\t\t\t<div class=\"elementor-element elementor-element-3a9f7349 elementor-widget elementor-widget-text-editor\" data-id=\"3a9f7349\" data-element_type=\"widget\" data-widget_type=\"text-editor.default\">\n\t\t\t\t<div class=\"elementor-widget-container\">\n\t\t\t\t\t\t\t\t\tLe d\u00e9veloppement technologique a ouvert la porte \u00e0 des innovations impressionnantes dans le domaine de la dentisterie. L\u2019une de ces innovations concerne les couronnes en porcelaine esth\u00e9tiques et durables appel\u00e9es couronnes E-Max. Dans cet article, nous nous concentrerons en d\u00e9tail sur des sujets tels que ce que sont les couronnes E-Max, quels sont leurs avantages, comment elles sont appliqu\u00e9es et \u00e0 qui elles conviennent.\n\n<strong>Que sont les couronnes E-Max ?<\/strong>\n\nLes couronnes E-Max sont des couronnes en porcelaine au disilicate de lithium. Les dentistes affirment que ce mat\u00e9riau sp\u00e9cial en porcelaine offre des performances de haut niveau en termes d&#039;esth\u00e9tique et de durabilit\u00e9. Les couronnes E-Max, utilis\u00e9es notamment sur les dents de devant, offrent un aspect esth\u00e9tique tr\u00e8s proche des dents naturelles.\n\n<strong>Avantages<\/strong>\n\n<strong>1. Aspect naturel<\/strong>\n\nLes couronnes E-Max imitent la perm\u00e9abilit\u00e9 \u00e0 la lumi\u00e8re comme les dents naturelles. Cette fonctionnalit\u00e9 aide les dents \u00e0 retrouver un aspect naturel et esth\u00e9tique.\n\n<strong>2. Durabilit\u00e9<\/strong>\n\nLe mat\u00e9riau disilicate de lithium conf\u00e8re aux couronnes E-Max une caract\u00e9ristique qui conf\u00e8re une grande durabilit\u00e9 aux dents. Il peut faire face aux activit\u00e9s quotidiennes et offre une solution durable.\n\n<strong>3. Biocompatible<\/strong>\n\nLes couronnes E-Max contiennent du disilicate de lithium et sont consid\u00e9r\u00e9es comme un mat\u00e9riau compatible avec le corps. Il minimise le risque de r\u00e9actions allergiques et augmente la biocompatibilit\u00e9.\n\n<strong>4. D\u00e9p\u00f4t minimal<\/strong>\n\nUn limage minimal est effectu\u00e9 lors de l&#039;application des couronnes E-Max. Cela signifie un processus de traitement moins invasif et une pr\u00e9servation d\u2019un tissu dentaire plus intact.\n\n<strong>5. Constance des couleurs<\/strong>\n\nLa capacit\u00e9 de ne pas changer de couleur au fil du temps aide les couronnes E-Max \u00e0 conserver leur aspect esth\u00e9tique \u00e0 long terme.\n\n<strong>Processus de demande<\/strong>\n\n<strong>1. Inspection et planification<\/strong>\n\nApr\u00e8s un examen d\u00e9taill\u00e9 avec le patient, un plan de traitement est \u00e9labor\u00e9. Les couronnes E-Max sont pr\u00e9par\u00e9es en fonction du choix de couleur et de l&#039;\u00e9tat des dents.\n\n<strong>2. Phase de pr\u00e9paration<\/strong>\n\nLes dents sont l\u00e9g\u00e8rement lim\u00e9es et des mesures sont prises. Ces mesures sont envoy\u00e9es \u00e0 un laboratoire dentaire et des couronnes sp\u00e9cialement pr\u00e9par\u00e9es sont r\u00e9alis\u00e9es.\n\n<strong>3. Placement<\/strong>\n\nLes couronnes E-Max pr\u00e9par\u00e9es sont plac\u00e9es sur les dents du patient par le dentiste. La couleur et l&#039;ajustement sont v\u00e9rifi\u00e9s et des corrections sont apport\u00e9es si n\u00e9cessaire.\n\n<strong>4. Coller<\/strong>\n\nLes couronnes sont plac\u00e9es de mani\u00e8re permanente sur les dents \u00e0 l&#039;aide d&#039;adh\u00e9sifs sp\u00e9ciaux. Apr\u00e8s le processus de cr\u00e9ation de liens, le patient peut reprendre ses activit\u00e9s quotidiennes normales.\n\n<strong>\u00c0 qui convient-il ?<\/strong>\n\nLes couronnes E-Max sont une option appropri\u00e9e pour toute personne ayant des probl\u00e8mes esth\u00e9tiques et souhaitant am\u00e9liorer l\u2019apparence de ses dents. Puisqu\u2019elle est utilis\u00e9e surtout sur les dents de devant, les patients ayant des attentes esth\u00e9tiques \u00e9lev\u00e9es peuvent envisager cette m\u00e9thode de traitement.\n\n<strong>Conclusion<\/strong>\n\nLes couronnes E-Max offrent une solution parfaite aux patients recherchant esth\u00e9tique et durabilit\u00e9. \u00c0 la suite de vos discussions avec votre dentiste, vous pourrez cr\u00e9er un plan de traitement sp\u00e9cial pour vous et obtenir un sourire sain, naturel et esth\u00e9tique. Sourire peut am\u00e9liorer non seulement votre apparence mais aussi votre confiance en vous. Avec les couronnes E-Max, vous pouvez faire un pas de plus vers le sourire de vos r\u00eaves. Haut du formulaire\t\t\t\t\t\t\t\t<\/div>\n\t\t\t\t<\/div>\n\t\t\t\t\t<\/div>\n\t\t<\/div>\n\t\t\t\t\t<\/div>\n\t\t<\/section>\n\t\t\t\t<\/div>","protected":false},"excerpt":{"rendered":"<p>E-Max Crowns Hastanede Kal\u0131\u015f S\u00fcresi: Gerekli De\u011fil Operasyon S\u00fcresi: 6-8 Saat Anestezi: Lokal \u0130yile\u015fme S\u00fcresi: Hemen Hemen Randevu Al\u0131n Geli\u015fen teknoloji, di\u015f hekimli\u011fi alan\u0131nda da etkileyici yeniliklere kap\u0131 aralam\u0131\u015ft\u0131r. Bu yeniliklerden biri de E-Max crowns olarak adland\u0131r\u0131lan estetik ve dayan\u0131kl\u0131 porselen kaplamalard\u0131r. Bu makalede, E-Max crowns&#8217;\u0131n nedir, avantajlar\u0131 nelerdir, nas\u0131l uygulan\u0131r ve kimler i\u00e7in uygun [&hellip;]<\/p>\n","protected":false},"author":2,"featured_media":0,"parent":0,"menu_order":0,"comment_status":"closed","ping_status":"closed","template":"","meta":{"postBodyMargin":[],"postBodyPadding":[],"postBodyBackground":{"backgroundType":"classic","gradient":""},"footnotes":""},"class_list":["post-13950","page","type-page","status-publish","hentry"],"_links":{"self":[{"href":"https:\/\/seldacenter.com\/fr\/wp-json\/wp\/v2\/pages\/13950","targetHints":{"allow":["GET"]}}],"collection":[{"href":"https:\/\/seldacenter.com\/fr\/wp-json\/wp\/v2\/pages"}],"about":[{"href":"https:\/\/seldacenter.com\/fr\/wp-json\/wp\/v2\/types\/page"}],"author":[{"embeddable":true,"href":"https:\/\/seldacenter.com\/fr\/wp-json\/wp\/v2\/users\/2"}],"replies":[{"embeddable":true,"href":"https:\/\/seldacenter.com\/fr\/wp-json\/wp\/v2\/comments?post=13950"}],"version-history":[{"count":10,"href":"https:\/\/seldacenter.com\/fr\/wp-json\/wp\/v2\/pages\/13950\/revisions"}],"predecessor-version":[{"id":14217,"href":"https:\/\/seldacenter.com\/fr\/wp-json\/wp\/v2\/pages\/13950\/revisions\/14217"}],"wp:attachment":[{"href":"https:\/\/seldacenter.com\/fr\/wp-json\/wp\/v2\/media?parent=13950"}],"curies":[{"name":"wp","href":"https:\/\/api.w.org\/{rel}","templated":true}]}}