{"id":13687,"date":"2024-02-21T23:22:09","date_gmt":"2024-02-21T23:22:09","guid":{"rendered":"https:\/\/seldacenter.com\/?page_id=13687"},"modified":"2024-02-25T06:00:15","modified_gmt":"2024-02-25T06:00:15","slug":"sac-lazeri-nedir-2","status":"publish","type":"page","link":"https:\/\/seldacenter.com\/fr\/sac-lazeri-nedir-2\/","title":{"rendered":"Qu\u2019est-ce que le laser capillaire ?"},"content":{"rendered":"<div data-elementor-type=\"wp-page\" data-elementor-id=\"13687\" class=\"elementor elementor-13687\" data-elementor-post-type=\"page\">\n\t\t\t\t\t\t<section class=\"elementor-section elementor-top-section elementor-element elementor-element-d68dfde elementor-section-boxed elementor-section-height-default elementor-section-height-default\" data-id=\"d68dfde\" data-element_type=\"section\">\n\t\t\t\t\t\t<div class=\"elementor-container elementor-column-gap-default\">\n\t\t\t\t\t<div class=\"elementor-column elementor-col-50 elementor-top-column elementor-element elementor-element-a034619\" data-id=\"a034619\" data-element_type=\"column\" data-settings=\"{&quot;background_background&quot;:&quot;classic&quot;}\">\n\t\t\t<div class=\"elementor-widget-wrap elementor-element-populated\">\n\t\t\t\t\t\t<div class=\"elementor-element elementor-element-7d93861 elementor-widget elementor-widget-image\" data-id=\"7d93861\" data-element_type=\"widget\" data-widget_type=\"image.default\">\n\t\t\t\t<div class=\"elementor-widget-container\">\n\t\t\t\t\t\t\t\t\t\t\t\t\t\t\t<img decoding=\"async\" src=\"https:\/\/seldacenter.com\/wp-content\/uploads\/2022\/08\/sac-ekimi-scaled.jpg\" title=\"\" alt=\"sa\u00e7 ekimi\" loading=\"lazy\" \/>\t\t\t\t\t\t\t\t\t\t\t\t\t\t\t<\/div>\n\t\t\t\t<\/div>\n\t\t\t\t\t<\/div>\n\t\t<\/div>\n\t\t\t\t<div class=\"elementor-column elementor-col-50 elementor-top-column elementor-element elementor-element-4f83392\" data-id=\"4f83392\" data-element_type=\"column\">\n\t\t\t<div class=\"elementor-widget-wrap elementor-element-populated\">\n\t\t\t\t\t\t<div class=\"elementor-element elementor-element-3a415a1 elementor-widget-divider--view-line_text elementor-widget-divider--element-align-left elementor-widget elementor-widget-divider\" data-id=\"3a415a1\" data-element_type=\"widget\" data-widget_type=\"divider.default\">\n\t\t\t\t<div class=\"elementor-widget-container\">\n\t\t\t\t\t\t\t<div class=\"elementor-divider\">\n\t\t\t<span class=\"elementor-divider-separator\">\n\t\t\t\t\t\t\t<h3 class=\"elementor-divider__text elementor-divider__element\">\n\t\t\t\tLaser cheveux\t\t\t\t<\/h3>\n\t\t\t\t\t\t<\/span>\n\t\t<\/div>\n\t\t\t\t\t\t<\/div>\n\t\t\t\t<\/div>\n\t\t\t\t<div class=\"elementor-element elementor-element-7e9f881 elementor-align-left elementor-icon-list--layout-traditional elementor-list-item-link-full_width elementor-widget elementor-widget-icon-list\" data-id=\"7e9f881\" data-element_type=\"widget\" data-widget_type=\"icon-list.default\">\n\t\t\t\t<div class=\"elementor-widget-container\">\n\t\t\t\t\t\t\t<ul class=\"elementor-icon-list-items\">\n\t\t\t\t\t\t\t<li class=\"elementor-icon-list-item\">\n\t\t\t\t\t\t\t\t\t\t\t<span class=\"elementor-icon-list-icon\">\n\t\t\t\t\t\t\t<svg aria-hidden=\"true\" class=\"e-font-icon-svg e-far-hospital\" viewbox=\"0 0 448 512\" xmlns=\"http:\/\/www.w3.org\/2000\/svg\"><path d=\"M128 244v-40c0-6.627 5.373-12 12-12h40c6.627 0 12 5.373 12 12v40c0 6.627-5.373 12-12 12h-40c-6.627 0-12-5.373-12-12zm140 12h40c6.627 0 12-5.373 12-12v-40c0-6.627-5.373-12-12-12h-40c-6.627 0-12 5.373-12 12v40c0 6.627 5.373 12 12 12zm-76 84v-40c0-6.627-5.373-12-12-12h-40c-6.627 0-12 5.373-12 12v40c0 6.627 5.373 12 12 12h40c6.627 0 12-5.373 12-12zm76 12h40c6.627 0 12-5.373 12-12v-40c0-6.627-5.373-12-12-12h-40c-6.627 0-12 5.373-12 12v40c0 6.627 5.373 12 12 12zm180 124v36H0v-36c0-6.627 5.373-12 12-12h19.5V85.035C31.5 73.418 42.245 64 55.5 64H144V24c0-13.255 10.745-24 24-24h112c13.255 0 24 10.745 24 24v40h88.5c13.255 0 24 9.418 24 21.035V464H436c6.627 0 12 5.373 12 12zM79.5 463H192v-67c0-6.627 5.373-12 12-12h40c6.627 0 12 5.373 12 12v67h112.5V112H304v24c0 13.255-10.745 24-24 24H168c-13.255 0-24-10.745-24-24v-24H79.5v351zM266 64h-26V38a6 6 0 0 0-6-6h-20a6 6 0 0 0-6 6v26h-26a6 6 0 0 0-6 6v20a6 6 0 0 0 6 6h26v26a6 6 0 0 0 6 6h20a6 6 0 0 0 6-6V96h26a6 6 0 0 0 6-6V70a6 6 0 0 0-6-6z\"><\/path><\/svg>\t\t\t\t\t\t<\/span>\n\t\t\t\t\t\t\t\t\t\t<span class=\"elementor-icon-list-text\">Dur\u00e9e du s\u00e9jour \u00e0 l&#039;h\u00f4pital\u00a0:\u00a0non obligatoire<\/span>\n\t\t\t\t\t\t\t\t\t<\/li>\n\t\t\t\t\t\t\t\t<li class=\"elementor-icon-list-item\">\n\t\t\t\t\t\t\t\t\t\t\t<span class=\"elementor-icon-list-icon\">\n\t\t\t\t\t\t\t<svg aria-hidden=\"true\" class=\"e-font-icon-svg e-far-clock\" viewbox=\"0 0 512 512\" xmlns=\"http:\/\/www.w3.org\/2000\/svg\"><path d=\"M256 8C119 8 8 119 8 256s111 248 248 248 248-111 248-248S393 8 256 8zm0 448c-110.5 0-200-89.5-200-200S145.5 56 256 56s200 89.5 200 200-89.5 200-200 200zm61.8-104.4l-84.9-61.7c-3.1-2.3-4.9-5.9-4.9-9.7V116c0-6.6 5.4-12 12-12h32c6.6 0 12 5.4 12 12v141.7l66.8 48.6c5.4 3.9 6.5 11.4 2.6 16.8L334.6 349c-3.9 5.3-11.4 6.5-16.8 2.6z\"><\/path><\/svg>\t\t\t\t\t\t<\/span>\n\t\t\t\t\t\t\t\t\t\t<span class=\"elementor-icon-list-text\">Dur\u00e9e de fonctionnement\u00a0: 6 \u00e0 8 heures<\/span>\n\t\t\t\t\t\t\t\t\t<\/li>\n\t\t\t\t\t\t\t\t<li class=\"elementor-icon-list-item\">\n\t\t\t\t\t\t\t\t\t\t\t<span class=\"elementor-icon-list-icon\">\n\t\t\t\t\t\t\t<svg aria-hidden=\"true\" class=\"e-font-icon-svg e-fas-syringe\" viewbox=\"0 0 512 512\" xmlns=\"http:\/\/www.w3.org\/2000\/svg\"><path d=\"M201.5 174.8l55.7 55.8c3.1 3.1 3.1 8.2 0 11.3l-11.3 11.3c-3.1 3.1-8.2 3.1-11.3 0l-55.7-55.8-45.3 45.3 55.8 55.8c3.1 3.1 3.1 8.2 0 11.3l-11.3 11.3c-3.1 3.1-8.2 3.1-11.3 0L111 265.2l-26.4 26.4c-17.3 17.3-25.6 41.1-23 65.4l7.1 63.6L2.3 487c-3.1 3.1-3.1 8.2 0 11.3l11.3 11.3c3.1 3.1 8.2 3.1 11.3 0l66.3-66.3 63.6 7.1c23.9 2.6 47.9-5.4 65.4-23l181.9-181.9-135.7-135.7-64.9 65zm308.2-93.3L430.5 2.3c-3.1-3.1-8.2-3.1-11.3 0l-11.3 11.3c-3.1 3.1-3.1 8.2 0 11.3l28.3 28.3-45.3 45.3-56.6-56.6-17-17c-3.1-3.1-8.2-3.1-11.3 0l-33.9 33.9c-3.1 3.1-3.1 8.2 0 11.3l17 17L424.8 223l17 17c3.1 3.1 8.2 3.1 11.3 0l33.9-34c3.1-3.1 3.1-8.2 0-11.3l-73.5-73.5 45.3-45.3 28.3 28.3c3.1 3.1 8.2 3.1 11.3 0l11.3-11.3c3.1-3.2 3.1-8.2 0-11.4z\"><\/path><\/svg>\t\t\t\t\t\t<\/span>\n\t\t\t\t\t\t\t\t\t\t<span class=\"elementor-icon-list-text\">Anesth\u00e9sie\u00a0: Locale<\/span>\n\t\t\t\t\t\t\t\t\t<\/li>\n\t\t\t\t\t\t\t\t<li class=\"elementor-icon-list-item\">\n\t\t\t\t\t\t\t\t\t\t\t<span class=\"elementor-icon-list-icon\">\n\t\t\t\t\t\t\t<svg aria-hidden=\"true\" class=\"e-font-icon-svg e-far-heart\" viewbox=\"0 0 512 512\" xmlns=\"http:\/\/www.w3.org\/2000\/svg\"><path d=\"M458.4 64.3C400.6 15.7 311.3 23 256 79.3 200.7 23 111.4 15.6 53.6 64.3-21.6 127.6-10.6 230.8 43 285.5l175.4 178.7c10 10.2 23.4 15.9 37.6 15.9 14.3 0 27.6-5.6 37.6-15.8L469 285.6c53.5-54.7 64.7-157.9-10.6-221.3zm-23.6 187.5L259.4 430.5c-2.4 2.4-4.4 2.4-6.8 0L77.2 251.8c-36.5-37.2-43.9-107.6 7.3-150.7 38.9-32.7 98.9-27.8 136.5 10.5l35 35.7 35-35.7c37.8-38.5 97.8-43.2 136.5-10.6 51.1 43.1 43.5 113.9 7.3 150.8z\"><\/path><\/svg>\t\t\t\t\t\t<\/span>\n\t\t\t\t\t\t\t\t\t\t<span class=\"elementor-icon-list-text\">Temps de r\u00e9cup\u00e9ration\u00a0: 6 \u00e0 12\u00a0mois<\/span>\n\t\t\t\t\t\t\t\t\t<\/li>\n\t\t\t\t\t\t<\/ul>\n\t\t\t\t\t\t<\/div>\n\t\t\t\t<\/div>\n\t\t\t\t<div class=\"elementor-element elementor-element-dc56b13 elementor-align-justify elementor-widget elementor-widget-button\" data-id=\"dc56b13\" data-element_type=\"widget\" data-widget_type=\"button.default\">\n\t\t\t\t<div class=\"elementor-widget-container\">\n\t\t\t\t\t\t\t\t\t<div class=\"elementor-button-wrapper\">\n\t\t\t\t\t<a class=\"elementor-button elementor-button-link elementor-size-sm elementor-animation-buzz\" href=\"https:\/\/seldacenter.com\/fr\/\">\n\t\t\t\t\t\t<span class=\"elementor-button-content-wrapper\">\n\t\t\t\t\t\t\t\t\t<span class=\"elementor-button-text\">Prenez rendez-vous maintenant<\/span>\n\t\t\t\t\t<\/span>\n\t\t\t\t\t<\/a>\n\t\t\t\t<\/div>\n\t\t\t\t\t\t\t\t<\/div>\n\t\t\t\t<\/div>\n\t\t\t\t\t<\/div>\n\t\t<\/div>\n\t\t\t\t\t<\/div>\n\t\t<\/section>\n\t\t\t\t<section class=\"elementor-section elementor-top-section elementor-element elementor-element-559ad978 elementor-section-boxed elementor-section-height-default elementor-section-height-default\" data-id=\"559ad978\" data-element_type=\"section\">\n\t\t\t\t\t\t<div class=\"elementor-container elementor-column-gap-default\">\n\t\t\t\t\t<div class=\"elementor-column elementor-col-100 elementor-top-column elementor-element elementor-element-3bb340b9\" data-id=\"3bb340b9\" data-element_type=\"column\">\n\t\t\t<div class=\"elementor-widget-wrap elementor-element-populated\">\n\t\t\t\t\t\t<div class=\"elementor-element elementor-element-50d3c1df elementor-widget elementor-widget-text-editor\" data-id=\"50d3c1df\" data-element_type=\"widget\" data-widget_type=\"text-editor.default\">\n\t\t\t\t<div class=\"elementor-widget-container\">\n\t\t\t\t\t\t\t\t\tLes cheveux sont un \u00e9l\u00e9ment important qui d\u00e9termine l\u2019apparence esth\u00e9tique des femmes et des hommes. Cependant, les conditions malsaines provoqu\u00e9es par la vie moderne, le stress, les facteurs g\u00e9n\u00e9tiques et divers probl\u00e8mes de sant\u00e9 peuvent provoquer la chute des cheveux. La perte de cheveux peut r\u00e9duire la qualit\u00e9 de vie des personnes en affectant leur motivation et leur confiance en soi. \u00c0 ce stade, le traitement au laser capillaire offre une solution efficace pour ceux qui souhaitent renforcer leurs cheveux et stopper leur chute.\n\n<strong>Qu\u2019est-ce que le laser capillaire ?<\/strong>\n\nLe laser capillaire est une m\u00e9thode de traitement qui permet aux cheveux de devenir plus forts et plus sains en augmentant la circulation sanguine dans la zone capillaire \u00e0 l&#039;aide d&#039;appareils laser issus de la technologie moderne. Cette m\u00e9thode offre une solution efficace contre la chute des cheveux en d\u00e9clenchant une nouvelle pousse de cheveux dans les zones d\u00e9garnies. Le traitement au laser capillaire stimule les follicules pileux en appliquant une lumi\u00e8re laser de faible intensit\u00e9 ou des lumi\u00e8res LED sur le cuir chevelu. Cette stimulation augmente l&#039;activit\u00e9 cellulaire, acc\u00e9l\u00e8re la circulation sanguine et r\u00e9duit la chute des cheveux en revitalisant les follicules pileux. De plus, il \u00e9paissit les m\u00e8ches de cheveux fines et aide les cheveux \u00e0 retrouver une apparence saine.\n\n<strong>Comment le traitement au laser capillaire est-il appliqu\u00e9 ?<\/strong>\n\nLe traitement au laser capillaire comprend les \u00e9tapes suivantes :\n<ol>\n \t<li><strong>Consultation et analyse capillaire :<\/strong> La structure capillaire et le degr\u00e9 de chute de la personne sont \u00e9valu\u00e9s par un dermatologue sp\u00e9cialis\u00e9.<\/li>\n \t<li><strong>Planification du traitement\u00a0:<\/strong> Un plan de traitement personnalis\u00e9 est d\u00e9termin\u00e9 sur la base de l&#039;analyse des cheveux. Le nombre et la fr\u00e9quence des s\u00e9ances sont d\u00e9termin\u00e9s.<\/li>\n \t<li><strong>Pr\u00e9paration:<\/strong> La zone capillaire est nettoy\u00e9e et un s\u00e9rum qui acc\u00e9l\u00e8re la nutrition des cheveux est appliqu\u00e9 en ouvrant de minuscules canaux avec un dermapen.<\/li>\n \t<li><strong>Applications laser\u00a0:<\/strong> La circulation sanguine est augment\u00e9e en appliquant des faisceaux laser sur les capillaires dysfonctionnels sous le cuir chevelu.<\/li>\n \t<li><strong>Ach\u00e8vement et entretien\u00a0:<\/strong> Apr\u00e8s l&#039;application, du dermapen et du s\u00e9rum sont utilis\u00e9s pour augmenter l&#039;efficacit\u00e9 de l&#039;application laser.<\/li>\n \t<li><strong>Dur\u00e9e et fr\u00e9quence des s\u00e9ances\u00a0:<\/strong> Dans un premier temps, il est appliqu\u00e9 en s\u00e9ances de 20 minutes deux fois par semaine. Des r\u00e9sultats visibles peuvent \u00eatre obtenus apr\u00e8s 10 s\u00e9ances au total.<\/li>\n<\/ol>\n<strong>Traitement au laser capillaire et avantages\u00a0:<\/strong>\n<ul>\n \t<li><strong>Indolore et s\u00fbr\u00a0:<\/strong> Le traitement au laser capillaire est une proc\u00e9dure indolore et entra\u00eene g\u00e9n\u00e9ralement des effets secondaires minimes.<\/li>\n \t<li><strong>Cheveux \u00e9pais et brillants :<\/strong> Le traitement favorise la formation de cheveux \u00e9pais et brillants en renfor\u00e7ant les follicules pileux.<\/li>\n \t<li><strong>Utilisation combin\u00e9e avec la greffe de cheveux\u00a0:<\/strong> Le traitement au laser capillaire peut aider \u00e0 obtenir des r\u00e9sultats plus efficaces en l\u2019utilisant avant et apr\u00e8s la greffe de cheveux.<\/li>\n<\/ul>\n<strong>Traitement au laser capillaire et femmes\u00a0:<\/strong>\n\nLa perte de cheveux chez les femmes est g\u00e9n\u00e9ralement due \u00e0 des sources g\u00e9n\u00e9tiques, hormonales et nutritionnelles. Le traitement au laser capillaire offre une solution efficace contre la chute des cheveux chez la femme. Le traitement est utilis\u00e9 pour stopper la chute des cheveux, renforcer et revitaliser les cheveux. Il peut \u00eatre associ\u00e9 \u00e0 d\u2019autres traitements utilis\u00e9s contre la chute des cheveux et convient pour restaurer la sant\u00e9 des cheveux chez la femme. En conclusion, le traitement au laser capillaire est une m\u00e9thode innovante issue de la technologie moderne et peut aider \u00e0 lutter contre la chute des cheveux de mani\u00e8re saine, s\u00fbre et efficace. Apr\u00e8s l&#039;application, une am\u00e9lioration visible et un renforcement des cheveux de la personne peuvent \u00eatre obtenus. Il ne faut pas oublier qu&#039;il est important de consulter un dermatologue sp\u00e9cialiste avant tout traitement.\t\t\t\t\t\t\t\t<\/div>\n\t\t\t\t<\/div>\n\t\t\t\t\t<\/div>\n\t\t<\/div>\n\t\t\t\t\t<\/div>\n\t\t<\/section>\n\t\t\t\t<\/div>","protected":false},"excerpt":{"rendered":"<p>Sa\u00e7 Lazeri Hastanede Kal\u0131\u015f S\u00fcresi: Gerekli De\u011fil Operasyon S\u00fcresi: 6-8 Saat Anestezi: Lokal \u0130yile\u015fme S\u00fcresi: 6-12 Ay Hemen Randevu Al\u0131n Sa\u00e7lar, hem kad\u0131nlar\u0131n hem de erkeklerin estetik g\u00f6r\u00fcn\u00fcmlerini belirleyen \u00f6nemli bir unsurdur. Ancak modern ya\u015fam\u0131n getirdi\u011fi sa\u011fl\u0131ks\u0131z ko\u015fullar, stres, genetik fakt\u00f6rler ve \u00e7e\u015fitli sa\u011fl\u0131k sorunlar\u0131, sa\u00e7 d\u00f6k\u00fclmesine neden olabilmektedir. Sa\u00e7 kayb\u0131, insanlar\u0131n motivasyon ve \u00f6zg\u00fcvenini [&hellip;]<\/p>\n","protected":false},"author":2,"featured_media":0,"parent":0,"menu_order":0,"comment_status":"closed","ping_status":"closed","template":"","meta":{"postBodyMargin":[],"postBodyPadding":[],"postBodyBackground":{"backgroundType":"classic","gradient":""},"footnotes":""},"class_list":["post-13687","page","type-page","status-publish","hentry"],"_links":{"self":[{"href":"https:\/\/seldacenter.com\/fr\/wp-json\/wp\/v2\/pages\/13687","targetHints":{"allow":["GET"]}}],"collection":[{"href":"https:\/\/seldacenter.com\/fr\/wp-json\/wp\/v2\/pages"}],"about":[{"href":"https:\/\/seldacenter.com\/fr\/wp-json\/wp\/v2\/types\/page"}],"author":[{"embeddable":true,"href":"https:\/\/seldacenter.com\/fr\/wp-json\/wp\/v2\/users\/2"}],"replies":[{"embeddable":true,"href":"https:\/\/seldacenter.com\/fr\/wp-json\/wp\/v2\/comments?post=13687"}],"version-history":[{"count":4,"href":"https:\/\/seldacenter.com\/fr\/wp-json\/wp\/v2\/pages\/13687\/revisions"}],"predecessor-version":[{"id":13847,"href":"https:\/\/seldacenter.com\/fr\/wp-json\/wp\/v2\/pages\/13687\/revisions\/13847"}],"wp:attachment":[{"href":"https:\/\/seldacenter.com\/fr\/wp-json\/wp\/v2\/media?parent=13687"}],"curies":[{"name":"wp","href":"https:\/\/api.w.org\/{rel}","templated":true}]}}