{"id":13685,"date":"2024-02-21T23:21:40","date_gmt":"2024-02-21T23:21:40","guid":{"rendered":"https:\/\/seldacenter.com\/?page_id=13685"},"modified":"2024-03-02T01:29:00","modified_gmt":"2024-03-02T01:29:00","slug":"rinoplasti-2","status":"publish","type":"page","link":"https:\/\/seldacenter.com\/fr\/rinoplasti-2\/","title":{"rendered":"rhinoplastie"},"content":{"rendered":"<div data-elementor-type=\"wp-page\" data-elementor-id=\"13685\" class=\"elementor elementor-13685\" data-elementor-post-type=\"page\">\n\t\t\t\t\t\t<section class=\"elementor-section elementor-top-section elementor-element elementor-element-cd7d854 elementor-section-boxed elementor-section-height-default elementor-section-height-default\" data-id=\"cd7d854\" data-element_type=\"section\">\n\t\t\t\t\t\t<div class=\"elementor-container elementor-column-gap-default\">\n\t\t\t\t\t<div class=\"elementor-column elementor-col-50 elementor-top-column elementor-element elementor-element-d9da8ec\" data-id=\"d9da8ec\" data-element_type=\"column\" data-settings=\"{&quot;background_background&quot;:&quot;classic&quot;}\">\n\t\t\t<div class=\"elementor-widget-wrap elementor-element-populated\">\n\t\t\t\t\t\t<div class=\"elementor-element elementor-element-400b60a elementor-widget elementor-widget-image\" data-id=\"400b60a\" data-element_type=\"widget\" data-widget_type=\"image.default\">\n\t\t\t\t<div class=\"elementor-widget-container\">\n\t\t\t\t\t\t\t\t\t\t\t\t\t\t\t<img fetchpriority=\"high\" decoding=\"async\" width=\"996\" height=\"664\" src=\"https:\/\/seldacenter.com\/wp-content\/uploads\/2024\/03\/side-view-doctor-checking-patient-before-rhinoplasty_23-2149352174.jpg\" class=\"attachment-full size-full wp-image-14172\" alt=\"\" srcset=\"https:\/\/seldacenter.com\/wp-content\/uploads\/2024\/03\/side-view-doctor-checking-patient-before-rhinoplasty_23-2149352174.jpg 996w, https:\/\/seldacenter.com\/wp-content\/uploads\/2024\/03\/side-view-doctor-checking-patient-before-rhinoplasty_23-2149352174-600x400.jpg 600w, https:\/\/seldacenter.com\/wp-content\/uploads\/2024\/03\/side-view-doctor-checking-patient-before-rhinoplasty_23-2149352174-300x200.jpg 300w, https:\/\/seldacenter.com\/wp-content\/uploads\/2024\/03\/side-view-doctor-checking-patient-before-rhinoplasty_23-2149352174-768x512.jpg 768w\" sizes=\"(max-width: 996px) 100vw, 996px\" \/>\t\t\t\t\t\t\t\t\t\t\t\t\t\t\t<\/div>\n\t\t\t\t<\/div>\n\t\t\t\t\t<\/div>\n\t\t<\/div>\n\t\t\t\t<div class=\"elementor-column elementor-col-50 elementor-top-column elementor-element elementor-element-6d27f7e\" data-id=\"6d27f7e\" data-element_type=\"column\">\n\t\t\t<div class=\"elementor-widget-wrap elementor-element-populated\">\n\t\t\t\t\t\t<div class=\"elementor-element elementor-element-1dd6386 elementor-widget-divider--view-line_text elementor-widget-divider--element-align-left elementor-widget elementor-widget-divider\" data-id=\"1dd6386\" data-element_type=\"widget\" data-widget_type=\"divider.default\">\n\t\t\t\t<div class=\"elementor-widget-container\">\n\t\t\t\t\t\t\t<div class=\"elementor-divider\">\n\t\t\t<span class=\"elementor-divider-separator\">\n\t\t\t\t\t\t\t<h3 class=\"elementor-divider__text elementor-divider__element\">\n\t\t\t\trhinoplastie\t\t\t\t<\/h3>\n\t\t\t\t\t\t<\/span>\n\t\t<\/div>\n\t\t\t\t\t\t<\/div>\n\t\t\t\t<\/div>\n\t\t\t\t<div class=\"elementor-element elementor-element-931061c elementor-align-left elementor-icon-list--layout-traditional elementor-list-item-link-full_width elementor-widget elementor-widget-icon-list\" data-id=\"931061c\" data-element_type=\"widget\" data-widget_type=\"icon-list.default\">\n\t\t\t\t<div class=\"elementor-widget-container\">\n\t\t\t\t\t\t\t<ul class=\"elementor-icon-list-items\">\n\t\t\t\t\t\t\t<li class=\"elementor-icon-list-item\">\n\t\t\t\t\t\t\t\t\t\t\t<span class=\"elementor-icon-list-icon\">\n\t\t\t\t\t\t\t<svg aria-hidden=\"true\" class=\"e-font-icon-svg e-far-hospital\" viewbox=\"0 0 448 512\" xmlns=\"http:\/\/www.w3.org\/2000\/svg\"><path d=\"M128 244v-40c0-6.627 5.373-12 12-12h40c6.627 0 12 5.373 12 12v40c0 6.627-5.373 12-12 12h-40c-6.627 0-12-5.373-12-12zm140 12h40c6.627 0 12-5.373 12-12v-40c0-6.627-5.373-12-12-12h-40c-6.627 0-12 5.373-12 12v40c0 6.627 5.373 12 12 12zm-76 84v-40c0-6.627-5.373-12-12-12h-40c-6.627 0-12 5.373-12 12v40c0 6.627 5.373 12 12 12h40c6.627 0 12-5.373 12-12zm76 12h40c6.627 0 12-5.373 12-12v-40c0-6.627-5.373-12-12-12h-40c-6.627 0-12 5.373-12 12v40c0 6.627 5.373 12 12 12zm180 124v36H0v-36c0-6.627 5.373-12 12-12h19.5V85.035C31.5 73.418 42.245 64 55.5 64H144V24c0-13.255 10.745-24 24-24h112c13.255 0 24 10.745 24 24v40h88.5c13.255 0 24 9.418 24 21.035V464H436c6.627 0 12 5.373 12 12zM79.5 463H192v-67c0-6.627 5.373-12 12-12h40c6.627 0 12 5.373 12 12v67h112.5V112H304v24c0 13.255-10.745 24-24 24H168c-13.255 0-24-10.745-24-24v-24H79.5v351zM266 64h-26V38a6 6 0 0 0-6-6h-20a6 6 0 0 0-6 6v26h-26a6 6 0 0 0-6 6v20a6 6 0 0 0 6 6h26v26a6 6 0 0 0 6 6h20a6 6 0 0 0 6-6V96h26a6 6 0 0 0 6-6V70a6 6 0 0 0-6-6z\"><\/path><\/svg>\t\t\t\t\t\t<\/span>\n\t\t\t\t\t\t\t\t\t\t<span class=\"elementor-icon-list-text\">S\u00e9jour \u00e0 l&#039;h\u00f4pital : 1 jour<\/span>\n\t\t\t\t\t\t\t\t\t<\/li>\n\t\t\t\t\t\t\t\t<li class=\"elementor-icon-list-item\">\n\t\t\t\t\t\t\t\t\t\t\t<span class=\"elementor-icon-list-icon\">\n\t\t\t\t\t\t\t<svg aria-hidden=\"true\" class=\"e-font-icon-svg e-far-clock\" viewbox=\"0 0 512 512\" xmlns=\"http:\/\/www.w3.org\/2000\/svg\"><path d=\"M256 8C119 8 8 119 8 256s111 248 248 248 248-111 248-248S393 8 256 8zm0 448c-110.5 0-200-89.5-200-200S145.5 56 256 56s200 89.5 200 200-89.5 200-200 200zm61.8-104.4l-84.9-61.7c-3.1-2.3-4.9-5.9-4.9-9.7V116c0-6.6 5.4-12 12-12h32c6.6 0 12 5.4 12 12v141.7l66.8 48.6c5.4 3.9 6.5 11.4 2.6 16.8L334.6 349c-3.9 5.3-11.4 6.5-16.8 2.6z\"><\/path><\/svg>\t\t\t\t\t\t<\/span>\n\t\t\t\t\t\t\t\t\t\t<span class=\"elementor-icon-list-text\">Dur\u00e9e de fonctionnement\u00a0: 6 \u00e0 8 heures<\/span>\n\t\t\t\t\t\t\t\t\t<\/li>\n\t\t\t\t\t\t\t\t<li class=\"elementor-icon-list-item\">\n\t\t\t\t\t\t\t\t\t\t\t<span class=\"elementor-icon-list-icon\">\n\t\t\t\t\t\t\t<svg aria-hidden=\"true\" class=\"e-font-icon-svg e-fas-syringe\" viewbox=\"0 0 512 512\" xmlns=\"http:\/\/www.w3.org\/2000\/svg\"><path d=\"M201.5 174.8l55.7 55.8c3.1 3.1 3.1 8.2 0 11.3l-11.3 11.3c-3.1 3.1-8.2 3.1-11.3 0l-55.7-55.8-45.3 45.3 55.8 55.8c3.1 3.1 3.1 8.2 0 11.3l-11.3 11.3c-3.1 3.1-8.2 3.1-11.3 0L111 265.2l-26.4 26.4c-17.3 17.3-25.6 41.1-23 65.4l7.1 63.6L2.3 487c-3.1 3.1-3.1 8.2 0 11.3l11.3 11.3c3.1 3.1 8.2 3.1 11.3 0l66.3-66.3 63.6 7.1c23.9 2.6 47.9-5.4 65.4-23l181.9-181.9-135.7-135.7-64.9 65zm308.2-93.3L430.5 2.3c-3.1-3.1-8.2-3.1-11.3 0l-11.3 11.3c-3.1 3.1-3.1 8.2 0 11.3l28.3 28.3-45.3 45.3-56.6-56.6-17-17c-3.1-3.1-8.2-3.1-11.3 0l-33.9 33.9c-3.1 3.1-3.1 8.2 0 11.3l17 17L424.8 223l17 17c3.1 3.1 8.2 3.1 11.3 0l33.9-34c3.1-3.1 3.1-8.2 0-11.3l-73.5-73.5 45.3-45.3 28.3 28.3c3.1 3.1 8.2 3.1 11.3 0l11.3-11.3c3.1-3.2 3.1-8.2 0-11.4z\"><\/path><\/svg>\t\t\t\t\t\t<\/span>\n\t\t\t\t\t\t\t\t\t\t<span class=\"elementor-icon-list-text\">Anesth\u00e9sie\u00a0: g\u00e9n\u00e9rale<\/span>\n\t\t\t\t\t\t\t\t\t<\/li>\n\t\t\t\t\t\t\t\t<li class=\"elementor-icon-list-item\">\n\t\t\t\t\t\t\t\t\t\t\t<span class=\"elementor-icon-list-icon\">\n\t\t\t\t\t\t\t<svg aria-hidden=\"true\" class=\"e-font-icon-svg e-far-heart\" viewbox=\"0 0 512 512\" xmlns=\"http:\/\/www.w3.org\/2000\/svg\"><path d=\"M458.4 64.3C400.6 15.7 311.3 23 256 79.3 200.7 23 111.4 15.6 53.6 64.3-21.6 127.6-10.6 230.8 43 285.5l175.4 178.7c10 10.2 23.4 15.9 37.6 15.9 14.3 0 27.6-5.6 37.6-15.8L469 285.6c53.5-54.7 64.7-157.9-10.6-221.3zm-23.6 187.5L259.4 430.5c-2.4 2.4-4.4 2.4-6.8 0L77.2 251.8c-36.5-37.2-43.9-107.6 7.3-150.7 38.9-32.7 98.9-27.8 136.5 10.5l35 35.7 35-35.7c37.8-38.5 97.8-43.2 136.5-10.6 51.1 43.1 43.5 113.9 7.3 150.8z\"><\/path><\/svg>\t\t\t\t\t\t<\/span>\n\t\t\t\t\t\t\t\t\t\t<span class=\"elementor-icon-list-text\">Temps de r\u00e9cup\u00e9ration\u00a0: 6 \u00e0 12\u00a0mois<\/span>\n\t\t\t\t\t\t\t\t\t<\/li>\n\t\t\t\t\t\t<\/ul>\n\t\t\t\t\t\t<\/div>\n\t\t\t\t<\/div>\n\t\t\t\t<div class=\"elementor-element elementor-element-13ec053 elementor-align-justify elementor-widget elementor-widget-button\" data-id=\"13ec053\" data-element_type=\"widget\" data-widget_type=\"button.default\">\n\t\t\t\t<div class=\"elementor-widget-container\">\n\t\t\t\t\t\t\t\t\t<div class=\"elementor-button-wrapper\">\n\t\t\t\t\t<a class=\"elementor-button elementor-button-link elementor-size-sm elementor-animation-buzz\" href=\"https:\/\/seldacenter.com\/fr\/\">\n\t\t\t\t\t\t<span class=\"elementor-button-content-wrapper\">\n\t\t\t\t\t\t\t\t\t<span class=\"elementor-button-text\">Prenez rendez-vous maintenant<\/span>\n\t\t\t\t\t<\/span>\n\t\t\t\t\t<\/a>\n\t\t\t\t<\/div>\n\t\t\t\t\t\t\t\t<\/div>\n\t\t\t\t<\/div>\n\t\t\t\t\t<\/div>\n\t\t<\/div>\n\t\t\t\t\t<\/div>\n\t\t<\/section>\n\t\t\t\t<section class=\"elementor-section elementor-top-section elementor-element elementor-element-6d321162 elementor-section-boxed elementor-section-height-default elementor-section-height-default\" data-id=\"6d321162\" data-element_type=\"section\">\n\t\t\t\t\t\t<div class=\"elementor-container elementor-column-gap-default\">\n\t\t\t\t\t<div class=\"elementor-column elementor-col-100 elementor-top-column elementor-element elementor-element-37bec56d\" data-id=\"37bec56d\" data-element_type=\"column\">\n\t\t\t<div class=\"elementor-widget-wrap elementor-element-populated\">\n\t\t\t\t\t\t<div class=\"elementor-element elementor-element-f4bf81 elementor-widget elementor-widget-text-editor\" data-id=\"f4bf81\" data-element_type=\"widget\" data-widget_type=\"text-editor.default\">\n\t\t\t\t<div class=\"elementor-widget-container\">\n\t\t\t\t\t\t\t\t\tLa rhinoplastie est une intervention chirurgicale, \u00e9galement connue sous le nom de \u00ab rhinoplastie \u00bb, qui vise \u00e0 modifier la forme et l&#039;apparence du nez. Cette op\u00e9ration, r\u00e9alis\u00e9e \u00e0 la fois pour des raisons esth\u00e9tiques et pour corriger des probl\u00e8mes respiratoires, est g\u00e9n\u00e9ralement r\u00e9alis\u00e9e chirurgicalement et implique des modifications de la forme, de la taille et du rapport du nez au visage. L\u2019op\u00e9ration de rhinoplastie est r\u00e9alis\u00e9e avec deux techniques principales : la rhinoplastie ferm\u00e9e et ouverte. En rhinoplastie ferm\u00e9e, le chirurgien acc\u00e8de par le nez et toutes les incisions sont pratiqu\u00e9es \u00e0 l&#039;int\u00e9rieur du nez, ne laissant aucune cicatrice visible de l&#039;ext\u00e9rieur. Lors d&#039;une rhinoplastie ouverte, le chirurgien pratique une petite incision sous la peau du nez pour exposer le cartilage et les tissus situ\u00e9s entre les narines. Les deux techniques sont privil\u00e9gi\u00e9es dans certaines situations et varient en fonction des pr\u00e9f\u00e9rences du chirurgien et des besoins du patient. L\u2019op\u00e9ration de rhinoplastie est g\u00e9n\u00e9ralement r\u00e9alis\u00e9e dans les situations suivantes :\n<ol>\n \t<li>Probl\u00e8mes esth\u00e9tiques\u00a0: une rhinoplastie peut \u00eatre r\u00e9alis\u00e9e en raison de changements ind\u00e9sirables dans la forme ou la taille du nez. Il s&#039;agit notamment de conditions telles qu&#039;un bout de nez tombant, des arcs ou une courbure \u00e0 l&#039;arri\u00e8re du nez, un bout de nez large ou \u00e9troit.<\/li>\n \t<li>Probl\u00e8mes respiratoires\u00a0: certaines personnes peuvent \u00e9prouver des probl\u00e8mes respiratoires dus \u00e0 une courbure de la cloison nasale, \u00e0 une prolif\u00e9ration des cartilages nasaux ou \u00e0 d&#039;autres probl\u00e8mes anatomiques. La rhinoplastie peut aider \u00e0 corriger ces probl\u00e8mes.<\/li>\n<\/ol>\nApr\u00e8s une chirurgie de rhinoplastie, les patients ressentent souvent un gonflement, des ecchymoses et un l\u00e9ger inconfort. Bien que le processus de r\u00e9tablissement varie d\u2019une personne \u00e0 l\u2019autre, les activit\u00e9s sociales peuvent g\u00e9n\u00e9ralement reprendre en quelques semaines et les r\u00e9sultats deviennent plus \u00e9vidents avec le temps. Cependant, la chirurgie de rhinoplastie comporte toujours des risques et des r\u00e9sultats ind\u00e9sirables peuvent survenir. Il est donc important pour toute personne envisageant une rhinoplastie de rencontrer un chirurgien plasticien en d\u00e9tail et de discuter de ses attentes et de ses risques. En conclusion, la rhinoplastie est une intervention chirurgicale qui permet de modifier la forme et l\u2019apparence du nez pour des raisons \u00e0 la fois esth\u00e9tiques et fonctionnelles. Si cela est fait correctement, cela peut augmenter la satisfaction des patients \u00e0 l&#039;\u00e9gard de leur nez et corriger les probl\u00e8mes respiratoires.\t\t\t\t\t\t\t\t<\/div>\n\t\t\t\t<\/div>\n\t\t\t\t\t<\/div>\n\t\t<\/div>\n\t\t\t\t\t<\/div>\n\t\t<\/section>\n\t\t\t\t<\/div>","protected":false},"excerpt":{"rendered":"<p>Rinoplasti Hastanede Kal\u0131\u015f S\u00fcresi: 1 G\u00fcn Operasyon S\u00fcresi: 6-8 Saat Anestezi: Genel \u0130yile\u015fme S\u00fcresi: 6-12 Ay Hemen Randevu Al\u0131n Rinoplasti, genellikle &#8220;burun esteti\u011fi&#8221; olarak da bilinen bir cerrahi i\u015flemdir ve burun \u015feklini ve g\u00f6r\u00fcn\u00fcm\u00fcn\u00fc de\u011fi\u015ftirmeyi ama\u00e7lar. Hem estetik kayg\u0131lar hem de solunum problemlerini d\u00fczeltmek i\u00e7in yap\u0131lan bu operasyon, genellikle cerrahi olarak ger\u00e7ekle\u015ftirilir ve burunun \u015fekli, [&hellip;]<\/p>\n","protected":false},"author":2,"featured_media":0,"parent":0,"menu_order":0,"comment_status":"closed","ping_status":"closed","template":"","meta":{"postBodyMargin":[],"postBodyPadding":[],"postBodyBackground":{"backgroundType":"classic","gradient":""},"footnotes":""},"class_list":["post-13685","page","type-page","status-publish","hentry"],"_links":{"self":[{"href":"https:\/\/seldacenter.com\/fr\/wp-json\/wp\/v2\/pages\/13685","targetHints":{"allow":["GET"]}}],"collection":[{"href":"https:\/\/seldacenter.com\/fr\/wp-json\/wp\/v2\/pages"}],"about":[{"href":"https:\/\/seldacenter.com\/fr\/wp-json\/wp\/v2\/types\/page"}],"author":[{"embeddable":true,"href":"https:\/\/seldacenter.com\/fr\/wp-json\/wp\/v2\/users\/2"}],"replies":[{"embeddable":true,"href":"https:\/\/seldacenter.com\/fr\/wp-json\/wp\/v2\/comments?post=13685"}],"version-history":[{"count":10,"href":"https:\/\/seldacenter.com\/fr\/wp-json\/wp\/v2\/pages\/13685\/revisions"}],"predecessor-version":[{"id":14175,"href":"https:\/\/seldacenter.com\/fr\/wp-json\/wp\/v2\/pages\/13685\/revisions\/14175"}],"wp:attachment":[{"href":"https:\/\/seldacenter.com\/fr\/wp-json\/wp\/v2\/media?parent=13685"}],"curies":[{"name":"wp","href":"https:\/\/api.w.org\/{rel}","templated":true}]}}