{"id":13681,"date":"2024-02-21T23:18:48","date_gmt":"2024-02-21T23:18:48","guid":{"rendered":"https:\/\/seldacenter.com\/?page_id=13681"},"modified":"2024-03-02T01:34:04","modified_gmt":"2024-03-02T01:34:04","slug":"otoplasti","status":"publish","type":"page","link":"https:\/\/seldacenter.com\/fr\/otoplasti\/","title":{"rendered":"Otoplastie"},"content":{"rendered":"<div data-elementor-type=\"wp-page\" data-elementor-id=\"13681\" class=\"elementor elementor-13681\" data-elementor-post-type=\"page\">\n\t\t\t\t\t\t<section class=\"elementor-section elementor-top-section elementor-element elementor-element-41538fd elementor-section-boxed elementor-section-height-default elementor-section-height-default\" data-id=\"41538fd\" data-element_type=\"section\">\n\t\t\t\t\t\t<div class=\"elementor-container elementor-column-gap-default\">\n\t\t\t\t\t<div class=\"elementor-column elementor-col-50 elementor-top-column elementor-element elementor-element-8e2d9eb\" data-id=\"8e2d9eb\" data-element_type=\"column\" data-settings=\"{&quot;background_background&quot;:&quot;classic&quot;}\">\n\t\t\t<div class=\"elementor-widget-wrap elementor-element-populated\">\n\t\t\t\t\t\t<div class=\"elementor-element elementor-element-24d559d elementor-widget elementor-widget-image\" data-id=\"24d559d\" data-element_type=\"widget\" data-widget_type=\"image.default\">\n\t\t\t\t<div class=\"elementor-widget-container\">\n\t\t\t\t\t\t\t\t\t\t\t\t\t\t\t<img fetchpriority=\"high\" decoding=\"async\" width=\"996\" height=\"664\" src=\"https:\/\/seldacenter.com\/wp-content\/uploads\/2024\/03\/cute-girl-pulling-her-ear-tired-listening-lies-excuses_176420-25707.jpg\" class=\"attachment-full size-full wp-image-14176\" alt=\"\" srcset=\"https:\/\/seldacenter.com\/wp-content\/uploads\/2024\/03\/cute-girl-pulling-her-ear-tired-listening-lies-excuses_176420-25707.jpg 996w, https:\/\/seldacenter.com\/wp-content\/uploads\/2024\/03\/cute-girl-pulling-her-ear-tired-listening-lies-excuses_176420-25707-600x400.jpg 600w, https:\/\/seldacenter.com\/wp-content\/uploads\/2024\/03\/cute-girl-pulling-her-ear-tired-listening-lies-excuses_176420-25707-300x200.jpg 300w, https:\/\/seldacenter.com\/wp-content\/uploads\/2024\/03\/cute-girl-pulling-her-ear-tired-listening-lies-excuses_176420-25707-768x512.jpg 768w\" sizes=\"(max-width: 996px) 100vw, 996px\" \/>\t\t\t\t\t\t\t\t\t\t\t\t\t\t\t<\/div>\n\t\t\t\t<\/div>\n\t\t\t\t\t<\/div>\n\t\t<\/div>\n\t\t\t\t<div class=\"elementor-column elementor-col-50 elementor-top-column elementor-element elementor-element-5c6289e\" data-id=\"5c6289e\" data-element_type=\"column\">\n\t\t\t<div class=\"elementor-widget-wrap elementor-element-populated\">\n\t\t\t\t\t\t<div class=\"elementor-element elementor-element-6378143 elementor-widget-divider--view-line_text elementor-widget-divider--element-align-left elementor-widget elementor-widget-divider\" data-id=\"6378143\" data-element_type=\"widget\" data-widget_type=\"divider.default\">\n\t\t\t\t<div class=\"elementor-widget-container\">\n\t\t\t\t\t\t\t<div class=\"elementor-divider\">\n\t\t\t<span class=\"elementor-divider-separator\">\n\t\t\t\t\t\t\t<h3 class=\"elementor-divider__text elementor-divider__element\">\n\t\t\t\tOtoplastie\t\t\t\t<\/h3>\n\t\t\t\t\t\t<\/span>\n\t\t<\/div>\n\t\t\t\t\t\t<\/div>\n\t\t\t\t<\/div>\n\t\t\t\t<div class=\"elementor-element elementor-element-60eb70b elementor-align-left elementor-icon-list--layout-traditional elementor-list-item-link-full_width elementor-widget elementor-widget-icon-list\" data-id=\"60eb70b\" data-element_type=\"widget\" data-widget_type=\"icon-list.default\">\n\t\t\t\t<div class=\"elementor-widget-container\">\n\t\t\t\t\t\t\t<ul class=\"elementor-icon-list-items\">\n\t\t\t\t\t\t\t<li class=\"elementor-icon-list-item\">\n\t\t\t\t\t\t\t\t\t\t\t<span class=\"elementor-icon-list-icon\">\n\t\t\t\t\t\t\t<svg aria-hidden=\"true\" class=\"e-font-icon-svg e-far-hospital\" viewbox=\"0 0 448 512\" xmlns=\"http:\/\/www.w3.org\/2000\/svg\"><path d=\"M128 244v-40c0-6.627 5.373-12 12-12h40c6.627 0 12 5.373 12 12v40c0 6.627-5.373 12-12 12h-40c-6.627 0-12-5.373-12-12zm140 12h40c6.627 0 12-5.373 12-12v-40c0-6.627-5.373-12-12-12h-40c-6.627 0-12 5.373-12 12v40c0 6.627 5.373 12 12 12zm-76 84v-40c0-6.627-5.373-12-12-12h-40c-6.627 0-12 5.373-12 12v40c0 6.627 5.373 12 12 12h40c6.627 0 12-5.373 12-12zm76 12h40c6.627 0 12-5.373 12-12v-40c0-6.627-5.373-12-12-12h-40c-6.627 0-12 5.373-12 12v40c0 6.627 5.373 12 12 12zm180 124v36H0v-36c0-6.627 5.373-12 12-12h19.5V85.035C31.5 73.418 42.245 64 55.5 64H144V24c0-13.255 10.745-24 24-24h112c13.255 0 24 10.745 24 24v40h88.5c13.255 0 24 9.418 24 21.035V464H436c6.627 0 12 5.373 12 12zM79.5 463H192v-67c0-6.627 5.373-12 12-12h40c6.627 0 12 5.373 12 12v67h112.5V112H304v24c0 13.255-10.745 24-24 24H168c-13.255 0-24-10.745-24-24v-24H79.5v351zM266 64h-26V38a6 6 0 0 0-6-6h-20a6 6 0 0 0-6 6v26h-26a6 6 0 0 0-6 6v20a6 6 0 0 0 6 6h26v26a6 6 0 0 0 6 6h20a6 6 0 0 0 6-6V96h26a6 6 0 0 0 6-6V70a6 6 0 0 0-6-6z\"><\/path><\/svg>\t\t\t\t\t\t<\/span>\n\t\t\t\t\t\t\t\t\t\t<span class=\"elementor-icon-list-text\">Dur\u00e9e du s\u00e9jour \u00e0 l&#039;h\u00f4pital\u00a0:\u00a0non obligatoire<\/span>\n\t\t\t\t\t\t\t\t\t<\/li>\n\t\t\t\t\t\t\t\t<li class=\"elementor-icon-list-item\">\n\t\t\t\t\t\t\t\t\t\t\t<span class=\"elementor-icon-list-icon\">\n\t\t\t\t\t\t\t<svg aria-hidden=\"true\" class=\"e-font-icon-svg e-far-clock\" viewbox=\"0 0 512 512\" xmlns=\"http:\/\/www.w3.org\/2000\/svg\"><path d=\"M256 8C119 8 8 119 8 256s111 248 248 248 248-111 248-248S393 8 256 8zm0 448c-110.5 0-200-89.5-200-200S145.5 56 256 56s200 89.5 200 200-89.5 200-200 200zm61.8-104.4l-84.9-61.7c-3.1-2.3-4.9-5.9-4.9-9.7V116c0-6.6 5.4-12 12-12h32c6.6 0 12 5.4 12 12v141.7l66.8 48.6c5.4 3.9 6.5 11.4 2.6 16.8L334.6 349c-3.9 5.3-11.4 6.5-16.8 2.6z\"><\/path><\/svg>\t\t\t\t\t\t<\/span>\n\t\t\t\t\t\t\t\t\t\t<span class=\"elementor-icon-list-text\">Dur\u00e9e de fonctionnement\u00a0: 6 \u00e0 8 heures<\/span>\n\t\t\t\t\t\t\t\t\t<\/li>\n\t\t\t\t\t\t\t\t<li class=\"elementor-icon-list-item\">\n\t\t\t\t\t\t\t\t\t\t\t<span class=\"elementor-icon-list-icon\">\n\t\t\t\t\t\t\t<svg aria-hidden=\"true\" class=\"e-font-icon-svg e-fas-syringe\" viewbox=\"0 0 512 512\" xmlns=\"http:\/\/www.w3.org\/2000\/svg\"><path d=\"M201.5 174.8l55.7 55.8c3.1 3.1 3.1 8.2 0 11.3l-11.3 11.3c-3.1 3.1-8.2 3.1-11.3 0l-55.7-55.8-45.3 45.3 55.8 55.8c3.1 3.1 3.1 8.2 0 11.3l-11.3 11.3c-3.1 3.1-8.2 3.1-11.3 0L111 265.2l-26.4 26.4c-17.3 17.3-25.6 41.1-23 65.4l7.1 63.6L2.3 487c-3.1 3.1-3.1 8.2 0 11.3l11.3 11.3c3.1 3.1 8.2 3.1 11.3 0l66.3-66.3 63.6 7.1c23.9 2.6 47.9-5.4 65.4-23l181.9-181.9-135.7-135.7-64.9 65zm308.2-93.3L430.5 2.3c-3.1-3.1-8.2-3.1-11.3 0l-11.3 11.3c-3.1 3.1-3.1 8.2 0 11.3l28.3 28.3-45.3 45.3-56.6-56.6-17-17c-3.1-3.1-8.2-3.1-11.3 0l-33.9 33.9c-3.1 3.1-3.1 8.2 0 11.3l17 17L424.8 223l17 17c3.1 3.1 8.2 3.1 11.3 0l33.9-34c3.1-3.1 3.1-8.2 0-11.3l-73.5-73.5 45.3-45.3 28.3 28.3c3.1 3.1 8.2 3.1 11.3 0l11.3-11.3c3.1-3.2 3.1-8.2 0-11.4z\"><\/path><\/svg>\t\t\t\t\t\t<\/span>\n\t\t\t\t\t\t\t\t\t\t<span class=\"elementor-icon-list-text\">Anesth\u00e9sie\u00a0: Locale<\/span>\n\t\t\t\t\t\t\t\t\t<\/li>\n\t\t\t\t\t\t\t\t<li class=\"elementor-icon-list-item\">\n\t\t\t\t\t\t\t\t\t\t\t<span class=\"elementor-icon-list-icon\">\n\t\t\t\t\t\t\t<svg aria-hidden=\"true\" class=\"e-font-icon-svg e-far-heart\" viewbox=\"0 0 512 512\" xmlns=\"http:\/\/www.w3.org\/2000\/svg\"><path d=\"M458.4 64.3C400.6 15.7 311.3 23 256 79.3 200.7 23 111.4 15.6 53.6 64.3-21.6 127.6-10.6 230.8 43 285.5l175.4 178.7c10 10.2 23.4 15.9 37.6 15.9 14.3 0 27.6-5.6 37.6-15.8L469 285.6c53.5-54.7 64.7-157.9-10.6-221.3zm-23.6 187.5L259.4 430.5c-2.4 2.4-4.4 2.4-6.8 0L77.2 251.8c-36.5-37.2-43.9-107.6 7.3-150.7 38.9-32.7 98.9-27.8 136.5 10.5l35 35.7 35-35.7c37.8-38.5 97.8-43.2 136.5-10.6 51.1 43.1 43.5 113.9 7.3 150.8z\"><\/path><\/svg>\t\t\t\t\t\t<\/span>\n\t\t\t\t\t\t\t\t\t\t<span class=\"elementor-icon-list-text\">Temps de r\u00e9cup\u00e9ration\u00a0: 6 \u00e0 12\u00a0mois<\/span>\n\t\t\t\t\t\t\t\t\t<\/li>\n\t\t\t\t\t\t<\/ul>\n\t\t\t\t\t\t<\/div>\n\t\t\t\t<\/div>\n\t\t\t\t<div class=\"elementor-element elementor-element-c2f9d78 elementor-align-justify elementor-widget elementor-widget-button\" data-id=\"c2f9d78\" data-element_type=\"widget\" data-widget_type=\"button.default\">\n\t\t\t\t<div class=\"elementor-widget-container\">\n\t\t\t\t\t\t\t\t\t<div class=\"elementor-button-wrapper\">\n\t\t\t\t\t<a class=\"elementor-button elementor-button-link elementor-size-sm elementor-animation-buzz\" href=\"https:\/\/seldacenter.com\/fr\/\">\n\t\t\t\t\t\t<span class=\"elementor-button-content-wrapper\">\n\t\t\t\t\t\t\t\t\t<span class=\"elementor-button-text\">Prenez rendez-vous maintenant<\/span>\n\t\t\t\t\t<\/span>\n\t\t\t\t\t<\/a>\n\t\t\t\t<\/div>\n\t\t\t\t\t\t\t\t<\/div>\n\t\t\t\t<\/div>\n\t\t\t\t\t<\/div>\n\t\t<\/div>\n\t\t\t\t\t<\/div>\n\t\t<\/section>\n\t\t\t\t<section class=\"elementor-section elementor-top-section elementor-element elementor-element-412b5cb4 elementor-section-boxed elementor-section-height-default elementor-section-height-default\" data-id=\"412b5cb4\" data-element_type=\"section\">\n\t\t\t\t\t\t<div class=\"elementor-container elementor-column-gap-default\">\n\t\t\t\t\t<div class=\"elementor-column elementor-col-100 elementor-top-column elementor-element elementor-element-1f05119b\" data-id=\"1f05119b\" data-element_type=\"column\">\n\t\t\t<div class=\"elementor-widget-wrap elementor-element-populated\">\n\t\t\t\t\t\t<div class=\"elementor-element elementor-element-7d0c3747 elementor-widget elementor-widget-text-editor\" data-id=\"7d0c3747\" data-element_type=\"widget\" data-widget_type=\"text-editor.default\">\n\t\t\t\t<div class=\"elementor-widget-container\">\n\t\t\t\t\t\t\t\t\tL\u2019otoplastie est une intervention chirurgicale litt\u00e9ralement appel\u00e9e \u00ab esth\u00e9tique de l\u2019oreille \u00bb. Cette op\u00e9ration esth\u00e9tique est le processus de r\u00e9arrangement de la forme de l&#039;oreillette, c&#039;est-\u00e0-dire de l&#039;oreillette, pour lui donner un aspect plus naturel et esth\u00e9tique. Il existe de nombreuses techniques et m\u00e9thodes chirurgicales diff\u00e9rentes pour l\u2019otoplastie, et ces techniques peuvent \u00eatre appliqu\u00e9es avec succ\u00e8s par quelques chirurgiens. L\u2019otoplastie offre souvent une solution aux personnes insatisfaites de la forme de leurs oreilles. Les conditions pathologiques telles que les oreilles pro\u00e9minentes ou d&#039;apparence grande, l&#039;absence ou la faiblesse de l&#039;antih\u00e9lix et l&#039;hypertrophie des cornets creux peuvent \u00eatre corrig\u00e9es \u00e0 l&#039;aide de diverses techniques d&#039;otoplastie, ce qui donne des r\u00e9sultats naturels et satisfaisants pour le patient. Cette op\u00e9ration esth\u00e9tique est r\u00e9alis\u00e9e au moment le plus appropri\u00e9, notamment chez les enfants d&#039;\u00e2ge pr\u00e9scolaire, g\u00e9n\u00e9ralement vers l&#039;\u00e2ge de 5 ans. Parce que les oreilles d\u00e9coll\u00e9es faisant l\u2019objet de moqueries \u00e0 l\u2019\u00e2ge scolaire peuvent avoir un impact n\u00e9gatif sur la psychologie de l\u2019enfant. L\u2019otoplastie est g\u00e9n\u00e9ralement r\u00e9alis\u00e9e sous anesth\u00e9sie g\u00e9n\u00e9rale et peut durer en moyenne 1 \u00e0 2 heures. Gr\u00e2ce \u00e0 une incision pratiqu\u00e9e derri\u00e8re l&#039;oreille, la forme souhait\u00e9e de l&#039;oreille est d\u00e9termin\u00e9e et l&#039;intervention chirurgicale est r\u00e9alis\u00e9e \u00e0 l&#039;aide de techniques de suture. Au cours de l&#039;intervention chirurgicale, une excision du cartilage est r\u00e9alis\u00e9e si n\u00e9cessaire et l&#039;on tente d&#039;obtenir une oreille esth\u00e9tique et naturelle. Apr\u00e8s l&#039;op\u00e9ration, l&#039;incision derri\u00e8re l&#039;oreille est referm\u00e9e avec des sutures, ce qui donne lieu \u00e0 une cicatrice discr\u00e8te et g\u00e9n\u00e9ralement peu g\u00eanante. Le risque d\u2019infection est minimis\u00e9 lorsqu\u2019une hygi\u00e8ne et une st\u00e9rilisation appropri\u00e9es sont assur\u00e9es pendant et apr\u00e8s l\u2019op\u00e9ration. La qualit\u00e9 et l&#039;ad\u00e9quation des points utilis\u00e9s \u00e9vitent les probl\u00e8mes tels que l&#039;ouverture des oreilles, le r\u00e9-\u00e9copage ou la d\u00e9formation. Des pansements postop\u00e9ratoires, un contr\u00f4le appropri\u00e9 des saignements et un suivi postop\u00e9ratoire pr\u00e9viennent la formation d&#039;h\u00e9matomes. Le pansement et les contr\u00f4les postop\u00e9ratoires durent g\u00e9n\u00e9ralement 10 jours. Apr\u00e8s le retrait des points de suture, le dixi\u00e8me jour, le patient peut reprendre sa vie sociale quotidienne. L\u2019utilisation d\u2019un bandeau \u00e9lastique uniquement la nuit peut \u00eatre recommand\u00e9e pour obtenir de meilleurs r\u00e9sultats. L&#039;otoplastie est une proc\u00e9dure de chirurgie plastique efficace qui aide les patients \u00e0 se sentir mieux et \u00e0 retrouver une apparence jeune et naturelle. Un examen d\u00e9taill\u00e9 et une planification chirurgicale avant la chirurgie sont importants pour r\u00e9pondre aux attentes des patients. Haut du formulaire\t\t\t\t\t\t\t\t<\/div>\n\t\t\t\t<\/div>\n\t\t\t\t\t<\/div>\n\t\t<\/div>\n\t\t\t\t\t<\/div>\n\t\t<\/section>\n\t\t\t\t<\/div>","protected":false},"excerpt":{"rendered":"<p>Otoplasti Hastanede Kal\u0131\u015f S\u00fcresi: Gerekli De\u011fil Operasyon S\u00fcresi: 6-8 Saat Anestezi: Lokal \u0130yile\u015fme S\u00fcresi: 6-12 Ay Hemen Randevu Al\u0131n Otoplasti, kelime anlam\u0131yla &#8220;kulak esteti\u011fi&#8221; olarak ifade edilen bir cerrahi i\u015flemdir. Bu estetik operasyon, kulak kep\u00e7esinin, yani aurikulan\u0131n \u015feklinin yeniden d\u00fczenlenerek daha do\u011fal ve estetik bir g\u00f6r\u00fcn\u00fcm kazand\u0131r\u0131lmas\u0131 i\u015flemidir. Otoplasti i\u00e7in bir\u00e7ok farkl\u0131 ameliyat tekni\u011fi ve [&hellip;]<\/p>\n","protected":false},"author":2,"featured_media":0,"parent":0,"menu_order":0,"comment_status":"closed","ping_status":"closed","template":"","meta":{"postBodyMargin":[],"postBodyPadding":[],"postBodyBackground":{"backgroundType":"classic","gradient":""},"footnotes":""},"class_list":["post-13681","page","type-page","status-publish","hentry"],"_links":{"self":[{"href":"https:\/\/seldacenter.com\/fr\/wp-json\/wp\/v2\/pages\/13681","targetHints":{"allow":["GET"]}}],"collection":[{"href":"https:\/\/seldacenter.com\/fr\/wp-json\/wp\/v2\/pages"}],"about":[{"href":"https:\/\/seldacenter.com\/fr\/wp-json\/wp\/v2\/types\/page"}],"author":[{"embeddable":true,"href":"https:\/\/seldacenter.com\/fr\/wp-json\/wp\/v2\/users\/2"}],"replies":[{"embeddable":true,"href":"https:\/\/seldacenter.com\/fr\/wp-json\/wp\/v2\/comments?post=13681"}],"version-history":[{"count":7,"href":"https:\/\/seldacenter.com\/fr\/wp-json\/wp\/v2\/pages\/13681\/revisions"}],"predecessor-version":[{"id":14179,"href":"https:\/\/seldacenter.com\/fr\/wp-json\/wp\/v2\/pages\/13681\/revisions\/14179"}],"wp:attachment":[{"href":"https:\/\/seldacenter.com\/fr\/wp-json\/wp\/v2\/media?parent=13681"}],"curies":[{"name":"wp","href":"https:\/\/api.w.org\/{rel}","templated":true}]}}