{"id":13671,"date":"2024-02-21T23:16:09","date_gmt":"2024-02-21T23:16:09","guid":{"rendered":"https:\/\/seldacenter.com\/?page_id=13671"},"modified":"2024-02-25T06:23:57","modified_gmt":"2024-02-25T06:23:57","slug":"mide-balonu-2","status":"publish","type":"page","link":"https:\/\/seldacenter.com\/fr\/mide-balonu-2\/","title":{"rendered":"Ballon gastrique"},"content":{"rendered":"<div data-elementor-type=\"wp-page\" data-elementor-id=\"13671\" class=\"elementor elementor-13671\" data-elementor-post-type=\"page\">\n\t\t\t\t\t\t<section class=\"elementor-section elementor-top-section elementor-element elementor-element-ea12260 elementor-section-boxed elementor-section-height-default elementor-section-height-default\" data-id=\"ea12260\" data-element_type=\"section\">\n\t\t\t\t\t\t<div class=\"elementor-container elementor-column-gap-default\">\n\t\t\t\t\t<div class=\"elementor-column elementor-col-50 elementor-top-column elementor-element elementor-element-05e5b31\" data-id=\"05e5b31\" data-element_type=\"column\" data-settings=\"{&quot;background_background&quot;:&quot;classic&quot;}\">\n\t\t\t<div class=\"elementor-widget-wrap elementor-element-populated\">\n\t\t\t\t\t\t\t<\/div>\n\t\t<\/div>\n\t\t\t\t<div class=\"elementor-column elementor-col-50 elementor-top-column elementor-element elementor-element-a531ee9\" data-id=\"a531ee9\" data-element_type=\"column\">\n\t\t\t<div class=\"elementor-widget-wrap elementor-element-populated\">\n\t\t\t\t\t\t<div class=\"elementor-element elementor-element-f8fbcf6 elementor-widget-divider--view-line_text elementor-widget-divider--element-align-left elementor-widget elementor-widget-divider\" data-id=\"f8fbcf6\" data-element_type=\"widget\" data-widget_type=\"divider.default\">\n\t\t\t\t<div class=\"elementor-widget-container\">\n\t\t\t\t\t\t\t<div class=\"elementor-divider\">\n\t\t\t<span class=\"elementor-divider-separator\">\n\t\t\t\t\t\t\t<h3 class=\"elementor-divider__text elementor-divider__element\">\n\t\t\t\tBallon gastrique\t\t\t\t<\/h3>\n\t\t\t\t\t\t<\/span>\n\t\t<\/div>\n\t\t\t\t\t\t<\/div>\n\t\t\t\t<\/div>\n\t\t\t\t<div class=\"elementor-element elementor-element-1bbe128 elementor-align-left elementor-icon-list--layout-traditional elementor-list-item-link-full_width elementor-widget elementor-widget-icon-list\" data-id=\"1bbe128\" data-element_type=\"widget\" data-widget_type=\"icon-list.default\">\n\t\t\t\t<div class=\"elementor-widget-container\">\n\t\t\t\t\t\t\t<ul class=\"elementor-icon-list-items\">\n\t\t\t\t\t\t\t<li class=\"elementor-icon-list-item\">\n\t\t\t\t\t\t\t\t\t\t\t<span class=\"elementor-icon-list-icon\">\n\t\t\t\t\t\t\t<svg aria-hidden=\"true\" class=\"e-font-icon-svg e-far-hospital\" viewbox=\"0 0 448 512\" xmlns=\"http:\/\/www.w3.org\/2000\/svg\"><path d=\"M128 244v-40c0-6.627 5.373-12 12-12h40c6.627 0 12 5.373 12 12v40c0 6.627-5.373 12-12 12h-40c-6.627 0-12-5.373-12-12zm140 12h40c6.627 0 12-5.373 12-12v-40c0-6.627-5.373-12-12-12h-40c-6.627 0-12 5.373-12 12v40c0 6.627 5.373 12 12 12zm-76 84v-40c0-6.627-5.373-12-12-12h-40c-6.627 0-12 5.373-12 12v40c0 6.627 5.373 12 12 12h40c6.627 0 12-5.373 12-12zm76 12h40c6.627 0 12-5.373 12-12v-40c0-6.627-5.373-12-12-12h-40c-6.627 0-12 5.373-12 12v40c0 6.627 5.373 12 12 12zm180 124v36H0v-36c0-6.627 5.373-12 12-12h19.5V85.035C31.5 73.418 42.245 64 55.5 64H144V24c0-13.255 10.745-24 24-24h112c13.255 0 24 10.745 24 24v40h88.5c13.255 0 24 9.418 24 21.035V464H436c6.627 0 12 5.373 12 12zM79.5 463H192v-67c0-6.627 5.373-12 12-12h40c6.627 0 12 5.373 12 12v67h112.5V112H304v24c0 13.255-10.745 24-24 24H168c-13.255 0-24-10.745-24-24v-24H79.5v351zM266 64h-26V38a6 6 0 0 0-6-6h-20a6 6 0 0 0-6 6v26h-26a6 6 0 0 0-6 6v20a6 6 0 0 0 6 6h26v26a6 6 0 0 0 6 6h20a6 6 0 0 0 6-6V96h26a6 6 0 0 0 6-6V70a6 6 0 0 0-6-6z\"><\/path><\/svg>\t\t\t\t\t\t<\/span>\n\t\t\t\t\t\t\t\t\t\t<span class=\"elementor-icon-list-text\">Dur\u00e9e du s\u00e9jour \u00e0 l&#039;h\u00f4pital\u00a0:\u00a0non obligatoire<\/span>\n\t\t\t\t\t\t\t\t\t<\/li>\n\t\t\t\t\t\t\t\t<li class=\"elementor-icon-list-item\">\n\t\t\t\t\t\t\t\t\t\t\t<span class=\"elementor-icon-list-icon\">\n\t\t\t\t\t\t\t<svg aria-hidden=\"true\" class=\"e-font-icon-svg e-far-clock\" viewbox=\"0 0 512 512\" xmlns=\"http:\/\/www.w3.org\/2000\/svg\"><path d=\"M256 8C119 8 8 119 8 256s111 248 248 248 248-111 248-248S393 8 256 8zm0 448c-110.5 0-200-89.5-200-200S145.5 56 256 56s200 89.5 200 200-89.5 200-200 200zm61.8-104.4l-84.9-61.7c-3.1-2.3-4.9-5.9-4.9-9.7V116c0-6.6 5.4-12 12-12h32c6.6 0 12 5.4 12 12v141.7l66.8 48.6c5.4 3.9 6.5 11.4 2.6 16.8L334.6 349c-3.9 5.3-11.4 6.5-16.8 2.6z\"><\/path><\/svg>\t\t\t\t\t\t<\/span>\n\t\t\t\t\t\t\t\t\t\t<span class=\"elementor-icon-list-text\">Dur\u00e9e de fonctionnement\u00a0: 6 \u00e0 8 heures<\/span>\n\t\t\t\t\t\t\t\t\t<\/li>\n\t\t\t\t\t\t\t\t<li class=\"elementor-icon-list-item\">\n\t\t\t\t\t\t\t\t\t\t\t<span class=\"elementor-icon-list-icon\">\n\t\t\t\t\t\t\t<svg aria-hidden=\"true\" class=\"e-font-icon-svg e-fas-syringe\" viewbox=\"0 0 512 512\" xmlns=\"http:\/\/www.w3.org\/2000\/svg\"><path d=\"M201.5 174.8l55.7 55.8c3.1 3.1 3.1 8.2 0 11.3l-11.3 11.3c-3.1 3.1-8.2 3.1-11.3 0l-55.7-55.8-45.3 45.3 55.8 55.8c3.1 3.1 3.1 8.2 0 11.3l-11.3 11.3c-3.1 3.1-8.2 3.1-11.3 0L111 265.2l-26.4 26.4c-17.3 17.3-25.6 41.1-23 65.4l7.1 63.6L2.3 487c-3.1 3.1-3.1 8.2 0 11.3l11.3 11.3c3.1 3.1 8.2 3.1 11.3 0l66.3-66.3 63.6 7.1c23.9 2.6 47.9-5.4 65.4-23l181.9-181.9-135.7-135.7-64.9 65zm308.2-93.3L430.5 2.3c-3.1-3.1-8.2-3.1-11.3 0l-11.3 11.3c-3.1 3.1-3.1 8.2 0 11.3l28.3 28.3-45.3 45.3-56.6-56.6-17-17c-3.1-3.1-8.2-3.1-11.3 0l-33.9 33.9c-3.1 3.1-3.1 8.2 0 11.3l17 17L424.8 223l17 17c3.1 3.1 8.2 3.1 11.3 0l33.9-34c3.1-3.1 3.1-8.2 0-11.3l-73.5-73.5 45.3-45.3 28.3 28.3c3.1 3.1 8.2 3.1 11.3 0l11.3-11.3c3.1-3.2 3.1-8.2 0-11.4z\"><\/path><\/svg>\t\t\t\t\t\t<\/span>\n\t\t\t\t\t\t\t\t\t\t<span class=\"elementor-icon-list-text\">Anesth\u00e9sie\u00a0: Locale<\/span>\n\t\t\t\t\t\t\t\t\t<\/li>\n\t\t\t\t\t\t\t\t<li class=\"elementor-icon-list-item\">\n\t\t\t\t\t\t\t\t\t\t\t<span class=\"elementor-icon-list-icon\">\n\t\t\t\t\t\t\t<svg aria-hidden=\"true\" class=\"e-font-icon-svg e-far-heart\" viewbox=\"0 0 512 512\" xmlns=\"http:\/\/www.w3.org\/2000\/svg\"><path d=\"M458.4 64.3C400.6 15.7 311.3 23 256 79.3 200.7 23 111.4 15.6 53.6 64.3-21.6 127.6-10.6 230.8 43 285.5l175.4 178.7c10 10.2 23.4 15.9 37.6 15.9 14.3 0 27.6-5.6 37.6-15.8L469 285.6c53.5-54.7 64.7-157.9-10.6-221.3zm-23.6 187.5L259.4 430.5c-2.4 2.4-4.4 2.4-6.8 0L77.2 251.8c-36.5-37.2-43.9-107.6 7.3-150.7 38.9-32.7 98.9-27.8 136.5 10.5l35 35.7 35-35.7c37.8-38.5 97.8-43.2 136.5-10.6 51.1 43.1 43.5 113.9 7.3 150.8z\"><\/path><\/svg>\t\t\t\t\t\t<\/span>\n\t\t\t\t\t\t\t\t\t\t<span class=\"elementor-icon-list-text\">Temps de r\u00e9cup\u00e9ration\u00a0: 6 \u00e0 12\u00a0mois<\/span>\n\t\t\t\t\t\t\t\t\t<\/li>\n\t\t\t\t\t\t<\/ul>\n\t\t\t\t\t\t<\/div>\n\t\t\t\t<\/div>\n\t\t\t\t<div class=\"elementor-element elementor-element-f650fc2 elementor-align-justify elementor-widget elementor-widget-button\" data-id=\"f650fc2\" data-element_type=\"widget\" data-widget_type=\"button.default\">\n\t\t\t\t<div class=\"elementor-widget-container\">\n\t\t\t\t\t\t\t\t\t<div class=\"elementor-button-wrapper\">\n\t\t\t\t\t<a class=\"elementor-button elementor-button-link elementor-size-sm elementor-animation-buzz\" href=\"https:\/\/seldacenter.com\/fr\/\">\n\t\t\t\t\t\t<span class=\"elementor-button-content-wrapper\">\n\t\t\t\t\t\t\t\t\t<span class=\"elementor-button-text\">Prenez rendez-vous maintenant<\/span>\n\t\t\t\t\t<\/span>\n\t\t\t\t\t<\/a>\n\t\t\t\t<\/div>\n\t\t\t\t\t\t\t\t<\/div>\n\t\t\t\t<\/div>\n\t\t\t\t\t<\/div>\n\t\t<\/div>\n\t\t\t\t\t<\/div>\n\t\t<\/section>\n\t\t\t\t<section class=\"elementor-section elementor-top-section elementor-element elementor-element-1f155491 elementor-section-boxed elementor-section-height-default elementor-section-height-default\" data-id=\"1f155491\" data-element_type=\"section\">\n\t\t\t\t\t\t<div class=\"elementor-container elementor-column-gap-default\">\n\t\t\t\t\t<div class=\"elementor-column elementor-col-100 elementor-top-column elementor-element elementor-element-69a5267f\" data-id=\"69a5267f\" data-element_type=\"column\">\n\t\t\t<div class=\"elementor-widget-wrap elementor-element-populated\">\n\t\t\t\t\t\t<div class=\"elementor-element elementor-element-5e128659 elementor-widget elementor-widget-text-editor\" data-id=\"5e128659\" data-element_type=\"widget\" data-widget_type=\"text-editor.default\">\n\t\t\t\t<div class=\"elementor-widget-container\">\n\t\t\t\t\t\t\t\t\tAujourd&#039;hui, le contr\u00f4le du poids est un enjeu majeur qui affecte la qualit\u00e9 de vie de nombreuses personnes. Dans ce contexte, le ballon gastrique est une solution non chirurgicale de plus en plus populaire pour la perte de poids et la gestion de l&#039;ob\u00e9sit\u00e9. Dans cet article, nous aborderons ce qu&#039;est un ballon gastrique, son insertion, son utilisation, ses avantages et les points \u00e0 consid\u00e9rer.\n\n<strong>Qu&#039;est-ce qu&#039;un ballon gastrique ?<\/strong>\n\nUn ballon gastrique est un ballon plac\u00e9 dans l&#039;estomac par endoscopie, sans chirurgie ni points de suture. Il occupe l&#039;espace gastrique et favorise la sati\u00e9t\u00e9 pr\u00e9coce et l&#039;observance du r\u00e9gime. Cette m\u00e9thode est une option th\u00e9rapeutique efficace pour favoriser la perte de poids et aider les personnes souffrant d&#039;ob\u00e9sit\u00e9.\n\n<strong>Comment un ballon gastrique est-il ins\u00e9r\u00e9 ?<\/strong>\n\nLe ballon gastrique est g\u00e9n\u00e9ralement ins\u00e9r\u00e9 de deux mani\u00e8res\u00a0: par voie endoscopique et sous forme de capsule \u00e0 avaler. Les ballons gastriques \u00e0 insertion endoscopique sont ins\u00e9r\u00e9s dans l&#039;estomac du patient au sein de l&#039;unit\u00e9 d&#039;endoscopie. Cette proc\u00e9dure dure g\u00e9n\u00e9ralement 15\u00a0minutes et les patients sont maintenus sous s\u00e9dation pendant l&#039;intervention afin qu&#039;ils ne ressentent ni douleur ni inconfort. Une autre m\u00e9thode consiste \u00e0 utiliser des ballons gastriques \u00e0 avaler. Ces ballons sont aval\u00e9s avec de l&#039;eau et gonfl\u00e9s avec un liquide sp\u00e9cial apr\u00e8s avoir d\u00e9termin\u00e9 leur emplacement par radiographie.\n\n<strong>\u00c0 qui s&#039;adresse-t-il ?<\/strong>\n\nLe ballon gastrique convient aux personnes n&#039;ayant pas obtenu de r\u00e9sultats avec un r\u00e9gime et de l&#039;exercice pour perdre du poids, \u00e2g\u00e9es de 18 \u00e0 55 ans et ayant un indice de masse corporelle sup\u00e9rieur \u00e0 27. Cependant, cette m\u00e9thode est d\u00e9conseill\u00e9e aux personnes souffrant d&#039;ulc\u00e8res d&#039;estomac graves, de maladies o\u00f9 une partie ou la totalit\u00e9 de l&#039;estomac a \u00e9t\u00e9 retir\u00e9e et de hernies gastriques importantes.\n\n<strong>Avantages et points \u00e0 consid\u00e9rer<\/strong>\n\nAvantages :\n<ol>\n \t<li><strong>Une option non chirurgicale\u00a0:<\/strong> Le ballon gastrique est une m\u00e9thode de contr\u00f4le du poids non chirurgicale qui ne n\u00e9cessite aucune intervention chirurgicale.<\/li>\n \t<li><strong>R\u00e9sultats rapides\u00a0:<\/strong> Apr\u00e8s l\u2019application du ballon gastrique, la perte de poids peut commencer rapidement et augmenter la motivation.<\/li>\n \t<li><strong>Un processus r\u00e9versible :<\/strong> Le ballon gastrique peut \u00eatre retir\u00e9 \u00e0 tout moment, ce qui signifie que la proc\u00e9dure est r\u00e9versible.<\/li>\n<\/ol>\nPoints \u00e0 consid\u00e9rer :\n<ol>\n \t<li><strong>Supervision d&#039;experts :<\/strong> L&#039;application du ballon gastrique doit \u00eatre effectu\u00e9e par un professionnel de la sant\u00e9 qualifi\u00e9 et l&#039;\u00e9tat de sant\u00e9 g\u00e9n\u00e9ral du patient doit \u00eatre pris en consid\u00e9ration.<\/li>\n \t<li><strong>Une solution temporaire :<\/strong> L&#039;effet du ballon gastrique est temporaire et doit \u00eatre retir\u00e9 apr\u00e8s un certain temps.<\/li>\n \t<li><strong>Effets secondaires et risques :<\/strong> Certains effets secondaires, tels que naus\u00e9es et vomissements, peuvent survenir apr\u00e8s l&#039;application. Cependant, ces risques sont g\u00e9n\u00e9ralement faibles.<\/li>\n<\/ol>\n<strong>Ballon gastrique et contr\u00f4le du poids<\/strong>\n\nLe ballon gastrique cr\u00e9e une sensation de sati\u00e9t\u00e9 en augmentant le volume de l&#039;estomac. Ainsi, la personne mange moins et le processus de perte de poids s&#039;amorce. Cependant, le ballon gastrique n&#039;est pas une solution miracle \u00e0 lui seul. Pour maintenir la perte de poids, il est important d&#039;adopter une alimentation \u00e9quilibr\u00e9e et de pratiquer une activit\u00e9 physique r\u00e9guli\u00e8re.\n\n<strong>En conclusion<\/strong>\n\nLe ballon gastrique s&#039;av\u00e8re une option efficace et s\u00fbre pour contr\u00f4ler son poids. Cependant, l&#039;\u00e9tat de sant\u00e9 de chaque patient \u00e9tant diff\u00e9rent, il est important de consulter un m\u00e9decin sp\u00e9cialiste avant la pose d&#039;un ballon gastrique. Les personnes souhaitant perdre du poids gr\u00e2ce \u00e0 un ballon gastrique peuvent contacter des m\u00e9decins sp\u00e9cialistes afin d&#039;\u00e9tablir une \u00e9valuation et un plan de traitement d\u00e9taill\u00e9s.\t\t\t\t\t\t\t\t<\/div>\n\t\t\t\t<\/div>\n\t\t\t\t\t<\/div>\n\t\t<\/div>\n\t\t\t\t\t<\/div>\n\t\t<\/section>\n\t\t\t\t<\/div>","protected":false},"excerpt":{"rendered":"<p>Mide Balonu Hastanede Kal\u0131\u015f S\u00fcresi: Gerekli De\u011fil Operasyon S\u00fcresi: 6-8 Saat Anestezi: Lokal \u0130yile\u015fme S\u00fcresi: 6-12 Ay Hemen Randevu Al\u0131n G\u00fcn\u00fcm\u00fczde kilo kontrol\u00fc, pek \u00e7ok bireyin ya\u015fam kalitesini etkileyen \u00f6nemli bir konudur. Bu ba\u011flamda, mide balonu, kilo kayb\u0131 ve obezite y\u00f6netimi konusunda giderek daha pop\u00fcler hale gelen ameliyats\u0131z bir \u00e7\u00f6z\u00fcmd\u00fcr. Bu makalede, mide balonunun nedir, [&hellip;]<\/p>\n","protected":false},"author":2,"featured_media":0,"parent":0,"menu_order":0,"comment_status":"closed","ping_status":"closed","template":"","meta":{"postBodyMargin":[],"postBodyPadding":[],"postBodyBackground":{"backgroundType":"classic","gradient":""},"footnotes":""},"class_list":["post-13671","page","type-page","status-publish","hentry"],"_links":{"self":[{"href":"https:\/\/seldacenter.com\/fr\/wp-json\/wp\/v2\/pages\/13671","targetHints":{"allow":["GET"]}}],"collection":[{"href":"https:\/\/seldacenter.com\/fr\/wp-json\/wp\/v2\/pages"}],"about":[{"href":"https:\/\/seldacenter.com\/fr\/wp-json\/wp\/v2\/types\/page"}],"author":[{"embeddable":true,"href":"https:\/\/seldacenter.com\/fr\/wp-json\/wp\/v2\/users\/2"}],"replies":[{"embeddable":true,"href":"https:\/\/seldacenter.com\/fr\/wp-json\/wp\/v2\/comments?post=13671"}],"version-history":[{"count":4,"href":"https:\/\/seldacenter.com\/fr\/wp-json\/wp\/v2\/pages\/13671\/revisions"}],"predecessor-version":[{"id":13928,"href":"https:\/\/seldacenter.com\/fr\/wp-json\/wp\/v2\/pages\/13671\/revisions\/13928"}],"wp:attachment":[{"href":"https:\/\/seldacenter.com\/fr\/wp-json\/wp\/v2\/media?parent=13671"}],"curies":[{"name":"wp","href":"https:\/\/api.w.org\/{rel}","templated":true}]}}