{"id":13664,"date":"2024-02-21T23:14:22","date_gmt":"2024-02-21T23:14:22","guid":{"rendered":"https:\/\/seldacenter.com\/?page_id=13664"},"modified":"2024-03-02T02:00:28","modified_gmt":"2024-03-02T02:00:28","slug":"laparoskopik-gastrik-by-pass-r-ygb-ameliyati","status":"publish","type":"page","link":"https:\/\/seldacenter.com\/fr\/laparoskopik-gastrik-by-pass-r-ygb-ameliyati\/","title":{"rendered":"Chirurgie de pontage gastrique laparoscopique (R-YGB)"},"content":{"rendered":"<div data-elementor-type=\"wp-page\" data-elementor-id=\"13664\" class=\"elementor elementor-13664\" data-elementor-post-type=\"page\">\n\t\t\t\t\t\t<section class=\"elementor-section elementor-top-section elementor-element elementor-element-cc02734 elementor-section-boxed elementor-section-height-default elementor-section-height-default\" data-id=\"cc02734\" data-element_type=\"section\">\n\t\t\t\t\t\t<div class=\"elementor-container elementor-column-gap-default\">\n\t\t\t\t\t<div class=\"elementor-column elementor-col-50 elementor-top-column elementor-element elementor-element-6e56310\" data-id=\"6e56310\" data-element_type=\"column\" data-settings=\"{&quot;background_background&quot;:&quot;classic&quot;}\">\n\t\t\t<div class=\"elementor-widget-wrap elementor-element-populated\">\n\t\t\t\t\t\t<div class=\"elementor-element elementor-element-bd90263 elementor-widget elementor-widget-image\" data-id=\"bd90263\" data-element_type=\"widget\" data-widget_type=\"image.default\">\n\t\t\t\t<div class=\"elementor-widget-container\">\n\t\t\t\t\t\t\t\t\t\t\t\t\t\t\t<img fetchpriority=\"high\" decoding=\"async\" width=\"1152\" height=\"896\" src=\"https:\/\/seldacenter.com\/wp-content\/uploads\/2024\/03\/image-15.png\" class=\"attachment-full size-full wp-image-14112\" alt=\"\" srcset=\"https:\/\/seldacenter.com\/wp-content\/uploads\/2024\/03\/image-15.png 1152w, https:\/\/seldacenter.com\/wp-content\/uploads\/2024\/03\/image-15-600x467.png 600w, https:\/\/seldacenter.com\/wp-content\/uploads\/2024\/03\/image-15-300x233.png 300w, https:\/\/seldacenter.com\/wp-content\/uploads\/2024\/03\/image-15-1024x796.png 1024w, https:\/\/seldacenter.com\/wp-content\/uploads\/2024\/03\/image-15-768x597.png 768w\" sizes=\"(max-width: 1152px) 100vw, 1152px\" \/>\t\t\t\t\t\t\t\t\t\t\t\t\t\t\t<\/div>\n\t\t\t\t<\/div>\n\t\t\t\t\t<\/div>\n\t\t<\/div>\n\t\t\t\t<div class=\"elementor-column elementor-col-50 elementor-top-column elementor-element elementor-element-560d910\" data-id=\"560d910\" data-element_type=\"column\">\n\t\t\t<div class=\"elementor-widget-wrap elementor-element-populated\">\n\t\t\t\t\t\t<div class=\"elementor-element elementor-element-3dfe91a elementor-widget-divider--view-line_text elementor-widget-divider--element-align-left elementor-widget elementor-widget-divider\" data-id=\"3dfe91a\" data-element_type=\"widget\" data-widget_type=\"divider.default\">\n\t\t\t\t<div class=\"elementor-widget-container\">\n\t\t\t\t\t\t\t<div class=\"elementor-divider\">\n\t\t\t<span class=\"elementor-divider-separator\">\n\t\t\t\t\t\t\t<h3 class=\"elementor-divider__text elementor-divider__element\">\n\t\t\t\tPontage gastrique\t\t\t\t<\/h3>\n\t\t\t\t\t\t<\/span>\n\t\t<\/div>\n\t\t\t\t\t\t<\/div>\n\t\t\t\t<\/div>\n\t\t\t\t<div class=\"elementor-element elementor-element-b4dc4fb elementor-align-left elementor-icon-list--layout-traditional elementor-list-item-link-full_width elementor-widget elementor-widget-icon-list\" data-id=\"b4dc4fb\" data-element_type=\"widget\" data-widget_type=\"icon-list.default\">\n\t\t\t\t<div class=\"elementor-widget-container\">\n\t\t\t\t\t\t\t<ul class=\"elementor-icon-list-items\">\n\t\t\t\t\t\t\t<li class=\"elementor-icon-list-item\">\n\t\t\t\t\t\t\t\t\t\t\t<span class=\"elementor-icon-list-icon\">\n\t\t\t\t\t\t\t<svg aria-hidden=\"true\" class=\"e-font-icon-svg e-far-hospital\" viewbox=\"0 0 448 512\" xmlns=\"http:\/\/www.w3.org\/2000\/svg\"><path d=\"M128 244v-40c0-6.627 5.373-12 12-12h40c6.627 0 12 5.373 12 12v40c0 6.627-5.373 12-12 12h-40c-6.627 0-12-5.373-12-12zm140 12h40c6.627 0 12-5.373 12-12v-40c0-6.627-5.373-12-12-12h-40c-6.627 0-12 5.373-12 12v40c0 6.627 5.373 12 12 12zm-76 84v-40c0-6.627-5.373-12-12-12h-40c-6.627 0-12 5.373-12 12v40c0 6.627 5.373 12 12 12h40c6.627 0 12-5.373 12-12zm76 12h40c6.627 0 12-5.373 12-12v-40c0-6.627-5.373-12-12-12h-40c-6.627 0-12 5.373-12 12v40c0 6.627 5.373 12 12 12zm180 124v36H0v-36c0-6.627 5.373-12 12-12h19.5V85.035C31.5 73.418 42.245 64 55.5 64H144V24c0-13.255 10.745-24 24-24h112c13.255 0 24 10.745 24 24v40h88.5c13.255 0 24 9.418 24 21.035V464H436c6.627 0 12 5.373 12 12zM79.5 463H192v-67c0-6.627 5.373-12 12-12h40c6.627 0 12 5.373 12 12v67h112.5V112H304v24c0 13.255-10.745 24-24 24H168c-13.255 0-24-10.745-24-24v-24H79.5v351zM266 64h-26V38a6 6 0 0 0-6-6h-20a6 6 0 0 0-6 6v26h-26a6 6 0 0 0-6 6v20a6 6 0 0 0 6 6h26v26a6 6 0 0 0 6 6h20a6 6 0 0 0 6-6V96h26a6 6 0 0 0 6-6V70a6 6 0 0 0-6-6z\"><\/path><\/svg>\t\t\t\t\t\t<\/span>\n\t\t\t\t\t\t\t\t\t\t<span class=\"elementor-icon-list-text\">S\u00e9jour \u00e0 l&#039;h\u00f4pital : 3 jours<\/span>\n\t\t\t\t\t\t\t\t\t<\/li>\n\t\t\t\t\t\t\t\t<li class=\"elementor-icon-list-item\">\n\t\t\t\t\t\t\t\t\t\t\t<span class=\"elementor-icon-list-icon\">\n\t\t\t\t\t\t\t<svg aria-hidden=\"true\" class=\"e-font-icon-svg e-far-clock\" viewbox=\"0 0 512 512\" xmlns=\"http:\/\/www.w3.org\/2000\/svg\"><path d=\"M256 8C119 8 8 119 8 256s111 248 248 248 248-111 248-248S393 8 256 8zm0 448c-110.5 0-200-89.5-200-200S145.5 56 256 56s200 89.5 200 200-89.5 200-200 200zm61.8-104.4l-84.9-61.7c-3.1-2.3-4.9-5.9-4.9-9.7V116c0-6.6 5.4-12 12-12h32c6.6 0 12 5.4 12 12v141.7l66.8 48.6c5.4 3.9 6.5 11.4 2.6 16.8L334.6 349c-3.9 5.3-11.4 6.5-16.8 2.6z\"><\/path><\/svg>\t\t\t\t\t\t<\/span>\n\t\t\t\t\t\t\t\t\t\t<span class=\"elementor-icon-list-text\">Dur\u00e9e de fonctionnement\u00a0: 6 \u00e0 8 heures<\/span>\n\t\t\t\t\t\t\t\t\t<\/li>\n\t\t\t\t\t\t\t\t<li class=\"elementor-icon-list-item\">\n\t\t\t\t\t\t\t\t\t\t\t<span class=\"elementor-icon-list-icon\">\n\t\t\t\t\t\t\t<svg aria-hidden=\"true\" class=\"e-font-icon-svg e-fas-syringe\" viewbox=\"0 0 512 512\" xmlns=\"http:\/\/www.w3.org\/2000\/svg\"><path d=\"M201.5 174.8l55.7 55.8c3.1 3.1 3.1 8.2 0 11.3l-11.3 11.3c-3.1 3.1-8.2 3.1-11.3 0l-55.7-55.8-45.3 45.3 55.8 55.8c3.1 3.1 3.1 8.2 0 11.3l-11.3 11.3c-3.1 3.1-8.2 3.1-11.3 0L111 265.2l-26.4 26.4c-17.3 17.3-25.6 41.1-23 65.4l7.1 63.6L2.3 487c-3.1 3.1-3.1 8.2 0 11.3l11.3 11.3c3.1 3.1 8.2 3.1 11.3 0l66.3-66.3 63.6 7.1c23.9 2.6 47.9-5.4 65.4-23l181.9-181.9-135.7-135.7-64.9 65zm308.2-93.3L430.5 2.3c-3.1-3.1-8.2-3.1-11.3 0l-11.3 11.3c-3.1 3.1-3.1 8.2 0 11.3l28.3 28.3-45.3 45.3-56.6-56.6-17-17c-3.1-3.1-8.2-3.1-11.3 0l-33.9 33.9c-3.1 3.1-3.1 8.2 0 11.3l17 17L424.8 223l17 17c3.1 3.1 8.2 3.1 11.3 0l33.9-34c3.1-3.1 3.1-8.2 0-11.3l-73.5-73.5 45.3-45.3 28.3 28.3c3.1 3.1 8.2 3.1 11.3 0l11.3-11.3c3.1-3.2 3.1-8.2 0-11.4z\"><\/path><\/svg>\t\t\t\t\t\t<\/span>\n\t\t\t\t\t\t\t\t\t\t<span class=\"elementor-icon-list-text\">Anesth\u00e9sie\u00a0: g\u00e9n\u00e9rale<\/span>\n\t\t\t\t\t\t\t\t\t<\/li>\n\t\t\t\t\t\t\t\t<li class=\"elementor-icon-list-item\">\n\t\t\t\t\t\t\t\t\t\t\t<span class=\"elementor-icon-list-icon\">\n\t\t\t\t\t\t\t<svg aria-hidden=\"true\" class=\"e-font-icon-svg e-far-heart\" viewbox=\"0 0 512 512\" xmlns=\"http:\/\/www.w3.org\/2000\/svg\"><path d=\"M458.4 64.3C400.6 15.7 311.3 23 256 79.3 200.7 23 111.4 15.6 53.6 64.3-21.6 127.6-10.6 230.8 43 285.5l175.4 178.7c10 10.2 23.4 15.9 37.6 15.9 14.3 0 27.6-5.6 37.6-15.8L469 285.6c53.5-54.7 64.7-157.9-10.6-221.3zm-23.6 187.5L259.4 430.5c-2.4 2.4-4.4 2.4-6.8 0L77.2 251.8c-36.5-37.2-43.9-107.6 7.3-150.7 38.9-32.7 98.9-27.8 136.5 10.5l35 35.7 35-35.7c37.8-38.5 97.8-43.2 136.5-10.6 51.1 43.1 43.5 113.9 7.3 150.8z\"><\/path><\/svg>\t\t\t\t\t\t<\/span>\n\t\t\t\t\t\t\t\t\t\t<span class=\"elementor-icon-list-text\">Temps de r\u00e9cup\u00e9ration\u00a0: 1 \u00e0 3\u00a0mois<\/span>\n\t\t\t\t\t\t\t\t\t<\/li>\n\t\t\t\t\t\t<\/ul>\n\t\t\t\t\t\t<\/div>\n\t\t\t\t<\/div>\n\t\t\t\t<div class=\"elementor-element elementor-element-2fdc514 elementor-align-justify elementor-widget elementor-widget-button\" data-id=\"2fdc514\" data-element_type=\"widget\" data-widget_type=\"button.default\">\n\t\t\t\t<div class=\"elementor-widget-container\">\n\t\t\t\t\t\t\t\t\t<div class=\"elementor-button-wrapper\">\n\t\t\t\t\t<a class=\"elementor-button elementor-button-link elementor-size-sm elementor-animation-buzz\" href=\"https:\/\/seldacenter.com\/fr\/\">\n\t\t\t\t\t\t<span class=\"elementor-button-content-wrapper\">\n\t\t\t\t\t\t\t\t\t<span class=\"elementor-button-text\">Prenez rendez-vous maintenant<\/span>\n\t\t\t\t\t<\/span>\n\t\t\t\t\t<\/a>\n\t\t\t\t<\/div>\n\t\t\t\t\t\t\t\t<\/div>\n\t\t\t\t<\/div>\n\t\t\t\t\t<\/div>\n\t\t<\/div>\n\t\t\t\t\t<\/div>\n\t\t<\/section>\n\t\t\t\t<section class=\"elementor-section elementor-top-section elementor-element elementor-element-69356b3d elementor-section-boxed elementor-section-height-default elementor-section-height-default\" data-id=\"69356b3d\" data-element_type=\"section\">\n\t\t\t\t\t\t<div class=\"elementor-container elementor-column-gap-default\">\n\t\t\t\t\t<div class=\"elementor-column elementor-col-100 elementor-top-column elementor-element elementor-element-3a6798ee\" data-id=\"3a6798ee\" data-element_type=\"column\">\n\t\t\t<div class=\"elementor-widget-wrap elementor-element-populated\">\n\t\t\t\t\t\t<div class=\"elementor-element elementor-element-54a72571 elementor-widget elementor-widget-text-editor\" data-id=\"54a72571\" data-element_type=\"widget\" data-widget_type=\"text-editor.default\">\n\t\t\t\t<div class=\"elementor-widget-container\">\n\t\t\t\t\t\t\t\t\t<strong>\nQu\u2019est-ce que la chirurgie de d\u00e9rivation gastrique laparoscopique (R-YGB)\u00a0?<\/strong>\n\nLa chirurgie de d\u00e9rivation gastrique laparoscopique (R-YGB) est une m\u00e9thode chirurgicale fr\u00e9quemment pr\u00e9f\u00e9r\u00e9e dans le traitement de l&#039;ob\u00e9sit\u00e9 et qui donne de bons r\u00e9sultats. Cette chirurgie r\u00e9duit le volume de l\u2019estomac et r\u00e9duit \u00e9galement l\u2019absorption des nutriments, entra\u00eenant une perte de poids.\n\n<strong>Processus chirurgical<\/strong>\n<ol>\n \t<li><strong>R\u00e9duction de l&#039;estomac\u00a0:<\/strong> La partie situ\u00e9e au d\u00e9but de l&#039;estomac est s\u00e9par\u00e9e du reste, laissant environ 30 \u00e0 50 cc. Cela cr\u00e9e une nouvelle poche gastrique plus petite.<\/li>\n \t<li><strong>Tractus intestinal gr\u00eale\u00a0:<\/strong> Une partie de l\u2019intestin gr\u00eale est contourn\u00e9e et reli\u00e9e au petit estomac nouvellement cr\u00e9\u00e9. De cette fa\u00e7on, l\u2019absorption des nutriments est consid\u00e9rablement r\u00e9duite.<\/li>\n \t<li><strong>Sentiment rapide de pl\u00e9nitude\u00a0:<\/strong> Les patients se sentent rapidement rassasi\u00e9s avec des portions beaucoup plus petites en raison de la poche gastrique r\u00e9duite.<\/li>\n \t<li><strong>R\u00e9duire l&#039;absorption\u00a0:<\/strong> L&#039;absorption des aliments riches en calories est consid\u00e9rablement inhib\u00e9e en raison du contournement de l&#039;intestin gr\u00eale.<\/li>\n<\/ol>\n<strong>Avantages et fonctionnalit\u00e9s<\/strong>\n<ul>\n \t<li><strong>Perte de poids efficace et permanente :<\/strong> La chirurgie de d\u00e9rivation gastrique laparoscopique permet une perte de poids efficace et \u00e0 long terme.<\/li>\n \t<li><strong>Sentiment de pl\u00e9nitude :<\/strong> Gr\u00e2ce \u00e0 un estomac r\u00e9duit et \u00e0 un intestin modifi\u00e9, les patients obtiennent une sensation de sati\u00e9t\u00e9 avec des portions plus petites.<\/li>\n \t<li><strong>Contr\u00f4le du diab\u00e8te\u00a0:<\/strong> Des r\u00e9sultats positifs peuvent \u00eatre obtenus chez les patients atteints de diab\u00e8te de type 2.<\/li>\n \t<li><strong>Recycler:<\/strong> Une inversion chirurgicale peut \u00eatre r\u00e9alis\u00e9e si n\u00e9cessaire.<\/li>\n<\/ul>\n<strong>Dans quelles maladies est-il utilis\u00e9 ?<\/strong>\n<ul>\n \t<li><strong>Ob\u00e9sit\u00e9 morbide:<\/strong> Le by-pass gastrique laparoscopique est utilis\u00e9 dans le traitement de l\u2019ob\u00e9sit\u00e9 morbide.<\/li>\n \t<li><strong>Diab\u00e8te de type 2:<\/strong> Des r\u00e9sultats positifs peuvent \u00eatre obtenus chez les patients atteints de diab\u00e8te de type 2 non contr\u00f4l\u00e9.<\/li>\n<\/ul>\n<strong>Avant et apr\u00e8s la chirurgie<\/strong>\n<ul>\n \t<li><strong>\u00c9valuation d\u00e9taill\u00e9e\u00a0:<\/strong> Avant la chirurgie, les patients subissent une \u00e9valuation d\u00e9taill\u00e9e. Outre les examens physiques, des \u00e9valuations sont \u00e9galement r\u00e9alis\u00e9es par des sp\u00e9cialistes en endocrinologie et en psychiatrie.<\/li>\n \t<li><strong>M\u00e9thode chirurgicale\u00a0:<\/strong> Elle est r\u00e9alis\u00e9e par m\u00e9thode laparoscopique. Ces derni\u00e8res ann\u00e9es, la chirurgie robotique peut \u00e9galement \u00eatre privil\u00e9gi\u00e9e.<\/li>\n \t<li><strong>S\u00e9jour \u00e0 l&#039;hopital:<\/strong> Les patients sont suivis \u00e0 l&#039;h\u00f4pital pendant 4 \u00e0 6 jours apr\u00e8s la chirurgie. A la sortie, l&#039;alimentation est planifi\u00e9e par la di\u00e9t\u00e9ticienne jusqu&#039;au premier contr\u00f4le.<\/li>\n \t<li><strong>Suivi \u00e0 long terme\u00a0:<\/strong> Durant la premi\u00e8re ann\u00e9e, un suivi rapproch\u00e9 est assur\u00e9 par des endocrinologues, des psychiatres et des di\u00e9t\u00e9ticiens.<\/li>\n<\/ul>\nLa chirurgie de d\u00e9rivation gastrique laparoscopique (R-YGB) est une option efficace pour contr\u00f4ler les probl\u00e8mes de sant\u00e9 li\u00e9s \u00e0 l&#039;ob\u00e9sit\u00e9 et pour la gestion du poids \u00e0 long terme. Cependant, cela n\u00e9cessite une \u00e9valuation d\u00e9taill\u00e9e et un suivi professionnel avant et apr\u00e8s l\u2019intervention chirurgicale.\t\t\t\t\t\t\t\t<\/div>\n\t\t\t\t<\/div>\n\t\t\t\t\t<\/div>\n\t\t<\/div>\n\t\t\t\t\t<\/div>\n\t\t<\/section>\n\t\t\t\t<\/div>","protected":false},"excerpt":{"rendered":"<p>Gastrik ByPass Hastanede Kal\u0131\u015f S\u00fcresi: 3 G\u00fcn Operasyon S\u00fcresi: 6-8 Saat Anestezi: Genel \u0130yile\u015fme S\u00fcresi: 1-3 Ay Hemen Randevu Al\u0131n Laparoskopik Gastrik By-Pass (R-YGB) Ameliyat\u0131 Nedir? Laparoskopik Gastrik By-Pass (R-YGB) cerrahisi, obezite tedavisinde s\u0131k\u00e7a tercih edilen ve ba\u015far\u0131l\u0131 sonu\u00e7lar elde edilen bir ameliyat y\u00f6ntemidir. Bu ameliyat, mide hacmini k\u00fc\u00e7\u00fclt\u00fcrken ayn\u0131 zamanda besinlerin emilimini azaltarak kilo [&hellip;]<\/p>\n","protected":false},"author":2,"featured_media":0,"parent":0,"menu_order":0,"comment_status":"closed","ping_status":"closed","template":"","meta":{"postBodyMargin":[],"postBodyPadding":[],"postBodyBackground":{"backgroundType":"classic","gradient":""},"footnotes":""},"class_list":["post-13664","page","type-page","status-publish","hentry"],"_links":{"self":[{"href":"https:\/\/seldacenter.com\/fr\/wp-json\/wp\/v2\/pages\/13664","targetHints":{"allow":["GET"]}}],"collection":[{"href":"https:\/\/seldacenter.com\/fr\/wp-json\/wp\/v2\/pages"}],"about":[{"href":"https:\/\/seldacenter.com\/fr\/wp-json\/wp\/v2\/types\/page"}],"author":[{"embeddable":true,"href":"https:\/\/seldacenter.com\/fr\/wp-json\/wp\/v2\/users\/2"}],"replies":[{"embeddable":true,"href":"https:\/\/seldacenter.com\/fr\/wp-json\/wp\/v2\/comments?post=13664"}],"version-history":[{"count":10,"href":"https:\/\/seldacenter.com\/fr\/wp-json\/wp\/v2\/pages\/13664\/revisions"}],"predecessor-version":[{"id":14228,"href":"https:\/\/seldacenter.com\/fr\/wp-json\/wp\/v2\/pages\/13664\/revisions\/14228"}],"wp:attachment":[{"href":"https:\/\/seldacenter.com\/fr\/wp-json\/wp\/v2\/media?parent=13664"}],"curies":[{"name":"wp","href":"https:\/\/api.w.org\/{rel}","templated":true}]}}