{"id":13660,"date":"2024-02-21T23:09:35","date_gmt":"2024-02-21T23:09:35","guid":{"rendered":"https:\/\/seldacenter.com\/?page_id=13660"},"modified":"2024-02-21T23:09:36","modified_gmt":"2024-02-21T23:09:36","slug":"dhi-kas-ekimi-2","status":"publish","type":"page","link":"https:\/\/seldacenter.com\/fr\/dhi-kas-ekimi-2\/","title":{"rendered":"Greffe de sourcils DHI"},"content":{"rendered":"<p>Les sourcils sont un \u00e9l\u00e9ment esth\u00e9tique important qui d\u00e9finit le visage et compl\u00e8te son expression. Cependant, en raison de facteurs g\u00e9n\u00e9tiques, de changements hormonaux ou d&#039;autres facteurs, des sourcils clairsem\u00e9s ou absents peuvent nuire \u00e0 la confiance en soi de nombreuses personnes. La greffe de sourcils DHI (Direct Hair Implantation) est une solution moderne et efficace pour r\u00e9soudre ces probl\u00e8mes.<\/p><p><strong>Qu&#039;est-ce que la transplantation de sourcils DHI ?<\/strong> La greffe de sourcils DHI est une technique qui consiste \u00e0 pr\u00e9lever directement des follicules pileux et \u00e0 les transplanter dans la zone des sourcils \u00e0 l&#039;aide d&#039;aiguilles \u00e0 pointe fine ins\u00e9r\u00e9es dans un stylo sp\u00e9cial. Cette m\u00e9thode promet une cicatrisation plus rapide et des r\u00e9sultats plus naturels, contrairement \u00e0 la greffe de sourcils traditionnelle.<\/p><p><strong>Avantages de la technique DHI :<\/strong><\/p><ul class=\"wp-block-list\"><li><strong>R\u00e9sultats naturels et doux :<\/strong> La technique DHI pr\u00e9l\u00e8ve directement les follicules pileux et les transplante, pour un r\u00e9sultat naturel. Le stylo sp\u00e9cial permet des coupes plus pr\u00e9cises et cr\u00e9e avec pr\u00e9cision la forme et la densit\u00e9 des sourcils.<\/li>\n\n<li><strong>Douleur et inconfort minimes :<\/strong> \u00c9tant donn\u00e9 que l\u2019anesth\u00e9sie locale est utilis\u00e9e, les patients ressentent g\u00e9n\u00e9ralement une douleur et un inconfort minimes.<\/li>\n\n<li><strong>R\u00e9cup\u00e9ration rapide :<\/strong> La technique DHI permet des incisions plus petites et une r\u00e9cup\u00e9ration plus rapide. Les patients peuvent g\u00e9n\u00e9ralement reprendre leurs activit\u00e9s quotidiennes rapidement.<\/li><\/ul><p><strong>Op\u00e9ration de transplantation de sourcils DHI :<\/strong> La greffe de sourcils DHI est r\u00e9alis\u00e9e sous anesth\u00e9sie locale. Les aiguilles d&#039;un stylo sp\u00e9cial pr\u00e9l\u00e8vent les follicules pileux un par un et les placent dans la zone du sourcil. L&#039;intervention est tr\u00e8s peu douloureuse et inconfortable.<\/p><p><strong>Questions fr\u00e9quemment pos\u00e9es:<\/strong><\/p><p><strong>1. La greffe de sourcils DHI est-elle douloureuse ?<\/strong><\/p><ul class=\"wp-block-list\"><li>Non, car l\u2019op\u00e9ration est r\u00e9alis\u00e9e sous anesth\u00e9sie locale, les patients ressentent g\u00e9n\u00e9ralement une douleur et un inconfort minimes.<\/li><\/ul><p><strong>2. \u00c0 quoi ressemble le processus de r\u00e9cup\u00e9ration apr\u00e8s une greffe de sourcils\u00a0?<\/strong><\/p><ul class=\"wp-block-list\"><li>La technique DHI utilise de petites incisions, permettant une cicatrisation plus rapide. La gu\u00e9rison est g\u00e9n\u00e9ralement compl\u00e8te en quelques jours.<\/li><\/ul><p><strong>3. Quand peut-on voir les r\u00e9sultats d\u2019une greffe de sourcils\u00a0?<\/strong><\/p><ul class=\"wp-block-list\"><li>Les cheveux transplant\u00e9s peuvent tomber au cours des premi\u00e8res semaines, mais c&#039;est un processus normal. De nouveaux cheveux commencent \u00e0 pousser quelques mois apr\u00e8s l&#039;op\u00e9ration.<\/li><\/ul><p><strong>4. La greffe de sourcils est-elle permanente\u00a0?<\/strong><\/p><ul class=\"wp-block-list\"><li>Oui, la greffe de sourcils DHI est permanente. Les follicules pileux \u00e9tant transplant\u00e9s tels qu&#039;ils ont \u00e9t\u00e9 pr\u00e9lev\u00e9s, ils continuent de pousser naturellement.<\/li><\/ul><p><strong>5. Qui est \u00e9ligible \u00e0 la greffe de sourcils ?<\/strong><\/p><ul class=\"wp-block-list\"><li>Toute personne pr\u00e9sentant une clairsem\u00e9e ou une d\u00e9ficience au niveau des sourcils, et g\u00e9n\u00e9ralement les personnes en bonne sant\u00e9, peuvent envisager une transplantation de sourcils DHI.<\/li><\/ul><p><strong>Conclusion:<\/strong> La greffe de sourcils DHI est une solution moderne et efficace pour ceux qui souhaitent rem\u00e9dier \u00e0 la clairsem\u00e9e ou \u00e0 la d\u00e9ficience des sourcils. Des r\u00e9sultats naturels, une douleur minimale et une r\u00e9cup\u00e9ration rapide font de la technique DHI une option privil\u00e9gi\u00e9e pour l&#039;esth\u00e9tique des sourcils.<\/p>","protected":false},"excerpt":{"rendered":"<p>Ka\u015flar, y\u00fcz\u00fcn \u00e7er\u00e7evesini belirleyen ve ifadeyi tamamlayan \u00f6nemli bir estetik \u00f6\u011fedir. Ancak, genetik fakt\u00f6rler, hormonal de\u011fi\u015fiklikler veya di\u011fer nedenlerle seyrek veya eksik ka\u015flar, bir\u00e7ok ki\u015finin \u00f6zg\u00fcvenini olumsuz etkileyebilir. DHI (Direct Hair Implantation) ka\u015f ekimi, bu sorunlar\u0131 \u00e7\u00f6zmek i\u00e7in geli\u015ftirilen modern ve etkili bir \u00e7\u00f6z\u00fcmd\u00fcr. DHI Ka\u015f Ekimi Nedir? DHI ka\u015f ekimi, \u00f6zel bir kalem i\u00e7indeki [&hellip;]<\/p>\n","protected":false},"author":2,"featured_media":0,"parent":0,"menu_order":0,"comment_status":"closed","ping_status":"closed","template":"","meta":{"postBodyMargin":[],"postBodyPadding":[],"postBodyBackground":{"backgroundType":"classic","gradient":""},"footnotes":""},"class_list":["post-13660","page","type-page","status-publish","hentry"],"_links":{"self":[{"href":"https:\/\/seldacenter.com\/fr\/wp-json\/wp\/v2\/pages\/13660","targetHints":{"allow":["GET"]}}],"collection":[{"href":"https:\/\/seldacenter.com\/fr\/wp-json\/wp\/v2\/pages"}],"about":[{"href":"https:\/\/seldacenter.com\/fr\/wp-json\/wp\/v2\/types\/page"}],"author":[{"embeddable":true,"href":"https:\/\/seldacenter.com\/fr\/wp-json\/wp\/v2\/users\/2"}],"replies":[{"embeddable":true,"href":"https:\/\/seldacenter.com\/fr\/wp-json\/wp\/v2\/comments?post=13660"}],"version-history":[{"count":1,"href":"https:\/\/seldacenter.com\/fr\/wp-json\/wp\/v2\/pages\/13660\/revisions"}],"predecessor-version":[{"id":13661,"href":"https:\/\/seldacenter.com\/fr\/wp-json\/wp\/v2\/pages\/13660\/revisions\/13661"}],"wp:attachment":[{"href":"https:\/\/seldacenter.com\/fr\/wp-json\/wp\/v2\/media?parent=13660"}],"curies":[{"name":"wp","href":"https:\/\/api.w.org\/{rel}","templated":true}]}}