{"id":13615,"date":"2024-02-17T19:01:04","date_gmt":"2024-02-17T19:01:04","guid":{"rendered":"https:\/\/seldacenter.com\/yeniyapi\/?page_id=13615"},"modified":"2024-03-02T01:11:42","modified_gmt":"2024-03-02T01:11:42","slug":"bisektomi","status":"publish","type":"page","link":"https:\/\/seldacenter.com\/fr\/bisektomi\/","title":{"rendered":"bichectomie"},"content":{"rendered":"<div data-elementor-type=\"wp-page\" data-elementor-id=\"13615\" class=\"elementor elementor-13615\" data-elementor-post-type=\"page\">\n\t\t\t\t\t\t<section class=\"elementor-section elementor-top-section elementor-element elementor-element-a088df7 elementor-section-boxed elementor-section-height-default elementor-section-height-default\" data-id=\"a088df7\" data-element_type=\"section\">\n\t\t\t\t\t\t<div class=\"elementor-container elementor-column-gap-default\">\n\t\t\t\t\t<div class=\"elementor-column elementor-col-50 elementor-top-column elementor-element elementor-element-023dbba\" data-id=\"023dbba\" data-element_type=\"column\" data-settings=\"{&quot;background_background&quot;:&quot;classic&quot;}\">\n\t\t\t<div class=\"elementor-widget-wrap elementor-element-populated\">\n\t\t\t\t\t\t<div class=\"elementor-element elementor-element-5bf18df elementor-widget elementor-widget-image\" data-id=\"5bf18df\" data-element_type=\"widget\" data-widget_type=\"image.default\">\n\t\t\t\t<div class=\"elementor-widget-container\">\n\t\t\t\t\t\t\t\t\t\t\t\t\t\t\t<img fetchpriority=\"high\" decoding=\"async\" width=\"1024\" height=\"683\" src=\"https:\/\/seldacenter.com\/wp-content\/uploads\/2024\/03\/OIG1.59lNuKE_4BXqX-1.jpeg\" class=\"attachment-full size-full wp-image-14164\" alt=\"\" srcset=\"https:\/\/seldacenter.com\/wp-content\/uploads\/2024\/03\/OIG1.59lNuKE_4BXqX-1.jpeg 1024w, https:\/\/seldacenter.com\/wp-content\/uploads\/2024\/03\/OIG1.59lNuKE_4BXqX-1-600x400.jpeg 600w, https:\/\/seldacenter.com\/wp-content\/uploads\/2024\/03\/OIG1.59lNuKE_4BXqX-1-300x200.jpeg 300w, https:\/\/seldacenter.com\/wp-content\/uploads\/2024\/03\/OIG1.59lNuKE_4BXqX-1-768x512.jpeg 768w\" sizes=\"(max-width: 1024px) 100vw, 1024px\" \/>\t\t\t\t\t\t\t\t\t\t\t\t\t\t\t<\/div>\n\t\t\t\t<\/div>\n\t\t\t\t\t<\/div>\n\t\t<\/div>\n\t\t\t\t<div class=\"elementor-column elementor-col-50 elementor-top-column elementor-element elementor-element-49d40e2\" data-id=\"49d40e2\" data-element_type=\"column\">\n\t\t\t<div class=\"elementor-widget-wrap elementor-element-populated\">\n\t\t\t\t\t\t<div class=\"elementor-element elementor-element-a1aa936 elementor-widget-divider--view-line_text elementor-widget-divider--element-align-left elementor-widget elementor-widget-divider\" data-id=\"a1aa936\" data-element_type=\"widget\" data-widget_type=\"divider.default\">\n\t\t\t\t<div class=\"elementor-widget-container\">\n\t\t\t\t\t\t\t<div class=\"elementor-divider\">\n\t\t\t<span class=\"elementor-divider-separator\">\n\t\t\t\t\t\t\t<h3 class=\"elementor-divider__text elementor-divider__element\">\n\t\t\t\tbichectomie\t\t\t\t<\/h3>\n\t\t\t\t\t\t<\/span>\n\t\t<\/div>\n\t\t\t\t\t\t<\/div>\n\t\t\t\t<\/div>\n\t\t\t\t<div class=\"elementor-element elementor-element-eeb4620 elementor-align-left elementor-icon-list--layout-traditional elementor-list-item-link-full_width elementor-widget elementor-widget-icon-list\" data-id=\"eeb4620\" data-element_type=\"widget\" data-widget_type=\"icon-list.default\">\n\t\t\t\t<div class=\"elementor-widget-container\">\n\t\t\t\t\t\t\t<ul class=\"elementor-icon-list-items\">\n\t\t\t\t\t\t\t<li class=\"elementor-icon-list-item\">\n\t\t\t\t\t\t\t\t\t\t\t<span class=\"elementor-icon-list-icon\">\n\t\t\t\t\t\t\t<svg aria-hidden=\"true\" class=\"e-font-icon-svg e-far-hospital\" viewbox=\"0 0 448 512\" xmlns=\"http:\/\/www.w3.org\/2000\/svg\"><path d=\"M128 244v-40c0-6.627 5.373-12 12-12h40c6.627 0 12 5.373 12 12v40c0 6.627-5.373 12-12 12h-40c-6.627 0-12-5.373-12-12zm140 12h40c6.627 0 12-5.373 12-12v-40c0-6.627-5.373-12-12-12h-40c-6.627 0-12 5.373-12 12v40c0 6.627 5.373 12 12 12zm-76 84v-40c0-6.627-5.373-12-12-12h-40c-6.627 0-12 5.373-12 12v40c0 6.627 5.373 12 12 12h40c6.627 0 12-5.373 12-12zm76 12h40c6.627 0 12-5.373 12-12v-40c0-6.627-5.373-12-12-12h-40c-6.627 0-12 5.373-12 12v40c0 6.627 5.373 12 12 12zm180 124v36H0v-36c0-6.627 5.373-12 12-12h19.5V85.035C31.5 73.418 42.245 64 55.5 64H144V24c0-13.255 10.745-24 24-24h112c13.255 0 24 10.745 24 24v40h88.5c13.255 0 24 9.418 24 21.035V464H436c6.627 0 12 5.373 12 12zM79.5 463H192v-67c0-6.627 5.373-12 12-12h40c6.627 0 12 5.373 12 12v67h112.5V112H304v24c0 13.255-10.745 24-24 24H168c-13.255 0-24-10.745-24-24v-24H79.5v351zM266 64h-26V38a6 6 0 0 0-6-6h-20a6 6 0 0 0-6 6v26h-26a6 6 0 0 0-6 6v20a6 6 0 0 0 6 6h26v26a6 6 0 0 0 6 6h20a6 6 0 0 0 6-6V96h26a6 6 0 0 0 6-6V70a6 6 0 0 0-6-6z\"><\/path><\/svg>\t\t\t\t\t\t<\/span>\n\t\t\t\t\t\t\t\t\t\t<span class=\"elementor-icon-list-text\">Dur\u00e9e du s\u00e9jour \u00e0 l&#039;h\u00f4pital\u00a0:\u00a0non obligatoire<\/span>\n\t\t\t\t\t\t\t\t\t<\/li>\n\t\t\t\t\t\t\t\t<li class=\"elementor-icon-list-item\">\n\t\t\t\t\t\t\t\t\t\t\t<span class=\"elementor-icon-list-icon\">\n\t\t\t\t\t\t\t<svg aria-hidden=\"true\" class=\"e-font-icon-svg e-far-clock\" viewbox=\"0 0 512 512\" xmlns=\"http:\/\/www.w3.org\/2000\/svg\"><path d=\"M256 8C119 8 8 119 8 256s111 248 248 248 248-111 248-248S393 8 256 8zm0 448c-110.5 0-200-89.5-200-200S145.5 56 256 56s200 89.5 200 200-89.5 200-200 200zm61.8-104.4l-84.9-61.7c-3.1-2.3-4.9-5.9-4.9-9.7V116c0-6.6 5.4-12 12-12h32c6.6 0 12 5.4 12 12v141.7l66.8 48.6c5.4 3.9 6.5 11.4 2.6 16.8L334.6 349c-3.9 5.3-11.4 6.5-16.8 2.6z\"><\/path><\/svg>\t\t\t\t\t\t<\/span>\n\t\t\t\t\t\t\t\t\t\t<span class=\"elementor-icon-list-text\">Dur\u00e9e de fonctionnement\u00a0: 6 \u00e0 8 heures<\/span>\n\t\t\t\t\t\t\t\t\t<\/li>\n\t\t\t\t\t\t\t\t<li class=\"elementor-icon-list-item\">\n\t\t\t\t\t\t\t\t\t\t\t<span class=\"elementor-icon-list-icon\">\n\t\t\t\t\t\t\t<svg aria-hidden=\"true\" class=\"e-font-icon-svg e-fas-syringe\" viewbox=\"0 0 512 512\" xmlns=\"http:\/\/www.w3.org\/2000\/svg\"><path d=\"M201.5 174.8l55.7 55.8c3.1 3.1 3.1 8.2 0 11.3l-11.3 11.3c-3.1 3.1-8.2 3.1-11.3 0l-55.7-55.8-45.3 45.3 55.8 55.8c3.1 3.1 3.1 8.2 0 11.3l-11.3 11.3c-3.1 3.1-8.2 3.1-11.3 0L111 265.2l-26.4 26.4c-17.3 17.3-25.6 41.1-23 65.4l7.1 63.6L2.3 487c-3.1 3.1-3.1 8.2 0 11.3l11.3 11.3c3.1 3.1 8.2 3.1 11.3 0l66.3-66.3 63.6 7.1c23.9 2.6 47.9-5.4 65.4-23l181.9-181.9-135.7-135.7-64.9 65zm308.2-93.3L430.5 2.3c-3.1-3.1-8.2-3.1-11.3 0l-11.3 11.3c-3.1 3.1-3.1 8.2 0 11.3l28.3 28.3-45.3 45.3-56.6-56.6-17-17c-3.1-3.1-8.2-3.1-11.3 0l-33.9 33.9c-3.1 3.1-3.1 8.2 0 11.3l17 17L424.8 223l17 17c3.1 3.1 8.2 3.1 11.3 0l33.9-34c3.1-3.1 3.1-8.2 0-11.3l-73.5-73.5 45.3-45.3 28.3 28.3c3.1 3.1 8.2 3.1 11.3 0l11.3-11.3c3.1-3.2 3.1-8.2 0-11.4z\"><\/path><\/svg>\t\t\t\t\t\t<\/span>\n\t\t\t\t\t\t\t\t\t\t<span class=\"elementor-icon-list-text\">Anesth\u00e9sie\u00a0: Locale<\/span>\n\t\t\t\t\t\t\t\t\t<\/li>\n\t\t\t\t\t\t\t\t<li class=\"elementor-icon-list-item\">\n\t\t\t\t\t\t\t\t\t\t\t<span class=\"elementor-icon-list-icon\">\n\t\t\t\t\t\t\t<svg aria-hidden=\"true\" class=\"e-font-icon-svg e-far-heart\" viewbox=\"0 0 512 512\" xmlns=\"http:\/\/www.w3.org\/2000\/svg\"><path d=\"M458.4 64.3C400.6 15.7 311.3 23 256 79.3 200.7 23 111.4 15.6 53.6 64.3-21.6 127.6-10.6 230.8 43 285.5l175.4 178.7c10 10.2 23.4 15.9 37.6 15.9 14.3 0 27.6-5.6 37.6-15.8L469 285.6c53.5-54.7 64.7-157.9-10.6-221.3zm-23.6 187.5L259.4 430.5c-2.4 2.4-4.4 2.4-6.8 0L77.2 251.8c-36.5-37.2-43.9-107.6 7.3-150.7 38.9-32.7 98.9-27.8 136.5 10.5l35 35.7 35-35.7c37.8-38.5 97.8-43.2 136.5-10.6 51.1 43.1 43.5 113.9 7.3 150.8z\"><\/path><\/svg>\t\t\t\t\t\t<\/span>\n\t\t\t\t\t\t\t\t\t\t<span class=\"elementor-icon-list-text\">Temps de r\u00e9cup\u00e9ration\u00a0: 6 \u00e0 12\u00a0mois<\/span>\n\t\t\t\t\t\t\t\t\t<\/li>\n\t\t\t\t\t\t<\/ul>\n\t\t\t\t\t\t<\/div>\n\t\t\t\t<\/div>\n\t\t\t\t<div class=\"elementor-element elementor-element-bd127fe elementor-align-justify elementor-widget elementor-widget-button\" data-id=\"bd127fe\" data-element_type=\"widget\" data-widget_type=\"button.default\">\n\t\t\t\t<div class=\"elementor-widget-container\">\n\t\t\t\t\t\t\t\t\t<div class=\"elementor-button-wrapper\">\n\t\t\t\t\t<a class=\"elementor-button elementor-button-link elementor-size-sm elementor-animation-buzz\" href=\"https:\/\/seldacenter.com\/fr\/\">\n\t\t\t\t\t\t<span class=\"elementor-button-content-wrapper\">\n\t\t\t\t\t\t\t\t\t<span class=\"elementor-button-text\">Prenez rendez-vous maintenant<\/span>\n\t\t\t\t\t<\/span>\n\t\t\t\t\t<\/a>\n\t\t\t\t<\/div>\n\t\t\t\t\t\t\t\t<\/div>\n\t\t\t\t<\/div>\n\t\t\t\t\t<\/div>\n\t\t<\/div>\n\t\t\t\t\t<\/div>\n\t\t<\/section>\n\t\t\t\t<section class=\"elementor-section elementor-top-section elementor-element elementor-element-25d6e46b elementor-section-boxed elementor-section-height-default elementor-section-height-default\" data-id=\"25d6e46b\" data-element_type=\"section\">\n\t\t\t\t\t\t<div class=\"elementor-container elementor-column-gap-default\">\n\t\t\t\t\t<div class=\"elementor-column elementor-col-100 elementor-top-column elementor-element elementor-element-2337d06e\" data-id=\"2337d06e\" data-element_type=\"column\">\n\t\t\t<div class=\"elementor-widget-wrap elementor-element-populated\">\n\t\t\t\t\t\t<div class=\"elementor-element elementor-element-261e854c elementor-widget elementor-widget-text-editor\" data-id=\"261e854c\" data-element_type=\"widget\" data-widget_type=\"text-editor.default\">\n\t\t\t\t<div class=\"elementor-widget-container\">\n\t\t\t\t\t\t\t\t\tLa bichectomie fait partie des op\u00e9rations esth\u00e9tiques privil\u00e9gi\u00e9es par les personnes qui visent un aspect facial id\u00e9al. Cette op\u00e9ration est effectu\u00e9e pour rendre les traits du visage plus proportionn\u00e9s. Dans certains cas, m\u00eame si la personne a le poids id\u00e9al, elle peut para\u00eetre en surpoids en raison de la quantit\u00e9 de graisse pr\u00e9sente sur le visage. Le tissu adipeux situ\u00e9 au milieu des joues est appel\u00e9 tissu adipeux buccal. Ce tissu adipeux, anatomiquement situ\u00e9 dans la r\u00e9gion inf\u00e9rieure des pommettes, se situe entre les muscles du visage et contribuerait aux fonctions de succion chez les b\u00e9b\u00e9s. Cependant, avec le vieillissement, le tissu adipeux buccal a g\u00e9n\u00e9ralement tendance \u00e0 diminuer. Le tissu adipeux buccal est consid\u00e9r\u00e9 comme un \u00e9l\u00e9ment important de l\u2019esth\u00e9tique du visage. En raison de la croissance de ce tissu, les rides du visage peuvent s\u2019arrondir, les joues peuvent s\u2019affaisser et un visage de b\u00e9b\u00e9 peut appara\u00eetre. L&#039;\u00e9limination du tissu adipeux des joues, cette proc\u00e9dure connue sous le nom de \u00ab lipectomie buccale partielle \u00bb, est consid\u00e9r\u00e9e comme une intervention chirurgicale importante en termes de traits du visage et d&#039;esth\u00e9tique. Les coussinets graisseux \u00e0 l\u2019int\u00e9rieur des joues peuvent donner \u00e0 une personne une apparence en surpoids ou vieille.\n\n<strong>\u00c0 qui s\u2019adresse la bichectomie ?<\/strong>\n\nLa bichectomie peut \u00eatre pratiqu\u00e9e sur des personnes de tous \u00e2ges et de tous sexes, mais la limite d&#039;\u00e2ge inf\u00e9rieure g\u00e9n\u00e9ralement consid\u00e9r\u00e9e comme appropri\u00e9e pour l&#039;op\u00e9ration est de 25 ans. Chez les personnes de moins de cet \u00e2ge, l\u2019effet de l\u2019op\u00e9ration n\u2019est peut-\u00eatre pas plus \u00e9vident car les traits du visage n\u2019ont pas encore \u00e9t\u00e9 \u00e9tablis. La bichectomie peut \u00eatre appliqu\u00e9e aux personnes qui ont un exc\u00e8s de graisse sur les joues, qui ont des traits du visage flous, qui semblent potel\u00e9es, en surpoids ou qui ont des rides faciales \u00e9paisses. L&#039;op\u00e9ration est r\u00e9alis\u00e9e en ciblant le nombre d&#039;or et les traits du visage de la personne deviennent plus nets, les pommettes et le menton deviennent pro\u00e9minents. Les candidats appropri\u00e9s pour cette chirurgie plastique pr\u00e9sentent g\u00e9n\u00e9ralement les caract\u00e9ristiques suivantes\u00a0:\n<ul>\n \t<li>\u00eatre en bonne sant\u00e9 physique<\/li>\n \t<li>Avoir un poids sant\u00e9<\/li>\n \t<li>Avoir une structure de visage ronde et pleine<\/li>\n \t<li>\u00catre r\u00e9aliste quant aux attentes postop\u00e9ratoires<\/li>\n \t<li>ne pas consommer de tabac<\/li>\n<\/ul>\nToutefois, cette op\u00e9ration risque de ne pas convenir \u00e0 tout le monde. Cette op\u00e9ration peut ne pas convenir \u00e0 ceux qui ont des traits du visage naturellement fins ou \u00e0 ceux qui ont d\u00e9j\u00e0 perdu du tissu adipeux au niveau des joues avec le vieillissement. Par ailleurs, il ne faut pas oublier que cette op\u00e9ration peut rendre plus visibles les signes de l\u2019\u00e2ge chez les personnes \u00e2g\u00e9es.\n\n<strong>Comment se d\u00e9roule la bichectomie ?<\/strong>\n\nLa chirurgie de bichectomie est g\u00e9n\u00e9ralement r\u00e9alis\u00e9e sous anesth\u00e9sie locale. Toutefois, si elle est r\u00e9alis\u00e9e simultan\u00e9ment \u00e0 une autre intervention de chirurgie plastique, une anesth\u00e9sie g\u00e9n\u00e9rale peut \u00e9galement \u00eatre privil\u00e9gi\u00e9e. Au cours de l\u2019op\u00e9ration, une incision d\u2019environ 1 cm est pratiqu\u00e9e \u00e0 l\u2019int\u00e9rieur de la joue. Le tissu adipeux buccal est atteint et une certaine partie de ce tissu est retir\u00e9e. Le m\u00eame processus est r\u00e9p\u00e9t\u00e9 pour l\u2019autre joue afin d\u2019obtenir un aspect sym\u00e9trique. Dans le m\u00eame temps, une partie du tissu adipeux pr\u00e9lev\u00e9 pour mettre en valeur les pommettes peut \u00eatre ajout\u00e9e \u00e0 cette zone pour rendre les lignes du visage plus nettes et plus distinctes. Afin de mener \u00e0 bien l\u2019op\u00e9ration, il est important que les patients informent r\u00e9guli\u00e8rement leur m\u00e9decin avant et apr\u00e8s l\u2019examen. De plus, l&#039;utilisation d&#039;antibiotiques pendant la p\u00e9riode postop\u00e9ratoire, le respect de l&#039;hygi\u00e8ne bucco-dentaire et le respect des autres instructions de soins recommand\u00e9es par le m\u00e9decin ont un effet positif sur le processus de gu\u00e9rison.\n\n<strong>Points \u00e0 consid\u00e9rer avant l\u2019op\u00e9ration de bichectomie<\/strong>\n\nAvant la chirurgie de bichectomie, il est important que les patients expriment clairement leurs attentes et objectifs postop\u00e9ratoires \u00e0 leur m\u00e9decin. Ils doivent \u00e9galement partager des informations telles que les maladies chroniques, les m\u00e9dicaments qu\u2019ils utilisent, la consommation d\u2019alcool et de tabac. Ces informations guident les m\u00e9decins sur les risques postop\u00e9ratoires et sur ce que peut \u00eatre le processus de r\u00e9cup\u00e9ration. Lors de l&#039;examen, le m\u00e9decin examine le visage du patient et tente de comprendre quelle apparence il souhaite obtenir. Il est important que les patients n&#039;arr\u00eatent pas les m\u00e9dicaments qu&#039;ils utilisent r\u00e9guli\u00e8rement et suivent les recommandations du m\u00e9decin avant et apr\u00e8s l&#039;op\u00e9ration.\n\n<strong>Points \u00e0 consid\u00e9rer apr\u00e8s une op\u00e9ration de bichectomie<\/strong>\n\nApr\u00e8s une bichectomie, les patients sortent g\u00e9n\u00e9ralement imm\u00e9diatement et peuvent reprendre leurs activit\u00e9s quotidiennes. L&#039;utilisation d&#039;antibiotiques, le respect de l&#039;hygi\u00e8ne bucco-dentaire et le respect des autres instructions de soins apr\u00e8s l&#039;op\u00e9ration peuvent acc\u00e9l\u00e9rer le processus de gu\u00e9rison. De plus, des compresses froides peuvent \u00eatre appliqu\u00e9es pour r\u00e9duire l\u2019enflure et les ecchymoses. D&#039;autres facteurs \u00e0 prendre en compte apr\u00e8s l&#039;op\u00e9ration incluent le fait de ne pas fumer, de limiter la consommation d&#039;alcool et de ne pas sauter les contr\u00f4les r\u00e9guliers. La mise en \u0153uvre compl\u00e8te de toutes les instructions donn\u00e9es par le m\u00e9decin est importante pour un processus de r\u00e9cup\u00e9ration r\u00e9ussi. L\u2019op\u00e9ration de bichectomie offre une solution efficace pour ceux qui souhaitent clarifier les lignes du visage et obtenir une apparence plus esth\u00e9tique. Cependant, comme toute op\u00e9ration esth\u00e9tique, la bichectomie peut donner les meilleurs r\u00e9sultats lorsqu\u2019elle est r\u00e9alis\u00e9e correctement et sur des candidats appropri\u00e9s entre des mains expertes. Il est important pour ceux qui souhaitent obtenir une apparence faciale id\u00e9ale d&#039;avoir une discussion d\u00e9taill\u00e9e avec un chirurgien plasticien sp\u00e9cialis\u00e9 avant l&#039;op\u00e9ration de bichectomie et d&#039;\u00e9valuer si l&#039;op\u00e9ration leur convient.\t\t\t\t\t\t\t\t<\/div>\n\t\t\t\t<\/div>\n\t\t\t\t\t<\/div>\n\t\t<\/div>\n\t\t\t\t\t<\/div>\n\t\t<\/section>\n\t\t\t\t<\/div>","protected":false},"excerpt":{"rendered":"<p>Bi\u015fektomi Hastanede Kal\u0131\u015f S\u00fcresi: Gerekli De\u011fil Operasyon S\u00fcresi: 6-8 Saat Anestezi: Lokal \u0130yile\u015fme S\u00fcresi: 6-12 Ay Hemen Randevu Al\u0131n Bi\u015fektomi, ideal bir y\u00fcz g\u00f6r\u00fcn\u00fcm\u00fc hedefleyen ki\u015filerin tercih etti\u011fi estetik operasyonlardan biridir. Bu operasyon, y\u00fcz hatlar\u0131n\u0131 daha orant\u0131l\u0131 hale getirmek amac\u0131yla uygulan\u0131r. Baz\u0131 durumlarda, ki\u015fi ideal kiloda olsa bile y\u00fczdeki ya\u011f oran\u0131 nedeniyle kilolu bir izlenim [&hellip;]<\/p>\n","protected":false},"author":2,"featured_media":0,"parent":0,"menu_order":0,"comment_status":"closed","ping_status":"closed","template":"","meta":{"postBodyMargin":[],"postBodyPadding":[],"postBodyBackground":{"backgroundType":"classic","gradient":""},"footnotes":""},"class_list":["post-13615","page","type-page","status-publish","hentry"],"_links":{"self":[{"href":"https:\/\/seldacenter.com\/fr\/wp-json\/wp\/v2\/pages\/13615","targetHints":{"allow":["GET"]}}],"collection":[{"href":"https:\/\/seldacenter.com\/fr\/wp-json\/wp\/v2\/pages"}],"about":[{"href":"https:\/\/seldacenter.com\/fr\/wp-json\/wp\/v2\/types\/page"}],"author":[{"embeddable":true,"href":"https:\/\/seldacenter.com\/fr\/wp-json\/wp\/v2\/users\/2"}],"replies":[{"embeddable":true,"href":"https:\/\/seldacenter.com\/fr\/wp-json\/wp\/v2\/comments?post=13615"}],"version-history":[{"count":7,"href":"https:\/\/seldacenter.com\/fr\/wp-json\/wp\/v2\/pages\/13615\/revisions"}],"predecessor-version":[{"id":14167,"href":"https:\/\/seldacenter.com\/fr\/wp-json\/wp\/v2\/pages\/13615\/revisions\/14167"}],"wp:attachment":[{"href":"https:\/\/seldacenter.com\/fr\/wp-json\/wp\/v2\/media?parent=13615"}],"curies":[{"name":"wp","href":"https:\/\/api.w.org\/{rel}","templated":true}]}}