{"id":13613,"date":"2024-02-17T19:00:31","date_gmt":"2024-02-17T19:00:31","guid":{"rendered":"https:\/\/seldacenter.com\/yeniyapi\/?page_id=13613"},"modified":"2024-03-02T00:36:01","modified_gmt":"2024-03-02T00:36:01","slug":"alt-goz-kapagi-ameliyati","status":"publish","type":"page","link":"https:\/\/seldacenter.com\/fr\/alt-goz-kapagi-ameliyati\/","title":{"rendered":"Chirurgie des paupi\u00e8res inf\u00e9rieures"},"content":{"rendered":"<div data-elementor-type=\"wp-page\" data-elementor-id=\"13613\" class=\"elementor elementor-13613\" data-elementor-post-type=\"page\">\n\t\t\t\t\t\t<section class=\"elementor-section elementor-top-section elementor-element elementor-element-fc9c5f8 elementor-section-boxed elementor-section-height-default elementor-section-height-default\" data-id=\"fc9c5f8\" data-element_type=\"section\">\n\t\t\t\t\t\t<div class=\"elementor-container elementor-column-gap-default\">\n\t\t\t\t\t<div class=\"elementor-column elementor-col-50 elementor-top-column elementor-element elementor-element-b99204d\" data-id=\"b99204d\" data-element_type=\"column\" data-settings=\"{&quot;background_background&quot;:&quot;classic&quot;}\">\n\t\t\t<div class=\"elementor-widget-wrap elementor-element-populated\">\n\t\t\t\t\t\t<div class=\"elementor-element elementor-element-4c622c1 elementor-widget elementor-widget-image\" data-id=\"4c622c1\" data-element_type=\"widget\" data-widget_type=\"image.default\">\n\t\t\t\t<div class=\"elementor-widget-container\">\n\t\t\t\t\t\t\t\t\t\t\t\t\t\t\t<img fetchpriority=\"high\" decoding=\"async\" width=\"996\" height=\"664\" src=\"https:\/\/seldacenter.com\/wp-content\/uploads\/2024\/03\/woman-with-marks-cosmetic-treatment-wearing-surgical-cap_107420-74117.jpg\" class=\"attachment-full size-full wp-image-14148\" alt=\"\" srcset=\"https:\/\/seldacenter.com\/wp-content\/uploads\/2024\/03\/woman-with-marks-cosmetic-treatment-wearing-surgical-cap_107420-74117.jpg 996w, https:\/\/seldacenter.com\/wp-content\/uploads\/2024\/03\/woman-with-marks-cosmetic-treatment-wearing-surgical-cap_107420-74117-600x400.jpg 600w, https:\/\/seldacenter.com\/wp-content\/uploads\/2024\/03\/woman-with-marks-cosmetic-treatment-wearing-surgical-cap_107420-74117-300x200.jpg 300w, https:\/\/seldacenter.com\/wp-content\/uploads\/2024\/03\/woman-with-marks-cosmetic-treatment-wearing-surgical-cap_107420-74117-768x512.jpg 768w\" sizes=\"(max-width: 996px) 100vw, 996px\" \/>\t\t\t\t\t\t\t\t\t\t\t\t\t\t\t<\/div>\n\t\t\t\t<\/div>\n\t\t\t\t\t<\/div>\n\t\t<\/div>\n\t\t\t\t<div class=\"elementor-column elementor-col-50 elementor-top-column elementor-element elementor-element-4df5137\" data-id=\"4df5137\" data-element_type=\"column\">\n\t\t\t<div class=\"elementor-widget-wrap elementor-element-populated\">\n\t\t\t\t\t\t<div class=\"elementor-element elementor-element-f7b567e elementor-widget-divider--view-line_text elementor-widget-divider--element-align-left elementor-widget elementor-widget-divider\" data-id=\"f7b567e\" data-element_type=\"widget\" data-widget_type=\"divider.default\">\n\t\t\t\t<div class=\"elementor-widget-container\">\n\t\t\t\t\t\t\t<div class=\"elementor-divider\">\n\t\t\t<span class=\"elementor-divider-separator\">\n\t\t\t\t\t\t\t<h3 class=\"elementor-divider__text elementor-divider__element\">\n\t\t\t\tPaupi\u00e8re inf\u00e9rieure\t\t\t\t<\/h3>\n\t\t\t\t\t\t<\/span>\n\t\t<\/div>\n\t\t\t\t\t\t<\/div>\n\t\t\t\t<\/div>\n\t\t\t\t<div class=\"elementor-element elementor-element-b6fc3c1 elementor-align-left elementor-icon-list--layout-traditional elementor-list-item-link-full_width elementor-widget elementor-widget-icon-list\" data-id=\"b6fc3c1\" data-element_type=\"widget\" data-widget_type=\"icon-list.default\">\n\t\t\t\t<div class=\"elementor-widget-container\">\n\t\t\t\t\t\t\t<ul class=\"elementor-icon-list-items\">\n\t\t\t\t\t\t\t<li class=\"elementor-icon-list-item\">\n\t\t\t\t\t\t\t\t\t\t\t<span class=\"elementor-icon-list-icon\">\n\t\t\t\t\t\t\t<svg aria-hidden=\"true\" class=\"e-font-icon-svg e-far-hospital\" viewbox=\"0 0 448 512\" xmlns=\"http:\/\/www.w3.org\/2000\/svg\"><path d=\"M128 244v-40c0-6.627 5.373-12 12-12h40c6.627 0 12 5.373 12 12v40c0 6.627-5.373 12-12 12h-40c-6.627 0-12-5.373-12-12zm140 12h40c6.627 0 12-5.373 12-12v-40c0-6.627-5.373-12-12-12h-40c-6.627 0-12 5.373-12 12v40c0 6.627 5.373 12 12 12zm-76 84v-40c0-6.627-5.373-12-12-12h-40c-6.627 0-12 5.373-12 12v40c0 6.627 5.373 12 12 12h40c6.627 0 12-5.373 12-12zm76 12h40c6.627 0 12-5.373 12-12v-40c0-6.627-5.373-12-12-12h-40c-6.627 0-12 5.373-12 12v40c0 6.627 5.373 12 12 12zm180 124v36H0v-36c0-6.627 5.373-12 12-12h19.5V85.035C31.5 73.418 42.245 64 55.5 64H144V24c0-13.255 10.745-24 24-24h112c13.255 0 24 10.745 24 24v40h88.5c13.255 0 24 9.418 24 21.035V464H436c6.627 0 12 5.373 12 12zM79.5 463H192v-67c0-6.627 5.373-12 12-12h40c6.627 0 12 5.373 12 12v67h112.5V112H304v24c0 13.255-10.745 24-24 24H168c-13.255 0-24-10.745-24-24v-24H79.5v351zM266 64h-26V38a6 6 0 0 0-6-6h-20a6 6 0 0 0-6 6v26h-26a6 6 0 0 0-6 6v20a6 6 0 0 0 6 6h26v26a6 6 0 0 0 6 6h20a6 6 0 0 0 6-6V96h26a6 6 0 0 0 6-6V70a6 6 0 0 0-6-6z\"><\/path><\/svg>\t\t\t\t\t\t<\/span>\n\t\t\t\t\t\t\t\t\t\t<span class=\"elementor-icon-list-text\">S\u00e9jour \u00e0 l&#039;h\u00f4pital : 1 jour<\/span>\n\t\t\t\t\t\t\t\t\t<\/li>\n\t\t\t\t\t\t\t\t<li class=\"elementor-icon-list-item\">\n\t\t\t\t\t\t\t\t\t\t\t<span class=\"elementor-icon-list-icon\">\n\t\t\t\t\t\t\t<svg aria-hidden=\"true\" class=\"e-font-icon-svg e-far-clock\" viewbox=\"0 0 512 512\" xmlns=\"http:\/\/www.w3.org\/2000\/svg\"><path d=\"M256 8C119 8 8 119 8 256s111 248 248 248 248-111 248-248S393 8 256 8zm0 448c-110.5 0-200-89.5-200-200S145.5 56 256 56s200 89.5 200 200-89.5 200-200 200zm61.8-104.4l-84.9-61.7c-3.1-2.3-4.9-5.9-4.9-9.7V116c0-6.6 5.4-12 12-12h32c6.6 0 12 5.4 12 12v141.7l66.8 48.6c5.4 3.9 6.5 11.4 2.6 16.8L334.6 349c-3.9 5.3-11.4 6.5-16.8 2.6z\"><\/path><\/svg>\t\t\t\t\t\t<\/span>\n\t\t\t\t\t\t\t\t\t\t<span class=\"elementor-icon-list-text\">Dur\u00e9e de fonctionnement\u00a0: 6 \u00e0 8 heures<\/span>\n\t\t\t\t\t\t\t\t\t<\/li>\n\t\t\t\t\t\t\t\t<li class=\"elementor-icon-list-item\">\n\t\t\t\t\t\t\t\t\t\t\t<span class=\"elementor-icon-list-icon\">\n\t\t\t\t\t\t\t<svg aria-hidden=\"true\" class=\"e-font-icon-svg e-fas-syringe\" viewbox=\"0 0 512 512\" xmlns=\"http:\/\/www.w3.org\/2000\/svg\"><path d=\"M201.5 174.8l55.7 55.8c3.1 3.1 3.1 8.2 0 11.3l-11.3 11.3c-3.1 3.1-8.2 3.1-11.3 0l-55.7-55.8-45.3 45.3 55.8 55.8c3.1 3.1 3.1 8.2 0 11.3l-11.3 11.3c-3.1 3.1-8.2 3.1-11.3 0L111 265.2l-26.4 26.4c-17.3 17.3-25.6 41.1-23 65.4l7.1 63.6L2.3 487c-3.1 3.1-3.1 8.2 0 11.3l11.3 11.3c3.1 3.1 8.2 3.1 11.3 0l66.3-66.3 63.6 7.1c23.9 2.6 47.9-5.4 65.4-23l181.9-181.9-135.7-135.7-64.9 65zm308.2-93.3L430.5 2.3c-3.1-3.1-8.2-3.1-11.3 0l-11.3 11.3c-3.1 3.1-3.1 8.2 0 11.3l28.3 28.3-45.3 45.3-56.6-56.6-17-17c-3.1-3.1-8.2-3.1-11.3 0l-33.9 33.9c-3.1 3.1-3.1 8.2 0 11.3l17 17L424.8 223l17 17c3.1 3.1 8.2 3.1 11.3 0l33.9-34c3.1-3.1 3.1-8.2 0-11.3l-73.5-73.5 45.3-45.3 28.3 28.3c3.1 3.1 8.2 3.1 11.3 0l11.3-11.3c3.1-3.2 3.1-8.2 0-11.4z\"><\/path><\/svg>\t\t\t\t\t\t<\/span>\n\t\t\t\t\t\t\t\t\t\t<span class=\"elementor-icon-list-text\">Anesth\u00e9sie\u00a0: g\u00e9n\u00e9rale<\/span>\n\t\t\t\t\t\t\t\t\t<\/li>\n\t\t\t\t\t\t\t\t<li class=\"elementor-icon-list-item\">\n\t\t\t\t\t\t\t\t\t\t\t<span class=\"elementor-icon-list-icon\">\n\t\t\t\t\t\t\t<svg aria-hidden=\"true\" class=\"e-font-icon-svg e-far-heart\" viewbox=\"0 0 512 512\" xmlns=\"http:\/\/www.w3.org\/2000\/svg\"><path d=\"M458.4 64.3C400.6 15.7 311.3 23 256 79.3 200.7 23 111.4 15.6 53.6 64.3-21.6 127.6-10.6 230.8 43 285.5l175.4 178.7c10 10.2 23.4 15.9 37.6 15.9 14.3 0 27.6-5.6 37.6-15.8L469 285.6c53.5-54.7 64.7-157.9-10.6-221.3zm-23.6 187.5L259.4 430.5c-2.4 2.4-4.4 2.4-6.8 0L77.2 251.8c-36.5-37.2-43.9-107.6 7.3-150.7 38.9-32.7 98.9-27.8 136.5 10.5l35 35.7 35-35.7c37.8-38.5 97.8-43.2 136.5-10.6 51.1 43.1 43.5 113.9 7.3 150.8z\"><\/path><\/svg>\t\t\t\t\t\t<\/span>\n\t\t\t\t\t\t\t\t\t\t<span class=\"elementor-icon-list-text\">Temps de r\u00e9cup\u00e9ration\u00a0: 6 \u00e0 12\u00a0mois<\/span>\n\t\t\t\t\t\t\t\t\t<\/li>\n\t\t\t\t\t\t<\/ul>\n\t\t\t\t\t\t<\/div>\n\t\t\t\t<\/div>\n\t\t\t\t<div class=\"elementor-element elementor-element-5e596e3 elementor-align-justify elementor-widget elementor-widget-button\" data-id=\"5e596e3\" data-element_type=\"widget\" data-widget_type=\"button.default\">\n\t\t\t\t<div class=\"elementor-widget-container\">\n\t\t\t\t\t\t\t\t\t<div class=\"elementor-button-wrapper\">\n\t\t\t\t\t<a class=\"elementor-button elementor-button-link elementor-size-sm elementor-animation-buzz\" href=\"https:\/\/seldacenter.com\/fr\/\">\n\t\t\t\t\t\t<span class=\"elementor-button-content-wrapper\">\n\t\t\t\t\t\t\t\t\t<span class=\"elementor-button-text\">Prenez rendez-vous maintenant<\/span>\n\t\t\t\t\t<\/span>\n\t\t\t\t\t<\/a>\n\t\t\t\t<\/div>\n\t\t\t\t\t\t\t\t<\/div>\n\t\t\t\t<\/div>\n\t\t\t\t\t<\/div>\n\t\t<\/div>\n\t\t\t\t\t<\/div>\n\t\t<\/section>\n\t\t\t\t<section class=\"elementor-section elementor-top-section elementor-element elementor-element-2fbc577f elementor-section-boxed elementor-section-height-default elementor-section-height-default\" data-id=\"2fbc577f\" data-element_type=\"section\">\n\t\t\t\t\t\t<div class=\"elementor-container elementor-column-gap-default\">\n\t\t\t\t\t<div class=\"elementor-column elementor-col-100 elementor-top-column elementor-element elementor-element-20a25bb0\" data-id=\"20a25bb0\" data-element_type=\"column\">\n\t\t\t<div class=\"elementor-widget-wrap elementor-element-populated\">\n\t\t\t\t\t\t<div class=\"elementor-element elementor-element-258b3b6c elementor-widget elementor-widget-text-editor\" data-id=\"258b3b6c\" data-element_type=\"widget\" data-widget_type=\"text-editor.default\">\n\t\t\t\t<div class=\"elementor-widget-container\">\n\t\t\t\t\t\t\t\t\tEn vieillissant, de nombreux changements se produisent dans notre corps. L\u2019une des zones o\u00f9 ces changements sont les plus \u00e9vidents est le visage et le contour des yeux. Les poches, le rel\u00e2chement, les rides et les d\u00e9placements des tissus adipeux, en particulier au niveau de la paupi\u00e8re inf\u00e9rieure, peuvent provoquer une apparence vieillie. Cependant, il est aujourd\u2019hui possible de corriger ces sympt\u00f4mes gr\u00e2ce \u00e0 des interventions de chirurgie plastique. L\u2019esth\u00e9tique des paupi\u00e8res inf\u00e9rieures est une solution efficace qui redonne jeunesse et vitalit\u00e9 \u00e0 votre regard.\n\n<strong>Sympt\u00f4mes du vieillissement des paupi\u00e8res inf\u00e9rieures\u00a0:<\/strong>\n\nLes signes de vieillissement de la paupi\u00e8re inf\u00e9rieure sont g\u00e9n\u00e9ralement dus \u00e0 l\u2019\u00e2ge combin\u00e9 \u00e0 des facteurs g\u00e9n\u00e9tiques. Les sympt\u00f4mes suivants peuvent \u00eatre des signes de vieillissement de la paupi\u00e8re inf\u00e9rieure\u00a0:\n<ol>\n \t<li><strong>Ensachage et desserrage\u00a0:<\/strong> Les poches sous les yeux font perdre \u00e0 la paupi\u00e8re inf\u00e9rieure son aspect jeune et frais.<\/li>\n \t<li><strong>Rainures form\u00e9es\u00a0:<\/strong> La formation de sillons limitant les poches sous les yeux indique la fragilisation des structures autour des yeux.<\/li>\n \t<li><strong>D\u00e9pressions des joues\u00a0:<\/strong> Les d\u00e9pressions au niveau des joues caus\u00e9es par la gravit\u00e9 peuvent n\u00e9cessiter une esth\u00e9tique des paupi\u00e8res inf\u00e9rieures.<\/li>\n \t<li><strong>Amincissement et rides\u00a0:<\/strong> L\u2019amincissement de la peau autour des yeux et les rides sont des signes \u00e9vidents du vieillissement.<\/li>\n \t<li><strong>Lignes de pattes d&#039;oie\u00a0:<\/strong> Les rides de la patte d&#039;oie qui apparaissent autour des yeux peuvent devenir plus visibles avec le temps.<\/li>\n \t<li><strong>Affaiblissement des muscles des paupi\u00e8res\u00a0:<\/strong> L\u2019affaiblissement des muscles des paupi\u00e8res peut aggraver les probl\u00e8mes esth\u00e9tiques autour des yeux.<\/li>\n<\/ol>\n<strong>D\u00e9cision esth\u00e9tique de la paupi\u00e8re inf\u00e9rieure\u00a0:<\/strong>\n\nAu moment de d\u00e9cider de l\u2019esth\u00e9tique des paupi\u00e8res inf\u00e9rieures, il est important d\u2019\u00e9valuer le visage du patient dans son ensemble. Un examen physique joue un r\u00f4le cl\u00e9 dans la d\u00e9termination des pr\u00e9dispositions g\u00e9n\u00e9tiques et de la mani\u00e8re dont le processus de vieillissement les affecte. Le vieillissement de la paupi\u00e8re inf\u00e9rieure doit g\u00e9n\u00e9ralement \u00eatre consid\u00e9r\u00e9 en m\u00eame temps que les signes de vieillissement au niveau des joues. Pour cette raison, l\u2019esth\u00e9tique des paupi\u00e8res inf\u00e9rieures est souvent r\u00e9alis\u00e9e en m\u00eame temps qu\u2019une chirurgie de lifting m\u00e9dian du visage.\n\n<strong>Proc\u00e9dure esth\u00e9tique de la paupi\u00e8re inf\u00e9rieure\u00a0:<\/strong>\n\nLes interventions esth\u00e9tiques de la paupi\u00e8re inf\u00e9rieure commencent g\u00e9n\u00e9ralement par une incision pratiqu\u00e9e sous la paupi\u00e8re inf\u00e9rieure. La peau et les muscles des paupi\u00e8res sont soulev\u00e9s par cette incision et les coussinets adipeux sont corrig\u00e9s. Cette proc\u00e9dure vise \u00e0 \u00e9liminer les poches et les d\u00e9pressions sous les yeux. Une chirurgie endoscopique peut \u00e9galement \u00eatre r\u00e9alis\u00e9e pour corriger le tissu adipeux au niveau des joues. La proc\u00e9dure est g\u00e9n\u00e9ralement r\u00e9alis\u00e9e sous anesth\u00e9sie g\u00e9n\u00e9rale et peut durer de 2 \u00e0 4 heures.\n\n<strong>Processus apr\u00e8s une chirurgie des paupi\u00e8res inf\u00e9rieures\u00a0:<\/strong>\n\nLe processus de r\u00e9cup\u00e9ration du patient est g\u00e9n\u00e9ralement rapide apr\u00e8s une esth\u00e9tique des paupi\u00e8res inf\u00e9rieures. Au cours des premi\u00e8res semaines, l\u2019enflure et les ecchymoses diminuent et les cicatrices deviennent plus visibles. Bien que le processus de r\u00e9cup\u00e9ration varie d&#039;une personne \u00e0 l&#039;autre, les patients peuvent g\u00e9n\u00e9ralement reprendre leurs activit\u00e9s quotidiennes normales apr\u00e8s une intervention chirurgicale qui dure environ 2 \u00e0 4 heures.\n\n<strong>Conclusion:<\/strong>\n\nL\u2019esth\u00e9tique des paupi\u00e8res inf\u00e9rieures est une option efficace pour r\u00e9duire les effets du vieillissement et obtenir une apparence plus jeune. La proc\u00e9dure rajeunit l\u2019ensemble du visage en corrigeant les poches, les d\u00e9pressions et les rides de la paupi\u00e8re inf\u00e9rieure. Un examen et une \u00e9valuation d\u00e9taill\u00e9s avant la chirurgie sont une \u00e9tape cruciale pour obtenir les meilleurs r\u00e9sultats.\t\t\t\t\t\t\t\t<\/div>\n\t\t\t\t<\/div>\n\t\t\t\t\t<\/div>\n\t\t<\/div>\n\t\t\t\t\t<\/div>\n\t\t<\/section>\n\t\t\t\t<\/div>","protected":false},"excerpt":{"rendered":"<p>Alt G\u00f6z Kapa\u011f\u0131 Hastanede Kal\u0131\u015f S\u00fcresi: 1 G\u00fcn Operasyon S\u00fcresi: 6-8 Saat Anestezi: Genel \u0130yile\u015fme S\u00fcresi: 6-12 Ay Hemen Randevu Al\u0131n Ya\u015f\u0131n ilerlemesiyle birlikte, v\u00fccudumuzda pek \u00e7ok de\u011fi\u015fiklik meydana gelir. Bu de\u011fi\u015fikliklerin en belirgin oldu\u011fu b\u00f6lgelerden biri de y\u00fcz ve g\u00f6z \u00e7evresidir. \u00d6zellikle alt g\u00f6z kapa\u011f\u0131nda ortaya \u00e7\u0131kan torbalanma, sarkma, k\u0131r\u0131\u015f\u0131kl\u0131klar ve ya\u011f dokusundaki kaymalar, [&hellip;]<\/p>\n","protected":false},"author":2,"featured_media":0,"parent":0,"menu_order":0,"comment_status":"closed","ping_status":"closed","template":"","meta":{"postBodyMargin":[],"postBodyPadding":[],"postBodyBackground":{"backgroundType":"classic","gradient":""},"footnotes":""},"class_list":["post-13613","page","type-page","status-publish","hentry"],"_links":{"self":[{"href":"https:\/\/seldacenter.com\/fr\/wp-json\/wp\/v2\/pages\/13613","targetHints":{"allow":["GET"]}}],"collection":[{"href":"https:\/\/seldacenter.com\/fr\/wp-json\/wp\/v2\/pages"}],"about":[{"href":"https:\/\/seldacenter.com\/fr\/wp-json\/wp\/v2\/types\/page"}],"author":[{"embeddable":true,"href":"https:\/\/seldacenter.com\/fr\/wp-json\/wp\/v2\/users\/2"}],"replies":[{"embeddable":true,"href":"https:\/\/seldacenter.com\/fr\/wp-json\/wp\/v2\/comments?post=13613"}],"version-history":[{"count":10,"href":"https:\/\/seldacenter.com\/fr\/wp-json\/wp\/v2\/pages\/13613\/revisions"}],"predecessor-version":[{"id":14151,"href":"https:\/\/seldacenter.com\/fr\/wp-json\/wp\/v2\/pages\/13613\/revisions\/14151"}],"wp:attachment":[{"href":"https:\/\/seldacenter.com\/fr\/wp-json\/wp\/v2\/media?parent=13613"}],"curies":[{"name":"wp","href":"https:\/\/api.w.org\/{rel}","templated":true}]}}