{"id":13609,"date":"2024-02-17T18:58:49","date_gmt":"2024-02-17T18:58:49","guid":{"rendered":"https:\/\/seldacenter.com\/yeniyapi\/?page_id=13609"},"modified":"2024-02-17T18:58:50","modified_gmt":"2024-02-17T18:58:50","slug":"uyluk-germe-ameliyati-nedir","status":"publish","type":"page","link":"https:\/\/seldacenter.com\/fr\/uyluk-germe-ameliyati-nedir\/","title":{"rendered":"Qu\u2019est-ce que la chirurgie de lifting des cuisses ?"},"content":{"rendered":"<p>Le lifting des cuisses est une intervention esth\u00e9tique visant \u00e0 corriger le rel\u00e2chement cutan\u00e9 des cuisses, caus\u00e9 par une prise ou une perte de poids excessive ou le vieillissement. Cette intervention corrige l&#039;exc\u00e8s de peau et de graisse \u00e0 l&#039;int\u00e9rieur des cuisses, offrant ainsi une apparence plus ferme, plus jeune et plus esth\u00e9tique.<\/p>\n<p><strong>Qu&#039;est-ce que l&#039;affaissement des cuisses\u00a0? Quelles en sont les causes\u00a0?<\/strong><\/p>\n<p>L&#039;affaissement des cuisses est d\u00fb au vieillissement, \u00e0 la perte d&#039;\u00e9lasticit\u00e9 et de tension cutan\u00e9es suite \u00e0 une prise ou une perte de poids excessive. Le rel\u00e2chement cutan\u00e9 se manifeste \u00e0 l&#039;int\u00e9rieur des cuisses. Ce probl\u00e8me se concentre g\u00e9n\u00e9ralement sur la partie m\u00e9diane de la cuisse et peut parfois s&#039;\u00e9tendre jusqu&#039;au genou.<\/p>\n<p><strong>Comment se d\u00e9roule un lifting des cuisses ?<\/strong><\/p>\n<p>Le lifting des cuisses vise \u00e0 corriger l&#039;exc\u00e8s de peau et de graisse sur les parties sup\u00e9rieures et internes des jambes. Deux m\u00e9thodes sont possibles\u00a0:<\/p>\n<ol>\n<li><strong>\u00c9limination de l&#039;exc\u00e8s de peau :<\/strong> Chez les patients minces avec peu de rel\u00e2chement cutan\u00e9, l&#039;exc\u00e8s de peau est retir\u00e9, resserr\u00e9 et sutur\u00e9 pour laisser une cicatrice horizontale \u00e0 l&#039;int\u00e9rieur de l&#039;aine.<\/li>\n<li><strong>M\u00e9thode combin\u00e9e avec liposuccion :<\/strong> Elle est appliqu\u00e9e aux patients pr\u00e9sentant un exc\u00e8s de peau et de graisse par liposuccion. Cette m\u00e9thode permet \u00e0 la peau de retrouver une apparence plus jeune et plus ferme.<\/li>\n<\/ol>\n<p><strong>Dur\u00e9e et douleur de la chirurgie de lifting des cuisses<\/strong><\/p>\n<p>Selon l&#039;\u00e9tat du patient, l&#039;intervention de lifting des cuisses dure g\u00e9n\u00e9ralement de 2 \u00e0 3 heures. La douleur est minime et, si elle survient les premiers jours, elle peut \u00eatre soulag\u00e9e par de simples analg\u00e9siques.<\/p>\n<p><strong>Type d&#039;anesth\u00e9sie<\/strong><\/p>\n<p>Lors d&#039;une op\u00e9ration de lifting des cuisses, le patient est g\u00e9n\u00e9ralement sous anesth\u00e9sie g\u00e9n\u00e9rale. Cela lui permet de subir l&#039;op\u00e9ration sans douleur et confortablement.<\/p>\n<p>Le lifting des cuisses remod\u00e8le la peau rel\u00e2ch\u00e9e gr\u00e2ce \u00e0 une solution esth\u00e9tique, offrant au patient une silhouette plus jeune, plus ferme et plus harmonieuse. R\u00e9alis\u00e9 apr\u00e8s une consultation pr\u00e9alable approfondie, une technique appropri\u00e9e et des mains expertes, ce lifting des cuisses est une solution esth\u00e9tique efficace visant \u00e0 accro\u00eetre la satisfaction du patient.<\/p>","protected":false},"excerpt":{"rendered":"<p>Uyluk germe ameliyat\u0131, a\u015f\u0131r\u0131 kilo al\u0131p verme veya ya\u015flanma s\u00fcreci gibi fakt\u00f6rler nedeniyle olu\u015fan uyluk b\u00f6lgesindeki cilt sarkmalar\u0131n\u0131 gidermek amac\u0131yla ger\u00e7ekle\u015ftirilen estetik bir operasyondur. Bu ameliyat, uyluk i\u00e7 k\u0131sm\u0131ndaki deri bollu\u011funu ve ya\u011flanmay\u0131 d\u00fczelterek daha s\u0131k\u0131, gen\u00e7 ve estetik bir g\u00f6r\u00fcn\u00fcm sa\u011flar. Uyluk Sarkmas\u0131 Nedir? Neden Olur? Uyluk sarkmas\u0131, ya\u015flanma s\u00fcreci ve cilt esnekli\u011fini kaybetme, [&hellip;]<\/p>\n","protected":false},"author":2,"featured_media":0,"parent":0,"menu_order":0,"comment_status":"closed","ping_status":"closed","template":"","meta":{"postBodyMargin":[],"postBodyPadding":[],"postBodyBackground":{"backgroundType":"classic","gradient":""},"footnotes":""},"class_list":["post-13609","page","type-page","status-publish","hentry"],"_links":{"self":[{"href":"https:\/\/seldacenter.com\/fr\/wp-json\/wp\/v2\/pages\/13609","targetHints":{"allow":["GET"]}}],"collection":[{"href":"https:\/\/seldacenter.com\/fr\/wp-json\/wp\/v2\/pages"}],"about":[{"href":"https:\/\/seldacenter.com\/fr\/wp-json\/wp\/v2\/types\/page"}],"author":[{"embeddable":true,"href":"https:\/\/seldacenter.com\/fr\/wp-json\/wp\/v2\/users\/2"}],"replies":[{"embeddable":true,"href":"https:\/\/seldacenter.com\/fr\/wp-json\/wp\/v2\/comments?post=13609"}],"version-history":[{"count":1,"href":"https:\/\/seldacenter.com\/fr\/wp-json\/wp\/v2\/pages\/13609\/revisions"}],"predecessor-version":[{"id":13610,"href":"https:\/\/seldacenter.com\/fr\/wp-json\/wp\/v2\/pages\/13609\/revisions\/13610"}],"wp:attachment":[{"href":"https:\/\/seldacenter.com\/fr\/wp-json\/wp\/v2\/media?parent=13609"}],"curies":[{"name":"wp","href":"https:\/\/api.w.org\/{rel}","templated":true}]}}