{"id":13607,"date":"2024-02-17T18:58:14","date_gmt":"2024-02-17T18:58:14","guid":{"rendered":"https:\/\/seldacenter.com\/yeniyapi\/?page_id=13607"},"modified":"2024-03-01T22:32:35","modified_gmt":"2024-03-01T22:32:35","slug":"two-pack-nedir","status":"publish","type":"page","link":"https:\/\/seldacenter.com\/fr\/two-pack-nedir\/","title":{"rendered":"Qu\u2019est-ce que le Two Pack ?"},"content":{"rendered":"<div data-elementor-type=\"wp-page\" data-elementor-id=\"13607\" class=\"elementor elementor-13607\" data-elementor-post-type=\"page\">\n\t\t\t\t\t\t<section class=\"elementor-section elementor-top-section elementor-element elementor-element-49dd507 elementor-section-boxed elementor-section-height-default elementor-section-height-default\" data-id=\"49dd507\" data-element_type=\"section\">\n\t\t\t\t\t\t<div class=\"elementor-container elementor-column-gap-default\">\n\t\t\t\t\t<div class=\"elementor-column elementor-col-50 elementor-top-column elementor-element elementor-element-593ec47\" data-id=\"593ec47\" data-element_type=\"column\" data-settings=\"{&quot;background_background&quot;:&quot;classic&quot;}\">\n\t\t\t<div class=\"elementor-widget-wrap elementor-element-populated\">\n\t\t\t\t\t\t<div class=\"elementor-element elementor-element-417064a elementor-widget elementor-widget-image\" data-id=\"417064a\" data-element_type=\"widget\" data-widget_type=\"image.default\">\n\t\t\t\t<div class=\"elementor-widget-container\">\n\t\t\t\t\t\t\t\t\t\t\t\t\t\t\t<img fetchpriority=\"high\" decoding=\"async\" width=\"1152\" height=\"896\" src=\"https:\/\/seldacenter.com\/wp-content\/uploads\/2024\/03\/image-1.png\" class=\"attachment-full size-full wp-image-14132\" alt=\"\" srcset=\"https:\/\/seldacenter.com\/wp-content\/uploads\/2024\/03\/image-1.png 1152w, https:\/\/seldacenter.com\/wp-content\/uploads\/2024\/03\/image-1-600x467.png 600w, https:\/\/seldacenter.com\/wp-content\/uploads\/2024\/03\/image-1-300x233.png 300w, https:\/\/seldacenter.com\/wp-content\/uploads\/2024\/03\/image-1-1024x796.png 1024w, https:\/\/seldacenter.com\/wp-content\/uploads\/2024\/03\/image-1-768x597.png 768w\" sizes=\"(max-width: 1152px) 100vw, 1152px\" \/>\t\t\t\t\t\t\t\t\t\t\t\t\t\t\t<\/div>\n\t\t\t\t<\/div>\n\t\t\t\t\t<\/div>\n\t\t<\/div>\n\t\t\t\t<div class=\"elementor-column elementor-col-50 elementor-top-column elementor-element elementor-element-0380003\" data-id=\"0380003\" data-element_type=\"column\">\n\t\t\t<div class=\"elementor-widget-wrap elementor-element-populated\">\n\t\t\t\t\t\t<div class=\"elementor-element elementor-element-3723eae elementor-widget-divider--view-line_text elementor-widget-divider--element-align-left elementor-widget elementor-widget-divider\" data-id=\"3723eae\" data-element_type=\"widget\" data-widget_type=\"divider.default\">\n\t\t\t\t<div class=\"elementor-widget-container\">\n\t\t\t\t\t\t\t<div class=\"elementor-divider\">\n\t\t\t<span class=\"elementor-divider-separator\">\n\t\t\t\t\t\t\t<h3 class=\"elementor-divider__text elementor-divider__element\">\n\t\t\t\tDeux paquets\t\t\t\t<\/h3>\n\t\t\t\t\t\t<\/span>\n\t\t<\/div>\n\t\t\t\t\t\t<\/div>\n\t\t\t\t<\/div>\n\t\t\t\t<div class=\"elementor-element elementor-element-30202e0 elementor-align-left elementor-icon-list--layout-traditional elementor-list-item-link-full_width elementor-widget elementor-widget-icon-list\" data-id=\"30202e0\" data-element_type=\"widget\" data-widget_type=\"icon-list.default\">\n\t\t\t\t<div class=\"elementor-widget-container\">\n\t\t\t\t\t\t\t<ul class=\"elementor-icon-list-items\">\n\t\t\t\t\t\t\t<li class=\"elementor-icon-list-item\">\n\t\t\t\t\t\t\t\t\t\t\t<span class=\"elementor-icon-list-icon\">\n\t\t\t\t\t\t\t<svg aria-hidden=\"true\" class=\"e-font-icon-svg e-far-hospital\" viewbox=\"0 0 448 512\" xmlns=\"http:\/\/www.w3.org\/2000\/svg\"><path d=\"M128 244v-40c0-6.627 5.373-12 12-12h40c6.627 0 12 5.373 12 12v40c0 6.627-5.373 12-12 12h-40c-6.627 0-12-5.373-12-12zm140 12h40c6.627 0 12-5.373 12-12v-40c0-6.627-5.373-12-12-12h-40c-6.627 0-12 5.373-12 12v40c0 6.627 5.373 12 12 12zm-76 84v-40c0-6.627-5.373-12-12-12h-40c-6.627 0-12 5.373-12 12v40c0 6.627 5.373 12 12 12h40c6.627 0 12-5.373 12-12zm76 12h40c6.627 0 12-5.373 12-12v-40c0-6.627-5.373-12-12-12h-40c-6.627 0-12 5.373-12 12v40c0 6.627 5.373 12 12 12zm180 124v36H0v-36c0-6.627 5.373-12 12-12h19.5V85.035C31.5 73.418 42.245 64 55.5 64H144V24c0-13.255 10.745-24 24-24h112c13.255 0 24 10.745 24 24v40h88.5c13.255 0 24 9.418 24 21.035V464H436c6.627 0 12 5.373 12 12zM79.5 463H192v-67c0-6.627 5.373-12 12-12h40c6.627 0 12 5.373 12 12v67h112.5V112H304v24c0 13.255-10.745 24-24 24H168c-13.255 0-24-10.745-24-24v-24H79.5v351zM266 64h-26V38a6 6 0 0 0-6-6h-20a6 6 0 0 0-6 6v26h-26a6 6 0 0 0-6 6v20a6 6 0 0 0 6 6h26v26a6 6 0 0 0 6 6h20a6 6 0 0 0 6-6V96h26a6 6 0 0 0 6-6V70a6 6 0 0 0-6-6z\"><\/path><\/svg>\t\t\t\t\t\t<\/span>\n\t\t\t\t\t\t\t\t\t\t<span class=\"elementor-icon-list-text\">S\u00e9jour \u00e0 l&#039;h\u00f4pital : 2 jours<\/span>\n\t\t\t\t\t\t\t\t\t<\/li>\n\t\t\t\t\t\t\t\t<li class=\"elementor-icon-list-item\">\n\t\t\t\t\t\t\t\t\t\t\t<span class=\"elementor-icon-list-icon\">\n\t\t\t\t\t\t\t<svg aria-hidden=\"true\" class=\"e-font-icon-svg e-far-clock\" viewbox=\"0 0 512 512\" xmlns=\"http:\/\/www.w3.org\/2000\/svg\"><path d=\"M256 8C119 8 8 119 8 256s111 248 248 248 248-111 248-248S393 8 256 8zm0 448c-110.5 0-200-89.5-200-200S145.5 56 256 56s200 89.5 200 200-89.5 200-200 200zm61.8-104.4l-84.9-61.7c-3.1-2.3-4.9-5.9-4.9-9.7V116c0-6.6 5.4-12 12-12h32c6.6 0 12 5.4 12 12v141.7l66.8 48.6c5.4 3.9 6.5 11.4 2.6 16.8L334.6 349c-3.9 5.3-11.4 6.5-16.8 2.6z\"><\/path><\/svg>\t\t\t\t\t\t<\/span>\n\t\t\t\t\t\t\t\t\t\t<span class=\"elementor-icon-list-text\">Dur\u00e9e de fonctionnement\u00a0: 6 \u00e0 8 heures<\/span>\n\t\t\t\t\t\t\t\t\t<\/li>\n\t\t\t\t\t\t\t\t<li class=\"elementor-icon-list-item\">\n\t\t\t\t\t\t\t\t\t\t\t<span class=\"elementor-icon-list-icon\">\n\t\t\t\t\t\t\t<svg aria-hidden=\"true\" class=\"e-font-icon-svg e-fas-syringe\" viewbox=\"0 0 512 512\" xmlns=\"http:\/\/www.w3.org\/2000\/svg\"><path d=\"M201.5 174.8l55.7 55.8c3.1 3.1 3.1 8.2 0 11.3l-11.3 11.3c-3.1 3.1-8.2 3.1-11.3 0l-55.7-55.8-45.3 45.3 55.8 55.8c3.1 3.1 3.1 8.2 0 11.3l-11.3 11.3c-3.1 3.1-8.2 3.1-11.3 0L111 265.2l-26.4 26.4c-17.3 17.3-25.6 41.1-23 65.4l7.1 63.6L2.3 487c-3.1 3.1-3.1 8.2 0 11.3l11.3 11.3c3.1 3.1 8.2 3.1 11.3 0l66.3-66.3 63.6 7.1c23.9 2.6 47.9-5.4 65.4-23l181.9-181.9-135.7-135.7-64.9 65zm308.2-93.3L430.5 2.3c-3.1-3.1-8.2-3.1-11.3 0l-11.3 11.3c-3.1 3.1-3.1 8.2 0 11.3l28.3 28.3-45.3 45.3-56.6-56.6-17-17c-3.1-3.1-8.2-3.1-11.3 0l-33.9 33.9c-3.1 3.1-3.1 8.2 0 11.3l17 17L424.8 223l17 17c3.1 3.1 8.2 3.1 11.3 0l33.9-34c3.1-3.1 3.1-8.2 0-11.3l-73.5-73.5 45.3-45.3 28.3 28.3c3.1 3.1 8.2 3.1 11.3 0l11.3-11.3c3.1-3.2 3.1-8.2 0-11.4z\"><\/path><\/svg>\t\t\t\t\t\t<\/span>\n\t\t\t\t\t\t\t\t\t\t<span class=\"elementor-icon-list-text\">Anesth\u00e9sie\u00a0: Locale<\/span>\n\t\t\t\t\t\t\t\t\t<\/li>\n\t\t\t\t\t\t\t\t<li class=\"elementor-icon-list-item\">\n\t\t\t\t\t\t\t\t\t\t\t<span class=\"elementor-icon-list-icon\">\n\t\t\t\t\t\t\t<svg aria-hidden=\"true\" class=\"e-font-icon-svg e-far-heart\" viewbox=\"0 0 512 512\" xmlns=\"http:\/\/www.w3.org\/2000\/svg\"><path d=\"M458.4 64.3C400.6 15.7 311.3 23 256 79.3 200.7 23 111.4 15.6 53.6 64.3-21.6 127.6-10.6 230.8 43 285.5l175.4 178.7c10 10.2 23.4 15.9 37.6 15.9 14.3 0 27.6-5.6 37.6-15.8L469 285.6c53.5-54.7 64.7-157.9-10.6-221.3zm-23.6 187.5L259.4 430.5c-2.4 2.4-4.4 2.4-6.8 0L77.2 251.8c-36.5-37.2-43.9-107.6 7.3-150.7 38.9-32.7 98.9-27.8 136.5 10.5l35 35.7 35-35.7c37.8-38.5 97.8-43.2 136.5-10.6 51.1 43.1 43.5 113.9 7.3 150.8z\"><\/path><\/svg>\t\t\t\t\t\t<\/span>\n\t\t\t\t\t\t\t\t\t\t<span class=\"elementor-icon-list-text\">Temps de r\u00e9cup\u00e9ration\u00a0: 6 \u00e0 12\u00a0mois<\/span>\n\t\t\t\t\t\t\t\t\t<\/li>\n\t\t\t\t\t\t<\/ul>\n\t\t\t\t\t\t<\/div>\n\t\t\t\t<\/div>\n\t\t\t\t<div class=\"elementor-element elementor-element-7e34e8f elementor-align-justify elementor-widget elementor-widget-button\" data-id=\"7e34e8f\" data-element_type=\"widget\" data-widget_type=\"button.default\">\n\t\t\t\t<div class=\"elementor-widget-container\">\n\t\t\t\t\t\t\t\t\t<div class=\"elementor-button-wrapper\">\n\t\t\t\t\t<a class=\"elementor-button elementor-button-link elementor-size-sm elementor-animation-buzz\" href=\"https:\/\/seldacenter.com\/fr\/\">\n\t\t\t\t\t\t<span class=\"elementor-button-content-wrapper\">\n\t\t\t\t\t\t\t\t\t<span class=\"elementor-button-text\">Prenez rendez-vous maintenant<\/span>\n\t\t\t\t\t<\/span>\n\t\t\t\t\t<\/a>\n\t\t\t\t<\/div>\n\t\t\t\t\t\t\t\t<\/div>\n\t\t\t\t<\/div>\n\t\t\t\t\t<\/div>\n\t\t<\/div>\n\t\t\t\t\t<\/div>\n\t\t<\/section>\n\t\t\t\t<section class=\"elementor-section elementor-top-section elementor-element elementor-element-7546c1b4 elementor-section-boxed elementor-section-height-default elementor-section-height-default\" data-id=\"7546c1b4\" data-element_type=\"section\">\n\t\t\t\t\t\t<div class=\"elementor-container elementor-column-gap-default\">\n\t\t\t\t\t<div class=\"elementor-column elementor-col-100 elementor-top-column elementor-element elementor-element-1fb6e708\" data-id=\"1fb6e708\" data-element_type=\"column\">\n\t\t\t<div class=\"elementor-widget-wrap elementor-element-populated\">\n\t\t\t\t\t\t<div class=\"elementor-element elementor-element-1c760533 elementor-widget elementor-widget-text-editor\" data-id=\"1c760533\" data-element_type=\"widget\" data-widget_type=\"text-editor.default\">\n\t\t\t\t<div class=\"elementor-widget-container\">\n\t\t\t\t\t\t\t\t\tTwo Pack est une application esth\u00e9tique devenue populaire aupr\u00e8s des femmes et g\u00e9n\u00e9ralement connue comme une op\u00e9ration esth\u00e9tique r\u00e9alis\u00e9e pour r\u00e9v\u00e9ler les muscles abdominaux obtenus gr\u00e2ce au sport en peu de temps. Cette proc\u00e9dure est une solution id\u00e9ale pour ceux qui n&#039;ont pas la possibilit\u00e9 de faire du sport pendant longtemps ou qui souhaitent obtenir rapidement un aspect esth\u00e9tique.\n\n<strong>Comment le Two Pack (esth\u00e9tique des muscles abdominaux) est-il r\u00e9alis\u00e9\u00a0?<\/strong>\n\nLa chirurgie Two Pack est r\u00e9alis\u00e9e avec une op\u00e9ration appel\u00e9e liposuccion Vaser. Cette op\u00e9ration est compl\u00e9t\u00e9e par l&#039;\u00e9limination de la graisse accumul\u00e9e dans la zone abdominale et des tissus cachant le tissu musculaire. Au cours de la proc\u00e9dure, non seulement la graisse est \u00e9limin\u00e9e, mais les muscles abdominaux sont \u00e9galement dispos\u00e9s de mani\u00e8re \u00e0 appara\u00eetre.\n\n<strong>\u00c0 qui convient-il ?<\/strong>\n\nL\u2019esth\u00e9tique des muscles abdominaux convient \u00e0 tous, qu\u2019ils fassent du sport ou non. Il est particuli\u00e8rement pr\u00e9f\u00e9r\u00e9 pour les muscles abdominaux qui ne peuvent \u00eatre obtenus par le sport. C&#039;est une option id\u00e9ale pour ceux qui ne peuvent pas consacrer de temps au sport ou qui souhaitent obtenir des r\u00e9sultats plus rapides. Outre les personnes qui font du sport, celles qui n&#039;ont pas la possibilit\u00e9 de faire du sport mais qui souhaitent avoir une apparence en forme peuvent b\u00e9n\u00e9ficier des applications Two Pack.\n\n<strong>Processus de chirurgie en deux packs<\/strong>\n\nAvant l\u2019intervention chirurgicale, une analyse d\u00e9taill\u00e9e de la zone abdominale concern\u00e9e est effectu\u00e9e. Une fois la graisse et les muscles d\u00e9termin\u00e9s, un planning personnalis\u00e9 est r\u00e9alis\u00e9. Au cours de la proc\u00e9dure, les tissus adipeux et musculaires d\u00e9termin\u00e9s sont retir\u00e9s et fa\u00e7onn\u00e9s. Ce processus commence par l&#039;\u00e9limination de l&#039;exc\u00e8s de graisse \u00e0 l&#039;aide de la m\u00e9thode de liposuccion Vaser et les muscles abdominaux sont r\u00e9v\u00e9l\u00e9s comme souhait\u00e9. L&#039;op\u00e9ration dure g\u00e9n\u00e9ralement 2 \u00e0 3 heures et une nuit \u00e0 l&#039;h\u00f4pital est recommand\u00e9e.\n\n<strong>Quand l\u2019effet Two Pack appara\u00eet-il ?<\/strong>\n\nApr\u00e8s la chirurgie, les gens voudront voir le changement dans la r\u00e9gion abdominale. Il faudra cependant attendre un peu pour obtenir des r\u00e9sultats complets. Un gonflement et un \u0153d\u00e8me peuvent survenir dans la zone dans les premiers jours, mais il est recommand\u00e9 d&#039;attendre environ 10 jours pour obtenir l&#039;apparence parfaite du Two Pack.\n\n<strong>Que faut-il consid\u00e9rer apr\u00e8s un pack de deux\u00a0?<\/strong>\n\nApr\u00e8s l&#039;op\u00e9ration, les r\u00e8gles d&#039;hygi\u00e8ne doivent \u00eatre respect\u00e9es et le port du corset doit \u00eatre poursuivi selon les recommandations du m\u00e9decin. Pendant le processus de r\u00e9cup\u00e9ration, le corps ne doit pas \u00eatre mis \u00e0 rude \u00e9preuve et les effets n\u00e9gatifs tels que le tabagisme et l&#039;alcool doivent \u00eatre \u00e9vit\u00e9s. Le patient peut progressivement r\u00e9int\u00e9grer sa vie sociale en suivant les recommandations du m\u00e9decin. Une l\u00e9g\u00e8re douleur est normale pendant le processus de gu\u00e9rison et des analg\u00e9siques recommand\u00e9s par le m\u00e9decin doivent \u00eatre utilis\u00e9s. Durant cette p\u00e9riode, les activit\u00e9s sportives et une vie active doivent \u00eatre \u00e9vit\u00e9es et une alimentation r\u00e9guli\u00e8re doit \u00eatre privil\u00e9gi\u00e9e. La chirurgie Two Pack est une solution esth\u00e9tique moderne pour les femmes qui souhaitent obtenir des r\u00e9sultats rapides et efficaces. Lorsqu\u2019elle est planifi\u00e9e correctement et r\u00e9alis\u00e9e par un chirurgien expert, elle peut aider une personne \u00e0 obtenir l\u2019apparence des muscles abdominaux qu\u2019elle d\u00e9sire.\t\t\t\t\t\t\t\t<\/div>\n\t\t\t\t<\/div>\n\t\t\t\t\t<\/div>\n\t\t<\/div>\n\t\t\t\t\t<\/div>\n\t\t<\/section>\n\t\t\t\t<\/div>","protected":false},"excerpt":{"rendered":"<p>Two Pack Hastanede Kal\u0131\u015f S\u00fcresi: 2 G\u00fcn Operasyon S\u00fcresi: 6-8 Saat Anestezi: Lokal \u0130yile\u015fme S\u00fcresi: 6-12 Ay Hemen Randevu Al\u0131n Two Pack, kad\u0131nlarda pop\u00fcler hale gelen bir estetik uygulamad\u0131r ve genellikle sporla elde edilen kar\u0131n kaslar\u0131n\u0131 k\u0131sa s\u00fcrede ortaya \u00e7\u0131karmak i\u00e7in yap\u0131lan bir estetik operasyonu olarak bilinir. Bu i\u015flem, uzun s\u00fcre spor yapma \u015fans\u0131 olmayanlar [&hellip;]<\/p>\n","protected":false},"author":2,"featured_media":0,"parent":0,"menu_order":0,"comment_status":"closed","ping_status":"closed","template":"","meta":{"postBodyMargin":[],"postBodyPadding":[],"postBodyBackground":{"backgroundType":"classic","gradient":""},"footnotes":""},"class_list":["post-13607","page","type-page","status-publish","hentry"],"_links":{"self":[{"href":"https:\/\/seldacenter.com\/fr\/wp-json\/wp\/v2\/pages\/13607","targetHints":{"allow":["GET"]}}],"collection":[{"href":"https:\/\/seldacenter.com\/fr\/wp-json\/wp\/v2\/pages"}],"about":[{"href":"https:\/\/seldacenter.com\/fr\/wp-json\/wp\/v2\/types\/page"}],"author":[{"embeddable":true,"href":"https:\/\/seldacenter.com\/fr\/wp-json\/wp\/v2\/users\/2"}],"replies":[{"embeddable":true,"href":"https:\/\/seldacenter.com\/fr\/wp-json\/wp\/v2\/comments?post=13607"}],"version-history":[{"count":10,"href":"https:\/\/seldacenter.com\/fr\/wp-json\/wp\/v2\/pages\/13607\/revisions"}],"predecessor-version":[{"id":14135,"href":"https:\/\/seldacenter.com\/fr\/wp-json\/wp\/v2\/pages\/13607\/revisions\/14135"}],"wp:attachment":[{"href":"https:\/\/seldacenter.com\/fr\/wp-json\/wp\/v2\/media?parent=13607"}],"curies":[{"name":"wp","href":"https:\/\/api.w.org\/{rel}","templated":true}]}}