{"id":13601,"date":"2024-02-17T18:55:02","date_gmt":"2024-02-17T18:55:02","guid":{"rendered":"https:\/\/seldacenter.com\/yeniyapi\/?page_id=13601"},"modified":"2024-02-17T18:55:04","modified_gmt":"2024-02-17T18:55:04","slug":"kol-germe-ameliyati-nedir","status":"publish","type":"page","link":"https:\/\/seldacenter.com\/fr\/kol-germe-ameliyati-nedir\/","title":{"rendered":"Qu\u2019est-ce que la chirurgie de lifting des bras ?"},"content":{"rendered":"<p>Le lifting des bras est une intervention de chirurgie plastique visant \u00e0 \u00e9liminer le tissu adipeux sous-cutan\u00e9 ind\u00e9sirable et le rel\u00e2chement cutan\u00e9. Cette intervention vise \u00e0 corriger le rel\u00e2chement cutan\u00e9 des bras et \u00e0 restaurer la fermet\u00e9 de la peau.<\/p>\n<p><strong>Pourquoi une brachioplastie est-elle pratiqu\u00e9e ?<\/strong><\/p>\n<p>Le rel\u00e2chement cutan\u00e9 des bras est une affection qui provoque un inconfort physique et \u00e9motionnel. Surtout en v\u00eatements sans manches, l&#039;affaissement qui se produit lorsque les bras sont relev\u00e9s sur les c\u00f4t\u00e9s est une source de m\u00e9contentement. La brachioplastie apporte un soulagement physique et \u00e9motionnel en \u00e9liminant ce probl\u00e8me esth\u00e9tique.<\/p>\n<p><strong>Pourquoi la peau des bras s\u2019affaisse-t-elle ?<\/strong><\/p>\n<p>Le rel\u00e2chement cutan\u00e9 des bras est souvent associ\u00e9 \u00e0 des facteurs tels que le vieillissement, des facteurs g\u00e9n\u00e9tiques, une prise ou une perte de poids excessive, une exposition excessive au soleil et les effets de la gravit\u00e9. La combinaison de ces facteurs entra\u00eene un rel\u00e2chement cutan\u00e9 et une accumulation de graisse sur le dos et la face interne du bras.<\/p>\n<p><strong>Comment se d\u00e9roule un lifting des bras ?<\/strong><\/p>\n<p>Lors d&#039;un lifting des bras, l&#039;exc\u00e8s de peau est retir\u00e9 par des incisions pratiqu\u00e9es au niveau de l&#039;aisselle ou de l&#039;int\u00e9rieur du coude, et le bras est remodel\u00e9. En cas d&#039;exc\u00e8s de graisse, celui-ci est retir\u00e9 par liposuccion ou par incisions directes. Les incisions sont referm\u00e9es par des points de suture esth\u00e9tiques, ce qui permet d&#039;obtenir un aspect esth\u00e9tique avec des cicatrices minimales apr\u00e8s l&#039;op\u00e9ration.<\/p>\n<p><strong>Dur\u00e9e et douleur du lifting des bras<\/strong><\/p>\n<p>Le lifting des bras est une intervention qui dure g\u00e9n\u00e9ralement de 1 \u00e0 3 heures, selon l&#039;\u00e9tat de la zone. La douleur et les picotements ressentis apr\u00e8s l&#039;op\u00e9ration dispara\u00eetront progressivement gr\u00e2ce aux analg\u00e9siques prescrits par le m\u00e9decin.<\/p>\n<p><strong>Type d&#039;anesth\u00e9sie<\/strong><\/p>\n<p>Les op\u00e9rations de lifting des bras sont g\u00e9n\u00e9ralement r\u00e9alis\u00e9es en milieu hospitalier, sous anesth\u00e9sie g\u00e9n\u00e9rale ou s\u00e9dation et anesth\u00e9sie locale. Ainsi, l&#039;intervention est confortable et sans douleur.<\/p>\n<p>Le lifting des bras est une solution efficace pour corriger le rel\u00e2chement cutan\u00e9 des bras tout en apportant une touche esth\u00e9tique et donner au patient une apparence plus jeune, plus tonique et plus d\u00e9tendue. Une consultation approfondie avant l&#039;op\u00e9ration, sous la supervision d&#039;un chirurgien sp\u00e9cialis\u00e9 et avec une technique appropri\u00e9e, peut accro\u00eetre la satisfaction du patient et l&#039;aider \u00e0 reprendre confiance en lui.<\/p>","protected":false},"excerpt":{"rendered":"<p>Kol germe ameliyat\u0131, istenmeyen deri alt\u0131 ya\u011f dokusunun ve sarkan derinin giderilmesi amac\u0131yla uygulanan bir plastik cerrahi operasyondur. Bu operasyon, kol b\u00f6lgesindeki sarkmalar\u0131n d\u00fczeltilmesi ve cildin gerginli\u011finin yeniden sa\u011flanmas\u0131 i\u00e7in ger\u00e7ekle\u015ftirilir. Brakioplasti Neden Yap\u0131l\u0131r? Gev\u015femi\u015f ve sarkm\u0131\u015f kol derisi, bireylerin fiziksel ve duygusal rahats\u0131zl\u0131k ya\u015fad\u0131\u011f\u0131 bir durumdur. \u00d6zellikle kolsuz giysilerde, kollar iki yana kald\u0131r\u0131ld\u0131\u011f\u0131nda ortaya [&hellip;]<\/p>\n","protected":false},"author":2,"featured_media":0,"parent":0,"menu_order":0,"comment_status":"closed","ping_status":"closed","template":"","meta":{"postBodyMargin":[],"postBodyPadding":[],"postBodyBackground":{"backgroundType":"classic","gradient":""},"footnotes":""},"class_list":["post-13601","page","type-page","status-publish","hentry"],"_links":{"self":[{"href":"https:\/\/seldacenter.com\/fr\/wp-json\/wp\/v2\/pages\/13601","targetHints":{"allow":["GET"]}}],"collection":[{"href":"https:\/\/seldacenter.com\/fr\/wp-json\/wp\/v2\/pages"}],"about":[{"href":"https:\/\/seldacenter.com\/fr\/wp-json\/wp\/v2\/types\/page"}],"author":[{"embeddable":true,"href":"https:\/\/seldacenter.com\/fr\/wp-json\/wp\/v2\/users\/2"}],"replies":[{"embeddable":true,"href":"https:\/\/seldacenter.com\/fr\/wp-json\/wp\/v2\/comments?post=13601"}],"version-history":[{"count":1,"href":"https:\/\/seldacenter.com\/fr\/wp-json\/wp\/v2\/pages\/13601\/revisions"}],"predecessor-version":[{"id":13602,"href":"https:\/\/seldacenter.com\/fr\/wp-json\/wp\/v2\/pages\/13601\/revisions\/13602"}],"wp:attachment":[{"href":"https:\/\/seldacenter.com\/fr\/wp-json\/wp\/v2\/media?parent=13601"}],"curies":[{"name":"wp","href":"https:\/\/api.w.org\/{rel}","templated":true}]}}