{"id":13598,"date":"2024-02-17T18:53:27","date_gmt":"2024-02-17T18:53:27","guid":{"rendered":"https:\/\/seldacenter.com\/yeniyapi\/?page_id=13598"},"modified":"2024-02-17T18:53:47","modified_gmt":"2024-02-17T18:53:47","slug":"sakal-ekimi-hakkinda","status":"publish","type":"page","link":"https:\/\/seldacenter.com\/fr\/sakal-ekimi-hakkinda\/","title":{"rendered":"\u00c0 propos de la greffe de barbe"},"content":{"rendered":"<p><strong>Greffe de barbe<\/strong>La greffe de barbe est une intervention esth\u00e9tique de plus en plus populaire aupr\u00e8s des hommes. Nombreux sont ceux qui souhaitent une barbe plus fournie et plus fournie qui ont recours \u00e0 la greffe de barbe. Dans ce guide, je vous expliquerai tout ce que vous devez savoir sur la greffe de barbe\u00a0: la proc\u00e9dure, les raisons de sa pr\u00e9f\u00e9rence, les diff\u00e9rentes techniques, la pr\u00e9paration, les \u00e9tapes \u00e0 suivre pendant et apr\u00e8s l&#039;intervention, la convalescence, les questions fr\u00e9quentes et le co\u00fbt. Je soulignerai \u00e9galement l&#039;importance de bien choisir son chirurgien.<\/p>\n<p><strong>Qu&#039;est-ce que la greffe de barbe ?<\/strong><\/p>\n<p>La greffe de barbe est une intervention chirurgicale visant \u00e0 donner aux hommes \u00e0 barbe clairsem\u00e9e ou absente une apparence plus fournie. Lors de cette intervention, des follicules pileux sont pr\u00e9lev\u00e9s dans la zone donneuse, g\u00e9n\u00e9ralement la nuque, et transplant\u00e9s dans la zone de la barbe. La greffe de barbe consiste \u00e0 implanter des follicules pileux individuels pour obtenir un aspect naturel.<\/p>\n<p><strong>Pourquoi la transplantation de barbe est-elle pr\u00e9f\u00e9r\u00e9e ?<\/strong><\/p>\n<p>Les raisons de choisir une greffe de barbe peuvent varier d&#039;une personne \u00e0 l&#039;autre. Certains hommes ont une barbe rare, voire inexistante, en raison de leur g\u00e9n\u00e9tique. Cela peut entra\u00eener des probl\u00e8mes psychologiques tels que l&#039;ins\u00e9curit\u00e9 et une faible estime de soi. La greffe de barbe peut renforcer la confiance en soi de ces personnes en leur donnant une barbe plus fournie.<\/p>\n<p>De plus, certains hommes souhaitent obtenir une apparence plus masculine gr\u00e2ce \u00e0 la greffe de barbe. La barbe est un signe distinctif de masculinit\u00e9, et une barbe plus fournie peut contribuer \u00e0 une apparence plus attrayante pour certains.<\/p>\n<p><strong>Processus de greffe de barbe<\/strong><\/p>\n<p>La greffe de barbe se d\u00e9roule en plusieurs \u00e9tapes. Il est tout d&#039;abord important de prendre rendez-vous avec un chirurgien. Ce dernier examinera la zone de la barbe et d\u00e9cidera du d\u00e9roulement de la greffe. Ensuite, des follicules pileux sont pr\u00e9lev\u00e9s sur la zone donneuse et transplant\u00e9s sur la barbe. L&#039;intervention est r\u00e9alis\u00e9e sous anesth\u00e9sie locale, vous ne ressentirez donc ni douleur ni inconfort.<\/p>\n<p>La greffe de barbe dure g\u00e9n\u00e9ralement quelques heures, mais sa dur\u00e9e peut varier en fonction du nombre de follicules pileux et de la taille de la zone \u00e0 transplanter. Apr\u00e8s l&#039;intervention, la zone est pans\u00e9e et vous devrez peut-\u00eatre porter un chapeau sp\u00e9cial. Le chirurgien vous donnera des instructions de soins post-op\u00e9ratoires.<\/p>\n<p><strong>Diff\u00e9rentes techniques utilis\u00e9es dans la transplantation de barbe<\/strong><\/p>\n<p>Diff\u00e9rentes techniques de transplantation de barbe sont utilis\u00e9es. Les plus courantes sont\u00a0:<\/p>\n<ol>\n<li>FUE (Follicular Unit Extraction) : Cette m\u00e9thode consiste \u00e0 pr\u00e9lever un \u00e0 un les follicules pileux de la zone donneuse et \u00e0 les transplanter dans la zone de la barbe. Cette m\u00e9thode offre un aspect plus naturel et acc\u00e9l\u00e8re la cicatrisation.<\/li>\n<li>DHI (Implantation Directe de Cheveux) : Cette m\u00e9thode consiste \u00e0 placer des follicules pileux dans un stylo sp\u00e9cial directement dans la barbe. Cette m\u00e9thode offre une p\u00e9riode de r\u00e9cup\u00e9ration plus courte et est id\u00e9ale pour obtenir une barbe plus dense.<\/li>\n<\/ol>\n<p><strong>Processus de pr\u00e9paration pour la transplantation de barbe<\/strong><\/p>\n<p>La pr\u00e9paration \u00e0 une greffe de barbe est essentielle pour un r\u00e9sultat r\u00e9ussi. Il est tout d&#039;abord essentiel de prendre rendez-vous avec un chirurgien. Lors de ce rendez-vous, il vous expliquera en d\u00e9tail la proc\u00e9dure et comprendra vos attentes.<\/p>\n<p>Il se peut que vous deviez prendre certaines pr\u00e9cautions avant la greffe de barbe. Par exemple, vous devrez peut-\u00eatre arr\u00eater de fumer ou de consommer moins d&#039;alcool. Vous devrez peut-\u00eatre \u00e9galement cesser de prendre certains m\u00e9dicaments. Le chirurgien vous fournira des informations d\u00e9taill\u00e9es \u00e0 ce sujet.<\/p>\n<p>Il est \u00e9galement important d&#039;adopter un mode de vie sain avant l&#039;intervention. Faire de l&#039;exercice r\u00e9guli\u00e8rement, suivre une alimentation \u00e9quilibr\u00e9e et \u00e9viter le stress peuvent avoir un effet positif sur le processus de gu\u00e9rison.<\/p>\n<p><strong>\u00c0 quoi s\u2019attendre pendant et apr\u00e8s la proc\u00e9dure ?<\/strong><\/p>\n<p>La greffe de barbe ne provoque g\u00e9n\u00e9ralement aucune douleur ni g\u00eane, car l&#039;anesth\u00e9sie locale est utilis\u00e9e. Le chirurgien travaille m\u00e9ticuleusement en pla\u00e7ant les follicules pileux un par un.<\/p>\n<p>Apr\u00e8s l&#039;intervention, vous pourriez ressentir un l\u00e9ger gonflement, des rougeurs et des cro\u00fbtes sur la zone. Il s&#039;agit d&#039;un effet secondaire normal qui dispara\u00eetra avec le temps. Pendant les premiers jours, vous devrez peut-\u00eatre porter un pansement sp\u00e9cial pour prot\u00e9ger la zone. Votre chirurgien vous donnera \u00e9galement des instructions de soins post-intervention. Suivre scrupuleusement ces instructions acc\u00e9l\u00e9rera la cicatrisation.<\/p>\n<p>La cicatrisation compl\u00e8te d&#039;une greffe de barbe peut prendre quelques semaines. Pendant ce temps, les follicules pileux nouvellement transplant\u00e9s se stabilisent et une nouvelle barbe commence \u00e0 pousser. Une fois la cicatrisation termin\u00e9e, votre barbe sera plus \u00e9paisse et plus fournie.<\/p>\n<p><strong>Questions fr\u00e9quemment pos\u00e9es sur la transplantation de barbe<\/strong><\/p>\n<ol>\n<li>La greffe de barbe est-elle douloureuse\u00a0? L&#039;anesth\u00e9sie locale \u00e9tant utilis\u00e9e, vous ne ressentirez aucune douleur. Une l\u00e9g\u00e8re g\u00eane ou une sensation de tension peuvent survenir apr\u00e8s l&#039;intervention, mais elles sont g\u00e9n\u00e9ralement temporaires.<\/li>\n<li>Combien de temps faut-il pour r\u00e9cup\u00e9rer apr\u00e8s une greffe de barbe\u00a0? Le processus de r\u00e9cup\u00e9ration apr\u00e8s une greffe de barbe peut varier d&#039;une personne \u00e0 l&#039;autre, mais il prend g\u00e9n\u00e9ralement quelques semaines. Il est important de suivre attentivement les instructions du chirurgien pour acc\u00e9l\u00e9rer la gu\u00e9rison.<\/li>\n<li>La greffe de barbe offre-t-elle des r\u00e9sultats permanents\u00a0? Oui, elle offre des r\u00e9sultats permanents. Les follicules pileux transplant\u00e9s initient une nouvelle pousse de barbe dans la zone concern\u00e9e, et cette croissance est permanente.<\/li>\n<\/ol>\n<p><strong>Co\u00fbt d&#039;une greffe de barbe<\/strong><\/p>\n<p>Le co\u00fbt d&#039;une greffe de barbe varie en fonction de nombreux facteurs, tels que le nombre de follicules pileux dans la zone donneuse, la taille de la zone \u00e0 greffer, la technique utilis\u00e9e et l&#039;exp\u00e9rience du chirurgien. Le prix d&#039;une greffe de barbe est g\u00e9n\u00e9ralement calcul\u00e9 pour une ou plusieurs s\u00e9ances. N&#039;h\u00e9sitez pas \u00e0 nous contacter pour obtenir des informations tarifaires.<\/p>\n<p><strong>Conclusion<\/strong><\/p>\n<p>Le Centre Selda, sp\u00e9cialis\u00e9 dans la greffe de barbe, accompagne ses patients en Turquie et \u00e0 l&#039;\u00e9tranger depuis de nombreuses ann\u00e9es. Pour plus d&#039;informations, n&#039;h\u00e9sitez pas \u00e0 nous contacter.<\/p>","protected":false},"excerpt":{"rendered":"<p>Sakal ekimi, g\u00fcn\u00fcm\u00fczde erkekler aras\u0131nda pop\u00fcler hale gelen bir estetik prosed\u00fcrd\u00fcr. Daha yo\u011fun ve dolgun bir sakala sahip olmak isteyen bir\u00e7ok insan, sakal ekimi y\u00f6ntemine ba\u015fvurmaktad\u0131r. Bu rehberde, sakal ekimi hakk\u0131nda bilmeniz gereken her \u015feyi ele alaca\u011f\u0131m. Sakal ekimi prosed\u00fcr\u00fcn\u00fc, neden tercih edildi\u011fini, farkl\u0131 teknikleri, haz\u0131rl\u0131k s\u00fcrecini, prosed\u00fcr s\u0131ras\u0131nda ve sonras\u0131nda ne beklemeniz gerekti\u011fini, iyile\u015fme [&hellip;]<\/p>\n","protected":false},"author":2,"featured_media":0,"parent":0,"menu_order":0,"comment_status":"closed","ping_status":"closed","template":"","meta":{"postBodyMargin":[],"postBodyPadding":[],"postBodyBackground":{"backgroundType":"classic","gradient":""},"footnotes":""},"class_list":["post-13598","page","type-page","status-publish","hentry"],"_links":{"self":[{"href":"https:\/\/seldacenter.com\/fr\/wp-json\/wp\/v2\/pages\/13598","targetHints":{"allow":["GET"]}}],"collection":[{"href":"https:\/\/seldacenter.com\/fr\/wp-json\/wp\/v2\/pages"}],"about":[{"href":"https:\/\/seldacenter.com\/fr\/wp-json\/wp\/v2\/types\/page"}],"author":[{"embeddable":true,"href":"https:\/\/seldacenter.com\/fr\/wp-json\/wp\/v2\/users\/2"}],"replies":[{"embeddable":true,"href":"https:\/\/seldacenter.com\/fr\/wp-json\/wp\/v2\/comments?post=13598"}],"version-history":[{"count":2,"href":"https:\/\/seldacenter.com\/fr\/wp-json\/wp\/v2\/pages\/13598\/revisions"}],"predecessor-version":[{"id":13600,"href":"https:\/\/seldacenter.com\/fr\/wp-json\/wp\/v2\/pages\/13598\/revisions\/13600"}],"wp:attachment":[{"href":"https:\/\/seldacenter.com\/fr\/wp-json\/wp\/v2\/media?parent=13598"}],"curies":[{"name":"wp","href":"https:\/\/api.w.org\/{rel}","templated":true}]}}