{"id":13594,"date":"2024-02-17T18:51:29","date_gmt":"2024-02-17T18:51:29","guid":{"rendered":"https:\/\/seldacenter.com\/yeniyapi\/?page_id=13594"},"modified":"2024-03-02T02:01:27","modified_gmt":"2024-03-02T02:01:27","slug":"tup-mide-ameliyati","status":"publish","type":"page","link":"https:\/\/seldacenter.com\/fr\/tup-mide-ameliyati\/","title":{"rendered":"Chirurgie du manchon gastrique"},"content":{"rendered":"<div data-elementor-type=\"wp-page\" data-elementor-id=\"13594\" class=\"elementor elementor-13594\" data-elementor-post-type=\"page\">\n\t\t\t\t\t\t<section class=\"elementor-section elementor-top-section elementor-element elementor-element-533ea1d elementor-section-boxed elementor-section-height-default elementor-section-height-default\" data-id=\"533ea1d\" data-element_type=\"section\">\n\t\t\t\t\t\t<div class=\"elementor-container elementor-column-gap-default\">\n\t\t\t\t\t<div class=\"elementor-column elementor-col-50 elementor-top-column elementor-element elementor-element-dff7ab6\" data-id=\"dff7ab6\" data-element_type=\"column\" data-settings=\"{&quot;background_background&quot;:&quot;classic&quot;}\">\n\t\t\t<div class=\"elementor-widget-wrap elementor-element-populated\">\n\t\t\t\t\t\t<div class=\"elementor-element elementor-element-d2cb36b elementor-widget elementor-widget-image\" data-id=\"d2cb36b\" data-element_type=\"widget\" data-widget_type=\"image.default\">\n\t\t\t\t<div class=\"elementor-widget-container\">\n\t\t\t\t\t\t\t\t\t\t\t\t\t\t\t<img fetchpriority=\"high\" decoding=\"async\" width=\"1152\" height=\"896\" src=\"https:\/\/seldacenter.com\/wp-content\/uploads\/2024\/03\/image-15.png\" class=\"attachment-full size-full wp-image-14112\" alt=\"\" srcset=\"https:\/\/seldacenter.com\/wp-content\/uploads\/2024\/03\/image-15.png 1152w, https:\/\/seldacenter.com\/wp-content\/uploads\/2024\/03\/image-15-600x467.png 600w, https:\/\/seldacenter.com\/wp-content\/uploads\/2024\/03\/image-15-300x233.png 300w, https:\/\/seldacenter.com\/wp-content\/uploads\/2024\/03\/image-15-1024x796.png 1024w, https:\/\/seldacenter.com\/wp-content\/uploads\/2024\/03\/image-15-768x597.png 768w\" sizes=\"(max-width: 1152px) 100vw, 1152px\" \/>\t\t\t\t\t\t\t\t\t\t\t\t\t\t\t<\/div>\n\t\t\t\t<\/div>\n\t\t\t\t\t<\/div>\n\t\t<\/div>\n\t\t\t\t<div class=\"elementor-column elementor-col-50 elementor-top-column elementor-element elementor-element-9ee2532\" data-id=\"9ee2532\" data-element_type=\"column\">\n\t\t\t<div class=\"elementor-widget-wrap elementor-element-populated\">\n\t\t\t\t\t\t<div class=\"elementor-element elementor-element-bcaf91e elementor-widget-divider--view-line_text elementor-widget-divider--element-align-left elementor-widget elementor-widget-divider\" data-id=\"bcaf91e\" data-element_type=\"widget\" data-widget_type=\"divider.default\">\n\t\t\t\t<div class=\"elementor-widget-container\">\n\t\t\t\t\t\t\t<div class=\"elementor-divider\">\n\t\t\t<span class=\"elementor-divider-separator\">\n\t\t\t\t\t\t\t<h3 class=\"elementor-divider__text elementor-divider__element\">\n\t\t\t\tManchon gastrique\t\t\t\t<\/h3>\n\t\t\t\t\t\t<\/span>\n\t\t<\/div>\n\t\t\t\t\t\t<\/div>\n\t\t\t\t<\/div>\n\t\t\t\t<div class=\"elementor-element elementor-element-3eb4883 elementor-align-left elementor-icon-list--layout-traditional elementor-list-item-link-full_width elementor-widget elementor-widget-icon-list\" data-id=\"3eb4883\" data-element_type=\"widget\" data-widget_type=\"icon-list.default\">\n\t\t\t\t<div class=\"elementor-widget-container\">\n\t\t\t\t\t\t\t<ul class=\"elementor-icon-list-items\">\n\t\t\t\t\t\t\t<li class=\"elementor-icon-list-item\">\n\t\t\t\t\t\t\t\t\t\t\t<span class=\"elementor-icon-list-icon\">\n\t\t\t\t\t\t\t<svg aria-hidden=\"true\" class=\"e-font-icon-svg e-far-hospital\" viewbox=\"0 0 448 512\" xmlns=\"http:\/\/www.w3.org\/2000\/svg\"><path d=\"M128 244v-40c0-6.627 5.373-12 12-12h40c6.627 0 12 5.373 12 12v40c0 6.627-5.373 12-12 12h-40c-6.627 0-12-5.373-12-12zm140 12h40c6.627 0 12-5.373 12-12v-40c0-6.627-5.373-12-12-12h-40c-6.627 0-12 5.373-12 12v40c0 6.627 5.373 12 12 12zm-76 84v-40c0-6.627-5.373-12-12-12h-40c-6.627 0-12 5.373-12 12v40c0 6.627 5.373 12 12 12h40c6.627 0 12-5.373 12-12zm76 12h40c6.627 0 12-5.373 12-12v-40c0-6.627-5.373-12-12-12h-40c-6.627 0-12 5.373-12 12v40c0 6.627 5.373 12 12 12zm180 124v36H0v-36c0-6.627 5.373-12 12-12h19.5V85.035C31.5 73.418 42.245 64 55.5 64H144V24c0-13.255 10.745-24 24-24h112c13.255 0 24 10.745 24 24v40h88.5c13.255 0 24 9.418 24 21.035V464H436c6.627 0 12 5.373 12 12zM79.5 463H192v-67c0-6.627 5.373-12 12-12h40c6.627 0 12 5.373 12 12v67h112.5V112H304v24c0 13.255-10.745 24-24 24H168c-13.255 0-24-10.745-24-24v-24H79.5v351zM266 64h-26V38a6 6 0 0 0-6-6h-20a6 6 0 0 0-6 6v26h-26a6 6 0 0 0-6 6v20a6 6 0 0 0 6 6h26v26a6 6 0 0 0 6 6h20a6 6 0 0 0 6-6V96h26a6 6 0 0 0 6-6V70a6 6 0 0 0-6-6z\"><\/path><\/svg>\t\t\t\t\t\t<\/span>\n\t\t\t\t\t\t\t\t\t\t<span class=\"elementor-icon-list-text\">S\u00e9jour \u00e0 l&#039;h\u00f4pital : 3 jours<\/span>\n\t\t\t\t\t\t\t\t\t<\/li>\n\t\t\t\t\t\t\t\t<li class=\"elementor-icon-list-item\">\n\t\t\t\t\t\t\t\t\t\t\t<span class=\"elementor-icon-list-icon\">\n\t\t\t\t\t\t\t<svg aria-hidden=\"true\" class=\"e-font-icon-svg e-far-clock\" viewbox=\"0 0 512 512\" xmlns=\"http:\/\/www.w3.org\/2000\/svg\"><path d=\"M256 8C119 8 8 119 8 256s111 248 248 248 248-111 248-248S393 8 256 8zm0 448c-110.5 0-200-89.5-200-200S145.5 56 256 56s200 89.5 200 200-89.5 200-200 200zm61.8-104.4l-84.9-61.7c-3.1-2.3-4.9-5.9-4.9-9.7V116c0-6.6 5.4-12 12-12h32c6.6 0 12 5.4 12 12v141.7l66.8 48.6c5.4 3.9 6.5 11.4 2.6 16.8L334.6 349c-3.9 5.3-11.4 6.5-16.8 2.6z\"><\/path><\/svg>\t\t\t\t\t\t<\/span>\n\t\t\t\t\t\t\t\t\t\t<span class=\"elementor-icon-list-text\">Dur\u00e9e de fonctionnement\u00a0: 6 \u00e0 8 heures<\/span>\n\t\t\t\t\t\t\t\t\t<\/li>\n\t\t\t\t\t\t\t\t<li class=\"elementor-icon-list-item\">\n\t\t\t\t\t\t\t\t\t\t\t<span class=\"elementor-icon-list-icon\">\n\t\t\t\t\t\t\t<svg aria-hidden=\"true\" class=\"e-font-icon-svg e-fas-syringe\" viewbox=\"0 0 512 512\" xmlns=\"http:\/\/www.w3.org\/2000\/svg\"><path d=\"M201.5 174.8l55.7 55.8c3.1 3.1 3.1 8.2 0 11.3l-11.3 11.3c-3.1 3.1-8.2 3.1-11.3 0l-55.7-55.8-45.3 45.3 55.8 55.8c3.1 3.1 3.1 8.2 0 11.3l-11.3 11.3c-3.1 3.1-8.2 3.1-11.3 0L111 265.2l-26.4 26.4c-17.3 17.3-25.6 41.1-23 65.4l7.1 63.6L2.3 487c-3.1 3.1-3.1 8.2 0 11.3l11.3 11.3c3.1 3.1 8.2 3.1 11.3 0l66.3-66.3 63.6 7.1c23.9 2.6 47.9-5.4 65.4-23l181.9-181.9-135.7-135.7-64.9 65zm308.2-93.3L430.5 2.3c-3.1-3.1-8.2-3.1-11.3 0l-11.3 11.3c-3.1 3.1-3.1 8.2 0 11.3l28.3 28.3-45.3 45.3-56.6-56.6-17-17c-3.1-3.1-8.2-3.1-11.3 0l-33.9 33.9c-3.1 3.1-3.1 8.2 0 11.3l17 17L424.8 223l17 17c3.1 3.1 8.2 3.1 11.3 0l33.9-34c3.1-3.1 3.1-8.2 0-11.3l-73.5-73.5 45.3-45.3 28.3 28.3c3.1 3.1 8.2 3.1 11.3 0l11.3-11.3c3.1-3.2 3.1-8.2 0-11.4z\"><\/path><\/svg>\t\t\t\t\t\t<\/span>\n\t\t\t\t\t\t\t\t\t\t<span class=\"elementor-icon-list-text\">Anesth\u00e9sie\u00a0: g\u00e9n\u00e9rale<\/span>\n\t\t\t\t\t\t\t\t\t<\/li>\n\t\t\t\t\t\t\t\t<li class=\"elementor-icon-list-item\">\n\t\t\t\t\t\t\t\t\t\t\t<span class=\"elementor-icon-list-icon\">\n\t\t\t\t\t\t\t<svg aria-hidden=\"true\" class=\"e-font-icon-svg e-far-heart\" viewbox=\"0 0 512 512\" xmlns=\"http:\/\/www.w3.org\/2000\/svg\"><path d=\"M458.4 64.3C400.6 15.7 311.3 23 256 79.3 200.7 23 111.4 15.6 53.6 64.3-21.6 127.6-10.6 230.8 43 285.5l175.4 178.7c10 10.2 23.4 15.9 37.6 15.9 14.3 0 27.6-5.6 37.6-15.8L469 285.6c53.5-54.7 64.7-157.9-10.6-221.3zm-23.6 187.5L259.4 430.5c-2.4 2.4-4.4 2.4-6.8 0L77.2 251.8c-36.5-37.2-43.9-107.6 7.3-150.7 38.9-32.7 98.9-27.8 136.5 10.5l35 35.7 35-35.7c37.8-38.5 97.8-43.2 136.5-10.6 51.1 43.1 43.5 113.9 7.3 150.8z\"><\/path><\/svg>\t\t\t\t\t\t<\/span>\n\t\t\t\t\t\t\t\t\t\t<span class=\"elementor-icon-list-text\">Temps de r\u00e9cup\u00e9ration\u00a0: 1 \u00e0 3\u00a0mois<\/span>\n\t\t\t\t\t\t\t\t\t<\/li>\n\t\t\t\t\t\t<\/ul>\n\t\t\t\t\t\t<\/div>\n\t\t\t\t<\/div>\n\t\t\t\t<div class=\"elementor-element elementor-element-eca676d elementor-align-justify elementor-widget elementor-widget-button\" data-id=\"eca676d\" data-element_type=\"widget\" data-widget_type=\"button.default\">\n\t\t\t\t<div class=\"elementor-widget-container\">\n\t\t\t\t\t\t\t\t\t<div class=\"elementor-button-wrapper\">\n\t\t\t\t\t<a class=\"elementor-button elementor-button-link elementor-size-sm elementor-animation-buzz\" href=\"https:\/\/seldacenter.com\/fr\/\">\n\t\t\t\t\t\t<span class=\"elementor-button-content-wrapper\">\n\t\t\t\t\t\t\t\t\t<span class=\"elementor-button-text\">Prenez rendez-vous maintenant<\/span>\n\t\t\t\t\t<\/span>\n\t\t\t\t\t<\/a>\n\t\t\t\t<\/div>\n\t\t\t\t\t\t\t\t<\/div>\n\t\t\t\t<\/div>\n\t\t\t\t\t<\/div>\n\t\t<\/div>\n\t\t\t\t\t<\/div>\n\t\t<\/section>\n\t\t\t\t<section class=\"elementor-section elementor-top-section elementor-element elementor-element-2328e8fd elementor-section-boxed elementor-section-height-default elementor-section-height-default\" data-id=\"2328e8fd\" data-element_type=\"section\">\n\t\t\t\t\t\t<div class=\"elementor-container elementor-column-gap-default\">\n\t\t\t\t\t<div class=\"elementor-column elementor-col-100 elementor-top-column elementor-element elementor-element-53482022\" data-id=\"53482022\" data-element_type=\"column\">\n\t\t\t<div class=\"elementor-widget-wrap elementor-element-populated\">\n\t\t\t\t\t\t<div class=\"elementor-element elementor-element-70a6a0d elementor-widget elementor-widget-text-editor\" data-id=\"70a6a0d\" data-element_type=\"widget\" data-widget_type=\"text-editor.default\">\n\t\t\t\t<div class=\"elementor-widget-container\">\n\t\t\t\t\t\t\t\t\t<strong>Qu\u2019est-ce que la chirurgie du manchon gastrique ?<\/strong>\n\nLa chirurgie du manchon gastrique, l\u2019une des interventions chirurgicales les plus couramment pratiqu\u00e9es aujourd\u2019hui, est connue sous le nom de \u00ab chirurgie de r\u00e9duction de l\u2019estomac \u00bb. Cette chirurgie donne des r\u00e9sultats efficaces dans le traitement de l\u2019ob\u00e9sit\u00e9.\n\n<strong>Processus chirurgical<\/strong>\n<ul>\n \t<li><strong>Modification de la forme de l&#039;estomac\u00a0:<\/strong> Lors de la chirurgie du manchon gastrique, l\u2019estomac est litt\u00e9ralement transform\u00e9 en un tube long et fin. Avec la m\u00e9thode laparoscopique, 80 pour cent de l\u2019estomac sont d\u00e9coup\u00e9s, ce qui entra\u00eene une restriction du volume de l\u2019estomac.<\/li>\n \t<li><strong>Restreindre la consommation alimentaire\u00a0:<\/strong> Cette forme de l\u2019estomac restreint consid\u00e9rablement la prise alimentaire. De plus, la chirurgie a un l\u00e9ger effet sur la r\u00e9duction de l\u2019absorption des aliments.<\/li>\n \t<li><strong>Diminution de l\u2019app\u00e9tit et rupture de la r\u00e9sistance \u00e0 l\u2019insuline\u00a0:<\/strong> Chez les personnes ayant subi une chirurgie du manchon gastrique, leur app\u00e9tit diminue et la perte de poids commence. De plus, la r\u00e9sistance \u00e0 l\u2019insuline s\u2019am\u00e9liore avant m\u00eame qu\u2019elle ne se produise.<\/li>\n<\/ul>\n<strong>Dur\u00e9e de la chirurgie<\/strong>\n<ul>\n \t<li>La chirurgie du manchon gastrique prend g\u00e9n\u00e9ralement en moyenne 1,5 heure. Les risques postop\u00e9ratoires sont faibles et les effets secondaires ind\u00e9sirables sont minimes.<\/li>\n<\/ul>\n<strong>La chirurgie de r\u00e9duction de l\u2019estomac la plus couramment pratiqu\u00e9e<\/strong>\n<ul>\n \t<li>La chirurgie de r\u00e9duction de l&#039;estomac la plus couramment pratiqu\u00e9e aujourd&#039;hui est la \u00ab gastrectomie en manche \u00bb ou \u00ab gastrectomie en manche \u00bb, comme on l&#039;appelle en m\u00e9decine. Cette chirurgie, qui date de 15 ans, est privil\u00e9gi\u00e9e car son efficacit\u00e9 est prouv\u00e9e et ses taux de risque sont faibles.<\/li>\n \t<li>Un autre type de chirurgie de r\u00e9duction de l\u2019estomac est la chirurgie de \u00ab pontage gastrique \u00bb. Toutefois, cette m\u00e9thode n\u2019est pas privil\u00e9gi\u00e9e sauf cas particuliers.<\/li>\n<\/ul>\n<strong>\u00c0 qui s\u2019applique-t-il ?<\/strong>\n\nLes candidats appropri\u00e9s pour la chirurgie de gastrectomie en manchon sont\u00a0:\n<ul>\n \t<li>Ceux dont l\u2019indice de masse corporelle (IMC) est sup\u00e9rieur \u00e0 40 kg\/m\u00b2.<\/li>\n \t<li>Ceux qui ont un IMC entre 35 et 40, qui sont en surpoids et qui ont des probl\u00e8mes tels que le diab\u00e8te de type 2, l&#039;hypertension et l&#039;apn\u00e9e du sommeil.<\/li>\n \t<li>Les personnes ayant un IMC compris entre 30 et 35 et un nouveau diab\u00e8te de type 2 et des probl\u00e8mes m\u00e9taboliques (sur d\u00e9cision du m\u00e9decin).<\/li>\n<\/ul>\n<strong>Restrictions d&#039;\u00e2ge<\/strong>\n<ul>\n \t<li>La chirurgie du manchon gastrique est pratiqu\u00e9e sur des personnes \u00e2g\u00e9es de 18 \u00e0 65 ans. L&#039;approbation parentale est requise pour les moins de 18 ans et l&#039;\u00e9tat de sant\u00e9 des plus de 65 ans est \u00e9valu\u00e9.<\/li>\n<\/ul>\n<strong>Douleur et cicatrice postop\u00e9ratoires<\/strong>\n<ul>\n \t<li>\u00c9tant donn\u00e9 que la chirurgie r\u00e9alis\u00e9e par laparoscopie se fait par de petites incisions, la douleur est minime. Les cicatrices deviennent invisibles au bout de quelques mois.<\/li>\n<\/ul>\n<strong>Perte de poids et suivi<\/strong>\n<ul>\n \t<li>Ceux qui subissent une gastrectomie en manchon perdent 60 pour cent de leur exc\u00e8s de poids 5 ans apr\u00e8s l\u2019op\u00e9ration. Cependant, un soutien continu en vitamines et min\u00e9raux peut \u00eatre n\u00e9cessaire apr\u00e8s la chirurgie.<\/li>\n<\/ul>\n<strong>Chirurgies de reprise de poids et de r\u00e9vision<\/strong>\n<ul>\n \t<li>Le taux de reprise de poids est d\u2019environ 15 pour cent. Dans ce cas, des interventions chirurgicales de r\u00e9vision peuvent \u00eatre n\u00e9cessaires. Ces chirurgies doivent \u00eatre r\u00e9alis\u00e9es par des chirurgiens exp\u00e9riment\u00e9s.<\/li>\n<\/ul>\n<strong>Suivi et assistance<\/strong>\n<ul>\n \t<li>Ceux qui subissent une gastrectomie en manchon sont suivis \u00e0 vie par l\u2019\u00e9quipe de l\u2019ob\u00e9sit\u00e9. Cette approche est importante pour prot\u00e9ger la sant\u00e9 du patient et intervenir lorsque n\u00e9cessaire.<\/li>\n<\/ul>\nBien que la chirurgie de gastrectomie en manchon soit une option efficace pour g\u00e9rer le poids et lutter contre l\u2019ob\u00e9sit\u00e9, les patients ont besoin d\u2019un suivi et d\u2019un soutien r\u00e9guliers avant et apr\u00e8s la chirurgie.\t\t\t\t\t\t\t\t<\/div>\n\t\t\t\t<\/div>\n\t\t\t\t\t<\/div>\n\t\t<\/div>\n\t\t\t\t\t<\/div>\n\t\t<\/section>\n\t\t\t\t<\/div>","protected":false},"excerpt":{"rendered":"<p>Gastric Sleeve Hastanede Kal\u0131\u015f S\u00fcresi: 3 G\u00fcn Operasyon S\u00fcresi: 6-8 Saat Anestezi: Genel \u0130yile\u015fme S\u00fcresi: 1-3 Ay Hemen Randevu Al\u0131n T\u00fcp Mide Ameliyat\u0131 Nedir? G\u00fcn\u00fcm\u00fczde yayg\u0131n olarak uygulanan cerrahi giri\u015fimlerden biri olan t\u00fcp mide ameliyat\u0131, &#8220;mide k\u00fc\u00e7\u00fcltme ameliyat\u0131&#8221; olarak bilinir. Bu ameliyat, obezite tedavisinde etkili sonu\u00e7lar sa\u011flar. Ameliyat S\u00fcreci Mide \u015eeklinin De\u011fi\u015fimi: T\u00fcp mide ameliyat\u0131nda, [&hellip;]<\/p>\n","protected":false},"author":2,"featured_media":0,"parent":0,"menu_order":0,"comment_status":"closed","ping_status":"closed","template":"","meta":{"postBodyMargin":[],"postBodyPadding":[],"postBodyBackground":{"backgroundType":"classic","gradient":""},"footnotes":""},"class_list":["post-13594","page","type-page","status-publish","hentry"],"_links":{"self":[{"href":"https:\/\/seldacenter.com\/fr\/wp-json\/wp\/v2\/pages\/13594","targetHints":{"allow":["GET"]}}],"collection":[{"href":"https:\/\/seldacenter.com\/fr\/wp-json\/wp\/v2\/pages"}],"about":[{"href":"https:\/\/seldacenter.com\/fr\/wp-json\/wp\/v2\/types\/page"}],"author":[{"embeddable":true,"href":"https:\/\/seldacenter.com\/fr\/wp-json\/wp\/v2\/users\/2"}],"replies":[{"embeddable":true,"href":"https:\/\/seldacenter.com\/fr\/wp-json\/wp\/v2\/comments?post=13594"}],"version-history":[{"count":13,"href":"https:\/\/seldacenter.com\/fr\/wp-json\/wp\/v2\/pages\/13594\/revisions"}],"predecessor-version":[{"id":14231,"href":"https:\/\/seldacenter.com\/fr\/wp-json\/wp\/v2\/pages\/13594\/revisions\/14231"}],"wp:attachment":[{"href":"https:\/\/seldacenter.com\/fr\/wp-json\/wp\/v2\/media?parent=13594"}],"curies":[{"name":"wp","href":"https:\/\/api.w.org\/{rel}","templated":true}]}}