{"id":13590,"date":"2024-02-17T18:49:52","date_gmt":"2024-02-17T18:49:52","guid":{"rendered":"https:\/\/seldacenter.com\/yeniyapi\/?page_id=13590"},"modified":"2024-03-02T02:30:14","modified_gmt":"2024-03-02T02:30:14","slug":"yuz-prp","status":"publish","type":"page","link":"https:\/\/seldacenter.com\/fr\/yuz-prp\/","title":{"rendered":"PRP facial"},"content":{"rendered":"<div data-elementor-type=\"wp-page\" data-elementor-id=\"13590\" class=\"elementor elementor-13590\" data-elementor-post-type=\"page\">\n\t\t\t\t\t\t<section class=\"elementor-section elementor-top-section elementor-element elementor-element-a323fd0 elementor-section-boxed elementor-section-height-default elementor-section-height-default\" data-id=\"a323fd0\" data-element_type=\"section\">\n\t\t\t\t\t\t<div class=\"elementor-container elementor-column-gap-default\">\n\t\t\t\t\t<div class=\"elementor-column elementor-col-50 elementor-top-column elementor-element elementor-element-0f16831\" data-id=\"0f16831\" data-element_type=\"column\" data-settings=\"{&quot;background_background&quot;:&quot;classic&quot;}\">\n\t\t\t<div class=\"elementor-widget-wrap elementor-element-populated\">\n\t\t\t\t\t\t<div class=\"elementor-element elementor-element-a3d2a81 elementor-widget elementor-widget-image\" data-id=\"a3d2a81\" data-element_type=\"widget\" data-widget_type=\"image.default\">\n\t\t\t\t<div class=\"elementor-widget-container\">\n\t\t\t\t\t\t\t\t\t\t\t\t\t\t\t<img fetchpriority=\"high\" decoding=\"async\" width=\"996\" height=\"664\" src=\"https:\/\/seldacenter.com\/wp-content\/uploads\/2024\/03\/close-up-doctor-checking-patient_23-2149103552.jpg\" class=\"attachment-full size-full wp-image-14264\" alt=\"\" srcset=\"https:\/\/seldacenter.com\/wp-content\/uploads\/2024\/03\/close-up-doctor-checking-patient_23-2149103552.jpg 996w, https:\/\/seldacenter.com\/wp-content\/uploads\/2024\/03\/close-up-doctor-checking-patient_23-2149103552-600x400.jpg 600w, https:\/\/seldacenter.com\/wp-content\/uploads\/2024\/03\/close-up-doctor-checking-patient_23-2149103552-300x200.jpg 300w, https:\/\/seldacenter.com\/wp-content\/uploads\/2024\/03\/close-up-doctor-checking-patient_23-2149103552-768x512.jpg 768w\" sizes=\"(max-width: 996px) 100vw, 996px\" \/>\t\t\t\t\t\t\t\t\t\t\t\t\t\t\t<\/div>\n\t\t\t\t<\/div>\n\t\t\t\t\t<\/div>\n\t\t<\/div>\n\t\t\t\t<div class=\"elementor-column elementor-col-50 elementor-top-column elementor-element elementor-element-99dcb46\" data-id=\"99dcb46\" data-element_type=\"column\">\n\t\t\t<div class=\"elementor-widget-wrap elementor-element-populated\">\n\t\t\t\t\t\t<div class=\"elementor-element elementor-element-dace4bc elementor-widget-divider--view-line_text elementor-widget-divider--element-align-left elementor-widget elementor-widget-divider\" data-id=\"dace4bc\" data-element_type=\"widget\" data-widget_type=\"divider.default\">\n\t\t\t\t<div class=\"elementor-widget-container\">\n\t\t\t\t\t\t\t<div class=\"elementor-divider\">\n\t\t\t<span class=\"elementor-divider-separator\">\n\t\t\t\t\t\t\t<h3 class=\"elementor-divider__text elementor-divider__element\">\n\t\t\t\tTraitement PRP du visage\t\t\t\t<\/h3>\n\t\t\t\t\t\t<\/span>\n\t\t<\/div>\n\t\t\t\t\t\t<\/div>\n\t\t\t\t<\/div>\n\t\t\t\t<div class=\"elementor-element elementor-element-a21051c elementor-align-left elementor-icon-list--layout-traditional elementor-list-item-link-full_width elementor-widget elementor-widget-icon-list\" data-id=\"a21051c\" data-element_type=\"widget\" data-widget_type=\"icon-list.default\">\n\t\t\t\t<div class=\"elementor-widget-container\">\n\t\t\t\t\t\t\t<ul class=\"elementor-icon-list-items\">\n\t\t\t\t\t\t\t<li class=\"elementor-icon-list-item\">\n\t\t\t\t\t\t\t\t\t\t\t<span class=\"elementor-icon-list-icon\">\n\t\t\t\t\t\t\t<svg aria-hidden=\"true\" class=\"e-font-icon-svg e-far-hospital\" viewbox=\"0 0 448 512\" xmlns=\"http:\/\/www.w3.org\/2000\/svg\"><path d=\"M128 244v-40c0-6.627 5.373-12 12-12h40c6.627 0 12 5.373 12 12v40c0 6.627-5.373 12-12 12h-40c-6.627 0-12-5.373-12-12zm140 12h40c6.627 0 12-5.373 12-12v-40c0-6.627-5.373-12-12-12h-40c-6.627 0-12 5.373-12 12v40c0 6.627 5.373 12 12 12zm-76 84v-40c0-6.627-5.373-12-12-12h-40c-6.627 0-12 5.373-12 12v40c0 6.627 5.373 12 12 12h40c6.627 0 12-5.373 12-12zm76 12h40c6.627 0 12-5.373 12-12v-40c0-6.627-5.373-12-12-12h-40c-6.627 0-12 5.373-12 12v40c0 6.627 5.373 12 12 12zm180 124v36H0v-36c0-6.627 5.373-12 12-12h19.5V85.035C31.5 73.418 42.245 64 55.5 64H144V24c0-13.255 10.745-24 24-24h112c13.255 0 24 10.745 24 24v40h88.5c13.255 0 24 9.418 24 21.035V464H436c6.627 0 12 5.373 12 12zM79.5 463H192v-67c0-6.627 5.373-12 12-12h40c6.627 0 12 5.373 12 12v67h112.5V112H304v24c0 13.255-10.745 24-24 24H168c-13.255 0-24-10.745-24-24v-24H79.5v351zM266 64h-26V38a6 6 0 0 0-6-6h-20a6 6 0 0 0-6 6v26h-26a6 6 0 0 0-6 6v20a6 6 0 0 0 6 6h26v26a6 6 0 0 0 6 6h20a6 6 0 0 0 6-6V96h26a6 6 0 0 0 6-6V70a6 6 0 0 0-6-6z\"><\/path><\/svg>\t\t\t\t\t\t<\/span>\n\t\t\t\t\t\t\t\t\t\t<span class=\"elementor-icon-list-text\">Dur\u00e9e du s\u00e9jour \u00e0 l&#039;h\u00f4pital\u00a0:\u00a0non obligatoire<\/span>\n\t\t\t\t\t\t\t\t\t<\/li>\n\t\t\t\t\t\t\t\t<li class=\"elementor-icon-list-item\">\n\t\t\t\t\t\t\t\t\t\t\t<span class=\"elementor-icon-list-icon\">\n\t\t\t\t\t\t\t<svg aria-hidden=\"true\" class=\"e-font-icon-svg e-far-clock\" viewbox=\"0 0 512 512\" xmlns=\"http:\/\/www.w3.org\/2000\/svg\"><path d=\"M256 8C119 8 8 119 8 256s111 248 248 248 248-111 248-248S393 8 256 8zm0 448c-110.5 0-200-89.5-200-200S145.5 56 256 56s200 89.5 200 200-89.5 200-200 200zm61.8-104.4l-84.9-61.7c-3.1-2.3-4.9-5.9-4.9-9.7V116c0-6.6 5.4-12 12-12h32c6.6 0 12 5.4 12 12v141.7l66.8 48.6c5.4 3.9 6.5 11.4 2.6 16.8L334.6 349c-3.9 5.3-11.4 6.5-16.8 2.6z\"><\/path><\/svg>\t\t\t\t\t\t<\/span>\n\t\t\t\t\t\t\t\t\t\t<span class=\"elementor-icon-list-text\">Temps de fonctionnement : 40 minutes<\/span>\n\t\t\t\t\t\t\t\t\t<\/li>\n\t\t\t\t\t\t\t\t<li class=\"elementor-icon-list-item\">\n\t\t\t\t\t\t\t\t\t\t\t<span class=\"elementor-icon-list-icon\">\n\t\t\t\t\t\t\t<svg aria-hidden=\"true\" class=\"e-font-icon-svg e-fas-syringe\" viewbox=\"0 0 512 512\" xmlns=\"http:\/\/www.w3.org\/2000\/svg\"><path d=\"M201.5 174.8l55.7 55.8c3.1 3.1 3.1 8.2 0 11.3l-11.3 11.3c-3.1 3.1-8.2 3.1-11.3 0l-55.7-55.8-45.3 45.3 55.8 55.8c3.1 3.1 3.1 8.2 0 11.3l-11.3 11.3c-3.1 3.1-8.2 3.1-11.3 0L111 265.2l-26.4 26.4c-17.3 17.3-25.6 41.1-23 65.4l7.1 63.6L2.3 487c-3.1 3.1-3.1 8.2 0 11.3l11.3 11.3c3.1 3.1 8.2 3.1 11.3 0l66.3-66.3 63.6 7.1c23.9 2.6 47.9-5.4 65.4-23l181.9-181.9-135.7-135.7-64.9 65zm308.2-93.3L430.5 2.3c-3.1-3.1-8.2-3.1-11.3 0l-11.3 11.3c-3.1 3.1-3.1 8.2 0 11.3l28.3 28.3-45.3 45.3-56.6-56.6-17-17c-3.1-3.1-8.2-3.1-11.3 0l-33.9 33.9c-3.1 3.1-3.1 8.2 0 11.3l17 17L424.8 223l17 17c3.1 3.1 8.2 3.1 11.3 0l33.9-34c3.1-3.1 3.1-8.2 0-11.3l-73.5-73.5 45.3-45.3 28.3 28.3c3.1 3.1 8.2 3.1 11.3 0l11.3-11.3c3.1-3.2 3.1-8.2 0-11.4z\"><\/path><\/svg>\t\t\t\t\t\t<\/span>\n\t\t\t\t\t\t\t\t\t\t<span class=\"elementor-icon-list-text\">Anesth\u00e9sie\u00a0:\u00a0non requise<\/span>\n\t\t\t\t\t\t\t\t\t<\/li>\n\t\t\t\t\t\t\t\t<li class=\"elementor-icon-list-item\">\n\t\t\t\t\t\t\t\t\t\t\t<span class=\"elementor-icon-list-icon\">\n\t\t\t\t\t\t\t<svg aria-hidden=\"true\" class=\"e-font-icon-svg e-far-heart\" viewbox=\"0 0 512 512\" xmlns=\"http:\/\/www.w3.org\/2000\/svg\"><path d=\"M458.4 64.3C400.6 15.7 311.3 23 256 79.3 200.7 23 111.4 15.6 53.6 64.3-21.6 127.6-10.6 230.8 43 285.5l175.4 178.7c10 10.2 23.4 15.9 37.6 15.9 14.3 0 27.6-5.6 37.6-15.8L469 285.6c53.5-54.7 64.7-157.9-10.6-221.3zm-23.6 187.5L259.4 430.5c-2.4 2.4-4.4 2.4-6.8 0L77.2 251.8c-36.5-37.2-43.9-107.6 7.3-150.7 38.9-32.7 98.9-27.8 136.5 10.5l35 35.7 35-35.7c37.8-38.5 97.8-43.2 136.5-10.6 51.1 43.1 43.5 113.9 7.3 150.8z\"><\/path><\/svg>\t\t\t\t\t\t<\/span>\n\t\t\t\t\t\t\t\t\t\t<span class=\"elementor-icon-list-text\">Temps de r\u00e9cup\u00e9ration\u00a0: imm\u00e9diat<\/span>\n\t\t\t\t\t\t\t\t\t<\/li>\n\t\t\t\t\t\t<\/ul>\n\t\t\t\t\t\t<\/div>\n\t\t\t\t<\/div>\n\t\t\t\t<div class=\"elementor-element elementor-element-6510383 elementor-align-justify elementor-widget elementor-widget-button\" data-id=\"6510383\" data-element_type=\"widget\" data-widget_type=\"button.default\">\n\t\t\t\t<div class=\"elementor-widget-container\">\n\t\t\t\t\t\t\t\t\t<div class=\"elementor-button-wrapper\">\n\t\t\t\t\t<a class=\"elementor-button elementor-button-link elementor-size-sm elementor-animation-buzz\" href=\"https:\/\/seldacenter.com\/fr\/\">\n\t\t\t\t\t\t<span class=\"elementor-button-content-wrapper\">\n\t\t\t\t\t\t\t\t\t<span class=\"elementor-button-text\">Prenez rendez-vous maintenant<\/span>\n\t\t\t\t\t<\/span>\n\t\t\t\t\t<\/a>\n\t\t\t\t<\/div>\n\t\t\t\t\t\t\t\t<\/div>\n\t\t\t\t<\/div>\n\t\t\t\t\t<\/div>\n\t\t<\/div>\n\t\t\t\t\t<\/div>\n\t\t<\/section>\n\t\t\t\t<section class=\"elementor-section elementor-top-section elementor-element elementor-element-4d0e101e elementor-section-boxed elementor-section-height-default elementor-section-height-default\" data-id=\"4d0e101e\" data-element_type=\"section\">\n\t\t\t\t\t\t<div class=\"elementor-container elementor-column-gap-default\">\n\t\t\t\t\t<div class=\"elementor-column elementor-col-100 elementor-top-column elementor-element elementor-element-2d3505f0\" data-id=\"2d3505f0\" data-element_type=\"column\">\n\t\t\t<div class=\"elementor-widget-wrap elementor-element-populated\">\n\t\t\t\t\t\t<div class=\"elementor-element elementor-element-434aac17 elementor-widget elementor-widget-text-editor\" data-id=\"434aac17\" data-element_type=\"widget\" data-widget_type=\"text-editor.default\">\n\t\t\t\t<div class=\"elementor-widget-container\">\n\t\t\t\t\t\t\t\t\tAujourd&#039;hui, les technologies en d\u00e9veloppement rapide dans le domaine de l&#039;esth\u00e9tique et de la beaut\u00e9 offrent de nombreuses options aux personnes qui souhaitent obtenir une peau jeune et saine. L\u2019une de ces options est le traitement au plasma riche en plaquettes (PRP). Le traitement facial PRP est une m\u00e9thode de beaut\u00e9 et de rajeunissement qui consiste \u00e0 injecter dans la peau du plasma riche en plaquettes obtenu \u00e0 partir du propre sang de la personne. Dans cet article, nous nous concentrerons sur les d\u00e9tails du traitement PRP du visage et les effets de ce traitement sur le rajeunissement de la peau.\n\n<strong>Qu\u2019est-ce que le PRP facial ?<\/strong>\n\nLe PRP est un type de plasma qui contient une concentration \u00e9lev\u00e9e de plaquettes dans le sang d&#039;une personne. Les plaquettes sont des cellules qui permettent la coagulation du sang et d\u00e9clenchent la gu\u00e9rison apr\u00e8s une blessure dans le corps. Dans le traitement PRP du visage, ce plasma riche en plaquettes est obtenu gr\u00e2ce \u00e0 un proc\u00e9d\u00e9 sp\u00e9cial. Il est ensuite inject\u00e9 dans la peau pour rajeunir la peau.\n\n<strong>Comment appliquer le PRP facial ?<\/strong>\n\nLe traitement PRP facial comprend g\u00e9n\u00e9ralement les \u00e9tapes suivantes\u00a0:\n\n<strong>\u00c9tape 1\u00a0:\u00a0Pr\u00e9l\u00e8vement de sang<\/strong>\n\nTout d\u2019abord, un petit \u00e9chantillon de sang est pr\u00e9lev\u00e9 sur le patient, g\u00e9n\u00e9ralement au niveau du bras ou du coude.\n\n<strong>\u00c9tape 2\u00a0: Pr\u00e9paration du PRP<\/strong>\n\nL\u2019\u00e9chantillon de sang pr\u00e9lev\u00e9 est trait\u00e9 selon un processus appel\u00e9 centrifugation. Au cours de ce processus, diff\u00e9rents composants du sang sont s\u00e9par\u00e9s et un plasma riche en plaquettes est obtenu.\n\n<strong>\u00c9tape 3\u00a0: Injection<\/strong>\n\nLe PRP pr\u00e9par\u00e9 est inject\u00e9 dans le visage \u00e0 l&#039;aide d&#039;aiguilles fines sp\u00e9ciales. Les points d\u2019injection sont g\u00e9n\u00e9ralement concentr\u00e9s sur les zones o\u00f9 la peau doit \u00eatre rajeunie ou des zones sp\u00e9cifiques doivent \u00eatre am\u00e9lior\u00e9es.\n\n<strong>\u00c9tape 4 : Processus de gu\u00e9rison<\/strong>\n\nLe traitement PRP facial offre g\u00e9n\u00e9ralement un processus de r\u00e9cup\u00e9ration rapide. Un l\u00e9ger gonflement ou une rougeur peut survenir apr\u00e8s le traitement, mais cela dispara\u00eet g\u00e9n\u00e9ralement en peu de temps.\n\n<strong>Avantages du PRP facial<\/strong>\n\n<strong>1. Rajeunissement de la peau<\/strong>\n\nLe traitement facial PRP peut augmenter l\u2019\u00e9lasticit\u00e9 de la peau et aider \u00e0 r\u00e9duire les rides et ridules en stimulant la production de collag\u00e8ne.\n\n<strong>2. Am\u00e9liorer le teint et la texture de la peau<\/strong>\n\nLe PRP peut uniformiser le teint et aider la peau \u00e0 avoir une texture plus lisse.\n\n<strong>3. R\u00e9duire les imperfections et les imperfections<\/strong>\n\nLes injections de PRP peuvent \u00eatre efficaces contre les taches solaires ou les probl\u00e8mes de pigmentation, contribuant \u00e0 un teint plus uniforme.\n\n<strong>4. Une m\u00e9thode naturelle et s\u00fbre<\/strong>\n\nLe traitement facial PRP est g\u00e9n\u00e9ralement consid\u00e9r\u00e9 comme une m\u00e9thode naturelle et s\u00fbre en raison de l&#039;utilisation de produits obtenus \u00e0 partir du propre sang de la personne.\n\n<strong>5. Gu\u00e9rison rapide<\/strong>\n\nCela n\u00e9cessite un temps de r\u00e9cup\u00e9ration minimal apr\u00e8s le traitement et les patients peuvent g\u00e9n\u00e9ralement reprendre imm\u00e9diatement leurs activit\u00e9s quotidiennes.\n\n<strong>\u00c0 qui s\u2019adresse le traitement facial PRP\u00a0?<\/strong>\n\nLe traitement PRP facial convient g\u00e9n\u00e9ralement aux conditions suivantes\u00a0:\n<ul>\n \t<li>\n    D\u00e9sir de r\u00e9duire les rides et ridules<\/li>\n \t<li>\n    Irr\u00e9gularit\u00e9s du teint ou probl\u00e8mes de pigmentation<\/li>\n \t<li>\n    D\u00e9sir d\u2019une peau d\u2019apparence rajeunie<\/li>\n \t<li>\n    Perte d\u2019\u00e9lasticit\u00e9 ou probl\u00e8mes d\u2019affaissement<\/li>\n<\/ul>\nCependant, il peut ne pas convenir \u00e0 tout le monde et les ant\u00e9c\u00e9dents m\u00e9dicaux et le type de peau d&#039;une personne doivent \u00eatre pris en compte.\n\n<strong>En conclusion<\/strong>\n\nLe traitement PRP du visage s\u2019impose comme une m\u00e9thode naturelle de rajeunissement. Cependant, comme pour toute intervention esth\u00e9tique, il est important pour les personnes envisageant ce traitement de consulter un professionnel de sant\u00e9 qualifi\u00e9. La structure cutan\u00e9e de chaque individu est diff\u00e9rente, il est donc important de cr\u00e9er un plan de traitement personnalis\u00e9 pour obtenir les r\u00e9sultats les plus efficaces.\t\t\t\t\t\t\t\t<\/div>\n\t\t\t\t<\/div>\n\t\t\t\t\t<\/div>\n\t\t<\/div>\n\t\t\t\t\t<\/div>\n\t\t<\/section>\n\t\t\t\t<\/div>","protected":false},"excerpt":{"rendered":"<p>Y\u00fcz PRP Tedavisi Hastanede Kal\u0131\u015f S\u00fcresi: Gerekli De\u011fil Operasyon S\u00fcresi: 40 Dakika Anestezi: Gerekli De\u011fil \u0130yile\u015fme S\u00fcresi: Hemen Hemen Randevu Al\u0131n G\u00fcn\u00fcm\u00fczde, estetik ve g\u00fczellik alan\u0131nda h\u0131zla geli\u015fen teknolojiler, gen\u00e7 ve sa\u011fl\u0131kl\u0131 bir cilt g\u00f6r\u00fcn\u00fcm\u00fc elde etmek isteyen ki\u015filere bir\u00e7ok se\u00e7enek sunmaktad\u0131r. Bu se\u00e7eneklerden biri de Platelet-Rich Plasma (PRP) tedavisidir. Y\u00fcz PRP tedavisi, ki\u015finin kendi [&hellip;]<\/p>\n","protected":false},"author":2,"featured_media":0,"parent":0,"menu_order":0,"comment_status":"closed","ping_status":"closed","template":"","meta":{"postBodyMargin":[],"postBodyPadding":[],"postBodyBackground":{"backgroundType":"classic","gradient":""},"footnotes":""},"class_list":["post-13590","page","type-page","status-publish","hentry"],"_links":{"self":[{"href":"https:\/\/seldacenter.com\/fr\/wp-json\/wp\/v2\/pages\/13590","targetHints":{"allow":["GET"]}}],"collection":[{"href":"https:\/\/seldacenter.com\/fr\/wp-json\/wp\/v2\/pages"}],"about":[{"href":"https:\/\/seldacenter.com\/fr\/wp-json\/wp\/v2\/types\/page"}],"author":[{"embeddable":true,"href":"https:\/\/seldacenter.com\/fr\/wp-json\/wp\/v2\/users\/2"}],"replies":[{"embeddable":true,"href":"https:\/\/seldacenter.com\/fr\/wp-json\/wp\/v2\/comments?post=13590"}],"version-history":[{"count":10,"href":"https:\/\/seldacenter.com\/fr\/wp-json\/wp\/v2\/pages\/13590\/revisions"}],"predecessor-version":[{"id":14267,"href":"https:\/\/seldacenter.com\/fr\/wp-json\/wp\/v2\/pages\/13590\/revisions\/14267"}],"wp:attachment":[{"href":"https:\/\/seldacenter.com\/fr\/wp-json\/wp\/v2\/media?parent=13590"}],"curies":[{"name":"wp","href":"https:\/\/api.w.org\/{rel}","templated":true}]}}