{"id":13588,"date":"2024-02-17T18:49:20","date_gmt":"2024-02-17T18:49:20","guid":{"rendered":"https:\/\/seldacenter.com\/yeniyapi\/?page_id=13588"},"modified":"2024-02-17T18:49:21","modified_gmt":"2024-02-17T18:49:21","slug":"yuz-germe-ameliyati","status":"publish","type":"page","link":"https:\/\/seldacenter.com\/fr\/yuz-germe-ameliyati\/","title":{"rendered":"Chirurgie de lifting du visage"},"content":{"rendered":"<p><strong>Chirurgie de lifting du visage\u00a0: une solution efficace pour une apparence jeune et dynamique<\/strong><\/p>\n<p>Le lifting du visage est une intervention chirurgicale qui offre une solution efficace aux personnes souhaitant att\u00e9nuer les signes du vieillissement et retrouver une apparence plus jeune et plus \u00e9clatante. Voici quelques curiosit\u00e9s concernant le lifting\u00a0:<\/p>\n<p>Comment se d\u00e9roule une chirurgie de lifting du visage ?<\/p>\n<p>Le lifting du visage est r\u00e9alis\u00e9 selon un plan \u00e9tabli en fonction des besoins du patient et des zones o\u00f9 une d\u00e9formation est d\u00e9tect\u00e9e. Outre le rel\u00e2chement cutan\u00e9, les muscles faciaux et les tissus conjonctifs sont sollicit\u00e9s. Le remodelage tridimensionnel des tissus profonds offre des r\u00e9sultats naturels et permanents. Les incisions sont g\u00e9n\u00e9ralement pratiqu\u00e9es \u00e0 la racine des cheveux et devant l&#039;oreille, ce qui permet aux cicatrices de devenir invisibles au fil du temps.<\/p>\n<p>Avantages de la chirurgie de lifting du visage<\/p>\n<ul>\n<li>Elle affecte toutes les couches de la peau et atteint les tissus profonds.<\/li>\n<li>Le processus de rajeunissement peut se poursuivre pendant 5 \u00e0 10 ans.<\/li>\n<li>Elle peut \u00eatre r\u00e9alis\u00e9e par des m\u00e9thodes endoscopiques avec des cicatrices minimales.<\/li>\n<li>Processus de gu\u00e9rison rapide et ecchymoses minimales.<\/li>\n<\/ul>\n<p>P\u00e9riode de permanence apr\u00e8s une chirurgie de lifting du visage<\/p>\n<p>Selon une planification ad\u00e9quate et le mode de vie du patient, les effets d&#039;un lifting du visage peuvent g\u00e9n\u00e9ralement durer entre 5 et 10 ans. Cependant, des facteurs tels que le tabagisme, la consommation d&#039;alcool, le stress et une mauvaise alimentation peuvent affecter la dur\u00e9e de l&#039;intervention. Les r\u00e9sultats de l&#039;intervention, soutenus par un mode de vie sain, peuvent \u00eatre maintenus plus longtemps.<\/p>\n<p>Processus post-chirurgie de lifting<\/p>\n<ul>\n<li>La dur\u00e9e du s\u00e9jour \u00e0 l\u2019h\u00f4pital est g\u00e9n\u00e9ralement d\u2019un ou deux jours.<\/li>\n<li>Les ecchymoses et l\u2019enflure commencent \u00e0 dispara\u00eetre dans les 48 \u00e0 72 heures.<\/li>\n<li>Le patient peut retourner au travail dans 7 \u00e0 10 jours.<\/li>\n<li>Le processus de r\u00e9cup\u00e9ration complet peut prendre 1,5 \u00e0 2 mois.<\/li>\n<\/ul>\n<p>Prix du lifting du visage<\/p>\n<p>Les prix des chirurgies de lifting peuvent varier en fonction de l\u2019intervention \u00e0 r\u00e9aliser et des mat\u00e9riaux \u00e0 utiliser.<\/p>","protected":false},"excerpt":{"rendered":"<p>Y\u00fcz Germe Ameliyat\u0131: Gen\u00e7 ve Canl\u0131 Bir G\u00f6r\u00fcn\u00fcm \u0130\u00e7in Etkili \u00c7\u00f6z\u00fcm Y\u00fcz germe ameliyat\u0131, ya\u015fl\u0131l\u0131k belirtileriyle ba\u015fa \u00e7\u0131kmak ve daha gen\u00e7, canl\u0131 bir g\u00f6r\u00fcn\u00fcm elde etmek isteyenler i\u00e7in etkili bir \u00e7\u00f6z\u00fcm sunan bir cerrahi i\u015flemdir. \u0130\u015fte y\u00fcz germe ameliyat\u0131 hakk\u0131nda merak edilenler: Y\u00fcz Germe Ameliyat\u0131 Nas\u0131l Yap\u0131l\u0131r? Y\u00fcz germe ameliyat\u0131, ki\u015finin ihtiya\u00e7lar\u0131na ve deformasyonun tespit [&hellip;]<\/p>\n","protected":false},"author":2,"featured_media":0,"parent":0,"menu_order":0,"comment_status":"closed","ping_status":"closed","template":"","meta":{"postBodyMargin":[],"postBodyPadding":[],"postBodyBackground":{"backgroundType":"classic","gradient":""},"footnotes":""},"class_list":["post-13588","page","type-page","status-publish","hentry"],"_links":{"self":[{"href":"https:\/\/seldacenter.com\/fr\/wp-json\/wp\/v2\/pages\/13588","targetHints":{"allow":["GET"]}}],"collection":[{"href":"https:\/\/seldacenter.com\/fr\/wp-json\/wp\/v2\/pages"}],"about":[{"href":"https:\/\/seldacenter.com\/fr\/wp-json\/wp\/v2\/types\/page"}],"author":[{"embeddable":true,"href":"https:\/\/seldacenter.com\/fr\/wp-json\/wp\/v2\/users\/2"}],"replies":[{"embeddable":true,"href":"https:\/\/seldacenter.com\/fr\/wp-json\/wp\/v2\/comments?post=13588"}],"version-history":[{"count":1,"href":"https:\/\/seldacenter.com\/fr\/wp-json\/wp\/v2\/pages\/13588\/revisions"}],"predecessor-version":[{"id":13589,"href":"https:\/\/seldacenter.com\/fr\/wp-json\/wp\/v2\/pages\/13588\/revisions\/13589"}],"wp:attachment":[{"href":"https:\/\/seldacenter.com\/fr\/wp-json\/wp\/v2\/media?parent=13588"}],"curies":[{"name":"wp","href":"https:\/\/api.w.org\/{rel}","templated":true}]}}