{"id":13578,"date":"2024-02-17T18:43:03","date_gmt":"2024-02-17T18:43:03","guid":{"rendered":"https:\/\/seldacenter.com\/yeniyapi\/?page_id=13578"},"modified":"2024-03-02T01:50:21","modified_gmt":"2024-03-02T01:50:21","slug":"zirkonyum-dis-kaplamalari","status":"publish","type":"page","link":"https:\/\/seldacenter.com\/fr\/zirkonyum-dis-kaplamalari\/","title":{"rendered":"Rev\u00eatements dentaires en zirconium"},"content":{"rendered":"<div data-elementor-type=\"wp-page\" data-elementor-id=\"13578\" class=\"elementor elementor-13578\" data-elementor-post-type=\"page\">\n\t\t\t\t<section class=\"elementor-section elementor-top-section elementor-element elementor-element-dc70ec7 elementor-section-boxed elementor-section-height-default elementor-section-height-default\" data-id=\"dc70ec7\" data-element_type=\"section\">\n\t\t\t\t\t\t<div class=\"elementor-container elementor-column-gap-default\">\n\t\t\t\t\t<div class=\"elementor-column elementor-col-50 elementor-top-column elementor-element elementor-element-992781c\" data-id=\"992781c\" data-element_type=\"column\" data-settings=\"{&quot;background_background&quot;:&quot;classic&quot;}\">\n\t\t\t<div class=\"elementor-widget-wrap elementor-element-populated\">\n\t\t\t\t\t\t<div class=\"elementor-element elementor-element-b1fe21e elementor-widget elementor-widget-image\" data-id=\"b1fe21e\" data-element_type=\"widget\" data-widget_type=\"image.default\">\n\t\t\t\t<div class=\"elementor-widget-container\">\n\t\t\t\t\t\t\t\t\t\t\t\t\t\t\t<img fetchpriority=\"high\" decoding=\"async\" width=\"740\" height=\"493\" src=\"https:\/\/seldacenter.com\/wp-content\/uploads\/2024\/03\/woman-holding-tablet_144627-597-1.jpg\" class=\"attachment-full size-full wp-image-14189\" alt=\"\" srcset=\"https:\/\/seldacenter.com\/wp-content\/uploads\/2024\/03\/woman-holding-tablet_144627-597-1.jpg 740w, https:\/\/seldacenter.com\/wp-content\/uploads\/2024\/03\/woman-holding-tablet_144627-597-1-600x400.jpg 600w, https:\/\/seldacenter.com\/wp-content\/uploads\/2024\/03\/woman-holding-tablet_144627-597-1-300x200.jpg 300w\" sizes=\"(max-width: 740px) 100vw, 740px\" \/>\t\t\t\t\t\t\t\t\t\t\t\t\t\t\t<\/div>\n\t\t\t\t<\/div>\n\t\t\t\t\t<\/div>\n\t\t<\/div>\n\t\t\t\t<div class=\"elementor-column elementor-col-50 elementor-top-column elementor-element elementor-element-cc4e83c\" data-id=\"cc4e83c\" data-element_type=\"column\">\n\t\t\t<div class=\"elementor-widget-wrap elementor-element-populated\">\n\t\t\t\t\t\t<div class=\"elementor-element elementor-element-fe67e70 elementor-widget-divider--view-line_text elementor-widget-divider--element-align-left elementor-widget elementor-widget-divider\" data-id=\"fe67e70\" data-element_type=\"widget\" data-widget_type=\"divider.default\">\n\t\t\t\t<div class=\"elementor-widget-container\">\n\t\t\t\t\t\t\t<div class=\"elementor-divider\">\n\t\t\t<span class=\"elementor-divider-separator\">\n\t\t\t\t\t\t\t<h3 class=\"elementor-divider__text elementor-divider__element\">\n\t\t\t\tRev\u00eatements dentaires en zirconium\t\t\t\t<\/h3>\n\t\t\t\t\t\t<\/span>\n\t\t<\/div>\n\t\t\t\t\t\t<\/div>\n\t\t\t\t<\/div>\n\t\t\t\t<div class=\"elementor-element elementor-element-3131740 elementor-align-left elementor-icon-list--layout-traditional elementor-list-item-link-full_width elementor-widget elementor-widget-icon-list\" data-id=\"3131740\" data-element_type=\"widget\" data-widget_type=\"icon-list.default\">\n\t\t\t\t<div class=\"elementor-widget-container\">\n\t\t\t\t\t\t\t<ul class=\"elementor-icon-list-items\">\n\t\t\t\t\t\t\t<li class=\"elementor-icon-list-item\">\n\t\t\t\t\t\t\t\t\t\t\t<span class=\"elementor-icon-list-icon\">\n\t\t\t\t\t\t\t<svg aria-hidden=\"true\" class=\"e-font-icon-svg e-far-hospital\" viewbox=\"0 0 448 512\" xmlns=\"http:\/\/www.w3.org\/2000\/svg\"><path d=\"M128 244v-40c0-6.627 5.373-12 12-12h40c6.627 0 12 5.373 12 12v40c0 6.627-5.373 12-12 12h-40c-6.627 0-12-5.373-12-12zm140 12h40c6.627 0 12-5.373 12-12v-40c0-6.627-5.373-12-12-12h-40c-6.627 0-12 5.373-12 12v40c0 6.627 5.373 12 12 12zm-76 84v-40c0-6.627-5.373-12-12-12h-40c-6.627 0-12 5.373-12 12v40c0 6.627 5.373 12 12 12h40c6.627 0 12-5.373 12-12zm76 12h40c6.627 0 12-5.373 12-12v-40c0-6.627-5.373-12-12-12h-40c-6.627 0-12 5.373-12 12v40c0 6.627 5.373 12 12 12zm180 124v36H0v-36c0-6.627 5.373-12 12-12h19.5V85.035C31.5 73.418 42.245 64 55.5 64H144V24c0-13.255 10.745-24 24-24h112c13.255 0 24 10.745 24 24v40h88.5c13.255 0 24 9.418 24 21.035V464H436c6.627 0 12 5.373 12 12zM79.5 463H192v-67c0-6.627 5.373-12 12-12h40c6.627 0 12 5.373 12 12v67h112.5V112H304v24c0 13.255-10.745 24-24 24H168c-13.255 0-24-10.745-24-24v-24H79.5v351zM266 64h-26V38a6 6 0 0 0-6-6h-20a6 6 0 0 0-6 6v26h-26a6 6 0 0 0-6 6v20a6 6 0 0 0 6 6h26v26a6 6 0 0 0 6 6h20a6 6 0 0 0 6-6V96h26a6 6 0 0 0 6-6V70a6 6 0 0 0-6-6z\"><\/path><\/svg>\t\t\t\t\t\t<\/span>\n\t\t\t\t\t\t\t\t\t\t<span class=\"elementor-icon-list-text\">Dur\u00e9e du s\u00e9jour \u00e0 l&#039;h\u00f4pital\u00a0:\u00a0non obligatoire<\/span>\n\t\t\t\t\t\t\t\t\t<\/li>\n\t\t\t\t\t\t\t\t<li class=\"elementor-icon-list-item\">\n\t\t\t\t\t\t\t\t\t\t\t<span class=\"elementor-icon-list-icon\">\n\t\t\t\t\t\t\t<svg aria-hidden=\"true\" class=\"e-font-icon-svg e-far-clock\" viewbox=\"0 0 512 512\" xmlns=\"http:\/\/www.w3.org\/2000\/svg\"><path d=\"M256 8C119 8 8 119 8 256s111 248 248 248 248-111 248-248S393 8 256 8zm0 448c-110.5 0-200-89.5-200-200S145.5 56 256 56s200 89.5 200 200-89.5 200-200 200zm61.8-104.4l-84.9-61.7c-3.1-2.3-4.9-5.9-4.9-9.7V116c0-6.6 5.4-12 12-12h32c6.6 0 12 5.4 12 12v141.7l66.8 48.6c5.4 3.9 6.5 11.4 2.6 16.8L334.6 349c-3.9 5.3-11.4 6.5-16.8 2.6z\"><\/path><\/svg>\t\t\t\t\t\t<\/span>\n\t\t\t\t\t\t\t\t\t\t<span class=\"elementor-icon-list-text\">Dur\u00e9e de fonctionnement\u00a0: 6 \u00e0 8 heures<\/span>\n\t\t\t\t\t\t\t\t\t<\/li>\n\t\t\t\t\t\t\t\t<li class=\"elementor-icon-list-item\">\n\t\t\t\t\t\t\t\t\t\t\t<span class=\"elementor-icon-list-icon\">\n\t\t\t\t\t\t\t<svg aria-hidden=\"true\" class=\"e-font-icon-svg e-fas-syringe\" viewbox=\"0 0 512 512\" xmlns=\"http:\/\/www.w3.org\/2000\/svg\"><path d=\"M201.5 174.8l55.7 55.8c3.1 3.1 3.1 8.2 0 11.3l-11.3 11.3c-3.1 3.1-8.2 3.1-11.3 0l-55.7-55.8-45.3 45.3 55.8 55.8c3.1 3.1 3.1 8.2 0 11.3l-11.3 11.3c-3.1 3.1-8.2 3.1-11.3 0L111 265.2l-26.4 26.4c-17.3 17.3-25.6 41.1-23 65.4l7.1 63.6L2.3 487c-3.1 3.1-3.1 8.2 0 11.3l11.3 11.3c3.1 3.1 8.2 3.1 11.3 0l66.3-66.3 63.6 7.1c23.9 2.6 47.9-5.4 65.4-23l181.9-181.9-135.7-135.7-64.9 65zm308.2-93.3L430.5 2.3c-3.1-3.1-8.2-3.1-11.3 0l-11.3 11.3c-3.1 3.1-3.1 8.2 0 11.3l28.3 28.3-45.3 45.3-56.6-56.6-17-17c-3.1-3.1-8.2-3.1-11.3 0l-33.9 33.9c-3.1 3.1-3.1 8.2 0 11.3l17 17L424.8 223l17 17c3.1 3.1 8.2 3.1 11.3 0l33.9-34c3.1-3.1 3.1-8.2 0-11.3l-73.5-73.5 45.3-45.3 28.3 28.3c3.1 3.1 8.2 3.1 11.3 0l11.3-11.3c3.1-3.2 3.1-8.2 0-11.4z\"><\/path><\/svg>\t\t\t\t\t\t<\/span>\n\t\t\t\t\t\t\t\t\t\t<span class=\"elementor-icon-list-text\">Anesth\u00e9sie\u00a0: Locale<\/span>\n\t\t\t\t\t\t\t\t\t<\/li>\n\t\t\t\t\t\t\t\t<li class=\"elementor-icon-list-item\">\n\t\t\t\t\t\t\t\t\t\t\t<span class=\"elementor-icon-list-icon\">\n\t\t\t\t\t\t\t<svg aria-hidden=\"true\" class=\"e-font-icon-svg e-far-heart\" viewbox=\"0 0 512 512\" xmlns=\"http:\/\/www.w3.org\/2000\/svg\"><path d=\"M458.4 64.3C400.6 15.7 311.3 23 256 79.3 200.7 23 111.4 15.6 53.6 64.3-21.6 127.6-10.6 230.8 43 285.5l175.4 178.7c10 10.2 23.4 15.9 37.6 15.9 14.3 0 27.6-5.6 37.6-15.8L469 285.6c53.5-54.7 64.7-157.9-10.6-221.3zm-23.6 187.5L259.4 430.5c-2.4 2.4-4.4 2.4-6.8 0L77.2 251.8c-36.5-37.2-43.9-107.6 7.3-150.7 38.9-32.7 98.9-27.8 136.5 10.5l35 35.7 35-35.7c37.8-38.5 97.8-43.2 136.5-10.6 51.1 43.1 43.5 113.9 7.3 150.8z\"><\/path><\/svg>\t\t\t\t\t\t<\/span>\n\t\t\t\t\t\t\t\t\t\t<span class=\"elementor-icon-list-text\">Temps de r\u00e9cup\u00e9ration\u00a0: imm\u00e9diat<\/span>\n\t\t\t\t\t\t\t\t\t<\/li>\n\t\t\t\t\t\t<\/ul>\n\t\t\t\t\t\t<\/div>\n\t\t\t\t<\/div>\n\t\t\t\t<div class=\"elementor-element elementor-element-1ef0c1a elementor-align-justify elementor-widget elementor-widget-button\" data-id=\"1ef0c1a\" data-element_type=\"widget\" data-widget_type=\"button.default\">\n\t\t\t\t<div class=\"elementor-widget-container\">\n\t\t\t\t\t\t\t\t\t<div class=\"elementor-button-wrapper\">\n\t\t\t\t\t<a class=\"elementor-button elementor-button-link elementor-size-sm elementor-animation-buzz\" href=\"https:\/\/seldacenter.com\/fr\/\">\n\t\t\t\t\t\t<span class=\"elementor-button-content-wrapper\">\n\t\t\t\t\t\t\t\t\t<span class=\"elementor-button-text\">Prenez rendez-vous maintenant<\/span>\n\t\t\t\t\t<\/span>\n\t\t\t\t\t<\/a>\n\t\t\t\t<\/div>\n\t\t\t\t\t\t\t\t<\/div>\n\t\t\t\t<\/div>\n\t\t\t\t\t<\/div>\n\t\t<\/div>\n\t\t\t\t\t<\/div>\n\t\t<\/section>\n\t\t\t\t<section class=\"elementor-section elementor-top-section elementor-element elementor-element-60787443 elementor-section-boxed elementor-section-height-default elementor-section-height-default\" data-id=\"60787443\" data-element_type=\"section\">\n\t\t\t\t\t\t<div class=\"elementor-container elementor-column-gap-default\">\n\t\t\t\t\t<div class=\"elementor-column elementor-col-100 elementor-top-column elementor-element elementor-element-1fb0457c\" data-id=\"1fb0457c\" data-element_type=\"column\">\n\t\t\t<div class=\"elementor-widget-wrap elementor-element-populated\">\n\t\t\t\t\t\t<div class=\"elementor-element elementor-element-7412ab2d elementor-widget elementor-widget-text-editor\" data-id=\"7412ab2d\" data-element_type=\"widget\" data-widget_type=\"text-editor.default\">\n\t\t\t\t<div class=\"elementor-widget-container\"><p><strong><br>Facettes dentaires en zirconium : la solution id\u00e9ale pour des sourires esth\u00e9tiques et sains<\/strong>\n<\/p><p>\n  Les couronnes dentaires sont une pratique dentaire importante utilis\u00e9e pour restaurer l\u2019esth\u00e9tique et la fonction dentaire. Les rev\u00eatements dentaires en zirconium font partie des options de rev\u00eatement esth\u00e9tiques qui ne contiennent pas de m\u00e9tal et ont des propri\u00e9t\u00e9s similaires \u00e0 celles des dents naturelles. Dans cet article, des informations seront donn\u00e9es sur les caract\u00e9ristiques, les avantages et le processus d&#039;application des rev\u00eatements dentaires en zirconium.\n<\/p><p><strong>Que sont les rev\u00eatements dentaires en zirconium ?<\/strong>\n<\/p><p>\n  Les couronnes dentaires en zirconium sont des couronnes en porcelaine dot\u00e9es d&#039;une infrastructure en dioxyde de zirconium. Le zirconium est un d\u00e9riv\u00e9 du titane et est transform\u00e9 en c\u00e9ramique de zircone gr\u00e2ce \u00e0 des proc\u00e9d\u00e9s de cuisson sp\u00e9ciaux et utilis\u00e9 comme mat\u00e9riau de rev\u00eatement dentaire. Ces rev\u00eatements ne contiennent pas de m\u00e9tal, sont solides, durables et esth\u00e9tiques.\n<\/p><p><strong>Avantages des rev\u00eatements en zirconium\u00a0:<\/strong>\n<\/p><ol class=\"wp-block-list\"><li><strong>Aspect esth\u00e9tique :<\/strong> Les rev\u00eatements dentaires en zirconium offrent une esth\u00e9tique tr\u00e8s similaire \u00e0 celle des dents naturelles. Il est possible d&#039;obtenir un sourire qui correspond aux souhaits du patient gr\u00e2ce aux options de couleurs.\n<\/li>\n\n<li><strong>R\u00e9sistance et durabilit\u00e9\u00a0:<\/strong> Les rev\u00eatements en zirconium r\u00e9sistent \u00e0 la casse, aux fissures et \u00e0 l&#039;usure. Ils sont durables et fabriqu\u00e9s dans un mat\u00e9riau durable adapt\u00e9 \u00e0 un usage quotidien.\n<\/li>\n\n<li><strong>R\u00e9sistance \u00e0 la corrosion:<\/strong> Le zirconium sans m\u00e9tal r\u00e9siste \u00e0 la corrosion. Cette caract\u00e9ristique permet aux rev\u00eatements de durer longtemps.\n<\/li>\n\n<li><strong>Transmission de la lumi\u00e8re\u00a0:<\/strong> Le zirconium a une structure qui transmet la lumi\u00e8re, comme l\u2019\u00e9mail naturel des dents. Cela aide les facettes \u00e0 pr\u00e9senter un aspect naturel.\n<\/li>\n\n<li><strong>Compatibilit\u00e9 des gommes\u00a0:<\/strong> Les rev\u00eatements en zirconium ont une structure compatible avec les gencives. Cela compl\u00e8te l\u2019aspect esth\u00e9tique et assure un sourire naturel.\n<\/li>\n\n<li><strong>Aucun risque d&#039;allergie\u00a0:<\/strong> Le zirconium sans m\u00e9tal \u00e9limine le risque de r\u00e9actions allergiques. C\u2019est une option particuli\u00e8rement adapt\u00e9e aux patients souffrant d\u2019allergies aux m\u00e9taux.\n<\/li>\n\n<li><strong>Entretien facile:<\/strong> Les rev\u00eatements en zirconium ont une surface lisse et brillante. Il emp\u00eache l&#039;accumulation de plaque dentaire et est facile \u00e0 nettoyer.\n<\/li><\/ol><p><strong>Processus d&#039;application du rev\u00eatement en zirconium\u00a0:<\/strong>\n<\/p><ol class=\"wp-block-list\"><li><strong>\u00c9valuation des patients\u00a0:<\/strong> Le dentiste \u00e9value la structure dentaire du patient, cr\u00e9e un plan de traitement et s\u00e9lectionne la couleur.\n<\/li>\n\n<li><strong>Phase de pr\u00e9paration\u00a0:<\/strong> Les dents sont r\u00e9duites \u00e0 la taille appropri\u00e9e et des mesures sont prises \u00e0 partir des dents.\n<\/li>\n\n<li><strong>Couverture temporaire\u00a0:<\/strong> Pendant la pr\u00e9paration des couronnes en zirconium, des couronnes dentaires provisoires sont pos\u00e9es. Dans ce processus, l&#039;apparence esth\u00e9tique du patient est pr\u00e9serv\u00e9e.\n<\/li>\n\n<li><strong>Collage des facettes\u00a0:<\/strong> Les rev\u00eatements de zirconium pr\u00e9par\u00e9s sont coll\u00e9s sur les dents apr\u00e8s approbation du patient. Les rev\u00eatements sont solidement fix\u00e9s \u00e0 l&#039;aide d&#039;adh\u00e9sifs sp\u00e9ciaux.\n<\/li>\n\n<li><strong>Contr\u00f4le et maintenance\u00a0:<\/strong> Une fois les facettes coll\u00e9es, des contr\u00f4les r\u00e9guliers sont planifi\u00e9s et le patient re\u00e7oit les conseils de soins n\u00e9cessaires.\n<\/li><\/ol><p>\n  Les couronnes dentaires en zirconium sont une option solide et durable qui r\u00e9pond aux attentes esth\u00e9tiques. Cependant, chaque patient est diff\u00e9rent, c&#039;est pourquoi le processus de s\u00e9lection et d&#039;application des facettes doit \u00eatre adapt\u00e9 aux besoins individuels et aux recommandations du dentiste.\n<\/p><\/div>\n\t\t\t\t<\/div>\n\t\t\t\t\t<\/div>\n\t\t<\/div>\n\t\t\t\t\t<\/div>\n\t\t<\/section>\t\t<\/div>","protected":false},"excerpt":{"rendered":"<p>Zirkonyum Di\u015f Kaplamalar\u0131 Hastanede Kal\u0131\u015f S\u00fcresi: Gerekli De\u011fil Operasyon S\u00fcresi: 6-8 Saat Anestezi: Lokal \u0130yile\u015fme S\u00fcresi: Hemen Hemen Randevu Al\u0131n Zirkonyum Di\u015f Kaplamalar\u0131: Estetik ve Sa\u011fl\u0131kl\u0131 G\u00fcl\u00fc\u015fler i\u00e7in \u0130deal \u00c7\u00f6z\u00fcm Di\u015f kaplamalar\u0131, di\u015f esteti\u011fini ve fonksiyonunu restore etmek i\u00e7in kullan\u0131lan \u00f6nemli bir di\u015f hekimli\u011fi uygulamas\u0131d\u0131r. Zirkonyum di\u015f kaplamalar\u0131, metal i\u00e7ermeyen ve do\u011fal di\u015flere benzer \u00f6zelliklere [&hellip;]<\/p>\n","protected":false},"author":2,"featured_media":0,"parent":0,"menu_order":0,"comment_status":"closed","ping_status":"closed","template":"","meta":{"postBodyMargin":[],"postBodyPadding":[],"postBodyBackground":{"backgroundType":"classic","gradient":""},"footnotes":""},"class_list":["post-13578","page","type-page","status-publish","hentry"],"_links":{"self":[{"href":"https:\/\/seldacenter.com\/fr\/wp-json\/wp\/v2\/pages\/13578","targetHints":{"allow":["GET"]}}],"collection":[{"href":"https:\/\/seldacenter.com\/fr\/wp-json\/wp\/v2\/pages"}],"about":[{"href":"https:\/\/seldacenter.com\/fr\/wp-json\/wp\/v2\/types\/page"}],"author":[{"embeddable":true,"href":"https:\/\/seldacenter.com\/fr\/wp-json\/wp\/v2\/users\/2"}],"replies":[{"embeddable":true,"href":"https:\/\/seldacenter.com\/fr\/wp-json\/wp\/v2\/comments?post=13578"}],"version-history":[{"count":10,"href":"https:\/\/seldacenter.com\/fr\/wp-json\/wp\/v2\/pages\/13578\/revisions"}],"predecessor-version":[{"id":14200,"href":"https:\/\/seldacenter.com\/fr\/wp-json\/wp\/v2\/pages\/13578\/revisions\/14200"}],"wp:attachment":[{"href":"https:\/\/seldacenter.com\/fr\/wp-json\/wp\/v2\/media?parent=13578"}],"curies":[{"name":"wp","href":"https:\/\/api.w.org\/{rel}","templated":true}]}}