{"id":13576,"date":"2024-02-17T18:42:23","date_gmt":"2024-02-17T18:42:23","guid":{"rendered":"https:\/\/seldacenter.com\/yeniyapi\/?page_id=13576"},"modified":"2024-03-02T01:59:16","modified_gmt":"2024-03-02T01:59:16","slug":"tek-seanslik-implant-tedavisi","status":"publish","type":"page","link":"https:\/\/seldacenter.com\/fr\/tek-seanslik-implant-tedavisi\/","title":{"rendered":"Traitement implantaire en une seule s\u00e9ance"},"content":{"rendered":"<div data-elementor-type=\"wp-page\" data-elementor-id=\"13576\" class=\"elementor elementor-13576\" data-elementor-post-type=\"page\">\n\t\t\t\t<section class=\"elementor-section elementor-top-section elementor-element elementor-element-c5e3845 elementor-section-boxed elementor-section-height-default elementor-section-height-default\" data-id=\"c5e3845\" data-element_type=\"section\">\n\t\t\t\t\t\t<div class=\"elementor-container elementor-column-gap-default\">\n\t\t\t\t\t<div class=\"elementor-column elementor-col-50 elementor-top-column elementor-element elementor-element-c2e0c18\" data-id=\"c2e0c18\" data-element_type=\"column\" data-settings=\"{&quot;background_background&quot;:&quot;classic&quot;}\">\n\t\t\t<div class=\"elementor-widget-wrap elementor-element-populated\">\n\t\t\t\t\t\t<div class=\"elementor-element elementor-element-751866e elementor-widget elementor-widget-image\" data-id=\"751866e\" data-element_type=\"widget\" data-widget_type=\"image.default\">\n\t\t\t\t<div class=\"elementor-widget-container\">\n\t\t\t\t\t\t\t\t\t\t\t\t\t\t\t<img fetchpriority=\"high\" decoding=\"async\" width=\"996\" height=\"664\" src=\"https:\/\/seldacenter.com\/wp-content\/uploads\/2024\/03\/portrait-cheerful-nice-looking-elderly-woman-smiles-happily-makes-peace-gesture-shows-v-sign-dressed-red-jumper-with-necklace-expresses-positive-emotions_273609-50092.jpg\" class=\"attachment-full size-full wp-image-14222\" alt=\"\" srcset=\"https:\/\/seldacenter.com\/wp-content\/uploads\/2024\/03\/portrait-cheerful-nice-looking-elderly-woman-smiles-happily-makes-peace-gesture-shows-v-sign-dressed-red-jumper-with-necklace-expresses-positive-emotions_273609-50092.jpg 996w, https:\/\/seldacenter.com\/wp-content\/uploads\/2024\/03\/portrait-cheerful-nice-looking-elderly-woman-smiles-happily-makes-peace-gesture-shows-v-sign-dressed-red-jumper-with-necklace-expresses-positive-emotions_273609-50092-600x400.jpg 600w, https:\/\/seldacenter.com\/wp-content\/uploads\/2024\/03\/portrait-cheerful-nice-looking-elderly-woman-smiles-happily-makes-peace-gesture-shows-v-sign-dressed-red-jumper-with-necklace-expresses-positive-emotions_273609-50092-300x200.jpg 300w, https:\/\/seldacenter.com\/wp-content\/uploads\/2024\/03\/portrait-cheerful-nice-looking-elderly-woman-smiles-happily-makes-peace-gesture-shows-v-sign-dressed-red-jumper-with-necklace-expresses-positive-emotions_273609-50092-768x512.jpg 768w\" sizes=\"(max-width: 996px) 100vw, 996px\" \/>\t\t\t\t\t\t\t\t\t\t\t\t\t\t\t<\/div>\n\t\t\t\t<\/div>\n\t\t\t\t\t<\/div>\n\t\t<\/div>\n\t\t\t\t<div class=\"elementor-column elementor-col-50 elementor-top-column elementor-element elementor-element-de15f4d\" data-id=\"de15f4d\" data-element_type=\"column\">\n\t\t\t<div class=\"elementor-widget-wrap elementor-element-populated\">\n\t\t\t\t\t\t<div class=\"elementor-element elementor-element-9e27f06 elementor-widget-divider--view-line_text elementor-widget-divider--element-align-left elementor-widget elementor-widget-divider\" data-id=\"9e27f06\" data-element_type=\"widget\" data-widget_type=\"divider.default\">\n\t\t\t\t<div class=\"elementor-widget-container\">\n\t\t\t\t\t\t\t<div class=\"elementor-divider\">\n\t\t\t<span class=\"elementor-divider-separator\">\n\t\t\t\t\t\t\t<h3 class=\"elementor-divider__text elementor-divider__element\">\n\t\t\t\tImplantation en une seule s\u00e9ance\t\t\t\t<\/h3>\n\t\t\t\t\t\t<\/span>\n\t\t<\/div>\n\t\t\t\t\t\t<\/div>\n\t\t\t\t<\/div>\n\t\t\t\t<div class=\"elementor-element elementor-element-3d9d04f elementor-align-left elementor-icon-list--layout-traditional elementor-list-item-link-full_width elementor-widget elementor-widget-icon-list\" data-id=\"3d9d04f\" data-element_type=\"widget\" data-widget_type=\"icon-list.default\">\n\t\t\t\t<div class=\"elementor-widget-container\">\n\t\t\t\t\t\t\t<ul class=\"elementor-icon-list-items\">\n\t\t\t\t\t\t\t<li class=\"elementor-icon-list-item\">\n\t\t\t\t\t\t\t\t\t\t\t<span class=\"elementor-icon-list-icon\">\n\t\t\t\t\t\t\t<svg aria-hidden=\"true\" class=\"e-font-icon-svg e-far-hospital\" viewbox=\"0 0 448 512\" xmlns=\"http:\/\/www.w3.org\/2000\/svg\"><path d=\"M128 244v-40c0-6.627 5.373-12 12-12h40c6.627 0 12 5.373 12 12v40c0 6.627-5.373 12-12 12h-40c-6.627 0-12-5.373-12-12zm140 12h40c6.627 0 12-5.373 12-12v-40c0-6.627-5.373-12-12-12h-40c-6.627 0-12 5.373-12 12v40c0 6.627 5.373 12 12 12zm-76 84v-40c0-6.627-5.373-12-12-12h-40c-6.627 0-12 5.373-12 12v40c0 6.627 5.373 12 12 12h40c6.627 0 12-5.373 12-12zm76 12h40c6.627 0 12-5.373 12-12v-40c0-6.627-5.373-12-12-12h-40c-6.627 0-12 5.373-12 12v40c0 6.627 5.373 12 12 12zm180 124v36H0v-36c0-6.627 5.373-12 12-12h19.5V85.035C31.5 73.418 42.245 64 55.5 64H144V24c0-13.255 10.745-24 24-24h112c13.255 0 24 10.745 24 24v40h88.5c13.255 0 24 9.418 24 21.035V464H436c6.627 0 12 5.373 12 12zM79.5 463H192v-67c0-6.627 5.373-12 12-12h40c6.627 0 12 5.373 12 12v67h112.5V112H304v24c0 13.255-10.745 24-24 24H168c-13.255 0-24-10.745-24-24v-24H79.5v351zM266 64h-26V38a6 6 0 0 0-6-6h-20a6 6 0 0 0-6 6v26h-26a6 6 0 0 0-6 6v20a6 6 0 0 0 6 6h26v26a6 6 0 0 0 6 6h20a6 6 0 0 0 6-6V96h26a6 6 0 0 0 6-6V70a6 6 0 0 0-6-6z\"><\/path><\/svg>\t\t\t\t\t\t<\/span>\n\t\t\t\t\t\t\t\t\t\t<span class=\"elementor-icon-list-text\">Dur\u00e9e du s\u00e9jour \u00e0 l&#039;h\u00f4pital\u00a0:\u00a0non obligatoire<\/span>\n\t\t\t\t\t\t\t\t\t<\/li>\n\t\t\t\t\t\t\t\t<li class=\"elementor-icon-list-item\">\n\t\t\t\t\t\t\t\t\t\t\t<span class=\"elementor-icon-list-icon\">\n\t\t\t\t\t\t\t<svg aria-hidden=\"true\" class=\"e-font-icon-svg e-far-clock\" viewbox=\"0 0 512 512\" xmlns=\"http:\/\/www.w3.org\/2000\/svg\"><path d=\"M256 8C119 8 8 119 8 256s111 248 248 248 248-111 248-248S393 8 256 8zm0 448c-110.5 0-200-89.5-200-200S145.5 56 256 56s200 89.5 200 200-89.5 200-200 200zm61.8-104.4l-84.9-61.7c-3.1-2.3-4.9-5.9-4.9-9.7V116c0-6.6 5.4-12 12-12h32c6.6 0 12 5.4 12 12v141.7l66.8 48.6c5.4 3.9 6.5 11.4 2.6 16.8L334.6 349c-3.9 5.3-11.4 6.5-16.8 2.6z\"><\/path><\/svg>\t\t\t\t\t\t<\/span>\n\t\t\t\t\t\t\t\t\t\t<span class=\"elementor-icon-list-text\">Dur\u00e9e de fonctionnement\u00a0: 6 \u00e0 8 heures<\/span>\n\t\t\t\t\t\t\t\t\t<\/li>\n\t\t\t\t\t\t\t\t<li class=\"elementor-icon-list-item\">\n\t\t\t\t\t\t\t\t\t\t\t<span class=\"elementor-icon-list-icon\">\n\t\t\t\t\t\t\t<svg aria-hidden=\"true\" class=\"e-font-icon-svg e-fas-syringe\" viewbox=\"0 0 512 512\" xmlns=\"http:\/\/www.w3.org\/2000\/svg\"><path d=\"M201.5 174.8l55.7 55.8c3.1 3.1 3.1 8.2 0 11.3l-11.3 11.3c-3.1 3.1-8.2 3.1-11.3 0l-55.7-55.8-45.3 45.3 55.8 55.8c3.1 3.1 3.1 8.2 0 11.3l-11.3 11.3c-3.1 3.1-8.2 3.1-11.3 0L111 265.2l-26.4 26.4c-17.3 17.3-25.6 41.1-23 65.4l7.1 63.6L2.3 487c-3.1 3.1-3.1 8.2 0 11.3l11.3 11.3c3.1 3.1 8.2 3.1 11.3 0l66.3-66.3 63.6 7.1c23.9 2.6 47.9-5.4 65.4-23l181.9-181.9-135.7-135.7-64.9 65zm308.2-93.3L430.5 2.3c-3.1-3.1-8.2-3.1-11.3 0l-11.3 11.3c-3.1 3.1-3.1 8.2 0 11.3l28.3 28.3-45.3 45.3-56.6-56.6-17-17c-3.1-3.1-8.2-3.1-11.3 0l-33.9 33.9c-3.1 3.1-3.1 8.2 0 11.3l17 17L424.8 223l17 17c3.1 3.1 8.2 3.1 11.3 0l33.9-34c3.1-3.1 3.1-8.2 0-11.3l-73.5-73.5 45.3-45.3 28.3 28.3c3.1 3.1 8.2 3.1 11.3 0l11.3-11.3c3.1-3.2 3.1-8.2 0-11.4z\"><\/path><\/svg>\t\t\t\t\t\t<\/span>\n\t\t\t\t\t\t\t\t\t\t<span class=\"elementor-icon-list-text\">Anesth\u00e9sie\u00a0: Locale<\/span>\n\t\t\t\t\t\t\t\t\t<\/li>\n\t\t\t\t\t\t\t\t<li class=\"elementor-icon-list-item\">\n\t\t\t\t\t\t\t\t\t\t\t<span class=\"elementor-icon-list-icon\">\n\t\t\t\t\t\t\t<svg aria-hidden=\"true\" class=\"e-font-icon-svg e-far-heart\" viewbox=\"0 0 512 512\" xmlns=\"http:\/\/www.w3.org\/2000\/svg\"><path d=\"M458.4 64.3C400.6 15.7 311.3 23 256 79.3 200.7 23 111.4 15.6 53.6 64.3-21.6 127.6-10.6 230.8 43 285.5l175.4 178.7c10 10.2 23.4 15.9 37.6 15.9 14.3 0 27.6-5.6 37.6-15.8L469 285.6c53.5-54.7 64.7-157.9-10.6-221.3zm-23.6 187.5L259.4 430.5c-2.4 2.4-4.4 2.4-6.8 0L77.2 251.8c-36.5-37.2-43.9-107.6 7.3-150.7 38.9-32.7 98.9-27.8 136.5 10.5l35 35.7 35-35.7c37.8-38.5 97.8-43.2 136.5-10.6 51.1 43.1 43.5 113.9 7.3 150.8z\"><\/path><\/svg>\t\t\t\t\t\t<\/span>\n\t\t\t\t\t\t\t\t\t\t<span class=\"elementor-icon-list-text\">Temps de r\u00e9cup\u00e9ration : 3 mois<\/span>\n\t\t\t\t\t\t\t\t\t<\/li>\n\t\t\t\t\t\t<\/ul>\n\t\t\t\t\t\t<\/div>\n\t\t\t\t<\/div>\n\t\t\t\t<div class=\"elementor-element elementor-element-e223c28 elementor-align-justify elementor-widget elementor-widget-button\" data-id=\"e223c28\" data-element_type=\"widget\" data-widget_type=\"button.default\">\n\t\t\t\t<div class=\"elementor-widget-container\">\n\t\t\t\t\t\t\t\t\t<div class=\"elementor-button-wrapper\">\n\t\t\t\t\t<a class=\"elementor-button elementor-button-link elementor-size-sm elementor-animation-buzz\" href=\"https:\/\/seldacenter.com\/fr\/\">\n\t\t\t\t\t\t<span class=\"elementor-button-content-wrapper\">\n\t\t\t\t\t\t\t\t\t<span class=\"elementor-button-text\">Prenez rendez-vous maintenant<\/span>\n\t\t\t\t\t<\/span>\n\t\t\t\t\t<\/a>\n\t\t\t\t<\/div>\n\t\t\t\t\t\t\t\t<\/div>\n\t\t\t\t<\/div>\n\t\t\t\t\t<\/div>\n\t\t<\/div>\n\t\t\t\t\t<\/div>\n\t\t<\/section>\n\t\t\t\t<section class=\"elementor-section elementor-top-section elementor-element elementor-element-222073c3 elementor-section-boxed elementor-section-height-default elementor-section-height-default\" data-id=\"222073c3\" data-element_type=\"section\">\n\t\t\t\t\t\t<div class=\"elementor-container elementor-column-gap-default\">\n\t\t\t\t\t<div class=\"elementor-column elementor-col-100 elementor-top-column elementor-element elementor-element-2a207610\" data-id=\"2a207610\" data-element_type=\"column\">\n\t\t\t<div class=\"elementor-widget-wrap elementor-element-populated\">\n\t\t\t\t\t\t<div class=\"elementor-element elementor-element-51bc78a elementor-widget elementor-widget-text-editor\" data-id=\"51bc78a\" data-element_type=\"widget\" data-widget_type=\"text-editor.default\">\n\t\t\t\t<div class=\"elementor-widget-container\"><p><strong>Traitement implantaire en une seule s\u00e9ance\u00a0: solution rapide au probl\u00e8me d&#039;\u00e9dentement<\/strong><\/p><p>En cas de perte de dents ou d\u2019\u00e9dentement, le traitement implantaire traditionnel implique g\u00e9n\u00e9ralement plusieurs mois de cicatrisation apr\u00e8s la pose de l\u2019implant. Mais aujourd\u2019hui, des solutions rapides telles que le traitement implantaire en une seule s\u00e9ance sont \u00e9galement possibles, notamment en lien avec la volont\u00e9 des patients de raccourcir le d\u00e9lai d\u2019attente.<\/p><p><strong>Qu&#039;est-ce qu&#039;un implant en une seule s\u00e9ance\u00a0?<\/strong><\/p><p>L&#039;implant en une seule s\u00e9ance consiste \u00e0 poser l&#039;implant et \u00e0 y fixer une couronne dentaire temporaire ou permanente au cours de la m\u00eame s\u00e9ance. Cette m\u00e9thode est particuli\u00e8rement adapt\u00e9e aux patients qui souhaitent r\u00e9duire le temps d\u2019attente ou aux patients qui n\u2019ont pas de dents. Ce traitement est r\u00e9alis\u00e9 \u00e0 l&#039;aide de techniques particuli\u00e8res et d&#039;implants de qualit\u00e9.<\/p><p><strong>Comment r\u00e9aliser des implants et des facettes le m\u00eame jour ?<\/strong><\/p><ol class=\"wp-block-list\"><li><strong>\u00c9valuation des patients\u00a0:<\/strong> Dans un premier temps, une \u00e9valuation du patient est effectu\u00e9e. Avoir des os sains et suffisamment \u00e9pais est important pour que cette m\u00e9thode de traitement rapide r\u00e9ussisse.<\/li>\n\n<li><strong>Pose des implants\u00a0:<\/strong> Des implants tensioactifs sp\u00e9cialement pr\u00e9par\u00e9s sont plac\u00e9s dans des zones pr\u00e9sentant une \u00e9paisseur osseuse suffisante. Ces implants s&#039;int\u00e8grent \u00e0 l&#039;os plus rapidement que les implants normaux.<\/li>\n\n<li><strong>Prise de mesures et pr\u00e9paration du rev\u00eatement\u00a0:<\/strong> Si le patient pr\u00e9sente un \u00e9dentement partiel dans la bouche, des empreintes dentaires sont prises avec l&#039;appareil CEREC imm\u00e9diatement apr\u00e8s la pose de l&#039;implant. Le rev\u00eatement sp\u00e9cial est r\u00e9alis\u00e9 et fix\u00e9 sur le patient en une demi-heure.<\/li>\n\n<li><strong>Planification chez les patients sans dents\u00a0:<\/strong> Si le patient n&#039;a pas de dents dans la m\u00e2choire sup\u00e9rieure ou inf\u00e9rieure, une tomographie dentaire 3D est d&#039;abord r\u00e9alis\u00e9e sur le patient. Les endroits o\u00f9 seront pos\u00e9s les implants sont d\u00e9termin\u00e9s \u00e0 partir de l\u2019image tomographique. Les gabarits d&#039;implants et les proth\u00e8ses sont pr\u00e9par\u00e9s avec une imprimante 3D.<\/li>\n\n<li><strong>Pose d&#039;implants et installation de couronnes\u00a0:<\/strong> Les implants sont pos\u00e9s sans douleur \u00e0 l&#039;aide de gabarits, puis les couronnes proth\u00e9tiques pr\u00e9alablement pr\u00e9par\u00e9es sont install\u00e9es au cours de la m\u00eame s\u00e9ance.<\/li><\/ol><p><strong>Avantages et \u00e9l\u00e9ments \u00e0 consid\u00e9rer\u00a0:<\/strong><\/p><ul class=\"wp-block-list\"><li><strong>Solution rapide\u00a0:<\/strong> Le traitement implantaire en une seule s\u00e9ance permet aux patients de r\u00e9cup\u00e9rer leurs dents le jour m\u00eame.<\/li>\n\n<li><strong>Exigence osseuse saine\u00a0:<\/strong> Pour que cette m\u00e9thode r\u00e9ussisse, il est important d\u2019avoir une structure osseuse ad\u00e9quate et saine.<\/li>\n\n<li><strong>Implants technologiques et de qualit\u00e9\u00a0:<\/strong> Des implants sp\u00e9ciaux et une technologie d&#039;impression tridimensionnelle doivent \u00eatre utilis\u00e9s pour ce traitement.<\/li>\n\n<li><strong>Supervision d\u2019un m\u00e9decin sp\u00e9cialiste\u00a0:<\/strong> Cette m\u00e9thode de traitement rapide doit \u00eatre appliqu\u00e9e par un dentiste exp\u00e9riment\u00e9.<\/li><\/ul><p>Bien que le traitement implantaire en une seule s\u00e9ance offre une solution rapide et efficace, il peut ne pas convenir \u00e0 tous les patients. Par cons\u00e9quent, la faisabilit\u00e9 de cette option th\u00e9rapeutique doit \u00eatre \u00e9valu\u00e9e conjointement par le patient et le dentiste.<\/p><\/div>\n\t\t\t\t<\/div>\n\t\t\t\t\t<\/div>\n\t\t<\/div>\n\t\t\t\t\t<\/div>\n\t\t<\/section>\t\t<\/div>","protected":false},"excerpt":{"rendered":"<p>Tek Seansl\u0131k \u0130mplant Hastanede Kal\u0131\u015f S\u00fcresi: Gerekli De\u011fil Operasyon S\u00fcresi: 6-8 Saat Anestezi: Lokal \u0130yile\u015fme S\u00fcresi: 3 Ay Hemen Randevu Al\u0131n Tek Seansl\u0131k \u0130mplant Tedavisi: Di\u015fsizlik Sorununa H\u0131zl\u0131 \u00c7\u00f6z\u00fcm Di\u015f kayb\u0131 veya di\u015fsizlik durumunda, geleneksel implant tedavisi genellikle implant\u0131n yerle\u015ftirilmesini takiben birka\u00e7 ay s\u00fcren iyile\u015fme s\u00fcrecini i\u00e7erir. Ancak g\u00fcn\u00fcm\u00fczde, \u00f6zellikle hastalar\u0131n bekleme s\u00fcresini k\u0131saltma iste\u011fi [&hellip;]<\/p>\n","protected":false},"author":2,"featured_media":0,"parent":0,"menu_order":0,"comment_status":"closed","ping_status":"closed","template":"","meta":{"postBodyMargin":[],"postBodyPadding":[],"postBodyBackground":{"backgroundType":"classic","gradient":""},"footnotes":""},"class_list":["post-13576","page","type-page","status-publish","hentry"],"_links":{"self":[{"href":"https:\/\/seldacenter.com\/fr\/wp-json\/wp\/v2\/pages\/13576","targetHints":{"allow":["GET"]}}],"collection":[{"href":"https:\/\/seldacenter.com\/fr\/wp-json\/wp\/v2\/pages"}],"about":[{"href":"https:\/\/seldacenter.com\/fr\/wp-json\/wp\/v2\/types\/page"}],"author":[{"embeddable":true,"href":"https:\/\/seldacenter.com\/fr\/wp-json\/wp\/v2\/users\/2"}],"replies":[{"embeddable":true,"href":"https:\/\/seldacenter.com\/fr\/wp-json\/wp\/v2\/comments?post=13576"}],"version-history":[{"count":13,"href":"https:\/\/seldacenter.com\/fr\/wp-json\/wp\/v2\/pages\/13576\/revisions"}],"predecessor-version":[{"id":14225,"href":"https:\/\/seldacenter.com\/fr\/wp-json\/wp\/v2\/pages\/13576\/revisions\/14225"}],"wp:attachment":[{"href":"https:\/\/seldacenter.com\/fr\/wp-json\/wp\/v2\/media?parent=13576"}],"curies":[{"name":"wp","href":"https:\/\/api.w.org\/{rel}","templated":true}]}}