{"id":13566,"date":"2024-02-17T18:35:56","date_gmt":"2024-02-17T18:35:56","guid":{"rendered":"https:\/\/seldacenter.com\/yeniyapi\/?page_id=13566"},"modified":"2024-03-02T01:44:45","modified_gmt":"2024-03-02T01:44:45","slug":"implant-tedavisi","status":"publish","type":"page","link":"https:\/\/seldacenter.com\/fr\/implant-tedavisi\/","title":{"rendered":"Traitement implantaire"},"content":{"rendered":"<div data-elementor-type=\"wp-page\" data-elementor-id=\"13566\" class=\"elementor elementor-13566\" data-elementor-post-type=\"page\">\n\t\t\t\t<section class=\"elementor-section elementor-top-section elementor-element elementor-element-c70a3b0 elementor-section-boxed elementor-section-height-default elementor-section-height-default\" data-id=\"c70a3b0\" data-element_type=\"section\">\n\t\t\t\t\t\t<div class=\"elementor-container elementor-column-gap-default\">\n\t\t\t\t\t<div class=\"elementor-column elementor-col-50 elementor-top-column elementor-element elementor-element-de72405\" data-id=\"de72405\" data-element_type=\"column\" data-settings=\"{&quot;background_background&quot;:&quot;classic&quot;}\">\n\t\t\t<div class=\"elementor-widget-wrap elementor-element-populated\">\n\t\t\t\t\t\t<div class=\"elementor-element elementor-element-76fbb2d elementor-widget elementor-widget-image\" data-id=\"76fbb2d\" data-element_type=\"widget\" data-widget_type=\"image.default\">\n\t\t\t\t<div class=\"elementor-widget-container\">\n\t\t\t\t\t\t\t\t\t\t\t\t\t\t\t<img fetchpriority=\"high\" decoding=\"async\" width=\"996\" height=\"663\" src=\"https:\/\/seldacenter.com\/wp-content\/uploads\/2024\/03\/young-man-with-toothy-smile-demonstrating-his-dental-implant_259150-57670.jpg\" class=\"attachment-full size-full wp-image-14193\" alt=\"\" srcset=\"https:\/\/seldacenter.com\/wp-content\/uploads\/2024\/03\/young-man-with-toothy-smile-demonstrating-his-dental-implant_259150-57670.jpg 996w, https:\/\/seldacenter.com\/wp-content\/uploads\/2024\/03\/young-man-with-toothy-smile-demonstrating-his-dental-implant_259150-57670-600x399.jpg 600w, https:\/\/seldacenter.com\/wp-content\/uploads\/2024\/03\/young-man-with-toothy-smile-demonstrating-his-dental-implant_259150-57670-300x200.jpg 300w, https:\/\/seldacenter.com\/wp-content\/uploads\/2024\/03\/young-man-with-toothy-smile-demonstrating-his-dental-implant_259150-57670-768x511.jpg 768w\" sizes=\"(max-width: 996px) 100vw, 996px\" \/>\t\t\t\t\t\t\t\t\t\t\t\t\t\t\t<\/div>\n\t\t\t\t<\/div>\n\t\t\t\t\t<\/div>\n\t\t<\/div>\n\t\t\t\t<div class=\"elementor-column elementor-col-50 elementor-top-column elementor-element elementor-element-9c50ae6\" data-id=\"9c50ae6\" data-element_type=\"column\">\n\t\t\t<div class=\"elementor-widget-wrap elementor-element-populated\">\n\t\t\t\t\t\t<div class=\"elementor-element elementor-element-b69c40b elementor-widget-divider--view-line_text elementor-widget-divider--element-align-left elementor-widget elementor-widget-divider\" data-id=\"b69c40b\" data-element_type=\"widget\" data-widget_type=\"divider.default\">\n\t\t\t\t<div class=\"elementor-widget-container\">\n\t\t\t\t\t\t\t<div class=\"elementor-divider\">\n\t\t\t<span class=\"elementor-divider-separator\">\n\t\t\t\t\t\t\t<h3 class=\"elementor-divider__text elementor-divider__element\">\n\t\t\t\tTraitement implantaire\t\t\t\t<\/h3>\n\t\t\t\t\t\t<\/span>\n\t\t<\/div>\n\t\t\t\t\t\t<\/div>\n\t\t\t\t<\/div>\n\t\t\t\t<div class=\"elementor-element elementor-element-486c34c elementor-align-left elementor-icon-list--layout-traditional elementor-list-item-link-full_width elementor-widget elementor-widget-icon-list\" data-id=\"486c34c\" data-element_type=\"widget\" data-widget_type=\"icon-list.default\">\n\t\t\t\t<div class=\"elementor-widget-container\">\n\t\t\t\t\t\t\t<ul class=\"elementor-icon-list-items\">\n\t\t\t\t\t\t\t<li class=\"elementor-icon-list-item\">\n\t\t\t\t\t\t\t\t\t\t\t<span class=\"elementor-icon-list-icon\">\n\t\t\t\t\t\t\t<svg aria-hidden=\"true\" class=\"e-font-icon-svg e-far-hospital\" viewbox=\"0 0 448 512\" xmlns=\"http:\/\/www.w3.org\/2000\/svg\"><path d=\"M128 244v-40c0-6.627 5.373-12 12-12h40c6.627 0 12 5.373 12 12v40c0 6.627-5.373 12-12 12h-40c-6.627 0-12-5.373-12-12zm140 12h40c6.627 0 12-5.373 12-12v-40c0-6.627-5.373-12-12-12h-40c-6.627 0-12 5.373-12 12v40c0 6.627 5.373 12 12 12zm-76 84v-40c0-6.627-5.373-12-12-12h-40c-6.627 0-12 5.373-12 12v40c0 6.627 5.373 12 12 12h40c6.627 0 12-5.373 12-12zm76 12h40c6.627 0 12-5.373 12-12v-40c0-6.627-5.373-12-12-12h-40c-6.627 0-12 5.373-12 12v40c0 6.627 5.373 12 12 12zm180 124v36H0v-36c0-6.627 5.373-12 12-12h19.5V85.035C31.5 73.418 42.245 64 55.5 64H144V24c0-13.255 10.745-24 24-24h112c13.255 0 24 10.745 24 24v40h88.5c13.255 0 24 9.418 24 21.035V464H436c6.627 0 12 5.373 12 12zM79.5 463H192v-67c0-6.627 5.373-12 12-12h40c6.627 0 12 5.373 12 12v67h112.5V112H304v24c0 13.255-10.745 24-24 24H168c-13.255 0-24-10.745-24-24v-24H79.5v351zM266 64h-26V38a6 6 0 0 0-6-6h-20a6 6 0 0 0-6 6v26h-26a6 6 0 0 0-6 6v20a6 6 0 0 0 6 6h26v26a6 6 0 0 0 6 6h20a6 6 0 0 0 6-6V96h26a6 6 0 0 0 6-6V70a6 6 0 0 0-6-6z\"><\/path><\/svg>\t\t\t\t\t\t<\/span>\n\t\t\t\t\t\t\t\t\t\t<span class=\"elementor-icon-list-text\">Dur\u00e9e du s\u00e9jour \u00e0 l&#039;h\u00f4pital\u00a0:\u00a0non obligatoire<\/span>\n\t\t\t\t\t\t\t\t\t<\/li>\n\t\t\t\t\t\t\t\t<li class=\"elementor-icon-list-item\">\n\t\t\t\t\t\t\t\t\t\t\t<span class=\"elementor-icon-list-icon\">\n\t\t\t\t\t\t\t<svg aria-hidden=\"true\" class=\"e-font-icon-svg e-far-clock\" viewbox=\"0 0 512 512\" xmlns=\"http:\/\/www.w3.org\/2000\/svg\"><path d=\"M256 8C119 8 8 119 8 256s111 248 248 248 248-111 248-248S393 8 256 8zm0 448c-110.5 0-200-89.5-200-200S145.5 56 256 56s200 89.5 200 200-89.5 200-200 200zm61.8-104.4l-84.9-61.7c-3.1-2.3-4.9-5.9-4.9-9.7V116c0-6.6 5.4-12 12-12h32c6.6 0 12 5.4 12 12v141.7l66.8 48.6c5.4 3.9 6.5 11.4 2.6 16.8L334.6 349c-3.9 5.3-11.4 6.5-16.8 2.6z\"><\/path><\/svg>\t\t\t\t\t\t<\/span>\n\t\t\t\t\t\t\t\t\t\t<span class=\"elementor-icon-list-text\">Dur\u00e9e de fonctionnement\u00a0: 6 \u00e0 8 heures<\/span>\n\t\t\t\t\t\t\t\t\t<\/li>\n\t\t\t\t\t\t\t\t<li class=\"elementor-icon-list-item\">\n\t\t\t\t\t\t\t\t\t\t\t<span class=\"elementor-icon-list-icon\">\n\t\t\t\t\t\t\t<svg aria-hidden=\"true\" class=\"e-font-icon-svg e-fas-syringe\" viewbox=\"0 0 512 512\" xmlns=\"http:\/\/www.w3.org\/2000\/svg\"><path d=\"M201.5 174.8l55.7 55.8c3.1 3.1 3.1 8.2 0 11.3l-11.3 11.3c-3.1 3.1-8.2 3.1-11.3 0l-55.7-55.8-45.3 45.3 55.8 55.8c3.1 3.1 3.1 8.2 0 11.3l-11.3 11.3c-3.1 3.1-8.2 3.1-11.3 0L111 265.2l-26.4 26.4c-17.3 17.3-25.6 41.1-23 65.4l7.1 63.6L2.3 487c-3.1 3.1-3.1 8.2 0 11.3l11.3 11.3c3.1 3.1 8.2 3.1 11.3 0l66.3-66.3 63.6 7.1c23.9 2.6 47.9-5.4 65.4-23l181.9-181.9-135.7-135.7-64.9 65zm308.2-93.3L430.5 2.3c-3.1-3.1-8.2-3.1-11.3 0l-11.3 11.3c-3.1 3.1-3.1 8.2 0 11.3l28.3 28.3-45.3 45.3-56.6-56.6-17-17c-3.1-3.1-8.2-3.1-11.3 0l-33.9 33.9c-3.1 3.1-3.1 8.2 0 11.3l17 17L424.8 223l17 17c3.1 3.1 8.2 3.1 11.3 0l33.9-34c3.1-3.1 3.1-8.2 0-11.3l-73.5-73.5 45.3-45.3 28.3 28.3c3.1 3.1 8.2 3.1 11.3 0l11.3-11.3c3.1-3.2 3.1-8.2 0-11.4z\"><\/path><\/svg>\t\t\t\t\t\t<\/span>\n\t\t\t\t\t\t\t\t\t\t<span class=\"elementor-icon-list-text\">Anesth\u00e9sie\u00a0: Locale<\/span>\n\t\t\t\t\t\t\t\t\t<\/li>\n\t\t\t\t\t\t\t\t<li class=\"elementor-icon-list-item\">\n\t\t\t\t\t\t\t\t\t\t\t<span class=\"elementor-icon-list-icon\">\n\t\t\t\t\t\t\t<svg aria-hidden=\"true\" class=\"e-font-icon-svg e-far-heart\" viewbox=\"0 0 512 512\" xmlns=\"http:\/\/www.w3.org\/2000\/svg\"><path d=\"M458.4 64.3C400.6 15.7 311.3 23 256 79.3 200.7 23 111.4 15.6 53.6 64.3-21.6 127.6-10.6 230.8 43 285.5l175.4 178.7c10 10.2 23.4 15.9 37.6 15.9 14.3 0 27.6-5.6 37.6-15.8L469 285.6c53.5-54.7 64.7-157.9-10.6-221.3zm-23.6 187.5L259.4 430.5c-2.4 2.4-4.4 2.4-6.8 0L77.2 251.8c-36.5-37.2-43.9-107.6 7.3-150.7 38.9-32.7 98.9-27.8 136.5 10.5l35 35.7 35-35.7c37.8-38.5 97.8-43.2 136.5-10.6 51.1 43.1 43.5 113.9 7.3 150.8z\"><\/path><\/svg>\t\t\t\t\t\t<\/span>\n\t\t\t\t\t\t\t\t\t\t<span class=\"elementor-icon-list-text\">Temps de r\u00e9cup\u00e9ration : 3 mois<\/span>\n\t\t\t\t\t\t\t\t\t<\/li>\n\t\t\t\t\t\t<\/ul>\n\t\t\t\t\t\t<\/div>\n\t\t\t\t<\/div>\n\t\t\t\t<div class=\"elementor-element elementor-element-ce8bee6 elementor-align-justify elementor-widget elementor-widget-button\" data-id=\"ce8bee6\" data-element_type=\"widget\" data-widget_type=\"button.default\">\n\t\t\t\t<div class=\"elementor-widget-container\">\n\t\t\t\t\t\t\t\t\t<div class=\"elementor-button-wrapper\">\n\t\t\t\t\t<a class=\"elementor-button elementor-button-link elementor-size-sm elementor-animation-buzz\" href=\"https:\/\/seldacenter.com\/fr\/\">\n\t\t\t\t\t\t<span class=\"elementor-button-content-wrapper\">\n\t\t\t\t\t\t\t\t\t<span class=\"elementor-button-text\">Prenez rendez-vous maintenant<\/span>\n\t\t\t\t\t<\/span>\n\t\t\t\t\t<\/a>\n\t\t\t\t<\/div>\n\t\t\t\t\t\t\t\t<\/div>\n\t\t\t\t<\/div>\n\t\t\t\t\t<\/div>\n\t\t<\/div>\n\t\t\t\t\t<\/div>\n\t\t<\/section>\n\t\t\t\t<section class=\"elementor-section elementor-top-section elementor-element elementor-element-4470c047 elementor-section-boxed elementor-section-height-default elementor-section-height-default\" data-id=\"4470c047\" data-element_type=\"section\">\n\t\t\t\t\t\t<div class=\"elementor-container elementor-column-gap-default\">\n\t\t\t\t\t<div class=\"elementor-column elementor-col-100 elementor-top-column elementor-element elementor-element-576bc11d\" data-id=\"576bc11d\" data-element_type=\"column\">\n\t\t\t<div class=\"elementor-widget-wrap elementor-element-populated\">\n\t\t\t\t\t\t<div class=\"elementor-element elementor-element-38cfa264 elementor-widget elementor-widget-text-editor\" data-id=\"38cfa264\" data-element_type=\"widget\" data-widget_type=\"text-editor.default\">\n\t\t\t\t<div class=\"elementor-widget-container\"><p>Le d\u00e9veloppement rapide de la technologie conduit \u00e0 des progr\u00e8s significatifs dans divers domaines de la m\u00e9decine moderne. Dans ce contexte, la dentisterie conna\u00eet \u00e9galement une grande transformation avec des m\u00e9thodes de traitement innovantes qui offrent des solutions esth\u00e9tiques et fonctionnelles. Dans cet article, nous nous concentrerons sur le traitement implantaire, l\u2019un des principaux avantages de la dentisterie moderne, ainsi que sur d\u2019autres m\u00e9thodes de traitement importantes.<\/p><p><strong>Traitement implantaire\u00a0: une fa\u00e7on de concilier esth\u00e9tique et fonctionnalit\u00e9<\/strong><\/p><p>Les dents manquantes peuvent entra\u00eener des probl\u00e8mes non seulement esth\u00e9tiques mais aussi fonctionnels. Le d\u00e9veloppement technologique offre des solutions \u00e0 ces probl\u00e8mes en rendant possible le traitement implantaire. Les implants peuvent \u00eatre d\u00e9finis comme des vis en titane et sont plac\u00e9s dans la m\u00e2choire. Certains avantages du traitement implantaire sont\u00a0:<\/p><ul class=\"wp-block-list\"><li><strong>Proximit\u00e9 avec la dent naturelle\u00a0:<\/strong> La dent manquante peut \u00eatre remplac\u00e9e sans endommager les dents voisines.<\/li>\n\n<li><strong>Fonction naturelle\u00a0:<\/strong> Les implants dentaires fonctionnent comme des dents naturelles, offrant un confort pour parler, rire et manger.<\/li>\n\n<li><strong>Long\u00e9vit\u00e9:<\/strong> Avec des soins et une hygi\u00e8ne appropri\u00e9s, les implants peuvent durer de nombreuses ann\u00e9es.<\/li>\n\n<li><strong>Aspect esth\u00e9tique :<\/strong> Il offre une apparence plus naturelle que d\u2019autres alternatives telles que les proth\u00e8ses dentaires ou les ponts.<\/li><\/ul><p><strong>Dans quels cas l&#039;implant est-il pos\u00e9 ?<\/strong><\/p><ol class=\"wp-block-list\"><li><strong>Une seule dent manquante\u00a0:<\/strong> Dans les cas o\u00f9 une seule dent manque, la pose d\u2019implants peut \u00eatre privil\u00e9gi\u00e9e.<\/li>\n\n<li><strong>Absence d&#039;\u00e9dentement totale ou partielle\u00a0:<\/strong> Dans les cas o\u00f9 il manque plus d\u2019une dent, les implants peuvent \u00eatre utilis\u00e9s pour des proth\u00e8ses fixes ou amovibles.<\/li>\n\n<li><strong>D\u00e9fauts de la m\u00e2choire et du visage\u00a0:<\/strong> Les implants peuvent \u00eatre efficaces pour corriger les d\u00e9fauts de la m\u00e2choire ou du visage qui surviennent pour diverses raisons.<\/li>\n\n<li><strong>Os de la m\u00e2choire fondu\u00a0:<\/strong> Un traitement implantaire peut \u00eatre appliqu\u00e9 en cas de fonte de l\u2019os de la m\u00e2choire en raison de dents manquantes.<\/li>\n\n<li><strong>Ceux qui ne pr\u00e9f\u00e8rent pas une proth\u00e8se amovible :<\/strong> Les implants peuvent offrir une alternative plus confortable aux patients qui ne souhaitent pas utiliser de proth\u00e8se amovible.<\/li><\/ol><p><strong>\u00c9tapes du traitement des implants\u00a0:<\/strong><\/p><ol class=\"wp-block-list\"><li><strong>Inspection et planification\u00a0:<\/strong> L&#039;\u00e9tat g\u00e9n\u00e9ral du patient est \u00e9valu\u00e9 et un plan de traitement est \u00e9labor\u00e9 \u00e0 l&#039;aide de rayons X et d&#039;autres techniques d&#039;imagerie.<\/li>\n\n<li><strong>Nettoyage et pr\u00e9paration des dents\u00a0:<\/strong> La zone dentaire manquante est nettoy\u00e9e et, si n\u00e9cessaire, la m\u00e2choire est pr\u00e9par\u00e9e.<\/li>\n\n<li><strong>Pose des implants\u00a0:<\/strong> L&#039;implant en titane est plac\u00e9 dans la m\u00e2choire. Cette \u00e9tape est g\u00e9n\u00e9ralement r\u00e9alis\u00e9e sous anesth\u00e9sie locale.<\/li>\n\n<li><strong>Processus de gu\u00e9rison:<\/strong> L&#039;implant devrait fusionner avec la m\u00e2choire. Ce processus peut prendre plusieurs mois.<\/li>\n\n<li><strong>Proth\u00e8se provisoire\u00a0:<\/strong> Une proth\u00e8se temporaire peut \u00eatre appliqu\u00e9e pour \u00e9viter que le patient ne perde sa fonction pendant le processus de gu\u00e9rison.<\/li>\n\n<li><strong>Proth\u00e8se permanente\u00a0:<\/strong> Une fois la cicatrisation termin\u00e9e, une proth\u00e8se dentaire sp\u00e9cialement pr\u00e9par\u00e9e est plac\u00e9e sur l\u2019implant.<\/li><\/ol><p><strong>Implants en zirconium : durabilit\u00e9 et esth\u00e9tique r\u00e9unies<\/strong><\/p><p>D\u00e9velopp\u00e9s comme alternative aux implants traditionnels en titane, les implants en zirconium attirent l\u2019attention par leur durabilit\u00e9 et leur aspect esth\u00e9tique. Les implants en zirconium, particuli\u00e8rement privil\u00e9gi\u00e9s dans les m\u00e2choires \u00e9troites, offrent une solution esth\u00e9tique avec leur blancheur proche des dents naturelles.<\/p><p>Ces m\u00e9thodes de traitement innovantes en dentisterie moderne offrent aux patients des solutions de qualit\u00e9, tant en termes esth\u00e9tiques que fonctionnels.<\/p><\/div>\n\t\t\t\t<\/div>\n\t\t\t\t\t<\/div>\n\t\t<\/div>\n\t\t\t\t\t<\/div>\n\t\t<\/section>\t\t<\/div>","protected":false},"excerpt":{"rendered":"<p>\u0130mplant Tedavisi Hastanede Kal\u0131\u015f S\u00fcresi: Gerekli De\u011fil Operasyon S\u00fcresi: 6-8 Saat Anestezi: Lokal \u0130yile\u015fme S\u00fcresi: 3 Ay Hemen Randevu Al\u0131n Teknolojinin h\u0131zla geli\u015fimi, modern t\u0131pta \u00e7e\u015fitli alanlarda \u00f6nemli ilerlemelere yol a\u00e7maktad\u0131r. Bu kapsamda di\u015f hekimli\u011fi de, estetik ve fonksiyonel a\u00e7\u0131dan \u00e7\u00f6z\u00fcmler sunan yenilik\u00e7i tedavi y\u00f6ntemleri ile b\u00fcy\u00fck bir d\u00f6n\u00fc\u015f\u00fcm ya\u015famaktad\u0131r. Bu yaz\u0131da, modern di\u015f hekimli\u011finin [&hellip;]<\/p>\n","protected":false},"author":2,"featured_media":0,"parent":0,"menu_order":0,"comment_status":"closed","ping_status":"closed","template":"","meta":{"postBodyMargin":[],"postBodyPadding":[],"postBodyBackground":{"backgroundType":"classic","gradient":""},"footnotes":""},"class_list":["post-13566","page","type-page","status-publish","hentry"],"_links":{"self":[{"href":"https:\/\/seldacenter.com\/fr\/wp-json\/wp\/v2\/pages\/13566","targetHints":{"allow":["GET"]}}],"collection":[{"href":"https:\/\/seldacenter.com\/fr\/wp-json\/wp\/v2\/pages"}],"about":[{"href":"https:\/\/seldacenter.com\/fr\/wp-json\/wp\/v2\/types\/page"}],"author":[{"embeddable":true,"href":"https:\/\/seldacenter.com\/fr\/wp-json\/wp\/v2\/users\/2"}],"replies":[{"embeddable":true,"href":"https:\/\/seldacenter.com\/fr\/wp-json\/wp\/v2\/comments?post=13566"}],"version-history":[{"count":10,"href":"https:\/\/seldacenter.com\/fr\/wp-json\/wp\/v2\/pages\/13566\/revisions"}],"predecessor-version":[{"id":14196,"href":"https:\/\/seldacenter.com\/fr\/wp-json\/wp\/v2\/pages\/13566\/revisions\/14196"}],"wp:attachment":[{"href":"https:\/\/seldacenter.com\/fr\/wp-json\/wp\/v2\/media?parent=13566"}],"curies":[{"name":"wp","href":"https:\/\/api.w.org\/{rel}","templated":true}]}}