{"id":13564,"date":"2024-02-17T18:33:36","date_gmt":"2024-02-17T18:33:36","guid":{"rendered":"https:\/\/seldacenter.com\/yeniyapi\/?page_id=13564"},"modified":"2024-03-02T01:56:41","modified_gmt":"2024-03-02T01:56:41","slug":"e-max-veneers","status":"publish","type":"page","link":"https:\/\/seldacenter.com\/fr\/e-max-veneers\/","title":{"rendered":"Facettes E-Max"},"content":{"rendered":"<div data-elementor-type=\"wp-page\" data-elementor-id=\"13564\" class=\"elementor elementor-13564\" data-elementor-post-type=\"page\">\n\t\t\t\t<section class=\"elementor-section elementor-top-section elementor-element elementor-element-2444759 elementor-section-boxed elementor-section-height-default elementor-section-height-default\" data-id=\"2444759\" data-element_type=\"section\">\n\t\t\t\t\t\t<div class=\"elementor-container elementor-column-gap-default\">\n\t\t\t\t\t<div class=\"elementor-column elementor-col-50 elementor-top-column elementor-element elementor-element-5beef38\" data-id=\"5beef38\" data-element_type=\"column\" data-settings=\"{&quot;background_background&quot;:&quot;classic&quot;}\">\n\t\t\t<div class=\"elementor-widget-wrap elementor-element-populated\">\n\t\t\t\t\t\t<div class=\"elementor-element elementor-element-85ee19f elementor-widget elementor-widget-image\" data-id=\"85ee19f\" data-element_type=\"widget\" data-widget_type=\"image.default\">\n\t\t\t\t<div class=\"elementor-widget-container\">\n\t\t\t\t\t\t\t\t\t\t\t\t\t\t\t<img fetchpriority=\"high\" decoding=\"async\" width=\"996\" height=\"664\" src=\"https:\/\/seldacenter.com\/wp-content\/uploads\/2024\/03\/dentist-with-smile_144627-891.jpg\" class=\"attachment-full size-full wp-image-14211\" alt=\"\" srcset=\"https:\/\/seldacenter.com\/wp-content\/uploads\/2024\/03\/dentist-with-smile_144627-891.jpg 996w, https:\/\/seldacenter.com\/wp-content\/uploads\/2024\/03\/dentist-with-smile_144627-891-600x400.jpg 600w, https:\/\/seldacenter.com\/wp-content\/uploads\/2024\/03\/dentist-with-smile_144627-891-300x200.jpg 300w, https:\/\/seldacenter.com\/wp-content\/uploads\/2024\/03\/dentist-with-smile_144627-891-768x512.jpg 768w\" sizes=\"(max-width: 996px) 100vw, 996px\" \/>\t\t\t\t\t\t\t\t\t\t\t\t\t\t\t<\/div>\n\t\t\t\t<\/div>\n\t\t\t\t\t<\/div>\n\t\t<\/div>\n\t\t\t\t<div class=\"elementor-column elementor-col-50 elementor-top-column elementor-element elementor-element-f9dd004\" data-id=\"f9dd004\" data-element_type=\"column\">\n\t\t\t<div class=\"elementor-widget-wrap elementor-element-populated\">\n\t\t\t\t\t\t<div class=\"elementor-element elementor-element-b2a9459 elementor-widget-divider--view-line_text elementor-widget-divider--element-align-left elementor-widget elementor-widget-divider\" data-id=\"b2a9459\" data-element_type=\"widget\" data-widget_type=\"divider.default\">\n\t\t\t\t<div class=\"elementor-widget-container\">\n\t\t\t\t\t\t\t<div class=\"elementor-divider\">\n\t\t\t<span class=\"elementor-divider-separator\">\n\t\t\t\t\t\t\t<h3 class=\"elementor-divider__text elementor-divider__element\">\n\t\t\t\tFacettes E-Max\t\t\t\t<\/h3>\n\t\t\t\t\t\t<\/span>\n\t\t<\/div>\n\t\t\t\t\t\t<\/div>\n\t\t\t\t<\/div>\n\t\t\t\t<div class=\"elementor-element elementor-element-3e017ee elementor-align-left elementor-icon-list--layout-traditional elementor-list-item-link-full_width elementor-widget elementor-widget-icon-list\" data-id=\"3e017ee\" data-element_type=\"widget\" data-widget_type=\"icon-list.default\">\n\t\t\t\t<div class=\"elementor-widget-container\">\n\t\t\t\t\t\t\t<ul class=\"elementor-icon-list-items\">\n\t\t\t\t\t\t\t<li class=\"elementor-icon-list-item\">\n\t\t\t\t\t\t\t\t\t\t\t<span class=\"elementor-icon-list-icon\">\n\t\t\t\t\t\t\t<svg aria-hidden=\"true\" class=\"e-font-icon-svg e-far-hospital\" viewbox=\"0 0 448 512\" xmlns=\"http:\/\/www.w3.org\/2000\/svg\"><path d=\"M128 244v-40c0-6.627 5.373-12 12-12h40c6.627 0 12 5.373 12 12v40c0 6.627-5.373 12-12 12h-40c-6.627 0-12-5.373-12-12zm140 12h40c6.627 0 12-5.373 12-12v-40c0-6.627-5.373-12-12-12h-40c-6.627 0-12 5.373-12 12v40c0 6.627 5.373 12 12 12zm-76 84v-40c0-6.627-5.373-12-12-12h-40c-6.627 0-12 5.373-12 12v40c0 6.627 5.373 12 12 12h40c6.627 0 12-5.373 12-12zm76 12h40c6.627 0 12-5.373 12-12v-40c0-6.627-5.373-12-12-12h-40c-6.627 0-12 5.373-12 12v40c0 6.627 5.373 12 12 12zm180 124v36H0v-36c0-6.627 5.373-12 12-12h19.5V85.035C31.5 73.418 42.245 64 55.5 64H144V24c0-13.255 10.745-24 24-24h112c13.255 0 24 10.745 24 24v40h88.5c13.255 0 24 9.418 24 21.035V464H436c6.627 0 12 5.373 12 12zM79.5 463H192v-67c0-6.627 5.373-12 12-12h40c6.627 0 12 5.373 12 12v67h112.5V112H304v24c0 13.255-10.745 24-24 24H168c-13.255 0-24-10.745-24-24v-24H79.5v351zM266 64h-26V38a6 6 0 0 0-6-6h-20a6 6 0 0 0-6 6v26h-26a6 6 0 0 0-6 6v20a6 6 0 0 0 6 6h26v26a6 6 0 0 0 6 6h20a6 6 0 0 0 6-6V96h26a6 6 0 0 0 6-6V70a6 6 0 0 0-6-6z\"><\/path><\/svg>\t\t\t\t\t\t<\/span>\n\t\t\t\t\t\t\t\t\t\t<span class=\"elementor-icon-list-text\">Dur\u00e9e du s\u00e9jour \u00e0 l&#039;h\u00f4pital\u00a0:\u00a0non obligatoire<\/span>\n\t\t\t\t\t\t\t\t\t<\/li>\n\t\t\t\t\t\t\t\t<li class=\"elementor-icon-list-item\">\n\t\t\t\t\t\t\t\t\t\t\t<span class=\"elementor-icon-list-icon\">\n\t\t\t\t\t\t\t<svg aria-hidden=\"true\" class=\"e-font-icon-svg e-far-clock\" viewbox=\"0 0 512 512\" xmlns=\"http:\/\/www.w3.org\/2000\/svg\"><path d=\"M256 8C119 8 8 119 8 256s111 248 248 248 248-111 248-248S393 8 256 8zm0 448c-110.5 0-200-89.5-200-200S145.5 56 256 56s200 89.5 200 200-89.5 200-200 200zm61.8-104.4l-84.9-61.7c-3.1-2.3-4.9-5.9-4.9-9.7V116c0-6.6 5.4-12 12-12h32c6.6 0 12 5.4 12 12v141.7l66.8 48.6c5.4 3.9 6.5 11.4 2.6 16.8L334.6 349c-3.9 5.3-11.4 6.5-16.8 2.6z\"><\/path><\/svg>\t\t\t\t\t\t<\/span>\n\t\t\t\t\t\t\t\t\t\t<span class=\"elementor-icon-list-text\">Dur\u00e9e de fonctionnement\u00a0: 6 \u00e0 8 heures<\/span>\n\t\t\t\t\t\t\t\t\t<\/li>\n\t\t\t\t\t\t\t\t<li class=\"elementor-icon-list-item\">\n\t\t\t\t\t\t\t\t\t\t\t<span class=\"elementor-icon-list-icon\">\n\t\t\t\t\t\t\t<svg aria-hidden=\"true\" class=\"e-font-icon-svg e-fas-syringe\" viewbox=\"0 0 512 512\" xmlns=\"http:\/\/www.w3.org\/2000\/svg\"><path d=\"M201.5 174.8l55.7 55.8c3.1 3.1 3.1 8.2 0 11.3l-11.3 11.3c-3.1 3.1-8.2 3.1-11.3 0l-55.7-55.8-45.3 45.3 55.8 55.8c3.1 3.1 3.1 8.2 0 11.3l-11.3 11.3c-3.1 3.1-8.2 3.1-11.3 0L111 265.2l-26.4 26.4c-17.3 17.3-25.6 41.1-23 65.4l7.1 63.6L2.3 487c-3.1 3.1-3.1 8.2 0 11.3l11.3 11.3c3.1 3.1 8.2 3.1 11.3 0l66.3-66.3 63.6 7.1c23.9 2.6 47.9-5.4 65.4-23l181.9-181.9-135.7-135.7-64.9 65zm308.2-93.3L430.5 2.3c-3.1-3.1-8.2-3.1-11.3 0l-11.3 11.3c-3.1 3.1-3.1 8.2 0 11.3l28.3 28.3-45.3 45.3-56.6-56.6-17-17c-3.1-3.1-8.2-3.1-11.3 0l-33.9 33.9c-3.1 3.1-3.1 8.2 0 11.3l17 17L424.8 223l17 17c3.1 3.1 8.2 3.1 11.3 0l33.9-34c3.1-3.1 3.1-8.2 0-11.3l-73.5-73.5 45.3-45.3 28.3 28.3c3.1 3.1 8.2 3.1 11.3 0l11.3-11.3c3.1-3.2 3.1-8.2 0-11.4z\"><\/path><\/svg>\t\t\t\t\t\t<\/span>\n\t\t\t\t\t\t\t\t\t\t<span class=\"elementor-icon-list-text\">Anesth\u00e9sie\u00a0: Locale<\/span>\n\t\t\t\t\t\t\t\t\t<\/li>\n\t\t\t\t\t\t\t\t<li class=\"elementor-icon-list-item\">\n\t\t\t\t\t\t\t\t\t\t\t<span class=\"elementor-icon-list-icon\">\n\t\t\t\t\t\t\t<svg aria-hidden=\"true\" class=\"e-font-icon-svg e-far-heart\" viewbox=\"0 0 512 512\" xmlns=\"http:\/\/www.w3.org\/2000\/svg\"><path d=\"M458.4 64.3C400.6 15.7 311.3 23 256 79.3 200.7 23 111.4 15.6 53.6 64.3-21.6 127.6-10.6 230.8 43 285.5l175.4 178.7c10 10.2 23.4 15.9 37.6 15.9 14.3 0 27.6-5.6 37.6-15.8L469 285.6c53.5-54.7 64.7-157.9-10.6-221.3zm-23.6 187.5L259.4 430.5c-2.4 2.4-4.4 2.4-6.8 0L77.2 251.8c-36.5-37.2-43.9-107.6 7.3-150.7 38.9-32.7 98.9-27.8 136.5 10.5l35 35.7 35-35.7c37.8-38.5 97.8-43.2 136.5-10.6 51.1 43.1 43.5 113.9 7.3 150.8z\"><\/path><\/svg>\t\t\t\t\t\t<\/span>\n\t\t\t\t\t\t\t\t\t\t<span class=\"elementor-icon-list-text\">Temps de r\u00e9cup\u00e9ration\u00a0: imm\u00e9diat<\/span>\n\t\t\t\t\t\t\t\t\t<\/li>\n\t\t\t\t\t\t<\/ul>\n\t\t\t\t\t\t<\/div>\n\t\t\t\t<\/div>\n\t\t\t\t<div class=\"elementor-element elementor-element-2fbe254 elementor-align-justify elementor-widget elementor-widget-button\" data-id=\"2fbe254\" data-element_type=\"widget\" data-widget_type=\"button.default\">\n\t\t\t\t<div class=\"elementor-widget-container\">\n\t\t\t\t\t\t\t\t\t<div class=\"elementor-button-wrapper\">\n\t\t\t\t\t<a class=\"elementor-button elementor-button-link elementor-size-sm elementor-animation-buzz\" href=\"https:\/\/seldacenter.com\/fr\/\">\n\t\t\t\t\t\t<span class=\"elementor-button-content-wrapper\">\n\t\t\t\t\t\t\t\t\t<span class=\"elementor-button-text\">Prenez rendez-vous maintenant<\/span>\n\t\t\t\t\t<\/span>\n\t\t\t\t\t<\/a>\n\t\t\t\t<\/div>\n\t\t\t\t\t\t\t\t<\/div>\n\t\t\t\t<\/div>\n\t\t\t\t\t<\/div>\n\t\t<\/div>\n\t\t\t\t\t<\/div>\n\t\t<\/section>\n\t\t\t\t<section class=\"elementor-section elementor-top-section elementor-element elementor-element-2479ad56 elementor-section-boxed elementor-section-height-default elementor-section-height-default\" data-id=\"2479ad56\" data-element_type=\"section\">\n\t\t\t\t\t\t<div class=\"elementor-container elementor-column-gap-default\">\n\t\t\t\t\t<div class=\"elementor-column elementor-col-100 elementor-top-column elementor-element elementor-element-4ee14440\" data-id=\"4ee14440\" data-element_type=\"column\">\n\t\t\t<div class=\"elementor-widget-wrap elementor-element-populated\">\n\t\t\t\t\t\t<div class=\"elementor-element elementor-element-3bfbc355 elementor-widget elementor-widget-text-editor\" data-id=\"3bfbc355\" data-element_type=\"widget\" data-widget_type=\"text-editor.default\">\n\t\t\t\t<div class=\"elementor-widget-container\"><p>Aujourd\u2019hui, la dentisterie esth\u00e9tique a connu une grande \u00e9volution gr\u00e2ce aux mat\u00e9riaux et m\u00e9thodes avanc\u00e9s offerts par la technologie. Les facettes E-Max se d\u00e9marquent comme l\u2019une de ces innovations et offrent aux patients une excellente combinaison d\u2019esth\u00e9tique et de durabilit\u00e9. Dans cet article, des questions telles que ce que sont les facettes E-Max, quels sont leurs avantages, comment elles sont appliqu\u00e9es et \u00e0 qui elles conviennent recevront une r\u00e9ponse compl\u00e8te.<\/p><p><strong>Qu\u2019est-ce que les facettes E-Max ?<\/strong><\/p><p>Les facettes E-Max sont des facettes minces en porcelaine au disilicate de lithium. Ces facettes, notamment appliqu\u00e9es sur les dents de devant, constituent une solution id\u00e9ale pour les patients ayant des pr\u00e9occupations esth\u00e9tiques. Le disilicate de lithium poss\u00e8de des propri\u00e9t\u00e9s tr\u00e8s similaires \u00e0 celles des dents naturelles et est \u00e9galement connu pour sa durabilit\u00e9.<\/p><p><strong>Avantages<\/strong><\/p><p><strong>1. Apparence esth\u00e9tique<\/strong><\/p><p>Les facettes E-Max sont des facettes transparentes et fines qui imitent l\u2019apparence des dents naturelles. Gr\u00e2ce \u00e0 leur perm\u00e9abilit\u00e9 \u00e0 la lumi\u00e8re, elles brillent comme des dents naturelles et promettent aux patients un sourire esth\u00e9tique.<\/p><p><strong>2. Haute durabilit\u00e9<\/strong><\/p><p>Le disilicate de lithium rend les facettes E-Max tr\u00e8s r\u00e9sistantes et durables pour les dents. Il peut faire face aux activit\u00e9s quotidiennes et offre une solution durable.<\/p><p><strong>3. Biocompatible<\/strong><\/p><p>Les facettes E-Max contiennent du disilicate de lithium, un mat\u00e9riau compatible avec le corps. Cette fonctionnalit\u00e9 minimise le risque de r\u00e9actions allergiques et augmente la biocompatibilit\u00e9.<\/p><p><strong>4. Peu invasif<\/strong><\/p><p>Le limage des dents est minime, ce qui signifie un processus de traitement moins invasif. Les dentistes adoptent une approche plus sensible pour pr\u00e9server les tissus dentaires sains.<\/p><p><strong>5. Constance des couleurs<\/strong><\/p><p>Les facettes E-Max ont la particularit\u00e9 de ne pas changer de couleur avec le temps. Cela lui permet de conserver son aspect esth\u00e9tique \u00e0 long terme.<\/p><p><strong>Processus de demande<\/strong><\/p><p><strong>1. Inspection et planification<\/strong><\/p><p>Le dentiste \u00e9value les besoins du patient, examine la structure dentaire et cr\u00e9e un plan de traitement. Le choix de la couleur et de la forme des facettes est d\u00e9termin\u00e9.<\/p><p><strong>2. Phase de pr\u00e9paration<\/strong><\/p><p>La surface ant\u00e9rieure des dents est peu lim\u00e9e. Le dentiste prend des mesures et pr\u00e9pare des facettes adapt\u00e9es \u00e0 la structure dentaire du patient.<\/p><p><strong>3. Pr\u00e9paration du laboratoire<\/strong><\/p><p>Les empreintes sont envoy\u00e9es \u00e0 un laboratoire dentaire et des facettes sp\u00e9ciales sont pr\u00e9par\u00e9es par des techniciens experts.<\/p><p><strong>4. Placement<\/strong><\/p><p>Une fois les facettes pr\u00e9par\u00e9es, elles sont plac\u00e9es sur les dents du patient par le dentiste. La couleur et la coupe sont v\u00e9rifi\u00e9es.<\/p><p><strong>5. D\u00e9couper et coller<\/strong><\/p><p>Si n\u00e9cessaire, des corrections sont apport\u00e9es et des facettes sont pos\u00e9es d\u00e9finitivement sur les dents avec des adh\u00e9sifs sp\u00e9ciaux.<\/p><p><strong>\u00c0 qui convient-il ?<\/strong><\/p><p>Les facettes E-Max sont une option appropri\u00e9e pour toute personne ayant des probl\u00e8mes esth\u00e9tiques et souhaitant am\u00e9liorer l\u2019apparence de ses dents. Les patients qui souhaitent corriger la couleur des dents, combler les fissures, combler les espaces dentaires et corriger la forme des dents peuvent envisager ce traitement.<\/p><p><strong>Conclusion<\/strong><\/p><p>Les facettes E-Max repr\u00e9sentent une avanc\u00e9e significative en dentisterie esth\u00e9tique et promettent aux patients un sourire d\u2019apparence naturelle, durable et durable. En consultant votre dentiste, vous pouvez cr\u00e9er le plan de traitement le plus adapt\u00e9 \u00e0 vos besoins et obtenir le sourire de vos r\u00eaves avec les facettes E-Max. N\u2019oubliez pas qu\u2019un beau sourire n\u2019est pas seulement esth\u00e9tique, il peut aussi augmenter votre confiance en vous.<\/p><\/div>\n\t\t\t\t<\/div>\n\t\t\t\t\t<\/div>\n\t\t<\/div>\n\t\t\t\t\t<\/div>\n\t\t<\/section>\t\t<\/div>","protected":false},"excerpt":{"rendered":"<p>E-Max Veneers Hastanede Kal\u0131\u015f S\u00fcresi: Gerekli De\u011fil Operasyon S\u00fcresi: 6-8 Saat Anestezi: Lokal \u0130yile\u015fme S\u00fcresi: Hemen Hemen Randevu Al\u0131n G\u00fcn\u00fcm\u00fczde estetik di\u015f hekimli\u011fi, teknolojinin sundu\u011fu ileri malzemeler ve y\u00f6ntemlerle b\u00fcy\u00fck bir evrim ge\u00e7irmi\u015ftir. E-Max veneers, bu yeniliklerden biri olarak \u00f6ne \u00e7\u0131kmakta ve hastalara m\u00fckemmel bir estetik ve dayan\u0131kl\u0131l\u0131k kombinasyonu sunmaktad\u0131r. Bu makalede, E-Max veneers&#8217;\u0131n nedir, [&hellip;]<\/p>\n","protected":false},"author":2,"featured_media":0,"parent":0,"menu_order":0,"comment_status":"closed","ping_status":"closed","template":"","meta":{"postBodyMargin":[],"postBodyPadding":[],"postBodyBackground":{"backgroundType":"classic","gradient":""},"footnotes":""},"class_list":["post-13564","page","type-page","status-publish","hentry"],"_links":{"self":[{"href":"https:\/\/seldacenter.com\/fr\/wp-json\/wp\/v2\/pages\/13564","targetHints":{"allow":["GET"]}}],"collection":[{"href":"https:\/\/seldacenter.com\/fr\/wp-json\/wp\/v2\/pages"}],"about":[{"href":"https:\/\/seldacenter.com\/fr\/wp-json\/wp\/v2\/types\/page"}],"author":[{"embeddable":true,"href":"https:\/\/seldacenter.com\/fr\/wp-json\/wp\/v2\/users\/2"}],"replies":[{"embeddable":true,"href":"https:\/\/seldacenter.com\/fr\/wp-json\/wp\/v2\/comments?post=13564"}],"version-history":[{"count":10,"href":"https:\/\/seldacenter.com\/fr\/wp-json\/wp\/v2\/pages\/13564\/revisions"}],"predecessor-version":[{"id":14214,"href":"https:\/\/seldacenter.com\/fr\/wp-json\/wp\/v2\/pages\/13564\/revisions\/14214"}],"wp:attachment":[{"href":"https:\/\/seldacenter.com\/fr\/wp-json\/wp\/v2\/media?parent=13564"}],"curies":[{"name":"wp","href":"https:\/\/api.w.org\/{rel}","templated":true}]}}