{"id":13562,"date":"2024-02-17T18:32:34","date_gmt":"2024-02-17T18:32:34","guid":{"rendered":"https:\/\/seldacenter.com\/yeniyapi\/?page_id=13562"},"modified":"2024-03-02T01:37:49","modified_gmt":"2024-03-02T01:37:49","slug":"dis-temizleme-islemi","status":"publish","type":"page","link":"https:\/\/seldacenter.com\/fr\/dis-temizleme-islemi\/","title":{"rendered":"Proc\u00e9dure de nettoyage des dents"},"content":{"rendered":"<div data-elementor-type=\"wp-page\" data-elementor-id=\"13562\" class=\"elementor elementor-13562\" data-elementor-post-type=\"page\">\n\t\t\t\t\t\t<section class=\"elementor-section elementor-top-section elementor-element elementor-element-faeafbb elementor-section-boxed elementor-section-height-default elementor-section-height-default\" data-id=\"faeafbb\" data-element_type=\"section\">\n\t\t\t\t\t\t<div class=\"elementor-container elementor-column-gap-default\">\n\t\t\t\t\t<div class=\"elementor-column elementor-col-50 elementor-top-column elementor-element elementor-element-22a9123\" data-id=\"22a9123\" data-element_type=\"column\" data-settings=\"{&quot;background_background&quot;:&quot;classic&quot;}\">\n\t\t\t<div class=\"elementor-widget-wrap elementor-element-populated\">\n\t\t\t\t\t\t<div class=\"elementor-element elementor-element-815f20b elementor-widget elementor-widget-image\" data-id=\"815f20b\" data-element_type=\"widget\" data-widget_type=\"image.default\">\n\t\t\t\t<div class=\"elementor-widget-container\">\n\t\t\t\t\t\t\t\t\t\t\t\t\t\t\t<img fetchpriority=\"high\" decoding=\"async\" width=\"996\" height=\"664\" src=\"https:\/\/seldacenter.com\/wp-content\/uploads\/2024\/03\/beautiful-blond-girl-with-long-healthy-hair-laughing-smiling-camera-standing-summer-clothes-white-background_176420-50447.jpg\" class=\"attachment-full size-full wp-image-14180\" alt=\"\" srcset=\"https:\/\/seldacenter.com\/wp-content\/uploads\/2024\/03\/beautiful-blond-girl-with-long-healthy-hair-laughing-smiling-camera-standing-summer-clothes-white-background_176420-50447.jpg 996w, https:\/\/seldacenter.com\/wp-content\/uploads\/2024\/03\/beautiful-blond-girl-with-long-healthy-hair-laughing-smiling-camera-standing-summer-clothes-white-background_176420-50447-600x400.jpg 600w, https:\/\/seldacenter.com\/wp-content\/uploads\/2024\/03\/beautiful-blond-girl-with-long-healthy-hair-laughing-smiling-camera-standing-summer-clothes-white-background_176420-50447-300x200.jpg 300w, https:\/\/seldacenter.com\/wp-content\/uploads\/2024\/03\/beautiful-blond-girl-with-long-healthy-hair-laughing-smiling-camera-standing-summer-clothes-white-background_176420-50447-768x512.jpg 768w\" sizes=\"(max-width: 996px) 100vw, 996px\" \/>\t\t\t\t\t\t\t\t\t\t\t\t\t\t\t<\/div>\n\t\t\t\t<\/div>\n\t\t\t\t\t<\/div>\n\t\t<\/div>\n\t\t\t\t<div class=\"elementor-column elementor-col-50 elementor-top-column elementor-element elementor-element-841d1a4\" data-id=\"841d1a4\" data-element_type=\"column\">\n\t\t\t<div class=\"elementor-widget-wrap elementor-element-populated\">\n\t\t\t\t\t\t<div class=\"elementor-element elementor-element-258ed84 elementor-widget-divider--view-line_text elementor-widget-divider--element-align-left elementor-widget elementor-widget-divider\" data-id=\"258ed84\" data-element_type=\"widget\" data-widget_type=\"divider.default\">\n\t\t\t\t<div class=\"elementor-widget-container\">\n\t\t\t\t\t\t\t<div class=\"elementor-divider\">\n\t\t\t<span class=\"elementor-divider-separator\">\n\t\t\t\t\t\t\t<h3 class=\"elementor-divider__text elementor-divider__element\">\n\t\t\t\tBrossage de dents\t\t\t\t<\/h3>\n\t\t\t\t\t\t<\/span>\n\t\t<\/div>\n\t\t\t\t\t\t<\/div>\n\t\t\t\t<\/div>\n\t\t\t\t<div class=\"elementor-element elementor-element-0800635 elementor-align-left elementor-icon-list--layout-traditional elementor-list-item-link-full_width elementor-widget elementor-widget-icon-list\" data-id=\"0800635\" data-element_type=\"widget\" data-widget_type=\"icon-list.default\">\n\t\t\t\t<div class=\"elementor-widget-container\">\n\t\t\t\t\t\t\t<ul class=\"elementor-icon-list-items\">\n\t\t\t\t\t\t\t<li class=\"elementor-icon-list-item\">\n\t\t\t\t\t\t\t\t\t\t\t<span class=\"elementor-icon-list-icon\">\n\t\t\t\t\t\t\t<svg aria-hidden=\"true\" class=\"e-font-icon-svg e-far-hospital\" viewbox=\"0 0 448 512\" xmlns=\"http:\/\/www.w3.org\/2000\/svg\"><path d=\"M128 244v-40c0-6.627 5.373-12 12-12h40c6.627 0 12 5.373 12 12v40c0 6.627-5.373 12-12 12h-40c-6.627 0-12-5.373-12-12zm140 12h40c6.627 0 12-5.373 12-12v-40c0-6.627-5.373-12-12-12h-40c-6.627 0-12 5.373-12 12v40c0 6.627 5.373 12 12 12zm-76 84v-40c0-6.627-5.373-12-12-12h-40c-6.627 0-12 5.373-12 12v40c0 6.627 5.373 12 12 12h40c6.627 0 12-5.373 12-12zm76 12h40c6.627 0 12-5.373 12-12v-40c0-6.627-5.373-12-12-12h-40c-6.627 0-12 5.373-12 12v40c0 6.627 5.373 12 12 12zm180 124v36H0v-36c0-6.627 5.373-12 12-12h19.5V85.035C31.5 73.418 42.245 64 55.5 64H144V24c0-13.255 10.745-24 24-24h112c13.255 0 24 10.745 24 24v40h88.5c13.255 0 24 9.418 24 21.035V464H436c6.627 0 12 5.373 12 12zM79.5 463H192v-67c0-6.627 5.373-12 12-12h40c6.627 0 12 5.373 12 12v67h112.5V112H304v24c0 13.255-10.745 24-24 24H168c-13.255 0-24-10.745-24-24v-24H79.5v351zM266 64h-26V38a6 6 0 0 0-6-6h-20a6 6 0 0 0-6 6v26h-26a6 6 0 0 0-6 6v20a6 6 0 0 0 6 6h26v26a6 6 0 0 0 6 6h20a6 6 0 0 0 6-6V96h26a6 6 0 0 0 6-6V70a6 6 0 0 0-6-6z\"><\/path><\/svg>\t\t\t\t\t\t<\/span>\n\t\t\t\t\t\t\t\t\t\t<span class=\"elementor-icon-list-text\">Dur\u00e9e du s\u00e9jour \u00e0 l&#039;h\u00f4pital\u00a0:\u00a0non obligatoire<\/span>\n\t\t\t\t\t\t\t\t\t<\/li>\n\t\t\t\t\t\t\t\t<li class=\"elementor-icon-list-item\">\n\t\t\t\t\t\t\t\t\t\t\t<span class=\"elementor-icon-list-icon\">\n\t\t\t\t\t\t\t<svg aria-hidden=\"true\" class=\"e-font-icon-svg e-far-clock\" viewbox=\"0 0 512 512\" xmlns=\"http:\/\/www.w3.org\/2000\/svg\"><path d=\"M256 8C119 8 8 119 8 256s111 248 248 248 248-111 248-248S393 8 256 8zm0 448c-110.5 0-200-89.5-200-200S145.5 56 256 56s200 89.5 200 200-89.5 200-200 200zm61.8-104.4l-84.9-61.7c-3.1-2.3-4.9-5.9-4.9-9.7V116c0-6.6 5.4-12 12-12h32c6.6 0 12 5.4 12 12v141.7l66.8 48.6c5.4 3.9 6.5 11.4 2.6 16.8L334.6 349c-3.9 5.3-11.4 6.5-16.8 2.6z\"><\/path><\/svg>\t\t\t\t\t\t<\/span>\n\t\t\t\t\t\t\t\t\t\t<span class=\"elementor-icon-list-text\">Dur\u00e9e de fonctionnement\u00a0: 6 \u00e0 8 heures<\/span>\n\t\t\t\t\t\t\t\t\t<\/li>\n\t\t\t\t\t\t\t\t<li class=\"elementor-icon-list-item\">\n\t\t\t\t\t\t\t\t\t\t\t<span class=\"elementor-icon-list-icon\">\n\t\t\t\t\t\t\t<svg aria-hidden=\"true\" class=\"e-font-icon-svg e-fas-syringe\" viewbox=\"0 0 512 512\" xmlns=\"http:\/\/www.w3.org\/2000\/svg\"><path d=\"M201.5 174.8l55.7 55.8c3.1 3.1 3.1 8.2 0 11.3l-11.3 11.3c-3.1 3.1-8.2 3.1-11.3 0l-55.7-55.8-45.3 45.3 55.8 55.8c3.1 3.1 3.1 8.2 0 11.3l-11.3 11.3c-3.1 3.1-8.2 3.1-11.3 0L111 265.2l-26.4 26.4c-17.3 17.3-25.6 41.1-23 65.4l7.1 63.6L2.3 487c-3.1 3.1-3.1 8.2 0 11.3l11.3 11.3c3.1 3.1 8.2 3.1 11.3 0l66.3-66.3 63.6 7.1c23.9 2.6 47.9-5.4 65.4-23l181.9-181.9-135.7-135.7-64.9 65zm308.2-93.3L430.5 2.3c-3.1-3.1-8.2-3.1-11.3 0l-11.3 11.3c-3.1 3.1-3.1 8.2 0 11.3l28.3 28.3-45.3 45.3-56.6-56.6-17-17c-3.1-3.1-8.2-3.1-11.3 0l-33.9 33.9c-3.1 3.1-3.1 8.2 0 11.3l17 17L424.8 223l17 17c3.1 3.1 8.2 3.1 11.3 0l33.9-34c3.1-3.1 3.1-8.2 0-11.3l-73.5-73.5 45.3-45.3 28.3 28.3c3.1 3.1 8.2 3.1 11.3 0l11.3-11.3c3.1-3.2 3.1-8.2 0-11.4z\"><\/path><\/svg>\t\t\t\t\t\t<\/span>\n\t\t\t\t\t\t\t\t\t\t<span class=\"elementor-icon-list-text\">Anesth\u00e9sie\u00a0: Locale<\/span>\n\t\t\t\t\t\t\t\t\t<\/li>\n\t\t\t\t\t\t\t\t<li class=\"elementor-icon-list-item\">\n\t\t\t\t\t\t\t\t\t\t\t<span class=\"elementor-icon-list-icon\">\n\t\t\t\t\t\t\t<svg aria-hidden=\"true\" class=\"e-font-icon-svg e-far-heart\" viewbox=\"0 0 512 512\" xmlns=\"http:\/\/www.w3.org\/2000\/svg\"><path d=\"M458.4 64.3C400.6 15.7 311.3 23 256 79.3 200.7 23 111.4 15.6 53.6 64.3-21.6 127.6-10.6 230.8 43 285.5l175.4 178.7c10 10.2 23.4 15.9 37.6 15.9 14.3 0 27.6-5.6 37.6-15.8L469 285.6c53.5-54.7 64.7-157.9-10.6-221.3zm-23.6 187.5L259.4 430.5c-2.4 2.4-4.4 2.4-6.8 0L77.2 251.8c-36.5-37.2-43.9-107.6 7.3-150.7 38.9-32.7 98.9-27.8 136.5 10.5l35 35.7 35-35.7c37.8-38.5 97.8-43.2 136.5-10.6 51.1 43.1 43.5 113.9 7.3 150.8z\"><\/path><\/svg>\t\t\t\t\t\t<\/span>\n\t\t\t\t\t\t\t\t\t\t<span class=\"elementor-icon-list-text\">Temps de r\u00e9cup\u00e9ration\u00a0: 6 \u00e0 12\u00a0mois<\/span>\n\t\t\t\t\t\t\t\t\t<\/li>\n\t\t\t\t\t\t<\/ul>\n\t\t\t\t\t\t<\/div>\n\t\t\t\t<\/div>\n\t\t\t\t<div class=\"elementor-element elementor-element-de8505e elementor-align-justify elementor-widget elementor-widget-button\" data-id=\"de8505e\" data-element_type=\"widget\" data-widget_type=\"button.default\">\n\t\t\t\t<div class=\"elementor-widget-container\">\n\t\t\t\t\t\t\t\t\t<div class=\"elementor-button-wrapper\">\n\t\t\t\t\t<a class=\"elementor-button elementor-button-link elementor-size-sm elementor-animation-buzz\" href=\"https:\/\/seldacenter.com\/fr\/\">\n\t\t\t\t\t\t<span class=\"elementor-button-content-wrapper\">\n\t\t\t\t\t\t\t\t\t<span class=\"elementor-button-text\">Prenez rendez-vous maintenant<\/span>\n\t\t\t\t\t<\/span>\n\t\t\t\t\t<\/a>\n\t\t\t\t<\/div>\n\t\t\t\t\t\t\t\t<\/div>\n\t\t\t\t<\/div>\n\t\t\t\t\t<\/div>\n\t\t<\/div>\n\t\t\t\t\t<\/div>\n\t\t<\/section>\n\t\t\t\t<section class=\"elementor-section elementor-top-section elementor-element elementor-element-20952fa5 elementor-section-boxed elementor-section-height-default elementor-section-height-default\" data-id=\"20952fa5\" data-element_type=\"section\">\n\t\t\t\t\t\t<div class=\"elementor-container elementor-column-gap-default\">\n\t\t\t\t\t<div class=\"elementor-column elementor-col-100 elementor-top-column elementor-element elementor-element-2b1c82b7\" data-id=\"2b1c82b7\" data-element_type=\"column\">\n\t\t\t<div class=\"elementor-widget-wrap elementor-element-populated\">\n\t\t\t\t\t\t<div class=\"elementor-element elementor-element-4030d866 elementor-widget elementor-widget-text-editor\" data-id=\"4030d866\" data-element_type=\"widget\" data-widget_type=\"text-editor.default\">\n\t\t\t\t<div class=\"elementor-widget-container\">\n\t\t\t\t\t\t\t\t\t<strong>\nProc\u00e9dure de nettoyage des dents<\/strong>\n\nLe processus de nettoyage des dents fait r\u00e9f\u00e9rence au nettoyage des germes, de la plaque bact\u00e9rienne et des d\u00e9colorations accumul\u00e9es sur les dents par des experts.\n\n<strong>Comment?<\/strong>\n<ol>\n \t<li><strong>Nettoyage des dents avec des outils manuels\u00a0:<\/strong>\n<ul>\n \t<li>Le dentiste ou l&#039;hygi\u00e9niste dentaire \u00e9limine la plaque dentaire et le tartre accumul\u00e9s sur les dents \u00e0 l&#039;aide d&#039;outils sp\u00e9ciaux.<\/li>\n \t<li>Les tartres situ\u00e9s sous la gencive peuvent \u00e9galement \u00eatre enlev\u00e9s avec des outils manuels.<\/li>\n<\/ul>\n<\/li>\n \t<li><strong>Machines de nettoyage de pierre dentaire \u00e0 ultrasons\u00a0:<\/strong>\n<ul>\n \t<li>Les pointes vibrant \u00e0 haute fr\u00e9quence d\u00e9composent les calculs dentaires.<\/li>\n \t<li>Il est utilis\u00e9 avec la fonction de pulv\u00e9risation d&#039;eau.<\/li>\n<\/ul>\n<\/li>\n \t<li><strong>Nettoyage des dents avec des outils de polissage\u00a0:<\/strong>\n<ul>\n \t<li>Le polissage peut \u00eatre effectu\u00e9 avec des machines fonctionnant avec de l\u2019eau et de la poudre \u00e0 haute pression.<\/li>\n \t<li>Les dents peuvent \u00eatre polies avec des brosses et des kits de polissage.<\/li>\n<\/ul>\n<\/li>\n<\/ol>\n<strong>Pourquoi est-ce fait ?<\/strong>\n<ul>\n \t<li>Le nettoyage des dents prot\u00e8ge la sant\u00e9 des gencives et aide \u00e0 pr\u00e9venir la carie dentaire et les maladies des gencives.<\/li>\n \t<li>Le nettoyage des dents peut \u00e9galement \u00eatre appliqu\u00e9 \u00e0 des fins esth\u00e9tiques. Son objectif est de nettoyer les taches caus\u00e9es par des aliments trop teints.<\/li>\n<\/ul>\n<strong>Avantages:<\/strong>\n<ol>\n \t<li><strong>Sant\u00e9 dentaire:<\/strong>\n<ul>\n \t<li>Les maladies des gencives sont pr\u00e9venues en nettoyant la plaque dentaire et le tartre.<\/li>\n \t<li>Le risque de carie dentaire et d\u2019autres probl\u00e8mes bucco-dentaires est r\u00e9duit.<\/li>\n<\/ul>\n<\/li>\n \t<li><strong>Effet blancheur\u00a0:<\/strong>\n<ul>\n \t<li>Le nettoyage des dents procure une blancheur esth\u00e9tique en r\u00e9duisant la d\u00e9coloration des dents.<\/li>\n<\/ul>\n<\/li>\n \t<li><strong>Contr\u00f4le des bact\u00e9ries\u00a0:<\/strong>\n<ul>\n \t<li>Le nettoyage des dents contr\u00f4le le nombre de bact\u00e9ries dans la bouche.<\/li>\n \t<li>Il peut r\u00e9duire le risque de maladies neurologiques dues aux calculs dentaires.<\/li>\n<\/ul>\n<\/li>\n<\/ol>\n<strong>Types de nettoyage des dents\u00a0:<\/strong>\n<ul>\n \t<li><strong>Nettoyage des calculs dentaires\u00a0:<\/strong> Il comprend le nettoyage des calculs dentaires par des experts.<\/li>\n \t<li><strong>Polissage et polissage des dents\u00a0:<\/strong> La surface des dents est liss\u00e9e et brillante.<\/li>\n<\/ul>\n<strong>Nettoyage et blanchiment des dents\u00a0:<\/strong>\n<ul>\n \t<li>Le nettoyage des dents n\u2019a g\u00e9n\u00e9ralement pas pour but de blanchir les dents, mais de pr\u00e9server la sant\u00e9 des gencives et des dents. Cependant, la blancheur s\u2019obtient aussi naturellement.<\/li>\n<\/ul>\n<strong>Outils de nettoyage des dents\u00a0:<\/strong>\n<ul>\n \t<li><strong>Outils manuels:<\/strong> Il est utilis\u00e9 pour nettoyer la plaque dentaire et le tartre sous la supervision d\u2019un expert.<\/li>\n \t<li><strong>Machines de nettoyage de pierre dentaire \u00e0 ultrasons\u00a0:<\/strong> Il d\u00e9compose les calculs dentaires gr\u00e2ce \u00e0 des pointes vibrantes \u00e0 haute fr\u00e9quence.<\/li>\n \t<li><strong>Nettoyage des dents au laser\u00a0:<\/strong> Les gencives et les dents sont nettoy\u00e9es gr\u00e2ce \u00e0 la technologie laser.<\/li>\n<\/ul>\n<strong>Prix du nettoyage des dents\u00a0:<\/strong>\n<ul>\n \t<li>Il existe un salaire minimum d\u00e9termin\u00e9 par l&#039;Association m\u00e9dicale turque.<\/li>\n \t<li>Le prix du nettoyage dentaire peut varier en fonction du contenu de l\u2019\u00e9quipement et des mat\u00e9riaux utilis\u00e9s.<\/li>\n<\/ul>\n<strong>La poudre de nettoyage des dents est-elle nocive ?<\/strong>\n<ul>\n \t<li>L\u2019utilisation inconsciente de poudres nettoyantes pour dents et de produits similaires peut endommager les dents.<\/li>\n \t<li>Il ne doit pas \u00eatre utilis\u00e9 sans l&#039;avis d&#039;un m\u00e9decin.<\/li>\n<\/ul>\n<strong>Qu&#039;est-ce qui est utilis\u00e9 comme outil de nettoyage des dents ?<\/strong>\n<ul>\n \t<li>Des outils manuels, des nettoyeurs \u00e0 ultrasons et la technologie laser peuvent \u00eatre utilis\u00e9s.<\/li>\n \t<li>La m\u00e9thode \u00e0 choisir rel\u00e8ve de la d\u00e9cision conjointe du m\u00e9decin et du patient.<\/li>\n<\/ul>\nLe nettoyage des dents est important non seulement pour garantir une blancheur esth\u00e9tique mais \u00e9galement pour maintenir la sant\u00e9 bucco-dentaire. Le patient et le m\u00e9decin doivent d\u00e9cider ensemble et choisir la m\u00e9thode de nettoyage dentaire la plus appropri\u00e9e.\t\t\t\t\t\t\t\t<\/div>\n\t\t\t\t<\/div>\n\t\t\t\t\t<\/div>\n\t\t<\/div>\n\t\t\t\t\t<\/div>\n\t\t<\/section>\n\t\t\t\t<\/div>","protected":false},"excerpt":{"rendered":"<p>Di\u015f Temizleme Hastanede Kal\u0131\u015f S\u00fcresi: Gerekli De\u011fil Operasyon S\u00fcresi: 6-8 Saat Anestezi: Lokal \u0130yile\u015fme S\u00fcresi: 6-12 Ay Hemen Randevu Al\u0131n Di\u015f Temizleme \u0130\u015flemi Di\u015f temizleme i\u015flemi, di\u015flerde biriken mikroplar, bakteri pla\u011f\u0131 ve renklenmelerin uzmanlar taraf\u0131ndan temizlenmesini ifade eder. Nas\u0131l Yap\u0131l\u0131r? El Aletleri ile Di\u015f Temizleme: Di\u015f hekimi veya di\u015f hijyenisti, \u00f6zel aletler kullanarak di\u015flerde biriken [&hellip;]<\/p>\n","protected":false},"author":2,"featured_media":0,"parent":0,"menu_order":0,"comment_status":"closed","ping_status":"closed","template":"","meta":{"postBodyMargin":[],"postBodyPadding":[],"postBodyBackground":{"backgroundType":"classic","gradient":""},"footnotes":""},"class_list":["post-13562","page","type-page","status-publish","hentry"],"_links":{"self":[{"href":"https:\/\/seldacenter.com\/fr\/wp-json\/wp\/v2\/pages\/13562","targetHints":{"allow":["GET"]}}],"collection":[{"href":"https:\/\/seldacenter.com\/fr\/wp-json\/wp\/v2\/pages"}],"about":[{"href":"https:\/\/seldacenter.com\/fr\/wp-json\/wp\/v2\/types\/page"}],"author":[{"embeddable":true,"href":"https:\/\/seldacenter.com\/fr\/wp-json\/wp\/v2\/users\/2"}],"replies":[{"embeddable":true,"href":"https:\/\/seldacenter.com\/fr\/wp-json\/wp\/v2\/comments?post=13562"}],"version-history":[{"count":7,"href":"https:\/\/seldacenter.com\/fr\/wp-json\/wp\/v2\/pages\/13562\/revisions"}],"predecessor-version":[{"id":14183,"href":"https:\/\/seldacenter.com\/fr\/wp-json\/wp\/v2\/pages\/13562\/revisions\/14183"}],"wp:attachment":[{"href":"https:\/\/seldacenter.com\/fr\/wp-json\/wp\/v2\/media?parent=13562"}],"curies":[{"name":"wp","href":"https:\/\/api.w.org\/{rel}","templated":true}]}}