{"id":13556,"date":"2024-02-17T16:11:18","date_gmt":"2024-02-17T16:11:18","guid":{"rendered":"https:\/\/seldacenter.com\/yeniyapi\/?page_id=13556"},"modified":"2024-02-17T16:11:19","modified_gmt":"2024-02-17T16:11:19","slug":"otoplasti-tedavisi","status":"publish","type":"page","link":"https:\/\/seldacenter.com\/fr\/otoplasti-tedavisi\/","title":{"rendered":"Traitement d&#039;otoplastie"},"content":{"rendered":"<p>L&#039;otoplastie est une intervention chirurgicale que l&#039;on d\u00e9finit litt\u00e9ralement comme \u00ab\u00a0l&#039;esth\u00e9tique de l&#039;oreille\u00a0\u00bb. Cette intervention esth\u00e9tique consiste \u00e0 remodeler le pavillon de l&#039;oreille pour lui donner un aspect plus naturel et esth\u00e9tique. Il existe de nombreuses techniques et m\u00e9thodes chirurgicales diff\u00e9rentes pour l&#039;otoplastie, et elles peuvent \u00eatre appliqu\u00e9es avec succ\u00e8s par quelques chirurgiens.<\/p>\n<p>L&#039;otoplastie offre g\u00e9n\u00e9ralement une solution aux personnes insatisfaites de la forme de leurs oreilles. Des pathologies telles que des oreilles d\u00e9coll\u00e9es ou grandes, l&#039;absence ou la faiblesse de l&#039;anth\u00e9lix et l&#039;hypertrophie du cavum concha peuvent \u00eatre corrig\u00e9es gr\u00e2ce \u00e0 diverses techniques d&#039;otoplastie pour obtenir des r\u00e9sultats naturels et satisfaisants. Cette intervention esth\u00e9tique est particuli\u00e8rement pratiqu\u00e9e chez les enfants d&#039;\u00e2ge pr\u00e9scolaire, g\u00e9n\u00e9ralement vers l&#039;\u00e2ge de 5 ans, au moment le plus appropri\u00e9. Car se moquer des oreilles d\u00e9coll\u00e9es \u00e0 l&#039;\u00e2ge scolaire peut avoir un impact n\u00e9gatif sur le moral de l&#039;enfant.<\/p>\n<p>L&#039;otoplastie est g\u00e9n\u00e9ralement r\u00e9alis\u00e9e sous anesth\u00e9sie g\u00e9n\u00e9rale et dure en moyenne une \u00e0 deux heures. La forme d&#039;oreille souhait\u00e9e est d\u00e9termin\u00e9e par une incision pratiqu\u00e9e derri\u00e8re l&#039;oreille, puis l&#039;intervention est r\u00e9alis\u00e9e par suture. Au cours de l&#039;intervention, une excision cartilagineuse est pratiqu\u00e9e si n\u00e9cessaire afin d&#039;obtenir une oreille esth\u00e9tique et naturelle. Apr\u00e8s l&#039;intervention, l&#039;incision derri\u00e8re l&#039;oreille est referm\u00e9e par des sutures, formant ainsi une cicatrice g\u00e9n\u00e9ralement discr\u00e8te.<\/p>\n<p>Une hygi\u00e8ne et une st\u00e9rilisation ad\u00e9quates pendant et apr\u00e8s l&#039;op\u00e9ration minimisent le risque d&#039;infection. La qualit\u00e9 et l&#039;ad\u00e9quation des sutures utilis\u00e9es pr\u00e9viennent les probl\u00e8mes tels que l&#039;ouverture de l&#039;oreille, la protrusion ou la d\u00e9formation. Des pansements postop\u00e9ratoires, un contr\u00f4le ad\u00e9quat des saignements et un suivi postop\u00e9ratoire pr\u00e9viennent la formation d&#039;h\u00e9matomes. Les pansements et les contr\u00f4les postop\u00e9ratoires durent g\u00e9n\u00e9ralement dix jours, et le patient peut reprendre une vie sociale apr\u00e8s le retrait des sutures, le dixi\u00e8me jour. L&#039;utilisation d&#039;un bandage \u00e9lastique pour la t\u00eate uniquement la nuit peut \u00eatre recommand\u00e9e pour de meilleurs r\u00e9sultats.<\/p>\n<p>L&#039;otoplastie est une intervention de chirurgie esth\u00e9tique efficace qui aide les patients \u00e0 se sentir mieux dans leur peau et \u00e0 retrouver une apparence jeune et naturelle. Un examen approfondi et une planification chirurgicale pr\u00e9alable sont essentiels pour r\u00e9pondre aux attentes des patients.<\/p>\n<p>Haut du formulaire<\/p>","protected":false},"excerpt":{"rendered":"<p>Otoplasti, kelime anlam\u0131yla &#8220;kulak esteti\u011fi&#8221; olarak ifade edilen bir cerrahi i\u015flemdir. Bu estetik operasyon, kulak kep\u00e7esinin, yani aurikulan\u0131n \u015feklinin yeniden d\u00fczenlenerek daha do\u011fal ve estetik bir g\u00f6r\u00fcn\u00fcm kazand\u0131r\u0131lmas\u0131 i\u015flemidir. Otoplasti i\u00e7in bir\u00e7ok farkl\u0131 ameliyat tekni\u011fi ve y\u00f6ntemi bulunmaktad\u0131r, ve bu teknikler say\u0131l\u0131 cerrahlar taraf\u0131ndan ba\u015far\u0131yla uygulanabilmektedir. Otoplasti, genellikle kulak \u015feklinden memnun olmayan bireylere y\u00f6nelik bir [&hellip;]<\/p>\n","protected":false},"author":2,"featured_media":0,"parent":0,"menu_order":0,"comment_status":"closed","ping_status":"closed","template":"","meta":{"postBodyMargin":[],"postBodyPadding":[],"postBodyBackground":{"backgroundType":"classic","gradient":""},"footnotes":""},"class_list":["post-13556","page","type-page","status-publish","hentry"],"_links":{"self":[{"href":"https:\/\/seldacenter.com\/fr\/wp-json\/wp\/v2\/pages\/13556","targetHints":{"allow":["GET"]}}],"collection":[{"href":"https:\/\/seldacenter.com\/fr\/wp-json\/wp\/v2\/pages"}],"about":[{"href":"https:\/\/seldacenter.com\/fr\/wp-json\/wp\/v2\/types\/page"}],"author":[{"embeddable":true,"href":"https:\/\/seldacenter.com\/fr\/wp-json\/wp\/v2\/users\/2"}],"replies":[{"embeddable":true,"href":"https:\/\/seldacenter.com\/fr\/wp-json\/wp\/v2\/comments?post=13556"}],"version-history":[{"count":1,"href":"https:\/\/seldacenter.com\/fr\/wp-json\/wp\/v2\/pages\/13556\/revisions"}],"predecessor-version":[{"id":13557,"href":"https:\/\/seldacenter.com\/fr\/wp-json\/wp\/v2\/pages\/13556\/revisions\/13557"}],"wp:attachment":[{"href":"https:\/\/seldacenter.com\/fr\/wp-json\/wp\/v2\/media?parent=13556"}],"curies":[{"name":"wp","href":"https:\/\/api.w.org\/{rel}","templated":true}]}}