{"id":13550,"date":"2024-02-17T16:05:38","date_gmt":"2024-02-17T16:05:38","guid":{"rendered":"https:\/\/seldacenter.com\/yeniyapi\/?page_id=13550"},"modified":"2024-03-02T02:23:04","modified_gmt":"2024-03-02T02:23:04","slug":"mezoterapi-ile-dokulme-tedavisi","status":"publish","type":"page","link":"https:\/\/seldacenter.com\/fr\/mezoterapi-ile-dokulme-tedavisi\/","title":{"rendered":"Traitement de la chute des cheveux par m\u00e9soth\u00e9rapie"},"content":{"rendered":"<div data-elementor-type=\"wp-page\" data-elementor-id=\"13550\" class=\"elementor elementor-13550\" data-elementor-post-type=\"page\">\n\t\t\t\t<section class=\"elementor-section elementor-top-section elementor-element elementor-element-2297a16 elementor-section-boxed elementor-section-height-default elementor-section-height-default\" data-id=\"2297a16\" data-element_type=\"section\">\n\t\t\t\t\t\t<div class=\"elementor-container elementor-column-gap-default\">\n\t\t\t\t\t<div class=\"elementor-column elementor-col-50 elementor-top-column elementor-element elementor-element-22cb27f\" data-id=\"22cb27f\" data-element_type=\"column\" data-settings=\"{&quot;background_background&quot;:&quot;classic&quot;}\">\n\t\t\t<div class=\"elementor-widget-wrap elementor-element-populated\">\n\t\t\t\t\t\t<div class=\"elementor-element elementor-element-e022a3c elementor-widget elementor-widget-image\" data-id=\"e022a3c\" data-element_type=\"widget\" data-widget_type=\"image.default\">\n\t\t\t\t<div class=\"elementor-widget-container\">\n\t\t\t\t\t\t\t\t\t\t\t\t\t\t\t<img fetchpriority=\"high\" decoding=\"async\" width=\"996\" height=\"664\" src=\"https:\/\/seldacenter.com\/wp-content\/uploads\/2024\/03\/woman-getting-hair-loss-treatment-clinic_23-2149152748.jpg\" class=\"attachment-full size-full wp-image-14256\" alt=\"\" srcset=\"https:\/\/seldacenter.com\/wp-content\/uploads\/2024\/03\/woman-getting-hair-loss-treatment-clinic_23-2149152748.jpg 996w, https:\/\/seldacenter.com\/wp-content\/uploads\/2024\/03\/woman-getting-hair-loss-treatment-clinic_23-2149152748-600x400.jpg 600w, https:\/\/seldacenter.com\/wp-content\/uploads\/2024\/03\/woman-getting-hair-loss-treatment-clinic_23-2149152748-300x200.jpg 300w, https:\/\/seldacenter.com\/wp-content\/uploads\/2024\/03\/woman-getting-hair-loss-treatment-clinic_23-2149152748-768x512.jpg 768w\" sizes=\"(max-width: 996px) 100vw, 996px\" \/>\t\t\t\t\t\t\t\t\t\t\t\t\t\t\t<\/div>\n\t\t\t\t<\/div>\n\t\t\t\t\t<\/div>\n\t\t<\/div>\n\t\t\t\t<div class=\"elementor-column elementor-col-50 elementor-top-column elementor-element elementor-element-dda9243\" data-id=\"dda9243\" data-element_type=\"column\">\n\t\t\t<div class=\"elementor-widget-wrap elementor-element-populated\">\n\t\t\t\t\t\t<div class=\"elementor-element elementor-element-7bdcda8 elementor-widget-divider--view-line_text elementor-widget-divider--element-align-left elementor-widget elementor-widget-divider\" data-id=\"7bdcda8\" data-element_type=\"widget\" data-widget_type=\"divider.default\">\n\t\t\t\t<div class=\"elementor-widget-container\">\n\t\t\t\t\t\t\t<div class=\"elementor-divider\">\n\t\t\t<span class=\"elementor-divider-separator\">\n\t\t\t\t\t\t\t<h3 class=\"elementor-divider__text elementor-divider__element\">\n\t\t\t\tm\u00e9soth\u00e9rapie\t\t\t\t<\/h3>\n\t\t\t\t\t\t<\/span>\n\t\t<\/div>\n\t\t\t\t\t\t<\/div>\n\t\t\t\t<\/div>\n\t\t\t\t<div class=\"elementor-element elementor-element-672b118 elementor-align-left elementor-icon-list--layout-traditional elementor-list-item-link-full_width elementor-widget elementor-widget-icon-list\" data-id=\"672b118\" data-element_type=\"widget\" data-widget_type=\"icon-list.default\">\n\t\t\t\t<div class=\"elementor-widget-container\">\n\t\t\t\t\t\t\t<ul class=\"elementor-icon-list-items\">\n\t\t\t\t\t\t\t<li class=\"elementor-icon-list-item\">\n\t\t\t\t\t\t\t\t\t\t\t<span class=\"elementor-icon-list-icon\">\n\t\t\t\t\t\t\t<svg aria-hidden=\"true\" class=\"e-font-icon-svg e-far-hospital\" viewbox=\"0 0 448 512\" xmlns=\"http:\/\/www.w3.org\/2000\/svg\"><path d=\"M128 244v-40c0-6.627 5.373-12 12-12h40c6.627 0 12 5.373 12 12v40c0 6.627-5.373 12-12 12h-40c-6.627 0-12-5.373-12-12zm140 12h40c6.627 0 12-5.373 12-12v-40c0-6.627-5.373-12-12-12h-40c-6.627 0-12 5.373-12 12v40c0 6.627 5.373 12 12 12zm-76 84v-40c0-6.627-5.373-12-12-12h-40c-6.627 0-12 5.373-12 12v40c0 6.627 5.373 12 12 12h40c6.627 0 12-5.373 12-12zm76 12h40c6.627 0 12-5.373 12-12v-40c0-6.627-5.373-12-12-12h-40c-6.627 0-12 5.373-12 12v40c0 6.627 5.373 12 12 12zm180 124v36H0v-36c0-6.627 5.373-12 12-12h19.5V85.035C31.5 73.418 42.245 64 55.5 64H144V24c0-13.255 10.745-24 24-24h112c13.255 0 24 10.745 24 24v40h88.5c13.255 0 24 9.418 24 21.035V464H436c6.627 0 12 5.373 12 12zM79.5 463H192v-67c0-6.627 5.373-12 12-12h40c6.627 0 12 5.373 12 12v67h112.5V112H304v24c0 13.255-10.745 24-24 24H168c-13.255 0-24-10.745-24-24v-24H79.5v351zM266 64h-26V38a6 6 0 0 0-6-6h-20a6 6 0 0 0-6 6v26h-26a6 6 0 0 0-6 6v20a6 6 0 0 0 6 6h26v26a6 6 0 0 0 6 6h20a6 6 0 0 0 6-6V96h26a6 6 0 0 0 6-6V70a6 6 0 0 0-6-6z\"><\/path><\/svg>\t\t\t\t\t\t<\/span>\n\t\t\t\t\t\t\t\t\t\t<span class=\"elementor-icon-list-text\">Dur\u00e9e du s\u00e9jour \u00e0 l&#039;h\u00f4pital\u00a0:\u00a0non obligatoire<\/span>\n\t\t\t\t\t\t\t\t\t<\/li>\n\t\t\t\t\t\t\t\t<li class=\"elementor-icon-list-item\">\n\t\t\t\t\t\t\t\t\t\t\t<span class=\"elementor-icon-list-icon\">\n\t\t\t\t\t\t\t<svg aria-hidden=\"true\" class=\"e-font-icon-svg e-far-clock\" viewbox=\"0 0 512 512\" xmlns=\"http:\/\/www.w3.org\/2000\/svg\"><path d=\"M256 8C119 8 8 119 8 256s111 248 248 248 248-111 248-248S393 8 256 8zm0 448c-110.5 0-200-89.5-200-200S145.5 56 256 56s200 89.5 200 200-89.5 200-200 200zm61.8-104.4l-84.9-61.7c-3.1-2.3-4.9-5.9-4.9-9.7V116c0-6.6 5.4-12 12-12h32c6.6 0 12 5.4 12 12v141.7l66.8 48.6c5.4 3.9 6.5 11.4 2.6 16.8L334.6 349c-3.9 5.3-11.4 6.5-16.8 2.6z\"><\/path><\/svg>\t\t\t\t\t\t<\/span>\n\t\t\t\t\t\t\t\t\t\t<span class=\"elementor-icon-list-text\">Dur\u00e9e de fonctionnement\u00a0: 6 \u00e0 8 heures<\/span>\n\t\t\t\t\t\t\t\t\t<\/li>\n\t\t\t\t\t\t\t\t<li class=\"elementor-icon-list-item\">\n\t\t\t\t\t\t\t\t\t\t\t<span class=\"elementor-icon-list-icon\">\n\t\t\t\t\t\t\t<svg aria-hidden=\"true\" class=\"e-font-icon-svg e-fas-syringe\" viewbox=\"0 0 512 512\" xmlns=\"http:\/\/www.w3.org\/2000\/svg\"><path d=\"M201.5 174.8l55.7 55.8c3.1 3.1 3.1 8.2 0 11.3l-11.3 11.3c-3.1 3.1-8.2 3.1-11.3 0l-55.7-55.8-45.3 45.3 55.8 55.8c3.1 3.1 3.1 8.2 0 11.3l-11.3 11.3c-3.1 3.1-8.2 3.1-11.3 0L111 265.2l-26.4 26.4c-17.3 17.3-25.6 41.1-23 65.4l7.1 63.6L2.3 487c-3.1 3.1-3.1 8.2 0 11.3l11.3 11.3c3.1 3.1 8.2 3.1 11.3 0l66.3-66.3 63.6 7.1c23.9 2.6 47.9-5.4 65.4-23l181.9-181.9-135.7-135.7-64.9 65zm308.2-93.3L430.5 2.3c-3.1-3.1-8.2-3.1-11.3 0l-11.3 11.3c-3.1 3.1-3.1 8.2 0 11.3l28.3 28.3-45.3 45.3-56.6-56.6-17-17c-3.1-3.1-8.2-3.1-11.3 0l-33.9 33.9c-3.1 3.1-3.1 8.2 0 11.3l17 17L424.8 223l17 17c3.1 3.1 8.2 3.1 11.3 0l33.9-34c3.1-3.1 3.1-8.2 0-11.3l-73.5-73.5 45.3-45.3 28.3 28.3c3.1 3.1 8.2 3.1 11.3 0l11.3-11.3c3.1-3.2 3.1-8.2 0-11.4z\"><\/path><\/svg>\t\t\t\t\t\t<\/span>\n\t\t\t\t\t\t\t\t\t\t<span class=\"elementor-icon-list-text\">Anesth\u00e9sie\u00a0: Locale<\/span>\n\t\t\t\t\t\t\t\t\t<\/li>\n\t\t\t\t\t\t\t\t<li class=\"elementor-icon-list-item\">\n\t\t\t\t\t\t\t\t\t\t\t<span class=\"elementor-icon-list-icon\">\n\t\t\t\t\t\t\t<svg aria-hidden=\"true\" class=\"e-font-icon-svg e-far-heart\" viewbox=\"0 0 512 512\" xmlns=\"http:\/\/www.w3.org\/2000\/svg\"><path d=\"M458.4 64.3C400.6 15.7 311.3 23 256 79.3 200.7 23 111.4 15.6 53.6 64.3-21.6 127.6-10.6 230.8 43 285.5l175.4 178.7c10 10.2 23.4 15.9 37.6 15.9 14.3 0 27.6-5.6 37.6-15.8L469 285.6c53.5-54.7 64.7-157.9-10.6-221.3zm-23.6 187.5L259.4 430.5c-2.4 2.4-4.4 2.4-6.8 0L77.2 251.8c-36.5-37.2-43.9-107.6 7.3-150.7 38.9-32.7 98.9-27.8 136.5 10.5l35 35.7 35-35.7c37.8-38.5 97.8-43.2 136.5-10.6 51.1 43.1 43.5 113.9 7.3 150.8z\"><\/path><\/svg>\t\t\t\t\t\t<\/span>\n\t\t\t\t\t\t\t\t\t\t<span class=\"elementor-icon-list-text\">Temps de r\u00e9cup\u00e9ration\u00a0: 6 \u00e0 12\u00a0mois<\/span>\n\t\t\t\t\t\t\t\t\t<\/li>\n\t\t\t\t\t\t<\/ul>\n\t\t\t\t\t\t<\/div>\n\t\t\t\t<\/div>\n\t\t\t\t<div class=\"elementor-element elementor-element-ffd343c elementor-align-justify elementor-widget elementor-widget-button\" data-id=\"ffd343c\" data-element_type=\"widget\" data-widget_type=\"button.default\">\n\t\t\t\t<div class=\"elementor-widget-container\">\n\t\t\t\t\t\t\t\t\t<div class=\"elementor-button-wrapper\">\n\t\t\t\t\t<a class=\"elementor-button elementor-button-link elementor-size-sm elementor-animation-buzz\" href=\"https:\/\/seldacenter.com\/fr\/\">\n\t\t\t\t\t\t<span class=\"elementor-button-content-wrapper\">\n\t\t\t\t\t\t\t\t\t<span class=\"elementor-button-text\">Prenez rendez-vous maintenant<\/span>\n\t\t\t\t\t<\/span>\n\t\t\t\t\t<\/a>\n\t\t\t\t<\/div>\n\t\t\t\t\t\t\t\t<\/div>\n\t\t\t\t<\/div>\n\t\t\t\t\t<\/div>\n\t\t<\/div>\n\t\t\t\t\t<\/div>\n\t\t<\/section>\n\t\t\t\t<section class=\"elementor-section elementor-top-section elementor-element elementor-element-7ad26c02 elementor-section-boxed elementor-section-height-default elementor-section-height-default\" data-id=\"7ad26c02\" data-element_type=\"section\">\n\t\t\t\t\t\t<div class=\"elementor-container elementor-column-gap-default\">\n\t\t\t\t\t<div class=\"elementor-column elementor-col-100 elementor-top-column elementor-element elementor-element-174594de\" data-id=\"174594de\" data-element_type=\"column\">\n\t\t\t<div class=\"elementor-widget-wrap elementor-element-populated\">\n\t\t\t\t\t\t<div class=\"elementor-element elementor-element-6f08925 elementor-widget elementor-widget-text-editor\" data-id=\"6f08925\" data-element_type=\"widget\" data-widget_type=\"text-editor.default\">\n\t\t\t\t<div class=\"elementor-widget-container\"><p>La perte de cheveux est un probl\u00e8me auquel de nombreuses personnes sont confront\u00e9es et elle peut affecter la confiance en soi. Cependant, les m\u00e9thodes de traitement esth\u00e9tique d\u00e9velopp\u00e9es ces derni\u00e8res ann\u00e9es offrent des solutions au probl\u00e8me de la chute des cheveux. La m\u00e9soth\u00e9rapie est l&#039;une de ces m\u00e9thodes et aide \u00e0 r\u00e9duire la chute des cheveux en favorisant la sant\u00e9 des cheveux gr\u00e2ce \u00e0 des vitamines et des min\u00e9raux appliqu\u00e9s directement sur le cuir chevelu.<\/p><p><strong>Qu\u2019est-ce que la m\u00e9soth\u00e9rapie ?<\/strong> La m\u00e9soth\u00e9rapie est une m\u00e9thode de traitement dans laquelle des vitamines, des min\u00e9raux, des acides amin\u00e9s et d&#039;autres nutriments sont inject\u00e9s dans le cuir chevelu. Ces injections visent \u00e0 stimuler les follicules pileux, \u00e0 stimuler la pousse des cheveux et \u00e0 r\u00e9duire leur chute. Ce traitement, g\u00e9n\u00e9ralement r\u00e9alis\u00e9 sous anesth\u00e9sie locale, peut \u00eatre sp\u00e9cifiquement adapt\u00e9 aux besoins de chaque individu.<\/p><p><strong>Avantages de la m\u00e9soth\u00e9rapie :<\/strong><\/p><ul class=\"wp-block-list\"><li><strong>Compl\u00e9ments alimentaires:<\/strong> Les ingr\u00e9dients nutritifs appliqu\u00e9s directement sur le cuir chevelu renforcent les follicules pileux et favorisent la sant\u00e9 des cheveux.<\/li>\n\n<li><strong>Une approche naturelle\u00a0:<\/strong> La m\u00e9soth\u00e9rapie est une option de traitement naturelle car elle fonctionne avec les fluides corporels et les nutriments naturels d&#039;une personne.<\/li>\n\n<li><strong>Effets secondaires minimes\u00a0:<\/strong> Il a g\u00e9n\u00e9ralement des effets secondaires minimes et offre un processus de r\u00e9cup\u00e9ration rapide apr\u00e8s application.<\/li><\/ul><p><strong>Comment le traitement de m\u00e9soth\u00e9rapie est-il appliqu\u00e9 ?<\/strong> Le traitement de m\u00e9soth\u00e9rapie comprend les \u00e9tapes suivantes :<\/p><ol class=\"wp-block-list\"><li><strong>Analyse des cheveux\u00a0:<\/strong> L\u2019\u00e9tat des cheveux et du cuir chevelu de la personne est \u00e9valu\u00e9.<\/li>\n\n<li><strong>Injection:<\/strong> Le sp\u00e9cialiste injecte un s\u00e9rum contenant des vitamines, des min\u00e9raux et d\u2019autres nutriments dans le cuir chevelu \u00e0 l\u2019aide de fines aiguilles.<\/li>\n\n<li><strong>Avertissement et animation\u00a0:<\/strong> Les substances inject\u00e9es stimulent les follicules pileux et les revitalisent.<\/li><\/ol><p><strong>M\u00e9soth\u00e9rapie et questions fr\u00e9quemment pos\u00e9es\u00a0:<\/strong><\/p><p><strong>1. Le traitement de m\u00e9soth\u00e9rapie est-il douloureux ?<\/strong><\/p><ul class=\"wp-block-list\"><li>Il peut g\u00e9n\u00e9ralement y avoir un l\u00e9ger inconfort pendant l\u2019intervention, mais cela reste tol\u00e9rable.<\/li><\/ul><p><strong>2. Combien de s\u00e9ances sont n\u00e9cessaires ?<\/strong><\/p><ul class=\"wp-block-list\"><li>Le plan de traitement d\u00e9pend de l\u2019\u00e9tat des cheveux et des objectifs de la personne. Une s\u00e9rie de s\u00e9ances est g\u00e9n\u00e9ralement recommand\u00e9e.<\/li><\/ul><p><strong>3. Quand les r\u00e9sultats de la m\u00e9soth\u00e9rapie sont-ils visibles\u00a0?<\/strong><\/p><ul class=\"wp-block-list\"><li>Les r\u00e9sultats peuvent varier d&#039;une personne \u00e0 l&#039;autre, mais sont g\u00e9n\u00e9ralement visibles apr\u00e8s quelques s\u00e9ances.<\/li><\/ul><p><strong>4. \u00c0 qui ne convient-il pas ?<\/strong><\/p><ul class=\"wp-block-list\"><li>La m\u00e9soth\u00e9rapie peut ne pas convenir aux femmes enceintes, \u00e0 celles souffrant de probl\u00e8mes de coagulation sanguine ou de certaines maladies de peau.<\/li><\/ul><p><strong>5. La m\u00e9soth\u00e9rapie est-elle une solution permanente ?<\/strong><\/p><ul class=\"wp-block-list\"><li>La m\u00e9soth\u00e9rapie est une m\u00e9thode de traitement qui doit \u00eatre r\u00e9p\u00e9t\u00e9e \u00e0 intervalles r\u00e9guliers.<\/li><\/ul><p><strong>Conclusion:<\/strong> La m\u00e9soth\u00e9rapie offre une option de traitement s\u00fbre et efficace pour les personnes souffrant de perte de cheveux. Cette m\u00e9thode qui adopte une approche naturelle est une solution innovante pour celles qui souhaitent retrouver la beaut\u00e9 de leurs cheveux.<\/p><\/div>\n\t\t\t\t<\/div>\n\t\t\t\t\t<\/div>\n\t\t<\/div>\n\t\t\t\t\t<\/div>\n\t\t<\/section>\t\t<\/div>","protected":false},"excerpt":{"rendered":"<p>Mezoterapi Hastanede Kal\u0131\u015f S\u00fcresi: Gerekli De\u011fil Operasyon S\u00fcresi: 6-8 Saat Anestezi: Lokal \u0130yile\u015fme S\u00fcresi: 6-12 Ay Hemen Randevu Al\u0131n Sa\u00e7 d\u00f6k\u00fclmesi, bir\u00e7ok ki\u015finin kar\u015f\u0131la\u015ft\u0131\u011f\u0131 bir sorundur ve bu durum, ki\u015finin \u00f6zg\u00fcvenini etkileyebilir. Ancak, son y\u0131llarda geli\u015ftirilen estetik tedavi y\u00f6ntemleri, sa\u00e7 d\u00f6k\u00fclmesi sorununa \u00e7\u00f6z\u00fcm sunmaktad\u0131r. Mezoterapi, bu y\u00f6ntemlerden biridir ve sa\u00e7 derisine do\u011frudan uygulanan vitamin ve [&hellip;]<\/p>\n","protected":false},"author":2,"featured_media":0,"parent":0,"menu_order":0,"comment_status":"closed","ping_status":"closed","template":"","meta":{"postBodyMargin":[],"postBodyPadding":[],"postBodyBackground":{"backgroundType":"classic","gradient":""},"footnotes":""},"class_list":["post-13550","page","type-page","status-publish","hentry"],"_links":{"self":[{"href":"https:\/\/seldacenter.com\/fr\/wp-json\/wp\/v2\/pages\/13550","targetHints":{"allow":["GET"]}}],"collection":[{"href":"https:\/\/seldacenter.com\/fr\/wp-json\/wp\/v2\/pages"}],"about":[{"href":"https:\/\/seldacenter.com\/fr\/wp-json\/wp\/v2\/types\/page"}],"author":[{"embeddable":true,"href":"https:\/\/seldacenter.com\/fr\/wp-json\/wp\/v2\/users\/2"}],"replies":[{"embeddable":true,"href":"https:\/\/seldacenter.com\/fr\/wp-json\/wp\/v2\/comments?post=13550"}],"version-history":[{"count":13,"href":"https:\/\/seldacenter.com\/fr\/wp-json\/wp\/v2\/pages\/13550\/revisions"}],"predecessor-version":[{"id":14259,"href":"https:\/\/seldacenter.com\/fr\/wp-json\/wp\/v2\/pages\/13550\/revisions\/14259"}],"wp:attachment":[{"href":"https:\/\/seldacenter.com\/fr\/wp-json\/wp\/v2\/media?parent=13550"}],"curies":[{"name":"wp","href":"https:\/\/api.w.org\/{rel}","templated":true}]}}