{"id":13548,"date":"2024-02-17T16:03:02","date_gmt":"2024-02-17T16:03:02","guid":{"rendered":"https:\/\/seldacenter.com\/yeniyapi\/?page_id=13548"},"modified":"2024-03-01T20:59:57","modified_gmt":"2024-03-01T20:59:57","slug":"prp-ile-sac-dokulmesi-tedavisi","status":"publish","type":"page","link":"https:\/\/seldacenter.com\/fr\/prp-ile-sac-dokulmesi-tedavisi\/","title":{"rendered":"Traitement de la perte de cheveux avec PRP"},"content":{"rendered":"<div data-elementor-type=\"wp-page\" data-elementor-id=\"13548\" class=\"elementor elementor-13548\" data-elementor-post-type=\"page\">\n\t\t\t\t\t\t<section class=\"elementor-section elementor-top-section elementor-element elementor-element-ccbdd62 elementor-section-boxed elementor-section-height-default elementor-section-height-default\" data-id=\"ccbdd62\" data-element_type=\"section\">\n\t\t\t\t\t\t<div class=\"elementor-container elementor-column-gap-default\">\n\t\t\t\t\t<div class=\"elementor-column elementor-col-50 elementor-top-column elementor-element elementor-element-72c04d4\" data-id=\"72c04d4\" data-element_type=\"column\" data-settings=\"{&quot;background_background&quot;:&quot;classic&quot;}\">\n\t\t\t<div class=\"elementor-widget-wrap elementor-element-populated\">\n\t\t\t\t\t\t<div class=\"elementor-element elementor-element-a154103 elementor-widget elementor-widget-image\" data-id=\"a154103\" data-element_type=\"widget\" data-widget_type=\"image.default\">\n\t\t\t\t<div class=\"elementor-widget-container\">\n\t\t\t\t\t\t\t\t\t\t\t\t\t\t\t<img fetchpriority=\"high\" decoding=\"async\" width=\"1000\" height=\"667\" src=\"https:\/\/seldacenter.com\/wp-content\/uploads\/2024\/03\/2608654.jpg\" class=\"attachment-full size-full wp-image-14124\" alt=\"\" srcset=\"https:\/\/seldacenter.com\/wp-content\/uploads\/2024\/03\/2608654.jpg 1000w, https:\/\/seldacenter.com\/wp-content\/uploads\/2024\/03\/2608654-600x400.jpg 600w, https:\/\/seldacenter.com\/wp-content\/uploads\/2024\/03\/2608654-300x200.jpg 300w, https:\/\/seldacenter.com\/wp-content\/uploads\/2024\/03\/2608654-768x512.jpg 768w\" sizes=\"(max-width: 1000px) 100vw, 1000px\" \/>\t\t\t\t\t\t\t\t\t\t\t\t\t\t\t<\/div>\n\t\t\t\t<\/div>\n\t\t\t\t\t<\/div>\n\t\t<\/div>\n\t\t\t\t<div class=\"elementor-column elementor-col-50 elementor-top-column elementor-element elementor-element-60a5e96\" data-id=\"60a5e96\" data-element_type=\"column\">\n\t\t\t<div class=\"elementor-widget-wrap elementor-element-populated\">\n\t\t\t\t\t\t<div class=\"elementor-element elementor-element-5423c32 elementor-widget-divider--view-line_text elementor-widget-divider--element-align-left elementor-widget elementor-widget-divider\" data-id=\"5423c32\" data-element_type=\"widget\" data-widget_type=\"divider.default\">\n\t\t\t\t<div class=\"elementor-widget-container\">\n\t\t\t\t\t\t\t<div class=\"elementor-divider\">\n\t\t\t<span class=\"elementor-divider-separator\">\n\t\t\t\t\t\t\t<h3 class=\"elementor-divider__text elementor-divider__element\">\n\t\t\t\tTraitement PRP\t\t\t\t<\/h3>\n\t\t\t\t\t\t<\/span>\n\t\t<\/div>\n\t\t\t\t\t\t<\/div>\n\t\t\t\t<\/div>\n\t\t\t\t<div class=\"elementor-element elementor-element-c36589e elementor-align-left elementor-icon-list--layout-traditional elementor-list-item-link-full_width elementor-widget elementor-widget-icon-list\" data-id=\"c36589e\" data-element_type=\"widget\" data-widget_type=\"icon-list.default\">\n\t\t\t\t<div class=\"elementor-widget-container\">\n\t\t\t\t\t\t\t<ul class=\"elementor-icon-list-items\">\n\t\t\t\t\t\t\t<li class=\"elementor-icon-list-item\">\n\t\t\t\t\t\t\t\t\t\t\t<span class=\"elementor-icon-list-icon\">\n\t\t\t\t\t\t\t<svg aria-hidden=\"true\" class=\"e-font-icon-svg e-far-hospital\" viewbox=\"0 0 448 512\" xmlns=\"http:\/\/www.w3.org\/2000\/svg\"><path d=\"M128 244v-40c0-6.627 5.373-12 12-12h40c6.627 0 12 5.373 12 12v40c0 6.627-5.373 12-12 12h-40c-6.627 0-12-5.373-12-12zm140 12h40c6.627 0 12-5.373 12-12v-40c0-6.627-5.373-12-12-12h-40c-6.627 0-12 5.373-12 12v40c0 6.627 5.373 12 12 12zm-76 84v-40c0-6.627-5.373-12-12-12h-40c-6.627 0-12 5.373-12 12v40c0 6.627 5.373 12 12 12h40c6.627 0 12-5.373 12-12zm76 12h40c6.627 0 12-5.373 12-12v-40c0-6.627-5.373-12-12-12h-40c-6.627 0-12 5.373-12 12v40c0 6.627 5.373 12 12 12zm180 124v36H0v-36c0-6.627 5.373-12 12-12h19.5V85.035C31.5 73.418 42.245 64 55.5 64H144V24c0-13.255 10.745-24 24-24h112c13.255 0 24 10.745 24 24v40h88.5c13.255 0 24 9.418 24 21.035V464H436c6.627 0 12 5.373 12 12zM79.5 463H192v-67c0-6.627 5.373-12 12-12h40c6.627 0 12 5.373 12 12v67h112.5V112H304v24c0 13.255-10.745 24-24 24H168c-13.255 0-24-10.745-24-24v-24H79.5v351zM266 64h-26V38a6 6 0 0 0-6-6h-20a6 6 0 0 0-6 6v26h-26a6 6 0 0 0-6 6v20a6 6 0 0 0 6 6h26v26a6 6 0 0 0 6 6h20a6 6 0 0 0 6-6V96h26a6 6 0 0 0 6-6V70a6 6 0 0 0-6-6z\"><\/path><\/svg>\t\t\t\t\t\t<\/span>\n\t\t\t\t\t\t\t\t\t\t<span class=\"elementor-icon-list-text\">Dur\u00e9e du s\u00e9jour \u00e0 l&#039;h\u00f4pital\u00a0:\u00a0non obligatoire<\/span>\n\t\t\t\t\t\t\t\t\t<\/li>\n\t\t\t\t\t\t\t\t<li class=\"elementor-icon-list-item\">\n\t\t\t\t\t\t\t\t\t\t\t<span class=\"elementor-icon-list-icon\">\n\t\t\t\t\t\t\t<svg aria-hidden=\"true\" class=\"e-font-icon-svg e-far-clock\" viewbox=\"0 0 512 512\" xmlns=\"http:\/\/www.w3.org\/2000\/svg\"><path d=\"M256 8C119 8 8 119 8 256s111 248 248 248 248-111 248-248S393 8 256 8zm0 448c-110.5 0-200-89.5-200-200S145.5 56 256 56s200 89.5 200 200-89.5 200-200 200zm61.8-104.4l-84.9-61.7c-3.1-2.3-4.9-5.9-4.9-9.7V116c0-6.6 5.4-12 12-12h32c6.6 0 12 5.4 12 12v141.7l66.8 48.6c5.4 3.9 6.5 11.4 2.6 16.8L334.6 349c-3.9 5.3-11.4 6.5-16.8 2.6z\"><\/path><\/svg>\t\t\t\t\t\t<\/span>\n\t\t\t\t\t\t\t\t\t\t<span class=\"elementor-icon-list-text\">Dur\u00e9e de fonctionnement\u00a0: 6 \u00e0 8 heures<\/span>\n\t\t\t\t\t\t\t\t\t<\/li>\n\t\t\t\t\t\t\t\t<li class=\"elementor-icon-list-item\">\n\t\t\t\t\t\t\t\t\t\t\t<span class=\"elementor-icon-list-icon\">\n\t\t\t\t\t\t\t<svg aria-hidden=\"true\" class=\"e-font-icon-svg e-fas-syringe\" viewbox=\"0 0 512 512\" xmlns=\"http:\/\/www.w3.org\/2000\/svg\"><path d=\"M201.5 174.8l55.7 55.8c3.1 3.1 3.1 8.2 0 11.3l-11.3 11.3c-3.1 3.1-8.2 3.1-11.3 0l-55.7-55.8-45.3 45.3 55.8 55.8c3.1 3.1 3.1 8.2 0 11.3l-11.3 11.3c-3.1 3.1-8.2 3.1-11.3 0L111 265.2l-26.4 26.4c-17.3 17.3-25.6 41.1-23 65.4l7.1 63.6L2.3 487c-3.1 3.1-3.1 8.2 0 11.3l11.3 11.3c3.1 3.1 8.2 3.1 11.3 0l66.3-66.3 63.6 7.1c23.9 2.6 47.9-5.4 65.4-23l181.9-181.9-135.7-135.7-64.9 65zm308.2-93.3L430.5 2.3c-3.1-3.1-8.2-3.1-11.3 0l-11.3 11.3c-3.1 3.1-3.1 8.2 0 11.3l28.3 28.3-45.3 45.3-56.6-56.6-17-17c-3.1-3.1-8.2-3.1-11.3 0l-33.9 33.9c-3.1 3.1-3.1 8.2 0 11.3l17 17L424.8 223l17 17c3.1 3.1 8.2 3.1 11.3 0l33.9-34c3.1-3.1 3.1-8.2 0-11.3l-73.5-73.5 45.3-45.3 28.3 28.3c3.1 3.1 8.2 3.1 11.3 0l11.3-11.3c3.1-3.2 3.1-8.2 0-11.4z\"><\/path><\/svg>\t\t\t\t\t\t<\/span>\n\t\t\t\t\t\t\t\t\t\t<span class=\"elementor-icon-list-text\">Anesth\u00e9sie\u00a0: Locale<\/span>\n\t\t\t\t\t\t\t\t\t<\/li>\n\t\t\t\t\t\t\t\t<li class=\"elementor-icon-list-item\">\n\t\t\t\t\t\t\t\t\t\t\t<span class=\"elementor-icon-list-icon\">\n\t\t\t\t\t\t\t<svg aria-hidden=\"true\" class=\"e-font-icon-svg e-far-heart\" viewbox=\"0 0 512 512\" xmlns=\"http:\/\/www.w3.org\/2000\/svg\"><path d=\"M458.4 64.3C400.6 15.7 311.3 23 256 79.3 200.7 23 111.4 15.6 53.6 64.3-21.6 127.6-10.6 230.8 43 285.5l175.4 178.7c10 10.2 23.4 15.9 37.6 15.9 14.3 0 27.6-5.6 37.6-15.8L469 285.6c53.5-54.7 64.7-157.9-10.6-221.3zm-23.6 187.5L259.4 430.5c-2.4 2.4-4.4 2.4-6.8 0L77.2 251.8c-36.5-37.2-43.9-107.6 7.3-150.7 38.9-32.7 98.9-27.8 136.5 10.5l35 35.7 35-35.7c37.8-38.5 97.8-43.2 136.5-10.6 51.1 43.1 43.5 113.9 7.3 150.8z\"><\/path><\/svg>\t\t\t\t\t\t<\/span>\n\t\t\t\t\t\t\t\t\t\t<span class=\"elementor-icon-list-text\">Temps de r\u00e9cup\u00e9ration\u00a0: 6 \u00e0 12\u00a0mois<\/span>\n\t\t\t\t\t\t\t\t\t<\/li>\n\t\t\t\t\t\t<\/ul>\n\t\t\t\t\t\t<\/div>\n\t\t\t\t<\/div>\n\t\t\t\t<div class=\"elementor-element elementor-element-e69646e elementor-align-justify elementor-widget elementor-widget-button\" data-id=\"e69646e\" data-element_type=\"widget\" data-widget_type=\"button.default\">\n\t\t\t\t<div class=\"elementor-widget-container\">\n\t\t\t\t\t\t\t\t\t<div class=\"elementor-button-wrapper\">\n\t\t\t\t\t<a class=\"elementor-button elementor-button-link elementor-size-sm elementor-animation-buzz\" href=\"https:\/\/seldacenter.com\/fr\/\">\n\t\t\t\t\t\t<span class=\"elementor-button-content-wrapper\">\n\t\t\t\t\t\t\t\t\t<span class=\"elementor-button-text\">Prenez rendez-vous maintenant<\/span>\n\t\t\t\t\t<\/span>\n\t\t\t\t\t<\/a>\n\t\t\t\t<\/div>\n\t\t\t\t\t\t\t\t<\/div>\n\t\t\t\t<\/div>\n\t\t\t\t\t<\/div>\n\t\t<\/div>\n\t\t\t\t\t<\/div>\n\t\t<\/section>\n\t\t\t\t<section class=\"elementor-section elementor-top-section elementor-element elementor-element-2b0931b4 elementor-section-boxed elementor-section-height-default elementor-section-height-default\" data-id=\"2b0931b4\" data-element_type=\"section\">\n\t\t\t\t\t\t<div class=\"elementor-container elementor-column-gap-default\">\n\t\t\t\t\t<div class=\"elementor-column elementor-col-100 elementor-top-column elementor-element elementor-element-37dc612e\" data-id=\"37dc612e\" data-element_type=\"column\">\n\t\t\t<div class=\"elementor-widget-wrap elementor-element-populated\">\n\t\t\t\t\t\t<div class=\"elementor-element elementor-element-782fb63 elementor-widget elementor-widget-text-editor\" data-id=\"782fb63\" data-element_type=\"widget\" data-widget_type=\"text-editor.default\">\n\t\t\t\t<div class=\"elementor-widget-container\">\n\t\t\t\t\t\t\t\t\tDes cheveux \u00e9pais, sains et brillants sont essentiels pour embellir l&#039;apparence. Cependant, de nombreuses personnes souffrant de perte ou de clairsemage capillaire pour diverses raisons ont recours \u00e0 diverses m\u00e9thodes pour revitaliser leur chevelure et retrouver l&#039;apparence saine qu&#039;elles ont perdue. L&#039;une de ces m\u00e9thodes est le traitement au plasma riche en plaquettes (PRP).\n\n<strong>Qu&#039;est-ce que le PRP ?<\/strong> Le plasma riche en plaquettes (PRP) est une m\u00e9thode de traitement qui consiste \u00e0 injecter dans le cuir chevelu un s\u00e9rum obtenu \u00e0 partir du sang du patient. Ce s\u00e9rum vise \u00e0 revitaliser les follicules pileux et \u00e0 favoriser la croissance des cheveux gr\u00e2ce \u00e0 sa forte teneur en plaquettes.\n\n<strong>Avantages du traitement PRP :<\/strong>\n<ul>\n \t<li><strong>Une approche naturelle\u00a0:<\/strong> Le traitement PRP est une m\u00e9thode naturelle car il utilise le sang du patient. Il est g\u00e9n\u00e9ralement bien tol\u00e9r\u00e9 par l&#039;organisme.<\/li>\n \t<li><strong>Revitalisation des follicules pileux :<\/strong> Une teneur \u00e9lev\u00e9e en plaquettes stimule les follicules pileux, favorisant ainsi la croissance des cheveux.<\/li>\n \t<li><strong>Effets secondaires minimes\u00a0:<\/strong> Cela implique g\u00e9n\u00e9ralement des effets secondaires minimes et offre un processus de r\u00e9cup\u00e9ration rapide apr\u00e8s la proc\u00e9dure.<\/li>\n<\/ul>\n<strong>Comment le traitement PRP est-il appliqu\u00e9 ?<\/strong> Le traitement PRP comprend les \u00e9tapes suivantes :\n<ol>\n \t<li><strong>Collecte de sang :<\/strong> Une petite quantit\u00e9 de sang est pr\u00e9lev\u00e9e sur le patient.<\/li>\n \t<li><strong>Traitement du sang :<\/strong> Le sang collect\u00e9 est trait\u00e9 dans une centrifugeuse sp\u00e9ciale et le taux de plaquettes est augment\u00e9.<\/li>\n \t<li><strong>Injection de PRP :<\/strong> Le s\u00e9rum PRP obtenu est inject\u00e9 dans le cuir chevelu \u00e0 l\u2019aide d\u2019une aiguille fine.<\/li>\n<\/ol>\n<strong>\u00c0 qui convient-il ?<\/strong> Le traitement PRP peut \u00eatre une option pour les personnes qui :\n<ul>\n \t<li>Ceux qui souffrent de perte ou d\u2019amincissement des cheveux.<\/li>\n \t<li>Ceux qui perdent la qualit\u00e9 de leurs cheveux en raison de facteurs g\u00e9n\u00e9tiques.<\/li>\n \t<li>Ceux qui veulent pr\u00e9venir ou arr\u00eater la chute des cheveux.<\/li>\n<\/ul>\n<strong>Traitement PRP et questions fr\u00e9quemment pos\u00e9es\u00a0:<\/strong>\n\n<strong>1. Le traitement PRP est-il douloureux ?<\/strong>\n<ul>\n \t<li>Il peut y avoir un l\u00e9ger inconfort pendant la proc\u00e9dure, mais c&#039;est g\u00e9n\u00e9ralement une exp\u00e9rience tol\u00e9rable.<\/li>\n<\/ul>\n<strong>2. Combien de s\u00e9ances sont n\u00e9cessaires ?<\/strong>\n<ul>\n \t<li>Le plan de traitement d\u00e9pend des besoins de chaque personne. Une s\u00e9rie de s\u00e9ances est g\u00e9n\u00e9ralement recommand\u00e9e.<\/li>\n<\/ul>\n<strong>3. \u00c0 quoi ressemble le processus de r\u00e9cup\u00e9ration ?<\/strong>\n<ul>\n \t<li>Le processus de gu\u00e9rison est g\u00e9n\u00e9ralement rapide. Apr\u00e8s l&#039;intervention, la personne peut reprendre ses activit\u00e9s quotidiennes normales imm\u00e9diatement.<\/li>\n<\/ul>\n<strong>4. Quand recevrai-je les r\u00e9sultats ?<\/strong>\n<ul>\n \t<li>Les r\u00e9sultats peuvent varier d\u2019une personne \u00e0 l\u2019autre, mais sont g\u00e9n\u00e9ralement visibles au bout de quelques mois.<\/li>\n<\/ul>\n<strong>5. Qui n\u2019est pas adapt\u00e9 au traitement PRP\u00a0?<\/strong>\n<ul>\n \t<li>Le traitement PRP peut ne pas convenir aux femmes enceintes, aux personnes souffrant de probl\u00e8mes de coagulation sanguine et aux personnes atteintes de certaines maladies de peau.<\/li>\n<\/ul>\n<strong>Conclusion:<\/strong> Le traitement PRP offre une solution innovante \u00e0 celles et ceux qui souhaitent revitaliser et soutenir la sant\u00e9 de leurs cheveux. Cette m\u00e9thode naturelle, peu risqu\u00e9e et efficace vise \u00e0 am\u00e9liorer l&#039;esth\u00e9tique de leurs cheveux.\t\t\t\t\t\t\t\t<\/div>\n\t\t\t\t<\/div>\n\t\t\t\t\t<\/div>\n\t\t<\/div>\n\t\t\t\t\t<\/div>\n\t\t<\/section>\n\t\t\t\t<\/div>","protected":false},"excerpt":{"rendered":"<p>PRP Tedavisi Hastanede Kal\u0131\u015f S\u00fcresi: Gerekli De\u011fil Operasyon S\u00fcresi: 6-8 Saat Anestezi: Lokal \u0130yile\u015fme S\u00fcresi: 6-12 Ay Hemen Randevu Al\u0131n G\u00fcr, sa\u011fl\u0131kl\u0131 ve parlak sa\u00e7lar, bireylerin d\u0131\u015f g\u00f6r\u00fcn\u00fc\u015flerini g\u00fczelle\u015ftiren \u00f6nemli bir \u00f6zelliktir. Ancak \u00e7e\u015fitli nedenlerle sa\u00e7 d\u00f6k\u00fclmesi veya seyreklik ya\u015fayan bir\u00e7ok ki\u015fi, sa\u00e7 g\u00fczelliklerini canland\u0131rmak ve kaybettikleri sa\u011fl\u0131kl\u0131 g\u00f6r\u00fcn\u00fcm\u00fc geri kazanmak i\u00e7in \u00e7e\u015fitli y\u00f6ntemlere ba\u015fvurur. [&hellip;]<\/p>\n","protected":false},"author":2,"featured_media":0,"parent":0,"menu_order":0,"comment_status":"closed","ping_status":"closed","template":"","meta":{"postBodyMargin":[],"postBodyPadding":[],"postBodyBackground":{"backgroundType":"classic","gradient":""},"footnotes":""},"class_list":["post-13548","page","type-page","status-publish","hentry"],"_links":{"self":[{"href":"https:\/\/seldacenter.com\/fr\/wp-json\/wp\/v2\/pages\/13548","targetHints":{"allow":["GET"]}}],"collection":[{"href":"https:\/\/seldacenter.com\/fr\/wp-json\/wp\/v2\/pages"}],"about":[{"href":"https:\/\/seldacenter.com\/fr\/wp-json\/wp\/v2\/types\/page"}],"author":[{"embeddable":true,"href":"https:\/\/seldacenter.com\/fr\/wp-json\/wp\/v2\/users\/2"}],"replies":[{"embeddable":true,"href":"https:\/\/seldacenter.com\/fr\/wp-json\/wp\/v2\/comments?post=13548"}],"version-history":[{"count":13,"href":"https:\/\/seldacenter.com\/fr\/wp-json\/wp\/v2\/pages\/13548\/revisions"}],"predecessor-version":[{"id":14127,"href":"https:\/\/seldacenter.com\/fr\/wp-json\/wp\/v2\/pages\/13548\/revisions\/14127"}],"wp:attachment":[{"href":"https:\/\/seldacenter.com\/fr\/wp-json\/wp\/v2\/media?parent=13548"}],"curies":[{"name":"wp","href":"https:\/\/api.w.org\/{rel}","templated":true}]}}