{"id":13546,"date":"2024-02-17T16:02:26","date_gmt":"2024-02-17T16:02:26","guid":{"rendered":"https:\/\/seldacenter.com\/yeniyapi\/?page_id=13546"},"modified":"2024-02-17T16:02:27","modified_gmt":"2024-02-17T16:02:27","slug":"sac-lazeri-nedir","status":"publish","type":"page","link":"https:\/\/seldacenter.com\/fr\/sac-lazeri-nedir\/","title":{"rendered":"Qu\u2019est-ce que le laser capillaire ?"},"content":{"rendered":"<p>Les cheveux sont un \u00e9l\u00e9ment important qui d\u00e9termine l\u2019apparence esth\u00e9tique des femmes et des hommes. Cependant, les conditions malsaines provoqu\u00e9es par la vie moderne, le stress, les facteurs g\u00e9n\u00e9tiques et divers probl\u00e8mes de sant\u00e9 peuvent provoquer la chute des cheveux. La perte de cheveux peut r\u00e9duire la qualit\u00e9 de vie des personnes en affectant leur motivation et leur confiance en soi. \u00c0 ce stade, le traitement au laser capillaire offre une solution efficace pour ceux qui souhaitent renforcer leurs cheveux et stopper leur chute.<\/p>\n<p><strong>Qu\u2019est-ce que le laser capillaire ?<\/strong><\/p>\n<p>Le laser capillaire est une m\u00e9thode de traitement qui am\u00e9liore la circulation sanguine au niveau des cheveux gr\u00e2ce \u00e0 des appareils laser issus de la technologie moderne, permettant ainsi une repousse plus forte et plus saine. Cette m\u00e9thode offre une solution efficace contre la chute des cheveux en stimulant la repousse des cheveux dans les zones chauves.<\/p>\n<p>Le traitement au laser capillaire stimule les follicules pileux en appliquant une lumi\u00e8re laser de faible intensit\u00e9 ou une lumi\u00e8re LED sur le cuir chevelu. Cette stimulation augmente l&#039;activit\u00e9 cellulaire, acc\u00e9l\u00e8re la circulation sanguine et revitalise les follicules pileux, r\u00e9duisant ainsi la chute des cheveux. Il \u00e9paissit \u00e9galement les cheveux clairsem\u00e9s et favorise une apparence saine.<\/p>\n<p><strong>Comment le traitement au laser capillaire est-il appliqu\u00e9 ?<\/strong><\/p>\n<p>Le traitement au laser capillaire comprend les \u00e9tapes suivantes :<\/p>\n<ol>\n<li><strong>Consultation et analyse capillaire :<\/strong> La structure capillaire et le degr\u00e9 de chute de la personne sont \u00e9valu\u00e9s par un dermatologue sp\u00e9cialis\u00e9.<\/li>\n<li><strong>Planification du traitement\u00a0:<\/strong> Un plan de traitement personnalis\u00e9 est d\u00e9termin\u00e9 sur la base de l&#039;analyse des cheveux. Le nombre et la fr\u00e9quence des s\u00e9ances sont d\u00e9termin\u00e9s.<\/li>\n<li><strong>Pr\u00e9paration:<\/strong> La zone capillaire est nettoy\u00e9e et un s\u00e9rum qui acc\u00e9l\u00e8re la nutrition des cheveux est appliqu\u00e9 en ouvrant de minuscules canaux avec un dermapen.<\/li>\n<li><strong>Applications laser\u00a0:<\/strong> La circulation sanguine est augment\u00e9e en appliquant des faisceaux laser sur les capillaires dysfonctionnels sous le cuir chevelu.<\/li>\n<li><strong>Ach\u00e8vement et entretien\u00a0:<\/strong> Apr\u00e8s l&#039;application, du dermapen et du s\u00e9rum sont utilis\u00e9s pour augmenter l&#039;efficacit\u00e9 de l&#039;application laser.<\/li>\n<li><strong>Dur\u00e9e et fr\u00e9quence des s\u00e9ances\u00a0:<\/strong> Dans un premier temps, il est appliqu\u00e9 en s\u00e9ances de 20 minutes deux fois par semaine. Des r\u00e9sultats visibles peuvent \u00eatre obtenus apr\u00e8s 10 s\u00e9ances au total.<\/li>\n<\/ol>\n<p><strong>Traitement au laser capillaire et avantages\u00a0:<\/strong><\/p>\n<ul>\n<li><strong>Indolore et s\u00fbr\u00a0:<\/strong> Le traitement au laser capillaire est une proc\u00e9dure indolore et entra\u00eene g\u00e9n\u00e9ralement des effets secondaires minimes.<\/li>\n<li><strong>Cheveux \u00e9pais et brillants :<\/strong> Le traitement favorise la formation de cheveux \u00e9pais et brillants en renfor\u00e7ant les follicules pileux.<\/li>\n<li><strong>Utilisation combin\u00e9e avec la greffe de cheveux\u00a0:<\/strong> Le traitement au laser capillaire peut aider \u00e0 obtenir des r\u00e9sultats plus efficaces en l\u2019utilisant avant et apr\u00e8s la greffe de cheveux.<\/li>\n<\/ul>\n<p><strong>Traitement au laser capillaire et femmes\u00a0:<\/strong><\/p>\n<p>La perte de cheveux chez la femme est g\u00e9n\u00e9ralement due \u00e0 des facteurs g\u00e9n\u00e9tiques, hormonaux et nutritionnels. Le traitement au laser capillaire offre une solution efficace contre la chute de cheveux chez la femme. Ce traitement permet de stopper la chute, de renforcer et de revitaliser les cheveux. Il peut \u00eatre associ\u00e9 \u00e0 d&#039;autres traitements contre la chute de cheveux et permet de restaurer la sant\u00e9 capillaire chez la femme.<\/p>\n<p>En conclusion, le traitement au laser capillaire est une m\u00e9thode innovante issue des technologies modernes qui permet de lutter contre la chute des cheveux de mani\u00e8re saine, s\u00fbre et efficace. Apr\u00e8s application, la chevelure est visiblement am\u00e9lior\u00e9e et renforc\u00e9e. Il est important de consulter un dermatologue avant tout traitement.<\/p>","protected":false},"excerpt":{"rendered":"<p>Sa\u00e7lar, hem kad\u0131nlar\u0131n hem de erkeklerin estetik g\u00f6r\u00fcn\u00fcmlerini belirleyen \u00f6nemli bir unsurdur. Ancak modern ya\u015fam\u0131n getirdi\u011fi sa\u011fl\u0131ks\u0131z ko\u015fullar, stres, genetik fakt\u00f6rler ve \u00e7e\u015fitli sa\u011fl\u0131k sorunlar\u0131, sa\u00e7 d\u00f6k\u00fclmesine neden olabilmektedir. Sa\u00e7 kayb\u0131, insanlar\u0131n motivasyon ve \u00f6zg\u00fcvenini etkileyerek ya\u015fam kalitelerini d\u00fc\u015f\u00fcrebilir. Bu noktada sa\u00e7 lazeri tedavisi, sa\u00e7lar\u0131 g\u00fc\u00e7lendirmek ve d\u00f6k\u00fclmeyi durdurmak isteyenler i\u00e7in etkili bir \u00e7\u00f6z\u00fcm sunmaktad\u0131r. [&hellip;]<\/p>\n","protected":false},"author":2,"featured_media":0,"parent":0,"menu_order":0,"comment_status":"closed","ping_status":"closed","template":"","meta":{"postBodyMargin":[],"postBodyPadding":[],"postBodyBackground":{"backgroundType":"classic","gradient":""},"footnotes":""},"class_list":["post-13546","page","type-page","status-publish","hentry"],"_links":{"self":[{"href":"https:\/\/seldacenter.com\/fr\/wp-json\/wp\/v2\/pages\/13546","targetHints":{"allow":["GET"]}}],"collection":[{"href":"https:\/\/seldacenter.com\/fr\/wp-json\/wp\/v2\/pages"}],"about":[{"href":"https:\/\/seldacenter.com\/fr\/wp-json\/wp\/v2\/types\/page"}],"author":[{"embeddable":true,"href":"https:\/\/seldacenter.com\/fr\/wp-json\/wp\/v2\/users\/2"}],"replies":[{"embeddable":true,"href":"https:\/\/seldacenter.com\/fr\/wp-json\/wp\/v2\/comments?post=13546"}],"version-history":[{"count":1,"href":"https:\/\/seldacenter.com\/fr\/wp-json\/wp\/v2\/pages\/13546\/revisions"}],"predecessor-version":[{"id":13547,"href":"https:\/\/seldacenter.com\/fr\/wp-json\/wp\/v2\/pages\/13546\/revisions\/13547"}],"wp:attachment":[{"href":"https:\/\/seldacenter.com\/fr\/wp-json\/wp\/v2\/media?parent=13546"}],"curies":[{"name":"wp","href":"https:\/\/api.w.org\/{rel}","templated":true}]}}